{"id":213822,"date":"2015-06-01T15:25:36","date_gmt":"2015-06-01T12:25:36","guid":{"rendered":"http:\/\/vunder-ee.sn25.zone.eu\/lv\/product\/porcelana-krasa-2\/"},"modified":"2015-09-09T15:25:36","modified_gmt":"2015-09-09T12:25:36","slug":"lustras-schjerning","status":"publish","type":"product","link":"https:\/\/hobstop.ee\/lv\/produkts\/lustras-schjerning\/","title":{"rendered":"Lustras Schjerning"},"content":{"rendered":"<p>Schjerning sp\u012bduma kr\u0101sas ir gatavs lieto\u0161anai \u0161\u0137idrs met\u0101la s\u0101\u013cu mais\u012bjums. Rezult\u0101ts p\u0113c karstuma apstr\u0101des ir vis\u0101s varav\u012bksnes kr\u0101s\u0101s vai met\u0101lisks sp\u012bdums. Kr\u0101sas ir savstarp\u0113ji sajaucamas un kl\u0101jamas viena uz otras, tom\u0113r j\u0101izvair\u0101s sajaukt p\u0101r\u0101k daudz to\u0146u, lai saglab\u0101tu spilgtus to\u0146us.<br \/>\nDedzin\u0101\u0161ana: Schjerning sp\u012bduma kr\u0101s\u0101m j\u0101b\u016bt piln\u012bgi no\u017euvu\u0161\u0101m pirms dedzin\u0101\u0161anas. Ies\u0101kum\u0101 dedzin\u0101t neliel\u0101 karstum\u0101; l\u0113n\u0101m kars\u0113t 350\u00b0C temperat\u016br\u0101, p\u0113c tam uz \u012bsu br\u012bdi 550-580\u00b0C stiklam, 700-730\u00b0C fajansam un 780-800\u00b0C porcel\u0101nam. Sp\u012bduma kr\u0101sas uz stikla nav tik izteiktas k\u0101 uz m\u0101la un porcel\u0101na.<\/p>\n","protected":false},"excerpt":{"rendered":"<p>Schjerning sp\u012bduma kr\u0101sas ir gatavs lieto\u0161anai \u0161\u0137idrs met\u0101la s\u0101\u013cu mais\u012bjums. Rezult\u0101ts p\u0113c karstuma apstr\u0101des ir vis\u0101s varav\u012bksnes kr\u0101s\u0101s vai met\u0101lisks sp\u012bdums. Kr\u0101sas ir savstarp\u0113ji sajaucamas un kl\u0101jamas viena uz otras, tom\u0113r j\u0101izvair\u0101s sajaukt p\u0101r\u0101k daudz to\u0146u, lai saglab\u0101tu spilgtus to\u0146us. Dedzin\u0101\u0161ana: Schjerning sp\u012bduma kr\u0101s\u0101m j\u0101b\u016bt piln\u012bgi no\u017euvu\u0161\u0101m pirms dedzin\u0101\u0161anas. Ies\u0101kum\u0101 dedzin\u0101t neliel\u0101 karstum\u0101; l\u0113n\u0101m kars\u0113t 350\u00b0C temperat\u016br\u0101, p\u0113c tam uz \u012bsu br\u012bdi 550-580\u00b0C stiklam, 700-730\u00b0C fajansam un 780-800\u00b0C porcel\u0101nam. Sp\u012bduma kr\u0101sas uz stikla nav tik izteiktas k\u0101 uz m\u0101la un porcel\u0101na.<\/p>\n","protected":false},"featured_media":222315,"comment_status":"closed","ping_status":"closed","template":"","meta":{"_acf_changed":false,"ep_exclude_from_search":false},"product_cat":[17962,18243,17918],"product_tag":[],"class_list":{"0":"post-213822","1":"product","2":"type-product","3":"status-publish","4":"has-post-thumbnail","6":"product_cat-karsejamas-krasas","7":"product_cat-porcelana-krasas","8":"product_cat-preces-hobijiem","10":"first","11":"instock","12":"sale","13":"taxable","14":"shipping-taxable","15":"purchasable","16":"product-type-variable"},"acf":[],"yoast_head":"<!-- This site is optimized with the Yoast SEO plugin v24.1 - https:\/\/yoast.com\/wordpress\/plugins\/seo\/ -->\n<title>Lustras Schjerning &#8211; Skizze<\/title>\n<meta name=\"robots\" content=\"noindex, follow, max-snippet:-1, max-image-preview:large, max-video-preview:-1\" \/>\n<meta property=\"og:locale\" content=\"lv_LV\" \/>\n<meta property=\"og:type\" content=\"article\" \/>\n<meta property=\"og:title\" content=\"Lustras Schjerning &#8211; Skizze\" \/>\n<meta property=\"og:description\" content=\"Schjerning sp\u012bduma kr\u0101sas ir gatavs lieto\u0161anai \u0161\u0137idrs met\u0101la s\u0101\u013cu mais\u012bjums. Rezult\u0101ts p\u0113c karstuma apstr\u0101des ir vis\u0101s varav\u012bksnes kr\u0101s\u0101s vai met\u0101lisks sp\u012bdums. Kr\u0101sas ir savstarp\u0113ji sajaucamas un kl\u0101jamas viena uz otras, tom\u0113r j\u0101izvair\u0101s sajaukt p\u0101r\u0101k daudz to\u0146u, lai saglab\u0101tu spilgtus to\u0146us. Dedzin\u0101\u0161ana: Schjerning sp\u012bduma kr\u0101s\u0101m j\u0101b\u016bt piln\u012bgi no\u017euvu\u0161\u0101m pirms dedzin\u0101\u0161anas. Ies\u0101kum\u0101 dedzin\u0101t neliel\u0101 karstum\u0101; l\u0113n\u0101m kars\u0113t 350\u00b0C temperat\u016br\u0101, p\u0113c tam uz \u012bsu br\u012bdi 550-580\u00b0C stiklam, 700-730\u00b0C fajansam un 780-800\u00b0C porcel\u0101nam. Sp\u012bduma kr\u0101sas uz stikla nav tik izteiktas k\u0101 uz m\u0101la un porcel\u0101na.\" \/>\n<meta property=\"og:url\" content=\"https:\/\/hobstop.ee\/lv\/produkts\/lustras-schjerning\/\" \/>\n<meta property=\"og:site_name\" content=\"Skizze\" \/>\n<meta property=\"article:publisher\" content=\"http:\/\/www.facebook.com\/VunderSkizze\" \/>\n<meta property=\"article:modified_time\" content=\"2015-09-09T12:25:36+00:00\" \/>\n<meta property=\"og:image\" content=\"https:\/\/hobstop.ee\/media\/1512.jpg\" \/>\n\t<meta property=\"og:image:width\" content=\"1024\" \/>\n\t<meta property=\"og:image:height\" content=\"768\" \/>\n\t<meta property=\"og:image:type\" content=\"image\/jpeg\" \/>\n<meta name=\"twitter:card\" content=\"summary_large_image\" \/>\n<meta name=\"twitter:label1\" content=\"Est. reading time\" \/>\n\t<meta name=\"twitter:data1\" content=\"1 min\u016b\u0161u\" \/>\n<script type=\"application\/ld+json\" class=\"yoast-schema-graph\">{\"@context\":\"https:\/\/schema.org\",\"@graph\":[{\"@type\":\"WebPage\",\"@id\":\"https:\/\/hobstop.ee\/lv\/produkts\/lustras-schjerning\/\",\"url\":\"https:\/\/hobstop.ee\/lv\/produkts\/lustras-schjerning\/\",\"name\":\"Lustras Schjerning &#8211; Skizze\",\"isPartOf\":{\"@id\":\"https:\/\/hobstop.ee\/lv\/#website\"},\"primaryImageOfPage\":{\"@id\":\"https:\/\/hobstop.ee\/lv\/produkts\/lustras-schjerning\/#primaryimage\"},\"image\":{\"@id\":\"https:\/\/hobstop.ee\/lv\/produkts\/lustras-schjerning\/#primaryimage\"},\"thumbnailUrl\":\"https:\/\/hobstop.ee\/media\/1512.jpg\",\"datePublished\":\"2015-06-01T12:25:36+00:00\",\"dateModified\":\"2015-09-09T12:25:36+00:00\",\"breadcrumb\":{\"@id\":\"https:\/\/hobstop.ee\/lv\/produkts\/lustras-schjerning\/#breadcrumb\"},\"inLanguage\":\"lv-LV\",\"potentialAction\":[{\"@type\":\"ReadAction\",\"target\":[\"https:\/\/hobstop.ee\/lv\/produkts\/lustras-schjerning\/\"]}]},{\"@type\":\"ImageObject\",\"inLanguage\":\"lv-LV\",\"@id\":\"https:\/\/hobstop.ee\/lv\/produkts\/lustras-schjerning\/#primaryimage\",\"url\":\"https:\/\/hobstop.ee\/media\/1512.jpg\",\"contentUrl\":\"https:\/\/hobstop.ee\/media\/1512.jpg\",\"width\":1024,\"height\":768},{\"@type\":\"BreadcrumbList\",\"@id\":\"https:\/\/hobstop.ee\/lv\/produkts\/lustras-schjerning\/#breadcrumb\",\"itemListElement\":[{\"@type\":\"ListItem\",\"position\":1,\"name\":\"Avaleht\",\"item\":\"https:\/\/www.hobstop.ee\/lv\/\"},{\"@type\":\"ListItem\",\"position\":2,\"name\":\"Veikals\",\"item\":\"https:\/\/www.hobstop.ee\/lv\/veikals\/\"},{\"@type\":\"ListItem\",\"position\":3,\"name\":\"Lustras Schjerning\"}]},{\"@type\":\"WebSite\",\"@id\":\"https:\/\/hobstop.ee\/lv\/#website\",\"url\":\"https:\/\/hobstop.ee\/lv\/\",\"name\":\"Skizze\",\"description\":\"M\u0101kslas, hobiju un skolas preces\",\"publisher\":{\"@id\":\"https:\/\/hobstop.ee\/lv\/#organization\"},\"potentialAction\":[{\"@type\":\"SearchAction\",\"target\":{\"@type\":\"EntryPoint\",\"urlTemplate\":\"https:\/\/hobstop.ee\/lv\/?s={search_term_string}\"},\"query-input\":{\"@type\":\"PropertyValueSpecification\",\"valueRequired\":true,\"valueName\":\"search_term_string\"}}],\"inLanguage\":\"lv-LV\"},{\"@type\":\"Organization\",\"@id\":\"https:\/\/hobstop.ee\/lv\/#organization\",\"name\":\"Vunder AS\",\"url\":\"https:\/\/hobstop.ee\/lv\/\",\"logo\":{\"@type\":\"ImageObject\",\"inLanguage\":\"lv-LV\",\"@id\":\"https:\/\/hobstop.ee\/lv\/#\/schema\/logo\/image\/\",\"url\":\"https:\/\/hobstop.ee\/media\/vunder-logo.png\",\"contentUrl\":\"https:\/\/hobstop.ee\/media\/vunder-logo.png\",\"width\":127,\"height\":55,\"caption\":\"Vunder AS\"},\"image\":{\"@id\":\"https:\/\/hobstop.ee\/lv\/#\/schema\/logo\/image\/\"},\"sameAs\":[\"http:\/\/www.facebook.com\/VunderSkizze\"]}]}<\/script>\n<!-- \/ Yoast SEO plugin. -->","yoast_head_json":{"title":"Lustras Schjerning &#8211; Skizze","robots":{"index":"noindex","follow":"follow","max-snippet":"max-snippet:-1","max-image-preview":"max-image-preview:large","max-video-preview":"max-video-preview:-1"},"og_locale":"lv_LV","og_type":"article","og_title":"Lustras Schjerning &#8211; Skizze","og_description":"Schjerning sp\u012bduma kr\u0101sas ir gatavs lieto\u0161anai \u0161\u0137idrs met\u0101la s\u0101\u013cu mais\u012bjums. Rezult\u0101ts p\u0113c karstuma apstr\u0101des ir vis\u0101s varav\u012bksnes kr\u0101s\u0101s vai met\u0101lisks sp\u012bdums. Kr\u0101sas ir savstarp\u0113ji sajaucamas un kl\u0101jamas viena uz otras, tom\u0113r j\u0101izvair\u0101s sajaukt p\u0101r\u0101k daudz to\u0146u, lai saglab\u0101tu spilgtus to\u0146us. Dedzin\u0101\u0161ana: Schjerning sp\u012bduma kr\u0101s\u0101m j\u0101b\u016bt piln\u012bgi no\u017euvu\u0161\u0101m pirms dedzin\u0101\u0161anas. Ies\u0101kum\u0101 dedzin\u0101t neliel\u0101 karstum\u0101; l\u0113n\u0101m kars\u0113t 350\u00b0C temperat\u016br\u0101, p\u0113c tam uz \u012bsu br\u012bdi 550-580\u00b0C stiklam, 700-730\u00b0C fajansam un 780-800\u00b0C porcel\u0101nam. Sp\u012bduma kr\u0101sas uz stikla nav tik izteiktas k\u0101 uz m\u0101la un porcel\u0101na.","og_url":"https:\/\/hobstop.ee\/lv\/produkts\/lustras-schjerning\/","og_site_name":"Skizze","article_publisher":"http:\/\/www.facebook.com\/VunderSkizze","article_modified_time":"2015-09-09T12:25:36+00:00","og_image":[{"width":1024,"height":768,"url":"https:\/\/hobstop.ee\/media\/1512.jpg","type":"image\/jpeg"}],"twitter_card":"summary_large_image","twitter_misc":{"Est. reading time":"1 min\u016b\u0161u"},"schema":{"@context":"https:\/\/schema.org","@graph":[{"@type":"WebPage","@id":"https:\/\/hobstop.ee\/lv\/produkts\/lustras-schjerning\/","url":"https:\/\/hobstop.ee\/lv\/produkts\/lustras-schjerning\/","name":"Lustras Schjerning &#8211; Skizze","isPartOf":{"@id":"https:\/\/hobstop.ee\/lv\/#website"},"primaryImageOfPage":{"@id":"https:\/\/hobstop.ee\/lv\/produkts\/lustras-schjerning\/#primaryimage"},"image":{"@id":"https:\/\/hobstop.ee\/lv\/produkts\/lustras-schjerning\/#primaryimage"},"thumbnailUrl":"https:\/\/hobstop.ee\/media\/1512.jpg","datePublished":"2015-06-01T12:25:36+00:00","dateModified":"2015-09-09T12:25:36+00:00","breadcrumb":{"@id":"https:\/\/hobstop.ee\/lv\/produkts\/lustras-schjerning\/#breadcrumb"},"inLanguage":"lv-LV","potentialAction":[{"@type":"ReadAction","target":["https:\/\/hobstop.ee\/lv\/produkts\/lustras-schjerning\/"]}]},{"@type":"ImageObject","inLanguage":"lv-LV","@id":"https:\/\/hobstop.ee\/lv\/produkts\/lustras-schjerning\/#primaryimage","url":"https:\/\/hobstop.ee\/media\/1512.jpg","contentUrl":"https:\/\/hobstop.ee\/media\/1512.jpg","width":1024,"height":768},{"@type":"BreadcrumbList","@id":"https:\/\/hobstop.ee\/lv\/produkts\/lustras-schjerning\/#breadcrumb","itemListElement":[{"@type":"ListItem","position":1,"name":"Avaleht","item":"https:\/\/www.hobstop.ee\/lv\/"},{"@type":"ListItem","position":2,"name":"Veikals","item":"https:\/\/www.hobstop.ee\/lv\/veikals\/"},{"@type":"ListItem","position":3,"name":"Lustras Schjerning"}]},{"@type":"WebSite","@id":"https:\/\/hobstop.ee\/lv\/#website","url":"https:\/\/hobstop.ee\/lv\/","name":"Skizze","description":"M\u0101kslas, hobiju un skolas preces","publisher":{"@id":"https:\/\/hobstop.ee\/lv\/#organization"},"potentialAction":[{"@type":"SearchAction","target":{"@type":"EntryPoint","urlTemplate":"https:\/\/hobstop.ee\/lv\/?s={search_term_string}"},"query-input":{"@type":"PropertyValueSpecification","valueRequired":true,"valueName":"search_term_string"}}],"inLanguage":"lv-LV"},{"@type":"Organization","@id":"https:\/\/hobstop.ee\/lv\/#organization","name":"Vunder AS","url":"https:\/\/hobstop.ee\/lv\/","logo":{"@type":"ImageObject","inLanguage":"lv-LV","@id":"https:\/\/hobstop.ee\/lv\/#\/schema\/logo\/image\/","url":"https:\/\/hobstop.ee\/media\/vunder-logo.png","contentUrl":"https:\/\/hobstop.ee\/media\/vunder-logo.png","width":127,"height":55,"caption":"Vunder AS"},"image":{"@id":"https:\/\/hobstop.ee\/lv\/#\/schema\/logo\/image\/"},"sameAs":["http:\/\/www.facebook.com\/VunderSkizze"]}]}},"_links":{"self":[{"href":"https:\/\/hobstop.ee\/lv\/wp-json\/wp\/v2\/product\/213822","targetHints":{"allow":["GET"]}}],"collection":[{"href":"https:\/\/hobstop.ee\/lv\/wp-json\/wp\/v2\/product"}],"about":[{"href":"https:\/\/hobstop.ee\/lv\/wp-json\/wp\/v2\/types\/product"}],"replies":[{"embeddable":true,"href":"https:\/\/hobstop.ee\/lv\/wp-json\/wp\/v2\/comments?post=213822"}],"wp:featuredmedia":[{"embeddable":true,"href":"https:\/\/hobstop.ee\/lv\/wp-json\/wp\/v2\/media\/222315"}],"wp:attachment":[{"href":"https:\/\/hobstop.ee\/lv\/wp-json\/wp\/v2\/media?parent=213822"}],"wp:term":[{"taxonomy":"product_cat","embeddable":true,"href":"https:\/\/hobstop.ee\/lv\/wp-json\/wp\/v2\/product_cat?post=213822"},{"taxonomy":"product_tag","embeddable":true,"href":"https:\/\/hobstop.ee\/lv\/wp-json\/wp\/v2\/product_tag?post=213822"}],"curies":[{"name":"wp","href":"https:\/\/api.w.org\/{rel}","templated":true}]}}