{"id":213950,"date":"2015-06-01T15:26:48","date_gmt":"2015-09-09T12:26:48","guid":{"rendered":"http:\/\/vunder-ee.sn25.zone.eu\/lv\/product\/zida-krasa-deco-silk-50ml-2\/"},"modified":"2015-09-09T15:26:48","modified_gmt":"2015-09-09T12:26:48","slug":"zida-krasa-deco-silk-50ml-2","status":"publish","type":"product","link":"https:\/\/hobstop.ee\/lv\/produkts\/zida-krasa-deco-silk-50ml-2\/","title":{"rendered":"Z\u012bda kr\u0101sa Deco Silk 50ml"},"content":{"rendered":"<p>Kr\u0101sas iepakotas 50ml m\u012bkst\u0101s pudel\u0113s ar \u0113rtu kor\u0137i, kas nodro\u0161ina vieglu kr\u0101sas izspie\u0161anu. Kr\u0101sas lieliski piem\u0113rotas viegliem audumiem, k\u0101, piem\u0113ram, z\u012bdam, vilnai, linam un sint\u0113tikai. Ieg\u016bst \u016bdensnotur\u012bbu p\u0113c nostiprin\u0101\u0161anas ar gludekli. Saglab\u0101 auduma m\u012bkstumu un elast\u012bbu. Uz \u016bdens b\u0101zes veidotas un sav\u0101 starp\u0101 jaucamas kr\u0101sas.<\/p>\n","protected":false},"excerpt":{"rendered":"<p>Kr\u0101sas iepakotas 50ml m\u012bkst\u0101s pudel\u0113s ar \u0113rtu kor\u0137i, kas nodro\u0161ina vieglu kr\u0101sas izspie\u0161anu. Kr\u0101sas lieliski piem\u0113rotas viegliem audumiem, k\u0101, piem\u0113ram, z\u012bdam, vilnai, linam un sint\u0113tikai. Ieg\u016bst \u016bdensnotur\u012bbu p\u0113c nostiprin\u0101\u0161anas ar gludekli. Saglab\u0101 auduma m\u012bkstumu un elast\u012bbu. Uz \u016bdens b\u0101zes veidotas un sav\u0101 starp\u0101 jaucamas kr\u0101sas.<\/p>\n","protected":false},"featured_media":0,"comment_status":"closed","ping_status":"closed","template":"","meta":{"_acf_changed":false,"ep_exclude_from_search":false},"product_cat":[17918,17956,18211],"product_tag":[],"class_list":{"0":"post-213950","1":"product","2":"type-product","3":"status-publish","5":"product_cat-preces-hobijiem","6":"product_cat-tekstilam-un-adai","7":"product_cat-zida-krasas","9":"first","10":"instock","11":"sale","12":"taxable","13":"shipping-taxable","14":"purchasable","15":"product-type-variable"},"acf":[],"yoast_head":"<!-- This site is optimized with the Yoast SEO plugin v24.1 - https:\/\/yoast.com\/wordpress\/plugins\/seo\/ -->\n<title>Z\u012bda kr\u0101sa Deco Silk 50ml &#8211; Skizze<\/title>\n<meta name=\"robots\" content=\"noindex, follow, max-snippet:-1, max-image-preview:large, max-video-preview:-1\" \/>\n<meta property=\"og:locale\" content=\"lv_LV\" \/>\n<meta property=\"og:type\" content=\"article\" \/>\n<meta property=\"og:title\" content=\"Z\u012bda kr\u0101sa Deco Silk 50ml &#8211; Skizze\" \/>\n<meta property=\"og:description\" content=\"Kr\u0101sas iepakotas 50ml m\u012bkst\u0101s pudel\u0113s ar \u0113rtu kor\u0137i, kas nodro\u0161ina vieglu kr\u0101sas izspie\u0161anu. Kr\u0101sas lieliski piem\u0113rotas viegliem audumiem, k\u0101, piem\u0113ram, z\u012bdam, vilnai, linam un sint\u0113tikai. Ieg\u016bst \u016bdensnotur\u012bbu p\u0113c nostiprin\u0101\u0161anas ar gludekli. Saglab\u0101 auduma m\u012bkstumu un elast\u012bbu. Uz \u016bdens b\u0101zes veidotas un sav\u0101 starp\u0101 jaucamas kr\u0101sas.\" \/>\n<meta property=\"og:url\" content=\"https:\/\/hobstop.ee\/lv\/produkts\/zida-krasa-deco-silk-50ml-2\/\" \/>\n<meta property=\"og:site_name\" content=\"Skizze\" \/>\n<meta property=\"article:publisher\" content=\"http:\/\/www.facebook.com\/VunderSkizze\" \/>\n<meta name=\"twitter:card\" content=\"summary_large_image\" \/>\n<script type=\"application\/ld+json\" class=\"yoast-schema-graph\">{\"@context\":\"https:\/\/schema.org\",\"@graph\":[{\"@type\":\"WebPage\",\"@id\":\"https:\/\/hobstop.ee\/lv\/produkts\/zida-krasa-deco-silk-50ml-2\/\",\"url\":\"https:\/\/hobstop.ee\/lv\/produkts\/zida-krasa-deco-silk-50ml-2\/\",\"name\":\"Z\u012bda kr\u0101sa Deco Silk 50ml &#8211; Skizze\",\"isPartOf\":{\"@id\":\"https:\/\/hobstop.ee\/lv\/#website\"},\"datePublished\":\"2015-09-09T12:26:48+00:00\",\"dateModified\":\"2015-09-09T12:26:48+00:00\",\"breadcrumb\":{\"@id\":\"https:\/\/hobstop.ee\/lv\/produkts\/zida-krasa-deco-silk-50ml-2\/#breadcrumb\"},\"inLanguage\":\"lv-LV\",\"potentialAction\":[{\"@type\":\"ReadAction\",\"target\":[\"https:\/\/hobstop.ee\/lv\/produkts\/zida-krasa-deco-silk-50ml-2\/\"]}]},{\"@type\":\"BreadcrumbList\",\"@id\":\"https:\/\/hobstop.ee\/lv\/produkts\/zida-krasa-deco-silk-50ml-2\/#breadcrumb\",\"itemListElement\":[{\"@type\":\"ListItem\",\"position\":1,\"name\":\"Avaleht\",\"item\":\"https:\/\/hobstop.ee\/lv\/\"},{\"@type\":\"ListItem\",\"position\":2,\"name\":\"Veikals\",\"item\":\"https:\/\/hobstop.ee\/lv\/veikals\/\"},{\"@type\":\"ListItem\",\"position\":3,\"name\":\"Z\u012bda kr\u0101sa Deco Silk 50ml\"}]},{\"@type\":\"WebSite\",\"@id\":\"https:\/\/hobstop.ee\/lv\/#website\",\"url\":\"https:\/\/hobstop.ee\/lv\/\",\"name\":\"Skizze\",\"description\":\"M\u0101kslas, hobiju un skolas preces\",\"publisher\":{\"@id\":\"https:\/\/hobstop.ee\/lv\/#organization\"},\"potentialAction\":[{\"@type\":\"SearchAction\",\"target\":{\"@type\":\"EntryPoint\",\"urlTemplate\":\"https:\/\/hobstop.ee\/lv\/?s={search_term_string}\"},\"query-input\":{\"@type\":\"PropertyValueSpecification\",\"valueRequired\":true,\"valueName\":\"search_term_string\"}}],\"inLanguage\":\"lv-LV\"},{\"@type\":\"Organization\",\"@id\":\"https:\/\/hobstop.ee\/lv\/#organization\",\"name\":\"Vunder AS\",\"url\":\"https:\/\/hobstop.ee\/lv\/\",\"logo\":{\"@type\":\"ImageObject\",\"inLanguage\":\"lv-LV\",\"@id\":\"https:\/\/hobstop.ee\/lv\/#\/schema\/logo\/image\/\",\"url\":\"https:\/\/hobstop.ee\/media\/vunder-logo.png\",\"contentUrl\":\"https:\/\/hobstop.ee\/media\/vunder-logo.png\",\"width\":127,\"height\":55,\"caption\":\"Vunder AS\"},\"image\":{\"@id\":\"https:\/\/hobstop.ee\/lv\/#\/schema\/logo\/image\/\"},\"sameAs\":[\"http:\/\/www.facebook.com\/VunderSkizze\"]}]}<\/script>\n<!-- \/ Yoast SEO plugin. -->","yoast_head_json":{"title":"Z\u012bda kr\u0101sa Deco Silk 50ml &#8211; Skizze","robots":{"index":"noindex","follow":"follow","max-snippet":"max-snippet:-1","max-image-preview":"max-image-preview:large","max-video-preview":"max-video-preview:-1"},"og_locale":"lv_LV","og_type":"article","og_title":"Z\u012bda kr\u0101sa Deco Silk 50ml &#8211; Skizze","og_description":"Kr\u0101sas iepakotas 50ml m\u012bkst\u0101s pudel\u0113s ar \u0113rtu kor\u0137i, kas nodro\u0161ina vieglu kr\u0101sas izspie\u0161anu. Kr\u0101sas lieliski piem\u0113rotas viegliem audumiem, k\u0101, piem\u0113ram, z\u012bdam, vilnai, linam un sint\u0113tikai. Ieg\u016bst \u016bdensnotur\u012bbu p\u0113c nostiprin\u0101\u0161anas ar gludekli. Saglab\u0101 auduma m\u012bkstumu un elast\u012bbu. Uz \u016bdens b\u0101zes veidotas un sav\u0101 starp\u0101 jaucamas kr\u0101sas.","og_url":"https:\/\/hobstop.ee\/lv\/produkts\/zida-krasa-deco-silk-50ml-2\/","og_site_name":"Skizze","article_publisher":"http:\/\/www.facebook.com\/VunderSkizze","twitter_card":"summary_large_image","schema":{"@context":"https:\/\/schema.org","@graph":[{"@type":"WebPage","@id":"https:\/\/hobstop.ee\/lv\/produkts\/zida-krasa-deco-silk-50ml-2\/","url":"https:\/\/hobstop.ee\/lv\/produkts\/zida-krasa-deco-silk-50ml-2\/","name":"Z\u012bda kr\u0101sa Deco Silk 50ml &#8211; Skizze","isPartOf":{"@id":"https:\/\/hobstop.ee\/lv\/#website"},"datePublished":"2015-09-09T12:26:48+00:00","dateModified":"2015-09-09T12:26:48+00:00","breadcrumb":{"@id":"https:\/\/hobstop.ee\/lv\/produkts\/zida-krasa-deco-silk-50ml-2\/#breadcrumb"},"inLanguage":"lv-LV","potentialAction":[{"@type":"ReadAction","target":["https:\/\/hobstop.ee\/lv\/produkts\/zida-krasa-deco-silk-50ml-2\/"]}]},{"@type":"BreadcrumbList","@id":"https:\/\/hobstop.ee\/lv\/produkts\/zida-krasa-deco-silk-50ml-2\/#breadcrumb","itemListElement":[{"@type":"ListItem","position":1,"name":"Avaleht","item":"https:\/\/hobstop.ee\/lv\/"},{"@type":"ListItem","position":2,"name":"Veikals","item":"https:\/\/hobstop.ee\/lv\/veikals\/"},{"@type":"ListItem","position":3,"name":"Z\u012bda kr\u0101sa Deco Silk 50ml"}]},{"@type":"WebSite","@id":"https:\/\/hobstop.ee\/lv\/#website","url":"https:\/\/hobstop.ee\/lv\/","name":"Skizze","description":"M\u0101kslas, hobiju un skolas preces","publisher":{"@id":"https:\/\/hobstop.ee\/lv\/#organization"},"potentialAction":[{"@type":"SearchAction","target":{"@type":"EntryPoint","urlTemplate":"https:\/\/hobstop.ee\/lv\/?s={search_term_string}"},"query-input":{"@type":"PropertyValueSpecification","valueRequired":true,"valueName":"search_term_string"}}],"inLanguage":"lv-LV"},{"@type":"Organization","@id":"https:\/\/hobstop.ee\/lv\/#organization","name":"Vunder AS","url":"https:\/\/hobstop.ee\/lv\/","logo":{"@type":"ImageObject","inLanguage":"lv-LV","@id":"https:\/\/hobstop.ee\/lv\/#\/schema\/logo\/image\/","url":"https:\/\/hobstop.ee\/media\/vunder-logo.png","contentUrl":"https:\/\/hobstop.ee\/media\/vunder-logo.png","width":127,"height":55,"caption":"Vunder AS"},"image":{"@id":"https:\/\/hobstop.ee\/lv\/#\/schema\/logo\/image\/"},"sameAs":["http:\/\/www.facebook.com\/VunderSkizze"]}]}},"_links":{"self":[{"href":"https:\/\/hobstop.ee\/lv\/wp-json\/wp\/v2\/product\/213950","targetHints":{"allow":["GET"]}}],"collection":[{"href":"https:\/\/hobstop.ee\/lv\/wp-json\/wp\/v2\/product"}],"about":[{"href":"https:\/\/hobstop.ee\/lv\/wp-json\/wp\/v2\/types\/product"}],"replies":[{"embeddable":true,"href":"https:\/\/hobstop.ee\/lv\/wp-json\/wp\/v2\/comments?post=213950"}],"wp:attachment":[{"href":"https:\/\/hobstop.ee\/lv\/wp-json\/wp\/v2\/media?parent=213950"}],"wp:term":[{"taxonomy":"product_cat","embeddable":true,"href":"https:\/\/hobstop.ee\/lv\/wp-json\/wp\/v2\/product_cat?post=213950"},{"taxonomy":"product_tag","embeddable":true,"href":"https:\/\/hobstop.ee\/lv\/wp-json\/wp\/v2\/product_tag?post=213950"}],"curies":[{"name":"wp","href":"https:\/\/api.w.org\/{rel}","templated":true}]}}