{"id":214119,"date":"2015-06-01T15:28:50","date_gmt":"2015-09-09T12:28:50","guid":{"rendered":"http:\/\/vunder-ee.sn25.zone.eu\/lv\/product\/krasa-iespieddarbiem-charbonnel-200ml-2\/"},"modified":"2015-09-09T15:28:50","modified_gmt":"2015-09-09T12:28:50","slug":"krasa-iespieddarbiem-charbonnel-200ml","status":"publish","type":"product","link":"https:\/\/hobstop.ee\/lv\/produkts\/krasa-iespieddarbiem-charbonnel-200ml\/","title":{"rendered":"Kr\u0101sa iespieddarbiem Charbonnel 200ml"},"content":{"rendered":"<p>Charbonnel kodin\u0101\u0161anas tintes ir paredz\u0113tas augst\u0101k\u0101s kvalit\u0101tes m\u0101ksliniecisko darbu rad\u012b\u0161anai. Visu to\u0146u sast\u0101v\u0101 ir dab\u012bgie pigmenti, kas piln\u012bb\u0101 sajaucas ar polimeriz\u0113tu lins\u0113klu e\u013c\u013cu, nodro\u0161inot tintei lielisku kvalit\u0101ti. \u012apa\u0161a uzman\u012bba tika piev\u0113rsta tam, lai tintes izmanto\u0161ana un uzkl\u0101\u0161ana uz pl\u0101ksn\u012bt\u0113m atbilstu m\u0101kslinieka cer\u012bb\u0101m. Rad\u012bta izmanto\u0161anai uz t\u0113rauda vai cinka pl\u0101ksn\u012bt\u0113m. \u017d\u016b\u0161anas periods &#8211; aptuveni divas ned\u0113\u013cas.<\/p>\n","protected":false},"excerpt":{"rendered":"<p>Charbonnel kodin\u0101\u0161anas tintes ir paredz\u0113tas augst\u0101k\u0101s kvalit\u0101tes m\u0101ksliniecisko darbu rad\u012b\u0161anai. Visu to\u0146u sast\u0101v\u0101 ir dab\u012bgie pigmenti, kas piln\u012bb\u0101 sajaucas ar polimeriz\u0113tu lins\u0113klu e\u013c\u013cu, nodro\u0161inot tintei lielisku kvalit\u0101ti. \u012apa\u0161a uzman\u012bba tika piev\u0113rsta tam, lai tintes izmanto\u0161ana un uzkl\u0101\u0161ana uz pl\u0101ksn\u012bt\u0113m atbilstu m\u0101kslinieka cer\u012bb\u0101m. Rad\u012bta izmanto\u0161anai uz t\u0113rauda vai cinka pl\u0101ksn\u012bt\u0113m. \u017d\u016b\u0161anas periods &#8211; aptuveni divas ned\u0113\u013cas.<\/p>\n","protected":false},"featured_media":222615,"comment_status":"closed","ping_status":"closed","template":"","meta":{"_acf_changed":false,"ep_exclude_from_search":false},"product_cat":[18648,18317,16123],"product_tag":[],"class_list":{"0":"post-214119","1":"product","2":"type-product","3":"status-publish","4":"has-post-thumbnail","6":"product_cat-grafika","7":"product_cat-kodinasanas-krasas-un-lakas","8":"product_cat-makslas-piederumi-2","10":"first","11":"instock","12":"sale","13":"taxable","14":"shipping-taxable","15":"purchasable","16":"product-type-variable"},"acf":[],"yoast_head":"<!-- This site is optimized with the Yoast SEO plugin v24.1 - https:\/\/yoast.com\/wordpress\/plugins\/seo\/ -->\n<title>Kr\u0101sa iespieddarbiem Charbonnel 200ml &#8211; Skizze<\/title>\n<meta name=\"robots\" content=\"noindex, follow, max-snippet:-1, max-image-preview:large, max-video-preview:-1\" \/>\n<meta property=\"og:locale\" content=\"lv_LV\" \/>\n<meta property=\"og:type\" content=\"article\" \/>\n<meta property=\"og:title\" content=\"Kr\u0101sa iespieddarbiem Charbonnel 200ml &#8211; Skizze\" \/>\n<meta property=\"og:description\" content=\"Charbonnel kodin\u0101\u0161anas tintes ir paredz\u0113tas augst\u0101k\u0101s kvalit\u0101tes m\u0101ksliniecisko darbu rad\u012b\u0161anai. Visu to\u0146u sast\u0101v\u0101 ir dab\u012bgie pigmenti, kas piln\u012bb\u0101 sajaucas ar polimeriz\u0113tu lins\u0113klu e\u013c\u013cu, nodro\u0161inot tintei lielisku kvalit\u0101ti. \u012apa\u0161a uzman\u012bba tika piev\u0113rsta tam, lai tintes izmanto\u0161ana un uzkl\u0101\u0161ana uz pl\u0101ksn\u012bt\u0113m atbilstu m\u0101kslinieka cer\u012bb\u0101m. Rad\u012bta izmanto\u0161anai uz t\u0113rauda vai cinka pl\u0101ksn\u012bt\u0113m. \u017d\u016b\u0161anas periods &#8211; aptuveni divas ned\u0113\u013cas.\" \/>\n<meta property=\"og:url\" content=\"https:\/\/hobstop.ee\/lv\/produkts\/krasa-iespieddarbiem-charbonnel-200ml\/\" \/>\n<meta property=\"og:site_name\" content=\"Skizze\" \/>\n<meta property=\"article:publisher\" content=\"http:\/\/www.facebook.com\/VunderSkizze\" \/>\n<meta property=\"og:image\" content=\"https:\/\/hobstop.ee\/media\/1919.jpg\" \/>\n\t<meta property=\"og:image:width\" content=\"1024\" \/>\n\t<meta property=\"og:image:height\" content=\"768\" \/>\n\t<meta property=\"og:image:type\" content=\"image\/jpeg\" \/>\n<meta name=\"twitter:card\" content=\"summary_large_image\" \/>\n<script type=\"application\/ld+json\" class=\"yoast-schema-graph\">{\"@context\":\"https:\/\/schema.org\",\"@graph\":[{\"@type\":\"WebPage\",\"@id\":\"https:\/\/hobstop.ee\/lv\/produkts\/krasa-iespieddarbiem-charbonnel-200ml\/\",\"url\":\"https:\/\/hobstop.ee\/lv\/produkts\/krasa-iespieddarbiem-charbonnel-200ml\/\",\"name\":\"Kr\u0101sa iespieddarbiem Charbonnel 200ml &#8211; Skizze\",\"isPartOf\":{\"@id\":\"https:\/\/hobstop.ee\/lv\/#website\"},\"primaryImageOfPage\":{\"@id\":\"https:\/\/hobstop.ee\/lv\/produkts\/krasa-iespieddarbiem-charbonnel-200ml\/#primaryimage\"},\"image\":{\"@id\":\"https:\/\/hobstop.ee\/lv\/produkts\/krasa-iespieddarbiem-charbonnel-200ml\/#primaryimage\"},\"thumbnailUrl\":\"https:\/\/hobstop.ee\/media\/1919.jpg\",\"datePublished\":\"2015-09-09T12:28:50+00:00\",\"dateModified\":\"2015-09-09T12:28:50+00:00\",\"breadcrumb\":{\"@id\":\"https:\/\/hobstop.ee\/lv\/produkts\/krasa-iespieddarbiem-charbonnel-200ml\/#breadcrumb\"},\"inLanguage\":\"lv-LV\",\"potentialAction\":[{\"@type\":\"ReadAction\",\"target\":[\"https:\/\/hobstop.ee\/lv\/produkts\/krasa-iespieddarbiem-charbonnel-200ml\/\"]}]},{\"@type\":\"ImageObject\",\"inLanguage\":\"lv-LV\",\"@id\":\"https:\/\/hobstop.ee\/lv\/produkts\/krasa-iespieddarbiem-charbonnel-200ml\/#primaryimage\",\"url\":\"https:\/\/hobstop.ee\/media\/1919.jpg\",\"contentUrl\":\"https:\/\/hobstop.ee\/media\/1919.jpg\",\"width\":1024,\"height\":768},{\"@type\":\"BreadcrumbList\",\"@id\":\"https:\/\/hobstop.ee\/lv\/produkts\/krasa-iespieddarbiem-charbonnel-200ml\/#breadcrumb\",\"itemListElement\":[{\"@type\":\"ListItem\",\"position\":1,\"name\":\"Avaleht\",\"item\":\"https:\/\/hobstop.ee\/lv\/\"},{\"@type\":\"ListItem\",\"position\":2,\"name\":\"Veikals\",\"item\":\"https:\/\/hobstop.ee\/lv\/veikals\/\"},{\"@type\":\"ListItem\",\"position\":3,\"name\":\"Kr\u0101sa iespieddarbiem Charbonnel 200ml\"}]},{\"@type\":\"WebSite\",\"@id\":\"https:\/\/hobstop.ee\/lv\/#website\",\"url\":\"https:\/\/hobstop.ee\/lv\/\",\"name\":\"Skizze\",\"description\":\"M\u0101kslas, hobiju un skolas preces\",\"publisher\":{\"@id\":\"https:\/\/hobstop.ee\/lv\/#organization\"},\"potentialAction\":[{\"@type\":\"SearchAction\",\"target\":{\"@type\":\"EntryPoint\",\"urlTemplate\":\"https:\/\/hobstop.ee\/lv\/?s={search_term_string}\"},\"query-input\":{\"@type\":\"PropertyValueSpecification\",\"valueRequired\":true,\"valueName\":\"search_term_string\"}}],\"inLanguage\":\"lv-LV\"},{\"@type\":\"Organization\",\"@id\":\"https:\/\/hobstop.ee\/lv\/#organization\",\"name\":\"Vunder AS\",\"url\":\"https:\/\/hobstop.ee\/lv\/\",\"logo\":{\"@type\":\"ImageObject\",\"inLanguage\":\"lv-LV\",\"@id\":\"https:\/\/hobstop.ee\/lv\/#\/schema\/logo\/image\/\",\"url\":\"https:\/\/hobstop.ee\/media\/vunder-logo.png\",\"contentUrl\":\"https:\/\/hobstop.ee\/media\/vunder-logo.png\",\"width\":127,\"height\":55,\"caption\":\"Vunder AS\"},\"image\":{\"@id\":\"https:\/\/hobstop.ee\/lv\/#\/schema\/logo\/image\/\"},\"sameAs\":[\"http:\/\/www.facebook.com\/VunderSkizze\"]}]}<\/script>\n<!-- \/ Yoast SEO plugin. -->","yoast_head_json":{"title":"Kr\u0101sa iespieddarbiem Charbonnel 200ml &#8211; Skizze","robots":{"index":"noindex","follow":"follow","max-snippet":"max-snippet:-1","max-image-preview":"max-image-preview:large","max-video-preview":"max-video-preview:-1"},"og_locale":"lv_LV","og_type":"article","og_title":"Kr\u0101sa iespieddarbiem Charbonnel 200ml &#8211; Skizze","og_description":"Charbonnel kodin\u0101\u0161anas tintes ir paredz\u0113tas augst\u0101k\u0101s kvalit\u0101tes m\u0101ksliniecisko darbu rad\u012b\u0161anai. Visu to\u0146u sast\u0101v\u0101 ir dab\u012bgie pigmenti, kas piln\u012bb\u0101 sajaucas ar polimeriz\u0113tu lins\u0113klu e\u013c\u013cu, nodro\u0161inot tintei lielisku kvalit\u0101ti. \u012apa\u0161a uzman\u012bba tika piev\u0113rsta tam, lai tintes izmanto\u0161ana un uzkl\u0101\u0161ana uz pl\u0101ksn\u012bt\u0113m atbilstu m\u0101kslinieka cer\u012bb\u0101m. Rad\u012bta izmanto\u0161anai uz t\u0113rauda vai cinka pl\u0101ksn\u012bt\u0113m. \u017d\u016b\u0161anas periods &#8211; aptuveni divas ned\u0113\u013cas.","og_url":"https:\/\/hobstop.ee\/lv\/produkts\/krasa-iespieddarbiem-charbonnel-200ml\/","og_site_name":"Skizze","article_publisher":"http:\/\/www.facebook.com\/VunderSkizze","og_image":[{"width":1024,"height":768,"url":"https:\/\/hobstop.ee\/media\/1919.jpg","type":"image\/jpeg"}],"twitter_card":"summary_large_image","schema":{"@context":"https:\/\/schema.org","@graph":[{"@type":"WebPage","@id":"https:\/\/hobstop.ee\/lv\/produkts\/krasa-iespieddarbiem-charbonnel-200ml\/","url":"https:\/\/hobstop.ee\/lv\/produkts\/krasa-iespieddarbiem-charbonnel-200ml\/","name":"Kr\u0101sa iespieddarbiem Charbonnel 200ml &#8211; Skizze","isPartOf":{"@id":"https:\/\/hobstop.ee\/lv\/#website"},"primaryImageOfPage":{"@id":"https:\/\/hobstop.ee\/lv\/produkts\/krasa-iespieddarbiem-charbonnel-200ml\/#primaryimage"},"image":{"@id":"https:\/\/hobstop.ee\/lv\/produkts\/krasa-iespieddarbiem-charbonnel-200ml\/#primaryimage"},"thumbnailUrl":"https:\/\/hobstop.ee\/media\/1919.jpg","datePublished":"2015-09-09T12:28:50+00:00","dateModified":"2015-09-09T12:28:50+00:00","breadcrumb":{"@id":"https:\/\/hobstop.ee\/lv\/produkts\/krasa-iespieddarbiem-charbonnel-200ml\/#breadcrumb"},"inLanguage":"lv-LV","potentialAction":[{"@type":"ReadAction","target":["https:\/\/hobstop.ee\/lv\/produkts\/krasa-iespieddarbiem-charbonnel-200ml\/"]}]},{"@type":"ImageObject","inLanguage":"lv-LV","@id":"https:\/\/hobstop.ee\/lv\/produkts\/krasa-iespieddarbiem-charbonnel-200ml\/#primaryimage","url":"https:\/\/hobstop.ee\/media\/1919.jpg","contentUrl":"https:\/\/hobstop.ee\/media\/1919.jpg","width":1024,"height":768},{"@type":"BreadcrumbList","@id":"https:\/\/hobstop.ee\/lv\/produkts\/krasa-iespieddarbiem-charbonnel-200ml\/#breadcrumb","itemListElement":[{"@type":"ListItem","position":1,"name":"Avaleht","item":"https:\/\/hobstop.ee\/lv\/"},{"@type":"ListItem","position":2,"name":"Veikals","item":"https:\/\/hobstop.ee\/lv\/veikals\/"},{"@type":"ListItem","position":3,"name":"Kr\u0101sa iespieddarbiem Charbonnel 200ml"}]},{"@type":"WebSite","@id":"https:\/\/hobstop.ee\/lv\/#website","url":"https:\/\/hobstop.ee\/lv\/","name":"Skizze","description":"M\u0101kslas, hobiju un skolas preces","publisher":{"@id":"https:\/\/hobstop.ee\/lv\/#organization"},"potentialAction":[{"@type":"SearchAction","target":{"@type":"EntryPoint","urlTemplate":"https:\/\/hobstop.ee\/lv\/?s={search_term_string}"},"query-input":{"@type":"PropertyValueSpecification","valueRequired":true,"valueName":"search_term_string"}}],"inLanguage":"lv-LV"},{"@type":"Organization","@id":"https:\/\/hobstop.ee\/lv\/#organization","name":"Vunder AS","url":"https:\/\/hobstop.ee\/lv\/","logo":{"@type":"ImageObject","inLanguage":"lv-LV","@id":"https:\/\/hobstop.ee\/lv\/#\/schema\/logo\/image\/","url":"https:\/\/hobstop.ee\/media\/vunder-logo.png","contentUrl":"https:\/\/hobstop.ee\/media\/vunder-logo.png","width":127,"height":55,"caption":"Vunder AS"},"image":{"@id":"https:\/\/hobstop.ee\/lv\/#\/schema\/logo\/image\/"},"sameAs":["http:\/\/www.facebook.com\/VunderSkizze"]}]}},"_links":{"self":[{"href":"https:\/\/hobstop.ee\/lv\/wp-json\/wp\/v2\/product\/214119","targetHints":{"allow":["GET"]}}],"collection":[{"href":"https:\/\/hobstop.ee\/lv\/wp-json\/wp\/v2\/product"}],"about":[{"href":"https:\/\/hobstop.ee\/lv\/wp-json\/wp\/v2\/types\/product"}],"replies":[{"embeddable":true,"href":"https:\/\/hobstop.ee\/lv\/wp-json\/wp\/v2\/comments?post=214119"}],"wp:featuredmedia":[{"embeddable":true,"href":"https:\/\/hobstop.ee\/lv\/wp-json\/wp\/v2\/media\/222615"}],"wp:attachment":[{"href":"https:\/\/hobstop.ee\/lv\/wp-json\/wp\/v2\/media?parent=214119"}],"wp:term":[{"taxonomy":"product_cat","embeddable":true,"href":"https:\/\/hobstop.ee\/lv\/wp-json\/wp\/v2\/product_cat?post=214119"},{"taxonomy":"product_tag","embeddable":true,"href":"https:\/\/hobstop.ee\/lv\/wp-json\/wp\/v2\/product_tag?post=214119"}],"curies":[{"name":"wp","href":"https:\/\/api.w.org\/{rel}","templated":true}]}}