{"id":214127,"date":"2015-06-01T15:28:54","date_gmt":"2015-09-09T12:28:54","guid":{"rendered":"http:\/\/vunder-ee.sn25.zone.eu\/lv\/product\/charbonnel-grunts-laka-75ml-2\/"},"modified":"2015-09-09T15:28:54","modified_gmt":"2015-09-09T12:28:54","slug":"tinte-iespieddarbiem-grunts-charbonnel-lamour","status":"publish","type":"product","link":"https:\/\/hobstop.ee\/lv\/produkts\/tinte-iespieddarbiem-grunts-charbonnel-lamour\/","title":{"rendered":"Tinte iespieddarbiem grunts Charbonnel Lamour"},"content":{"rendered":"<p>Charbonnel black satin tinte iespieddarbiem-grunts meln\u0101 kr\u0101s\u0101 nodro\u0161ina pietiekami lielu kodin\u0101\u0161anas laiku bez iesp\u0113jam\u0101 atsl\u0101\u0146o\u0161an\u0101s riska. Pateicoties sast\u0101v\u0101 eso\u0161aj\u0101m un \u0101tri \u017e\u016bsto\u0161aj\u0101m miner\u0101lviel\u0101m, t\u0101 no\u017e\u016bst \u0101tr\u0101k nek\u0101 Charbonnel Ultraflex. T\u0101 ir ar\u012b ciet\u0101ka par Ultraflex grunti. Tas savuk\u0101rt nodro\u0161ina smalk\u0101kas l\u012bnijas. Uzkl\u0101jiet to uz virsmas aukst\u0101 veid\u0101 ar elast\u012bgas oti\u0146as pal\u012bdz\u012bbu vai instrumentu, kas paredz\u0113ts virsmas p\u0101rkl\u0101\u0161anai, vai ar\u012b lejiet to tie\u0161i uz sl\u012bpi novietotas virsmas.<\/p>\n","protected":false},"excerpt":{"rendered":"<p>Charbonnel black satin tinte iespieddarbiem-grunts meln\u0101 kr\u0101s\u0101 nodro\u0161ina pietiekami lielu kodin\u0101\u0161anas laiku bez iesp\u0113jam\u0101 atsl\u0101\u0146o\u0161an\u0101s riska. Pateicoties sast\u0101v\u0101 eso\u0161aj\u0101m un \u0101tri \u017e\u016bsto\u0161aj\u0101m miner\u0101lviel\u0101m, t\u0101 no\u017e\u016bst \u0101tr\u0101k nek\u0101 Charbonnel Ultraflex. T\u0101 ir ar\u012b ciet\u0101ka par Ultraflex grunti. Tas savuk\u0101rt nodro\u0161ina smalk\u0101kas l\u012bnijas. Uzkl\u0101jiet to uz virsmas aukst\u0101 veid\u0101 ar elast\u012bgas oti\u0146as pal\u012bdz\u012bbu vai instrumentu, kas paredz\u0113ts virsmas p\u0101rkl\u0101\u0161anai, vai ar\u012b lejiet to tie\u0161i uz sl\u012bpi novietotas virsmas.<\/p>\n","protected":false},"featured_media":222623,"comment_status":"closed","ping_status":"closed","template":"","meta":{"_acf_changed":false,"ep_exclude_from_search":false},"product_cat":[18648,18317,16123],"product_tag":[],"class_list":{"0":"post-214127","1":"product","2":"type-product","3":"status-publish","4":"has-post-thumbnail","6":"product_cat-grafika","7":"product_cat-kodinasanas-krasas-un-lakas","8":"product_cat-makslas-piederumi-2","10":"first","11":"outofstock","12":"taxable","13":"shipping-taxable","14":"purchasable","15":"product-type-variable"},"acf":[],"yoast_head":"<!-- This site is optimized with the Yoast SEO plugin v24.1 - https:\/\/yoast.com\/wordpress\/plugins\/seo\/ -->\n<title>Tinte iespieddarbiem grunts Charbonnel Lamour &#8211; Skizze<\/title>\n<meta name=\"robots\" content=\"noindex, follow, max-snippet:-1, max-image-preview:large, max-video-preview:-1\" \/>\n<meta property=\"og:locale\" content=\"lv_LV\" \/>\n<meta property=\"og:type\" content=\"article\" \/>\n<meta property=\"og:title\" content=\"Tinte iespieddarbiem grunts Charbonnel Lamour &#8211; Skizze\" \/>\n<meta property=\"og:description\" content=\"Charbonnel black satin tinte iespieddarbiem-grunts meln\u0101 kr\u0101s\u0101 nodro\u0161ina pietiekami lielu kodin\u0101\u0161anas laiku bez iesp\u0113jam\u0101 atsl\u0101\u0146o\u0161an\u0101s riska. Pateicoties sast\u0101v\u0101 eso\u0161aj\u0101m un \u0101tri \u017e\u016bsto\u0161aj\u0101m miner\u0101lviel\u0101m, t\u0101 no\u017e\u016bst \u0101tr\u0101k nek\u0101 Charbonnel Ultraflex. T\u0101 ir ar\u012b ciet\u0101ka par Ultraflex grunti. Tas savuk\u0101rt nodro\u0161ina smalk\u0101kas l\u012bnijas. Uzkl\u0101jiet to uz virsmas aukst\u0101 veid\u0101 ar elast\u012bgas oti\u0146as pal\u012bdz\u012bbu vai instrumentu, kas paredz\u0113ts virsmas p\u0101rkl\u0101\u0161anai, vai ar\u012b lejiet to tie\u0161i uz sl\u012bpi novietotas virsmas.\" \/>\n<meta property=\"og:url\" content=\"https:\/\/hobstop.ee\/lv\/produkts\/tinte-iespieddarbiem-grunts-charbonnel-lamour\/\" \/>\n<meta property=\"og:site_name\" content=\"Skizze\" \/>\n<meta property=\"article:publisher\" content=\"http:\/\/www.facebook.com\/VunderSkizze\" \/>\n<meta property=\"og:image\" content=\"https:\/\/hobstop.ee\/media\/1921.jpg\" \/>\n\t<meta property=\"og:image:width\" content=\"1024\" \/>\n\t<meta property=\"og:image:height\" content=\"768\" \/>\n\t<meta property=\"og:image:type\" content=\"image\/jpeg\" \/>\n<meta name=\"twitter:card\" content=\"summary_large_image\" \/>\n<script type=\"application\/ld+json\" class=\"yoast-schema-graph\">{\"@context\":\"https:\/\/schema.org\",\"@graph\":[{\"@type\":\"WebPage\",\"@id\":\"https:\/\/hobstop.ee\/lv\/produkts\/tinte-iespieddarbiem-grunts-charbonnel-lamour\/\",\"url\":\"https:\/\/hobstop.ee\/lv\/produkts\/tinte-iespieddarbiem-grunts-charbonnel-lamour\/\",\"name\":\"Tinte iespieddarbiem grunts Charbonnel Lamour &#8211; Skizze\",\"isPartOf\":{\"@id\":\"https:\/\/hobstop.ee\/lv\/#website\"},\"primaryImageOfPage\":{\"@id\":\"https:\/\/hobstop.ee\/lv\/produkts\/tinte-iespieddarbiem-grunts-charbonnel-lamour\/#primaryimage\"},\"image\":{\"@id\":\"https:\/\/hobstop.ee\/lv\/produkts\/tinte-iespieddarbiem-grunts-charbonnel-lamour\/#primaryimage\"},\"thumbnailUrl\":\"https:\/\/hobstop.ee\/media\/1921.jpg\",\"datePublished\":\"2015-09-09T12:28:54+00:00\",\"dateModified\":\"2015-09-09T12:28:54+00:00\",\"breadcrumb\":{\"@id\":\"https:\/\/hobstop.ee\/lv\/produkts\/tinte-iespieddarbiem-grunts-charbonnel-lamour\/#breadcrumb\"},\"inLanguage\":\"lv-LV\",\"potentialAction\":[{\"@type\":\"ReadAction\",\"target\":[\"https:\/\/hobstop.ee\/lv\/produkts\/tinte-iespieddarbiem-grunts-charbonnel-lamour\/\"]}]},{\"@type\":\"ImageObject\",\"inLanguage\":\"lv-LV\",\"@id\":\"https:\/\/hobstop.ee\/lv\/produkts\/tinte-iespieddarbiem-grunts-charbonnel-lamour\/#primaryimage\",\"url\":\"https:\/\/hobstop.ee\/media\/1921.jpg\",\"contentUrl\":\"https:\/\/hobstop.ee\/media\/1921.jpg\",\"width\":1024,\"height\":768},{\"@type\":\"BreadcrumbList\",\"@id\":\"https:\/\/hobstop.ee\/lv\/produkts\/tinte-iespieddarbiem-grunts-charbonnel-lamour\/#breadcrumb\",\"itemListElement\":[{\"@type\":\"ListItem\",\"position\":1,\"name\":\"Avaleht\",\"item\":\"https:\/\/hobstop.ee\/lv\/\"},{\"@type\":\"ListItem\",\"position\":2,\"name\":\"Veikals\",\"item\":\"https:\/\/hobstop.ee\/lv\/veikals\/\"},{\"@type\":\"ListItem\",\"position\":3,\"name\":\"Tinte iespieddarbiem grunts Charbonnel Lamour\"}]},{\"@type\":\"WebSite\",\"@id\":\"https:\/\/hobstop.ee\/lv\/#website\",\"url\":\"https:\/\/hobstop.ee\/lv\/\",\"name\":\"Skizze\",\"description\":\"M\u0101kslas, hobiju un skolas preces\",\"publisher\":{\"@id\":\"https:\/\/hobstop.ee\/lv\/#organization\"},\"potentialAction\":[{\"@type\":\"SearchAction\",\"target\":{\"@type\":\"EntryPoint\",\"urlTemplate\":\"https:\/\/hobstop.ee\/lv\/?s={search_term_string}\"},\"query-input\":{\"@type\":\"PropertyValueSpecification\",\"valueRequired\":true,\"valueName\":\"search_term_string\"}}],\"inLanguage\":\"lv-LV\"},{\"@type\":\"Organization\",\"@id\":\"https:\/\/hobstop.ee\/lv\/#organization\",\"name\":\"Vunder AS\",\"url\":\"https:\/\/hobstop.ee\/lv\/\",\"logo\":{\"@type\":\"ImageObject\",\"inLanguage\":\"lv-LV\",\"@id\":\"https:\/\/hobstop.ee\/lv\/#\/schema\/logo\/image\/\",\"url\":\"https:\/\/hobstop.ee\/media\/vunder-logo.png\",\"contentUrl\":\"https:\/\/hobstop.ee\/media\/vunder-logo.png\",\"width\":127,\"height\":55,\"caption\":\"Vunder AS\"},\"image\":{\"@id\":\"https:\/\/hobstop.ee\/lv\/#\/schema\/logo\/image\/\"},\"sameAs\":[\"http:\/\/www.facebook.com\/VunderSkizze\"]}]}<\/script>\n<!-- \/ Yoast SEO plugin. -->","yoast_head_json":{"title":"Tinte iespieddarbiem grunts Charbonnel Lamour &#8211; Skizze","robots":{"index":"noindex","follow":"follow","max-snippet":"max-snippet:-1","max-image-preview":"max-image-preview:large","max-video-preview":"max-video-preview:-1"},"og_locale":"lv_LV","og_type":"article","og_title":"Tinte iespieddarbiem grunts Charbonnel Lamour &#8211; Skizze","og_description":"Charbonnel black satin tinte iespieddarbiem-grunts meln\u0101 kr\u0101s\u0101 nodro\u0161ina pietiekami lielu kodin\u0101\u0161anas laiku bez iesp\u0113jam\u0101 atsl\u0101\u0146o\u0161an\u0101s riska. Pateicoties sast\u0101v\u0101 eso\u0161aj\u0101m un \u0101tri \u017e\u016bsto\u0161aj\u0101m miner\u0101lviel\u0101m, t\u0101 no\u017e\u016bst \u0101tr\u0101k nek\u0101 Charbonnel Ultraflex. T\u0101 ir ar\u012b ciet\u0101ka par Ultraflex grunti. Tas savuk\u0101rt nodro\u0161ina smalk\u0101kas l\u012bnijas. Uzkl\u0101jiet to uz virsmas aukst\u0101 veid\u0101 ar elast\u012bgas oti\u0146as pal\u012bdz\u012bbu vai instrumentu, kas paredz\u0113ts virsmas p\u0101rkl\u0101\u0161anai, vai ar\u012b lejiet to tie\u0161i uz sl\u012bpi novietotas virsmas.","og_url":"https:\/\/hobstop.ee\/lv\/produkts\/tinte-iespieddarbiem-grunts-charbonnel-lamour\/","og_site_name":"Skizze","article_publisher":"http:\/\/www.facebook.com\/VunderSkizze","og_image":[{"width":1024,"height":768,"url":"https:\/\/hobstop.ee\/media\/1921.jpg","type":"image\/jpeg"}],"twitter_card":"summary_large_image","schema":{"@context":"https:\/\/schema.org","@graph":[{"@type":"WebPage","@id":"https:\/\/hobstop.ee\/lv\/produkts\/tinte-iespieddarbiem-grunts-charbonnel-lamour\/","url":"https:\/\/hobstop.ee\/lv\/produkts\/tinte-iespieddarbiem-grunts-charbonnel-lamour\/","name":"Tinte iespieddarbiem grunts Charbonnel Lamour &#8211; Skizze","isPartOf":{"@id":"https:\/\/hobstop.ee\/lv\/#website"},"primaryImageOfPage":{"@id":"https:\/\/hobstop.ee\/lv\/produkts\/tinte-iespieddarbiem-grunts-charbonnel-lamour\/#primaryimage"},"image":{"@id":"https:\/\/hobstop.ee\/lv\/produkts\/tinte-iespieddarbiem-grunts-charbonnel-lamour\/#primaryimage"},"thumbnailUrl":"https:\/\/hobstop.ee\/media\/1921.jpg","datePublished":"2015-09-09T12:28:54+00:00","dateModified":"2015-09-09T12:28:54+00:00","breadcrumb":{"@id":"https:\/\/hobstop.ee\/lv\/produkts\/tinte-iespieddarbiem-grunts-charbonnel-lamour\/#breadcrumb"},"inLanguage":"lv-LV","potentialAction":[{"@type":"ReadAction","target":["https:\/\/hobstop.ee\/lv\/produkts\/tinte-iespieddarbiem-grunts-charbonnel-lamour\/"]}]},{"@type":"ImageObject","inLanguage":"lv-LV","@id":"https:\/\/hobstop.ee\/lv\/produkts\/tinte-iespieddarbiem-grunts-charbonnel-lamour\/#primaryimage","url":"https:\/\/hobstop.ee\/media\/1921.jpg","contentUrl":"https:\/\/hobstop.ee\/media\/1921.jpg","width":1024,"height":768},{"@type":"BreadcrumbList","@id":"https:\/\/hobstop.ee\/lv\/produkts\/tinte-iespieddarbiem-grunts-charbonnel-lamour\/#breadcrumb","itemListElement":[{"@type":"ListItem","position":1,"name":"Avaleht","item":"https:\/\/hobstop.ee\/lv\/"},{"@type":"ListItem","position":2,"name":"Veikals","item":"https:\/\/hobstop.ee\/lv\/veikals\/"},{"@type":"ListItem","position":3,"name":"Tinte iespieddarbiem grunts Charbonnel Lamour"}]},{"@type":"WebSite","@id":"https:\/\/hobstop.ee\/lv\/#website","url":"https:\/\/hobstop.ee\/lv\/","name":"Skizze","description":"M\u0101kslas, hobiju un skolas preces","publisher":{"@id":"https:\/\/hobstop.ee\/lv\/#organization"},"potentialAction":[{"@type":"SearchAction","target":{"@type":"EntryPoint","urlTemplate":"https:\/\/hobstop.ee\/lv\/?s={search_term_string}"},"query-input":{"@type":"PropertyValueSpecification","valueRequired":true,"valueName":"search_term_string"}}],"inLanguage":"lv-LV"},{"@type":"Organization","@id":"https:\/\/hobstop.ee\/lv\/#organization","name":"Vunder AS","url":"https:\/\/hobstop.ee\/lv\/","logo":{"@type":"ImageObject","inLanguage":"lv-LV","@id":"https:\/\/hobstop.ee\/lv\/#\/schema\/logo\/image\/","url":"https:\/\/hobstop.ee\/media\/vunder-logo.png","contentUrl":"https:\/\/hobstop.ee\/media\/vunder-logo.png","width":127,"height":55,"caption":"Vunder AS"},"image":{"@id":"https:\/\/hobstop.ee\/lv\/#\/schema\/logo\/image\/"},"sameAs":["http:\/\/www.facebook.com\/VunderSkizze"]}]}},"_links":{"self":[{"href":"https:\/\/hobstop.ee\/lv\/wp-json\/wp\/v2\/product\/214127","targetHints":{"allow":["GET"]}}],"collection":[{"href":"https:\/\/hobstop.ee\/lv\/wp-json\/wp\/v2\/product"}],"about":[{"href":"https:\/\/hobstop.ee\/lv\/wp-json\/wp\/v2\/types\/product"}],"replies":[{"embeddable":true,"href":"https:\/\/hobstop.ee\/lv\/wp-json\/wp\/v2\/comments?post=214127"}],"wp:featuredmedia":[{"embeddable":true,"href":"https:\/\/hobstop.ee\/lv\/wp-json\/wp\/v2\/media\/222623"}],"wp:attachment":[{"href":"https:\/\/hobstop.ee\/lv\/wp-json\/wp\/v2\/media?parent=214127"}],"wp:term":[{"taxonomy":"product_cat","embeddable":true,"href":"https:\/\/hobstop.ee\/lv\/wp-json\/wp\/v2\/product_cat?post=214127"},{"taxonomy":"product_tag","embeddable":true,"href":"https:\/\/hobstop.ee\/lv\/wp-json\/wp\/v2\/product_tag?post=214127"}],"curies":[{"name":"wp","href":"https:\/\/api.w.org\/{rel}","templated":true}]}}