{"id":214143,"date":"2015-06-01T15:29:02","date_gmt":"2015-09-09T12:29:02","guid":{"rendered":"http:\/\/vunder-ee.sn25.zone.eu\/lv\/product\/tusa-nan-king-black-2\/"},"modified":"2015-09-09T15:29:02","modified_gmt":"2015-09-09T12:29:02","slug":"tusa-nan-king-black","status":"publish","type":"product","link":"https:\/\/hobstop.ee\/lv\/produkts\/tusa-nan-king-black\/","title":{"rendered":"Tu\u0161a Nan-King black"},"content":{"rendered":"<p>Nan-King tu\u0161a izteikt\u0101 meln\u0101 kr\u0101s\u0101 nodro\u0161ina lielisku z\u012bm\u0113\u0161anas un kaligr\u0101fijas pieredzi. To nevar izdz\u0113st.  To var izmantot gan t\u012br\u0101 veid\u0101, gan ar\u012b at\u0161\u0137aid\u012btu \u016bden\u012b.<\/p>\n","protected":false},"excerpt":{"rendered":"<p>Nan-King tu\u0161a izteikt\u0101 meln\u0101 kr\u0101s\u0101 nodro\u0161ina lielisku z\u012bm\u0113\u0161anas un kaligr\u0101fijas pieredzi. To nevar izdz\u0113st. To var izmantot gan t\u012br\u0101 veid\u0101, gan ar\u012b at\u0161\u0137aid\u012btu \u016bden\u012b.<\/p>\n","protected":false},"featured_media":354119,"comment_status":"closed","ping_status":"closed","template":"","meta":{"_acf_changed":false,"ep_exclude_from_search":false},"product_cat":[17975,16123,18341],"product_tag":[],"class_list":{"0":"post-214143","1":"product","2":"type-product","3":"status-publish","4":"has-post-thumbnail","6":"product_cat-kaligrafijas-piederumi","7":"product_cat-makslas-piederumi-2","8":"product_cat-tusas-un-tintes","10":"first","11":"instock","12":"taxable","13":"shipping-taxable","14":"purchasable","15":"product-type-variable"},"acf":[],"yoast_head":"<!-- This site is optimized with the Yoast SEO plugin v24.1 - https:\/\/yoast.com\/wordpress\/plugins\/seo\/ -->\n<title>Tu\u0161a Nan-King black &#8211; Skizze<\/title>\n<meta name=\"robots\" content=\"noindex, follow, max-snippet:-1, max-image-preview:large, max-video-preview:-1\" \/>\n<meta property=\"og:locale\" content=\"lv_LV\" \/>\n<meta property=\"og:type\" content=\"article\" \/>\n<meta property=\"og:title\" content=\"Tu\u0161a Nan-King black &#8211; Skizze\" \/>\n<meta property=\"og:description\" content=\"Nan-King tu\u0161a izteikt\u0101 meln\u0101 kr\u0101s\u0101 nodro\u0161ina lielisku z\u012bm\u0113\u0161anas un kaligr\u0101fijas pieredzi. To nevar izdz\u0113st. To var izmantot gan t\u012br\u0101 veid\u0101, gan ar\u012b at\u0161\u0137aid\u012btu \u016bden\u012b.\" \/>\n<meta property=\"og:url\" content=\"https:\/\/hobstop.ee\/lv\/produkts\/tusa-nan-king-black\/\" \/>\n<meta property=\"og:site_name\" content=\"Skizze\" \/>\n<meta property=\"article:publisher\" content=\"http:\/\/www.facebook.com\/VunderSkizze\" \/>\n<meta property=\"og:image\" content=\"https:\/\/hobstop.ee\/media\/1938.jpg\" \/>\n\t<meta property=\"og:image:width\" content=\"1024\" \/>\n\t<meta property=\"og:image:height\" content=\"768\" \/>\n\t<meta property=\"og:image:type\" content=\"image\/jpeg\" \/>\n<meta name=\"twitter:card\" content=\"summary_large_image\" \/>\n<script type=\"application\/ld+json\" class=\"yoast-schema-graph\">{\"@context\":\"https:\/\/schema.org\",\"@graph\":[{\"@type\":\"WebPage\",\"@id\":\"https:\/\/hobstop.ee\/lv\/produkts\/tusa-nan-king-black\/\",\"url\":\"https:\/\/hobstop.ee\/lv\/produkts\/tusa-nan-king-black\/\",\"name\":\"Tu\u0161a Nan-King black &#8211; Skizze\",\"isPartOf\":{\"@id\":\"https:\/\/hobstop.ee\/lv\/#website\"},\"primaryImageOfPage\":{\"@id\":\"https:\/\/hobstop.ee\/lv\/produkts\/tusa-nan-king-black\/#primaryimage\"},\"image\":{\"@id\":\"https:\/\/hobstop.ee\/lv\/produkts\/tusa-nan-king-black\/#primaryimage\"},\"thumbnailUrl\":\"https:\/\/hobstop.ee\/media\/1938.jpg\",\"datePublished\":\"2015-09-09T12:29:02+00:00\",\"dateModified\":\"2015-09-09T12:29:02+00:00\",\"breadcrumb\":{\"@id\":\"https:\/\/hobstop.ee\/lv\/produkts\/tusa-nan-king-black\/#breadcrumb\"},\"inLanguage\":\"lv-LV\",\"potentialAction\":[{\"@type\":\"ReadAction\",\"target\":[\"https:\/\/hobstop.ee\/lv\/produkts\/tusa-nan-king-black\/\"]}]},{\"@type\":\"ImageObject\",\"inLanguage\":\"lv-LV\",\"@id\":\"https:\/\/hobstop.ee\/lv\/produkts\/tusa-nan-king-black\/#primaryimage\",\"url\":\"https:\/\/hobstop.ee\/media\/1938.jpg\",\"contentUrl\":\"https:\/\/hobstop.ee\/media\/1938.jpg\",\"width\":1024,\"height\":768},{\"@type\":\"BreadcrumbList\",\"@id\":\"https:\/\/hobstop.ee\/lv\/produkts\/tusa-nan-king-black\/#breadcrumb\",\"itemListElement\":[{\"@type\":\"ListItem\",\"position\":1,\"name\":\"Avaleht\",\"item\":\"https:\/\/www.hobstop.ee\/lv\/\"},{\"@type\":\"ListItem\",\"position\":2,\"name\":\"Veikals\",\"item\":\"https:\/\/www.hobstop.ee\/lv\/veikals\/\"},{\"@type\":\"ListItem\",\"position\":3,\"name\":\"Tu\u0161a Nan-King black\"}]},{\"@type\":\"WebSite\",\"@id\":\"https:\/\/hobstop.ee\/lv\/#website\",\"url\":\"https:\/\/hobstop.ee\/lv\/\",\"name\":\"Skizze\",\"description\":\"M\u0101kslas, hobiju un skolas preces\",\"publisher\":{\"@id\":\"https:\/\/hobstop.ee\/lv\/#organization\"},\"potentialAction\":[{\"@type\":\"SearchAction\",\"target\":{\"@type\":\"EntryPoint\",\"urlTemplate\":\"https:\/\/hobstop.ee\/lv\/?s={search_term_string}\"},\"query-input\":{\"@type\":\"PropertyValueSpecification\",\"valueRequired\":true,\"valueName\":\"search_term_string\"}}],\"inLanguage\":\"lv-LV\"},{\"@type\":\"Organization\",\"@id\":\"https:\/\/hobstop.ee\/lv\/#organization\",\"name\":\"Vunder AS\",\"url\":\"https:\/\/hobstop.ee\/lv\/\",\"logo\":{\"@type\":\"ImageObject\",\"inLanguage\":\"lv-LV\",\"@id\":\"https:\/\/hobstop.ee\/lv\/#\/schema\/logo\/image\/\",\"url\":\"https:\/\/hobstop.ee\/media\/vunder-logo.png\",\"contentUrl\":\"https:\/\/hobstop.ee\/media\/vunder-logo.png\",\"width\":127,\"height\":55,\"caption\":\"Vunder AS\"},\"image\":{\"@id\":\"https:\/\/hobstop.ee\/lv\/#\/schema\/logo\/image\/\"},\"sameAs\":[\"http:\/\/www.facebook.com\/VunderSkizze\"]}]}<\/script>\n<!-- \/ Yoast SEO plugin. -->","yoast_head_json":{"title":"Tu\u0161a Nan-King black &#8211; Skizze","robots":{"index":"noindex","follow":"follow","max-snippet":"max-snippet:-1","max-image-preview":"max-image-preview:large","max-video-preview":"max-video-preview:-1"},"og_locale":"lv_LV","og_type":"article","og_title":"Tu\u0161a Nan-King black &#8211; Skizze","og_description":"Nan-King tu\u0161a izteikt\u0101 meln\u0101 kr\u0101s\u0101 nodro\u0161ina lielisku z\u012bm\u0113\u0161anas un kaligr\u0101fijas pieredzi. To nevar izdz\u0113st. To var izmantot gan t\u012br\u0101 veid\u0101, gan ar\u012b at\u0161\u0137aid\u012btu \u016bden\u012b.","og_url":"https:\/\/hobstop.ee\/lv\/produkts\/tusa-nan-king-black\/","og_site_name":"Skizze","article_publisher":"http:\/\/www.facebook.com\/VunderSkizze","og_image":[{"width":1024,"height":768,"url":"https:\/\/hobstop.ee\/media\/1938.jpg","type":"image\/jpeg"}],"twitter_card":"summary_large_image","schema":{"@context":"https:\/\/schema.org","@graph":[{"@type":"WebPage","@id":"https:\/\/hobstop.ee\/lv\/produkts\/tusa-nan-king-black\/","url":"https:\/\/hobstop.ee\/lv\/produkts\/tusa-nan-king-black\/","name":"Tu\u0161a Nan-King black &#8211; Skizze","isPartOf":{"@id":"https:\/\/hobstop.ee\/lv\/#website"},"primaryImageOfPage":{"@id":"https:\/\/hobstop.ee\/lv\/produkts\/tusa-nan-king-black\/#primaryimage"},"image":{"@id":"https:\/\/hobstop.ee\/lv\/produkts\/tusa-nan-king-black\/#primaryimage"},"thumbnailUrl":"https:\/\/hobstop.ee\/media\/1938.jpg","datePublished":"2015-09-09T12:29:02+00:00","dateModified":"2015-09-09T12:29:02+00:00","breadcrumb":{"@id":"https:\/\/hobstop.ee\/lv\/produkts\/tusa-nan-king-black\/#breadcrumb"},"inLanguage":"lv-LV","potentialAction":[{"@type":"ReadAction","target":["https:\/\/hobstop.ee\/lv\/produkts\/tusa-nan-king-black\/"]}]},{"@type":"ImageObject","inLanguage":"lv-LV","@id":"https:\/\/hobstop.ee\/lv\/produkts\/tusa-nan-king-black\/#primaryimage","url":"https:\/\/hobstop.ee\/media\/1938.jpg","contentUrl":"https:\/\/hobstop.ee\/media\/1938.jpg","width":1024,"height":768},{"@type":"BreadcrumbList","@id":"https:\/\/hobstop.ee\/lv\/produkts\/tusa-nan-king-black\/#breadcrumb","itemListElement":[{"@type":"ListItem","position":1,"name":"Avaleht","item":"https:\/\/www.hobstop.ee\/lv\/"},{"@type":"ListItem","position":2,"name":"Veikals","item":"https:\/\/www.hobstop.ee\/lv\/veikals\/"},{"@type":"ListItem","position":3,"name":"Tu\u0161a Nan-King black"}]},{"@type":"WebSite","@id":"https:\/\/hobstop.ee\/lv\/#website","url":"https:\/\/hobstop.ee\/lv\/","name":"Skizze","description":"M\u0101kslas, hobiju un skolas preces","publisher":{"@id":"https:\/\/hobstop.ee\/lv\/#organization"},"potentialAction":[{"@type":"SearchAction","target":{"@type":"EntryPoint","urlTemplate":"https:\/\/hobstop.ee\/lv\/?s={search_term_string}"},"query-input":{"@type":"PropertyValueSpecification","valueRequired":true,"valueName":"search_term_string"}}],"inLanguage":"lv-LV"},{"@type":"Organization","@id":"https:\/\/hobstop.ee\/lv\/#organization","name":"Vunder AS","url":"https:\/\/hobstop.ee\/lv\/","logo":{"@type":"ImageObject","inLanguage":"lv-LV","@id":"https:\/\/hobstop.ee\/lv\/#\/schema\/logo\/image\/","url":"https:\/\/hobstop.ee\/media\/vunder-logo.png","contentUrl":"https:\/\/hobstop.ee\/media\/vunder-logo.png","width":127,"height":55,"caption":"Vunder AS"},"image":{"@id":"https:\/\/hobstop.ee\/lv\/#\/schema\/logo\/image\/"},"sameAs":["http:\/\/www.facebook.com\/VunderSkizze"]}]}},"_links":{"self":[{"href":"https:\/\/hobstop.ee\/lv\/wp-json\/wp\/v2\/product\/214143","targetHints":{"allow":["GET"]}}],"collection":[{"href":"https:\/\/hobstop.ee\/lv\/wp-json\/wp\/v2\/product"}],"about":[{"href":"https:\/\/hobstop.ee\/lv\/wp-json\/wp\/v2\/types\/product"}],"replies":[{"embeddable":true,"href":"https:\/\/hobstop.ee\/lv\/wp-json\/wp\/v2\/comments?post=214143"}],"wp:featuredmedia":[{"embeddable":true,"href":"https:\/\/hobstop.ee\/lv\/wp-json\/wp\/v2\/media\/354119"}],"wp:attachment":[{"href":"https:\/\/hobstop.ee\/lv\/wp-json\/wp\/v2\/media?parent=214143"}],"wp:term":[{"taxonomy":"product_cat","embeddable":true,"href":"https:\/\/hobstop.ee\/lv\/wp-json\/wp\/v2\/product_cat?post=214143"},{"taxonomy":"product_tag","embeddable":true,"href":"https:\/\/hobstop.ee\/lv\/wp-json\/wp\/v2\/product_tag?post=214143"}],"curies":[{"name":"wp","href":"https:\/\/api.w.org\/{rel}","templated":true}]}}