{"id":214215,"date":"2015-06-01T15:29:53","date_gmt":"2015-09-09T12:29:53","guid":{"rendered":"http:\/\/vunder-ee.sn25.zone.eu\/lv\/product\/ellas-pasteli-louvre-2\/"},"modified":"2015-09-09T15:29:53","modified_gmt":"2015-09-09T12:29:53","slug":"ellas-pasteli-louvre-2","status":"publish","type":"product","link":"https:\/\/hobstop.ee\/lv\/produkts\/ellas-pasteli-louvre-2\/","title":{"rendered":"E\u013c\u013cas paste\u013ci  Louvre"},"content":{"rendered":"<p>\u0160ie paste\u013ci ir m\u012bksti, spilgti un mirdzo\u0161i. Ar e\u013c\u013cas paste\u013ciem var str\u0101d\u0101t da\u017e\u0101dos veidos: at\u0161\u0137\u0101id\u012bt ar \u0101tri \u017e\u016bsto\u0161o petroleju vai izlabot ar terpant\u012bnu lai rad\u012btu izmazg\u0101tus laukumus un kr\u0101su p\u0101reju, vai  uzkl\u0101t biez\u0101 k\u0101rt\u0101 un ieg\u016bt impasto efektu. Skaistus efektus iesp\u0113jams sasniegt uzkl\u0101jot vair\u0101kas kartas un tad izskr\u0101p\u0113jot z\u012bm\u0113jumu ar na\u017ea asmeni. Louvre paste\u013cus var uzkl\u0101t uz jebkura veida pap\u012bra vai audekla.<\/p>\n","protected":false},"excerpt":{"rendered":"<p>\u0160ie paste\u013ci ir m\u012bksti, spilgti un mirdzo\u0161i. Ar e\u013c\u013cas paste\u013ciem var str\u0101d\u0101t da\u017e\u0101dos veidos: at\u0161\u0137\u0101id\u012bt ar \u0101tri \u017e\u016bsto\u0161o petroleju vai izlabot ar terpant\u012bnu lai rad\u012btu izmazg\u0101tus laukumus un kr\u0101su p\u0101reju, vai uzkl\u0101t biez\u0101 k\u0101rt\u0101 un ieg\u016bt impasto efektu. Skaistus efektus iesp\u0113jams sasniegt uzkl\u0101jot vair\u0101kas kartas un tad izskr\u0101p\u0113jot z\u012bm\u0113jumu ar na\u017ea asmeni. Louvre paste\u013cus var uzkl\u0101t uz jebkura veida pap\u012bra vai audekla.<\/p>\n","protected":false},"featured_media":222707,"comment_status":"closed","ping_status":"closed","template":"","meta":{"_acf_changed":false,"ep_exclude_from_search":false},"product_cat":[18144,16123,18931],"product_tag":[],"class_list":{"0":"post-214215","1":"product","2":"type-product","3":"status-publish","4":"has-post-thumbnail","6":"product_cat-ellas-pastelkrasas","7":"product_cat-makslas-piederumi-2","8":"product_cat-zimesanas-piederumi-3","10":"first","11":"instock","12":"taxable","13":"shipping-taxable","14":"purchasable","15":"product-type-variable"},"acf":[],"yoast_head":"<!-- This site is optimized with the Yoast SEO plugin v24.1 - https:\/\/yoast.com\/wordpress\/plugins\/seo\/ -->\n<title>E\u013c\u013cas paste\u013ci Louvre &#8211; Skizze<\/title>\n<meta name=\"robots\" content=\"noindex, follow, max-snippet:-1, max-image-preview:large, max-video-preview:-1\" \/>\n<meta property=\"og:locale\" content=\"lv_LV\" \/>\n<meta property=\"og:type\" content=\"article\" \/>\n<meta property=\"og:title\" content=\"E\u013c\u013cas paste\u013ci Louvre &#8211; Skizze\" \/>\n<meta property=\"og:description\" content=\"\u0160ie paste\u013ci ir m\u012bksti, spilgti un mirdzo\u0161i. Ar e\u013c\u013cas paste\u013ciem var str\u0101d\u0101t da\u017e\u0101dos veidos: at\u0161\u0137\u0101id\u012bt ar \u0101tri \u017e\u016bsto\u0161o petroleju vai izlabot ar terpant\u012bnu lai rad\u012btu izmazg\u0101tus laukumus un kr\u0101su p\u0101reju, vai uzkl\u0101t biez\u0101 k\u0101rt\u0101 un ieg\u016bt impasto efektu. Skaistus efektus iesp\u0113jams sasniegt uzkl\u0101jot vair\u0101kas kartas un tad izskr\u0101p\u0113jot z\u012bm\u0113jumu ar na\u017ea asmeni. Louvre paste\u013cus var uzkl\u0101t uz jebkura veida pap\u012bra vai audekla.\" \/>\n<meta property=\"og:url\" content=\"https:\/\/hobstop.ee\/lv\/produkts\/ellas-pasteli-louvre-2\/\" \/>\n<meta property=\"og:site_name\" content=\"Skizze\" \/>\n<meta property=\"article:publisher\" content=\"http:\/\/www.facebook.com\/VunderSkizze\" \/>\n<meta property=\"og:image\" content=\"https:\/\/hobstop.ee\/media\/2069.jpg\" \/>\n\t<meta property=\"og:image:width\" content=\"1024\" \/>\n\t<meta property=\"og:image:height\" content=\"768\" \/>\n\t<meta property=\"og:image:type\" content=\"image\/jpeg\" \/>\n<meta name=\"twitter:card\" content=\"summary_large_image\" \/>\n<script type=\"application\/ld+json\" class=\"yoast-schema-graph\">{\"@context\":\"https:\/\/schema.org\",\"@graph\":[{\"@type\":\"WebPage\",\"@id\":\"https:\/\/hobstop.ee\/lv\/produkts\/ellas-pasteli-louvre-2\/\",\"url\":\"https:\/\/hobstop.ee\/lv\/produkts\/ellas-pasteli-louvre-2\/\",\"name\":\"E\u013c\u013cas paste\u013ci Louvre &#8211; Skizze\",\"isPartOf\":{\"@id\":\"https:\/\/hobstop.ee\/lv\/#website\"},\"primaryImageOfPage\":{\"@id\":\"https:\/\/hobstop.ee\/lv\/produkts\/ellas-pasteli-louvre-2\/#primaryimage\"},\"image\":{\"@id\":\"https:\/\/hobstop.ee\/lv\/produkts\/ellas-pasteli-louvre-2\/#primaryimage\"},\"thumbnailUrl\":\"https:\/\/hobstop.ee\/media\/2069.jpg\",\"datePublished\":\"2015-09-09T12:29:53+00:00\",\"dateModified\":\"2015-09-09T12:29:53+00:00\",\"breadcrumb\":{\"@id\":\"https:\/\/hobstop.ee\/lv\/produkts\/ellas-pasteli-louvre-2\/#breadcrumb\"},\"inLanguage\":\"lv-LV\",\"potentialAction\":[{\"@type\":\"ReadAction\",\"target\":[\"https:\/\/hobstop.ee\/lv\/produkts\/ellas-pasteli-louvre-2\/\"]}]},{\"@type\":\"ImageObject\",\"inLanguage\":\"lv-LV\",\"@id\":\"https:\/\/hobstop.ee\/lv\/produkts\/ellas-pasteli-louvre-2\/#primaryimage\",\"url\":\"https:\/\/hobstop.ee\/media\/2069.jpg\",\"contentUrl\":\"https:\/\/hobstop.ee\/media\/2069.jpg\",\"width\":1024,\"height\":768},{\"@type\":\"BreadcrumbList\",\"@id\":\"https:\/\/hobstop.ee\/lv\/produkts\/ellas-pasteli-louvre-2\/#breadcrumb\",\"itemListElement\":[{\"@type\":\"ListItem\",\"position\":1,\"name\":\"Avaleht\",\"item\":\"https:\/\/hobstop.ee\/lv\/\"},{\"@type\":\"ListItem\",\"position\":2,\"name\":\"Veikals\",\"item\":\"https:\/\/hobstop.ee\/lv\/veikals\/\"},{\"@type\":\"ListItem\",\"position\":3,\"name\":\"E\u013c\u013cas paste\u013ci Louvre\"}]},{\"@type\":\"WebSite\",\"@id\":\"https:\/\/hobstop.ee\/lv\/#website\",\"url\":\"https:\/\/hobstop.ee\/lv\/\",\"name\":\"Skizze\",\"description\":\"M\u0101kslas, hobiju un skolas preces\",\"publisher\":{\"@id\":\"https:\/\/hobstop.ee\/lv\/#organization\"},\"potentialAction\":[{\"@type\":\"SearchAction\",\"target\":{\"@type\":\"EntryPoint\",\"urlTemplate\":\"https:\/\/hobstop.ee\/lv\/?s={search_term_string}\"},\"query-input\":{\"@type\":\"PropertyValueSpecification\",\"valueRequired\":true,\"valueName\":\"search_term_string\"}}],\"inLanguage\":\"lv-LV\"},{\"@type\":\"Organization\",\"@id\":\"https:\/\/hobstop.ee\/lv\/#organization\",\"name\":\"Vunder AS\",\"url\":\"https:\/\/hobstop.ee\/lv\/\",\"logo\":{\"@type\":\"ImageObject\",\"inLanguage\":\"lv-LV\",\"@id\":\"https:\/\/hobstop.ee\/lv\/#\/schema\/logo\/image\/\",\"url\":\"https:\/\/hobstop.ee\/media\/vunder-logo.png\",\"contentUrl\":\"https:\/\/hobstop.ee\/media\/vunder-logo.png\",\"width\":127,\"height\":55,\"caption\":\"Vunder AS\"},\"image\":{\"@id\":\"https:\/\/hobstop.ee\/lv\/#\/schema\/logo\/image\/\"},\"sameAs\":[\"http:\/\/www.facebook.com\/VunderSkizze\"]}]}<\/script>\n<!-- \/ Yoast SEO plugin. -->","yoast_head_json":{"title":"E\u013c\u013cas paste\u013ci Louvre &#8211; Skizze","robots":{"index":"noindex","follow":"follow","max-snippet":"max-snippet:-1","max-image-preview":"max-image-preview:large","max-video-preview":"max-video-preview:-1"},"og_locale":"lv_LV","og_type":"article","og_title":"E\u013c\u013cas paste\u013ci Louvre &#8211; Skizze","og_description":"\u0160ie paste\u013ci ir m\u012bksti, spilgti un mirdzo\u0161i. Ar e\u013c\u013cas paste\u013ciem var str\u0101d\u0101t da\u017e\u0101dos veidos: at\u0161\u0137\u0101id\u012bt ar \u0101tri \u017e\u016bsto\u0161o petroleju vai izlabot ar terpant\u012bnu lai rad\u012btu izmazg\u0101tus laukumus un kr\u0101su p\u0101reju, vai uzkl\u0101t biez\u0101 k\u0101rt\u0101 un ieg\u016bt impasto efektu. Skaistus efektus iesp\u0113jams sasniegt uzkl\u0101jot vair\u0101kas kartas un tad izskr\u0101p\u0113jot z\u012bm\u0113jumu ar na\u017ea asmeni. Louvre paste\u013cus var uzkl\u0101t uz jebkura veida pap\u012bra vai audekla.","og_url":"https:\/\/hobstop.ee\/lv\/produkts\/ellas-pasteli-louvre-2\/","og_site_name":"Skizze","article_publisher":"http:\/\/www.facebook.com\/VunderSkizze","og_image":[{"width":1024,"height":768,"url":"https:\/\/hobstop.ee\/media\/2069.jpg","type":"image\/jpeg"}],"twitter_card":"summary_large_image","schema":{"@context":"https:\/\/schema.org","@graph":[{"@type":"WebPage","@id":"https:\/\/hobstop.ee\/lv\/produkts\/ellas-pasteli-louvre-2\/","url":"https:\/\/hobstop.ee\/lv\/produkts\/ellas-pasteli-louvre-2\/","name":"E\u013c\u013cas paste\u013ci Louvre &#8211; Skizze","isPartOf":{"@id":"https:\/\/hobstop.ee\/lv\/#website"},"primaryImageOfPage":{"@id":"https:\/\/hobstop.ee\/lv\/produkts\/ellas-pasteli-louvre-2\/#primaryimage"},"image":{"@id":"https:\/\/hobstop.ee\/lv\/produkts\/ellas-pasteli-louvre-2\/#primaryimage"},"thumbnailUrl":"https:\/\/hobstop.ee\/media\/2069.jpg","datePublished":"2015-09-09T12:29:53+00:00","dateModified":"2015-09-09T12:29:53+00:00","breadcrumb":{"@id":"https:\/\/hobstop.ee\/lv\/produkts\/ellas-pasteli-louvre-2\/#breadcrumb"},"inLanguage":"lv-LV","potentialAction":[{"@type":"ReadAction","target":["https:\/\/hobstop.ee\/lv\/produkts\/ellas-pasteli-louvre-2\/"]}]},{"@type":"ImageObject","inLanguage":"lv-LV","@id":"https:\/\/hobstop.ee\/lv\/produkts\/ellas-pasteli-louvre-2\/#primaryimage","url":"https:\/\/hobstop.ee\/media\/2069.jpg","contentUrl":"https:\/\/hobstop.ee\/media\/2069.jpg","width":1024,"height":768},{"@type":"BreadcrumbList","@id":"https:\/\/hobstop.ee\/lv\/produkts\/ellas-pasteli-louvre-2\/#breadcrumb","itemListElement":[{"@type":"ListItem","position":1,"name":"Avaleht","item":"https:\/\/hobstop.ee\/lv\/"},{"@type":"ListItem","position":2,"name":"Veikals","item":"https:\/\/hobstop.ee\/lv\/veikals\/"},{"@type":"ListItem","position":3,"name":"E\u013c\u013cas paste\u013ci Louvre"}]},{"@type":"WebSite","@id":"https:\/\/hobstop.ee\/lv\/#website","url":"https:\/\/hobstop.ee\/lv\/","name":"Skizze","description":"M\u0101kslas, hobiju un skolas preces","publisher":{"@id":"https:\/\/hobstop.ee\/lv\/#organization"},"potentialAction":[{"@type":"SearchAction","target":{"@type":"EntryPoint","urlTemplate":"https:\/\/hobstop.ee\/lv\/?s={search_term_string}"},"query-input":{"@type":"PropertyValueSpecification","valueRequired":true,"valueName":"search_term_string"}}],"inLanguage":"lv-LV"},{"@type":"Organization","@id":"https:\/\/hobstop.ee\/lv\/#organization","name":"Vunder AS","url":"https:\/\/hobstop.ee\/lv\/","logo":{"@type":"ImageObject","inLanguage":"lv-LV","@id":"https:\/\/hobstop.ee\/lv\/#\/schema\/logo\/image\/","url":"https:\/\/hobstop.ee\/media\/vunder-logo.png","contentUrl":"https:\/\/hobstop.ee\/media\/vunder-logo.png","width":127,"height":55,"caption":"Vunder AS"},"image":{"@id":"https:\/\/hobstop.ee\/lv\/#\/schema\/logo\/image\/"},"sameAs":["http:\/\/www.facebook.com\/VunderSkizze"]}]}},"_links":{"self":[{"href":"https:\/\/hobstop.ee\/lv\/wp-json\/wp\/v2\/product\/214215","targetHints":{"allow":["GET"]}}],"collection":[{"href":"https:\/\/hobstop.ee\/lv\/wp-json\/wp\/v2\/product"}],"about":[{"href":"https:\/\/hobstop.ee\/lv\/wp-json\/wp\/v2\/types\/product"}],"replies":[{"embeddable":true,"href":"https:\/\/hobstop.ee\/lv\/wp-json\/wp\/v2\/comments?post=214215"}],"wp:featuredmedia":[{"embeddable":true,"href":"https:\/\/hobstop.ee\/lv\/wp-json\/wp\/v2\/media\/222707"}],"wp:attachment":[{"href":"https:\/\/hobstop.ee\/lv\/wp-json\/wp\/v2\/media?parent=214215"}],"wp:term":[{"taxonomy":"product_cat","embeddable":true,"href":"https:\/\/hobstop.ee\/lv\/wp-json\/wp\/v2\/product_cat?post=214215"},{"taxonomy":"product_tag","embeddable":true,"href":"https:\/\/hobstop.ee\/lv\/wp-json\/wp\/v2\/product_tag?post=214215"}],"curies":[{"name":"wp","href":"https:\/\/api.w.org\/{rel}","templated":true}]}}