{"id":214223,"date":"2015-06-01T15:29:56","date_gmt":"2015-09-09T12:29:56","guid":{"rendered":"http:\/\/vunder-ee.sn25.zone.eu\/lv\/product\/ellas-krasa-winton-37ml-2\/"},"modified":"2015-09-09T15:29:56","modified_gmt":"2015-09-09T12:29:56","slug":"ellas-krasa-winton-37ml","status":"publish","type":"product","link":"https:\/\/hobstop.ee\/lv\/produkts\/ellas-krasa-winton-37ml\/","title":{"rendered":"E\u013c\u013cas kr\u0101sa Winton 37ml"},"content":{"rendered":"<p>Winsor&#038;Newton Winton e\u013c\u013cas kr\u0101sas piem\u0113rotas studentiem, amatiergleznot\u0101jiem un profesion\u0101liem m\u0101ksliniekiem, kas izmanto kr\u0101sas lielos apm\u0113ros. T\u0101s ir \u013coti augstas kvalit\u0101tes, tom\u0113r ekonomiskas e\u013c\u013cas kr\u0101sas. Winton apvieno lab\u0101k\u0101s Winsor&#038;Newton kr\u0101su ra\u017eo\u0161anas trad\u012bcijas ar moderno tehnolo\u0123iju. Nesamazinot pigmenta daudzumu kr\u0101s\u0101, cena pazemin\u0101ta, Winton e\u013c\u013cas kr\u0101s\u0101s izmantojot vid\u0113ji d\u0101rgus pigmentus, kas joproj\u0101m nodro\u0161ina labu kl\u0101juma un ton\u0113\u0161anas kvalit\u0101ti, tai skait\u0101 \u012bstus, lieliskas kvalit\u0101tes kadmija un kobalta to\u0146us. Ikviena Winton e\u013c\u013cas kr\u0101sa ir atsevi\u0161\u0137i rad\u012bta, lai izceltu dot\u0101 pigmenta lab\u0101k\u0101s dabisk\u0101s \u012bpa\u0161\u012bbas. Winton e\u013c\u013cas kr\u0101sas pied\u0101v\u0101 lielisku otas un na\u017ea triepienu saglab\u0101\u0161anu.<\/p>\n","protected":false},"excerpt":{"rendered":"<p>Winsor&#038;Newton Winton e\u013c\u013cas kr\u0101sas piem\u0113rotas studentiem, amatiergleznot\u0101jiem un profesion\u0101liem m\u0101ksliniekiem, kas izmanto kr\u0101sas lielos apm\u0113ros. T\u0101s ir \u013coti augstas kvalit\u0101tes, tom\u0113r ekonomiskas e\u013c\u013cas kr\u0101sas. Winton apvieno lab\u0101k\u0101s Winsor&#038;Newton kr\u0101su ra\u017eo\u0161anas trad\u012bcijas ar moderno tehnolo\u0123iju. Nesamazinot pigmenta daudzumu kr\u0101s\u0101, cena pazemin\u0101ta, Winton e\u013c\u013cas kr\u0101s\u0101s izmantojot vid\u0113ji d\u0101rgus pigmentus, kas joproj\u0101m nodro\u0161ina labu kl\u0101juma un ton\u0113\u0161anas kvalit\u0101ti, tai skait\u0101 \u012bstus, lieliskas kvalit\u0101tes kadmija un kobalta to\u0146us. Ikviena Winton e\u013c\u013cas kr\u0101sa ir atsevi\u0161\u0137i rad\u012bta, lai izceltu dot\u0101 pigmenta lab\u0101k\u0101s dabisk\u0101s \u012bpa\u0161\u012bbas. Winton e\u013c\u013cas kr\u0101sas pied\u0101v\u0101 lielisku otas un na\u017ea triepienu saglab\u0101\u0161anu.<\/p>\n","protected":false},"featured_media":222715,"comment_status":"closed","ping_status":"closed","template":"","meta":{"_acf_changed":false,"ep_exclude_from_search":false},"product_cat":[18165,17980,16123],"product_tag":[],"class_list":{"0":"post-214223","1":"product","2":"type-product","3":"status-publish","4":"has-post-thumbnail","6":"product_cat-ellas-krasas-3","7":"product_cat-krasas-un-gleznosanas-paligmateriali","8":"product_cat-makslas-piederumi-2","10":"first","11":"instock","12":"taxable","13":"shipping-taxable","14":"purchasable","15":"product-type-variable"},"acf":[],"yoast_head":"<!-- This site is optimized with the Yoast SEO plugin v24.1 - https:\/\/yoast.com\/wordpress\/plugins\/seo\/ -->\n<title>E\u013c\u013cas kr\u0101sa Winton 37ml &#8211; Skizze<\/title>\n<meta name=\"robots\" content=\"noindex, follow, max-snippet:-1, max-image-preview:large, max-video-preview:-1\" \/>\n<meta property=\"og:locale\" content=\"lv_LV\" \/>\n<meta property=\"og:type\" content=\"article\" \/>\n<meta property=\"og:title\" content=\"E\u013c\u013cas kr\u0101sa Winton 37ml &#8211; Skizze\" \/>\n<meta property=\"og:description\" content=\"Winsor&#038;Newton Winton e\u013c\u013cas kr\u0101sas piem\u0113rotas studentiem, amatiergleznot\u0101jiem un profesion\u0101liem m\u0101ksliniekiem, kas izmanto kr\u0101sas lielos apm\u0113ros. T\u0101s ir \u013coti augstas kvalit\u0101tes, tom\u0113r ekonomiskas e\u013c\u013cas kr\u0101sas. Winton apvieno lab\u0101k\u0101s Winsor&#038;Newton kr\u0101su ra\u017eo\u0161anas trad\u012bcijas ar moderno tehnolo\u0123iju. Nesamazinot pigmenta daudzumu kr\u0101s\u0101, cena pazemin\u0101ta, Winton e\u013c\u013cas kr\u0101s\u0101s izmantojot vid\u0113ji d\u0101rgus pigmentus, kas joproj\u0101m nodro\u0161ina labu kl\u0101juma un ton\u0113\u0161anas kvalit\u0101ti, tai skait\u0101 \u012bstus, lieliskas kvalit\u0101tes kadmija un kobalta to\u0146us. Ikviena Winton e\u013c\u013cas kr\u0101sa ir atsevi\u0161\u0137i rad\u012bta, lai izceltu dot\u0101 pigmenta lab\u0101k\u0101s dabisk\u0101s \u012bpa\u0161\u012bbas. Winton e\u013c\u013cas kr\u0101sas pied\u0101v\u0101 lielisku otas un na\u017ea triepienu saglab\u0101\u0161anu.\" \/>\n<meta property=\"og:url\" content=\"https:\/\/hobstop.ee\/lv\/produkts\/ellas-krasa-winton-37ml\/\" \/>\n<meta property=\"og:site_name\" content=\"Skizze\" \/>\n<meta property=\"article:publisher\" content=\"http:\/\/www.facebook.com\/VunderSkizze\" \/>\n<meta property=\"og:image\" content=\"https:\/\/hobstop.ee\/media\/2072.jpg\" \/>\n\t<meta property=\"og:image:width\" content=\"1024\" \/>\n\t<meta property=\"og:image:height\" content=\"768\" \/>\n\t<meta property=\"og:image:type\" content=\"image\/jpeg\" \/>\n<meta name=\"twitter:card\" content=\"summary_large_image\" \/>\n<meta name=\"twitter:label1\" content=\"Est. reading time\" \/>\n\t<meta name=\"twitter:data1\" content=\"1 min\u016b\u0161u\" \/>\n<script type=\"application\/ld+json\" class=\"yoast-schema-graph\">{\"@context\":\"https:\/\/schema.org\",\"@graph\":[{\"@type\":\"WebPage\",\"@id\":\"https:\/\/hobstop.ee\/lv\/produkts\/ellas-krasa-winton-37ml\/\",\"url\":\"https:\/\/hobstop.ee\/lv\/produkts\/ellas-krasa-winton-37ml\/\",\"name\":\"E\u013c\u013cas kr\u0101sa Winton 37ml &#8211; Skizze\",\"isPartOf\":{\"@id\":\"https:\/\/hobstop.ee\/lv\/#website\"},\"primaryImageOfPage\":{\"@id\":\"https:\/\/hobstop.ee\/lv\/produkts\/ellas-krasa-winton-37ml\/#primaryimage\"},\"image\":{\"@id\":\"https:\/\/hobstop.ee\/lv\/produkts\/ellas-krasa-winton-37ml\/#primaryimage\"},\"thumbnailUrl\":\"https:\/\/hobstop.ee\/media\/2072.jpg\",\"datePublished\":\"2015-09-09T12:29:56+00:00\",\"dateModified\":\"2015-09-09T12:29:56+00:00\",\"breadcrumb\":{\"@id\":\"https:\/\/hobstop.ee\/lv\/produkts\/ellas-krasa-winton-37ml\/#breadcrumb\"},\"inLanguage\":\"lv-LV\",\"potentialAction\":[{\"@type\":\"ReadAction\",\"target\":[\"https:\/\/hobstop.ee\/lv\/produkts\/ellas-krasa-winton-37ml\/\"]}]},{\"@type\":\"ImageObject\",\"inLanguage\":\"lv-LV\",\"@id\":\"https:\/\/hobstop.ee\/lv\/produkts\/ellas-krasa-winton-37ml\/#primaryimage\",\"url\":\"https:\/\/hobstop.ee\/media\/2072.jpg\",\"contentUrl\":\"https:\/\/hobstop.ee\/media\/2072.jpg\",\"width\":1024,\"height\":768},{\"@type\":\"BreadcrumbList\",\"@id\":\"https:\/\/hobstop.ee\/lv\/produkts\/ellas-krasa-winton-37ml\/#breadcrumb\",\"itemListElement\":[{\"@type\":\"ListItem\",\"position\":1,\"name\":\"Avaleht\",\"item\":\"https:\/\/www.hobstop.ee\/lv\/\"},{\"@type\":\"ListItem\",\"position\":2,\"name\":\"Veikals\",\"item\":\"https:\/\/www.hobstop.ee\/lv\/veikals\/\"},{\"@type\":\"ListItem\",\"position\":3,\"name\":\"E\u013c\u013cas kr\u0101sa Winton 37ml\"}]},{\"@type\":\"WebSite\",\"@id\":\"https:\/\/hobstop.ee\/lv\/#website\",\"url\":\"https:\/\/hobstop.ee\/lv\/\",\"name\":\"Skizze\",\"description\":\"M\u0101kslas, hobiju un skolas preces\",\"publisher\":{\"@id\":\"https:\/\/hobstop.ee\/lv\/#organization\"},\"potentialAction\":[{\"@type\":\"SearchAction\",\"target\":{\"@type\":\"EntryPoint\",\"urlTemplate\":\"https:\/\/hobstop.ee\/lv\/?s={search_term_string}\"},\"query-input\":{\"@type\":\"PropertyValueSpecification\",\"valueRequired\":true,\"valueName\":\"search_term_string\"}}],\"inLanguage\":\"lv-LV\"},{\"@type\":\"Organization\",\"@id\":\"https:\/\/hobstop.ee\/lv\/#organization\",\"name\":\"Vunder AS\",\"url\":\"https:\/\/hobstop.ee\/lv\/\",\"logo\":{\"@type\":\"ImageObject\",\"inLanguage\":\"lv-LV\",\"@id\":\"https:\/\/hobstop.ee\/lv\/#\/schema\/logo\/image\/\",\"url\":\"https:\/\/hobstop.ee\/media\/vunder-logo.png\",\"contentUrl\":\"https:\/\/hobstop.ee\/media\/vunder-logo.png\",\"width\":127,\"height\":55,\"caption\":\"Vunder AS\"},\"image\":{\"@id\":\"https:\/\/hobstop.ee\/lv\/#\/schema\/logo\/image\/\"},\"sameAs\":[\"http:\/\/www.facebook.com\/VunderSkizze\"]}]}<\/script>\n<!-- \/ Yoast SEO plugin. -->","yoast_head_json":{"title":"E\u013c\u013cas kr\u0101sa Winton 37ml &#8211; Skizze","robots":{"index":"noindex","follow":"follow","max-snippet":"max-snippet:-1","max-image-preview":"max-image-preview:large","max-video-preview":"max-video-preview:-1"},"og_locale":"lv_LV","og_type":"article","og_title":"E\u013c\u013cas kr\u0101sa Winton 37ml &#8211; Skizze","og_description":"Winsor&#038;Newton Winton e\u013c\u013cas kr\u0101sas piem\u0113rotas studentiem, amatiergleznot\u0101jiem un profesion\u0101liem m\u0101ksliniekiem, kas izmanto kr\u0101sas lielos apm\u0113ros. T\u0101s ir \u013coti augstas kvalit\u0101tes, tom\u0113r ekonomiskas e\u013c\u013cas kr\u0101sas. Winton apvieno lab\u0101k\u0101s Winsor&#038;Newton kr\u0101su ra\u017eo\u0161anas trad\u012bcijas ar moderno tehnolo\u0123iju. Nesamazinot pigmenta daudzumu kr\u0101s\u0101, cena pazemin\u0101ta, Winton e\u013c\u013cas kr\u0101s\u0101s izmantojot vid\u0113ji d\u0101rgus pigmentus, kas joproj\u0101m nodro\u0161ina labu kl\u0101juma un ton\u0113\u0161anas kvalit\u0101ti, tai skait\u0101 \u012bstus, lieliskas kvalit\u0101tes kadmija un kobalta to\u0146us. Ikviena Winton e\u013c\u013cas kr\u0101sa ir atsevi\u0161\u0137i rad\u012bta, lai izceltu dot\u0101 pigmenta lab\u0101k\u0101s dabisk\u0101s \u012bpa\u0161\u012bbas. Winton e\u013c\u013cas kr\u0101sas pied\u0101v\u0101 lielisku otas un na\u017ea triepienu saglab\u0101\u0161anu.","og_url":"https:\/\/hobstop.ee\/lv\/produkts\/ellas-krasa-winton-37ml\/","og_site_name":"Skizze","article_publisher":"http:\/\/www.facebook.com\/VunderSkizze","og_image":[{"width":1024,"height":768,"url":"https:\/\/hobstop.ee\/media\/2072.jpg","type":"image\/jpeg"}],"twitter_card":"summary_large_image","twitter_misc":{"Est. reading time":"1 min\u016b\u0161u"},"schema":{"@context":"https:\/\/schema.org","@graph":[{"@type":"WebPage","@id":"https:\/\/hobstop.ee\/lv\/produkts\/ellas-krasa-winton-37ml\/","url":"https:\/\/hobstop.ee\/lv\/produkts\/ellas-krasa-winton-37ml\/","name":"E\u013c\u013cas kr\u0101sa Winton 37ml &#8211; Skizze","isPartOf":{"@id":"https:\/\/hobstop.ee\/lv\/#website"},"primaryImageOfPage":{"@id":"https:\/\/hobstop.ee\/lv\/produkts\/ellas-krasa-winton-37ml\/#primaryimage"},"image":{"@id":"https:\/\/hobstop.ee\/lv\/produkts\/ellas-krasa-winton-37ml\/#primaryimage"},"thumbnailUrl":"https:\/\/hobstop.ee\/media\/2072.jpg","datePublished":"2015-09-09T12:29:56+00:00","dateModified":"2015-09-09T12:29:56+00:00","breadcrumb":{"@id":"https:\/\/hobstop.ee\/lv\/produkts\/ellas-krasa-winton-37ml\/#breadcrumb"},"inLanguage":"lv-LV","potentialAction":[{"@type":"ReadAction","target":["https:\/\/hobstop.ee\/lv\/produkts\/ellas-krasa-winton-37ml\/"]}]},{"@type":"ImageObject","inLanguage":"lv-LV","@id":"https:\/\/hobstop.ee\/lv\/produkts\/ellas-krasa-winton-37ml\/#primaryimage","url":"https:\/\/hobstop.ee\/media\/2072.jpg","contentUrl":"https:\/\/hobstop.ee\/media\/2072.jpg","width":1024,"height":768},{"@type":"BreadcrumbList","@id":"https:\/\/hobstop.ee\/lv\/produkts\/ellas-krasa-winton-37ml\/#breadcrumb","itemListElement":[{"@type":"ListItem","position":1,"name":"Avaleht","item":"https:\/\/www.hobstop.ee\/lv\/"},{"@type":"ListItem","position":2,"name":"Veikals","item":"https:\/\/www.hobstop.ee\/lv\/veikals\/"},{"@type":"ListItem","position":3,"name":"E\u013c\u013cas kr\u0101sa Winton 37ml"}]},{"@type":"WebSite","@id":"https:\/\/hobstop.ee\/lv\/#website","url":"https:\/\/hobstop.ee\/lv\/","name":"Skizze","description":"M\u0101kslas, hobiju un skolas preces","publisher":{"@id":"https:\/\/hobstop.ee\/lv\/#organization"},"potentialAction":[{"@type":"SearchAction","target":{"@type":"EntryPoint","urlTemplate":"https:\/\/hobstop.ee\/lv\/?s={search_term_string}"},"query-input":{"@type":"PropertyValueSpecification","valueRequired":true,"valueName":"search_term_string"}}],"inLanguage":"lv-LV"},{"@type":"Organization","@id":"https:\/\/hobstop.ee\/lv\/#organization","name":"Vunder AS","url":"https:\/\/hobstop.ee\/lv\/","logo":{"@type":"ImageObject","inLanguage":"lv-LV","@id":"https:\/\/hobstop.ee\/lv\/#\/schema\/logo\/image\/","url":"https:\/\/hobstop.ee\/media\/vunder-logo.png","contentUrl":"https:\/\/hobstop.ee\/media\/vunder-logo.png","width":127,"height":55,"caption":"Vunder AS"},"image":{"@id":"https:\/\/hobstop.ee\/lv\/#\/schema\/logo\/image\/"},"sameAs":["http:\/\/www.facebook.com\/VunderSkizze"]}]}},"_links":{"self":[{"href":"https:\/\/hobstop.ee\/lv\/wp-json\/wp\/v2\/product\/214223","targetHints":{"allow":["GET"]}}],"collection":[{"href":"https:\/\/hobstop.ee\/lv\/wp-json\/wp\/v2\/product"}],"about":[{"href":"https:\/\/hobstop.ee\/lv\/wp-json\/wp\/v2\/types\/product"}],"replies":[{"embeddable":true,"href":"https:\/\/hobstop.ee\/lv\/wp-json\/wp\/v2\/comments?post=214223"}],"wp:featuredmedia":[{"embeddable":true,"href":"https:\/\/hobstop.ee\/lv\/wp-json\/wp\/v2\/media\/222715"}],"wp:attachment":[{"href":"https:\/\/hobstop.ee\/lv\/wp-json\/wp\/v2\/media?parent=214223"}],"wp:term":[{"taxonomy":"product_cat","embeddable":true,"href":"https:\/\/hobstop.ee\/lv\/wp-json\/wp\/v2\/product_cat?post=214223"},{"taxonomy":"product_tag","embeddable":true,"href":"https:\/\/hobstop.ee\/lv\/wp-json\/wp\/v2\/product_tag?post=214223"}],"curies":[{"name":"wp","href":"https:\/\/api.w.org\/{rel}","templated":true}]}}