{"id":214259,"date":"2015-06-01T15:30:15","date_gmt":"2015-09-09T12:30:15","guid":{"rendered":"http:\/\/vunder-ee.sn25.zone.eu\/lv\/product\/medijs-ellas-krasai-vibert-75ml-1252\/"},"modified":"2015-09-09T15:30:15","modified_gmt":"2015-09-09T12:30:15","slug":"medijs-ellas-krasai-lb-vibert","status":"publish","type":"product","link":"https:\/\/hobstop.ee\/lv\/produkts\/medijs-ellas-krasai-lb-vibert\/","title":{"rendered":"Medijs e\u013c\u013cas kr\u0101sai L&#038;B Vibert"},"content":{"rendered":"<p>J.G. Vibert glezno\u0161anas m\u0113dija galven\u0101 iez\u012bme ir nodro\u0161in\u0101t pilnv\u0113rt\u012bgu kr\u0101su konsistenci. Tas ir noder\u012bgs, turot kr\u0101su \u201catv\u0113rtu\u201d (svaigu un der\u012bgu darbam) ilg\u0101ka laika period\u0101. Ja nepiecie\u0161ams biezin\u0101t \u017e\u016b\u0161anas procesu, \u0161is m\u0113dijs j\u0101izmanto piln\u0101 m\u0113r\u0101 vai j\u0101sajauc ar J.G. Vibert retu\u0161\u0113\u0161anas laku vai \u0101tri \u017e\u016bsto\u0161o petroleju.<\/p>\n","protected":false},"excerpt":{"rendered":"<p>J.G. Vibert glezno\u0161anas m\u0113dija galven\u0101 iez\u012bme ir nodro\u0161in\u0101t pilnv\u0113rt\u012bgu kr\u0101su konsistenci. Tas ir noder\u012bgs, turot kr\u0101su \u201catv\u0113rtu\u201d (svaigu un der\u012bgu darbam) ilg\u0101ka laika period\u0101. Ja nepiecie\u0161ams biezin\u0101t \u017e\u016b\u0161anas procesu, \u0161is m\u0113dijs j\u0101izmanto piln\u0101 m\u0113r\u0101 vai j\u0101sajauc ar J.G. Vibert retu\u0161\u0113\u0161anas laku vai \u0101tri \u017e\u016bsto\u0161o petroleju.<\/p>\n","protected":false},"featured_media":298035,"comment_status":"closed","ping_status":"closed","template":"","meta":{"_acf_changed":false,"ep_exclude_from_search":false},"product_cat":[18364,17980,16123],"product_tag":[],"class_list":{"0":"post-214259","1":"product","2":"type-product","3":"status-publish","4":"has-post-thumbnail","6":"product_cat-ellas-krasu-piedevas","7":"product_cat-krasas-un-gleznosanas-paligmateriali","8":"product_cat-makslas-piederumi-2","10":"first","11":"instock","12":"taxable","13":"shipping-taxable","14":"purchasable","15":"product-type-variable"},"acf":[],"yoast_head":"<!-- This site is optimized with the Yoast SEO plugin v24.1 - https:\/\/yoast.com\/wordpress\/plugins\/seo\/ -->\n<title>Medijs e\u013c\u013cas kr\u0101sai L&amp;B Vibert &#8211; Skizze<\/title>\n<meta name=\"robots\" content=\"noindex, follow, max-snippet:-1, max-image-preview:large, max-video-preview:-1\" \/>\n<meta property=\"og:locale\" content=\"lv_LV\" \/>\n<meta property=\"og:type\" content=\"article\" \/>\n<meta property=\"og:title\" content=\"Medijs e\u013c\u013cas kr\u0101sai L&amp;B Vibert &#8211; Skizze\" \/>\n<meta property=\"og:description\" content=\"J.G. Vibert glezno\u0161anas m\u0113dija galven\u0101 iez\u012bme ir nodro\u0161in\u0101t pilnv\u0113rt\u012bgu kr\u0101su konsistenci. Tas ir noder\u012bgs, turot kr\u0101su \u201catv\u0113rtu\u201d (svaigu un der\u012bgu darbam) ilg\u0101ka laika period\u0101. Ja nepiecie\u0161ams biezin\u0101t \u017e\u016b\u0161anas procesu, \u0161is m\u0113dijs j\u0101izmanto piln\u0101 m\u0113r\u0101 vai j\u0101sajauc ar J.G. Vibert retu\u0161\u0113\u0161anas laku vai \u0101tri \u017e\u016bsto\u0161o petroleju.\" \/>\n<meta property=\"og:url\" content=\"https:\/\/hobstop.ee\/lv\/produkts\/medijs-ellas-krasai-lb-vibert\/\" \/>\n<meta property=\"og:site_name\" content=\"Skizze\" \/>\n<meta property=\"article:publisher\" content=\"http:\/\/www.facebook.com\/VunderSkizze\" \/>\n<meta property=\"og:image\" content=\"https:\/\/hobstop.ee\/media\/2085.jpg\" \/>\n\t<meta property=\"og:image:width\" content=\"1024\" \/>\n\t<meta property=\"og:image:height\" content=\"768\" \/>\n\t<meta property=\"og:image:type\" content=\"image\/jpeg\" \/>\n<meta name=\"twitter:card\" content=\"summary_large_image\" \/>\n<script type=\"application\/ld+json\" class=\"yoast-schema-graph\">{\"@context\":\"https:\/\/schema.org\",\"@graph\":[{\"@type\":\"WebPage\",\"@id\":\"https:\/\/hobstop.ee\/lv\/produkts\/medijs-ellas-krasai-lb-vibert\/\",\"url\":\"https:\/\/hobstop.ee\/lv\/produkts\/medijs-ellas-krasai-lb-vibert\/\",\"name\":\"Medijs e\u013c\u013cas kr\u0101sai L&B Vibert &#8211; Skizze\",\"isPartOf\":{\"@id\":\"https:\/\/hobstop.ee\/lv\/#website\"},\"primaryImageOfPage\":{\"@id\":\"https:\/\/hobstop.ee\/lv\/produkts\/medijs-ellas-krasai-lb-vibert\/#primaryimage\"},\"image\":{\"@id\":\"https:\/\/hobstop.ee\/lv\/produkts\/medijs-ellas-krasai-lb-vibert\/#primaryimage\"},\"thumbnailUrl\":\"https:\/\/hobstop.ee\/media\/2085.jpg\",\"datePublished\":\"2015-09-09T12:30:15+00:00\",\"dateModified\":\"2015-09-09T12:30:15+00:00\",\"breadcrumb\":{\"@id\":\"https:\/\/hobstop.ee\/lv\/produkts\/medijs-ellas-krasai-lb-vibert\/#breadcrumb\"},\"inLanguage\":\"lv-LV\",\"potentialAction\":[{\"@type\":\"ReadAction\",\"target\":[\"https:\/\/hobstop.ee\/lv\/produkts\/medijs-ellas-krasai-lb-vibert\/\"]}]},{\"@type\":\"ImageObject\",\"inLanguage\":\"lv-LV\",\"@id\":\"https:\/\/hobstop.ee\/lv\/produkts\/medijs-ellas-krasai-lb-vibert\/#primaryimage\",\"url\":\"https:\/\/hobstop.ee\/media\/2085.jpg\",\"contentUrl\":\"https:\/\/hobstop.ee\/media\/2085.jpg\",\"width\":1024,\"height\":768},{\"@type\":\"BreadcrumbList\",\"@id\":\"https:\/\/hobstop.ee\/lv\/produkts\/medijs-ellas-krasai-lb-vibert\/#breadcrumb\",\"itemListElement\":[{\"@type\":\"ListItem\",\"position\":1,\"name\":\"Avaleht\",\"item\":\"https:\/\/hobstop.ee\/lv\/\"},{\"@type\":\"ListItem\",\"position\":2,\"name\":\"Veikals\",\"item\":\"https:\/\/hobstop.ee\/lv\/veikals\/\"},{\"@type\":\"ListItem\",\"position\":3,\"name\":\"Medijs e\u013c\u013cas kr\u0101sai L&#038;B Vibert\"}]},{\"@type\":\"WebSite\",\"@id\":\"https:\/\/hobstop.ee\/lv\/#website\",\"url\":\"https:\/\/hobstop.ee\/lv\/\",\"name\":\"Skizze\",\"description\":\"M\u0101kslas, hobiju un skolas preces\",\"publisher\":{\"@id\":\"https:\/\/hobstop.ee\/lv\/#organization\"},\"potentialAction\":[{\"@type\":\"SearchAction\",\"target\":{\"@type\":\"EntryPoint\",\"urlTemplate\":\"https:\/\/hobstop.ee\/lv\/?s={search_term_string}\"},\"query-input\":{\"@type\":\"PropertyValueSpecification\",\"valueRequired\":true,\"valueName\":\"search_term_string\"}}],\"inLanguage\":\"lv-LV\"},{\"@type\":\"Organization\",\"@id\":\"https:\/\/hobstop.ee\/lv\/#organization\",\"name\":\"Vunder AS\",\"url\":\"https:\/\/hobstop.ee\/lv\/\",\"logo\":{\"@type\":\"ImageObject\",\"inLanguage\":\"lv-LV\",\"@id\":\"https:\/\/hobstop.ee\/lv\/#\/schema\/logo\/image\/\",\"url\":\"https:\/\/hobstop.ee\/media\/vunder-logo.png\",\"contentUrl\":\"https:\/\/hobstop.ee\/media\/vunder-logo.png\",\"width\":127,\"height\":55,\"caption\":\"Vunder AS\"},\"image\":{\"@id\":\"https:\/\/hobstop.ee\/lv\/#\/schema\/logo\/image\/\"},\"sameAs\":[\"http:\/\/www.facebook.com\/VunderSkizze\"]}]}<\/script>\n<!-- \/ Yoast SEO plugin. -->","yoast_head_json":{"title":"Medijs e\u013c\u013cas kr\u0101sai L&B Vibert &#8211; Skizze","robots":{"index":"noindex","follow":"follow","max-snippet":"max-snippet:-1","max-image-preview":"max-image-preview:large","max-video-preview":"max-video-preview:-1"},"og_locale":"lv_LV","og_type":"article","og_title":"Medijs e\u013c\u013cas kr\u0101sai L&B Vibert &#8211; Skizze","og_description":"J.G. Vibert glezno\u0161anas m\u0113dija galven\u0101 iez\u012bme ir nodro\u0161in\u0101t pilnv\u0113rt\u012bgu kr\u0101su konsistenci. Tas ir noder\u012bgs, turot kr\u0101su \u201catv\u0113rtu\u201d (svaigu un der\u012bgu darbam) ilg\u0101ka laika period\u0101. Ja nepiecie\u0161ams biezin\u0101t \u017e\u016b\u0161anas procesu, \u0161is m\u0113dijs j\u0101izmanto piln\u0101 m\u0113r\u0101 vai j\u0101sajauc ar J.G. Vibert retu\u0161\u0113\u0161anas laku vai \u0101tri \u017e\u016bsto\u0161o petroleju.","og_url":"https:\/\/hobstop.ee\/lv\/produkts\/medijs-ellas-krasai-lb-vibert\/","og_site_name":"Skizze","article_publisher":"http:\/\/www.facebook.com\/VunderSkizze","og_image":[{"width":1024,"height":768,"url":"https:\/\/hobstop.ee\/media\/2085.jpg","type":"image\/jpeg"}],"twitter_card":"summary_large_image","schema":{"@context":"https:\/\/schema.org","@graph":[{"@type":"WebPage","@id":"https:\/\/hobstop.ee\/lv\/produkts\/medijs-ellas-krasai-lb-vibert\/","url":"https:\/\/hobstop.ee\/lv\/produkts\/medijs-ellas-krasai-lb-vibert\/","name":"Medijs e\u013c\u013cas kr\u0101sai L&B Vibert &#8211; Skizze","isPartOf":{"@id":"https:\/\/hobstop.ee\/lv\/#website"},"primaryImageOfPage":{"@id":"https:\/\/hobstop.ee\/lv\/produkts\/medijs-ellas-krasai-lb-vibert\/#primaryimage"},"image":{"@id":"https:\/\/hobstop.ee\/lv\/produkts\/medijs-ellas-krasai-lb-vibert\/#primaryimage"},"thumbnailUrl":"https:\/\/hobstop.ee\/media\/2085.jpg","datePublished":"2015-09-09T12:30:15+00:00","dateModified":"2015-09-09T12:30:15+00:00","breadcrumb":{"@id":"https:\/\/hobstop.ee\/lv\/produkts\/medijs-ellas-krasai-lb-vibert\/#breadcrumb"},"inLanguage":"lv-LV","potentialAction":[{"@type":"ReadAction","target":["https:\/\/hobstop.ee\/lv\/produkts\/medijs-ellas-krasai-lb-vibert\/"]}]},{"@type":"ImageObject","inLanguage":"lv-LV","@id":"https:\/\/hobstop.ee\/lv\/produkts\/medijs-ellas-krasai-lb-vibert\/#primaryimage","url":"https:\/\/hobstop.ee\/media\/2085.jpg","contentUrl":"https:\/\/hobstop.ee\/media\/2085.jpg","width":1024,"height":768},{"@type":"BreadcrumbList","@id":"https:\/\/hobstop.ee\/lv\/produkts\/medijs-ellas-krasai-lb-vibert\/#breadcrumb","itemListElement":[{"@type":"ListItem","position":1,"name":"Avaleht","item":"https:\/\/hobstop.ee\/lv\/"},{"@type":"ListItem","position":2,"name":"Veikals","item":"https:\/\/hobstop.ee\/lv\/veikals\/"},{"@type":"ListItem","position":3,"name":"Medijs e\u013c\u013cas kr\u0101sai L&#038;B Vibert"}]},{"@type":"WebSite","@id":"https:\/\/hobstop.ee\/lv\/#website","url":"https:\/\/hobstop.ee\/lv\/","name":"Skizze","description":"M\u0101kslas, hobiju un skolas preces","publisher":{"@id":"https:\/\/hobstop.ee\/lv\/#organization"},"potentialAction":[{"@type":"SearchAction","target":{"@type":"EntryPoint","urlTemplate":"https:\/\/hobstop.ee\/lv\/?s={search_term_string}"},"query-input":{"@type":"PropertyValueSpecification","valueRequired":true,"valueName":"search_term_string"}}],"inLanguage":"lv-LV"},{"@type":"Organization","@id":"https:\/\/hobstop.ee\/lv\/#organization","name":"Vunder AS","url":"https:\/\/hobstop.ee\/lv\/","logo":{"@type":"ImageObject","inLanguage":"lv-LV","@id":"https:\/\/hobstop.ee\/lv\/#\/schema\/logo\/image\/","url":"https:\/\/hobstop.ee\/media\/vunder-logo.png","contentUrl":"https:\/\/hobstop.ee\/media\/vunder-logo.png","width":127,"height":55,"caption":"Vunder AS"},"image":{"@id":"https:\/\/hobstop.ee\/lv\/#\/schema\/logo\/image\/"},"sameAs":["http:\/\/www.facebook.com\/VunderSkizze"]}]}},"_links":{"self":[{"href":"https:\/\/hobstop.ee\/lv\/wp-json\/wp\/v2\/product\/214259","targetHints":{"allow":["GET"]}}],"collection":[{"href":"https:\/\/hobstop.ee\/lv\/wp-json\/wp\/v2\/product"}],"about":[{"href":"https:\/\/hobstop.ee\/lv\/wp-json\/wp\/v2\/types\/product"}],"replies":[{"embeddable":true,"href":"https:\/\/hobstop.ee\/lv\/wp-json\/wp\/v2\/comments?post=214259"}],"wp:featuredmedia":[{"embeddable":true,"href":"https:\/\/hobstop.ee\/lv\/wp-json\/wp\/v2\/media\/298035"}],"wp:attachment":[{"href":"https:\/\/hobstop.ee\/lv\/wp-json\/wp\/v2\/media?parent=214259"}],"wp:term":[{"taxonomy":"product_cat","embeddable":true,"href":"https:\/\/hobstop.ee\/lv\/wp-json\/wp\/v2\/product_cat?post=214259"},{"taxonomy":"product_tag","embeddable":true,"href":"https:\/\/hobstop.ee\/lv\/wp-json\/wp\/v2\/product_tag?post=214259"}],"curies":[{"name":"wp","href":"https:\/\/api.w.org\/{rel}","templated":true}]}}