{"id":214275,"date":"2015-05-06T15:30:24","date_gmt":"2015-05-06T15:30:24","guid":{"rendered":"http:\/\/vunder-ee.sn25.zone.eu\/lv\/product\/tinte-zimesanai-lb-education-250ml-2\/"},"modified":"2015-09-09T15:30:23","modified_gmt":"2015-09-09T12:30:23","slug":"tinte-zimesanai-lb-education-250ml","status":"publish","type":"product","link":"https:\/\/hobstop.ee\/lv\/produkts\/tinte-zimesanai-lb-education-250ml\/","title":{"rendered":"Tinte z\u012bm\u0113\u0161anai L&#038;B Education 250ml"},"content":{"rendered":"<p>Z\u012bm\u0113\u0161anas tin\u0161u s\u0113rija, kur\u0101 ietilpst spilgtu un caursp\u012bd\u012bgu to\u0146u tintes. Tintei ir izteikts kr\u0101sojums, ta\u010du to\u0146i nav tik notur\u012bgi k\u0101 meln\u0101 tu\u0161a, jo tie nesatur pigmentus (iz\u0146emot balto) Piem\u0113rots izmanto\u0161anai uz daudz\u0101m virsm\u0101m, piem\u0113ram, pap\u012bra, koka, stikla, m\u0101la, met\u0101la, utt.<\/p>\n","protected":false},"excerpt":{"rendered":"<p>Z\u012bm\u0113\u0161anas tin\u0161u s\u0113rija, kur\u0101 ietilpst spilgtu un caursp\u012bd\u012bgu to\u0146u tintes. Tintei ir izteikts kr\u0101sojums, ta\u010du to\u0146i nav tik notur\u012bgi k\u0101 meln\u0101 tu\u0161a, jo tie nesatur pigmentus (iz\u0146emot balto) Piem\u0113rots izmanto\u0161anai uz daudz\u0101m virsm\u0101m, piem\u0113ram, pap\u012bra, koka, stikla, m\u0101la, met\u0101la, utt.<\/p>\n","protected":false},"featured_media":222767,"comment_status":"closed","ping_status":"closed","template":"","meta":{"_acf_changed":false,"ep_exclude_from_search":false},"product_cat":[18925,17916,18163],"product_tag":[],"class_list":{"0":"post-214275","1":"product","2":"type-product","3":"status-publish","4":"has-post-thumbnail","6":"product_cat-gleznosanas-piederumi","7":"product_cat-preces-skolai","8":"product_cat-tintes-un-tusas-zimesanai-2","10":"first","11":"instock","12":"sale","13":"taxable","14":"shipping-taxable","15":"purchasable","16":"product-type-variable"},"acf":[],"yoast_head":"<!-- This site is optimized with the Yoast SEO plugin v24.1 - https:\/\/yoast.com\/wordpress\/plugins\/seo\/ -->\n<title>Tinte z\u012bm\u0113\u0161anai L&amp;B Education 250ml &#8211; Skizze<\/title>\n<meta name=\"robots\" content=\"noindex, follow, max-snippet:-1, max-image-preview:large, max-video-preview:-1\" \/>\n<meta property=\"og:locale\" content=\"lv_LV\" \/>\n<meta property=\"og:type\" content=\"article\" \/>\n<meta property=\"og:title\" content=\"Tinte z\u012bm\u0113\u0161anai L&amp;B Education 250ml &#8211; Skizze\" \/>\n<meta property=\"og:description\" content=\"Z\u012bm\u0113\u0161anas tin\u0161u s\u0113rija, kur\u0101 ietilpst spilgtu un caursp\u012bd\u012bgu to\u0146u tintes. Tintei ir izteikts kr\u0101sojums, ta\u010du to\u0146i nav tik notur\u012bgi k\u0101 meln\u0101 tu\u0161a, jo tie nesatur pigmentus (iz\u0146emot balto) Piem\u0113rots izmanto\u0161anai uz daudz\u0101m virsm\u0101m, piem\u0113ram, pap\u012bra, koka, stikla, m\u0101la, met\u0101la, utt.\" \/>\n<meta property=\"og:url\" content=\"https:\/\/hobstop.ee\/lv\/produkts\/tinte-zimesanai-lb-education-250ml\/\" \/>\n<meta property=\"og:site_name\" content=\"Skizze\" \/>\n<meta property=\"article:publisher\" content=\"http:\/\/www.facebook.com\/VunderSkizze\" \/>\n<meta property=\"article:modified_time\" content=\"2015-09-09T12:30:23+00:00\" \/>\n<meta property=\"og:image\" content=\"https:\/\/www.hobstop.ee\/media\/2142.jpg\" \/>\n\t<meta property=\"og:image:width\" content=\"1024\" \/>\n\t<meta property=\"og:image:height\" content=\"768\" \/>\n\t<meta property=\"og:image:type\" content=\"image\/jpeg\" \/>\n<meta name=\"twitter:card\" content=\"summary_large_image\" \/>\n<script type=\"application\/ld+json\" class=\"yoast-schema-graph\">{\"@context\":\"https:\/\/schema.org\",\"@graph\":[{\"@type\":\"WebPage\",\"@id\":\"https:\/\/hobstop.ee\/lv\/produkts\/tinte-zimesanai-lb-education-250ml\/\",\"url\":\"https:\/\/hobstop.ee\/lv\/produkts\/tinte-zimesanai-lb-education-250ml\/\",\"name\":\"Tinte z\u012bm\u0113\u0161anai L&B Education 250ml &#8211; Skizze\",\"isPartOf\":{\"@id\":\"https:\/\/hobstop.ee\/lv\/#website\"},\"primaryImageOfPage\":{\"@id\":\"https:\/\/hobstop.ee\/lv\/produkts\/tinte-zimesanai-lb-education-250ml\/#primaryimage\"},\"image\":{\"@id\":\"https:\/\/hobstop.ee\/lv\/produkts\/tinte-zimesanai-lb-education-250ml\/#primaryimage\"},\"thumbnailUrl\":\"https:\/\/hobstop.ee\/media\/2142.jpg\",\"datePublished\":\"2015-05-06T15:30:24+00:00\",\"dateModified\":\"2015-09-09T12:30:23+00:00\",\"breadcrumb\":{\"@id\":\"https:\/\/hobstop.ee\/lv\/produkts\/tinte-zimesanai-lb-education-250ml\/#breadcrumb\"},\"inLanguage\":\"lv-LV\",\"potentialAction\":[{\"@type\":\"ReadAction\",\"target\":[\"https:\/\/hobstop.ee\/lv\/produkts\/tinte-zimesanai-lb-education-250ml\/\"]}]},{\"@type\":\"ImageObject\",\"inLanguage\":\"lv-LV\",\"@id\":\"https:\/\/hobstop.ee\/lv\/produkts\/tinte-zimesanai-lb-education-250ml\/#primaryimage\",\"url\":\"https:\/\/hobstop.ee\/media\/2142.jpg\",\"contentUrl\":\"https:\/\/hobstop.ee\/media\/2142.jpg\",\"width\":1024,\"height\":768},{\"@type\":\"BreadcrumbList\",\"@id\":\"https:\/\/hobstop.ee\/lv\/produkts\/tinte-zimesanai-lb-education-250ml\/#breadcrumb\",\"itemListElement\":[{\"@type\":\"ListItem\",\"position\":1,\"name\":\"Avaleht\",\"item\":\"https:\/\/www.hobstop.ee\/lv\/\"},{\"@type\":\"ListItem\",\"position\":2,\"name\":\"Veikals\",\"item\":\"https:\/\/www.hobstop.ee\/lv\/veikals\/\"},{\"@type\":\"ListItem\",\"position\":3,\"name\":\"Tinte z\u012bm\u0113\u0161anai L&#038;B Education 250ml\"}]},{\"@type\":\"WebSite\",\"@id\":\"https:\/\/hobstop.ee\/lv\/#website\",\"url\":\"https:\/\/hobstop.ee\/lv\/\",\"name\":\"Skizze\",\"description\":\"M\u0101kslas, hobiju un skolas preces\",\"publisher\":{\"@id\":\"https:\/\/hobstop.ee\/lv\/#organization\"},\"potentialAction\":[{\"@type\":\"SearchAction\",\"target\":{\"@type\":\"EntryPoint\",\"urlTemplate\":\"https:\/\/hobstop.ee\/lv\/?s={search_term_string}\"},\"query-input\":{\"@type\":\"PropertyValueSpecification\",\"valueRequired\":true,\"valueName\":\"search_term_string\"}}],\"inLanguage\":\"lv-LV\"},{\"@type\":\"Organization\",\"@id\":\"https:\/\/hobstop.ee\/lv\/#organization\",\"name\":\"Vunder AS\",\"url\":\"https:\/\/hobstop.ee\/lv\/\",\"logo\":{\"@type\":\"ImageObject\",\"inLanguage\":\"lv-LV\",\"@id\":\"https:\/\/hobstop.ee\/lv\/#\/schema\/logo\/image\/\",\"url\":\"https:\/\/hobstop.ee\/media\/vunder-logo.png\",\"contentUrl\":\"https:\/\/hobstop.ee\/media\/vunder-logo.png\",\"width\":127,\"height\":55,\"caption\":\"Vunder AS\"},\"image\":{\"@id\":\"https:\/\/hobstop.ee\/lv\/#\/schema\/logo\/image\/\"},\"sameAs\":[\"http:\/\/www.facebook.com\/VunderSkizze\"]}]}<\/script>\n<!-- \/ Yoast SEO plugin. -->","yoast_head_json":{"title":"Tinte z\u012bm\u0113\u0161anai L&B Education 250ml &#8211; Skizze","robots":{"index":"noindex","follow":"follow","max-snippet":"max-snippet:-1","max-image-preview":"max-image-preview:large","max-video-preview":"max-video-preview:-1"},"og_locale":"lv_LV","og_type":"article","og_title":"Tinte z\u012bm\u0113\u0161anai L&B Education 250ml &#8211; Skizze","og_description":"Z\u012bm\u0113\u0161anas tin\u0161u s\u0113rija, kur\u0101 ietilpst spilgtu un caursp\u012bd\u012bgu to\u0146u tintes. Tintei ir izteikts kr\u0101sojums, ta\u010du to\u0146i nav tik notur\u012bgi k\u0101 meln\u0101 tu\u0161a, jo tie nesatur pigmentus (iz\u0146emot balto) Piem\u0113rots izmanto\u0161anai uz daudz\u0101m virsm\u0101m, piem\u0113ram, pap\u012bra, koka, stikla, m\u0101la, met\u0101la, utt.","og_url":"https:\/\/hobstop.ee\/lv\/produkts\/tinte-zimesanai-lb-education-250ml\/","og_site_name":"Skizze","article_publisher":"http:\/\/www.facebook.com\/VunderSkizze","article_modified_time":"2015-09-09T12:30:23+00:00","og_image":[{"width":1024,"height":768,"url":"https:\/\/www.hobstop.ee\/media\/2142.jpg","type":"image\/jpeg"}],"twitter_card":"summary_large_image","schema":{"@context":"https:\/\/schema.org","@graph":[{"@type":"WebPage","@id":"https:\/\/hobstop.ee\/lv\/produkts\/tinte-zimesanai-lb-education-250ml\/","url":"https:\/\/hobstop.ee\/lv\/produkts\/tinte-zimesanai-lb-education-250ml\/","name":"Tinte z\u012bm\u0113\u0161anai L&B Education 250ml &#8211; Skizze","isPartOf":{"@id":"https:\/\/hobstop.ee\/lv\/#website"},"primaryImageOfPage":{"@id":"https:\/\/hobstop.ee\/lv\/produkts\/tinte-zimesanai-lb-education-250ml\/#primaryimage"},"image":{"@id":"https:\/\/hobstop.ee\/lv\/produkts\/tinte-zimesanai-lb-education-250ml\/#primaryimage"},"thumbnailUrl":"https:\/\/hobstop.ee\/media\/2142.jpg","datePublished":"2015-05-06T15:30:24+00:00","dateModified":"2015-09-09T12:30:23+00:00","breadcrumb":{"@id":"https:\/\/hobstop.ee\/lv\/produkts\/tinte-zimesanai-lb-education-250ml\/#breadcrumb"},"inLanguage":"lv-LV","potentialAction":[{"@type":"ReadAction","target":["https:\/\/hobstop.ee\/lv\/produkts\/tinte-zimesanai-lb-education-250ml\/"]}]},{"@type":"ImageObject","inLanguage":"lv-LV","@id":"https:\/\/hobstop.ee\/lv\/produkts\/tinte-zimesanai-lb-education-250ml\/#primaryimage","url":"https:\/\/hobstop.ee\/media\/2142.jpg","contentUrl":"https:\/\/hobstop.ee\/media\/2142.jpg","width":1024,"height":768},{"@type":"BreadcrumbList","@id":"https:\/\/hobstop.ee\/lv\/produkts\/tinte-zimesanai-lb-education-250ml\/#breadcrumb","itemListElement":[{"@type":"ListItem","position":1,"name":"Avaleht","item":"https:\/\/www.hobstop.ee\/lv\/"},{"@type":"ListItem","position":2,"name":"Veikals","item":"https:\/\/www.hobstop.ee\/lv\/veikals\/"},{"@type":"ListItem","position":3,"name":"Tinte z\u012bm\u0113\u0161anai L&#038;B Education 250ml"}]},{"@type":"WebSite","@id":"https:\/\/hobstop.ee\/lv\/#website","url":"https:\/\/hobstop.ee\/lv\/","name":"Skizze","description":"M\u0101kslas, hobiju un skolas preces","publisher":{"@id":"https:\/\/hobstop.ee\/lv\/#organization"},"potentialAction":[{"@type":"SearchAction","target":{"@type":"EntryPoint","urlTemplate":"https:\/\/hobstop.ee\/lv\/?s={search_term_string}"},"query-input":{"@type":"PropertyValueSpecification","valueRequired":true,"valueName":"search_term_string"}}],"inLanguage":"lv-LV"},{"@type":"Organization","@id":"https:\/\/hobstop.ee\/lv\/#organization","name":"Vunder AS","url":"https:\/\/hobstop.ee\/lv\/","logo":{"@type":"ImageObject","inLanguage":"lv-LV","@id":"https:\/\/hobstop.ee\/lv\/#\/schema\/logo\/image\/","url":"https:\/\/hobstop.ee\/media\/vunder-logo.png","contentUrl":"https:\/\/hobstop.ee\/media\/vunder-logo.png","width":127,"height":55,"caption":"Vunder AS"},"image":{"@id":"https:\/\/hobstop.ee\/lv\/#\/schema\/logo\/image\/"},"sameAs":["http:\/\/www.facebook.com\/VunderSkizze"]}]}},"_links":{"self":[{"href":"https:\/\/hobstop.ee\/lv\/wp-json\/wp\/v2\/product\/214275","targetHints":{"allow":["GET"]}}],"collection":[{"href":"https:\/\/hobstop.ee\/lv\/wp-json\/wp\/v2\/product"}],"about":[{"href":"https:\/\/hobstop.ee\/lv\/wp-json\/wp\/v2\/types\/product"}],"replies":[{"embeddable":true,"href":"https:\/\/hobstop.ee\/lv\/wp-json\/wp\/v2\/comments?post=214275"}],"wp:featuredmedia":[{"embeddable":true,"href":"https:\/\/hobstop.ee\/lv\/wp-json\/wp\/v2\/media\/222767"}],"wp:attachment":[{"href":"https:\/\/hobstop.ee\/lv\/wp-json\/wp\/v2\/media?parent=214275"}],"wp:term":[{"taxonomy":"product_cat","embeddable":true,"href":"https:\/\/hobstop.ee\/lv\/wp-json\/wp\/v2\/product_cat?post=214275"},{"taxonomy":"product_tag","embeddable":true,"href":"https:\/\/hobstop.ee\/lv\/wp-json\/wp\/v2\/product_tag?post=214275"}],"curies":[{"name":"wp","href":"https:\/\/api.w.org\/{rel}","templated":true}]}}