{"id":22752,"date":"2014-12-09T12:46:08","date_gmt":"2014-12-09T10:46:08","guid":{"rendered":"https:\/\/sharks.ee\/vunder_2019.klient.veebimajutus.ee\/?post_type=product&#038;p=22752"},"modified":"2014-12-09T12:46:08","modified_gmt":"2014-12-09T10:46:08","slug":"medijs-laka-akrilam-liquitex-spidigs","status":"publish","type":"product","link":"https:\/\/hobstop.ee\/lv\/produkts\/medijs-laka-akrilam-liquitex-spidigs\/","title":{"rendered":"Medijs-laka akrilam Liquitex sp\u012bd\u012bgs"},"content":{"rendered":"<p>Liquitex sp\u012bd\u012bga m\u0113dijlaka ir daudzfunkcion\u0101la piedeva akrila kr\u0101s\u0101m. Var izmantot k\u0101 laku vai k\u0101 m\u0113diju sp\u012bduma palielin\u0101\u0161anai. Uzlabo kr\u0101sas sa\u0137eri ar virsmu un to\u0146a intensit\u0101ti. Izmantojot k\u0101 laku, nodro\u0161ina virsmai notur\u012bgu, vienm\u0113r\u012bgu, neno\u0146emamu un sp\u012bd\u012bgu aizsargsl\u0101ni.<\/p>\n","protected":false},"excerpt":{"rendered":"<p>Liquitex sp\u012bd\u012bga m\u0113dijlaka ir daudzfunkcion\u0101la piedeva akrila kr\u0101s\u0101m. Var izmantot k\u0101 laku vai k\u0101 m\u0113diju sp\u012bduma palielin\u0101\u0161anai. Uzlabo kr\u0101sas sa\u0137eri ar virsmu un to\u0146a intensit\u0101ti. Izmantojot k\u0101 laku, nodro\u0161ina virsmai notur\u012bgu, vienm\u0113r\u012bgu, neno\u0146emamu un sp\u012bd\u012bgu aizsargsl\u0101ni.<\/p>\n","protected":false},"featured_media":353827,"comment_status":"closed","ping_status":"closed","template":"","meta":{"_acf_changed":false,"ep_exclude_from_search":false},"product_cat":[18997,17980,16123],"product_tag":[],"class_list":{"0":"post-22752","1":"product","2":"type-product","3":"status-publish","4":"has-post-thumbnail","6":"product_cat-akrilkrasu-mediji-3","7":"product_cat-krasas-un-gleznosanas-paligmateriali","8":"product_cat-makslas-piederumi-2","10":"first","11":"outofstock","12":"taxable","13":"shipping-taxable","14":"purchasable","15":"product-type-variable"},"acf":[],"yoast_head":"<!-- This site is optimized with the Yoast SEO plugin v24.1 - https:\/\/yoast.com\/wordpress\/plugins\/seo\/ -->\n<title>Medijs-laka akrilam Liquitex sp\u012bd\u012bgs &#8211; Skizze<\/title>\n<meta name=\"robots\" content=\"noindex, follow, max-snippet:-1, max-image-preview:large, max-video-preview:-1\" \/>\n<meta property=\"og:locale\" content=\"lv_LV\" \/>\n<meta property=\"og:type\" content=\"article\" \/>\n<meta property=\"og:title\" content=\"Medijs-laka akrilam Liquitex sp\u012bd\u012bgs &#8211; Skizze\" \/>\n<meta property=\"og:description\" content=\"Liquitex sp\u012bd\u012bga m\u0113dijlaka ir daudzfunkcion\u0101la piedeva akrila kr\u0101s\u0101m. Var izmantot k\u0101 laku vai k\u0101 m\u0113diju sp\u012bduma palielin\u0101\u0161anai. Uzlabo kr\u0101sas sa\u0137eri ar virsmu un to\u0146a intensit\u0101ti. Izmantojot k\u0101 laku, nodro\u0161ina virsmai notur\u012bgu, vienm\u0113r\u012bgu, neno\u0146emamu un sp\u012bd\u012bgu aizsargsl\u0101ni.\" \/>\n<meta property=\"og:url\" content=\"https:\/\/hobstop.ee\/lv\/produkts\/medijs-laka-akrilam-liquitex-spidigs\/\" \/>\n<meta property=\"og:site_name\" content=\"Skizze\" \/>\n<meta property=\"article:publisher\" content=\"http:\/\/www.facebook.com\/VunderSkizze\" \/>\n<meta property=\"og:image\" content=\"https:\/\/hobstop.ee\/media\/76.jpg\" \/>\n\t<meta property=\"og:image:width\" content=\"1024\" \/>\n\t<meta property=\"og:image:height\" content=\"768\" \/>\n\t<meta property=\"og:image:type\" content=\"image\/jpeg\" \/>\n<meta name=\"twitter:card\" content=\"summary_large_image\" \/>\n<script type=\"application\/ld+json\" class=\"yoast-schema-graph\">{\"@context\":\"https:\/\/schema.org\",\"@graph\":[{\"@type\":\"WebPage\",\"@id\":\"https:\/\/hobstop.ee\/lv\/produkts\/medijs-laka-akrilam-liquitex-spidigs\/\",\"url\":\"https:\/\/hobstop.ee\/lv\/produkts\/medijs-laka-akrilam-liquitex-spidigs\/\",\"name\":\"Medijs-laka akrilam Liquitex sp\u012bd\u012bgs &#8211; Skizze\",\"isPartOf\":{\"@id\":\"https:\/\/www.hobstop.ee\/lv\/#website\"},\"primaryImageOfPage\":{\"@id\":\"https:\/\/hobstop.ee\/lv\/produkts\/medijs-laka-akrilam-liquitex-spidigs\/#primaryimage\"},\"image\":{\"@id\":\"https:\/\/hobstop.ee\/lv\/produkts\/medijs-laka-akrilam-liquitex-spidigs\/#primaryimage\"},\"thumbnailUrl\":\"https:\/\/hobstop.ee\/media\/76.jpg\",\"datePublished\":\"2014-12-09T10:46:08+00:00\",\"dateModified\":\"2014-12-09T10:46:08+00:00\",\"breadcrumb\":{\"@id\":\"https:\/\/hobstop.ee\/lv\/produkts\/medijs-laka-akrilam-liquitex-spidigs\/#breadcrumb\"},\"inLanguage\":\"lv-LV\",\"potentialAction\":[{\"@type\":\"ReadAction\",\"target\":[\"https:\/\/hobstop.ee\/lv\/produkts\/medijs-laka-akrilam-liquitex-spidigs\/\"]}]},{\"@type\":\"ImageObject\",\"inLanguage\":\"lv-LV\",\"@id\":\"https:\/\/hobstop.ee\/lv\/produkts\/medijs-laka-akrilam-liquitex-spidigs\/#primaryimage\",\"url\":\"https:\/\/hobstop.ee\/media\/76.jpg\",\"contentUrl\":\"https:\/\/hobstop.ee\/media\/76.jpg\",\"width\":1024,\"height\":768},{\"@type\":\"BreadcrumbList\",\"@id\":\"https:\/\/hobstop.ee\/lv\/produkts\/medijs-laka-akrilam-liquitex-spidigs\/#breadcrumb\",\"itemListElement\":[{\"@type\":\"ListItem\",\"position\":1,\"name\":\"Avaleht\",\"item\":\"https:\/\/www.hobstop.ee\/lv\/\"},{\"@type\":\"ListItem\",\"position\":2,\"name\":\"Veikals\",\"item\":\"https:\/\/www.hobstop.ee\/lv\/veikals\/\"},{\"@type\":\"ListItem\",\"position\":3,\"name\":\"Medijs-laka akrilam Liquitex sp\u012bd\u012bgs\"}]},{\"@type\":\"WebSite\",\"@id\":\"https:\/\/www.hobstop.ee\/lv\/#website\",\"url\":\"https:\/\/www.hobstop.ee\/lv\/\",\"name\":\"Skizze\",\"description\":\"M\u0101kslas, hobiju un skolas preces\",\"publisher\":{\"@id\":\"https:\/\/www.hobstop.ee\/lv\/#organization\"},\"potentialAction\":[{\"@type\":\"SearchAction\",\"target\":{\"@type\":\"EntryPoint\",\"urlTemplate\":\"https:\/\/www.hobstop.ee\/lv\/?s={search_term_string}\"},\"query-input\":{\"@type\":\"PropertyValueSpecification\",\"valueRequired\":true,\"valueName\":\"search_term_string\"}}],\"inLanguage\":\"lv-LV\"},{\"@type\":\"Organization\",\"@id\":\"https:\/\/www.hobstop.ee\/lv\/#organization\",\"name\":\"Vunder AS\",\"url\":\"https:\/\/www.hobstop.ee\/lv\/\",\"logo\":{\"@type\":\"ImageObject\",\"inLanguage\":\"lv-LV\",\"@id\":\"https:\/\/www.hobstop.ee\/lv\/#\/schema\/logo\/image\/\",\"url\":\"https:\/\/hobstop.ee\/media\/vunder-logo.png\",\"contentUrl\":\"https:\/\/hobstop.ee\/media\/vunder-logo.png\",\"width\":127,\"height\":55,\"caption\":\"Vunder AS\"},\"image\":{\"@id\":\"https:\/\/www.hobstop.ee\/lv\/#\/schema\/logo\/image\/\"},\"sameAs\":[\"http:\/\/www.facebook.com\/VunderSkizze\"]}]}<\/script>\n<!-- \/ Yoast SEO plugin. -->","yoast_head_json":{"title":"Medijs-laka akrilam Liquitex sp\u012bd\u012bgs &#8211; Skizze","robots":{"index":"noindex","follow":"follow","max-snippet":"max-snippet:-1","max-image-preview":"max-image-preview:large","max-video-preview":"max-video-preview:-1"},"og_locale":"lv_LV","og_type":"article","og_title":"Medijs-laka akrilam Liquitex sp\u012bd\u012bgs &#8211; Skizze","og_description":"Liquitex sp\u012bd\u012bga m\u0113dijlaka ir daudzfunkcion\u0101la piedeva akrila kr\u0101s\u0101m. Var izmantot k\u0101 laku vai k\u0101 m\u0113diju sp\u012bduma palielin\u0101\u0161anai. Uzlabo kr\u0101sas sa\u0137eri ar virsmu un to\u0146a intensit\u0101ti. Izmantojot k\u0101 laku, nodro\u0161ina virsmai notur\u012bgu, vienm\u0113r\u012bgu, neno\u0146emamu un sp\u012bd\u012bgu aizsargsl\u0101ni.","og_url":"https:\/\/hobstop.ee\/lv\/produkts\/medijs-laka-akrilam-liquitex-spidigs\/","og_site_name":"Skizze","article_publisher":"http:\/\/www.facebook.com\/VunderSkizze","og_image":[{"width":1024,"height":768,"url":"https:\/\/hobstop.ee\/media\/76.jpg","type":"image\/jpeg"}],"twitter_card":"summary_large_image","schema":{"@context":"https:\/\/schema.org","@graph":[{"@type":"WebPage","@id":"https:\/\/hobstop.ee\/lv\/produkts\/medijs-laka-akrilam-liquitex-spidigs\/","url":"https:\/\/hobstop.ee\/lv\/produkts\/medijs-laka-akrilam-liquitex-spidigs\/","name":"Medijs-laka akrilam Liquitex sp\u012bd\u012bgs &#8211; Skizze","isPartOf":{"@id":"https:\/\/www.hobstop.ee\/lv\/#website"},"primaryImageOfPage":{"@id":"https:\/\/hobstop.ee\/lv\/produkts\/medijs-laka-akrilam-liquitex-spidigs\/#primaryimage"},"image":{"@id":"https:\/\/hobstop.ee\/lv\/produkts\/medijs-laka-akrilam-liquitex-spidigs\/#primaryimage"},"thumbnailUrl":"https:\/\/hobstop.ee\/media\/76.jpg","datePublished":"2014-12-09T10:46:08+00:00","dateModified":"2014-12-09T10:46:08+00:00","breadcrumb":{"@id":"https:\/\/hobstop.ee\/lv\/produkts\/medijs-laka-akrilam-liquitex-spidigs\/#breadcrumb"},"inLanguage":"lv-LV","potentialAction":[{"@type":"ReadAction","target":["https:\/\/hobstop.ee\/lv\/produkts\/medijs-laka-akrilam-liquitex-spidigs\/"]}]},{"@type":"ImageObject","inLanguage":"lv-LV","@id":"https:\/\/hobstop.ee\/lv\/produkts\/medijs-laka-akrilam-liquitex-spidigs\/#primaryimage","url":"https:\/\/hobstop.ee\/media\/76.jpg","contentUrl":"https:\/\/hobstop.ee\/media\/76.jpg","width":1024,"height":768},{"@type":"BreadcrumbList","@id":"https:\/\/hobstop.ee\/lv\/produkts\/medijs-laka-akrilam-liquitex-spidigs\/#breadcrumb","itemListElement":[{"@type":"ListItem","position":1,"name":"Avaleht","item":"https:\/\/www.hobstop.ee\/lv\/"},{"@type":"ListItem","position":2,"name":"Veikals","item":"https:\/\/www.hobstop.ee\/lv\/veikals\/"},{"@type":"ListItem","position":3,"name":"Medijs-laka akrilam Liquitex sp\u012bd\u012bgs"}]},{"@type":"WebSite","@id":"https:\/\/www.hobstop.ee\/lv\/#website","url":"https:\/\/www.hobstop.ee\/lv\/","name":"Skizze","description":"M\u0101kslas, hobiju un skolas preces","publisher":{"@id":"https:\/\/www.hobstop.ee\/lv\/#organization"},"potentialAction":[{"@type":"SearchAction","target":{"@type":"EntryPoint","urlTemplate":"https:\/\/www.hobstop.ee\/lv\/?s={search_term_string}"},"query-input":{"@type":"PropertyValueSpecification","valueRequired":true,"valueName":"search_term_string"}}],"inLanguage":"lv-LV"},{"@type":"Organization","@id":"https:\/\/www.hobstop.ee\/lv\/#organization","name":"Vunder AS","url":"https:\/\/www.hobstop.ee\/lv\/","logo":{"@type":"ImageObject","inLanguage":"lv-LV","@id":"https:\/\/www.hobstop.ee\/lv\/#\/schema\/logo\/image\/","url":"https:\/\/hobstop.ee\/media\/vunder-logo.png","contentUrl":"https:\/\/hobstop.ee\/media\/vunder-logo.png","width":127,"height":55,"caption":"Vunder AS"},"image":{"@id":"https:\/\/www.hobstop.ee\/lv\/#\/schema\/logo\/image\/"},"sameAs":["http:\/\/www.facebook.com\/VunderSkizze"]}]}},"_links":{"self":[{"href":"https:\/\/hobstop.ee\/lv\/wp-json\/wp\/v2\/product\/22752","targetHints":{"allow":["GET"]}}],"collection":[{"href":"https:\/\/hobstop.ee\/lv\/wp-json\/wp\/v2\/product"}],"about":[{"href":"https:\/\/hobstop.ee\/lv\/wp-json\/wp\/v2\/types\/product"}],"replies":[{"embeddable":true,"href":"https:\/\/hobstop.ee\/lv\/wp-json\/wp\/v2\/comments?post=22752"}],"wp:featuredmedia":[{"embeddable":true,"href":"https:\/\/hobstop.ee\/lv\/wp-json\/wp\/v2\/media\/353827"}],"wp:attachment":[{"href":"https:\/\/hobstop.ee\/lv\/wp-json\/wp\/v2\/media?parent=22752"}],"wp:term":[{"taxonomy":"product_cat","embeddable":true,"href":"https:\/\/hobstop.ee\/lv\/wp-json\/wp\/v2\/product_cat?post=22752"},{"taxonomy":"product_tag","embeddable":true,"href":"https:\/\/hobstop.ee\/lv\/wp-json\/wp\/v2\/product_tag?post=22752"}],"curies":[{"name":"wp","href":"https:\/\/api.w.org\/{rel}","templated":true}]}}