{"id":22754,"date":"2014-12-09T12:46:09","date_gmt":"2014-12-09T10:46:09","guid":{"rendered":"https:\/\/sharks.ee\/vunder_2019.klient.veebimajutus.ee\/?post_type=product&#038;p=22754"},"modified":"2014-12-09T12:46:09","modified_gmt":"2014-12-09T10:46:09","slug":"modelesanas-pasta-akrilam-liquitex","status":"publish","type":"product","link":"https:\/\/hobstop.ee\/lv\/produkts\/modelesanas-pasta-akrilam-liquitex\/","title":{"rendered":"Model\u0113\u0161anas pasta akrilam Liquitex"},"content":{"rendered":"<p>Liquitex model\u0113\u0161anas pasta ir \u013coti bieza, mat\u0113ta un necaursp\u012bd\u012bga. T\u0101 satur marmora putek\u013cus un polim\u0113remulsiju. Pasta \u013cauj izveidot biezus reljefa sl\u0101\u0146us uz saus\u0101m virsm\u0101m. Slapj\u0101 veid\u0101 pastas konsistence atg\u0101dina m\u0101lus, kas iz\u017e\u016bstot saciet\u0113. Pastu var sajaukt ar kr\u0101su vai izmantot k\u0101 apak\u0161sl\u0101ni, lieliski piem\u0113rota ar\u012b struktur\u0101lu pamatu veido\u0161anai e\u013c\u013cas, e\u013c\u013cas kr\u012bti\u0146u, akvare\u013cu, paste\u013cu un z\u012bmu\u013cu z\u012bm\u0113jumiem. P\u0113c no\u017e\u016b\u0161anas virsmas var nosl\u012bp\u0113t, grav\u0113t un urbt. Izmantot tikai uz ciet\u0101m un notur\u012bg\u0101m virsm\u0101m.<\/p>\n","protected":false},"excerpt":{"rendered":"<p>Liquitex model\u0113\u0161anas pasta ir \u013coti bieza, mat\u0113ta un necaursp\u012bd\u012bga. T\u0101 satur marmora putek\u013cus un polim\u0113remulsiju. Pasta \u013cauj izveidot biezus reljefa sl\u0101\u0146us uz saus\u0101m virsm\u0101m. Slapj\u0101 veid\u0101 pastas konsistence atg\u0101dina m\u0101lus, kas iz\u017e\u016bstot saciet\u0113. Pastu var sajaukt ar kr\u0101su vai izmantot k\u0101 apak\u0161sl\u0101ni, lieliski piem\u0113rota ar\u012b struktur\u0101lu pamatu veido\u0161anai e\u013c\u013cas, e\u013c\u013cas kr\u012bti\u0146u, akvare\u013cu, paste\u013cu un z\u012bmu\u013cu z\u012bm\u0113jumiem. P\u0113c no\u017e\u016b\u0161anas virsmas var nosl\u012bp\u0113t, grav\u0113t un urbt. Izmantot tikai uz ciet\u0101m un notur\u012bg\u0101m virsm\u0101m.<\/p>\n","protected":false},"featured_media":353831,"comment_status":"closed","ping_status":"closed","template":"","meta":{"_acf_changed":false,"ep_exclude_from_search":false},"product_cat":[18997,17980,16123],"product_tag":[],"class_list":{"0":"post-22754","1":"product","2":"type-product","3":"status-publish","4":"has-post-thumbnail","6":"product_cat-akrilkrasu-mediji-3","7":"product_cat-krasas-un-gleznosanas-paligmateriali","8":"product_cat-makslas-piederumi-2","10":"first","11":"outofstock","12":"taxable","13":"shipping-taxable","14":"purchasable","15":"product-type-variable"},"acf":[],"yoast_head":"<!-- This site is optimized with the Yoast SEO plugin v24.1 - https:\/\/yoast.com\/wordpress\/plugins\/seo\/ -->\n<title>Model\u0113\u0161anas pasta akrilam Liquitex &#8211; Skizze<\/title>\n<meta name=\"robots\" content=\"noindex, follow, max-snippet:-1, max-image-preview:large, max-video-preview:-1\" \/>\n<meta property=\"og:locale\" content=\"lv_LV\" \/>\n<meta property=\"og:type\" content=\"article\" \/>\n<meta property=\"og:title\" content=\"Model\u0113\u0161anas pasta akrilam Liquitex &#8211; Skizze\" \/>\n<meta property=\"og:description\" content=\"Liquitex model\u0113\u0161anas pasta ir \u013coti bieza, mat\u0113ta un necaursp\u012bd\u012bga. T\u0101 satur marmora putek\u013cus un polim\u0113remulsiju. Pasta \u013cauj izveidot biezus reljefa sl\u0101\u0146us uz saus\u0101m virsm\u0101m. Slapj\u0101 veid\u0101 pastas konsistence atg\u0101dina m\u0101lus, kas iz\u017e\u016bstot saciet\u0113. Pastu var sajaukt ar kr\u0101su vai izmantot k\u0101 apak\u0161sl\u0101ni, lieliski piem\u0113rota ar\u012b struktur\u0101lu pamatu veido\u0161anai e\u013c\u013cas, e\u013c\u013cas kr\u012bti\u0146u, akvare\u013cu, paste\u013cu un z\u012bmu\u013cu z\u012bm\u0113jumiem. P\u0113c no\u017e\u016b\u0161anas virsmas var nosl\u012bp\u0113t, grav\u0113t un urbt. Izmantot tikai uz ciet\u0101m un notur\u012bg\u0101m virsm\u0101m.\" \/>\n<meta property=\"og:url\" content=\"https:\/\/hobstop.ee\/lv\/produkts\/modelesanas-pasta-akrilam-liquitex\/\" \/>\n<meta property=\"og:site_name\" content=\"Skizze\" \/>\n<meta property=\"article:publisher\" content=\"http:\/\/www.facebook.com\/VunderSkizze\" \/>\n<meta property=\"og:image\" content=\"https:\/\/hobstop.ee\/media\/77.jpg\" \/>\n\t<meta property=\"og:image:width\" content=\"1024\" \/>\n\t<meta property=\"og:image:height\" content=\"768\" \/>\n\t<meta property=\"og:image:type\" content=\"image\/jpeg\" \/>\n<meta name=\"twitter:card\" content=\"summary_large_image\" \/>\n<meta name=\"twitter:label1\" content=\"Est. reading time\" \/>\n\t<meta name=\"twitter:data1\" content=\"1 min\u016b\u0161u\" \/>\n<script type=\"application\/ld+json\" class=\"yoast-schema-graph\">{\"@context\":\"https:\/\/schema.org\",\"@graph\":[{\"@type\":\"WebPage\",\"@id\":\"https:\/\/hobstop.ee\/lv\/produkts\/modelesanas-pasta-akrilam-liquitex\/\",\"url\":\"https:\/\/hobstop.ee\/lv\/produkts\/modelesanas-pasta-akrilam-liquitex\/\",\"name\":\"Model\u0113\u0161anas pasta akrilam Liquitex &#8211; Skizze\",\"isPartOf\":{\"@id\":\"https:\/\/www.hobstop.ee\/lv\/#website\"},\"primaryImageOfPage\":{\"@id\":\"https:\/\/hobstop.ee\/lv\/produkts\/modelesanas-pasta-akrilam-liquitex\/#primaryimage\"},\"image\":{\"@id\":\"https:\/\/hobstop.ee\/lv\/produkts\/modelesanas-pasta-akrilam-liquitex\/#primaryimage\"},\"thumbnailUrl\":\"https:\/\/hobstop.ee\/media\/77.jpg\",\"datePublished\":\"2014-12-09T10:46:09+00:00\",\"dateModified\":\"2014-12-09T10:46:09+00:00\",\"breadcrumb\":{\"@id\":\"https:\/\/hobstop.ee\/lv\/produkts\/modelesanas-pasta-akrilam-liquitex\/#breadcrumb\"},\"inLanguage\":\"lv-LV\",\"potentialAction\":[{\"@type\":\"ReadAction\",\"target\":[\"https:\/\/hobstop.ee\/lv\/produkts\/modelesanas-pasta-akrilam-liquitex\/\"]}]},{\"@type\":\"ImageObject\",\"inLanguage\":\"lv-LV\",\"@id\":\"https:\/\/hobstop.ee\/lv\/produkts\/modelesanas-pasta-akrilam-liquitex\/#primaryimage\",\"url\":\"https:\/\/hobstop.ee\/media\/77.jpg\",\"contentUrl\":\"https:\/\/hobstop.ee\/media\/77.jpg\",\"width\":1024,\"height\":768},{\"@type\":\"BreadcrumbList\",\"@id\":\"https:\/\/hobstop.ee\/lv\/produkts\/modelesanas-pasta-akrilam-liquitex\/#breadcrumb\",\"itemListElement\":[{\"@type\":\"ListItem\",\"position\":1,\"name\":\"Avaleht\",\"item\":\"https:\/\/www.hobstop.ee\/lv\/\"},{\"@type\":\"ListItem\",\"position\":2,\"name\":\"Veikals\",\"item\":\"https:\/\/www.hobstop.ee\/lv\/veikals\/\"},{\"@type\":\"ListItem\",\"position\":3,\"name\":\"Model\u0113\u0161anas pasta akrilam Liquitex\"}]},{\"@type\":\"WebSite\",\"@id\":\"https:\/\/www.hobstop.ee\/lv\/#website\",\"url\":\"https:\/\/www.hobstop.ee\/lv\/\",\"name\":\"Skizze\",\"description\":\"M\u0101kslas, hobiju un skolas preces\",\"publisher\":{\"@id\":\"https:\/\/www.hobstop.ee\/lv\/#organization\"},\"potentialAction\":[{\"@type\":\"SearchAction\",\"target\":{\"@type\":\"EntryPoint\",\"urlTemplate\":\"https:\/\/www.hobstop.ee\/lv\/?s={search_term_string}\"},\"query-input\":{\"@type\":\"PropertyValueSpecification\",\"valueRequired\":true,\"valueName\":\"search_term_string\"}}],\"inLanguage\":\"lv-LV\"},{\"@type\":\"Organization\",\"@id\":\"https:\/\/www.hobstop.ee\/lv\/#organization\",\"name\":\"Vunder AS\",\"url\":\"https:\/\/www.hobstop.ee\/lv\/\",\"logo\":{\"@type\":\"ImageObject\",\"inLanguage\":\"lv-LV\",\"@id\":\"https:\/\/www.hobstop.ee\/lv\/#\/schema\/logo\/image\/\",\"url\":\"https:\/\/hobstop.ee\/media\/vunder-logo.png\",\"contentUrl\":\"https:\/\/hobstop.ee\/media\/vunder-logo.png\",\"width\":127,\"height\":55,\"caption\":\"Vunder AS\"},\"image\":{\"@id\":\"https:\/\/www.hobstop.ee\/lv\/#\/schema\/logo\/image\/\"},\"sameAs\":[\"http:\/\/www.facebook.com\/VunderSkizze\"]}]}<\/script>\n<!-- \/ Yoast SEO plugin. -->","yoast_head_json":{"title":"Model\u0113\u0161anas pasta akrilam Liquitex &#8211; Skizze","robots":{"index":"noindex","follow":"follow","max-snippet":"max-snippet:-1","max-image-preview":"max-image-preview:large","max-video-preview":"max-video-preview:-1"},"og_locale":"lv_LV","og_type":"article","og_title":"Model\u0113\u0161anas pasta akrilam Liquitex &#8211; Skizze","og_description":"Liquitex model\u0113\u0161anas pasta ir \u013coti bieza, mat\u0113ta un necaursp\u012bd\u012bga. T\u0101 satur marmora putek\u013cus un polim\u0113remulsiju. Pasta \u013cauj izveidot biezus reljefa sl\u0101\u0146us uz saus\u0101m virsm\u0101m. Slapj\u0101 veid\u0101 pastas konsistence atg\u0101dina m\u0101lus, kas iz\u017e\u016bstot saciet\u0113. Pastu var sajaukt ar kr\u0101su vai izmantot k\u0101 apak\u0161sl\u0101ni, lieliski piem\u0113rota ar\u012b struktur\u0101lu pamatu veido\u0161anai e\u013c\u013cas, e\u013c\u013cas kr\u012bti\u0146u, akvare\u013cu, paste\u013cu un z\u012bmu\u013cu z\u012bm\u0113jumiem. P\u0113c no\u017e\u016b\u0161anas virsmas var nosl\u012bp\u0113t, grav\u0113t un urbt. Izmantot tikai uz ciet\u0101m un notur\u012bg\u0101m virsm\u0101m.","og_url":"https:\/\/hobstop.ee\/lv\/produkts\/modelesanas-pasta-akrilam-liquitex\/","og_site_name":"Skizze","article_publisher":"http:\/\/www.facebook.com\/VunderSkizze","og_image":[{"width":1024,"height":768,"url":"https:\/\/hobstop.ee\/media\/77.jpg","type":"image\/jpeg"}],"twitter_card":"summary_large_image","twitter_misc":{"Est. reading time":"1 min\u016b\u0161u"},"schema":{"@context":"https:\/\/schema.org","@graph":[{"@type":"WebPage","@id":"https:\/\/hobstop.ee\/lv\/produkts\/modelesanas-pasta-akrilam-liquitex\/","url":"https:\/\/hobstop.ee\/lv\/produkts\/modelesanas-pasta-akrilam-liquitex\/","name":"Model\u0113\u0161anas pasta akrilam Liquitex &#8211; Skizze","isPartOf":{"@id":"https:\/\/www.hobstop.ee\/lv\/#website"},"primaryImageOfPage":{"@id":"https:\/\/hobstop.ee\/lv\/produkts\/modelesanas-pasta-akrilam-liquitex\/#primaryimage"},"image":{"@id":"https:\/\/hobstop.ee\/lv\/produkts\/modelesanas-pasta-akrilam-liquitex\/#primaryimage"},"thumbnailUrl":"https:\/\/hobstop.ee\/media\/77.jpg","datePublished":"2014-12-09T10:46:09+00:00","dateModified":"2014-12-09T10:46:09+00:00","breadcrumb":{"@id":"https:\/\/hobstop.ee\/lv\/produkts\/modelesanas-pasta-akrilam-liquitex\/#breadcrumb"},"inLanguage":"lv-LV","potentialAction":[{"@type":"ReadAction","target":["https:\/\/hobstop.ee\/lv\/produkts\/modelesanas-pasta-akrilam-liquitex\/"]}]},{"@type":"ImageObject","inLanguage":"lv-LV","@id":"https:\/\/hobstop.ee\/lv\/produkts\/modelesanas-pasta-akrilam-liquitex\/#primaryimage","url":"https:\/\/hobstop.ee\/media\/77.jpg","contentUrl":"https:\/\/hobstop.ee\/media\/77.jpg","width":1024,"height":768},{"@type":"BreadcrumbList","@id":"https:\/\/hobstop.ee\/lv\/produkts\/modelesanas-pasta-akrilam-liquitex\/#breadcrumb","itemListElement":[{"@type":"ListItem","position":1,"name":"Avaleht","item":"https:\/\/www.hobstop.ee\/lv\/"},{"@type":"ListItem","position":2,"name":"Veikals","item":"https:\/\/www.hobstop.ee\/lv\/veikals\/"},{"@type":"ListItem","position":3,"name":"Model\u0113\u0161anas pasta akrilam Liquitex"}]},{"@type":"WebSite","@id":"https:\/\/www.hobstop.ee\/lv\/#website","url":"https:\/\/www.hobstop.ee\/lv\/","name":"Skizze","description":"M\u0101kslas, hobiju un skolas preces","publisher":{"@id":"https:\/\/www.hobstop.ee\/lv\/#organization"},"potentialAction":[{"@type":"SearchAction","target":{"@type":"EntryPoint","urlTemplate":"https:\/\/www.hobstop.ee\/lv\/?s={search_term_string}"},"query-input":{"@type":"PropertyValueSpecification","valueRequired":true,"valueName":"search_term_string"}}],"inLanguage":"lv-LV"},{"@type":"Organization","@id":"https:\/\/www.hobstop.ee\/lv\/#organization","name":"Vunder AS","url":"https:\/\/www.hobstop.ee\/lv\/","logo":{"@type":"ImageObject","inLanguage":"lv-LV","@id":"https:\/\/www.hobstop.ee\/lv\/#\/schema\/logo\/image\/","url":"https:\/\/hobstop.ee\/media\/vunder-logo.png","contentUrl":"https:\/\/hobstop.ee\/media\/vunder-logo.png","width":127,"height":55,"caption":"Vunder AS"},"image":{"@id":"https:\/\/www.hobstop.ee\/lv\/#\/schema\/logo\/image\/"},"sameAs":["http:\/\/www.facebook.com\/VunderSkizze"]}]}},"_links":{"self":[{"href":"https:\/\/hobstop.ee\/lv\/wp-json\/wp\/v2\/product\/22754","targetHints":{"allow":["GET"]}}],"collection":[{"href":"https:\/\/hobstop.ee\/lv\/wp-json\/wp\/v2\/product"}],"about":[{"href":"https:\/\/hobstop.ee\/lv\/wp-json\/wp\/v2\/types\/product"}],"replies":[{"embeddable":true,"href":"https:\/\/hobstop.ee\/lv\/wp-json\/wp\/v2\/comments?post=22754"}],"wp:featuredmedia":[{"embeddable":true,"href":"https:\/\/hobstop.ee\/lv\/wp-json\/wp\/v2\/media\/353831"}],"wp:attachment":[{"href":"https:\/\/hobstop.ee\/lv\/wp-json\/wp\/v2\/media?parent=22754"}],"wp:term":[{"taxonomy":"product_cat","embeddable":true,"href":"https:\/\/hobstop.ee\/lv\/wp-json\/wp\/v2\/product_cat?post=22754"},{"taxonomy":"product_tag","embeddable":true,"href":"https:\/\/hobstop.ee\/lv\/wp-json\/wp\/v2\/product_tag?post=22754"}],"curies":[{"name":"wp","href":"https:\/\/api.w.org\/{rel}","templated":true}]}}