{"id":22768,"date":"2014-12-09T12:46:15","date_gmt":"2014-12-09T10:46:15","guid":{"rendered":"https:\/\/sharks.ee\/vunder_2019.klient.veebimajutus.ee\/?post_type=product&#038;p=22768"},"modified":"2019-04-25T14:18:02","modified_gmt":"2019-04-25T11:18:02","slug":"akvarelzimuli-derwent-metala-kaste","status":"publish","type":"product","link":"https:\/\/hobstop.ee\/lv\/produkts\/akvarelzimuli-derwent-metala-kaste\/","title":{"rendered":"Akvare\u013cz\u012bmu\u013ci Derwent met\u0101la kast\u0113"},"content":{"rendered":"<p>Augst\u0101k\u0101s klases akvare\u013cu z\u012bmu\u013ci ar m\u012bkstu tekst\u016bru ir piem\u0113roti sausai un slapjai tehnikai. Vair\u0101k kr\u0101su var uzkl\u0101t \u0101tri un ar maz\u0101ku piep\u016bli. Kr\u0101sas pludinot, t\u0101s k\u013c\u016bst izteikt\u0101k\u0101s un izcili \u0161\u0137\u012bsto\u0161as.<br \/>\nSe\u0161st\u016brveida 6.9mm korpuss, serdenis d=3.4mm.<\/p>\n","protected":false},"excerpt":{"rendered":"<p>Augst\u0101k\u0101s klases akvare\u013cu z\u012bmu\u013ci ar m\u012bkstu tekst\u016bru ir piem\u0113roti sausai un slapjai tehnikai. Vair\u0101k kr\u0101su var uzkl\u0101t \u0101tri un ar maz\u0101ku piep\u016bli. Kr\u0101sas pludinot, t\u0101s k\u013c\u016bst izteikt\u0101k\u0101s un izcili \u0161\u0137\u012bsto\u0161as. Se\u0161st\u016brveida 6.9mm korpuss, serdenis d=3.4mm.<\/p>\n","protected":false},"featured_media":304139,"comment_status":"closed","ping_status":"closed","template":"","meta":{"_acf_changed":false,"ep_exclude_from_search":false},"product_cat":[18985,16123,18931],"product_tag":[],"class_list":{"0":"post-22768","1":"product","2":"type-product","3":"status-publish","4":"has-post-thumbnail","6":"product_cat-akvarelkrasu-zimuli-2","7":"product_cat-makslas-piederumi-2","8":"product_cat-zimesanas-piederumi-3","10":"first","11":"instock","12":"taxable","13":"shipping-taxable","14":"purchasable","15":"product-type-variable"},"acf":[],"yoast_head":"<!-- This site is optimized with the Yoast SEO plugin v24.1 - https:\/\/yoast.com\/wordpress\/plugins\/seo\/ -->\n<title>Akvare\u013cz\u012bmu\u013ci Derwent met\u0101la kast\u0113 &#8211; Skizze<\/title>\n<meta name=\"robots\" content=\"noindex, follow, max-snippet:-1, max-image-preview:large, max-video-preview:-1\" \/>\n<meta property=\"og:locale\" content=\"lv_LV\" \/>\n<meta property=\"og:type\" content=\"article\" \/>\n<meta property=\"og:title\" content=\"Akvare\u013cz\u012bmu\u013ci Derwent met\u0101la kast\u0113 &#8211; Skizze\" \/>\n<meta property=\"og:description\" content=\"Augst\u0101k\u0101s klases akvare\u013cu z\u012bmu\u013ci ar m\u012bkstu tekst\u016bru ir piem\u0113roti sausai un slapjai tehnikai. Vair\u0101k kr\u0101su var uzkl\u0101t \u0101tri un ar maz\u0101ku piep\u016bli. Kr\u0101sas pludinot, t\u0101s k\u013c\u016bst izteikt\u0101k\u0101s un izcili \u0161\u0137\u012bsto\u0161as. Se\u0161st\u016brveida 6.9mm korpuss, serdenis d=3.4mm.\" \/>\n<meta property=\"og:url\" content=\"https:\/\/hobstop.ee\/lv\/produkts\/akvarelzimuli-derwent-metala-kaste\/\" \/>\n<meta property=\"og:site_name\" content=\"Skizze\" \/>\n<meta property=\"article:publisher\" content=\"http:\/\/www.facebook.com\/VunderSkizze\" \/>\n<meta property=\"article:modified_time\" content=\"2019-04-25T11:18:02+00:00\" \/>\n<meta property=\"og:image\" content=\"https:\/\/www.hobstop.ee\/media\/91.jpg\" \/>\n\t<meta property=\"og:image:width\" content=\"1024\" \/>\n\t<meta property=\"og:image:height\" content=\"768\" \/>\n\t<meta property=\"og:image:type\" content=\"image\/jpeg\" \/>\n<meta name=\"twitter:card\" content=\"summary_large_image\" \/>\n<script type=\"application\/ld+json\" class=\"yoast-schema-graph\">{\"@context\":\"https:\/\/schema.org\",\"@graph\":[{\"@type\":\"WebPage\",\"@id\":\"https:\/\/hobstop.ee\/lv\/produkts\/akvarelzimuli-derwent-metala-kaste\/\",\"url\":\"https:\/\/hobstop.ee\/lv\/produkts\/akvarelzimuli-derwent-metala-kaste\/\",\"name\":\"Akvare\u013cz\u012bmu\u013ci Derwent met\u0101la kast\u0113 &#8211; Skizze\",\"isPartOf\":{\"@id\":\"https:\/\/hobstop.ee\/lv\/#website\"},\"primaryImageOfPage\":{\"@id\":\"https:\/\/hobstop.ee\/lv\/produkts\/akvarelzimuli-derwent-metala-kaste\/#primaryimage\"},\"image\":{\"@id\":\"https:\/\/hobstop.ee\/lv\/produkts\/akvarelzimuli-derwent-metala-kaste\/#primaryimage\"},\"thumbnailUrl\":\"https:\/\/hobstop.ee\/media\/91.jpg\",\"datePublished\":\"2014-12-09T10:46:15+00:00\",\"dateModified\":\"2019-04-25T11:18:02+00:00\",\"breadcrumb\":{\"@id\":\"https:\/\/hobstop.ee\/lv\/produkts\/akvarelzimuli-derwent-metala-kaste\/#breadcrumb\"},\"inLanguage\":\"lv-LV\",\"potentialAction\":[{\"@type\":\"ReadAction\",\"target\":[\"https:\/\/hobstop.ee\/lv\/produkts\/akvarelzimuli-derwent-metala-kaste\/\"]}]},{\"@type\":\"ImageObject\",\"inLanguage\":\"lv-LV\",\"@id\":\"https:\/\/hobstop.ee\/lv\/produkts\/akvarelzimuli-derwent-metala-kaste\/#primaryimage\",\"url\":\"https:\/\/hobstop.ee\/media\/91.jpg\",\"contentUrl\":\"https:\/\/hobstop.ee\/media\/91.jpg\",\"width\":1024,\"height\":768},{\"@type\":\"BreadcrumbList\",\"@id\":\"https:\/\/hobstop.ee\/lv\/produkts\/akvarelzimuli-derwent-metala-kaste\/#breadcrumb\",\"itemListElement\":[{\"@type\":\"ListItem\",\"position\":1,\"name\":\"Avaleht\",\"item\":\"https:\/\/www.hobstop.ee\/lv\/\"},{\"@type\":\"ListItem\",\"position\":2,\"name\":\"Veikals\",\"item\":\"https:\/\/www.hobstop.ee\/lv\/veikals\/\"},{\"@type\":\"ListItem\",\"position\":3,\"name\":\"Akvare\u013cz\u012bmu\u013ci Derwent met\u0101la kast\u0113\"}]},{\"@type\":\"WebSite\",\"@id\":\"https:\/\/hobstop.ee\/lv\/#website\",\"url\":\"https:\/\/hobstop.ee\/lv\/\",\"name\":\"Skizze\",\"description\":\"M\u0101kslas, hobiju un skolas preces\",\"publisher\":{\"@id\":\"https:\/\/hobstop.ee\/lv\/#organization\"},\"potentialAction\":[{\"@type\":\"SearchAction\",\"target\":{\"@type\":\"EntryPoint\",\"urlTemplate\":\"https:\/\/hobstop.ee\/lv\/?s={search_term_string}\"},\"query-input\":{\"@type\":\"PropertyValueSpecification\",\"valueRequired\":true,\"valueName\":\"search_term_string\"}}],\"inLanguage\":\"lv-LV\"},{\"@type\":\"Organization\",\"@id\":\"https:\/\/hobstop.ee\/lv\/#organization\",\"name\":\"Vunder AS\",\"url\":\"https:\/\/hobstop.ee\/lv\/\",\"logo\":{\"@type\":\"ImageObject\",\"inLanguage\":\"lv-LV\",\"@id\":\"https:\/\/hobstop.ee\/lv\/#\/schema\/logo\/image\/\",\"url\":\"https:\/\/hobstop.ee\/media\/vunder-logo.png\",\"contentUrl\":\"https:\/\/hobstop.ee\/media\/vunder-logo.png\",\"width\":127,\"height\":55,\"caption\":\"Vunder AS\"},\"image\":{\"@id\":\"https:\/\/hobstop.ee\/lv\/#\/schema\/logo\/image\/\"},\"sameAs\":[\"http:\/\/www.facebook.com\/VunderSkizze\"]}]}<\/script>\n<!-- \/ Yoast SEO plugin. -->","yoast_head_json":{"title":"Akvare\u013cz\u012bmu\u013ci Derwent met\u0101la kast\u0113 &#8211; Skizze","robots":{"index":"noindex","follow":"follow","max-snippet":"max-snippet:-1","max-image-preview":"max-image-preview:large","max-video-preview":"max-video-preview:-1"},"og_locale":"lv_LV","og_type":"article","og_title":"Akvare\u013cz\u012bmu\u013ci Derwent met\u0101la kast\u0113 &#8211; Skizze","og_description":"Augst\u0101k\u0101s klases akvare\u013cu z\u012bmu\u013ci ar m\u012bkstu tekst\u016bru ir piem\u0113roti sausai un slapjai tehnikai. Vair\u0101k kr\u0101su var uzkl\u0101t \u0101tri un ar maz\u0101ku piep\u016bli. Kr\u0101sas pludinot, t\u0101s k\u013c\u016bst izteikt\u0101k\u0101s un izcili \u0161\u0137\u012bsto\u0161as. Se\u0161st\u016brveida 6.9mm korpuss, serdenis d=3.4mm.","og_url":"https:\/\/hobstop.ee\/lv\/produkts\/akvarelzimuli-derwent-metala-kaste\/","og_site_name":"Skizze","article_publisher":"http:\/\/www.facebook.com\/VunderSkizze","article_modified_time":"2019-04-25T11:18:02+00:00","og_image":[{"width":1024,"height":768,"url":"https:\/\/www.hobstop.ee\/media\/91.jpg","type":"image\/jpeg"}],"twitter_card":"summary_large_image","schema":{"@context":"https:\/\/schema.org","@graph":[{"@type":"WebPage","@id":"https:\/\/hobstop.ee\/lv\/produkts\/akvarelzimuli-derwent-metala-kaste\/","url":"https:\/\/hobstop.ee\/lv\/produkts\/akvarelzimuli-derwent-metala-kaste\/","name":"Akvare\u013cz\u012bmu\u013ci Derwent met\u0101la kast\u0113 &#8211; Skizze","isPartOf":{"@id":"https:\/\/hobstop.ee\/lv\/#website"},"primaryImageOfPage":{"@id":"https:\/\/hobstop.ee\/lv\/produkts\/akvarelzimuli-derwent-metala-kaste\/#primaryimage"},"image":{"@id":"https:\/\/hobstop.ee\/lv\/produkts\/akvarelzimuli-derwent-metala-kaste\/#primaryimage"},"thumbnailUrl":"https:\/\/hobstop.ee\/media\/91.jpg","datePublished":"2014-12-09T10:46:15+00:00","dateModified":"2019-04-25T11:18:02+00:00","breadcrumb":{"@id":"https:\/\/hobstop.ee\/lv\/produkts\/akvarelzimuli-derwent-metala-kaste\/#breadcrumb"},"inLanguage":"lv-LV","potentialAction":[{"@type":"ReadAction","target":["https:\/\/hobstop.ee\/lv\/produkts\/akvarelzimuli-derwent-metala-kaste\/"]}]},{"@type":"ImageObject","inLanguage":"lv-LV","@id":"https:\/\/hobstop.ee\/lv\/produkts\/akvarelzimuli-derwent-metala-kaste\/#primaryimage","url":"https:\/\/hobstop.ee\/media\/91.jpg","contentUrl":"https:\/\/hobstop.ee\/media\/91.jpg","width":1024,"height":768},{"@type":"BreadcrumbList","@id":"https:\/\/hobstop.ee\/lv\/produkts\/akvarelzimuli-derwent-metala-kaste\/#breadcrumb","itemListElement":[{"@type":"ListItem","position":1,"name":"Avaleht","item":"https:\/\/www.hobstop.ee\/lv\/"},{"@type":"ListItem","position":2,"name":"Veikals","item":"https:\/\/www.hobstop.ee\/lv\/veikals\/"},{"@type":"ListItem","position":3,"name":"Akvare\u013cz\u012bmu\u013ci Derwent met\u0101la kast\u0113"}]},{"@type":"WebSite","@id":"https:\/\/hobstop.ee\/lv\/#website","url":"https:\/\/hobstop.ee\/lv\/","name":"Skizze","description":"M\u0101kslas, hobiju un skolas preces","publisher":{"@id":"https:\/\/hobstop.ee\/lv\/#organization"},"potentialAction":[{"@type":"SearchAction","target":{"@type":"EntryPoint","urlTemplate":"https:\/\/hobstop.ee\/lv\/?s={search_term_string}"},"query-input":{"@type":"PropertyValueSpecification","valueRequired":true,"valueName":"search_term_string"}}],"inLanguage":"lv-LV"},{"@type":"Organization","@id":"https:\/\/hobstop.ee\/lv\/#organization","name":"Vunder AS","url":"https:\/\/hobstop.ee\/lv\/","logo":{"@type":"ImageObject","inLanguage":"lv-LV","@id":"https:\/\/hobstop.ee\/lv\/#\/schema\/logo\/image\/","url":"https:\/\/hobstop.ee\/media\/vunder-logo.png","contentUrl":"https:\/\/hobstop.ee\/media\/vunder-logo.png","width":127,"height":55,"caption":"Vunder AS"},"image":{"@id":"https:\/\/hobstop.ee\/lv\/#\/schema\/logo\/image\/"},"sameAs":["http:\/\/www.facebook.com\/VunderSkizze"]}]}},"_links":{"self":[{"href":"https:\/\/hobstop.ee\/lv\/wp-json\/wp\/v2\/product\/22768","targetHints":{"allow":["GET"]}}],"collection":[{"href":"https:\/\/hobstop.ee\/lv\/wp-json\/wp\/v2\/product"}],"about":[{"href":"https:\/\/hobstop.ee\/lv\/wp-json\/wp\/v2\/types\/product"}],"replies":[{"embeddable":true,"href":"https:\/\/hobstop.ee\/lv\/wp-json\/wp\/v2\/comments?post=22768"}],"wp:featuredmedia":[{"embeddable":true,"href":"https:\/\/hobstop.ee\/lv\/wp-json\/wp\/v2\/media\/304139"}],"wp:attachment":[{"href":"https:\/\/hobstop.ee\/lv\/wp-json\/wp\/v2\/media?parent=22768"}],"wp:term":[{"taxonomy":"product_cat","embeddable":true,"href":"https:\/\/hobstop.ee\/lv\/wp-json\/wp\/v2\/product_cat?post=22768"},{"taxonomy":"product_tag","embeddable":true,"href":"https:\/\/hobstop.ee\/lv\/wp-json\/wp\/v2\/product_tag?post=22768"}],"curies":[{"name":"wp","href":"https:\/\/api.w.org\/{rel}","templated":true}]}}