{"id":22820,"date":"2014-12-09T12:46:32","date_gmt":"2014-12-09T10:46:32","guid":{"rendered":"https:\/\/sharks.ee\/vunder_2019.klient.veebimajutus.ee\/?post_type=product&#038;p=22820"},"modified":"2014-12-09T12:46:33","modified_gmt":"2014-12-09T10:46:33","slug":"krasa-tekstilam-marabu-fashioncolor","status":"publish","type":"product","link":"https:\/\/hobstop.ee\/lv\/produkts\/krasa-tekstilam-marabu-fashioncolor\/","title":{"rendered":"Kr\u0101sa tekstilam Marabu FashionColor"},"content":{"rendered":"<p>Marabu FashionColor tekstila kr\u0101sas ir paredz\u0113tas visa veida kokvilnas, lina, viskozes un jaukto audumu (ar max sint\u0113tisk\u0101s \u0161\u0137iedras saturu 20%) kr\u0101so\u0161anai ve\u013cas ma\u0161\u012bn\u0101. Kr\u0101sojot z\u012bda audumu, kr\u0101so\u0161ana j\u0101veic ar rok\u0101m, sekojot speci\u0101laj\u0101m instrukcij\u0101m. Marabu FaschionColor kr\u0101sas ir \u013coti notur\u012bgas pret gaismu, t\u0101s \u013cauj ietaup\u012bt l\u012bdzek\u013cus un ir viegli izmatojamas.  Ar vienu Marabu FaschionColor paci\u0146u var nokr\u0101sot 500-1500g auduma, ieg\u016bstot spilgtu un pies\u0101tin\u0101tu toni. Kr\u0101su gamm\u0101 ir atrodami gan intens\u012bvi to\u0146i, gan maigi paste\u013ci. Katram kr\u0101so\u0161anas ciklam ir nepiecie\u0161ams ar\u012b 1kg s\u0101ls.  Ar Marabu FaschionColor kr\u0101sotos izstr\u0101d\u0101jumus var mazg\u0101t ve\u013cas ma\u0161\u012bn\u0101 un tie nerada nos\u0113dumus uz ve\u013cas ma\u0161\u012bnas deta\u013c\u0101m.<\/p>\n","protected":false},"excerpt":{"rendered":"<p>Marabu FashionColor tekstila kr\u0101sas ir paredz\u0113tas visa veida kokvilnas, lina, viskozes un jaukto audumu (ar max sint\u0113tisk\u0101s \u0161\u0137iedras saturu 20%) kr\u0101so\u0161anai ve\u013cas ma\u0161\u012bn\u0101. Kr\u0101sojot z\u012bda audumu, kr\u0101so\u0161ana j\u0101veic ar rok\u0101m, sekojot speci\u0101laj\u0101m instrukcij\u0101m. Marabu FaschionColor kr\u0101sas ir \u013coti notur\u012bgas pret gaismu, t\u0101s \u013cauj ietaup\u012bt l\u012bdzek\u013cus un ir viegli izmatojamas. Ar vienu Marabu FaschionColor paci\u0146u var nokr\u0101sot 500-1500g auduma, ieg\u016bstot spilgtu un pies\u0101tin\u0101tu toni. Kr\u0101su gamm\u0101 ir atrodami gan intens\u012bvi to\u0146i, gan maigi paste\u013ci. Katram kr\u0101so\u0161anas ciklam ir nepiecie\u0161ams ar\u012b 1kg s\u0101ls. Ar Marabu FaschionColor kr\u0101sotos izstr\u0101d\u0101jumus var mazg\u0101t ve\u013cas ma\u0161\u012bn\u0101 un tie nerada nos\u0113dumus uz ve\u013cas ma\u0161\u012bnas deta\u013c\u0101m.<\/p>\n","protected":false},"featured_media":352715,"comment_status":"closed","ping_status":"closed","template":"","meta":{"_acf_changed":false,"ep_exclude_from_search":false},"product_cat":[18212,17918,17956],"product_tag":[],"class_list":{"0":"post-22820","1":"product","2":"type-product","3":"status-publish","4":"has-post-thumbnail","6":"product_cat-krasas-gleznosanai-uz-auduma","7":"product_cat-preces-hobijiem","8":"product_cat-tekstilam","10":"first","11":"instock","12":"sale","13":"taxable","14":"shipping-taxable","15":"purchasable","16":"product-type-variable"},"acf":[],"yoast_head":"<!-- This site is optimized with the Yoast SEO plugin v24.1 - https:\/\/yoast.com\/wordpress\/plugins\/seo\/ -->\n<title>Kr\u0101sa tekstilam Marabu FashionColor &#8211; Skizze<\/title>\n<meta name=\"robots\" content=\"noindex, follow, max-snippet:-1, max-image-preview:large, max-video-preview:-1\" \/>\n<meta property=\"og:locale\" content=\"lv_LV\" \/>\n<meta property=\"og:type\" content=\"article\" \/>\n<meta property=\"og:title\" content=\"Kr\u0101sa tekstilam Marabu FashionColor &#8211; Skizze\" \/>\n<meta property=\"og:description\" content=\"Marabu FashionColor tekstila kr\u0101sas ir paredz\u0113tas visa veida kokvilnas, lina, viskozes un jaukto audumu (ar max sint\u0113tisk\u0101s \u0161\u0137iedras saturu 20%) kr\u0101so\u0161anai ve\u013cas ma\u0161\u012bn\u0101. Kr\u0101sojot z\u012bda audumu, kr\u0101so\u0161ana j\u0101veic ar rok\u0101m, sekojot speci\u0101laj\u0101m instrukcij\u0101m. Marabu FaschionColor kr\u0101sas ir \u013coti notur\u012bgas pret gaismu, t\u0101s \u013cauj ietaup\u012bt l\u012bdzek\u013cus un ir viegli izmatojamas. Ar vienu Marabu FaschionColor paci\u0146u var nokr\u0101sot 500-1500g auduma, ieg\u016bstot spilgtu un pies\u0101tin\u0101tu toni. Kr\u0101su gamm\u0101 ir atrodami gan intens\u012bvi to\u0146i, gan maigi paste\u013ci. Katram kr\u0101so\u0161anas ciklam ir nepiecie\u0161ams ar\u012b 1kg s\u0101ls. Ar Marabu FaschionColor kr\u0101sotos izstr\u0101d\u0101jumus var mazg\u0101t ve\u013cas ma\u0161\u012bn\u0101 un tie nerada nos\u0113dumus uz ve\u013cas ma\u0161\u012bnas deta\u013c\u0101m.\" \/>\n<meta property=\"og:url\" content=\"https:\/\/hobstop.ee\/lv\/produkts\/krasa-tekstilam-marabu-fashioncolor\/\" \/>\n<meta property=\"og:site_name\" content=\"Skizze\" \/>\n<meta property=\"article:publisher\" content=\"http:\/\/www.facebook.com\/VunderSkizze\" \/>\n<meta property=\"article:modified_time\" content=\"2014-12-09T10:46:33+00:00\" \/>\n<meta property=\"og:image\" content=\"https:\/\/www.hobstop.ee\/media\/136.jpg\" \/>\n\t<meta property=\"og:image:width\" content=\"1024\" \/>\n\t<meta property=\"og:image:height\" content=\"768\" \/>\n\t<meta property=\"og:image:type\" content=\"image\/jpeg\" \/>\n<meta name=\"twitter:card\" content=\"summary_large_image\" \/>\n<meta name=\"twitter:label1\" content=\"Est. reading time\" \/>\n\t<meta name=\"twitter:data1\" content=\"1 min\u016b\u0161u\" \/>\n<script type=\"application\/ld+json\" class=\"yoast-schema-graph\">{\"@context\":\"https:\/\/schema.org\",\"@graph\":[{\"@type\":\"WebPage\",\"@id\":\"https:\/\/hobstop.ee\/lv\/produkts\/krasa-tekstilam-marabu-fashioncolor\/\",\"url\":\"https:\/\/hobstop.ee\/lv\/produkts\/krasa-tekstilam-marabu-fashioncolor\/\",\"name\":\"Kr\u0101sa tekstilam Marabu FashionColor &#8211; Skizze\",\"isPartOf\":{\"@id\":\"https:\/\/hobstop.ee\/lv\/#website\"},\"primaryImageOfPage\":{\"@id\":\"https:\/\/hobstop.ee\/lv\/produkts\/krasa-tekstilam-marabu-fashioncolor\/#primaryimage\"},\"image\":{\"@id\":\"https:\/\/hobstop.ee\/lv\/produkts\/krasa-tekstilam-marabu-fashioncolor\/#primaryimage\"},\"thumbnailUrl\":\"https:\/\/hobstop.ee\/media\/136.jpg\",\"datePublished\":\"2014-12-09T10:46:32+00:00\",\"dateModified\":\"2014-12-09T10:46:33+00:00\",\"breadcrumb\":{\"@id\":\"https:\/\/hobstop.ee\/lv\/produkts\/krasa-tekstilam-marabu-fashioncolor\/#breadcrumb\"},\"inLanguage\":\"lv-LV\",\"potentialAction\":[{\"@type\":\"ReadAction\",\"target\":[\"https:\/\/hobstop.ee\/lv\/produkts\/krasa-tekstilam-marabu-fashioncolor\/\"]}]},{\"@type\":\"ImageObject\",\"inLanguage\":\"lv-LV\",\"@id\":\"https:\/\/hobstop.ee\/lv\/produkts\/krasa-tekstilam-marabu-fashioncolor\/#primaryimage\",\"url\":\"https:\/\/hobstop.ee\/media\/136.jpg\",\"contentUrl\":\"https:\/\/hobstop.ee\/media\/136.jpg\",\"width\":1024,\"height\":768},{\"@type\":\"BreadcrumbList\",\"@id\":\"https:\/\/hobstop.ee\/lv\/produkts\/krasa-tekstilam-marabu-fashioncolor\/#breadcrumb\",\"itemListElement\":[{\"@type\":\"ListItem\",\"position\":1,\"name\":\"Avaleht\",\"item\":\"https:\/\/hobstop.ee\/lv\/\"},{\"@type\":\"ListItem\",\"position\":2,\"name\":\"Veikals\",\"item\":\"https:\/\/hobstop.ee\/lv\/veikals\/\"},{\"@type\":\"ListItem\",\"position\":3,\"name\":\"Kr\u0101sa tekstilam Marabu FashionColor\"}]},{\"@type\":\"WebSite\",\"@id\":\"https:\/\/hobstop.ee\/lv\/#website\",\"url\":\"https:\/\/hobstop.ee\/lv\/\",\"name\":\"Skizze\",\"description\":\"M\u0101kslas, hobiju un skolas preces\",\"publisher\":{\"@id\":\"https:\/\/hobstop.ee\/lv\/#organization\"},\"potentialAction\":[{\"@type\":\"SearchAction\",\"target\":{\"@type\":\"EntryPoint\",\"urlTemplate\":\"https:\/\/hobstop.ee\/lv\/?s={search_term_string}\"},\"query-input\":{\"@type\":\"PropertyValueSpecification\",\"valueRequired\":true,\"valueName\":\"search_term_string\"}}],\"inLanguage\":\"lv-LV\"},{\"@type\":\"Organization\",\"@id\":\"https:\/\/hobstop.ee\/lv\/#organization\",\"name\":\"Vunder AS\",\"url\":\"https:\/\/hobstop.ee\/lv\/\",\"logo\":{\"@type\":\"ImageObject\",\"inLanguage\":\"lv-LV\",\"@id\":\"https:\/\/hobstop.ee\/lv\/#\/schema\/logo\/image\/\",\"url\":\"https:\/\/hobstop.ee\/media\/vunder-logo.png\",\"contentUrl\":\"https:\/\/hobstop.ee\/media\/vunder-logo.png\",\"width\":127,\"height\":55,\"caption\":\"Vunder AS\"},\"image\":{\"@id\":\"https:\/\/hobstop.ee\/lv\/#\/schema\/logo\/image\/\"},\"sameAs\":[\"http:\/\/www.facebook.com\/VunderSkizze\"]}]}<\/script>\n<!-- \/ Yoast SEO plugin. -->","yoast_head_json":{"title":"Kr\u0101sa tekstilam Marabu FashionColor &#8211; Skizze","robots":{"index":"noindex","follow":"follow","max-snippet":"max-snippet:-1","max-image-preview":"max-image-preview:large","max-video-preview":"max-video-preview:-1"},"og_locale":"lv_LV","og_type":"article","og_title":"Kr\u0101sa tekstilam Marabu FashionColor &#8211; Skizze","og_description":"Marabu FashionColor tekstila kr\u0101sas ir paredz\u0113tas visa veida kokvilnas, lina, viskozes un jaukto audumu (ar max sint\u0113tisk\u0101s \u0161\u0137iedras saturu 20%) kr\u0101so\u0161anai ve\u013cas ma\u0161\u012bn\u0101. Kr\u0101sojot z\u012bda audumu, kr\u0101so\u0161ana j\u0101veic ar rok\u0101m, sekojot speci\u0101laj\u0101m instrukcij\u0101m. Marabu FaschionColor kr\u0101sas ir \u013coti notur\u012bgas pret gaismu, t\u0101s \u013cauj ietaup\u012bt l\u012bdzek\u013cus un ir viegli izmatojamas. Ar vienu Marabu FaschionColor paci\u0146u var nokr\u0101sot 500-1500g auduma, ieg\u016bstot spilgtu un pies\u0101tin\u0101tu toni. Kr\u0101su gamm\u0101 ir atrodami gan intens\u012bvi to\u0146i, gan maigi paste\u013ci. Katram kr\u0101so\u0161anas ciklam ir nepiecie\u0161ams ar\u012b 1kg s\u0101ls. Ar Marabu FaschionColor kr\u0101sotos izstr\u0101d\u0101jumus var mazg\u0101t ve\u013cas ma\u0161\u012bn\u0101 un tie nerada nos\u0113dumus uz ve\u013cas ma\u0161\u012bnas deta\u013c\u0101m.","og_url":"https:\/\/hobstop.ee\/lv\/produkts\/krasa-tekstilam-marabu-fashioncolor\/","og_site_name":"Skizze","article_publisher":"http:\/\/www.facebook.com\/VunderSkizze","article_modified_time":"2014-12-09T10:46:33+00:00","og_image":[{"width":1024,"height":768,"url":"https:\/\/www.hobstop.ee\/media\/136.jpg","type":"image\/jpeg"}],"twitter_card":"summary_large_image","twitter_misc":{"Est. reading time":"1 min\u016b\u0161u"},"schema":{"@context":"https:\/\/schema.org","@graph":[{"@type":"WebPage","@id":"https:\/\/hobstop.ee\/lv\/produkts\/krasa-tekstilam-marabu-fashioncolor\/","url":"https:\/\/hobstop.ee\/lv\/produkts\/krasa-tekstilam-marabu-fashioncolor\/","name":"Kr\u0101sa tekstilam Marabu FashionColor &#8211; Skizze","isPartOf":{"@id":"https:\/\/hobstop.ee\/lv\/#website"},"primaryImageOfPage":{"@id":"https:\/\/hobstop.ee\/lv\/produkts\/krasa-tekstilam-marabu-fashioncolor\/#primaryimage"},"image":{"@id":"https:\/\/hobstop.ee\/lv\/produkts\/krasa-tekstilam-marabu-fashioncolor\/#primaryimage"},"thumbnailUrl":"https:\/\/hobstop.ee\/media\/136.jpg","datePublished":"2014-12-09T10:46:32+00:00","dateModified":"2014-12-09T10:46:33+00:00","breadcrumb":{"@id":"https:\/\/hobstop.ee\/lv\/produkts\/krasa-tekstilam-marabu-fashioncolor\/#breadcrumb"},"inLanguage":"lv-LV","potentialAction":[{"@type":"ReadAction","target":["https:\/\/hobstop.ee\/lv\/produkts\/krasa-tekstilam-marabu-fashioncolor\/"]}]},{"@type":"ImageObject","inLanguage":"lv-LV","@id":"https:\/\/hobstop.ee\/lv\/produkts\/krasa-tekstilam-marabu-fashioncolor\/#primaryimage","url":"https:\/\/hobstop.ee\/media\/136.jpg","contentUrl":"https:\/\/hobstop.ee\/media\/136.jpg","width":1024,"height":768},{"@type":"BreadcrumbList","@id":"https:\/\/hobstop.ee\/lv\/produkts\/krasa-tekstilam-marabu-fashioncolor\/#breadcrumb","itemListElement":[{"@type":"ListItem","position":1,"name":"Avaleht","item":"https:\/\/hobstop.ee\/lv\/"},{"@type":"ListItem","position":2,"name":"Veikals","item":"https:\/\/hobstop.ee\/lv\/veikals\/"},{"@type":"ListItem","position":3,"name":"Kr\u0101sa tekstilam Marabu FashionColor"}]},{"@type":"WebSite","@id":"https:\/\/hobstop.ee\/lv\/#website","url":"https:\/\/hobstop.ee\/lv\/","name":"Skizze","description":"M\u0101kslas, hobiju un skolas preces","publisher":{"@id":"https:\/\/hobstop.ee\/lv\/#organization"},"potentialAction":[{"@type":"SearchAction","target":{"@type":"EntryPoint","urlTemplate":"https:\/\/hobstop.ee\/lv\/?s={search_term_string}"},"query-input":{"@type":"PropertyValueSpecification","valueRequired":true,"valueName":"search_term_string"}}],"inLanguage":"lv-LV"},{"@type":"Organization","@id":"https:\/\/hobstop.ee\/lv\/#organization","name":"Vunder AS","url":"https:\/\/hobstop.ee\/lv\/","logo":{"@type":"ImageObject","inLanguage":"lv-LV","@id":"https:\/\/hobstop.ee\/lv\/#\/schema\/logo\/image\/","url":"https:\/\/hobstop.ee\/media\/vunder-logo.png","contentUrl":"https:\/\/hobstop.ee\/media\/vunder-logo.png","width":127,"height":55,"caption":"Vunder AS"},"image":{"@id":"https:\/\/hobstop.ee\/lv\/#\/schema\/logo\/image\/"},"sameAs":["http:\/\/www.facebook.com\/VunderSkizze"]}]}},"_links":{"self":[{"href":"https:\/\/hobstop.ee\/lv\/wp-json\/wp\/v2\/product\/22820","targetHints":{"allow":["GET"]}}],"collection":[{"href":"https:\/\/hobstop.ee\/lv\/wp-json\/wp\/v2\/product"}],"about":[{"href":"https:\/\/hobstop.ee\/lv\/wp-json\/wp\/v2\/types\/product"}],"replies":[{"embeddable":true,"href":"https:\/\/hobstop.ee\/lv\/wp-json\/wp\/v2\/comments?post=22820"}],"wp:featuredmedia":[{"embeddable":true,"href":"https:\/\/hobstop.ee\/lv\/wp-json\/wp\/v2\/media\/352715"}],"wp:attachment":[{"href":"https:\/\/hobstop.ee\/lv\/wp-json\/wp\/v2\/media?parent=22820"}],"wp:term":[{"taxonomy":"product_cat","embeddable":true,"href":"https:\/\/hobstop.ee\/lv\/wp-json\/wp\/v2\/product_cat?post=22820"},{"taxonomy":"product_tag","embeddable":true,"href":"https:\/\/hobstop.ee\/lv\/wp-json\/wp\/v2\/product_tag?post=22820"}],"curies":[{"name":"wp","href":"https:\/\/api.w.org\/{rel}","templated":true}]}}