{"id":22893,"date":"2014-12-09T12:46:56","date_gmt":"2014-12-09T10:46:56","guid":{"rendered":"https:\/\/sharks.ee\/vunder_2019.klient.veebimajutus.ee\/?post_type=product&#038;p=22893"},"modified":"2014-12-09T12:46:56","modified_gmt":"2014-12-09T10:46:56","slug":"grafita-kriti-derwent-graphitone","status":"publish","type":"product","link":"https:\/\/hobstop.ee\/lv\/produkts\/grafita-kriti-derwent-graphitone\/","title":{"rendered":"Graf\u012bta kr\u012bti Derwent Graphitone"},"content":{"rendered":"<p>Ja jums pat\u012bk str\u0101d\u0101t ar graf\u012btu, j\u016bs iem\u012bl\u0113siet Watersoluble Graphitone. Tas ir z\u012bmu\u013cveid\u012bgs, t\u012brs un m\u0101ksliniekam nepiecie\u0161ams graf\u012bts uz \u016bdens b\u0101zes, kuru var izmantot k\u0101 parasto z\u012bmuli, vai drupatu veid\u0101, lai rad\u012btu pla\u0161us to\u0146a vilkumus vai izteiktus graf\u012bta pludin\u0101jumus. Pieejams \u010detr\u0101s da\u017e\u0101d\u0101s pludin\u0101\u0161anai paredz\u0113t\u0101s pak\u0101p\u0113s, tas ir \u0113rts lieto\u0161an\u0101, jo t\u0101 aizsargsl\u0101nis non\u0101k nost vienk\u0101r\u0161i un atkar\u012bb\u0101 no t\u0101, cik liels daudzums graf\u012bta jums ir nepiecie\u0161ams. Pateicoties tam, ka graf\u012bta materi\u0101ls ir piln\u012bb\u0101 izmantojams, tas ir \u013coti ekonomisks.<br \/>\nApa\u013c\u0161, 7mm t\u012bra graf\u012bta z\u012bmulis<\/p>\n","protected":false},"excerpt":{"rendered":"<p>Ja jums pat\u012bk str\u0101d\u0101t ar graf\u012btu, j\u016bs iem\u012bl\u0113siet Watersoluble Graphitone. Tas ir z\u012bmu\u013cveid\u012bgs, t\u012brs un m\u0101ksliniekam nepiecie\u0161ams graf\u012bts uz \u016bdens b\u0101zes, kuru var izmantot k\u0101 parasto z\u012bmuli, vai drupatu veid\u0101, lai rad\u012btu pla\u0161us to\u0146a vilkumus vai izteiktus graf\u012bta pludin\u0101jumus. Pieejams \u010detr\u0101s da\u017e\u0101d\u0101s pludin\u0101\u0161anai paredz\u0113t\u0101s pak\u0101p\u0113s, tas ir \u0113rts lieto\u0161an\u0101, jo t\u0101 aizsargsl\u0101nis non\u0101k nost vienk\u0101r\u0161i un atkar\u012bb\u0101 no t\u0101, cik liels daudzums graf\u012bta jums ir nepiecie\u0161ams. Pateicoties tam, ka graf\u012bta materi\u0101ls ir piln\u012bb\u0101 izmantojams, tas ir \u013coti ekonomisks. Apa\u013c\u0161, 7mm t\u012bra graf\u012bta z\u012bmulis<\/p>\n","protected":false},"featured_media":101687,"comment_status":"closed","ping_status":"closed","template":"","meta":{"_acf_changed":false,"ep_exclude_from_search":false},"product_cat":[18988,16123,18931],"product_tag":[],"class_list":{"0":"post-22893","1":"product","2":"type-product","3":"status-publish","4":"has-post-thumbnail","6":"product_cat-grafita-zimuli-3","7":"product_cat-makslas-piederumi-2","8":"product_cat-zimesanas-piederumi-3","10":"first","11":"instock","12":"taxable","13":"shipping-taxable","14":"purchasable","15":"product-type-variable"},"acf":[],"yoast_head":"<!-- This site is optimized with the Yoast SEO plugin v24.1 - https:\/\/yoast.com\/wordpress\/plugins\/seo\/ -->\n<title>Graf\u012bta kr\u012bti Derwent Graphitone &#8211; Skizze<\/title>\n<meta name=\"robots\" content=\"noindex, follow, max-snippet:-1, max-image-preview:large, max-video-preview:-1\" \/>\n<meta property=\"og:locale\" content=\"lv_LV\" \/>\n<meta property=\"og:type\" content=\"article\" \/>\n<meta property=\"og:title\" content=\"Graf\u012bta kr\u012bti Derwent Graphitone &#8211; Skizze\" \/>\n<meta property=\"og:description\" content=\"Ja jums pat\u012bk str\u0101d\u0101t ar graf\u012btu, j\u016bs iem\u012bl\u0113siet Watersoluble Graphitone. Tas ir z\u012bmu\u013cveid\u012bgs, t\u012brs un m\u0101ksliniekam nepiecie\u0161ams graf\u012bts uz \u016bdens b\u0101zes, kuru var izmantot k\u0101 parasto z\u012bmuli, vai drupatu veid\u0101, lai rad\u012btu pla\u0161us to\u0146a vilkumus vai izteiktus graf\u012bta pludin\u0101jumus. Pieejams \u010detr\u0101s da\u017e\u0101d\u0101s pludin\u0101\u0161anai paredz\u0113t\u0101s pak\u0101p\u0113s, tas ir \u0113rts lieto\u0161an\u0101, jo t\u0101 aizsargsl\u0101nis non\u0101k nost vienk\u0101r\u0161i un atkar\u012bb\u0101 no t\u0101, cik liels daudzums graf\u012bta jums ir nepiecie\u0161ams. Pateicoties tam, ka graf\u012bta materi\u0101ls ir piln\u012bb\u0101 izmantojams, tas ir \u013coti ekonomisks. Apa\u013c\u0161, 7mm t\u012bra graf\u012bta z\u012bmulis\" \/>\n<meta property=\"og:url\" content=\"https:\/\/hobstop.ee\/lv\/produkts\/grafita-kriti-derwent-graphitone\/\" \/>\n<meta property=\"og:site_name\" content=\"Skizze\" \/>\n<meta property=\"article:publisher\" content=\"http:\/\/www.facebook.com\/VunderSkizze\" \/>\n<meta property=\"og:image\" content=\"https:\/\/hobstop.ee\/media\/234.jpg\" \/>\n\t<meta property=\"og:image:width\" content=\"1024\" \/>\n\t<meta property=\"og:image:height\" content=\"768\" \/>\n\t<meta property=\"og:image:type\" content=\"image\/jpeg\" \/>\n<meta name=\"twitter:card\" content=\"summary_large_image\" \/>\n<meta name=\"twitter:label1\" content=\"Est. reading time\" \/>\n\t<meta name=\"twitter:data1\" content=\"1 min\u016b\u0161u\" \/>\n<script type=\"application\/ld+json\" class=\"yoast-schema-graph\">{\"@context\":\"https:\/\/schema.org\",\"@graph\":[{\"@type\":\"WebPage\",\"@id\":\"https:\/\/hobstop.ee\/lv\/produkts\/grafita-kriti-derwent-graphitone\/\",\"url\":\"https:\/\/hobstop.ee\/lv\/produkts\/grafita-kriti-derwent-graphitone\/\",\"name\":\"Graf\u012bta kr\u012bti Derwent Graphitone &#8211; Skizze\",\"isPartOf\":{\"@id\":\"https:\/\/hobstop.ee\/lv\/#website\"},\"primaryImageOfPage\":{\"@id\":\"https:\/\/hobstop.ee\/lv\/produkts\/grafita-kriti-derwent-graphitone\/#primaryimage\"},\"image\":{\"@id\":\"https:\/\/hobstop.ee\/lv\/produkts\/grafita-kriti-derwent-graphitone\/#primaryimage\"},\"thumbnailUrl\":\"https:\/\/hobstop.ee\/media\/234.jpg\",\"datePublished\":\"2014-12-09T10:46:56+00:00\",\"dateModified\":\"2014-12-09T10:46:56+00:00\",\"breadcrumb\":{\"@id\":\"https:\/\/hobstop.ee\/lv\/produkts\/grafita-kriti-derwent-graphitone\/#breadcrumb\"},\"inLanguage\":\"lv-LV\",\"potentialAction\":[{\"@type\":\"ReadAction\",\"target\":[\"https:\/\/hobstop.ee\/lv\/produkts\/grafita-kriti-derwent-graphitone\/\"]}]},{\"@type\":\"ImageObject\",\"inLanguage\":\"lv-LV\",\"@id\":\"https:\/\/hobstop.ee\/lv\/produkts\/grafita-kriti-derwent-graphitone\/#primaryimage\",\"url\":\"https:\/\/hobstop.ee\/media\/234.jpg\",\"contentUrl\":\"https:\/\/hobstop.ee\/media\/234.jpg\",\"width\":1024,\"height\":768},{\"@type\":\"BreadcrumbList\",\"@id\":\"https:\/\/hobstop.ee\/lv\/produkts\/grafita-kriti-derwent-graphitone\/#breadcrumb\",\"itemListElement\":[{\"@type\":\"ListItem\",\"position\":1,\"name\":\"Avaleht\",\"item\":\"https:\/\/hobstop.ee\/lv\/\"},{\"@type\":\"ListItem\",\"position\":2,\"name\":\"Veikals\",\"item\":\"https:\/\/hobstop.ee\/lv\/veikals\/\"},{\"@type\":\"ListItem\",\"position\":3,\"name\":\"Graf\u012bta kr\u012bti Derwent Graphitone\"}]},{\"@type\":\"WebSite\",\"@id\":\"https:\/\/hobstop.ee\/lv\/#website\",\"url\":\"https:\/\/hobstop.ee\/lv\/\",\"name\":\"Skizze\",\"description\":\"M\u0101kslas, hobiju un skolas preces\",\"publisher\":{\"@id\":\"https:\/\/hobstop.ee\/lv\/#organization\"},\"potentialAction\":[{\"@type\":\"SearchAction\",\"target\":{\"@type\":\"EntryPoint\",\"urlTemplate\":\"https:\/\/hobstop.ee\/lv\/?s={search_term_string}\"},\"query-input\":{\"@type\":\"PropertyValueSpecification\",\"valueRequired\":true,\"valueName\":\"search_term_string\"}}],\"inLanguage\":\"lv-LV\"},{\"@type\":\"Organization\",\"@id\":\"https:\/\/hobstop.ee\/lv\/#organization\",\"name\":\"Vunder AS\",\"url\":\"https:\/\/hobstop.ee\/lv\/\",\"logo\":{\"@type\":\"ImageObject\",\"inLanguage\":\"lv-LV\",\"@id\":\"https:\/\/hobstop.ee\/lv\/#\/schema\/logo\/image\/\",\"url\":\"https:\/\/hobstop.ee\/media\/vunder-logo.png\",\"contentUrl\":\"https:\/\/hobstop.ee\/media\/vunder-logo.png\",\"width\":127,\"height\":55,\"caption\":\"Vunder AS\"},\"image\":{\"@id\":\"https:\/\/hobstop.ee\/lv\/#\/schema\/logo\/image\/\"},\"sameAs\":[\"http:\/\/www.facebook.com\/VunderSkizze\"]}]}<\/script>\n<!-- \/ Yoast SEO plugin. -->","yoast_head_json":{"title":"Graf\u012bta kr\u012bti Derwent Graphitone &#8211; Skizze","robots":{"index":"noindex","follow":"follow","max-snippet":"max-snippet:-1","max-image-preview":"max-image-preview:large","max-video-preview":"max-video-preview:-1"},"og_locale":"lv_LV","og_type":"article","og_title":"Graf\u012bta kr\u012bti Derwent Graphitone &#8211; Skizze","og_description":"Ja jums pat\u012bk str\u0101d\u0101t ar graf\u012btu, j\u016bs iem\u012bl\u0113siet Watersoluble Graphitone. Tas ir z\u012bmu\u013cveid\u012bgs, t\u012brs un m\u0101ksliniekam nepiecie\u0161ams graf\u012bts uz \u016bdens b\u0101zes, kuru var izmantot k\u0101 parasto z\u012bmuli, vai drupatu veid\u0101, lai rad\u012btu pla\u0161us to\u0146a vilkumus vai izteiktus graf\u012bta pludin\u0101jumus. Pieejams \u010detr\u0101s da\u017e\u0101d\u0101s pludin\u0101\u0161anai paredz\u0113t\u0101s pak\u0101p\u0113s, tas ir \u0113rts lieto\u0161an\u0101, jo t\u0101 aizsargsl\u0101nis non\u0101k nost vienk\u0101r\u0161i un atkar\u012bb\u0101 no t\u0101, cik liels daudzums graf\u012bta jums ir nepiecie\u0161ams. Pateicoties tam, ka graf\u012bta materi\u0101ls ir piln\u012bb\u0101 izmantojams, tas ir \u013coti ekonomisks. Apa\u013c\u0161, 7mm t\u012bra graf\u012bta z\u012bmulis","og_url":"https:\/\/hobstop.ee\/lv\/produkts\/grafita-kriti-derwent-graphitone\/","og_site_name":"Skizze","article_publisher":"http:\/\/www.facebook.com\/VunderSkizze","og_image":[{"width":1024,"height":768,"url":"https:\/\/hobstop.ee\/media\/234.jpg","type":"image\/jpeg"}],"twitter_card":"summary_large_image","twitter_misc":{"Est. reading time":"1 min\u016b\u0161u"},"schema":{"@context":"https:\/\/schema.org","@graph":[{"@type":"WebPage","@id":"https:\/\/hobstop.ee\/lv\/produkts\/grafita-kriti-derwent-graphitone\/","url":"https:\/\/hobstop.ee\/lv\/produkts\/grafita-kriti-derwent-graphitone\/","name":"Graf\u012bta kr\u012bti Derwent Graphitone &#8211; Skizze","isPartOf":{"@id":"https:\/\/hobstop.ee\/lv\/#website"},"primaryImageOfPage":{"@id":"https:\/\/hobstop.ee\/lv\/produkts\/grafita-kriti-derwent-graphitone\/#primaryimage"},"image":{"@id":"https:\/\/hobstop.ee\/lv\/produkts\/grafita-kriti-derwent-graphitone\/#primaryimage"},"thumbnailUrl":"https:\/\/hobstop.ee\/media\/234.jpg","datePublished":"2014-12-09T10:46:56+00:00","dateModified":"2014-12-09T10:46:56+00:00","breadcrumb":{"@id":"https:\/\/hobstop.ee\/lv\/produkts\/grafita-kriti-derwent-graphitone\/#breadcrumb"},"inLanguage":"lv-LV","potentialAction":[{"@type":"ReadAction","target":["https:\/\/hobstop.ee\/lv\/produkts\/grafita-kriti-derwent-graphitone\/"]}]},{"@type":"ImageObject","inLanguage":"lv-LV","@id":"https:\/\/hobstop.ee\/lv\/produkts\/grafita-kriti-derwent-graphitone\/#primaryimage","url":"https:\/\/hobstop.ee\/media\/234.jpg","contentUrl":"https:\/\/hobstop.ee\/media\/234.jpg","width":1024,"height":768},{"@type":"BreadcrumbList","@id":"https:\/\/hobstop.ee\/lv\/produkts\/grafita-kriti-derwent-graphitone\/#breadcrumb","itemListElement":[{"@type":"ListItem","position":1,"name":"Avaleht","item":"https:\/\/hobstop.ee\/lv\/"},{"@type":"ListItem","position":2,"name":"Veikals","item":"https:\/\/hobstop.ee\/lv\/veikals\/"},{"@type":"ListItem","position":3,"name":"Graf\u012bta kr\u012bti Derwent Graphitone"}]},{"@type":"WebSite","@id":"https:\/\/hobstop.ee\/lv\/#website","url":"https:\/\/hobstop.ee\/lv\/","name":"Skizze","description":"M\u0101kslas, hobiju un skolas preces","publisher":{"@id":"https:\/\/hobstop.ee\/lv\/#organization"},"potentialAction":[{"@type":"SearchAction","target":{"@type":"EntryPoint","urlTemplate":"https:\/\/hobstop.ee\/lv\/?s={search_term_string}"},"query-input":{"@type":"PropertyValueSpecification","valueRequired":true,"valueName":"search_term_string"}}],"inLanguage":"lv-LV"},{"@type":"Organization","@id":"https:\/\/hobstop.ee\/lv\/#organization","name":"Vunder AS","url":"https:\/\/hobstop.ee\/lv\/","logo":{"@type":"ImageObject","inLanguage":"lv-LV","@id":"https:\/\/hobstop.ee\/lv\/#\/schema\/logo\/image\/","url":"https:\/\/hobstop.ee\/media\/vunder-logo.png","contentUrl":"https:\/\/hobstop.ee\/media\/vunder-logo.png","width":127,"height":55,"caption":"Vunder AS"},"image":{"@id":"https:\/\/hobstop.ee\/lv\/#\/schema\/logo\/image\/"},"sameAs":["http:\/\/www.facebook.com\/VunderSkizze"]}]}},"_links":{"self":[{"href":"https:\/\/hobstop.ee\/lv\/wp-json\/wp\/v2\/product\/22893","targetHints":{"allow":["GET"]}}],"collection":[{"href":"https:\/\/hobstop.ee\/lv\/wp-json\/wp\/v2\/product"}],"about":[{"href":"https:\/\/hobstop.ee\/lv\/wp-json\/wp\/v2\/types\/product"}],"replies":[{"embeddable":true,"href":"https:\/\/hobstop.ee\/lv\/wp-json\/wp\/v2\/comments?post=22893"}],"wp:featuredmedia":[{"embeddable":true,"href":"https:\/\/hobstop.ee\/lv\/wp-json\/wp\/v2\/media\/101687"}],"wp:attachment":[{"href":"https:\/\/hobstop.ee\/lv\/wp-json\/wp\/v2\/media?parent=22893"}],"wp:term":[{"taxonomy":"product_cat","embeddable":true,"href":"https:\/\/hobstop.ee\/lv\/wp-json\/wp\/v2\/product_cat?post=22893"},{"taxonomy":"product_tag","embeddable":true,"href":"https:\/\/hobstop.ee\/lv\/wp-json\/wp\/v2\/product_tag?post=22893"}],"curies":[{"name":"wp","href":"https:\/\/api.w.org\/{rel}","templated":true}]}}