{"id":22915,"date":"2014-12-09T12:47:05","date_gmt":"2014-12-09T10:47:05","guid":{"rendered":"https:\/\/sharks.ee\/vunder_2019.klient.veebimajutus.ee\/?post_type=product&#038;p=22915"},"modified":"2014-12-09T12:47:05","modified_gmt":"2014-12-09T10:47:05","slug":"zimesanas-papirs-canson-c-a-grain","status":"publish","type":"product","link":"https:\/\/hobstop.ee\/lv\/produkts\/zimesanas-papirs-canson-c-a-grain\/","title":{"rendered":"Z\u012bm\u0113\u0161anas pap\u012brs Canson C a Grain"},"content":{"rendered":"<p>Canson &#8220;C&#8221; \u00e0 grain pap\u012brs, pateicoties t\u0101 smalkajai tekst\u016brai, kas nav nedz p\u0101r\u0101k gluda, nedz p\u0101r\u0101k izteikta, ir ide\u0101li piem\u0113rots z\u012bm\u0113\u0161anai. Rezult\u0101ts ir vienlaic\u012bgi gan viegls reljefs, gan smalki l\u012bdzsvarots.  Pap\u012bra ra\u017eo\u0161an\u0101 ir izmantota tikai alfa-celuloze, un tas nesatur lign\u012bnu, kas laika gait\u0101 var\u0113tu izrais\u012bt pap\u012bra dzelt\u0113\u0161anu. \u0160is iztur\u012bgais, dab\u012bgi baltais pap\u012brs bez optisko balin\u0101t\u0101ju un sk\u0101bju piejaukumiem atbilst vis\u0101m ISO 9706 standarta pras\u012bb\u0101m. Pateicoties virsmas p\u0101rkl\u0101jumam, pap\u012brs lieliski iztur atk\u0101rtotu dz\u0113\u0161anu un skr\u0101p\u0113\u0161anu, neveidojot pl\u0113ksnes.  \u0160is univers\u0101lais pap\u012brs ir piem\u0113rots darbam vis\u0101s sausaj\u0101s tehnik\u0101s un da\u017eas slapj\u0101j\u0101s, piem., tintes un gua\u0161as tehnik\u0101s.<br \/>\nIde\u0101li piem\u0113rots: z\u012bmu\u013cu, paste\u013cu un ogles tehnik\u0101m.<br \/>\nPiem\u0113rots ar\u012b: akvare\u013cu, gua\u0161as, tintes, spalvu un m\u0101r\u0137ieru tehnik\u0101m<\/p>\n","protected":false},"excerpt":{"rendered":"<p>Canson &#8220;C&#8221; \u00e0 grain pap\u012brs, pateicoties t\u0101 smalkajai tekst\u016brai, kas nav nedz p\u0101r\u0101k gluda, nedz p\u0101r\u0101k izteikta, ir ide\u0101li piem\u0113rots z\u012bm\u0113\u0161anai. Rezult\u0101ts ir vienlaic\u012bgi gan viegls reljefs, gan smalki l\u012bdzsvarots. Pap\u012bra ra\u017eo\u0161an\u0101 ir izmantota tikai alfa-celuloze, un tas nesatur lign\u012bnu, kas laika gait\u0101 var\u0113tu izrais\u012bt pap\u012bra dzelt\u0113\u0161anu. \u0160is iztur\u012bgais, dab\u012bgi baltais pap\u012brs bez optisko balin\u0101t\u0101ju un sk\u0101bju piejaukumiem atbilst vis\u0101m ISO 9706 standarta pras\u012bb\u0101m. Pateicoties virsmas p\u0101rkl\u0101jumam, pap\u012brs lieliski iztur atk\u0101rtotu dz\u0113\u0161anu un skr\u0101p\u0113\u0161anu, neveidojot pl\u0113ksnes. \u0160is univers\u0101lais pap\u012brs ir piem\u0113rots darbam vis\u0101s sausaj\u0101s tehnik\u0101s un da\u017eas slapj\u0101j\u0101s, piem., tintes un gua\u0161as tehnik\u0101s. Ide\u0101li piem\u0113rots: z\u012bmu\u013cu, paste\u013cu un ogles tehnik\u0101m. Piem\u0113rots ar\u012b: akvare\u013cu, gua\u0161as, tintes, spalvu un m\u0101r\u0137ieru tehnik\u0101m<\/p>\n","protected":false},"featured_media":101727,"comment_status":"closed","ping_status":"closed","template":"","meta":{"_acf_changed":false,"ep_exclude_from_search":false},"product_cat":[18943,17921,19024],"product_tag":[],"class_list":{"0":"post-22915","1":"product","2":"type-product","3":"status-publish","4":"has-post-thumbnail","6":"product_cat-makslas-papirs-un-kartons-2","7":"product_cat-papira-izstradajumi","8":"product_cat-zimesanas-papirs-un-bloki-3","10":"first","11":"instock","12":"taxable","13":"shipping-taxable","14":"purchasable","15":"product-type-variable"},"acf":[],"yoast_head":"<!-- This site is optimized with the Yoast SEO plugin v24.1 - https:\/\/yoast.com\/wordpress\/plugins\/seo\/ -->\n<title>Z\u012bm\u0113\u0161anas pap\u012brs Canson C a Grain &#8211; Skizze<\/title>\n<meta name=\"robots\" content=\"noindex, follow, max-snippet:-1, max-image-preview:large, max-video-preview:-1\" \/>\n<meta property=\"og:locale\" content=\"lv_LV\" \/>\n<meta property=\"og:type\" content=\"article\" \/>\n<meta property=\"og:title\" content=\"Z\u012bm\u0113\u0161anas pap\u012brs Canson C a Grain &#8211; Skizze\" \/>\n<meta property=\"og:description\" content=\"Canson &#8220;C&#8221; \u00e0 grain pap\u012brs, pateicoties t\u0101 smalkajai tekst\u016brai, kas nav nedz p\u0101r\u0101k gluda, nedz p\u0101r\u0101k izteikta, ir ide\u0101li piem\u0113rots z\u012bm\u0113\u0161anai. Rezult\u0101ts ir vienlaic\u012bgi gan viegls reljefs, gan smalki l\u012bdzsvarots. Pap\u012bra ra\u017eo\u0161an\u0101 ir izmantota tikai alfa-celuloze, un tas nesatur lign\u012bnu, kas laika gait\u0101 var\u0113tu izrais\u012bt pap\u012bra dzelt\u0113\u0161anu. \u0160is iztur\u012bgais, dab\u012bgi baltais pap\u012brs bez optisko balin\u0101t\u0101ju un sk\u0101bju piejaukumiem atbilst vis\u0101m ISO 9706 standarta pras\u012bb\u0101m. Pateicoties virsmas p\u0101rkl\u0101jumam, pap\u012brs lieliski iztur atk\u0101rtotu dz\u0113\u0161anu un skr\u0101p\u0113\u0161anu, neveidojot pl\u0113ksnes. \u0160is univers\u0101lais pap\u012brs ir piem\u0113rots darbam vis\u0101s sausaj\u0101s tehnik\u0101s un da\u017eas slapj\u0101j\u0101s, piem., tintes un gua\u0161as tehnik\u0101s. Ide\u0101li piem\u0113rots: z\u012bmu\u013cu, paste\u013cu un ogles tehnik\u0101m. Piem\u0113rots ar\u012b: akvare\u013cu, gua\u0161as, tintes, spalvu un m\u0101r\u0137ieru tehnik\u0101m\" \/>\n<meta property=\"og:url\" content=\"https:\/\/hobstop.ee\/lv\/produkts\/zimesanas-papirs-canson-c-a-grain\/\" \/>\n<meta property=\"og:site_name\" content=\"Skizze\" \/>\n<meta property=\"article:publisher\" content=\"http:\/\/www.facebook.com\/VunderSkizze\" \/>\n<meta property=\"og:image\" content=\"https:\/\/www.hobstop.ee\/media\/274.jpg\" \/>\n\t<meta property=\"og:image:width\" content=\"1024\" \/>\n\t<meta property=\"og:image:height\" content=\"768\" \/>\n\t<meta property=\"og:image:type\" content=\"image\/jpeg\" \/>\n<meta name=\"twitter:card\" content=\"summary_large_image\" \/>\n<meta name=\"twitter:label1\" content=\"Est. reading time\" \/>\n\t<meta name=\"twitter:data1\" content=\"1 min\u016b\u0161u\" \/>\n<script type=\"application\/ld+json\" class=\"yoast-schema-graph\">{\"@context\":\"https:\/\/schema.org\",\"@graph\":[{\"@type\":\"WebPage\",\"@id\":\"https:\/\/hobstop.ee\/lv\/produkts\/zimesanas-papirs-canson-c-a-grain\/\",\"url\":\"https:\/\/hobstop.ee\/lv\/produkts\/zimesanas-papirs-canson-c-a-grain\/\",\"name\":\"Z\u012bm\u0113\u0161anas pap\u012brs Canson C a Grain &#8211; Skizze\",\"isPartOf\":{\"@id\":\"https:\/\/hobstop.ee\/lv\/#website\"},\"primaryImageOfPage\":{\"@id\":\"https:\/\/hobstop.ee\/lv\/produkts\/zimesanas-papirs-canson-c-a-grain\/#primaryimage\"},\"image\":{\"@id\":\"https:\/\/hobstop.ee\/lv\/produkts\/zimesanas-papirs-canson-c-a-grain\/#primaryimage\"},\"thumbnailUrl\":\"https:\/\/hobstop.ee\/media\/274.jpg\",\"datePublished\":\"2014-12-09T10:47:05+00:00\",\"dateModified\":\"2014-12-09T10:47:05+00:00\",\"breadcrumb\":{\"@id\":\"https:\/\/hobstop.ee\/lv\/produkts\/zimesanas-papirs-canson-c-a-grain\/#breadcrumb\"},\"inLanguage\":\"lv-LV\",\"potentialAction\":[{\"@type\":\"ReadAction\",\"target\":[\"https:\/\/hobstop.ee\/lv\/produkts\/zimesanas-papirs-canson-c-a-grain\/\"]}]},{\"@type\":\"ImageObject\",\"inLanguage\":\"lv-LV\",\"@id\":\"https:\/\/hobstop.ee\/lv\/produkts\/zimesanas-papirs-canson-c-a-grain\/#primaryimage\",\"url\":\"https:\/\/hobstop.ee\/media\/274.jpg\",\"contentUrl\":\"https:\/\/hobstop.ee\/media\/274.jpg\",\"width\":1024,\"height\":768},{\"@type\":\"BreadcrumbList\",\"@id\":\"https:\/\/hobstop.ee\/lv\/produkts\/zimesanas-papirs-canson-c-a-grain\/#breadcrumb\",\"itemListElement\":[{\"@type\":\"ListItem\",\"position\":1,\"name\":\"Avaleht\",\"item\":\"https:\/\/www.hobstop.ee\/lv\/\"},{\"@type\":\"ListItem\",\"position\":2,\"name\":\"Veikals\",\"item\":\"https:\/\/www.hobstop.ee\/lv\/veikals\/\"},{\"@type\":\"ListItem\",\"position\":3,\"name\":\"Z\u012bm\u0113\u0161anas pap\u012brs Canson C a Grain\"}]},{\"@type\":\"WebSite\",\"@id\":\"https:\/\/hobstop.ee\/lv\/#website\",\"url\":\"https:\/\/hobstop.ee\/lv\/\",\"name\":\"Skizze\",\"description\":\"M\u0101kslas, hobiju un skolas preces\",\"publisher\":{\"@id\":\"https:\/\/hobstop.ee\/lv\/#organization\"},\"potentialAction\":[{\"@type\":\"SearchAction\",\"target\":{\"@type\":\"EntryPoint\",\"urlTemplate\":\"https:\/\/hobstop.ee\/lv\/?s={search_term_string}\"},\"query-input\":{\"@type\":\"PropertyValueSpecification\",\"valueRequired\":true,\"valueName\":\"search_term_string\"}}],\"inLanguage\":\"lv-LV\"},{\"@type\":\"Organization\",\"@id\":\"https:\/\/hobstop.ee\/lv\/#organization\",\"name\":\"Vunder AS\",\"url\":\"https:\/\/hobstop.ee\/lv\/\",\"logo\":{\"@type\":\"ImageObject\",\"inLanguage\":\"lv-LV\",\"@id\":\"https:\/\/hobstop.ee\/lv\/#\/schema\/logo\/image\/\",\"url\":\"https:\/\/hobstop.ee\/media\/vunder-logo.png\",\"contentUrl\":\"https:\/\/hobstop.ee\/media\/vunder-logo.png\",\"width\":127,\"height\":55,\"caption\":\"Vunder AS\"},\"image\":{\"@id\":\"https:\/\/hobstop.ee\/lv\/#\/schema\/logo\/image\/\"},\"sameAs\":[\"http:\/\/www.facebook.com\/VunderSkizze\"]}]}<\/script>\n<!-- \/ Yoast SEO plugin. -->","yoast_head_json":{"title":"Z\u012bm\u0113\u0161anas pap\u012brs Canson C a Grain &#8211; Skizze","robots":{"index":"noindex","follow":"follow","max-snippet":"max-snippet:-1","max-image-preview":"max-image-preview:large","max-video-preview":"max-video-preview:-1"},"og_locale":"lv_LV","og_type":"article","og_title":"Z\u012bm\u0113\u0161anas pap\u012brs Canson C a Grain &#8211; Skizze","og_description":"Canson &#8220;C&#8221; \u00e0 grain pap\u012brs, pateicoties t\u0101 smalkajai tekst\u016brai, kas nav nedz p\u0101r\u0101k gluda, nedz p\u0101r\u0101k izteikta, ir ide\u0101li piem\u0113rots z\u012bm\u0113\u0161anai. Rezult\u0101ts ir vienlaic\u012bgi gan viegls reljefs, gan smalki l\u012bdzsvarots. Pap\u012bra ra\u017eo\u0161an\u0101 ir izmantota tikai alfa-celuloze, un tas nesatur lign\u012bnu, kas laika gait\u0101 var\u0113tu izrais\u012bt pap\u012bra dzelt\u0113\u0161anu. \u0160is iztur\u012bgais, dab\u012bgi baltais pap\u012brs bez optisko balin\u0101t\u0101ju un sk\u0101bju piejaukumiem atbilst vis\u0101m ISO 9706 standarta pras\u012bb\u0101m. Pateicoties virsmas p\u0101rkl\u0101jumam, pap\u012brs lieliski iztur atk\u0101rtotu dz\u0113\u0161anu un skr\u0101p\u0113\u0161anu, neveidojot pl\u0113ksnes. \u0160is univers\u0101lais pap\u012brs ir piem\u0113rots darbam vis\u0101s sausaj\u0101s tehnik\u0101s un da\u017eas slapj\u0101j\u0101s, piem., tintes un gua\u0161as tehnik\u0101s. Ide\u0101li piem\u0113rots: z\u012bmu\u013cu, paste\u013cu un ogles tehnik\u0101m. Piem\u0113rots ar\u012b: akvare\u013cu, gua\u0161as, tintes, spalvu un m\u0101r\u0137ieru tehnik\u0101m","og_url":"https:\/\/hobstop.ee\/lv\/produkts\/zimesanas-papirs-canson-c-a-grain\/","og_site_name":"Skizze","article_publisher":"http:\/\/www.facebook.com\/VunderSkizze","og_image":[{"width":1024,"height":768,"url":"https:\/\/www.hobstop.ee\/media\/274.jpg","type":"image\/jpeg"}],"twitter_card":"summary_large_image","twitter_misc":{"Est. reading time":"1 min\u016b\u0161u"},"schema":{"@context":"https:\/\/schema.org","@graph":[{"@type":"WebPage","@id":"https:\/\/hobstop.ee\/lv\/produkts\/zimesanas-papirs-canson-c-a-grain\/","url":"https:\/\/hobstop.ee\/lv\/produkts\/zimesanas-papirs-canson-c-a-grain\/","name":"Z\u012bm\u0113\u0161anas pap\u012brs Canson C a Grain &#8211; Skizze","isPartOf":{"@id":"https:\/\/hobstop.ee\/lv\/#website"},"primaryImageOfPage":{"@id":"https:\/\/hobstop.ee\/lv\/produkts\/zimesanas-papirs-canson-c-a-grain\/#primaryimage"},"image":{"@id":"https:\/\/hobstop.ee\/lv\/produkts\/zimesanas-papirs-canson-c-a-grain\/#primaryimage"},"thumbnailUrl":"https:\/\/hobstop.ee\/media\/274.jpg","datePublished":"2014-12-09T10:47:05+00:00","dateModified":"2014-12-09T10:47:05+00:00","breadcrumb":{"@id":"https:\/\/hobstop.ee\/lv\/produkts\/zimesanas-papirs-canson-c-a-grain\/#breadcrumb"},"inLanguage":"lv-LV","potentialAction":[{"@type":"ReadAction","target":["https:\/\/hobstop.ee\/lv\/produkts\/zimesanas-papirs-canson-c-a-grain\/"]}]},{"@type":"ImageObject","inLanguage":"lv-LV","@id":"https:\/\/hobstop.ee\/lv\/produkts\/zimesanas-papirs-canson-c-a-grain\/#primaryimage","url":"https:\/\/hobstop.ee\/media\/274.jpg","contentUrl":"https:\/\/hobstop.ee\/media\/274.jpg","width":1024,"height":768},{"@type":"BreadcrumbList","@id":"https:\/\/hobstop.ee\/lv\/produkts\/zimesanas-papirs-canson-c-a-grain\/#breadcrumb","itemListElement":[{"@type":"ListItem","position":1,"name":"Avaleht","item":"https:\/\/www.hobstop.ee\/lv\/"},{"@type":"ListItem","position":2,"name":"Veikals","item":"https:\/\/www.hobstop.ee\/lv\/veikals\/"},{"@type":"ListItem","position":3,"name":"Z\u012bm\u0113\u0161anas pap\u012brs Canson C a Grain"}]},{"@type":"WebSite","@id":"https:\/\/hobstop.ee\/lv\/#website","url":"https:\/\/hobstop.ee\/lv\/","name":"Skizze","description":"M\u0101kslas, hobiju un skolas preces","publisher":{"@id":"https:\/\/hobstop.ee\/lv\/#organization"},"potentialAction":[{"@type":"SearchAction","target":{"@type":"EntryPoint","urlTemplate":"https:\/\/hobstop.ee\/lv\/?s={search_term_string}"},"query-input":{"@type":"PropertyValueSpecification","valueRequired":true,"valueName":"search_term_string"}}],"inLanguage":"lv-LV"},{"@type":"Organization","@id":"https:\/\/hobstop.ee\/lv\/#organization","name":"Vunder AS","url":"https:\/\/hobstop.ee\/lv\/","logo":{"@type":"ImageObject","inLanguage":"lv-LV","@id":"https:\/\/hobstop.ee\/lv\/#\/schema\/logo\/image\/","url":"https:\/\/hobstop.ee\/media\/vunder-logo.png","contentUrl":"https:\/\/hobstop.ee\/media\/vunder-logo.png","width":127,"height":55,"caption":"Vunder AS"},"image":{"@id":"https:\/\/hobstop.ee\/lv\/#\/schema\/logo\/image\/"},"sameAs":["http:\/\/www.facebook.com\/VunderSkizze"]}]}},"_links":{"self":[{"href":"https:\/\/hobstop.ee\/lv\/wp-json\/wp\/v2\/product\/22915","targetHints":{"allow":["GET"]}}],"collection":[{"href":"https:\/\/hobstop.ee\/lv\/wp-json\/wp\/v2\/product"}],"about":[{"href":"https:\/\/hobstop.ee\/lv\/wp-json\/wp\/v2\/types\/product"}],"replies":[{"embeddable":true,"href":"https:\/\/hobstop.ee\/lv\/wp-json\/wp\/v2\/comments?post=22915"}],"wp:featuredmedia":[{"embeddable":true,"href":"https:\/\/hobstop.ee\/lv\/wp-json\/wp\/v2\/media\/101727"}],"wp:attachment":[{"href":"https:\/\/hobstop.ee\/lv\/wp-json\/wp\/v2\/media?parent=22915"}],"wp:term":[{"taxonomy":"product_cat","embeddable":true,"href":"https:\/\/hobstop.ee\/lv\/wp-json\/wp\/v2\/product_cat?post=22915"},{"taxonomy":"product_tag","embeddable":true,"href":"https:\/\/hobstop.ee\/lv\/wp-json\/wp\/v2\/product_tag?post=22915"}],"curies":[{"name":"wp","href":"https:\/\/api.w.org\/{rel}","templated":true}]}}