{"id":22919,"date":"2014-12-09T12:47:07","date_gmt":"2014-12-09T10:47:07","guid":{"rendered":"https:\/\/sharks.ee\/vunder_2019.klient.veebimajutus.ee\/?post_type=product&#038;p=22919"},"modified":"2014-12-09T12:47:07","modified_gmt":"2014-12-09T10:47:07","slug":"krasainie-zimuli-derwent","status":"publish","type":"product","link":"https:\/\/hobstop.ee\/lv\/produkts\/krasainie-zimuli-derwent\/","title":{"rendered":"Krasainie zimuli Derwent"},"content":{"rendered":"<p>Ar \u0161\u012b unik\u0101l\u0101 z\u012bmu\u013ca pal\u012bdz\u012bbu j\u016bs var\u0113siet rad\u012bt darbu ar izsmalcin\u0101tu kr\u0101su diapazonu un izteiktu rado\u0161o potenci\u0101li. Z\u012bm\u0113jot j\u016bs atkl\u0101siet t\u0101 izteikti plato serdeni ar kr\u0113mveid\u012bgu tekst\u016bru, nodro\u0161inot pasakaini maigu un samtainu nobeiguma apdari. Izcils l\u012bdzeklis dabas zin\u012bb\u0101s, jo daudzi m\u0101kslinieki uzskata to par neat\u0146emamu sast\u0101vda\u013cu, att\u0113lojot gan spalvas, gan ka\u017eokus. Tas ir ide\u0101li piem\u0113rots ar\u012b izteiktu ainavu un dzi\u013ci p\u0101rdom\u0101tu portretu rad\u012b\u0161anai.<br \/>\nApa\u013c\u0161 8mm korpuss, serdenis d=5mm<\/p>\n","protected":false},"excerpt":{"rendered":"<p>Ar \u0161\u012b unik\u0101l\u0101 z\u012bmu\u013ca pal\u012bdz\u012bbu j\u016bs var\u0113siet rad\u012bt darbu ar izsmalcin\u0101tu kr\u0101su diapazonu un izteiktu rado\u0161o potenci\u0101li. Z\u012bm\u0113jot j\u016bs atkl\u0101siet t\u0101 izteikti plato serdeni ar kr\u0113mveid\u012bgu tekst\u016bru, nodro\u0161inot pasakaini maigu un samtainu nobeiguma apdari. Izcils l\u012bdzeklis dabas zin\u012bb\u0101s, jo daudzi m\u0101kslinieki uzskata to par neat\u0146emamu sast\u0101vda\u013cu, att\u0113lojot gan spalvas, gan ka\u017eokus. Tas ir ide\u0101li piem\u0113rots ar\u012b izteiktu ainavu un dzi\u013ci p\u0101rdom\u0101tu portretu rad\u012b\u0161anai. Apa\u013c\u0161 8mm korpuss, serdenis d=5mm<\/p>\n","protected":false},"featured_media":101731,"comment_status":"closed","ping_status":"closed","template":"","meta":{"_acf_changed":false,"ep_exclude_from_search":false},"product_cat":[16123,18991,18931],"product_tag":[],"class_list":{"0":"post-22919","1":"product","2":"type-product","3":"status-publish","4":"has-post-thumbnail","6":"product_cat-makslas-piederumi-2","7":"product_cat-skicu-zimuli-2","8":"product_cat-zimesanas-piederumi-3","10":"first","11":"instock","12":"taxable","13":"shipping-taxable","14":"purchasable","15":"product-type-variable"},"acf":[],"yoast_head":"<!-- This site is optimized with the Yoast SEO plugin v24.1 - https:\/\/yoast.com\/wordpress\/plugins\/seo\/ -->\n<title>Krasainie zimuli Derwent &#8211; Skizze<\/title>\n<meta name=\"robots\" content=\"noindex, follow, max-snippet:-1, max-image-preview:large, max-video-preview:-1\" \/>\n<meta property=\"og:locale\" content=\"lv_LV\" \/>\n<meta property=\"og:type\" content=\"article\" \/>\n<meta property=\"og:title\" content=\"Krasainie zimuli Derwent &#8211; Skizze\" \/>\n<meta property=\"og:description\" content=\"Ar \u0161\u012b unik\u0101l\u0101 z\u012bmu\u013ca pal\u012bdz\u012bbu j\u016bs var\u0113siet rad\u012bt darbu ar izsmalcin\u0101tu kr\u0101su diapazonu un izteiktu rado\u0161o potenci\u0101li. Z\u012bm\u0113jot j\u016bs atkl\u0101siet t\u0101 izteikti plato serdeni ar kr\u0113mveid\u012bgu tekst\u016bru, nodro\u0161inot pasakaini maigu un samtainu nobeiguma apdari. Izcils l\u012bdzeklis dabas zin\u012bb\u0101s, jo daudzi m\u0101kslinieki uzskata to par neat\u0146emamu sast\u0101vda\u013cu, att\u0113lojot gan spalvas, gan ka\u017eokus. Tas ir ide\u0101li piem\u0113rots ar\u012b izteiktu ainavu un dzi\u013ci p\u0101rdom\u0101tu portretu rad\u012b\u0161anai. Apa\u013c\u0161 8mm korpuss, serdenis d=5mm\" \/>\n<meta property=\"og:url\" content=\"https:\/\/hobstop.ee\/lv\/produkts\/krasainie-zimuli-derwent\/\" \/>\n<meta property=\"og:site_name\" content=\"Skizze\" \/>\n<meta property=\"article:publisher\" content=\"http:\/\/www.facebook.com\/VunderSkizze\" \/>\n<meta property=\"og:image\" content=\"https:\/\/hobstop.ee\/media\/277.jpg\" \/>\n\t<meta property=\"og:image:width\" content=\"1024\" \/>\n\t<meta property=\"og:image:height\" content=\"768\" \/>\n\t<meta property=\"og:image:type\" content=\"image\/jpeg\" \/>\n<meta name=\"twitter:card\" content=\"summary_large_image\" \/>\n<meta name=\"twitter:label1\" content=\"Est. reading time\" \/>\n\t<meta name=\"twitter:data1\" content=\"1 min\u016b\u0161u\" \/>\n<script type=\"application\/ld+json\" class=\"yoast-schema-graph\">{\"@context\":\"https:\/\/schema.org\",\"@graph\":[{\"@type\":\"WebPage\",\"@id\":\"https:\/\/hobstop.ee\/lv\/produkts\/krasainie-zimuli-derwent\/\",\"url\":\"https:\/\/hobstop.ee\/lv\/produkts\/krasainie-zimuli-derwent\/\",\"name\":\"Krasainie zimuli Derwent &#8211; Skizze\",\"isPartOf\":{\"@id\":\"https:\/\/hobstop.ee\/lv\/#website\"},\"primaryImageOfPage\":{\"@id\":\"https:\/\/hobstop.ee\/lv\/produkts\/krasainie-zimuli-derwent\/#primaryimage\"},\"image\":{\"@id\":\"https:\/\/hobstop.ee\/lv\/produkts\/krasainie-zimuli-derwent\/#primaryimage\"},\"thumbnailUrl\":\"https:\/\/hobstop.ee\/media\/277.jpg\",\"datePublished\":\"2014-12-09T10:47:07+00:00\",\"dateModified\":\"2014-12-09T10:47:07+00:00\",\"breadcrumb\":{\"@id\":\"https:\/\/hobstop.ee\/lv\/produkts\/krasainie-zimuli-derwent\/#breadcrumb\"},\"inLanguage\":\"lv-LV\",\"potentialAction\":[{\"@type\":\"ReadAction\",\"target\":[\"https:\/\/hobstop.ee\/lv\/produkts\/krasainie-zimuli-derwent\/\"]}]},{\"@type\":\"ImageObject\",\"inLanguage\":\"lv-LV\",\"@id\":\"https:\/\/hobstop.ee\/lv\/produkts\/krasainie-zimuli-derwent\/#primaryimage\",\"url\":\"https:\/\/hobstop.ee\/media\/277.jpg\",\"contentUrl\":\"https:\/\/hobstop.ee\/media\/277.jpg\",\"width\":1024,\"height\":768},{\"@type\":\"BreadcrumbList\",\"@id\":\"https:\/\/hobstop.ee\/lv\/produkts\/krasainie-zimuli-derwent\/#breadcrumb\",\"itemListElement\":[{\"@type\":\"ListItem\",\"position\":1,\"name\":\"Avaleht\",\"item\":\"https:\/\/www.hobstop.ee\/lv\/\"},{\"@type\":\"ListItem\",\"position\":2,\"name\":\"Veikals\",\"item\":\"https:\/\/www.hobstop.ee\/lv\/veikals\/\"},{\"@type\":\"ListItem\",\"position\":3,\"name\":\"Krasainie zimuli Derwent\"}]},{\"@type\":\"WebSite\",\"@id\":\"https:\/\/hobstop.ee\/lv\/#website\",\"url\":\"https:\/\/hobstop.ee\/lv\/\",\"name\":\"Skizze\",\"description\":\"M\u0101kslas, hobiju un skolas preces\",\"publisher\":{\"@id\":\"https:\/\/hobstop.ee\/lv\/#organization\"},\"potentialAction\":[{\"@type\":\"SearchAction\",\"target\":{\"@type\":\"EntryPoint\",\"urlTemplate\":\"https:\/\/hobstop.ee\/lv\/?s={search_term_string}\"},\"query-input\":{\"@type\":\"PropertyValueSpecification\",\"valueRequired\":true,\"valueName\":\"search_term_string\"}}],\"inLanguage\":\"lv-LV\"},{\"@type\":\"Organization\",\"@id\":\"https:\/\/hobstop.ee\/lv\/#organization\",\"name\":\"Vunder AS\",\"url\":\"https:\/\/hobstop.ee\/lv\/\",\"logo\":{\"@type\":\"ImageObject\",\"inLanguage\":\"lv-LV\",\"@id\":\"https:\/\/hobstop.ee\/lv\/#\/schema\/logo\/image\/\",\"url\":\"https:\/\/hobstop.ee\/media\/vunder-logo.png\",\"contentUrl\":\"https:\/\/hobstop.ee\/media\/vunder-logo.png\",\"width\":127,\"height\":55,\"caption\":\"Vunder AS\"},\"image\":{\"@id\":\"https:\/\/hobstop.ee\/lv\/#\/schema\/logo\/image\/\"},\"sameAs\":[\"http:\/\/www.facebook.com\/VunderSkizze\"]}]}<\/script>\n<!-- \/ Yoast SEO plugin. -->","yoast_head_json":{"title":"Krasainie zimuli Derwent &#8211; Skizze","robots":{"index":"noindex","follow":"follow","max-snippet":"max-snippet:-1","max-image-preview":"max-image-preview:large","max-video-preview":"max-video-preview:-1"},"og_locale":"lv_LV","og_type":"article","og_title":"Krasainie zimuli Derwent &#8211; Skizze","og_description":"Ar \u0161\u012b unik\u0101l\u0101 z\u012bmu\u013ca pal\u012bdz\u012bbu j\u016bs var\u0113siet rad\u012bt darbu ar izsmalcin\u0101tu kr\u0101su diapazonu un izteiktu rado\u0161o potenci\u0101li. Z\u012bm\u0113jot j\u016bs atkl\u0101siet t\u0101 izteikti plato serdeni ar kr\u0113mveid\u012bgu tekst\u016bru, nodro\u0161inot pasakaini maigu un samtainu nobeiguma apdari. Izcils l\u012bdzeklis dabas zin\u012bb\u0101s, jo daudzi m\u0101kslinieki uzskata to par neat\u0146emamu sast\u0101vda\u013cu, att\u0113lojot gan spalvas, gan ka\u017eokus. Tas ir ide\u0101li piem\u0113rots ar\u012b izteiktu ainavu un dzi\u013ci p\u0101rdom\u0101tu portretu rad\u012b\u0161anai. Apa\u013c\u0161 8mm korpuss, serdenis d=5mm","og_url":"https:\/\/hobstop.ee\/lv\/produkts\/krasainie-zimuli-derwent\/","og_site_name":"Skizze","article_publisher":"http:\/\/www.facebook.com\/VunderSkizze","og_image":[{"width":1024,"height":768,"url":"https:\/\/hobstop.ee\/media\/277.jpg","type":"image\/jpeg"}],"twitter_card":"summary_large_image","twitter_misc":{"Est. reading time":"1 min\u016b\u0161u"},"schema":{"@context":"https:\/\/schema.org","@graph":[{"@type":"WebPage","@id":"https:\/\/hobstop.ee\/lv\/produkts\/krasainie-zimuli-derwent\/","url":"https:\/\/hobstop.ee\/lv\/produkts\/krasainie-zimuli-derwent\/","name":"Krasainie zimuli Derwent &#8211; Skizze","isPartOf":{"@id":"https:\/\/hobstop.ee\/lv\/#website"},"primaryImageOfPage":{"@id":"https:\/\/hobstop.ee\/lv\/produkts\/krasainie-zimuli-derwent\/#primaryimage"},"image":{"@id":"https:\/\/hobstop.ee\/lv\/produkts\/krasainie-zimuli-derwent\/#primaryimage"},"thumbnailUrl":"https:\/\/hobstop.ee\/media\/277.jpg","datePublished":"2014-12-09T10:47:07+00:00","dateModified":"2014-12-09T10:47:07+00:00","breadcrumb":{"@id":"https:\/\/hobstop.ee\/lv\/produkts\/krasainie-zimuli-derwent\/#breadcrumb"},"inLanguage":"lv-LV","potentialAction":[{"@type":"ReadAction","target":["https:\/\/hobstop.ee\/lv\/produkts\/krasainie-zimuli-derwent\/"]}]},{"@type":"ImageObject","inLanguage":"lv-LV","@id":"https:\/\/hobstop.ee\/lv\/produkts\/krasainie-zimuli-derwent\/#primaryimage","url":"https:\/\/hobstop.ee\/media\/277.jpg","contentUrl":"https:\/\/hobstop.ee\/media\/277.jpg","width":1024,"height":768},{"@type":"BreadcrumbList","@id":"https:\/\/hobstop.ee\/lv\/produkts\/krasainie-zimuli-derwent\/#breadcrumb","itemListElement":[{"@type":"ListItem","position":1,"name":"Avaleht","item":"https:\/\/www.hobstop.ee\/lv\/"},{"@type":"ListItem","position":2,"name":"Veikals","item":"https:\/\/www.hobstop.ee\/lv\/veikals\/"},{"@type":"ListItem","position":3,"name":"Krasainie zimuli Derwent"}]},{"@type":"WebSite","@id":"https:\/\/hobstop.ee\/lv\/#website","url":"https:\/\/hobstop.ee\/lv\/","name":"Skizze","description":"M\u0101kslas, hobiju un skolas preces","publisher":{"@id":"https:\/\/hobstop.ee\/lv\/#organization"},"potentialAction":[{"@type":"SearchAction","target":{"@type":"EntryPoint","urlTemplate":"https:\/\/hobstop.ee\/lv\/?s={search_term_string}"},"query-input":{"@type":"PropertyValueSpecification","valueRequired":true,"valueName":"search_term_string"}}],"inLanguage":"lv-LV"},{"@type":"Organization","@id":"https:\/\/hobstop.ee\/lv\/#organization","name":"Vunder AS","url":"https:\/\/hobstop.ee\/lv\/","logo":{"@type":"ImageObject","inLanguage":"lv-LV","@id":"https:\/\/hobstop.ee\/lv\/#\/schema\/logo\/image\/","url":"https:\/\/hobstop.ee\/media\/vunder-logo.png","contentUrl":"https:\/\/hobstop.ee\/media\/vunder-logo.png","width":127,"height":55,"caption":"Vunder AS"},"image":{"@id":"https:\/\/hobstop.ee\/lv\/#\/schema\/logo\/image\/"},"sameAs":["http:\/\/www.facebook.com\/VunderSkizze"]}]}},"_links":{"self":[{"href":"https:\/\/hobstop.ee\/lv\/wp-json\/wp\/v2\/product\/22919","targetHints":{"allow":["GET"]}}],"collection":[{"href":"https:\/\/hobstop.ee\/lv\/wp-json\/wp\/v2\/product"}],"about":[{"href":"https:\/\/hobstop.ee\/lv\/wp-json\/wp\/v2\/types\/product"}],"replies":[{"embeddable":true,"href":"https:\/\/hobstop.ee\/lv\/wp-json\/wp\/v2\/comments?post=22919"}],"wp:featuredmedia":[{"embeddable":true,"href":"https:\/\/hobstop.ee\/lv\/wp-json\/wp\/v2\/media\/101731"}],"wp:attachment":[{"href":"https:\/\/hobstop.ee\/lv\/wp-json\/wp\/v2\/media?parent=22919"}],"wp:term":[{"taxonomy":"product_cat","embeddable":true,"href":"https:\/\/hobstop.ee\/lv\/wp-json\/wp\/v2\/product_cat?post=22919"},{"taxonomy":"product_tag","embeddable":true,"href":"https:\/\/hobstop.ee\/lv\/wp-json\/wp\/v2\/product_tag?post=22919"}],"curies":[{"name":"wp","href":"https:\/\/api.w.org\/{rel}","templated":true}]}}