{"id":22949,"date":"2014-12-09T12:47:19","date_gmt":"2014-12-09T10:47:19","guid":{"rendered":"https:\/\/sharks.ee\/vunder_2019.klient.veebimajutus.ee\/?post_type=product&#038;p=22949"},"modified":"2014-12-09T12:47:19","modified_gmt":"2014-12-09T10:47:19","slug":"keblis-mabef-m39","status":"publish","type":"product","link":"https:\/\/hobstop.ee\/lv\/produkts\/keblis-mabef-m39\/","title":{"rendered":"\u0136eblis Mabef M39"},"content":{"rendered":"<p>MABEF saliekam\u0101 taburete ir lieliski piem\u0113rota glezno\u0161anai gan br\u012bv\u0101 dab\u0101, gan studij\u0101.  Taburete sast\u0101v no trim krusteniski savienot\u0101m k\u0101j\u0101m un iztur\u012bgas \u0101das s\u0113dek\u013ca da\u013cas. Taburetes augstums ir 50cm, bet \u0101das s\u0113dek\u013ca platums \u2013 35cm.  Svara iztur\u012bba 90kg. Taburetes viegl\u0101, it\u0101\u013cu dizaina konstrukcija ir veidota no e\u013c\u013cota di\u017esk\u0101b\u0101r\u017ea koksnes un t\u0101 sver tikai 1kg.<\/p>\n","protected":false},"excerpt":{"rendered":"<p>MABEF saliekam\u0101 taburete ir lieliski piem\u0113rota glezno\u0161anai gan br\u012bv\u0101 dab\u0101, gan studij\u0101. Taburete sast\u0101v no trim krusteniski savienot\u0101m k\u0101j\u0101m un iztur\u012bgas \u0101das s\u0113dek\u013ca da\u013cas. Taburetes augstums ir 50cm, bet \u0101das s\u0113dek\u013ca platums \u2013 35cm. Svara iztur\u012bba 90kg. Taburetes viegl\u0101, it\u0101\u013cu dizaina konstrukcija ir veidota no e\u013c\u013cota di\u017esk\u0101b\u0101r\u017ea koksnes un t\u0101 sver tikai 1kg.<\/p>\n","protected":false},"featured_media":101795,"comment_status":"closed","ping_status":"closed","template":"","meta":{"_acf_changed":false,"ep_exclude_from_search":false},"product_cat":[19006,16123,18934],"product_tag":[],"class_list":{"0":"post-22949","1":"product","2":"type-product","3":"status-publish","4":"has-post-thumbnail","6":"product_cat-dazadi-28","7":"product_cat-makslas-piederumi-2","8":"product_cat-molberti-2","10":"first","11":"instock","12":"taxable","13":"shipping-taxable","14":"purchasable","15":"product-type-variable"},"acf":[],"yoast_head":"<!-- This site is optimized with the Yoast SEO plugin v24.1 - https:\/\/yoast.com\/wordpress\/plugins\/seo\/ -->\n<title>\u0136eblis Mabef M39 &#8211; Skizze<\/title>\n<meta name=\"robots\" content=\"noindex, follow, max-snippet:-1, max-image-preview:large, max-video-preview:-1\" \/>\n<meta property=\"og:locale\" content=\"lv_LV\" \/>\n<meta property=\"og:type\" content=\"article\" \/>\n<meta property=\"og:title\" content=\"\u0136eblis Mabef M39 &#8211; Skizze\" \/>\n<meta property=\"og:description\" content=\"MABEF saliekam\u0101 taburete ir lieliski piem\u0113rota glezno\u0161anai gan br\u012bv\u0101 dab\u0101, gan studij\u0101. Taburete sast\u0101v no trim krusteniski savienot\u0101m k\u0101j\u0101m un iztur\u012bgas \u0101das s\u0113dek\u013ca da\u013cas. Taburetes augstums ir 50cm, bet \u0101das s\u0113dek\u013ca platums \u2013 35cm. Svara iztur\u012bba 90kg. Taburetes viegl\u0101, it\u0101\u013cu dizaina konstrukcija ir veidota no e\u013c\u013cota di\u017esk\u0101b\u0101r\u017ea koksnes un t\u0101 sver tikai 1kg.\" \/>\n<meta property=\"og:url\" content=\"https:\/\/hobstop.ee\/lv\/produkts\/keblis-mabef-m39\/\" \/>\n<meta property=\"og:site_name\" content=\"Skizze\" \/>\n<meta property=\"article:publisher\" content=\"http:\/\/www.facebook.com\/VunderSkizze\" \/>\n<meta property=\"og:image\" content=\"https:\/\/www.hobstop.ee\/media\/310.jpg\" \/>\n\t<meta property=\"og:image:width\" content=\"1024\" \/>\n\t<meta property=\"og:image:height\" content=\"768\" \/>\n\t<meta property=\"og:image:type\" content=\"image\/jpeg\" \/>\n<meta name=\"twitter:card\" content=\"summary_large_image\" \/>\n<script type=\"application\/ld+json\" class=\"yoast-schema-graph\">{\"@context\":\"https:\/\/schema.org\",\"@graph\":[{\"@type\":\"WebPage\",\"@id\":\"https:\/\/hobstop.ee\/lv\/produkts\/keblis-mabef-m39\/\",\"url\":\"https:\/\/hobstop.ee\/lv\/produkts\/keblis-mabef-m39\/\",\"name\":\"\u0136eblis Mabef M39 &#8211; Skizze\",\"isPartOf\":{\"@id\":\"https:\/\/hobstop.ee\/lv\/#website\"},\"primaryImageOfPage\":{\"@id\":\"https:\/\/hobstop.ee\/lv\/produkts\/keblis-mabef-m39\/#primaryimage\"},\"image\":{\"@id\":\"https:\/\/hobstop.ee\/lv\/produkts\/keblis-mabef-m39\/#primaryimage\"},\"thumbnailUrl\":\"https:\/\/hobstop.ee\/media\/310.jpg\",\"datePublished\":\"2014-12-09T10:47:19+00:00\",\"dateModified\":\"2014-12-09T10:47:19+00:00\",\"breadcrumb\":{\"@id\":\"https:\/\/hobstop.ee\/lv\/produkts\/keblis-mabef-m39\/#breadcrumb\"},\"inLanguage\":\"lv-LV\",\"potentialAction\":[{\"@type\":\"ReadAction\",\"target\":[\"https:\/\/hobstop.ee\/lv\/produkts\/keblis-mabef-m39\/\"]}]},{\"@type\":\"ImageObject\",\"inLanguage\":\"lv-LV\",\"@id\":\"https:\/\/hobstop.ee\/lv\/produkts\/keblis-mabef-m39\/#primaryimage\",\"url\":\"https:\/\/hobstop.ee\/media\/310.jpg\",\"contentUrl\":\"https:\/\/hobstop.ee\/media\/310.jpg\",\"width\":1024,\"height\":768},{\"@type\":\"BreadcrumbList\",\"@id\":\"https:\/\/hobstop.ee\/lv\/produkts\/keblis-mabef-m39\/#breadcrumb\",\"itemListElement\":[{\"@type\":\"ListItem\",\"position\":1,\"name\":\"Avaleht\",\"item\":\"https:\/\/hobstop.ee\/lv\/\"},{\"@type\":\"ListItem\",\"position\":2,\"name\":\"Veikals\",\"item\":\"https:\/\/hobstop.ee\/lv\/veikals\/\"},{\"@type\":\"ListItem\",\"position\":3,\"name\":\"\u0136eblis Mabef M39\"}]},{\"@type\":\"WebSite\",\"@id\":\"https:\/\/hobstop.ee\/lv\/#website\",\"url\":\"https:\/\/hobstop.ee\/lv\/\",\"name\":\"Skizze\",\"description\":\"M\u0101kslas, hobiju un skolas preces\",\"publisher\":{\"@id\":\"https:\/\/hobstop.ee\/lv\/#organization\"},\"potentialAction\":[{\"@type\":\"SearchAction\",\"target\":{\"@type\":\"EntryPoint\",\"urlTemplate\":\"https:\/\/hobstop.ee\/lv\/?s={search_term_string}\"},\"query-input\":{\"@type\":\"PropertyValueSpecification\",\"valueRequired\":true,\"valueName\":\"search_term_string\"}}],\"inLanguage\":\"lv-LV\"},{\"@type\":\"Organization\",\"@id\":\"https:\/\/hobstop.ee\/lv\/#organization\",\"name\":\"Vunder AS\",\"url\":\"https:\/\/hobstop.ee\/lv\/\",\"logo\":{\"@type\":\"ImageObject\",\"inLanguage\":\"lv-LV\",\"@id\":\"https:\/\/hobstop.ee\/lv\/#\/schema\/logo\/image\/\",\"url\":\"https:\/\/hobstop.ee\/media\/vunder-logo.png\",\"contentUrl\":\"https:\/\/hobstop.ee\/media\/vunder-logo.png\",\"width\":127,\"height\":55,\"caption\":\"Vunder AS\"},\"image\":{\"@id\":\"https:\/\/hobstop.ee\/lv\/#\/schema\/logo\/image\/\"},\"sameAs\":[\"http:\/\/www.facebook.com\/VunderSkizze\"]}]}<\/script>\n<!-- \/ Yoast SEO plugin. -->","yoast_head_json":{"title":"\u0136eblis Mabef M39 &#8211; Skizze","robots":{"index":"noindex","follow":"follow","max-snippet":"max-snippet:-1","max-image-preview":"max-image-preview:large","max-video-preview":"max-video-preview:-1"},"og_locale":"lv_LV","og_type":"article","og_title":"\u0136eblis Mabef M39 &#8211; Skizze","og_description":"MABEF saliekam\u0101 taburete ir lieliski piem\u0113rota glezno\u0161anai gan br\u012bv\u0101 dab\u0101, gan studij\u0101. Taburete sast\u0101v no trim krusteniski savienot\u0101m k\u0101j\u0101m un iztur\u012bgas \u0101das s\u0113dek\u013ca da\u013cas. Taburetes augstums ir 50cm, bet \u0101das s\u0113dek\u013ca platums \u2013 35cm. Svara iztur\u012bba 90kg. Taburetes viegl\u0101, it\u0101\u013cu dizaina konstrukcija ir veidota no e\u013c\u013cota di\u017esk\u0101b\u0101r\u017ea koksnes un t\u0101 sver tikai 1kg.","og_url":"https:\/\/hobstop.ee\/lv\/produkts\/keblis-mabef-m39\/","og_site_name":"Skizze","article_publisher":"http:\/\/www.facebook.com\/VunderSkizze","og_image":[{"width":1024,"height":768,"url":"https:\/\/www.hobstop.ee\/media\/310.jpg","type":"image\/jpeg"}],"twitter_card":"summary_large_image","schema":{"@context":"https:\/\/schema.org","@graph":[{"@type":"WebPage","@id":"https:\/\/hobstop.ee\/lv\/produkts\/keblis-mabef-m39\/","url":"https:\/\/hobstop.ee\/lv\/produkts\/keblis-mabef-m39\/","name":"\u0136eblis Mabef M39 &#8211; Skizze","isPartOf":{"@id":"https:\/\/hobstop.ee\/lv\/#website"},"primaryImageOfPage":{"@id":"https:\/\/hobstop.ee\/lv\/produkts\/keblis-mabef-m39\/#primaryimage"},"image":{"@id":"https:\/\/hobstop.ee\/lv\/produkts\/keblis-mabef-m39\/#primaryimage"},"thumbnailUrl":"https:\/\/hobstop.ee\/media\/310.jpg","datePublished":"2014-12-09T10:47:19+00:00","dateModified":"2014-12-09T10:47:19+00:00","breadcrumb":{"@id":"https:\/\/hobstop.ee\/lv\/produkts\/keblis-mabef-m39\/#breadcrumb"},"inLanguage":"lv-LV","potentialAction":[{"@type":"ReadAction","target":["https:\/\/hobstop.ee\/lv\/produkts\/keblis-mabef-m39\/"]}]},{"@type":"ImageObject","inLanguage":"lv-LV","@id":"https:\/\/hobstop.ee\/lv\/produkts\/keblis-mabef-m39\/#primaryimage","url":"https:\/\/hobstop.ee\/media\/310.jpg","contentUrl":"https:\/\/hobstop.ee\/media\/310.jpg","width":1024,"height":768},{"@type":"BreadcrumbList","@id":"https:\/\/hobstop.ee\/lv\/produkts\/keblis-mabef-m39\/#breadcrumb","itemListElement":[{"@type":"ListItem","position":1,"name":"Avaleht","item":"https:\/\/hobstop.ee\/lv\/"},{"@type":"ListItem","position":2,"name":"Veikals","item":"https:\/\/hobstop.ee\/lv\/veikals\/"},{"@type":"ListItem","position":3,"name":"\u0136eblis Mabef M39"}]},{"@type":"WebSite","@id":"https:\/\/hobstop.ee\/lv\/#website","url":"https:\/\/hobstop.ee\/lv\/","name":"Skizze","description":"M\u0101kslas, hobiju un skolas preces","publisher":{"@id":"https:\/\/hobstop.ee\/lv\/#organization"},"potentialAction":[{"@type":"SearchAction","target":{"@type":"EntryPoint","urlTemplate":"https:\/\/hobstop.ee\/lv\/?s={search_term_string}"},"query-input":{"@type":"PropertyValueSpecification","valueRequired":true,"valueName":"search_term_string"}}],"inLanguage":"lv-LV"},{"@type":"Organization","@id":"https:\/\/hobstop.ee\/lv\/#organization","name":"Vunder AS","url":"https:\/\/hobstop.ee\/lv\/","logo":{"@type":"ImageObject","inLanguage":"lv-LV","@id":"https:\/\/hobstop.ee\/lv\/#\/schema\/logo\/image\/","url":"https:\/\/hobstop.ee\/media\/vunder-logo.png","contentUrl":"https:\/\/hobstop.ee\/media\/vunder-logo.png","width":127,"height":55,"caption":"Vunder AS"},"image":{"@id":"https:\/\/hobstop.ee\/lv\/#\/schema\/logo\/image\/"},"sameAs":["http:\/\/www.facebook.com\/VunderSkizze"]}]}},"_links":{"self":[{"href":"https:\/\/hobstop.ee\/lv\/wp-json\/wp\/v2\/product\/22949","targetHints":{"allow":["GET"]}}],"collection":[{"href":"https:\/\/hobstop.ee\/lv\/wp-json\/wp\/v2\/product"}],"about":[{"href":"https:\/\/hobstop.ee\/lv\/wp-json\/wp\/v2\/types\/product"}],"replies":[{"embeddable":true,"href":"https:\/\/hobstop.ee\/lv\/wp-json\/wp\/v2\/comments?post=22949"}],"wp:featuredmedia":[{"embeddable":true,"href":"https:\/\/hobstop.ee\/lv\/wp-json\/wp\/v2\/media\/101795"}],"wp:attachment":[{"href":"https:\/\/hobstop.ee\/lv\/wp-json\/wp\/v2\/media?parent=22949"}],"wp:term":[{"taxonomy":"product_cat","embeddable":true,"href":"https:\/\/hobstop.ee\/lv\/wp-json\/wp\/v2\/product_cat?post=22949"},{"taxonomy":"product_tag","embeddable":true,"href":"https:\/\/hobstop.ee\/lv\/wp-json\/wp\/v2\/product_tag?post=22949"}],"curies":[{"name":"wp","href":"https:\/\/api.w.org\/{rel}","templated":true}]}}