{"id":22968,"date":"2014-12-09T12:47:27","date_gmt":"2014-12-09T10:47:27","guid":{"rendered":"https:\/\/sharks.ee\/vunder_2019.klient.veebimajutus.ee\/?post_type=product&#038;p=22968"},"modified":"2014-12-09T12:47:27","modified_gmt":"2014-12-09T10:47:27","slug":"kaligrafijas-spalvu-komplekts-beginners-calligraphy","status":"publish","type":"product","link":"https:\/\/hobstop.ee\/lv\/produkts\/kaligrafijas-spalvu-komplekts-beginners-calligraphy\/","title":{"rendered":"Kaligr\u0101fijas spalvu komplekts Beginners Calligraphy"},"content":{"rendered":"<p>Kaligr\u0101fijas piederumu komplekts ies\u0101c\u0113jiem sast\u0101v no Manuscript Dodec tipa spalvask\u0101ta un da\u017e\u0101da izm\u0113ra rakst\u0101mspalv\u0101m (smalka, vid\u0113ja, 2B).  Komplekt\u0101 ir iek\u013cautas kaligr\u0101fijas m\u0101kslas apguvei piem\u0113rot\u0101ko izm\u0113ru rakst\u0101mspalvas, un t\u0101d\u0113\u013c tas ir ide\u0101lie piem\u0113rots ies\u0101c\u0113jiem, kas v\u0113las tren\u0113t roku kaligr\u0101fijas m\u0101ksl\u0101. <\/p>\n<p>Komplekt\u0101 ietilpst:<br \/>\nSmalk\u0101 rakst\u0101mspalva (0.85mm)<br \/>\nVid\u0113j\u0101 rakst\u0101mspalva  (1.1mm)<br \/>\n2B rakst\u0101mspalva (1.6mm)<br \/>\nDodec spalvask\u0101ts<br \/>\nPildspalvu tintes kapsulas (starptautiskais izm\u0113rs)<br \/>\nTintes dozators<br \/>\nLieto\u0161anas pam\u0101c\u012bba<\/p>\n","protected":false},"excerpt":{"rendered":"<p>Kaligr\u0101fijas piederumu komplekts ies\u0101c\u0113jiem sast\u0101v no Manuscript Dodec tipa spalvask\u0101ta un da\u017e\u0101da izm\u0113ra rakst\u0101mspalv\u0101m (smalka, vid\u0113ja, 2B). Komplekt\u0101 ir iek\u013cautas kaligr\u0101fijas m\u0101kslas apguvei piem\u0113rot\u0101ko izm\u0113ru rakst\u0101mspalvas, un t\u0101d\u0113\u013c tas ir ide\u0101lie piem\u0113rots ies\u0101c\u0113jiem, kas v\u0113las tren\u0113t roku kaligr\u0101fijas m\u0101ksl\u0101. Komplekt\u0101 ietilpst: Smalk\u0101 rakst\u0101mspalva (0.85mm) Vid\u0113j\u0101 rakst\u0101mspalva (1.1mm) 2B rakst\u0101mspalva (1.6mm) Dodec spalvask\u0101ts Pildspalvu tintes kapsulas (starptautiskais izm\u0113rs) Tintes dozators Lieto\u0161anas pam\u0101c\u012bba<\/p>\n","protected":false},"featured_media":293917,"comment_status":"closed","ping_status":"closed","template":"","meta":{"_acf_changed":false,"ep_exclude_from_search":false},"product_cat":[17975,16123,18337],"product_tag":[],"class_list":{"0":"post-22968","1":"product","2":"type-product","3":"status-publish","4":"has-post-thumbnail","6":"product_cat-kaligrafijas-piederumi","7":"product_cat-makslas-piederumi-2","8":"product_cat-spalvaskati","10":"first","11":"outofstock","12":"taxable","13":"shipping-taxable","14":"purchasable","15":"product-type-variable"},"acf":[],"yoast_head":"<!-- This site is optimized with the Yoast SEO plugin v24.1 - https:\/\/yoast.com\/wordpress\/plugins\/seo\/ -->\n<title>Kaligr\u0101fijas spalvu komplekts Beginners Calligraphy &#8211; Skizze<\/title>\n<meta name=\"robots\" content=\"noindex, follow, max-snippet:-1, max-image-preview:large, max-video-preview:-1\" \/>\n<meta property=\"og:locale\" content=\"lv_LV\" \/>\n<meta property=\"og:type\" content=\"article\" \/>\n<meta property=\"og:title\" content=\"Kaligr\u0101fijas spalvu komplekts Beginners Calligraphy &#8211; Skizze\" \/>\n<meta property=\"og:description\" content=\"Kaligr\u0101fijas piederumu komplekts ies\u0101c\u0113jiem sast\u0101v no Manuscript Dodec tipa spalvask\u0101ta un da\u017e\u0101da izm\u0113ra rakst\u0101mspalv\u0101m (smalka, vid\u0113ja, 2B). Komplekt\u0101 ir iek\u013cautas kaligr\u0101fijas m\u0101kslas apguvei piem\u0113rot\u0101ko izm\u0113ru rakst\u0101mspalvas, un t\u0101d\u0113\u013c tas ir ide\u0101lie piem\u0113rots ies\u0101c\u0113jiem, kas v\u0113las tren\u0113t roku kaligr\u0101fijas m\u0101ksl\u0101. Komplekt\u0101 ietilpst: Smalk\u0101 rakst\u0101mspalva (0.85mm) Vid\u0113j\u0101 rakst\u0101mspalva (1.1mm) 2B rakst\u0101mspalva (1.6mm) Dodec spalvask\u0101ts Pildspalvu tintes kapsulas (starptautiskais izm\u0113rs) Tintes dozators Lieto\u0161anas pam\u0101c\u012bba\" \/>\n<meta property=\"og:url\" content=\"https:\/\/hobstop.ee\/lv\/produkts\/kaligrafijas-spalvu-komplekts-beginners-calligraphy\/\" \/>\n<meta property=\"og:site_name\" content=\"Skizze\" \/>\n<meta property=\"article:publisher\" content=\"http:\/\/www.facebook.com\/VunderSkizze\" \/>\n<meta property=\"og:image\" content=\"https:\/\/hobstop.ee\/media\/442.jpg\" \/>\n\t<meta property=\"og:image:width\" content=\"1024\" \/>\n\t<meta property=\"og:image:height\" content=\"768\" \/>\n\t<meta property=\"og:image:type\" content=\"image\/jpeg\" \/>\n<meta name=\"twitter:card\" content=\"summary_large_image\" \/>\n<script type=\"application\/ld+json\" class=\"yoast-schema-graph\">{\"@context\":\"https:\/\/schema.org\",\"@graph\":[{\"@type\":\"WebPage\",\"@id\":\"https:\/\/hobstop.ee\/lv\/produkts\/kaligrafijas-spalvu-komplekts-beginners-calligraphy\/\",\"url\":\"https:\/\/hobstop.ee\/lv\/produkts\/kaligrafijas-spalvu-komplekts-beginners-calligraphy\/\",\"name\":\"Kaligr\u0101fijas spalvu komplekts Beginners Calligraphy &#8211; Skizze\",\"isPartOf\":{\"@id\":\"https:\/\/hobstop.ee\/lv\/#website\"},\"primaryImageOfPage\":{\"@id\":\"https:\/\/hobstop.ee\/lv\/produkts\/kaligrafijas-spalvu-komplekts-beginners-calligraphy\/#primaryimage\"},\"image\":{\"@id\":\"https:\/\/hobstop.ee\/lv\/produkts\/kaligrafijas-spalvu-komplekts-beginners-calligraphy\/#primaryimage\"},\"thumbnailUrl\":\"https:\/\/hobstop.ee\/media\/442.jpg\",\"datePublished\":\"2014-12-09T10:47:27+00:00\",\"dateModified\":\"2014-12-09T10:47:27+00:00\",\"breadcrumb\":{\"@id\":\"https:\/\/hobstop.ee\/lv\/produkts\/kaligrafijas-spalvu-komplekts-beginners-calligraphy\/#breadcrumb\"},\"inLanguage\":\"lv-LV\",\"potentialAction\":[{\"@type\":\"ReadAction\",\"target\":[\"https:\/\/hobstop.ee\/lv\/produkts\/kaligrafijas-spalvu-komplekts-beginners-calligraphy\/\"]}]},{\"@type\":\"ImageObject\",\"inLanguage\":\"lv-LV\",\"@id\":\"https:\/\/hobstop.ee\/lv\/produkts\/kaligrafijas-spalvu-komplekts-beginners-calligraphy\/#primaryimage\",\"url\":\"https:\/\/hobstop.ee\/media\/442.jpg\",\"contentUrl\":\"https:\/\/hobstop.ee\/media\/442.jpg\",\"width\":1024,\"height\":768},{\"@type\":\"BreadcrumbList\",\"@id\":\"https:\/\/hobstop.ee\/lv\/produkts\/kaligrafijas-spalvu-komplekts-beginners-calligraphy\/#breadcrumb\",\"itemListElement\":[{\"@type\":\"ListItem\",\"position\":1,\"name\":\"Avaleht\",\"item\":\"https:\/\/www.hobstop.ee\/lv\/\"},{\"@type\":\"ListItem\",\"position\":2,\"name\":\"Veikals\",\"item\":\"https:\/\/www.hobstop.ee\/lv\/veikals\/\"},{\"@type\":\"ListItem\",\"position\":3,\"name\":\"Kaligr\u0101fijas spalvu komplekts Beginners Calligraphy\"}]},{\"@type\":\"WebSite\",\"@id\":\"https:\/\/hobstop.ee\/lv\/#website\",\"url\":\"https:\/\/hobstop.ee\/lv\/\",\"name\":\"Skizze\",\"description\":\"M\u0101kslas, hobiju un skolas preces\",\"publisher\":{\"@id\":\"https:\/\/hobstop.ee\/lv\/#organization\"},\"potentialAction\":[{\"@type\":\"SearchAction\",\"target\":{\"@type\":\"EntryPoint\",\"urlTemplate\":\"https:\/\/hobstop.ee\/lv\/?s={search_term_string}\"},\"query-input\":{\"@type\":\"PropertyValueSpecification\",\"valueRequired\":true,\"valueName\":\"search_term_string\"}}],\"inLanguage\":\"lv-LV\"},{\"@type\":\"Organization\",\"@id\":\"https:\/\/hobstop.ee\/lv\/#organization\",\"name\":\"Vunder AS\",\"url\":\"https:\/\/hobstop.ee\/lv\/\",\"logo\":{\"@type\":\"ImageObject\",\"inLanguage\":\"lv-LV\",\"@id\":\"https:\/\/hobstop.ee\/lv\/#\/schema\/logo\/image\/\",\"url\":\"https:\/\/hobstop.ee\/media\/vunder-logo.png\",\"contentUrl\":\"https:\/\/hobstop.ee\/media\/vunder-logo.png\",\"width\":127,\"height\":55,\"caption\":\"Vunder AS\"},\"image\":{\"@id\":\"https:\/\/hobstop.ee\/lv\/#\/schema\/logo\/image\/\"},\"sameAs\":[\"http:\/\/www.facebook.com\/VunderSkizze\"]}]}<\/script>\n<!-- \/ Yoast SEO plugin. -->","yoast_head_json":{"title":"Kaligr\u0101fijas spalvu komplekts Beginners Calligraphy &#8211; Skizze","robots":{"index":"noindex","follow":"follow","max-snippet":"max-snippet:-1","max-image-preview":"max-image-preview:large","max-video-preview":"max-video-preview:-1"},"og_locale":"lv_LV","og_type":"article","og_title":"Kaligr\u0101fijas spalvu komplekts Beginners Calligraphy &#8211; Skizze","og_description":"Kaligr\u0101fijas piederumu komplekts ies\u0101c\u0113jiem sast\u0101v no Manuscript Dodec tipa spalvask\u0101ta un da\u017e\u0101da izm\u0113ra rakst\u0101mspalv\u0101m (smalka, vid\u0113ja, 2B). Komplekt\u0101 ir iek\u013cautas kaligr\u0101fijas m\u0101kslas apguvei piem\u0113rot\u0101ko izm\u0113ru rakst\u0101mspalvas, un t\u0101d\u0113\u013c tas ir ide\u0101lie piem\u0113rots ies\u0101c\u0113jiem, kas v\u0113las tren\u0113t roku kaligr\u0101fijas m\u0101ksl\u0101. Komplekt\u0101 ietilpst: Smalk\u0101 rakst\u0101mspalva (0.85mm) Vid\u0113j\u0101 rakst\u0101mspalva (1.1mm) 2B rakst\u0101mspalva (1.6mm) Dodec spalvask\u0101ts Pildspalvu tintes kapsulas (starptautiskais izm\u0113rs) Tintes dozators Lieto\u0161anas pam\u0101c\u012bba","og_url":"https:\/\/hobstop.ee\/lv\/produkts\/kaligrafijas-spalvu-komplekts-beginners-calligraphy\/","og_site_name":"Skizze","article_publisher":"http:\/\/www.facebook.com\/VunderSkizze","og_image":[{"width":1024,"height":768,"url":"https:\/\/hobstop.ee\/media\/442.jpg","type":"image\/jpeg"}],"twitter_card":"summary_large_image","schema":{"@context":"https:\/\/schema.org","@graph":[{"@type":"WebPage","@id":"https:\/\/hobstop.ee\/lv\/produkts\/kaligrafijas-spalvu-komplekts-beginners-calligraphy\/","url":"https:\/\/hobstop.ee\/lv\/produkts\/kaligrafijas-spalvu-komplekts-beginners-calligraphy\/","name":"Kaligr\u0101fijas spalvu komplekts Beginners Calligraphy &#8211; Skizze","isPartOf":{"@id":"https:\/\/hobstop.ee\/lv\/#website"},"primaryImageOfPage":{"@id":"https:\/\/hobstop.ee\/lv\/produkts\/kaligrafijas-spalvu-komplekts-beginners-calligraphy\/#primaryimage"},"image":{"@id":"https:\/\/hobstop.ee\/lv\/produkts\/kaligrafijas-spalvu-komplekts-beginners-calligraphy\/#primaryimage"},"thumbnailUrl":"https:\/\/hobstop.ee\/media\/442.jpg","datePublished":"2014-12-09T10:47:27+00:00","dateModified":"2014-12-09T10:47:27+00:00","breadcrumb":{"@id":"https:\/\/hobstop.ee\/lv\/produkts\/kaligrafijas-spalvu-komplekts-beginners-calligraphy\/#breadcrumb"},"inLanguage":"lv-LV","potentialAction":[{"@type":"ReadAction","target":["https:\/\/hobstop.ee\/lv\/produkts\/kaligrafijas-spalvu-komplekts-beginners-calligraphy\/"]}]},{"@type":"ImageObject","inLanguage":"lv-LV","@id":"https:\/\/hobstop.ee\/lv\/produkts\/kaligrafijas-spalvu-komplekts-beginners-calligraphy\/#primaryimage","url":"https:\/\/hobstop.ee\/media\/442.jpg","contentUrl":"https:\/\/hobstop.ee\/media\/442.jpg","width":1024,"height":768},{"@type":"BreadcrumbList","@id":"https:\/\/hobstop.ee\/lv\/produkts\/kaligrafijas-spalvu-komplekts-beginners-calligraphy\/#breadcrumb","itemListElement":[{"@type":"ListItem","position":1,"name":"Avaleht","item":"https:\/\/www.hobstop.ee\/lv\/"},{"@type":"ListItem","position":2,"name":"Veikals","item":"https:\/\/www.hobstop.ee\/lv\/veikals\/"},{"@type":"ListItem","position":3,"name":"Kaligr\u0101fijas spalvu komplekts Beginners Calligraphy"}]},{"@type":"WebSite","@id":"https:\/\/hobstop.ee\/lv\/#website","url":"https:\/\/hobstop.ee\/lv\/","name":"Skizze","description":"M\u0101kslas, hobiju un skolas preces","publisher":{"@id":"https:\/\/hobstop.ee\/lv\/#organization"},"potentialAction":[{"@type":"SearchAction","target":{"@type":"EntryPoint","urlTemplate":"https:\/\/hobstop.ee\/lv\/?s={search_term_string}"},"query-input":{"@type":"PropertyValueSpecification","valueRequired":true,"valueName":"search_term_string"}}],"inLanguage":"lv-LV"},{"@type":"Organization","@id":"https:\/\/hobstop.ee\/lv\/#organization","name":"Vunder AS","url":"https:\/\/hobstop.ee\/lv\/","logo":{"@type":"ImageObject","inLanguage":"lv-LV","@id":"https:\/\/hobstop.ee\/lv\/#\/schema\/logo\/image\/","url":"https:\/\/hobstop.ee\/media\/vunder-logo.png","contentUrl":"https:\/\/hobstop.ee\/media\/vunder-logo.png","width":127,"height":55,"caption":"Vunder AS"},"image":{"@id":"https:\/\/hobstop.ee\/lv\/#\/schema\/logo\/image\/"},"sameAs":["http:\/\/www.facebook.com\/VunderSkizze"]}]}},"_links":{"self":[{"href":"https:\/\/hobstop.ee\/lv\/wp-json\/wp\/v2\/product\/22968","targetHints":{"allow":["GET"]}}],"collection":[{"href":"https:\/\/hobstop.ee\/lv\/wp-json\/wp\/v2\/product"}],"about":[{"href":"https:\/\/hobstop.ee\/lv\/wp-json\/wp\/v2\/types\/product"}],"replies":[{"embeddable":true,"href":"https:\/\/hobstop.ee\/lv\/wp-json\/wp\/v2\/comments?post=22968"}],"wp:featuredmedia":[{"embeddable":true,"href":"https:\/\/hobstop.ee\/lv\/wp-json\/wp\/v2\/media\/293917"}],"wp:attachment":[{"href":"https:\/\/hobstop.ee\/lv\/wp-json\/wp\/v2\/media?parent=22968"}],"wp:term":[{"taxonomy":"product_cat","embeddable":true,"href":"https:\/\/hobstop.ee\/lv\/wp-json\/wp\/v2\/product_cat?post=22968"},{"taxonomy":"product_tag","embeddable":true,"href":"https:\/\/hobstop.ee\/lv\/wp-json\/wp\/v2\/product_tag?post=22968"}],"curies":[{"name":"wp","href":"https:\/\/api.w.org\/{rel}","templated":true}]}}