{"id":22986,"date":"2014-11-08T14:53:02","date_gmt":"2014-11-08T12:53:02","guid":{"rendered":"https:\/\/sharks.ee\/vunder_2019.klient.veebimajutus.ee\/?post_type=product&p=22986"},"modified":"2014-11-08T14:53:02","modified_gmt":"2014-11-08T11:53:02","slug":"kartons-canson-vivaldi-240g-50x65cm","status":"publish","type":"product","link":"https:\/\/hobstop.ee\/lv\/produkts\/kartons-canson-vivaldi-240g-50x65cm\/","title":{"rendered":"Kartons Canson Vivaldi 240g 50x65cm"},"content":{"rendered":"<p>Canson Vivaldi ir augstas kvalit\u0101tes, gluds, sk\u0101bes nesaturo\u0161s pap\u012brs, kas paredz\u0113ts z\u012bm\u0113\u0161anai, lieti\u0161\u0137ajai m\u0101kslai un apdrukai.  Pap\u012brs ir stingrs un \u013coti iztur\u012bgs, Ide\u0101li piem\u0113rots grie\u0161anai un l\u012bm\u0113\u0161anai, k\u0101 ar\u012b loc\u012b\u0161anai. Pretstat\u0101 gludajiem, ofseta kr\u0101s\u0101m paredz\u0113tajiem pap\u012bru veidiem, \u0161\u012b pap\u012bra virsma ir gluda, ta\u010du nav spodrin\u0101ta. Pateicoties pap\u012bra augstajai kvalit\u0101tei, tas ir vienl\u012bdz \u0113rts z\u012bm\u0113\u0161anai ar z\u012bmuli, tinti vai flom\u0101steriem,  k\u0101 ar\u012b ide\u0101li piem\u0113rots izmanto\u0161anai tintes un l\u0101zera printeros.<br \/>\nIde\u0101li piem\u0113rots: rokdarbiem<br \/>\nPiem\u0113rots ar\u012b: z\u012bm\u0113\u0161anai ar tinti, flom\u0101steriem, pildspalvu<\/p>\n","protected":false},"excerpt":{"rendered":"<p>Canson Vivaldi ir augstas kvalit\u0101tes, gluds, sk\u0101bes nesaturo\u0161s pap\u012brs, kas paredz\u0113ts z\u012bm\u0113\u0161anai, lieti\u0161\u0137ajai m\u0101kslai un apdrukai. Pap\u012brs ir stingrs un \u013coti iztur\u012bgs, Ide\u0101li piem\u0113rots grie\u0161anai un l\u012bm\u0113\u0161anai, k\u0101 ar\u012b loc\u012b\u0161anai. Pretstat\u0101 gludajiem, ofseta kr\u0101s\u0101m paredz\u0113tajiem pap\u012bru veidiem, \u0161\u012b pap\u012bra virsma ir gluda, ta\u010du nav spodrin\u0101ta. Pateicoties pap\u012bra augstajai kvalit\u0101tei, tas ir vienl\u012bdz \u0113rts z\u012bm\u0113\u0161anai ar z\u012bmuli, tinti vai flom\u0101steriem, k\u0101 ar\u012b ide\u0101li piem\u0113rots izmanto\u0161anai tintes un l\u0101zera printeros. Ide\u0101li piem\u0113rots: rokdarbiem Piem\u0113rots ar\u012b: z\u012bm\u0113\u0161anai ar tinti, flom\u0101steriem, pildspalvu<\/p>\n","protected":false},"featured_media":354039,"comment_status":"closed","ping_status":"closed","template":"","meta":{"_acf_changed":false,"ep_exclude_from_search":false},"product_cat":[18460,17921,17990],"product_tag":[],"class_list":{"0":"post-22986","1":"product","2":"type-product","3":"status-publish","4":"has-post-thumbnail","6":"product_cat-kartons","7":"product_cat-papira-izstradajumi","8":"product_cat-rokdarbu-papirs","9":"pa_kma-2399","10":"pa_kma-2412","11":"pa_kma-2417","12":"pa_kma-2418","13":"pa_kma-2419","14":"pa_kma-2420","16":"first","17":"instock","18":"taxable","19":"shipping-taxable","20":"purchasable","21":"product-type-variable"},"acf":[],"yoast_head":"<!-- This site is optimized with the Yoast SEO plugin v24.1 - https:\/\/yoast.com\/wordpress\/plugins\/seo\/ -->\n<title>Kartons Canson Vivaldi 240g 50x65cm &#8211; Skizze<\/title>\n<meta name=\"robots\" content=\"noindex, follow, max-snippet:-1, max-image-preview:large, max-video-preview:-1\" \/>\n<meta property=\"og:locale\" content=\"lv_LV\" \/>\n<meta property=\"og:type\" content=\"article\" \/>\n<meta property=\"og:title\" content=\"Kartons Canson Vivaldi 240g 50x65cm &#8211; Skizze\" \/>\n<meta property=\"og:description\" content=\"Canson Vivaldi ir augstas kvalit\u0101tes, gluds, sk\u0101bes nesaturo\u0161s pap\u012brs, kas paredz\u0113ts z\u012bm\u0113\u0161anai, lieti\u0161\u0137ajai m\u0101kslai un apdrukai. Pap\u012brs ir stingrs un \u013coti iztur\u012bgs, Ide\u0101li piem\u0113rots grie\u0161anai un l\u012bm\u0113\u0161anai, k\u0101 ar\u012b loc\u012b\u0161anai. Pretstat\u0101 gludajiem, ofseta kr\u0101s\u0101m paredz\u0113tajiem pap\u012bru veidiem, \u0161\u012b pap\u012bra virsma ir gluda, ta\u010du nav spodrin\u0101ta. Pateicoties pap\u012bra augstajai kvalit\u0101tei, tas ir vienl\u012bdz \u0113rts z\u012bm\u0113\u0161anai ar z\u012bmuli, tinti vai flom\u0101steriem, k\u0101 ar\u012b ide\u0101li piem\u0113rots izmanto\u0161anai tintes un l\u0101zera printeros. Ide\u0101li piem\u0113rots: rokdarbiem Piem\u0113rots ar\u012b: z\u012bm\u0113\u0161anai ar tinti, flom\u0101steriem, pildspalvu\" \/>\n<meta property=\"og:url\" content=\"https:\/\/hobstop.ee\/lv\/produkts\/kartons-canson-vivaldi-240g-50x65cm\/\" \/>\n<meta property=\"og:site_name\" content=\"Skizze\" \/>\n<meta property=\"article:publisher\" content=\"http:\/\/www.facebook.com\/VunderSkizze\" \/>\n<meta property=\"article:modified_time\" content=\"-0001-11-30T00:00:00+00:00\" \/>\n<meta property=\"og:image\" content=\"https:\/\/hobstop.ee\/media\/464.jpg\" \/>\n\t<meta property=\"og:image:width\" content=\"1024\" \/>\n\t<meta property=\"og:image:height\" content=\"768\" \/>\n\t<meta property=\"og:image:type\" content=\"image\/jpeg\" \/>\n<meta name=\"twitter:card\" content=\"summary_large_image\" \/>\n<meta name=\"twitter:label1\" content=\"Est. reading time\" \/>\n\t<meta name=\"twitter:data1\" content=\"1 min\u016b\u0161u\" \/>\n<script type=\"application\/ld+json\" class=\"yoast-schema-graph\">{\"@context\":\"https:\/\/schema.org\",\"@graph\":[{\"@type\":\"WebPage\",\"@id\":\"https:\/\/hobstop.ee\/lv\/produkts\/kartons-canson-vivaldi-240g-50x65cm\/\",\"url\":\"https:\/\/hobstop.ee\/lv\/produkts\/kartons-canson-vivaldi-240g-50x65cm\/\",\"name\":\"Kartons Canson Vivaldi 240g 50x65cm &#8211; Skizze\",\"isPartOf\":{\"@id\":\"https:\/\/hobstop.ee\/lv\/#website\"},\"primaryImageOfPage\":{\"@id\":\"https:\/\/hobstop.ee\/lv\/produkts\/kartons-canson-vivaldi-240g-50x65cm\/#primaryimage\"},\"image\":{\"@id\":\"https:\/\/hobstop.ee\/lv\/produkts\/kartons-canson-vivaldi-240g-50x65cm\/#primaryimage\"},\"thumbnailUrl\":\"https:\/\/hobstop.ee\/media\/464.jpg\",\"datePublished\":\"2014-11-08T12:53:02+00:00\",\"dateModified\":\"-0001-11-30T00:00:00+00:00\",\"breadcrumb\":{\"@id\":\"https:\/\/hobstop.ee\/lv\/produkts\/kartons-canson-vivaldi-240g-50x65cm\/#breadcrumb\"},\"inLanguage\":\"lv-LV\",\"potentialAction\":[{\"@type\":\"ReadAction\",\"target\":[\"https:\/\/hobstop.ee\/lv\/produkts\/kartons-canson-vivaldi-240g-50x65cm\/\"]}]},{\"@type\":\"ImageObject\",\"inLanguage\":\"lv-LV\",\"@id\":\"https:\/\/hobstop.ee\/lv\/produkts\/kartons-canson-vivaldi-240g-50x65cm\/#primaryimage\",\"url\":\"https:\/\/hobstop.ee\/media\/464.jpg\",\"contentUrl\":\"https:\/\/hobstop.ee\/media\/464.jpg\",\"width\":1024,\"height\":768},{\"@type\":\"BreadcrumbList\",\"@id\":\"https:\/\/hobstop.ee\/lv\/produkts\/kartons-canson-vivaldi-240g-50x65cm\/#breadcrumb\",\"itemListElement\":[{\"@type\":\"ListItem\",\"position\":1,\"name\":\"Avaleht\",\"item\":\"https:\/\/hobstop.ee\/lv\/\"},{\"@type\":\"ListItem\",\"position\":2,\"name\":\"Veikals\",\"item\":\"https:\/\/hobstop.ee\/lv\/veikals\/\"},{\"@type\":\"ListItem\",\"position\":3,\"name\":\"Kartons Canson Vivaldi 240g 50x65cm\"}]},{\"@type\":\"WebSite\",\"@id\":\"https:\/\/hobstop.ee\/lv\/#website\",\"url\":\"https:\/\/hobstop.ee\/lv\/\",\"name\":\"Skizze\",\"description\":\"M\u0101kslas, hobiju un skolas preces\",\"publisher\":{\"@id\":\"https:\/\/hobstop.ee\/lv\/#organization\"},\"potentialAction\":[{\"@type\":\"SearchAction\",\"target\":{\"@type\":\"EntryPoint\",\"urlTemplate\":\"https:\/\/hobstop.ee\/lv\/?s={search_term_string}\"},\"query-input\":{\"@type\":\"PropertyValueSpecification\",\"valueRequired\":true,\"valueName\":\"search_term_string\"}}],\"inLanguage\":\"lv-LV\"},{\"@type\":\"Organization\",\"@id\":\"https:\/\/hobstop.ee\/lv\/#organization\",\"name\":\"Vunder AS\",\"url\":\"https:\/\/hobstop.ee\/lv\/\",\"logo\":{\"@type\":\"ImageObject\",\"inLanguage\":\"lv-LV\",\"@id\":\"https:\/\/hobstop.ee\/lv\/#\/schema\/logo\/image\/\",\"url\":\"https:\/\/hobstop.ee\/media\/vunder-logo.png\",\"contentUrl\":\"https:\/\/hobstop.ee\/media\/vunder-logo.png\",\"width\":127,\"height\":55,\"caption\":\"Vunder AS\"},\"image\":{\"@id\":\"https:\/\/hobstop.ee\/lv\/#\/schema\/logo\/image\/\"},\"sameAs\":[\"http:\/\/www.facebook.com\/VunderSkizze\"]}]}<\/script>\n<!-- \/ Yoast SEO plugin. -->","yoast_head_json":{"title":"Kartons Canson Vivaldi 240g 50x65cm &#8211; Skizze","robots":{"index":"noindex","follow":"follow","max-snippet":"max-snippet:-1","max-image-preview":"max-image-preview:large","max-video-preview":"max-video-preview:-1"},"og_locale":"lv_LV","og_type":"article","og_title":"Kartons Canson Vivaldi 240g 50x65cm &#8211; Skizze","og_description":"Canson Vivaldi ir augstas kvalit\u0101tes, gluds, sk\u0101bes nesaturo\u0161s pap\u012brs, kas paredz\u0113ts z\u012bm\u0113\u0161anai, lieti\u0161\u0137ajai m\u0101kslai un apdrukai. Pap\u012brs ir stingrs un \u013coti iztur\u012bgs, Ide\u0101li piem\u0113rots grie\u0161anai un l\u012bm\u0113\u0161anai, k\u0101 ar\u012b loc\u012b\u0161anai. Pretstat\u0101 gludajiem, ofseta kr\u0101s\u0101m paredz\u0113tajiem pap\u012bru veidiem, \u0161\u012b pap\u012bra virsma ir gluda, ta\u010du nav spodrin\u0101ta. Pateicoties pap\u012bra augstajai kvalit\u0101tei, tas ir vienl\u012bdz \u0113rts z\u012bm\u0113\u0161anai ar z\u012bmuli, tinti vai flom\u0101steriem, k\u0101 ar\u012b ide\u0101li piem\u0113rots izmanto\u0161anai tintes un l\u0101zera printeros. Ide\u0101li piem\u0113rots: rokdarbiem Piem\u0113rots ar\u012b: z\u012bm\u0113\u0161anai ar tinti, flom\u0101steriem, pildspalvu","og_url":"https:\/\/hobstop.ee\/lv\/produkts\/kartons-canson-vivaldi-240g-50x65cm\/","og_site_name":"Skizze","article_publisher":"http:\/\/www.facebook.com\/VunderSkizze","article_modified_time":"-0001-11-30T00:00:00+00:00","og_image":[{"width":1024,"height":768,"url":"https:\/\/hobstop.ee\/media\/464.jpg","type":"image\/jpeg"}],"twitter_card":"summary_large_image","twitter_misc":{"Est. reading time":"1 min\u016b\u0161u"},"schema":{"@context":"https:\/\/schema.org","@graph":[{"@type":"WebPage","@id":"https:\/\/hobstop.ee\/lv\/produkts\/kartons-canson-vivaldi-240g-50x65cm\/","url":"https:\/\/hobstop.ee\/lv\/produkts\/kartons-canson-vivaldi-240g-50x65cm\/","name":"Kartons Canson Vivaldi 240g 50x65cm &#8211; Skizze","isPartOf":{"@id":"https:\/\/hobstop.ee\/lv\/#website"},"primaryImageOfPage":{"@id":"https:\/\/hobstop.ee\/lv\/produkts\/kartons-canson-vivaldi-240g-50x65cm\/#primaryimage"},"image":{"@id":"https:\/\/hobstop.ee\/lv\/produkts\/kartons-canson-vivaldi-240g-50x65cm\/#primaryimage"},"thumbnailUrl":"https:\/\/hobstop.ee\/media\/464.jpg","datePublished":"2014-11-08T12:53:02+00:00","dateModified":"-0001-11-30T00:00:00+00:00","breadcrumb":{"@id":"https:\/\/hobstop.ee\/lv\/produkts\/kartons-canson-vivaldi-240g-50x65cm\/#breadcrumb"},"inLanguage":"lv-LV","potentialAction":[{"@type":"ReadAction","target":["https:\/\/hobstop.ee\/lv\/produkts\/kartons-canson-vivaldi-240g-50x65cm\/"]}]},{"@type":"ImageObject","inLanguage":"lv-LV","@id":"https:\/\/hobstop.ee\/lv\/produkts\/kartons-canson-vivaldi-240g-50x65cm\/#primaryimage","url":"https:\/\/hobstop.ee\/media\/464.jpg","contentUrl":"https:\/\/hobstop.ee\/media\/464.jpg","width":1024,"height":768},{"@type":"BreadcrumbList","@id":"https:\/\/hobstop.ee\/lv\/produkts\/kartons-canson-vivaldi-240g-50x65cm\/#breadcrumb","itemListElement":[{"@type":"ListItem","position":1,"name":"Avaleht","item":"https:\/\/hobstop.ee\/lv\/"},{"@type":"ListItem","position":2,"name":"Veikals","item":"https:\/\/hobstop.ee\/lv\/veikals\/"},{"@type":"ListItem","position":3,"name":"Kartons Canson Vivaldi 240g 50x65cm"}]},{"@type":"WebSite","@id":"https:\/\/hobstop.ee\/lv\/#website","url":"https:\/\/hobstop.ee\/lv\/","name":"Skizze","description":"M\u0101kslas, hobiju un skolas preces","publisher":{"@id":"https:\/\/hobstop.ee\/lv\/#organization"},"potentialAction":[{"@type":"SearchAction","target":{"@type":"EntryPoint","urlTemplate":"https:\/\/hobstop.ee\/lv\/?s={search_term_string}"},"query-input":{"@type":"PropertyValueSpecification","valueRequired":true,"valueName":"search_term_string"}}],"inLanguage":"lv-LV"},{"@type":"Organization","@id":"https:\/\/hobstop.ee\/lv\/#organization","name":"Vunder AS","url":"https:\/\/hobstop.ee\/lv\/","logo":{"@type":"ImageObject","inLanguage":"lv-LV","@id":"https:\/\/hobstop.ee\/lv\/#\/schema\/logo\/image\/","url":"https:\/\/hobstop.ee\/media\/vunder-logo.png","contentUrl":"https:\/\/hobstop.ee\/media\/vunder-logo.png","width":127,"height":55,"caption":"Vunder AS"},"image":{"@id":"https:\/\/hobstop.ee\/lv\/#\/schema\/logo\/image\/"},"sameAs":["http:\/\/www.facebook.com\/VunderSkizze"]}]}},"_links":{"self":[{"href":"https:\/\/hobstop.ee\/lv\/wp-json\/wp\/v2\/product\/22986","targetHints":{"allow":["GET"]}}],"collection":[{"href":"https:\/\/hobstop.ee\/lv\/wp-json\/wp\/v2\/product"}],"about":[{"href":"https:\/\/hobstop.ee\/lv\/wp-json\/wp\/v2\/types\/product"}],"replies":[{"embeddable":true,"href":"https:\/\/hobstop.ee\/lv\/wp-json\/wp\/v2\/comments?post=22986"}],"wp:featuredmedia":[{"embeddable":true,"href":"https:\/\/hobstop.ee\/lv\/wp-json\/wp\/v2\/media\/354039"}],"wp:attachment":[{"href":"https:\/\/hobstop.ee\/lv\/wp-json\/wp\/v2\/media?parent=22986"}],"wp:term":[{"taxonomy":"product_cat","embeddable":true,"href":"https:\/\/hobstop.ee\/lv\/wp-json\/wp\/v2\/product_cat?post=22986"},{"taxonomy":"product_tag","embeddable":true,"href":"https:\/\/hobstop.ee\/lv\/wp-json\/wp\/v2\/product_tag?post=22986"}],"curies":[{"name":"wp","href":"https:\/\/api.w.org\/{rel}","templated":true}]}}