{"id":23118,"date":"2014-12-09T12:48:59","date_gmt":"2014-12-09T10:48:59","guid":{"rendered":"https:\/\/sharks.ee\/vunder_2019.klient.veebimajutus.ee\/?post_type=product&#038;p=23118"},"modified":"2014-12-09T12:48:59","modified_gmt":"2014-12-09T10:48:59","slug":"grunts-liquitex-basics","status":"publish","type":"product","link":"https:\/\/hobstop.ee\/lv\/produkts\/grunts-liquitex-basics\/","title":{"rendered":"Grunts Liquitex Basics"},"content":{"rendered":"<p>Izmanto k\u0101 b\u0101zes kr\u0101su da\u017e\u0101d\u0101m tehnik\u0101m (e\u013c\u013cas, akrila un temperas z\u012bm\u0113jumiem utt.). Gatavs t\u016bl\u012bt\u0113jai izmanto\u0161anai uz t\u012br\u0101m, netaukain\u0101m un glud\u0101m virsm\u0101m (audekls, pap\u012brs, akmens, koks, \u0123ipsis utt.). Pirms lieto\u0161anas sajaukt, neporainas virsmas iepriek\u0161 nosl\u012bp\u0113t ar smil\u0161pap\u012bru. Neat\u0161\u0137aid\u012bt ar \u016bdeni. Ja nepiecie\u0161ams, var pievienot Liquitex mat\u0113to m\u0113diju. Pirms lieto\u0161anas izm\u0113\u0123in\u0101t piem\u0113rot\u012bbu: v\u0113lams uz virsmas uzkl\u0101t divus pl\u0101nus sl\u0101\u0146us. Pirms kr\u0101so\u0161anas \u013caut virsmai no\u017e\u016bt vismaz 24 stundas.<\/p>\n","protected":false},"excerpt":{"rendered":"<p>Izmanto k\u0101 b\u0101zes kr\u0101su da\u017e\u0101d\u0101m tehnik\u0101m (e\u013c\u013cas, akrila un temperas z\u012bm\u0113jumiem utt.). Gatavs t\u016bl\u012bt\u0113jai izmanto\u0161anai uz t\u012br\u0101m, netaukain\u0101m un glud\u0101m virsm\u0101m (audekls, pap\u012brs, akmens, koks, \u0123ipsis utt.). Pirms lieto\u0161anas sajaukt, neporainas virsmas iepriek\u0161 nosl\u012bp\u0113t ar smil\u0161pap\u012bru. Neat\u0161\u0137aid\u012bt ar \u016bdeni. Ja nepiecie\u0161ams, var pievienot Liquitex mat\u0113to m\u0113diju. Pirms lieto\u0161anas izm\u0113\u0123in\u0101t piem\u0113rot\u012bbu: v\u0113lams uz virsmas uzkl\u0101t divus pl\u0101nus sl\u0101\u0146us. Pirms kr\u0101so\u0161anas \u013caut virsmai no\u017e\u016bt vismaz 24 stundas.<\/p>\n","protected":false},"featured_media":353863,"comment_status":"closed","ping_status":"closed","template":"","meta":{"_acf_changed":false,"ep_exclude_from_search":false},"product_cat":[18356,17980,16123],"product_tag":[],"class_list":{"0":"post-23118","1":"product","2":"type-product","3":"status-publish","4":"has-post-thumbnail","6":"product_cat-gruntis","7":"product_cat-krasas-un-gleznosanas-paligmateriali","8":"product_cat-makslas-piederumi-2","9":"pa_kma-2625","11":"first","12":"instock","13":"taxable","14":"shipping-taxable","15":"purchasable","16":"product-type-variable"},"acf":[],"yoast_head":"<!-- This site is optimized with the Yoast SEO plugin v24.1 - https:\/\/yoast.com\/wordpress\/plugins\/seo\/ -->\n<title>Grunts Liquitex Basics &#8211; Skizze<\/title>\n<meta name=\"robots\" content=\"noindex, follow, max-snippet:-1, max-image-preview:large, max-video-preview:-1\" \/>\n<meta property=\"og:locale\" content=\"lv_LV\" \/>\n<meta property=\"og:type\" content=\"article\" \/>\n<meta property=\"og:title\" content=\"Grunts Liquitex Basics &#8211; Skizze\" \/>\n<meta property=\"og:description\" content=\"Izmanto k\u0101 b\u0101zes kr\u0101su da\u017e\u0101d\u0101m tehnik\u0101m (e\u013c\u013cas, akrila un temperas z\u012bm\u0113jumiem utt.). Gatavs t\u016bl\u012bt\u0113jai izmanto\u0161anai uz t\u012br\u0101m, netaukain\u0101m un glud\u0101m virsm\u0101m (audekls, pap\u012brs, akmens, koks, \u0123ipsis utt.). Pirms lieto\u0161anas sajaukt, neporainas virsmas iepriek\u0161 nosl\u012bp\u0113t ar smil\u0161pap\u012bru. Neat\u0161\u0137aid\u012bt ar \u016bdeni. Ja nepiecie\u0161ams, var pievienot Liquitex mat\u0113to m\u0113diju. Pirms lieto\u0161anas izm\u0113\u0123in\u0101t piem\u0113rot\u012bbu: v\u0113lams uz virsmas uzkl\u0101t divus pl\u0101nus sl\u0101\u0146us. Pirms kr\u0101so\u0161anas \u013caut virsmai no\u017e\u016bt vismaz 24 stundas.\" \/>\n<meta property=\"og:url\" content=\"https:\/\/hobstop.ee\/lv\/produkts\/grunts-liquitex-basics\/\" \/>\n<meta property=\"og:site_name\" content=\"Skizze\" \/>\n<meta property=\"article:publisher\" content=\"http:\/\/www.facebook.com\/VunderSkizze\" \/>\n<meta property=\"og:image\" content=\"https:\/\/hobstop.ee\/media\/866.jpg\" \/>\n\t<meta property=\"og:image:width\" content=\"1024\" \/>\n\t<meta property=\"og:image:height\" content=\"768\" \/>\n\t<meta property=\"og:image:type\" content=\"image\/jpeg\" \/>\n<meta name=\"twitter:card\" content=\"summary_large_image\" \/>\n<meta name=\"twitter:label1\" content=\"Est. reading time\" \/>\n\t<meta name=\"twitter:data1\" content=\"1 min\u016b\u0161u\" \/>\n<script type=\"application\/ld+json\" class=\"yoast-schema-graph\">{\"@context\":\"https:\/\/schema.org\",\"@graph\":[{\"@type\":\"WebPage\",\"@id\":\"https:\/\/hobstop.ee\/lv\/produkts\/grunts-liquitex-basics\/\",\"url\":\"https:\/\/hobstop.ee\/lv\/produkts\/grunts-liquitex-basics\/\",\"name\":\"Grunts Liquitex Basics &#8211; Skizze\",\"isPartOf\":{\"@id\":\"https:\/\/hobstop.ee\/lv\/#website\"},\"primaryImageOfPage\":{\"@id\":\"https:\/\/hobstop.ee\/lv\/produkts\/grunts-liquitex-basics\/#primaryimage\"},\"image\":{\"@id\":\"https:\/\/hobstop.ee\/lv\/produkts\/grunts-liquitex-basics\/#primaryimage\"},\"thumbnailUrl\":\"https:\/\/hobstop.ee\/media\/866.jpg\",\"datePublished\":\"2014-12-09T10:48:59+00:00\",\"dateModified\":\"2014-12-09T10:48:59+00:00\",\"breadcrumb\":{\"@id\":\"https:\/\/hobstop.ee\/lv\/produkts\/grunts-liquitex-basics\/#breadcrumb\"},\"inLanguage\":\"lv-LV\",\"potentialAction\":[{\"@type\":\"ReadAction\",\"target\":[\"https:\/\/hobstop.ee\/lv\/produkts\/grunts-liquitex-basics\/\"]}]},{\"@type\":\"ImageObject\",\"inLanguage\":\"lv-LV\",\"@id\":\"https:\/\/hobstop.ee\/lv\/produkts\/grunts-liquitex-basics\/#primaryimage\",\"url\":\"https:\/\/hobstop.ee\/media\/866.jpg\",\"contentUrl\":\"https:\/\/hobstop.ee\/media\/866.jpg\",\"width\":1024,\"height\":768},{\"@type\":\"BreadcrumbList\",\"@id\":\"https:\/\/hobstop.ee\/lv\/produkts\/grunts-liquitex-basics\/#breadcrumb\",\"itemListElement\":[{\"@type\":\"ListItem\",\"position\":1,\"name\":\"Avaleht\",\"item\":\"https:\/\/hobstop.ee\/lv\/\"},{\"@type\":\"ListItem\",\"position\":2,\"name\":\"Veikals\",\"item\":\"https:\/\/hobstop.ee\/lv\/veikals\/\"},{\"@type\":\"ListItem\",\"position\":3,\"name\":\"Grunts Liquitex Basics\"}]},{\"@type\":\"WebSite\",\"@id\":\"https:\/\/hobstop.ee\/lv\/#website\",\"url\":\"https:\/\/hobstop.ee\/lv\/\",\"name\":\"Skizze\",\"description\":\"M\u0101kslas, hobiju un skolas preces\",\"publisher\":{\"@id\":\"https:\/\/hobstop.ee\/lv\/#organization\"},\"potentialAction\":[{\"@type\":\"SearchAction\",\"target\":{\"@type\":\"EntryPoint\",\"urlTemplate\":\"https:\/\/hobstop.ee\/lv\/?s={search_term_string}\"},\"query-input\":{\"@type\":\"PropertyValueSpecification\",\"valueRequired\":true,\"valueName\":\"search_term_string\"}}],\"inLanguage\":\"lv-LV\"},{\"@type\":\"Organization\",\"@id\":\"https:\/\/hobstop.ee\/lv\/#organization\",\"name\":\"Vunder AS\",\"url\":\"https:\/\/hobstop.ee\/lv\/\",\"logo\":{\"@type\":\"ImageObject\",\"inLanguage\":\"lv-LV\",\"@id\":\"https:\/\/hobstop.ee\/lv\/#\/schema\/logo\/image\/\",\"url\":\"https:\/\/hobstop.ee\/media\/vunder-logo.png\",\"contentUrl\":\"https:\/\/hobstop.ee\/media\/vunder-logo.png\",\"width\":127,\"height\":55,\"caption\":\"Vunder AS\"},\"image\":{\"@id\":\"https:\/\/hobstop.ee\/lv\/#\/schema\/logo\/image\/\"},\"sameAs\":[\"http:\/\/www.facebook.com\/VunderSkizze\"]}]}<\/script>\n<!-- \/ Yoast SEO plugin. -->","yoast_head_json":{"title":"Grunts Liquitex Basics &#8211; Skizze","robots":{"index":"noindex","follow":"follow","max-snippet":"max-snippet:-1","max-image-preview":"max-image-preview:large","max-video-preview":"max-video-preview:-1"},"og_locale":"lv_LV","og_type":"article","og_title":"Grunts Liquitex Basics &#8211; Skizze","og_description":"Izmanto k\u0101 b\u0101zes kr\u0101su da\u017e\u0101d\u0101m tehnik\u0101m (e\u013c\u013cas, akrila un temperas z\u012bm\u0113jumiem utt.). Gatavs t\u016bl\u012bt\u0113jai izmanto\u0161anai uz t\u012br\u0101m, netaukain\u0101m un glud\u0101m virsm\u0101m (audekls, pap\u012brs, akmens, koks, \u0123ipsis utt.). Pirms lieto\u0161anas sajaukt, neporainas virsmas iepriek\u0161 nosl\u012bp\u0113t ar smil\u0161pap\u012bru. Neat\u0161\u0137aid\u012bt ar \u016bdeni. Ja nepiecie\u0161ams, var pievienot Liquitex mat\u0113to m\u0113diju. Pirms lieto\u0161anas izm\u0113\u0123in\u0101t piem\u0113rot\u012bbu: v\u0113lams uz virsmas uzkl\u0101t divus pl\u0101nus sl\u0101\u0146us. Pirms kr\u0101so\u0161anas \u013caut virsmai no\u017e\u016bt vismaz 24 stundas.","og_url":"https:\/\/hobstop.ee\/lv\/produkts\/grunts-liquitex-basics\/","og_site_name":"Skizze","article_publisher":"http:\/\/www.facebook.com\/VunderSkizze","og_image":[{"width":1024,"height":768,"url":"https:\/\/hobstop.ee\/media\/866.jpg","type":"image\/jpeg"}],"twitter_card":"summary_large_image","twitter_misc":{"Est. reading time":"1 min\u016b\u0161u"},"schema":{"@context":"https:\/\/schema.org","@graph":[{"@type":"WebPage","@id":"https:\/\/hobstop.ee\/lv\/produkts\/grunts-liquitex-basics\/","url":"https:\/\/hobstop.ee\/lv\/produkts\/grunts-liquitex-basics\/","name":"Grunts Liquitex Basics &#8211; Skizze","isPartOf":{"@id":"https:\/\/hobstop.ee\/lv\/#website"},"primaryImageOfPage":{"@id":"https:\/\/hobstop.ee\/lv\/produkts\/grunts-liquitex-basics\/#primaryimage"},"image":{"@id":"https:\/\/hobstop.ee\/lv\/produkts\/grunts-liquitex-basics\/#primaryimage"},"thumbnailUrl":"https:\/\/hobstop.ee\/media\/866.jpg","datePublished":"2014-12-09T10:48:59+00:00","dateModified":"2014-12-09T10:48:59+00:00","breadcrumb":{"@id":"https:\/\/hobstop.ee\/lv\/produkts\/grunts-liquitex-basics\/#breadcrumb"},"inLanguage":"lv-LV","potentialAction":[{"@type":"ReadAction","target":["https:\/\/hobstop.ee\/lv\/produkts\/grunts-liquitex-basics\/"]}]},{"@type":"ImageObject","inLanguage":"lv-LV","@id":"https:\/\/hobstop.ee\/lv\/produkts\/grunts-liquitex-basics\/#primaryimage","url":"https:\/\/hobstop.ee\/media\/866.jpg","contentUrl":"https:\/\/hobstop.ee\/media\/866.jpg","width":1024,"height":768},{"@type":"BreadcrumbList","@id":"https:\/\/hobstop.ee\/lv\/produkts\/grunts-liquitex-basics\/#breadcrumb","itemListElement":[{"@type":"ListItem","position":1,"name":"Avaleht","item":"https:\/\/hobstop.ee\/lv\/"},{"@type":"ListItem","position":2,"name":"Veikals","item":"https:\/\/hobstop.ee\/lv\/veikals\/"},{"@type":"ListItem","position":3,"name":"Grunts Liquitex Basics"}]},{"@type":"WebSite","@id":"https:\/\/hobstop.ee\/lv\/#website","url":"https:\/\/hobstop.ee\/lv\/","name":"Skizze","description":"M\u0101kslas, hobiju un skolas preces","publisher":{"@id":"https:\/\/hobstop.ee\/lv\/#organization"},"potentialAction":[{"@type":"SearchAction","target":{"@type":"EntryPoint","urlTemplate":"https:\/\/hobstop.ee\/lv\/?s={search_term_string}"},"query-input":{"@type":"PropertyValueSpecification","valueRequired":true,"valueName":"search_term_string"}}],"inLanguage":"lv-LV"},{"@type":"Organization","@id":"https:\/\/hobstop.ee\/lv\/#organization","name":"Vunder AS","url":"https:\/\/hobstop.ee\/lv\/","logo":{"@type":"ImageObject","inLanguage":"lv-LV","@id":"https:\/\/hobstop.ee\/lv\/#\/schema\/logo\/image\/","url":"https:\/\/hobstop.ee\/media\/vunder-logo.png","contentUrl":"https:\/\/hobstop.ee\/media\/vunder-logo.png","width":127,"height":55,"caption":"Vunder AS"},"image":{"@id":"https:\/\/hobstop.ee\/lv\/#\/schema\/logo\/image\/"},"sameAs":["http:\/\/www.facebook.com\/VunderSkizze"]}]}},"_links":{"self":[{"href":"https:\/\/hobstop.ee\/lv\/wp-json\/wp\/v2\/product\/23118","targetHints":{"allow":["GET"]}}],"collection":[{"href":"https:\/\/hobstop.ee\/lv\/wp-json\/wp\/v2\/product"}],"about":[{"href":"https:\/\/hobstop.ee\/lv\/wp-json\/wp\/v2\/types\/product"}],"replies":[{"embeddable":true,"href":"https:\/\/hobstop.ee\/lv\/wp-json\/wp\/v2\/comments?post=23118"}],"wp:featuredmedia":[{"embeddable":true,"href":"https:\/\/hobstop.ee\/lv\/wp-json\/wp\/v2\/media\/353863"}],"wp:attachment":[{"href":"https:\/\/hobstop.ee\/lv\/wp-json\/wp\/v2\/media?parent=23118"}],"wp:term":[{"taxonomy":"product_cat","embeddable":true,"href":"https:\/\/hobstop.ee\/lv\/wp-json\/wp\/v2\/product_cat?post=23118"},{"taxonomy":"product_tag","embeddable":true,"href":"https:\/\/hobstop.ee\/lv\/wp-json\/wp\/v2\/product_tag?post=23118"}],"curies":[{"name":"wp","href":"https:\/\/api.w.org\/{rel}","templated":true}]}}