{"id":23156,"date":"2014-12-09T12:49:10","date_gmt":"2014-12-09T10:49:10","guid":{"rendered":"https:\/\/sharks.ee\/vunder_2019.klient.veebimajutus.ee\/?post_type=product&#038;p=23156"},"modified":"2014-12-09T12:49:10","modified_gmt":"2014-12-09T10:49:10","slug":"dzesgumija-derwent-ogles","status":"publish","type":"product","link":"https:\/\/hobstop.ee\/lv\/produkts\/dzesgumija-derwent-ogles\/","title":{"rendered":"Dz\u0113\u0161gumija Derwent ogles"},"content":{"rendered":"<p>The Kneadable Putty Eraser ir \u012bpa\u0161i noder\u012bga, lai izceltu, punkt\u0113tu un rad\u012btu \u0113nas efektu. M\u012bciet dz\u0113\u0161gumiju savos pirkstos l\u012bdz t\u0101 k\u013cuvusi m\u012bksta, novirziet to konkr\u0113t\u0101 punkt\u0101 un uzman\u012bgi no\u0146emiet graf\u012btu vai kr\u0101su pigmentu p\u0113c nepiecie\u0161am\u012bbas.<\/p>\n","protected":false},"excerpt":{"rendered":"<p>The Kneadable Putty Eraser ir \u012bpa\u0161i noder\u012bga, lai izceltu, punkt\u0113tu un rad\u012btu \u0113nas efektu. M\u012bciet dz\u0113\u0161gumiju savos pirkstos l\u012bdz t\u0101 k\u013cuvusi m\u012bksta, novirziet to konkr\u0113t\u0101 punkt\u0101 un uzman\u012bgi no\u0146emiet graf\u012btu vai kr\u0101su pigmentu p\u0113c nepiecie\u0161am\u012bbas.<\/p>\n","protected":false},"featured_media":102191,"comment_status":"closed","ping_status":"closed","template":"","meta":{"_acf_changed":false,"ep_exclude_from_search":false},"product_cat":[18130,17916,18633],"product_tag":[],"class_list":{"0":"post-23156","1":"product","2":"type-product","3":"status-publish","4":"has-post-thumbnail","6":"product_cat-dzesgumijas","7":"product_cat-preces-skolai","8":"product_cat-zimesanas-piederumi-2","10":"first","11":"instock","12":"taxable","13":"shipping-taxable","14":"purchasable","15":"product-type-variable"},"acf":[],"yoast_head":"<!-- This site is optimized with the Yoast SEO plugin v24.1 - https:\/\/yoast.com\/wordpress\/plugins\/seo\/ -->\n<title>Dz\u0113\u0161gumija Derwent ogles &#8211; Skizze<\/title>\n<meta name=\"robots\" content=\"noindex, follow, max-snippet:-1, max-image-preview:large, max-video-preview:-1\" \/>\n<meta property=\"og:locale\" content=\"lv_LV\" \/>\n<meta property=\"og:type\" content=\"article\" \/>\n<meta property=\"og:title\" content=\"Dz\u0113\u0161gumija Derwent ogles &#8211; Skizze\" \/>\n<meta property=\"og:description\" content=\"The Kneadable Putty Eraser ir \u012bpa\u0161i noder\u012bga, lai izceltu, punkt\u0113tu un rad\u012btu \u0113nas efektu. M\u012bciet dz\u0113\u0161gumiju savos pirkstos l\u012bdz t\u0101 k\u013cuvusi m\u012bksta, novirziet to konkr\u0113t\u0101 punkt\u0101 un uzman\u012bgi no\u0146emiet graf\u012btu vai kr\u0101su pigmentu p\u0113c nepiecie\u0161am\u012bbas.\" \/>\n<meta property=\"og:url\" content=\"https:\/\/hobstop.ee\/lv\/produkts\/dzesgumija-derwent-ogles\/\" \/>\n<meta property=\"og:site_name\" content=\"Skizze\" \/>\n<meta property=\"article:publisher\" content=\"http:\/\/www.facebook.com\/VunderSkizze\" \/>\n<meta property=\"og:image\" content=\"https:\/\/hobstop.ee\/media\/909.jpg\" \/>\n\t<meta property=\"og:image:width\" content=\"1024\" \/>\n\t<meta property=\"og:image:height\" content=\"768\" \/>\n\t<meta property=\"og:image:type\" content=\"image\/jpeg\" \/>\n<meta name=\"twitter:card\" content=\"summary_large_image\" \/>\n<script type=\"application\/ld+json\" class=\"yoast-schema-graph\">{\"@context\":\"https:\/\/schema.org\",\"@graph\":[{\"@type\":\"WebPage\",\"@id\":\"https:\/\/hobstop.ee\/lv\/produkts\/dzesgumija-derwent-ogles\/\",\"url\":\"https:\/\/hobstop.ee\/lv\/produkts\/dzesgumija-derwent-ogles\/\",\"name\":\"Dz\u0113\u0161gumija Derwent ogles &#8211; Skizze\",\"isPartOf\":{\"@id\":\"https:\/\/hobstop.ee\/lv\/#website\"},\"primaryImageOfPage\":{\"@id\":\"https:\/\/hobstop.ee\/lv\/produkts\/dzesgumija-derwent-ogles\/#primaryimage\"},\"image\":{\"@id\":\"https:\/\/hobstop.ee\/lv\/produkts\/dzesgumija-derwent-ogles\/#primaryimage\"},\"thumbnailUrl\":\"https:\/\/hobstop.ee\/media\/909.jpg\",\"datePublished\":\"2014-12-09T10:49:10+00:00\",\"dateModified\":\"2014-12-09T10:49:10+00:00\",\"breadcrumb\":{\"@id\":\"https:\/\/hobstop.ee\/lv\/produkts\/dzesgumija-derwent-ogles\/#breadcrumb\"},\"inLanguage\":\"lv-LV\",\"potentialAction\":[{\"@type\":\"ReadAction\",\"target\":[\"https:\/\/hobstop.ee\/lv\/produkts\/dzesgumija-derwent-ogles\/\"]}]},{\"@type\":\"ImageObject\",\"inLanguage\":\"lv-LV\",\"@id\":\"https:\/\/hobstop.ee\/lv\/produkts\/dzesgumija-derwent-ogles\/#primaryimage\",\"url\":\"https:\/\/hobstop.ee\/media\/909.jpg\",\"contentUrl\":\"https:\/\/hobstop.ee\/media\/909.jpg\",\"width\":1024,\"height\":768},{\"@type\":\"BreadcrumbList\",\"@id\":\"https:\/\/hobstop.ee\/lv\/produkts\/dzesgumija-derwent-ogles\/#breadcrumb\",\"itemListElement\":[{\"@type\":\"ListItem\",\"position\":1,\"name\":\"Avaleht\",\"item\":\"https:\/\/hobstop.ee\/lv\/\"},{\"@type\":\"ListItem\",\"position\":2,\"name\":\"Veikals\",\"item\":\"https:\/\/hobstop.ee\/lv\/veikals\/\"},{\"@type\":\"ListItem\",\"position\":3,\"name\":\"Dz\u0113\u0161gumija Derwent ogles\"}]},{\"@type\":\"WebSite\",\"@id\":\"https:\/\/hobstop.ee\/lv\/#website\",\"url\":\"https:\/\/hobstop.ee\/lv\/\",\"name\":\"Skizze\",\"description\":\"M\u0101kslas, hobiju un skolas preces\",\"publisher\":{\"@id\":\"https:\/\/hobstop.ee\/lv\/#organization\"},\"potentialAction\":[{\"@type\":\"SearchAction\",\"target\":{\"@type\":\"EntryPoint\",\"urlTemplate\":\"https:\/\/hobstop.ee\/lv\/?s={search_term_string}\"},\"query-input\":{\"@type\":\"PropertyValueSpecification\",\"valueRequired\":true,\"valueName\":\"search_term_string\"}}],\"inLanguage\":\"lv-LV\"},{\"@type\":\"Organization\",\"@id\":\"https:\/\/hobstop.ee\/lv\/#organization\",\"name\":\"Vunder AS\",\"url\":\"https:\/\/hobstop.ee\/lv\/\",\"logo\":{\"@type\":\"ImageObject\",\"inLanguage\":\"lv-LV\",\"@id\":\"https:\/\/hobstop.ee\/lv\/#\/schema\/logo\/image\/\",\"url\":\"https:\/\/hobstop.ee\/media\/vunder-logo.png\",\"contentUrl\":\"https:\/\/hobstop.ee\/media\/vunder-logo.png\",\"width\":127,\"height\":55,\"caption\":\"Vunder AS\"},\"image\":{\"@id\":\"https:\/\/hobstop.ee\/lv\/#\/schema\/logo\/image\/\"},\"sameAs\":[\"http:\/\/www.facebook.com\/VunderSkizze\"]}]}<\/script>\n<!-- \/ Yoast SEO plugin. -->","yoast_head_json":{"title":"Dz\u0113\u0161gumija Derwent ogles &#8211; Skizze","robots":{"index":"noindex","follow":"follow","max-snippet":"max-snippet:-1","max-image-preview":"max-image-preview:large","max-video-preview":"max-video-preview:-1"},"og_locale":"lv_LV","og_type":"article","og_title":"Dz\u0113\u0161gumija Derwent ogles &#8211; Skizze","og_description":"The Kneadable Putty Eraser ir \u012bpa\u0161i noder\u012bga, lai izceltu, punkt\u0113tu un rad\u012btu \u0113nas efektu. M\u012bciet dz\u0113\u0161gumiju savos pirkstos l\u012bdz t\u0101 k\u013cuvusi m\u012bksta, novirziet to konkr\u0113t\u0101 punkt\u0101 un uzman\u012bgi no\u0146emiet graf\u012btu vai kr\u0101su pigmentu p\u0113c nepiecie\u0161am\u012bbas.","og_url":"https:\/\/hobstop.ee\/lv\/produkts\/dzesgumija-derwent-ogles\/","og_site_name":"Skizze","article_publisher":"http:\/\/www.facebook.com\/VunderSkizze","og_image":[{"width":1024,"height":768,"url":"https:\/\/hobstop.ee\/media\/909.jpg","type":"image\/jpeg"}],"twitter_card":"summary_large_image","schema":{"@context":"https:\/\/schema.org","@graph":[{"@type":"WebPage","@id":"https:\/\/hobstop.ee\/lv\/produkts\/dzesgumija-derwent-ogles\/","url":"https:\/\/hobstop.ee\/lv\/produkts\/dzesgumija-derwent-ogles\/","name":"Dz\u0113\u0161gumija Derwent ogles &#8211; Skizze","isPartOf":{"@id":"https:\/\/hobstop.ee\/lv\/#website"},"primaryImageOfPage":{"@id":"https:\/\/hobstop.ee\/lv\/produkts\/dzesgumija-derwent-ogles\/#primaryimage"},"image":{"@id":"https:\/\/hobstop.ee\/lv\/produkts\/dzesgumija-derwent-ogles\/#primaryimage"},"thumbnailUrl":"https:\/\/hobstop.ee\/media\/909.jpg","datePublished":"2014-12-09T10:49:10+00:00","dateModified":"2014-12-09T10:49:10+00:00","breadcrumb":{"@id":"https:\/\/hobstop.ee\/lv\/produkts\/dzesgumija-derwent-ogles\/#breadcrumb"},"inLanguage":"lv-LV","potentialAction":[{"@type":"ReadAction","target":["https:\/\/hobstop.ee\/lv\/produkts\/dzesgumija-derwent-ogles\/"]}]},{"@type":"ImageObject","inLanguage":"lv-LV","@id":"https:\/\/hobstop.ee\/lv\/produkts\/dzesgumija-derwent-ogles\/#primaryimage","url":"https:\/\/hobstop.ee\/media\/909.jpg","contentUrl":"https:\/\/hobstop.ee\/media\/909.jpg","width":1024,"height":768},{"@type":"BreadcrumbList","@id":"https:\/\/hobstop.ee\/lv\/produkts\/dzesgumija-derwent-ogles\/#breadcrumb","itemListElement":[{"@type":"ListItem","position":1,"name":"Avaleht","item":"https:\/\/hobstop.ee\/lv\/"},{"@type":"ListItem","position":2,"name":"Veikals","item":"https:\/\/hobstop.ee\/lv\/veikals\/"},{"@type":"ListItem","position":3,"name":"Dz\u0113\u0161gumija Derwent ogles"}]},{"@type":"WebSite","@id":"https:\/\/hobstop.ee\/lv\/#website","url":"https:\/\/hobstop.ee\/lv\/","name":"Skizze","description":"M\u0101kslas, hobiju un skolas preces","publisher":{"@id":"https:\/\/hobstop.ee\/lv\/#organization"},"potentialAction":[{"@type":"SearchAction","target":{"@type":"EntryPoint","urlTemplate":"https:\/\/hobstop.ee\/lv\/?s={search_term_string}"},"query-input":{"@type":"PropertyValueSpecification","valueRequired":true,"valueName":"search_term_string"}}],"inLanguage":"lv-LV"},{"@type":"Organization","@id":"https:\/\/hobstop.ee\/lv\/#organization","name":"Vunder AS","url":"https:\/\/hobstop.ee\/lv\/","logo":{"@type":"ImageObject","inLanguage":"lv-LV","@id":"https:\/\/hobstop.ee\/lv\/#\/schema\/logo\/image\/","url":"https:\/\/hobstop.ee\/media\/vunder-logo.png","contentUrl":"https:\/\/hobstop.ee\/media\/vunder-logo.png","width":127,"height":55,"caption":"Vunder AS"},"image":{"@id":"https:\/\/hobstop.ee\/lv\/#\/schema\/logo\/image\/"},"sameAs":["http:\/\/www.facebook.com\/VunderSkizze"]}]}},"_links":{"self":[{"href":"https:\/\/hobstop.ee\/lv\/wp-json\/wp\/v2\/product\/23156","targetHints":{"allow":["GET"]}}],"collection":[{"href":"https:\/\/hobstop.ee\/lv\/wp-json\/wp\/v2\/product"}],"about":[{"href":"https:\/\/hobstop.ee\/lv\/wp-json\/wp\/v2\/types\/product"}],"replies":[{"embeddable":true,"href":"https:\/\/hobstop.ee\/lv\/wp-json\/wp\/v2\/comments?post=23156"}],"wp:featuredmedia":[{"embeddable":true,"href":"https:\/\/hobstop.ee\/lv\/wp-json\/wp\/v2\/media\/102191"}],"wp:attachment":[{"href":"https:\/\/hobstop.ee\/lv\/wp-json\/wp\/v2\/media?parent=23156"}],"wp:term":[{"taxonomy":"product_cat","embeddable":true,"href":"https:\/\/hobstop.ee\/lv\/wp-json\/wp\/v2\/product_cat?post=23156"},{"taxonomy":"product_tag","embeddable":true,"href":"https:\/\/hobstop.ee\/lv\/wp-json\/wp\/v2\/product_tag?post=23156"}],"curies":[{"name":"wp","href":"https:\/\/api.w.org\/{rel}","templated":true}]}}