{"id":23164,"date":"2014-12-09T12:49:13","date_gmt":"2014-12-09T10:49:13","guid":{"rendered":"https:\/\/sharks.ee\/vunder_2019.klient.veebimajutus.ee\/?post_type=product&#038;p=23164"},"modified":"2014-12-09T12:49:13","modified_gmt":"2014-12-09T10:49:13","slug":"gumijas-lime-marabu-fixogum","status":"publish","type":"product","link":"https:\/\/hobstop.ee\/lv\/produkts\/gumijas-lime-marabu-fixogum\/","title":{"rendered":"Gumijas l\u012bme Marabu Fixogum"},"content":{"rendered":"<p>Marabu Fixogum ir elast\u012bga l\u012bme, kas paredz\u0113ta grafikas dizaina un amatniec\u012bbas darbiem.  T\u0101 ir ide\u0101li piem\u0113rota pap\u012bra, kartona, pl\u0113ves un citu lokanu materi\u0101lu l\u012bm\u0113\u0161anai.  L\u012bm\u0113juma vietas ir gludas un nek\u013c\u016bst vi\u013c\u0146otas.  T\u0101d\u0113\u013c l\u012bme ir ide\u0101li piem\u0113rota karti\u0146u, fotoalbumu un mode\u013cu veido\u0161anai, k\u0101 ar\u012b darbam skr\u0101p\u0113\u0161anas tehnik\u0101 un grafiskajam dizainam. Viena l\u012bme vis\u0101m vajadz\u012bb\u0101m:  Marabu Fixogum var izmantot gan past\u0101v\u012bgai virsmu sal\u012bm\u0113\u0161anai, gan gad\u012bjumos, ja sal\u012bm\u0113t\u0101s virsmas v\u0113l\u0101k nepiecie\u0161ams atdal\u012bt.  Past\u0101v\u012bga l\u012bm\u0113juma ieg\u016b\u0161anai kl\u0101t l\u012bmi uz ab\u0101m l\u012bm\u0113jam\u0101m virsm\u0101m, bet \u012bslaic\u012bgai nostiprin\u0101\u0161anai &#8211; tikai uz vienas virsmas.  L\u012bmes paliekas var viegli not\u012br\u012bt, paber\u017eot ar pirkstiem. Marabu Fixogum ir dab\u012bgs produkts, kas izgatavots uz dab\u012bgas gumijas uz organisko \u0161\u0137\u012bdin\u0101t\u0101ju b\u0101zes, t\u0101d\u0113\u013c tas nav notur\u012bgs pret noveco\u0161anos.  Nesatur sk\u0101bes.<\/p>\n","protected":false},"excerpt":{"rendered":"<p>Marabu Fixogum ir elast\u012bga l\u012bme, kas paredz\u0113ta grafikas dizaina un amatniec\u012bbas darbiem. T\u0101 ir ide\u0101li piem\u0113rota pap\u012bra, kartona, pl\u0113ves un citu lokanu materi\u0101lu l\u012bm\u0113\u0161anai. L\u012bm\u0113juma vietas ir gludas un nek\u013c\u016bst vi\u013c\u0146otas. T\u0101d\u0113\u013c l\u012bme ir ide\u0101li piem\u0113rota karti\u0146u, fotoalbumu un mode\u013cu veido\u0161anai, k\u0101 ar\u012b darbam skr\u0101p\u0113\u0161anas tehnik\u0101 un grafiskajam dizainam. Viena l\u012bme vis\u0101m vajadz\u012bb\u0101m: Marabu Fixogum var izmantot gan past\u0101v\u012bgai virsmu sal\u012bm\u0113\u0161anai, gan gad\u012bjumos, ja sal\u012bm\u0113t\u0101s virsmas v\u0113l\u0101k nepiecie\u0161ams atdal\u012bt. Past\u0101v\u012bga l\u012bm\u0113juma ieg\u016b\u0161anai kl\u0101t l\u012bmi uz ab\u0101m l\u012bm\u0113jam\u0101m virsm\u0101m, bet \u012bslaic\u012bgai nostiprin\u0101\u0161anai &#8211; tikai uz vienas virsmas. L\u012bmes paliekas var viegli not\u012br\u012bt, paber\u017eot ar pirkstiem. Marabu Fixogum ir dab\u012bgs produkts, kas izgatavots uz dab\u012bgas gumijas uz organisko \u0161\u0137\u012bdin\u0101t\u0101ju b\u0101zes, t\u0101d\u0113\u013c tas nav notur\u012bgs pret noveco\u0161anos. Nesatur sk\u0101bes.<\/p>\n","protected":false},"featured_media":102207,"comment_status":"closed","ping_status":"closed","template":"","meta":{"_acf_changed":false,"ep_exclude_from_search":false},"product_cat":[18641,18061,17916],"product_tag":[],"class_list":{"0":"post-23164","1":"product","2":"type-product","3":"status-publish","4":"has-post-thumbnail","6":"product_cat-dazadi-3","7":"product_cat-limes","8":"product_cat-preces-skolai","10":"first","11":"instock","12":"taxable","13":"shipping-taxable","14":"purchasable","15":"product-type-variable"},"acf":[],"yoast_head":"<!-- This site is optimized with the Yoast SEO plugin v24.1 - https:\/\/yoast.com\/wordpress\/plugins\/seo\/ -->\n<title>Gumijas l\u012bme Marabu Fixogum &#8211; Skizze<\/title>\n<meta name=\"robots\" content=\"noindex, follow, max-snippet:-1, max-image-preview:large, max-video-preview:-1\" \/>\n<meta property=\"og:locale\" content=\"lv_LV\" \/>\n<meta property=\"og:type\" content=\"article\" \/>\n<meta property=\"og:title\" content=\"Gumijas l\u012bme Marabu Fixogum &#8211; Skizze\" \/>\n<meta property=\"og:description\" content=\"Marabu Fixogum ir elast\u012bga l\u012bme, kas paredz\u0113ta grafikas dizaina un amatniec\u012bbas darbiem. T\u0101 ir ide\u0101li piem\u0113rota pap\u012bra, kartona, pl\u0113ves un citu lokanu materi\u0101lu l\u012bm\u0113\u0161anai. L\u012bm\u0113juma vietas ir gludas un nek\u013c\u016bst vi\u013c\u0146otas. T\u0101d\u0113\u013c l\u012bme ir ide\u0101li piem\u0113rota karti\u0146u, fotoalbumu un mode\u013cu veido\u0161anai, k\u0101 ar\u012b darbam skr\u0101p\u0113\u0161anas tehnik\u0101 un grafiskajam dizainam. Viena l\u012bme vis\u0101m vajadz\u012bb\u0101m: Marabu Fixogum var izmantot gan past\u0101v\u012bgai virsmu sal\u012bm\u0113\u0161anai, gan gad\u012bjumos, ja sal\u012bm\u0113t\u0101s virsmas v\u0113l\u0101k nepiecie\u0161ams atdal\u012bt. Past\u0101v\u012bga l\u012bm\u0113juma ieg\u016b\u0161anai kl\u0101t l\u012bmi uz ab\u0101m l\u012bm\u0113jam\u0101m virsm\u0101m, bet \u012bslaic\u012bgai nostiprin\u0101\u0161anai &#8211; tikai uz vienas virsmas. L\u012bmes paliekas var viegli not\u012br\u012bt, paber\u017eot ar pirkstiem. Marabu Fixogum ir dab\u012bgs produkts, kas izgatavots uz dab\u012bgas gumijas uz organisko \u0161\u0137\u012bdin\u0101t\u0101ju b\u0101zes, t\u0101d\u0113\u013c tas nav notur\u012bgs pret noveco\u0161anos. Nesatur sk\u0101bes.\" \/>\n<meta property=\"og:url\" content=\"https:\/\/hobstop.ee\/lv\/produkts\/gumijas-lime-marabu-fixogum\/\" \/>\n<meta property=\"og:site_name\" content=\"Skizze\" \/>\n<meta property=\"article:publisher\" content=\"http:\/\/www.facebook.com\/VunderSkizze\" \/>\n<meta property=\"og:image\" content=\"https:\/\/hobstop.ee\/media\/915.jpg\" \/>\n\t<meta property=\"og:image:width\" content=\"1024\" \/>\n\t<meta property=\"og:image:height\" content=\"768\" \/>\n\t<meta property=\"og:image:type\" content=\"image\/jpeg\" \/>\n<meta name=\"twitter:card\" content=\"summary_large_image\" \/>\n<meta name=\"twitter:label1\" content=\"Est. reading time\" \/>\n\t<meta name=\"twitter:data1\" content=\"1 min\u016b\u0161u\" \/>\n<script type=\"application\/ld+json\" class=\"yoast-schema-graph\">{\"@context\":\"https:\/\/schema.org\",\"@graph\":[{\"@type\":\"WebPage\",\"@id\":\"https:\/\/hobstop.ee\/lv\/produkts\/gumijas-lime-marabu-fixogum\/\",\"url\":\"https:\/\/hobstop.ee\/lv\/produkts\/gumijas-lime-marabu-fixogum\/\",\"name\":\"Gumijas l\u012bme Marabu Fixogum &#8211; Skizze\",\"isPartOf\":{\"@id\":\"https:\/\/hobstop.ee\/lv\/#website\"},\"primaryImageOfPage\":{\"@id\":\"https:\/\/hobstop.ee\/lv\/produkts\/gumijas-lime-marabu-fixogum\/#primaryimage\"},\"image\":{\"@id\":\"https:\/\/hobstop.ee\/lv\/produkts\/gumijas-lime-marabu-fixogum\/#primaryimage\"},\"thumbnailUrl\":\"https:\/\/hobstop.ee\/media\/915.jpg\",\"datePublished\":\"2014-12-09T10:49:13+00:00\",\"dateModified\":\"2014-12-09T10:49:13+00:00\",\"breadcrumb\":{\"@id\":\"https:\/\/hobstop.ee\/lv\/produkts\/gumijas-lime-marabu-fixogum\/#breadcrumb\"},\"inLanguage\":\"lv-LV\",\"potentialAction\":[{\"@type\":\"ReadAction\",\"target\":[\"https:\/\/hobstop.ee\/lv\/produkts\/gumijas-lime-marabu-fixogum\/\"]}]},{\"@type\":\"ImageObject\",\"inLanguage\":\"lv-LV\",\"@id\":\"https:\/\/hobstop.ee\/lv\/produkts\/gumijas-lime-marabu-fixogum\/#primaryimage\",\"url\":\"https:\/\/hobstop.ee\/media\/915.jpg\",\"contentUrl\":\"https:\/\/hobstop.ee\/media\/915.jpg\",\"width\":1024,\"height\":768},{\"@type\":\"BreadcrumbList\",\"@id\":\"https:\/\/hobstop.ee\/lv\/produkts\/gumijas-lime-marabu-fixogum\/#breadcrumb\",\"itemListElement\":[{\"@type\":\"ListItem\",\"position\":1,\"name\":\"Avaleht\",\"item\":\"https:\/\/hobstop.ee\/lv\/\"},{\"@type\":\"ListItem\",\"position\":2,\"name\":\"Veikals\",\"item\":\"https:\/\/hobstop.ee\/lv\/veikals\/\"},{\"@type\":\"ListItem\",\"position\":3,\"name\":\"Gumijas l\u012bme Marabu Fixogum\"}]},{\"@type\":\"WebSite\",\"@id\":\"https:\/\/hobstop.ee\/lv\/#website\",\"url\":\"https:\/\/hobstop.ee\/lv\/\",\"name\":\"Skizze\",\"description\":\"M\u0101kslas, hobiju un skolas preces\",\"publisher\":{\"@id\":\"https:\/\/hobstop.ee\/lv\/#organization\"},\"potentialAction\":[{\"@type\":\"SearchAction\",\"target\":{\"@type\":\"EntryPoint\",\"urlTemplate\":\"https:\/\/hobstop.ee\/lv\/?s={search_term_string}\"},\"query-input\":{\"@type\":\"PropertyValueSpecification\",\"valueRequired\":true,\"valueName\":\"search_term_string\"}}],\"inLanguage\":\"lv-LV\"},{\"@type\":\"Organization\",\"@id\":\"https:\/\/hobstop.ee\/lv\/#organization\",\"name\":\"Vunder AS\",\"url\":\"https:\/\/hobstop.ee\/lv\/\",\"logo\":{\"@type\":\"ImageObject\",\"inLanguage\":\"lv-LV\",\"@id\":\"https:\/\/hobstop.ee\/lv\/#\/schema\/logo\/image\/\",\"url\":\"https:\/\/hobstop.ee\/media\/vunder-logo.png\",\"contentUrl\":\"https:\/\/hobstop.ee\/media\/vunder-logo.png\",\"width\":127,\"height\":55,\"caption\":\"Vunder AS\"},\"image\":{\"@id\":\"https:\/\/hobstop.ee\/lv\/#\/schema\/logo\/image\/\"},\"sameAs\":[\"http:\/\/www.facebook.com\/VunderSkizze\"]}]}<\/script>\n<!-- \/ Yoast SEO plugin. -->","yoast_head_json":{"title":"Gumijas l\u012bme Marabu Fixogum &#8211; Skizze","robots":{"index":"noindex","follow":"follow","max-snippet":"max-snippet:-1","max-image-preview":"max-image-preview:large","max-video-preview":"max-video-preview:-1"},"og_locale":"lv_LV","og_type":"article","og_title":"Gumijas l\u012bme Marabu Fixogum &#8211; Skizze","og_description":"Marabu Fixogum ir elast\u012bga l\u012bme, kas paredz\u0113ta grafikas dizaina un amatniec\u012bbas darbiem. T\u0101 ir ide\u0101li piem\u0113rota pap\u012bra, kartona, pl\u0113ves un citu lokanu materi\u0101lu l\u012bm\u0113\u0161anai. L\u012bm\u0113juma vietas ir gludas un nek\u013c\u016bst vi\u013c\u0146otas. T\u0101d\u0113\u013c l\u012bme ir ide\u0101li piem\u0113rota karti\u0146u, fotoalbumu un mode\u013cu veido\u0161anai, k\u0101 ar\u012b darbam skr\u0101p\u0113\u0161anas tehnik\u0101 un grafiskajam dizainam. Viena l\u012bme vis\u0101m vajadz\u012bb\u0101m: Marabu Fixogum var izmantot gan past\u0101v\u012bgai virsmu sal\u012bm\u0113\u0161anai, gan gad\u012bjumos, ja sal\u012bm\u0113t\u0101s virsmas v\u0113l\u0101k nepiecie\u0161ams atdal\u012bt. Past\u0101v\u012bga l\u012bm\u0113juma ieg\u016b\u0161anai kl\u0101t l\u012bmi uz ab\u0101m l\u012bm\u0113jam\u0101m virsm\u0101m, bet \u012bslaic\u012bgai nostiprin\u0101\u0161anai &#8211; tikai uz vienas virsmas. L\u012bmes paliekas var viegli not\u012br\u012bt, paber\u017eot ar pirkstiem. Marabu Fixogum ir dab\u012bgs produkts, kas izgatavots uz dab\u012bgas gumijas uz organisko \u0161\u0137\u012bdin\u0101t\u0101ju b\u0101zes, t\u0101d\u0113\u013c tas nav notur\u012bgs pret noveco\u0161anos. Nesatur sk\u0101bes.","og_url":"https:\/\/hobstop.ee\/lv\/produkts\/gumijas-lime-marabu-fixogum\/","og_site_name":"Skizze","article_publisher":"http:\/\/www.facebook.com\/VunderSkizze","og_image":[{"width":1024,"height":768,"url":"https:\/\/hobstop.ee\/media\/915.jpg","type":"image\/jpeg"}],"twitter_card":"summary_large_image","twitter_misc":{"Est. reading time":"1 min\u016b\u0161u"},"schema":{"@context":"https:\/\/schema.org","@graph":[{"@type":"WebPage","@id":"https:\/\/hobstop.ee\/lv\/produkts\/gumijas-lime-marabu-fixogum\/","url":"https:\/\/hobstop.ee\/lv\/produkts\/gumijas-lime-marabu-fixogum\/","name":"Gumijas l\u012bme Marabu Fixogum &#8211; Skizze","isPartOf":{"@id":"https:\/\/hobstop.ee\/lv\/#website"},"primaryImageOfPage":{"@id":"https:\/\/hobstop.ee\/lv\/produkts\/gumijas-lime-marabu-fixogum\/#primaryimage"},"image":{"@id":"https:\/\/hobstop.ee\/lv\/produkts\/gumijas-lime-marabu-fixogum\/#primaryimage"},"thumbnailUrl":"https:\/\/hobstop.ee\/media\/915.jpg","datePublished":"2014-12-09T10:49:13+00:00","dateModified":"2014-12-09T10:49:13+00:00","breadcrumb":{"@id":"https:\/\/hobstop.ee\/lv\/produkts\/gumijas-lime-marabu-fixogum\/#breadcrumb"},"inLanguage":"lv-LV","potentialAction":[{"@type":"ReadAction","target":["https:\/\/hobstop.ee\/lv\/produkts\/gumijas-lime-marabu-fixogum\/"]}]},{"@type":"ImageObject","inLanguage":"lv-LV","@id":"https:\/\/hobstop.ee\/lv\/produkts\/gumijas-lime-marabu-fixogum\/#primaryimage","url":"https:\/\/hobstop.ee\/media\/915.jpg","contentUrl":"https:\/\/hobstop.ee\/media\/915.jpg","width":1024,"height":768},{"@type":"BreadcrumbList","@id":"https:\/\/hobstop.ee\/lv\/produkts\/gumijas-lime-marabu-fixogum\/#breadcrumb","itemListElement":[{"@type":"ListItem","position":1,"name":"Avaleht","item":"https:\/\/hobstop.ee\/lv\/"},{"@type":"ListItem","position":2,"name":"Veikals","item":"https:\/\/hobstop.ee\/lv\/veikals\/"},{"@type":"ListItem","position":3,"name":"Gumijas l\u012bme Marabu Fixogum"}]},{"@type":"WebSite","@id":"https:\/\/hobstop.ee\/lv\/#website","url":"https:\/\/hobstop.ee\/lv\/","name":"Skizze","description":"M\u0101kslas, hobiju un skolas preces","publisher":{"@id":"https:\/\/hobstop.ee\/lv\/#organization"},"potentialAction":[{"@type":"SearchAction","target":{"@type":"EntryPoint","urlTemplate":"https:\/\/hobstop.ee\/lv\/?s={search_term_string}"},"query-input":{"@type":"PropertyValueSpecification","valueRequired":true,"valueName":"search_term_string"}}],"inLanguage":"lv-LV"},{"@type":"Organization","@id":"https:\/\/hobstop.ee\/lv\/#organization","name":"Vunder AS","url":"https:\/\/hobstop.ee\/lv\/","logo":{"@type":"ImageObject","inLanguage":"lv-LV","@id":"https:\/\/hobstop.ee\/lv\/#\/schema\/logo\/image\/","url":"https:\/\/hobstop.ee\/media\/vunder-logo.png","contentUrl":"https:\/\/hobstop.ee\/media\/vunder-logo.png","width":127,"height":55,"caption":"Vunder AS"},"image":{"@id":"https:\/\/hobstop.ee\/lv\/#\/schema\/logo\/image\/"},"sameAs":["http:\/\/www.facebook.com\/VunderSkizze"]}]}},"_links":{"self":[{"href":"https:\/\/hobstop.ee\/lv\/wp-json\/wp\/v2\/product\/23164","targetHints":{"allow":["GET"]}}],"collection":[{"href":"https:\/\/hobstop.ee\/lv\/wp-json\/wp\/v2\/product"}],"about":[{"href":"https:\/\/hobstop.ee\/lv\/wp-json\/wp\/v2\/types\/product"}],"replies":[{"embeddable":true,"href":"https:\/\/hobstop.ee\/lv\/wp-json\/wp\/v2\/comments?post=23164"}],"wp:featuredmedia":[{"embeddable":true,"href":"https:\/\/hobstop.ee\/lv\/wp-json\/wp\/v2\/media\/102207"}],"wp:attachment":[{"href":"https:\/\/hobstop.ee\/lv\/wp-json\/wp\/v2\/media?parent=23164"}],"wp:term":[{"taxonomy":"product_cat","embeddable":true,"href":"https:\/\/hobstop.ee\/lv\/wp-json\/wp\/v2\/product_cat?post=23164"},{"taxonomy":"product_tag","embeddable":true,"href":"https:\/\/hobstop.ee\/lv\/wp-json\/wp\/v2\/product_tag?post=23164"}],"curies":[{"name":"wp","href":"https:\/\/api.w.org\/{rel}","templated":true}]}}