{"id":232428,"date":"2015-11-02T11:41:18","date_gmt":"2015-11-02T09:41:18","guid":{"rendered":"https:\/\/sharks.ee\/vunder_2019\/lv\/product\/quilling-instruments-rayher\/"},"modified":"2015-11-02T11:41:18","modified_gmt":"2015-11-02T09:41:18","slug":"quilling-instruments-rayher","status":"publish","type":"product","link":"https:\/\/hobstop.ee\/lv\/produkts\/quilling-instruments-rayher\/","title":{"rendered":"Quilling instruments Rayher"},"content":{"rendered":"<p>Kvilings ir gadsimtiem sena tehnika, lai veidotu izsmalcin\u0101tus rot\u0101jumus no pl\u0101n\u0101m pap\u012bra str\u0113mel\u012bt\u0113m. Divpus\u0113js kvilinga rull\u0113\u0161anas r\u012bks ar ieb\u012bd\u0101mu uzgali un adatu, k\u0101 ar\u012b ar nesl\u012bdo\u0161u, m\u012bkstu rokturi. Ieb\u012bd\u0101mais uzgalis ir 2.1cm gar\u0161, kas nodro\u0161ina l\u012bdz 2cm platu pap\u012bra str\u0113me\u013cu rull\u0113\u0161anu.<\/p>\n","protected":false},"excerpt":{"rendered":"<p>Kvilings ir gadsimtiem sena tehnika, lai veidotu izsmalcin\u0101tus rot\u0101jumus no pl\u0101n\u0101m pap\u012bra str\u0113mel\u012bt\u0113m. Divpus\u0113js kvilinga rull\u0113\u0161anas r\u012bks ar ieb\u012bd\u0101mu uzgali un adatu, k\u0101 ar\u012b ar nesl\u012bdo\u0161u, m\u012bkstu rokturi. Ieb\u012bd\u0101mais uzgalis ir 2.1cm gar\u0161, kas nodro\u0161ina l\u012bdz 2cm platu pap\u012bra str\u0113me\u013cu rull\u0113\u0161anu.<\/p>\n","protected":false},"featured_media":233133,"comment_status":"closed","ping_status":"closed","template":"","meta":{"_acf_changed":false,"ep_exclude_from_search":false},"product_cat":[19838,17918,19888],"product_tag":[],"class_list":{"0":"post-232428","1":"product","2":"type-product","3":"status-publish","4":"has-post-thumbnail","6":"product_cat-papirmaksla","7":"product_cat-preces-hobijiem","8":"product_cat-quilling-lv","10":"first","11":"outofstock","12":"taxable","13":"shipping-taxable","14":"purchasable","15":"product-type-simple"},"acf":[],"yoast_head":"<!-- This site is optimized with the Yoast SEO plugin v24.1 - https:\/\/yoast.com\/wordpress\/plugins\/seo\/ -->\n<title>Quilling instruments Rayher &#8211; Skizze<\/title>\n<meta name=\"robots\" content=\"noindex, follow, max-snippet:-1, max-image-preview:large, max-video-preview:-1\" \/>\n<meta property=\"og:locale\" content=\"lv_LV\" \/>\n<meta property=\"og:type\" content=\"article\" \/>\n<meta property=\"og:title\" content=\"Quilling instruments Rayher &#8211; Skizze\" \/>\n<meta property=\"og:description\" content=\"Kvilings ir gadsimtiem sena tehnika, lai veidotu izsmalcin\u0101tus rot\u0101jumus no pl\u0101n\u0101m pap\u012bra str\u0113mel\u012bt\u0113m. Divpus\u0113js kvilinga rull\u0113\u0161anas r\u012bks ar ieb\u012bd\u0101mu uzgali un adatu, k\u0101 ar\u012b ar nesl\u012bdo\u0161u, m\u012bkstu rokturi. Ieb\u012bd\u0101mais uzgalis ir 2.1cm gar\u0161, kas nodro\u0161ina l\u012bdz 2cm platu pap\u012bra str\u0113me\u013cu rull\u0113\u0161anu.\" \/>\n<meta property=\"og:url\" content=\"https:\/\/hobstop.ee\/lv\/produkts\/quilling-instruments-rayher\/\" \/>\n<meta property=\"og:site_name\" content=\"Skizze\" \/>\n<meta property=\"article:publisher\" content=\"http:\/\/www.facebook.com\/VunderSkizze\" \/>\n<meta property=\"og:image\" content=\"https:\/\/hobstop.ee\/media\/3921.jpg\" \/>\n\t<meta property=\"og:image:width\" content=\"1024\" \/>\n\t<meta property=\"og:image:height\" content=\"768\" \/>\n\t<meta property=\"og:image:type\" content=\"image\/jpeg\" \/>\n<meta name=\"twitter:card\" content=\"summary_large_image\" \/>\n<script type=\"application\/ld+json\" class=\"yoast-schema-graph\">{\"@context\":\"https:\/\/schema.org\",\"@graph\":[{\"@type\":\"WebPage\",\"@id\":\"https:\/\/hobstop.ee\/lv\/produkts\/quilling-instruments-rayher\/\",\"url\":\"https:\/\/hobstop.ee\/lv\/produkts\/quilling-instruments-rayher\/\",\"name\":\"Quilling instruments Rayher &#8211; Skizze\",\"isPartOf\":{\"@id\":\"https:\/\/hobstop.ee\/lv\/#website\"},\"primaryImageOfPage\":{\"@id\":\"https:\/\/hobstop.ee\/lv\/produkts\/quilling-instruments-rayher\/#primaryimage\"},\"image\":{\"@id\":\"https:\/\/hobstop.ee\/lv\/produkts\/quilling-instruments-rayher\/#primaryimage\"},\"thumbnailUrl\":\"https:\/\/hobstop.ee\/media\/3921.jpg\",\"datePublished\":\"2015-11-02T09:41:18+00:00\",\"dateModified\":\"2015-11-02T09:41:18+00:00\",\"breadcrumb\":{\"@id\":\"https:\/\/hobstop.ee\/lv\/produkts\/quilling-instruments-rayher\/#breadcrumb\"},\"inLanguage\":\"lv-LV\",\"potentialAction\":[{\"@type\":\"ReadAction\",\"target\":[\"https:\/\/hobstop.ee\/lv\/produkts\/quilling-instruments-rayher\/\"]}]},{\"@type\":\"ImageObject\",\"inLanguage\":\"lv-LV\",\"@id\":\"https:\/\/hobstop.ee\/lv\/produkts\/quilling-instruments-rayher\/#primaryimage\",\"url\":\"https:\/\/hobstop.ee\/media\/3921.jpg\",\"contentUrl\":\"https:\/\/hobstop.ee\/media\/3921.jpg\",\"width\":1024,\"height\":768},{\"@type\":\"BreadcrumbList\",\"@id\":\"https:\/\/hobstop.ee\/lv\/produkts\/quilling-instruments-rayher\/#breadcrumb\",\"itemListElement\":[{\"@type\":\"ListItem\",\"position\":1,\"name\":\"Avaleht\",\"item\":\"https:\/\/www.hobstop.ee\/lv\/\"},{\"@type\":\"ListItem\",\"position\":2,\"name\":\"Veikals\",\"item\":\"https:\/\/www.hobstop.ee\/lv\/veikals\/\"},{\"@type\":\"ListItem\",\"position\":3,\"name\":\"Quilling instruments Rayher\"}]},{\"@type\":\"WebSite\",\"@id\":\"https:\/\/hobstop.ee\/lv\/#website\",\"url\":\"https:\/\/hobstop.ee\/lv\/\",\"name\":\"Skizze\",\"description\":\"M\u0101kslas, hobiju un skolas preces\",\"publisher\":{\"@id\":\"https:\/\/hobstop.ee\/lv\/#organization\"},\"potentialAction\":[{\"@type\":\"SearchAction\",\"target\":{\"@type\":\"EntryPoint\",\"urlTemplate\":\"https:\/\/hobstop.ee\/lv\/?s={search_term_string}\"},\"query-input\":{\"@type\":\"PropertyValueSpecification\",\"valueRequired\":true,\"valueName\":\"search_term_string\"}}],\"inLanguage\":\"lv-LV\"},{\"@type\":\"Organization\",\"@id\":\"https:\/\/hobstop.ee\/lv\/#organization\",\"name\":\"Vunder AS\",\"url\":\"https:\/\/hobstop.ee\/lv\/\",\"logo\":{\"@type\":\"ImageObject\",\"inLanguage\":\"lv-LV\",\"@id\":\"https:\/\/hobstop.ee\/lv\/#\/schema\/logo\/image\/\",\"url\":\"https:\/\/hobstop.ee\/media\/vunder-logo.png\",\"contentUrl\":\"https:\/\/hobstop.ee\/media\/vunder-logo.png\",\"width\":127,\"height\":55,\"caption\":\"Vunder AS\"},\"image\":{\"@id\":\"https:\/\/hobstop.ee\/lv\/#\/schema\/logo\/image\/\"},\"sameAs\":[\"http:\/\/www.facebook.com\/VunderSkizze\"]}]}<\/script>\n<!-- \/ Yoast SEO plugin. -->","yoast_head_json":{"title":"Quilling instruments Rayher &#8211; Skizze","robots":{"index":"noindex","follow":"follow","max-snippet":"max-snippet:-1","max-image-preview":"max-image-preview:large","max-video-preview":"max-video-preview:-1"},"og_locale":"lv_LV","og_type":"article","og_title":"Quilling instruments Rayher &#8211; Skizze","og_description":"Kvilings ir gadsimtiem sena tehnika, lai veidotu izsmalcin\u0101tus rot\u0101jumus no pl\u0101n\u0101m pap\u012bra str\u0113mel\u012bt\u0113m. Divpus\u0113js kvilinga rull\u0113\u0161anas r\u012bks ar ieb\u012bd\u0101mu uzgali un adatu, k\u0101 ar\u012b ar nesl\u012bdo\u0161u, m\u012bkstu rokturi. Ieb\u012bd\u0101mais uzgalis ir 2.1cm gar\u0161, kas nodro\u0161ina l\u012bdz 2cm platu pap\u012bra str\u0113me\u013cu rull\u0113\u0161anu.","og_url":"https:\/\/hobstop.ee\/lv\/produkts\/quilling-instruments-rayher\/","og_site_name":"Skizze","article_publisher":"http:\/\/www.facebook.com\/VunderSkizze","og_image":[{"width":1024,"height":768,"url":"https:\/\/hobstop.ee\/media\/3921.jpg","type":"image\/jpeg"}],"twitter_card":"summary_large_image","schema":{"@context":"https:\/\/schema.org","@graph":[{"@type":"WebPage","@id":"https:\/\/hobstop.ee\/lv\/produkts\/quilling-instruments-rayher\/","url":"https:\/\/hobstop.ee\/lv\/produkts\/quilling-instruments-rayher\/","name":"Quilling instruments Rayher &#8211; Skizze","isPartOf":{"@id":"https:\/\/hobstop.ee\/lv\/#website"},"primaryImageOfPage":{"@id":"https:\/\/hobstop.ee\/lv\/produkts\/quilling-instruments-rayher\/#primaryimage"},"image":{"@id":"https:\/\/hobstop.ee\/lv\/produkts\/quilling-instruments-rayher\/#primaryimage"},"thumbnailUrl":"https:\/\/hobstop.ee\/media\/3921.jpg","datePublished":"2015-11-02T09:41:18+00:00","dateModified":"2015-11-02T09:41:18+00:00","breadcrumb":{"@id":"https:\/\/hobstop.ee\/lv\/produkts\/quilling-instruments-rayher\/#breadcrumb"},"inLanguage":"lv-LV","potentialAction":[{"@type":"ReadAction","target":["https:\/\/hobstop.ee\/lv\/produkts\/quilling-instruments-rayher\/"]}]},{"@type":"ImageObject","inLanguage":"lv-LV","@id":"https:\/\/hobstop.ee\/lv\/produkts\/quilling-instruments-rayher\/#primaryimage","url":"https:\/\/hobstop.ee\/media\/3921.jpg","contentUrl":"https:\/\/hobstop.ee\/media\/3921.jpg","width":1024,"height":768},{"@type":"BreadcrumbList","@id":"https:\/\/hobstop.ee\/lv\/produkts\/quilling-instruments-rayher\/#breadcrumb","itemListElement":[{"@type":"ListItem","position":1,"name":"Avaleht","item":"https:\/\/www.hobstop.ee\/lv\/"},{"@type":"ListItem","position":2,"name":"Veikals","item":"https:\/\/www.hobstop.ee\/lv\/veikals\/"},{"@type":"ListItem","position":3,"name":"Quilling instruments Rayher"}]},{"@type":"WebSite","@id":"https:\/\/hobstop.ee\/lv\/#website","url":"https:\/\/hobstop.ee\/lv\/","name":"Skizze","description":"M\u0101kslas, hobiju un skolas preces","publisher":{"@id":"https:\/\/hobstop.ee\/lv\/#organization"},"potentialAction":[{"@type":"SearchAction","target":{"@type":"EntryPoint","urlTemplate":"https:\/\/hobstop.ee\/lv\/?s={search_term_string}"},"query-input":{"@type":"PropertyValueSpecification","valueRequired":true,"valueName":"search_term_string"}}],"inLanguage":"lv-LV"},{"@type":"Organization","@id":"https:\/\/hobstop.ee\/lv\/#organization","name":"Vunder AS","url":"https:\/\/hobstop.ee\/lv\/","logo":{"@type":"ImageObject","inLanguage":"lv-LV","@id":"https:\/\/hobstop.ee\/lv\/#\/schema\/logo\/image\/","url":"https:\/\/hobstop.ee\/media\/vunder-logo.png","contentUrl":"https:\/\/hobstop.ee\/media\/vunder-logo.png","width":127,"height":55,"caption":"Vunder AS"},"image":{"@id":"https:\/\/hobstop.ee\/lv\/#\/schema\/logo\/image\/"},"sameAs":["http:\/\/www.facebook.com\/VunderSkizze"]}]}},"_links":{"self":[{"href":"https:\/\/hobstop.ee\/lv\/wp-json\/wp\/v2\/product\/232428","targetHints":{"allow":["GET"]}}],"collection":[{"href":"https:\/\/hobstop.ee\/lv\/wp-json\/wp\/v2\/product"}],"about":[{"href":"https:\/\/hobstop.ee\/lv\/wp-json\/wp\/v2\/types\/product"}],"replies":[{"embeddable":true,"href":"https:\/\/hobstop.ee\/lv\/wp-json\/wp\/v2\/comments?post=232428"}],"wp:featuredmedia":[{"embeddable":true,"href":"https:\/\/hobstop.ee\/lv\/wp-json\/wp\/v2\/media\/233133"}],"wp:attachment":[{"href":"https:\/\/hobstop.ee\/lv\/wp-json\/wp\/v2\/media?parent=232428"}],"wp:term":[{"taxonomy":"product_cat","embeddable":true,"href":"https:\/\/hobstop.ee\/lv\/wp-json\/wp\/v2\/product_cat?post=232428"},{"taxonomy":"product_tag","embeddable":true,"href":"https:\/\/hobstop.ee\/lv\/wp-json\/wp\/v2\/product_tag?post=232428"}],"curies":[{"name":"wp","href":"https:\/\/api.w.org\/{rel}","templated":true}]}}