{"id":232440,"date":"2015-11-02T11:41:24","date_gmt":"2015-11-02T09:41:24","guid":{"rendered":"https:\/\/sharks.ee\/vunder_2019\/lv\/product\/gliteru-skaidinas-tulip-fashion-5x14g\/"},"modified":"2015-11-02T11:41:24","modified_gmt":"2015-11-02T09:41:24","slug":"gliteru-skaidinas-tulip-fashion-5x14g","status":"publish","type":"product","link":"https:\/\/hobstop.ee\/lv\/produkts\/gliteru-skaidinas-tulip-fashion-5x14g\/","title":{"rendered":"Gliteru skaidi\u0146as Tulip Fashion 5x14g"},"content":{"rendered":"<p>Gliteru skaidi\u0146as Tulip Fashion neticami atvieglo ap\u0123\u0113rba un auduma aksesu\u0101ru izrot\u0101\u0161anu ar sp\u012bdumiem. Izgrezno savus T-kreklus, sportiskas jakas ar kapuci, ietilp\u012bg\u0101s somas, spilvenus un citas lietas! Profesion\u0101\u013cu atz\u012bt\u0101s gliteru skaidi\u0146as Tulip Fashion Glitter izgatavotas no 100% t\u012briem sp\u012bgu\u013ciem, kas ir notur\u012bgi ar\u012b p\u0113c mazg\u0101\u0161anas. Rezult\u0101ts mazg\u0101jams ve\u013cas ma\u0161\u012bn\u0101 un ir ilgnotur\u012bgs, ja izmantota l\u012bme gliteriem Tulip.<\/p>\n","protected":false},"excerpt":{"rendered":"<p>Gliteru skaidi\u0146as Tulip Fashion neticami atvieglo ap\u0123\u0113rba un auduma aksesu\u0101ru izrot\u0101\u0161anu ar sp\u012bdumiem. Izgrezno savus T-kreklus, sportiskas jakas ar kapuci, ietilp\u012bg\u0101s somas, spilvenus un citas lietas! Profesion\u0101\u013cu atz\u012bt\u0101s gliteru skaidi\u0146as Tulip Fashion Glitter izgatavotas no 100% t\u012briem sp\u012bgu\u013ciem, kas ir notur\u012bgi ar\u012b p\u0113c mazg\u0101\u0161anas. Rezult\u0101ts mazg\u0101jams ve\u013cas ma\u0161\u012bn\u0101 un ir ilgnotur\u012bgs, ja izmantota l\u012bme gliteriem Tulip.<\/p>\n","protected":false},"featured_media":0,"comment_status":"closed","ping_status":"closed","template":"","meta":{"_acf_changed":false,"ep_exclude_from_search":false},"product_cat":[17968,17918,18976],"product_tag":[],"class_list":{"0":"post-232440","1":"product","2":"type-product","3":"status-publish","5":"product_cat-citi-piederumi","6":"product_cat-preces-hobijiem","7":"product_cat-spidumi-2","9":"first","10":"instock","11":"taxable","12":"shipping-taxable","13":"purchasable","14":"product-type-simple"},"acf":[],"yoast_head":"<!-- This site is optimized with the Yoast SEO plugin v24.1 - https:\/\/yoast.com\/wordpress\/plugins\/seo\/ -->\n<title>Gliteru skaidi\u0146as Tulip Fashion 5x14g &#8211; Skizze<\/title>\n<meta name=\"robots\" content=\"noindex, follow, max-snippet:-1, max-image-preview:large, max-video-preview:-1\" \/>\n<meta property=\"og:locale\" content=\"lv_LV\" \/>\n<meta property=\"og:type\" content=\"article\" \/>\n<meta property=\"og:title\" content=\"Gliteru skaidi\u0146as Tulip Fashion 5x14g &#8211; Skizze\" \/>\n<meta property=\"og:description\" content=\"Gliteru skaidi\u0146as Tulip Fashion neticami atvieglo ap\u0123\u0113rba un auduma aksesu\u0101ru izrot\u0101\u0161anu ar sp\u012bdumiem. Izgrezno savus T-kreklus, sportiskas jakas ar kapuci, ietilp\u012bg\u0101s somas, spilvenus un citas lietas! Profesion\u0101\u013cu atz\u012bt\u0101s gliteru skaidi\u0146as Tulip Fashion Glitter izgatavotas no 100% t\u012briem sp\u012bgu\u013ciem, kas ir notur\u012bgi ar\u012b p\u0113c mazg\u0101\u0161anas. Rezult\u0101ts mazg\u0101jams ve\u013cas ma\u0161\u012bn\u0101 un ir ilgnotur\u012bgs, ja izmantota l\u012bme gliteriem Tulip.\" \/>\n<meta property=\"og:url\" content=\"https:\/\/hobstop.ee\/lv\/produkts\/gliteru-skaidinas-tulip-fashion-5x14g\/\" \/>\n<meta property=\"og:site_name\" content=\"Skizze\" \/>\n<meta property=\"article:publisher\" content=\"http:\/\/www.facebook.com\/VunderSkizze\" \/>\n<meta name=\"twitter:card\" content=\"summary_large_image\" \/>\n<script type=\"application\/ld+json\" class=\"yoast-schema-graph\">{\"@context\":\"https:\/\/schema.org\",\"@graph\":[{\"@type\":\"WebPage\",\"@id\":\"https:\/\/hobstop.ee\/lv\/produkts\/gliteru-skaidinas-tulip-fashion-5x14g\/\",\"url\":\"https:\/\/hobstop.ee\/lv\/produkts\/gliteru-skaidinas-tulip-fashion-5x14g\/\",\"name\":\"Gliteru skaidi\u0146as Tulip Fashion 5x14g &#8211; Skizze\",\"isPartOf\":{\"@id\":\"https:\/\/hobstop.ee\/lv\/#website\"},\"datePublished\":\"2015-11-02T09:41:24+00:00\",\"dateModified\":\"2015-11-02T09:41:24+00:00\",\"breadcrumb\":{\"@id\":\"https:\/\/hobstop.ee\/lv\/produkts\/gliteru-skaidinas-tulip-fashion-5x14g\/#breadcrumb\"},\"inLanguage\":\"lv-LV\",\"potentialAction\":[{\"@type\":\"ReadAction\",\"target\":[\"https:\/\/hobstop.ee\/lv\/produkts\/gliteru-skaidinas-tulip-fashion-5x14g\/\"]}]},{\"@type\":\"BreadcrumbList\",\"@id\":\"https:\/\/hobstop.ee\/lv\/produkts\/gliteru-skaidinas-tulip-fashion-5x14g\/#breadcrumb\",\"itemListElement\":[{\"@type\":\"ListItem\",\"position\":1,\"name\":\"Avaleht\",\"item\":\"https:\/\/hobstop.ee\/lv\/\"},{\"@type\":\"ListItem\",\"position\":2,\"name\":\"Veikals\",\"item\":\"https:\/\/hobstop.ee\/lv\/veikals\/\"},{\"@type\":\"ListItem\",\"position\":3,\"name\":\"Gliteru skaidi\u0146as Tulip Fashion 5x14g\"}]},{\"@type\":\"WebSite\",\"@id\":\"https:\/\/hobstop.ee\/lv\/#website\",\"url\":\"https:\/\/hobstop.ee\/lv\/\",\"name\":\"Skizze\",\"description\":\"M\u0101kslas, hobiju un skolas preces\",\"publisher\":{\"@id\":\"https:\/\/hobstop.ee\/lv\/#organization\"},\"potentialAction\":[{\"@type\":\"SearchAction\",\"target\":{\"@type\":\"EntryPoint\",\"urlTemplate\":\"https:\/\/hobstop.ee\/lv\/?s={search_term_string}\"},\"query-input\":{\"@type\":\"PropertyValueSpecification\",\"valueRequired\":true,\"valueName\":\"search_term_string\"}}],\"inLanguage\":\"lv-LV\"},{\"@type\":\"Organization\",\"@id\":\"https:\/\/hobstop.ee\/lv\/#organization\",\"name\":\"Vunder AS\",\"url\":\"https:\/\/hobstop.ee\/lv\/\",\"logo\":{\"@type\":\"ImageObject\",\"inLanguage\":\"lv-LV\",\"@id\":\"https:\/\/hobstop.ee\/lv\/#\/schema\/logo\/image\/\",\"url\":\"https:\/\/hobstop.ee\/media\/vunder-logo.png\",\"contentUrl\":\"https:\/\/hobstop.ee\/media\/vunder-logo.png\",\"width\":127,\"height\":55,\"caption\":\"Vunder AS\"},\"image\":{\"@id\":\"https:\/\/hobstop.ee\/lv\/#\/schema\/logo\/image\/\"},\"sameAs\":[\"http:\/\/www.facebook.com\/VunderSkizze\"]}]}<\/script>\n<!-- \/ Yoast SEO plugin. -->","yoast_head_json":{"title":"Gliteru skaidi\u0146as Tulip Fashion 5x14g &#8211; Skizze","robots":{"index":"noindex","follow":"follow","max-snippet":"max-snippet:-1","max-image-preview":"max-image-preview:large","max-video-preview":"max-video-preview:-1"},"og_locale":"lv_LV","og_type":"article","og_title":"Gliteru skaidi\u0146as Tulip Fashion 5x14g &#8211; Skizze","og_description":"Gliteru skaidi\u0146as Tulip Fashion neticami atvieglo ap\u0123\u0113rba un auduma aksesu\u0101ru izrot\u0101\u0161anu ar sp\u012bdumiem. Izgrezno savus T-kreklus, sportiskas jakas ar kapuci, ietilp\u012bg\u0101s somas, spilvenus un citas lietas! Profesion\u0101\u013cu atz\u012bt\u0101s gliteru skaidi\u0146as Tulip Fashion Glitter izgatavotas no 100% t\u012briem sp\u012bgu\u013ciem, kas ir notur\u012bgi ar\u012b p\u0113c mazg\u0101\u0161anas. Rezult\u0101ts mazg\u0101jams ve\u013cas ma\u0161\u012bn\u0101 un ir ilgnotur\u012bgs, ja izmantota l\u012bme gliteriem Tulip.","og_url":"https:\/\/hobstop.ee\/lv\/produkts\/gliteru-skaidinas-tulip-fashion-5x14g\/","og_site_name":"Skizze","article_publisher":"http:\/\/www.facebook.com\/VunderSkizze","twitter_card":"summary_large_image","schema":{"@context":"https:\/\/schema.org","@graph":[{"@type":"WebPage","@id":"https:\/\/hobstop.ee\/lv\/produkts\/gliteru-skaidinas-tulip-fashion-5x14g\/","url":"https:\/\/hobstop.ee\/lv\/produkts\/gliteru-skaidinas-tulip-fashion-5x14g\/","name":"Gliteru skaidi\u0146as Tulip Fashion 5x14g &#8211; Skizze","isPartOf":{"@id":"https:\/\/hobstop.ee\/lv\/#website"},"datePublished":"2015-11-02T09:41:24+00:00","dateModified":"2015-11-02T09:41:24+00:00","breadcrumb":{"@id":"https:\/\/hobstop.ee\/lv\/produkts\/gliteru-skaidinas-tulip-fashion-5x14g\/#breadcrumb"},"inLanguage":"lv-LV","potentialAction":[{"@type":"ReadAction","target":["https:\/\/hobstop.ee\/lv\/produkts\/gliteru-skaidinas-tulip-fashion-5x14g\/"]}]},{"@type":"BreadcrumbList","@id":"https:\/\/hobstop.ee\/lv\/produkts\/gliteru-skaidinas-tulip-fashion-5x14g\/#breadcrumb","itemListElement":[{"@type":"ListItem","position":1,"name":"Avaleht","item":"https:\/\/hobstop.ee\/lv\/"},{"@type":"ListItem","position":2,"name":"Veikals","item":"https:\/\/hobstop.ee\/lv\/veikals\/"},{"@type":"ListItem","position":3,"name":"Gliteru skaidi\u0146as Tulip Fashion 5x14g"}]},{"@type":"WebSite","@id":"https:\/\/hobstop.ee\/lv\/#website","url":"https:\/\/hobstop.ee\/lv\/","name":"Skizze","description":"M\u0101kslas, hobiju un skolas preces","publisher":{"@id":"https:\/\/hobstop.ee\/lv\/#organization"},"potentialAction":[{"@type":"SearchAction","target":{"@type":"EntryPoint","urlTemplate":"https:\/\/hobstop.ee\/lv\/?s={search_term_string}"},"query-input":{"@type":"PropertyValueSpecification","valueRequired":true,"valueName":"search_term_string"}}],"inLanguage":"lv-LV"},{"@type":"Organization","@id":"https:\/\/hobstop.ee\/lv\/#organization","name":"Vunder AS","url":"https:\/\/hobstop.ee\/lv\/","logo":{"@type":"ImageObject","inLanguage":"lv-LV","@id":"https:\/\/hobstop.ee\/lv\/#\/schema\/logo\/image\/","url":"https:\/\/hobstop.ee\/media\/vunder-logo.png","contentUrl":"https:\/\/hobstop.ee\/media\/vunder-logo.png","width":127,"height":55,"caption":"Vunder AS"},"image":{"@id":"https:\/\/hobstop.ee\/lv\/#\/schema\/logo\/image\/"},"sameAs":["http:\/\/www.facebook.com\/VunderSkizze"]}]}},"_links":{"self":[{"href":"https:\/\/hobstop.ee\/lv\/wp-json\/wp\/v2\/product\/232440","targetHints":{"allow":["GET"]}}],"collection":[{"href":"https:\/\/hobstop.ee\/lv\/wp-json\/wp\/v2\/product"}],"about":[{"href":"https:\/\/hobstop.ee\/lv\/wp-json\/wp\/v2\/types\/product"}],"replies":[{"embeddable":true,"href":"https:\/\/hobstop.ee\/lv\/wp-json\/wp\/v2\/comments?post=232440"}],"wp:attachment":[{"href":"https:\/\/hobstop.ee\/lv\/wp-json\/wp\/v2\/media?parent=232440"}],"wp:term":[{"taxonomy":"product_cat","embeddable":true,"href":"https:\/\/hobstop.ee\/lv\/wp-json\/wp\/v2\/product_cat?post=232440"},{"taxonomy":"product_tag","embeddable":true,"href":"https:\/\/hobstop.ee\/lv\/wp-json\/wp\/v2\/product_tag?post=232440"}],"curies":[{"name":"wp","href":"https:\/\/api.w.org\/{rel}","templated":true}]}}