{"id":232444,"date":"2015-11-02T11:41:26","date_gmt":"2015-11-02T09:41:26","guid":{"rendered":"https:\/\/sharks.ee\/vunder_2019\/lv\/product\/markieris-manuscript-callicreative\/"},"modified":"2015-11-02T11:41:26","modified_gmt":"2015-11-02T09:41:26","slug":"markieris-manuscript-callicreative","status":"publish","type":"product","link":"https:\/\/hobstop.ee\/lv\/produkts\/markieris-manuscript-callicreative\/","title":{"rendered":"Mar\u0137ieris Manuscript Callicreative"},"content":{"rendered":"<p>Manuscript Callicreative met\u0101liskais mar\u0137iers pie\u0161\u0137ir izsmalcin\u0101t\u012bbu un mirdzumu ikvienam pap\u012bra rokdarbam. Unik\u0101lais dizains nodro\u0161ina, ka mazg\u0101jam\u0101 tinte pl\u016bst nevainojami vienm\u0113r\u012bgi cauri ilgnotur\u012bgas kvalit\u0101tes sl\u012bpam \u0161\u0137iedras serdenim bez vajadz\u012bbas spiest rakst\u0101mr\u012bku. Ergonomiski \u0113rts pielieto\u0161an\u0101.<\/p>\n","protected":false},"excerpt":{"rendered":"<p>Manuscript Callicreative met\u0101liskais mar\u0137iers pie\u0161\u0137ir izsmalcin\u0101t\u012bbu un mirdzumu ikvienam pap\u012bra rokdarbam. Unik\u0101lais dizains nodro\u0161ina, ka mazg\u0101jam\u0101 tinte pl\u016bst nevainojami vienm\u0113r\u012bgi cauri ilgnotur\u012bgas kvalit\u0101tes sl\u012bpam \u0161\u0137iedras serdenim bez vajadz\u012bbas spiest rakst\u0101mr\u012bku. Ergonomiski \u0113rts pielieto\u0161an\u0101.<\/p>\n","protected":false},"featured_media":233149,"comment_status":"closed","ping_status":"closed","template":"","meta":{"_acf_changed":false,"ep_exclude_from_search":false},"product_cat":[19673,18519],"product_tag":[],"class_list":{"0":"post-232444","1":"product","2":"type-product","3":"status-publish","4":"has-post-thumbnail","6":"product_cat-permanentie-markieri","7":"product_cat-rakstampiederumi-2","9":"first","10":"instock","11":"taxable","12":"shipping-taxable","13":"purchasable","14":"product-type-simple"},"acf":[],"yoast_head":"<!-- This site is optimized with the Yoast SEO plugin v24.1 - https:\/\/yoast.com\/wordpress\/plugins\/seo\/ -->\n<title>Mar\u0137ieris Manuscript Callicreative &#8211; Skizze<\/title>\n<meta name=\"robots\" content=\"noindex, follow, max-snippet:-1, max-image-preview:large, max-video-preview:-1\" \/>\n<meta property=\"og:locale\" content=\"lv_LV\" \/>\n<meta property=\"og:type\" content=\"article\" \/>\n<meta property=\"og:title\" content=\"Mar\u0137ieris Manuscript Callicreative &#8211; Skizze\" \/>\n<meta property=\"og:description\" content=\"Manuscript Callicreative met\u0101liskais mar\u0137iers pie\u0161\u0137ir izsmalcin\u0101t\u012bbu un mirdzumu ikvienam pap\u012bra rokdarbam. Unik\u0101lais dizains nodro\u0161ina, ka mazg\u0101jam\u0101 tinte pl\u016bst nevainojami vienm\u0113r\u012bgi cauri ilgnotur\u012bgas kvalit\u0101tes sl\u012bpam \u0161\u0137iedras serdenim bez vajadz\u012bbas spiest rakst\u0101mr\u012bku. Ergonomiski \u0113rts pielieto\u0161an\u0101.\" \/>\n<meta property=\"og:url\" content=\"https:\/\/hobstop.ee\/lv\/produkts\/markieris-manuscript-callicreative\/\" \/>\n<meta property=\"og:site_name\" content=\"Skizze\" \/>\n<meta property=\"article:publisher\" content=\"http:\/\/www.facebook.com\/VunderSkizze\" \/>\n<meta property=\"og:image\" content=\"https:\/\/hobstop.ee\/media\/4013.jpg\" \/>\n\t<meta property=\"og:image:width\" content=\"1024\" \/>\n\t<meta property=\"og:image:height\" content=\"768\" \/>\n\t<meta property=\"og:image:type\" content=\"image\/jpeg\" \/>\n<meta name=\"twitter:card\" content=\"summary_large_image\" \/>\n<script type=\"application\/ld+json\" class=\"yoast-schema-graph\">{\"@context\":\"https:\/\/schema.org\",\"@graph\":[{\"@type\":\"WebPage\",\"@id\":\"https:\/\/hobstop.ee\/lv\/produkts\/markieris-manuscript-callicreative\/\",\"url\":\"https:\/\/hobstop.ee\/lv\/produkts\/markieris-manuscript-callicreative\/\",\"name\":\"Mar\u0137ieris Manuscript Callicreative &#8211; Skizze\",\"isPartOf\":{\"@id\":\"https:\/\/hobstop.ee\/lv\/#website\"},\"primaryImageOfPage\":{\"@id\":\"https:\/\/hobstop.ee\/lv\/produkts\/markieris-manuscript-callicreative\/#primaryimage\"},\"image\":{\"@id\":\"https:\/\/hobstop.ee\/lv\/produkts\/markieris-manuscript-callicreative\/#primaryimage\"},\"thumbnailUrl\":\"https:\/\/hobstop.ee\/media\/4013.jpg\",\"datePublished\":\"2015-11-02T09:41:26+00:00\",\"dateModified\":\"2015-11-02T09:41:26+00:00\",\"breadcrumb\":{\"@id\":\"https:\/\/hobstop.ee\/lv\/produkts\/markieris-manuscript-callicreative\/#breadcrumb\"},\"inLanguage\":\"lv-LV\",\"potentialAction\":[{\"@type\":\"ReadAction\",\"target\":[\"https:\/\/hobstop.ee\/lv\/produkts\/markieris-manuscript-callicreative\/\"]}]},{\"@type\":\"ImageObject\",\"inLanguage\":\"lv-LV\",\"@id\":\"https:\/\/hobstop.ee\/lv\/produkts\/markieris-manuscript-callicreative\/#primaryimage\",\"url\":\"https:\/\/hobstop.ee\/media\/4013.jpg\",\"contentUrl\":\"https:\/\/hobstop.ee\/media\/4013.jpg\",\"width\":1024,\"height\":768},{\"@type\":\"BreadcrumbList\",\"@id\":\"https:\/\/hobstop.ee\/lv\/produkts\/markieris-manuscript-callicreative\/#breadcrumb\",\"itemListElement\":[{\"@type\":\"ListItem\",\"position\":1,\"name\":\"Avaleht\",\"item\":\"https:\/\/hobstop.ee\/lv\/\"},{\"@type\":\"ListItem\",\"position\":2,\"name\":\"Veikals\",\"item\":\"https:\/\/hobstop.ee\/lv\/veikals\/\"},{\"@type\":\"ListItem\",\"position\":3,\"name\":\"Mar\u0137ieris Manuscript Callicreative\"}]},{\"@type\":\"WebSite\",\"@id\":\"https:\/\/hobstop.ee\/lv\/#website\",\"url\":\"https:\/\/hobstop.ee\/lv\/\",\"name\":\"Skizze\",\"description\":\"M\u0101kslas, hobiju un skolas preces\",\"publisher\":{\"@id\":\"https:\/\/hobstop.ee\/lv\/#organization\"},\"potentialAction\":[{\"@type\":\"SearchAction\",\"target\":{\"@type\":\"EntryPoint\",\"urlTemplate\":\"https:\/\/hobstop.ee\/lv\/?s={search_term_string}\"},\"query-input\":{\"@type\":\"PropertyValueSpecification\",\"valueRequired\":true,\"valueName\":\"search_term_string\"}}],\"inLanguage\":\"lv-LV\"},{\"@type\":\"Organization\",\"@id\":\"https:\/\/hobstop.ee\/lv\/#organization\",\"name\":\"Vunder AS\",\"url\":\"https:\/\/hobstop.ee\/lv\/\",\"logo\":{\"@type\":\"ImageObject\",\"inLanguage\":\"lv-LV\",\"@id\":\"https:\/\/hobstop.ee\/lv\/#\/schema\/logo\/image\/\",\"url\":\"https:\/\/hobstop.ee\/media\/vunder-logo.png\",\"contentUrl\":\"https:\/\/hobstop.ee\/media\/vunder-logo.png\",\"width\":127,\"height\":55,\"caption\":\"Vunder AS\"},\"image\":{\"@id\":\"https:\/\/hobstop.ee\/lv\/#\/schema\/logo\/image\/\"},\"sameAs\":[\"http:\/\/www.facebook.com\/VunderSkizze\"]}]}<\/script>\n<!-- \/ Yoast SEO plugin. -->","yoast_head_json":{"title":"Mar\u0137ieris Manuscript Callicreative &#8211; Skizze","robots":{"index":"noindex","follow":"follow","max-snippet":"max-snippet:-1","max-image-preview":"max-image-preview:large","max-video-preview":"max-video-preview:-1"},"og_locale":"lv_LV","og_type":"article","og_title":"Mar\u0137ieris Manuscript Callicreative &#8211; Skizze","og_description":"Manuscript Callicreative met\u0101liskais mar\u0137iers pie\u0161\u0137ir izsmalcin\u0101t\u012bbu un mirdzumu ikvienam pap\u012bra rokdarbam. Unik\u0101lais dizains nodro\u0161ina, ka mazg\u0101jam\u0101 tinte pl\u016bst nevainojami vienm\u0113r\u012bgi cauri ilgnotur\u012bgas kvalit\u0101tes sl\u012bpam \u0161\u0137iedras serdenim bez vajadz\u012bbas spiest rakst\u0101mr\u012bku. Ergonomiski \u0113rts pielieto\u0161an\u0101.","og_url":"https:\/\/hobstop.ee\/lv\/produkts\/markieris-manuscript-callicreative\/","og_site_name":"Skizze","article_publisher":"http:\/\/www.facebook.com\/VunderSkizze","og_image":[{"width":1024,"height":768,"url":"https:\/\/hobstop.ee\/media\/4013.jpg","type":"image\/jpeg"}],"twitter_card":"summary_large_image","schema":{"@context":"https:\/\/schema.org","@graph":[{"@type":"WebPage","@id":"https:\/\/hobstop.ee\/lv\/produkts\/markieris-manuscript-callicreative\/","url":"https:\/\/hobstop.ee\/lv\/produkts\/markieris-manuscript-callicreative\/","name":"Mar\u0137ieris Manuscript Callicreative &#8211; Skizze","isPartOf":{"@id":"https:\/\/hobstop.ee\/lv\/#website"},"primaryImageOfPage":{"@id":"https:\/\/hobstop.ee\/lv\/produkts\/markieris-manuscript-callicreative\/#primaryimage"},"image":{"@id":"https:\/\/hobstop.ee\/lv\/produkts\/markieris-manuscript-callicreative\/#primaryimage"},"thumbnailUrl":"https:\/\/hobstop.ee\/media\/4013.jpg","datePublished":"2015-11-02T09:41:26+00:00","dateModified":"2015-11-02T09:41:26+00:00","breadcrumb":{"@id":"https:\/\/hobstop.ee\/lv\/produkts\/markieris-manuscript-callicreative\/#breadcrumb"},"inLanguage":"lv-LV","potentialAction":[{"@type":"ReadAction","target":["https:\/\/hobstop.ee\/lv\/produkts\/markieris-manuscript-callicreative\/"]}]},{"@type":"ImageObject","inLanguage":"lv-LV","@id":"https:\/\/hobstop.ee\/lv\/produkts\/markieris-manuscript-callicreative\/#primaryimage","url":"https:\/\/hobstop.ee\/media\/4013.jpg","contentUrl":"https:\/\/hobstop.ee\/media\/4013.jpg","width":1024,"height":768},{"@type":"BreadcrumbList","@id":"https:\/\/hobstop.ee\/lv\/produkts\/markieris-manuscript-callicreative\/#breadcrumb","itemListElement":[{"@type":"ListItem","position":1,"name":"Avaleht","item":"https:\/\/hobstop.ee\/lv\/"},{"@type":"ListItem","position":2,"name":"Veikals","item":"https:\/\/hobstop.ee\/lv\/veikals\/"},{"@type":"ListItem","position":3,"name":"Mar\u0137ieris Manuscript Callicreative"}]},{"@type":"WebSite","@id":"https:\/\/hobstop.ee\/lv\/#website","url":"https:\/\/hobstop.ee\/lv\/","name":"Skizze","description":"M\u0101kslas, hobiju un skolas preces","publisher":{"@id":"https:\/\/hobstop.ee\/lv\/#organization"},"potentialAction":[{"@type":"SearchAction","target":{"@type":"EntryPoint","urlTemplate":"https:\/\/hobstop.ee\/lv\/?s={search_term_string}"},"query-input":{"@type":"PropertyValueSpecification","valueRequired":true,"valueName":"search_term_string"}}],"inLanguage":"lv-LV"},{"@type":"Organization","@id":"https:\/\/hobstop.ee\/lv\/#organization","name":"Vunder AS","url":"https:\/\/hobstop.ee\/lv\/","logo":{"@type":"ImageObject","inLanguage":"lv-LV","@id":"https:\/\/hobstop.ee\/lv\/#\/schema\/logo\/image\/","url":"https:\/\/hobstop.ee\/media\/vunder-logo.png","contentUrl":"https:\/\/hobstop.ee\/media\/vunder-logo.png","width":127,"height":55,"caption":"Vunder AS"},"image":{"@id":"https:\/\/hobstop.ee\/lv\/#\/schema\/logo\/image\/"},"sameAs":["http:\/\/www.facebook.com\/VunderSkizze"]}]}},"_links":{"self":[{"href":"https:\/\/hobstop.ee\/lv\/wp-json\/wp\/v2\/product\/232444","targetHints":{"allow":["GET"]}}],"collection":[{"href":"https:\/\/hobstop.ee\/lv\/wp-json\/wp\/v2\/product"}],"about":[{"href":"https:\/\/hobstop.ee\/lv\/wp-json\/wp\/v2\/types\/product"}],"replies":[{"embeddable":true,"href":"https:\/\/hobstop.ee\/lv\/wp-json\/wp\/v2\/comments?post=232444"}],"wp:featuredmedia":[{"embeddable":true,"href":"https:\/\/hobstop.ee\/lv\/wp-json\/wp\/v2\/media\/233149"}],"wp:attachment":[{"href":"https:\/\/hobstop.ee\/lv\/wp-json\/wp\/v2\/media?parent=232444"}],"wp:term":[{"taxonomy":"product_cat","embeddable":true,"href":"https:\/\/hobstop.ee\/lv\/wp-json\/wp\/v2\/product_cat?post=232444"},{"taxonomy":"product_tag","embeddable":true,"href":"https:\/\/hobstop.ee\/lv\/wp-json\/wp\/v2\/product_tag?post=232444"}],"curies":[{"name":"wp","href":"https:\/\/api.w.org\/{rel}","templated":true}]}}