{"id":232448,"date":"2015-11-02T11:41:28","date_gmt":"2015-11-02T09:41:28","guid":{"rendered":"https:\/\/sharks.ee\/vunder_2019\/lv\/product\/universala-lime-aleenes-repositionable-tacky-spray\/"},"modified":"2015-11-02T11:41:28","modified_gmt":"2015-11-02T09:41:28","slug":"universala-lime-aleenes-repositionable-tacky-spray","status":"publish","type":"product","link":"https:\/\/hobstop.ee\/lv\/produkts\/universala-lime-aleenes-repositionable-tacky-spray\/","title":{"rendered":"Univers\u0101l\u0101 l\u012bme Aleene&#8217;s Repositionable Tacky Spray"},"content":{"rendered":"<p>Ja notur\u012bg\u0101 l\u012bme nav tas, ko v\u0113lies izmantot, Aleene\u2019s Repositionable Tacky Spray ir \u012bst\u0101 izv\u0113le. T\u0101 unik\u0101lais sast\u0101vs iz\u017e\u016bstot paliek caursp\u012bd\u012bgs, lip\u012bgs un (kas ir vislab\u0101kais!) p\u0101rvietojams, t\u0101d\u0113\u013c vari p\u0101veidot savu darbu no jauna, kad vien v\u0113lies! Izmantojams veidojot vieglus darbus k\u0101, piem\u0113ram, plak\u0101tus, sienu dekorus un citus.<\/p>\n","protected":false},"excerpt":{"rendered":"<p>Ja notur\u012bg\u0101 l\u012bme nav tas, ko v\u0113lies izmantot, Aleene\u2019s Repositionable Tacky Spray ir \u012bst\u0101 izv\u0113le. T\u0101 unik\u0101lais sast\u0101vs iz\u017e\u016bstot paliek caursp\u012bd\u012bgs, lip\u012bgs un (kas ir vislab\u0101kais!) p\u0101rvietojams, t\u0101d\u0113\u013c vari p\u0101veidot savu darbu no jauna, kad vien v\u0113lies! Izmantojams veidojot vieglus darbus k\u0101, piem\u0113ram, plak\u0101tus, sienu dekorus un citus.<\/p>\n","protected":false},"featured_media":233153,"comment_status":"closed","ping_status":"closed","template":"","meta":{"_acf_changed":false,"ep_exclude_from_search":false},"product_cat":[17918,19846,19849],"product_tag":[],"class_list":{"0":"post-232448","1":"product","2":"type-product","3":"status-publish","4":"has-post-thumbnail","6":"product_cat-preces-hobijiem","7":"product_cat-rokdarbu-limes","8":"product_cat-universalas-limes","10":"first","11":"instock","12":"taxable","13":"shipping-taxable","14":"product-type-simple"},"acf":[],"yoast_head":"<!-- This site is optimized with the Yoast SEO plugin v24.1 - https:\/\/yoast.com\/wordpress\/plugins\/seo\/ -->\n<title>Univers\u0101l\u0101 l\u012bme Aleene&#039;s Repositionable Tacky Spray &#8211; Skizze<\/title>\n<meta name=\"robots\" content=\"noindex, follow, max-snippet:-1, max-image-preview:large, max-video-preview:-1\" \/>\n<meta property=\"og:locale\" content=\"lv_LV\" \/>\n<meta property=\"og:type\" content=\"article\" \/>\n<meta property=\"og:title\" content=\"Univers\u0101l\u0101 l\u012bme Aleene&#039;s Repositionable Tacky Spray &#8211; Skizze\" \/>\n<meta property=\"og:description\" content=\"Ja notur\u012bg\u0101 l\u012bme nav tas, ko v\u0113lies izmantot, Aleene\u2019s Repositionable Tacky Spray ir \u012bst\u0101 izv\u0113le. T\u0101 unik\u0101lais sast\u0101vs iz\u017e\u016bstot paliek caursp\u012bd\u012bgs, lip\u012bgs un (kas ir vislab\u0101kais!) p\u0101rvietojams, t\u0101d\u0113\u013c vari p\u0101veidot savu darbu no jauna, kad vien v\u0113lies! Izmantojams veidojot vieglus darbus k\u0101, piem\u0113ram, plak\u0101tus, sienu dekorus un citus.\" \/>\n<meta property=\"og:url\" content=\"https:\/\/hobstop.ee\/lv\/produkts\/universala-lime-aleenes-repositionable-tacky-spray\/\" \/>\n<meta property=\"og:site_name\" content=\"Skizze\" \/>\n<meta property=\"article:publisher\" content=\"http:\/\/www.facebook.com\/VunderSkizze\" \/>\n<meta property=\"og:image\" content=\"https:\/\/hobstop.ee\/media\/4014.jpg\" \/>\n\t<meta property=\"og:image:width\" content=\"1024\" \/>\n\t<meta property=\"og:image:height\" content=\"768\" \/>\n\t<meta property=\"og:image:type\" content=\"image\/jpeg\" \/>\n<meta name=\"twitter:card\" content=\"summary_large_image\" \/>\n<script type=\"application\/ld+json\" class=\"yoast-schema-graph\">{\"@context\":\"https:\/\/schema.org\",\"@graph\":[{\"@type\":\"WebPage\",\"@id\":\"https:\/\/hobstop.ee\/lv\/produkts\/universala-lime-aleenes-repositionable-tacky-spray\/\",\"url\":\"https:\/\/hobstop.ee\/lv\/produkts\/universala-lime-aleenes-repositionable-tacky-spray\/\",\"name\":\"Univers\u0101l\u0101 l\u012bme Aleene's Repositionable Tacky Spray &#8211; Skizze\",\"isPartOf\":{\"@id\":\"https:\/\/hobstop.ee\/lv\/#website\"},\"primaryImageOfPage\":{\"@id\":\"https:\/\/hobstop.ee\/lv\/produkts\/universala-lime-aleenes-repositionable-tacky-spray\/#primaryimage\"},\"image\":{\"@id\":\"https:\/\/hobstop.ee\/lv\/produkts\/universala-lime-aleenes-repositionable-tacky-spray\/#primaryimage\"},\"thumbnailUrl\":\"https:\/\/hobstop.ee\/media\/4014.jpg\",\"datePublished\":\"2015-11-02T09:41:28+00:00\",\"dateModified\":\"2015-11-02T09:41:28+00:00\",\"breadcrumb\":{\"@id\":\"https:\/\/hobstop.ee\/lv\/produkts\/universala-lime-aleenes-repositionable-tacky-spray\/#breadcrumb\"},\"inLanguage\":\"lv-LV\",\"potentialAction\":[{\"@type\":\"ReadAction\",\"target\":[\"https:\/\/hobstop.ee\/lv\/produkts\/universala-lime-aleenes-repositionable-tacky-spray\/\"]}]},{\"@type\":\"ImageObject\",\"inLanguage\":\"lv-LV\",\"@id\":\"https:\/\/hobstop.ee\/lv\/produkts\/universala-lime-aleenes-repositionable-tacky-spray\/#primaryimage\",\"url\":\"https:\/\/hobstop.ee\/media\/4014.jpg\",\"contentUrl\":\"https:\/\/hobstop.ee\/media\/4014.jpg\",\"width\":1024,\"height\":768},{\"@type\":\"BreadcrumbList\",\"@id\":\"https:\/\/hobstop.ee\/lv\/produkts\/universala-lime-aleenes-repositionable-tacky-spray\/#breadcrumb\",\"itemListElement\":[{\"@type\":\"ListItem\",\"position\":1,\"name\":\"Avaleht\",\"item\":\"https:\/\/www.hobstop.ee\/lv\/\"},{\"@type\":\"ListItem\",\"position\":2,\"name\":\"Veikals\",\"item\":\"https:\/\/www.hobstop.ee\/lv\/veikals\/\"},{\"@type\":\"ListItem\",\"position\":3,\"name\":\"Univers\u0101l\u0101 l\u012bme Aleene&#8217;s Repositionable Tacky Spray\"}]},{\"@type\":\"WebSite\",\"@id\":\"https:\/\/hobstop.ee\/lv\/#website\",\"url\":\"https:\/\/hobstop.ee\/lv\/\",\"name\":\"Skizze\",\"description\":\"M\u0101kslas, hobiju un skolas preces\",\"publisher\":{\"@id\":\"https:\/\/hobstop.ee\/lv\/#organization\"},\"potentialAction\":[{\"@type\":\"SearchAction\",\"target\":{\"@type\":\"EntryPoint\",\"urlTemplate\":\"https:\/\/hobstop.ee\/lv\/?s={search_term_string}\"},\"query-input\":{\"@type\":\"PropertyValueSpecification\",\"valueRequired\":true,\"valueName\":\"search_term_string\"}}],\"inLanguage\":\"lv-LV\"},{\"@type\":\"Organization\",\"@id\":\"https:\/\/hobstop.ee\/lv\/#organization\",\"name\":\"Vunder AS\",\"url\":\"https:\/\/hobstop.ee\/lv\/\",\"logo\":{\"@type\":\"ImageObject\",\"inLanguage\":\"lv-LV\",\"@id\":\"https:\/\/hobstop.ee\/lv\/#\/schema\/logo\/image\/\",\"url\":\"https:\/\/hobstop.ee\/media\/vunder-logo.png\",\"contentUrl\":\"https:\/\/hobstop.ee\/media\/vunder-logo.png\",\"width\":127,\"height\":55,\"caption\":\"Vunder AS\"},\"image\":{\"@id\":\"https:\/\/hobstop.ee\/lv\/#\/schema\/logo\/image\/\"},\"sameAs\":[\"http:\/\/www.facebook.com\/VunderSkizze\"]}]}<\/script>\n<!-- \/ Yoast SEO plugin. -->","yoast_head_json":{"title":"Univers\u0101l\u0101 l\u012bme Aleene's Repositionable Tacky Spray &#8211; Skizze","robots":{"index":"noindex","follow":"follow","max-snippet":"max-snippet:-1","max-image-preview":"max-image-preview:large","max-video-preview":"max-video-preview:-1"},"og_locale":"lv_LV","og_type":"article","og_title":"Univers\u0101l\u0101 l\u012bme Aleene's Repositionable Tacky Spray &#8211; Skizze","og_description":"Ja notur\u012bg\u0101 l\u012bme nav tas, ko v\u0113lies izmantot, Aleene\u2019s Repositionable Tacky Spray ir \u012bst\u0101 izv\u0113le. T\u0101 unik\u0101lais sast\u0101vs iz\u017e\u016bstot paliek caursp\u012bd\u012bgs, lip\u012bgs un (kas ir vislab\u0101kais!) p\u0101rvietojams, t\u0101d\u0113\u013c vari p\u0101veidot savu darbu no jauna, kad vien v\u0113lies! Izmantojams veidojot vieglus darbus k\u0101, piem\u0113ram, plak\u0101tus, sienu dekorus un citus.","og_url":"https:\/\/hobstop.ee\/lv\/produkts\/universala-lime-aleenes-repositionable-tacky-spray\/","og_site_name":"Skizze","article_publisher":"http:\/\/www.facebook.com\/VunderSkizze","og_image":[{"width":1024,"height":768,"url":"https:\/\/hobstop.ee\/media\/4014.jpg","type":"image\/jpeg"}],"twitter_card":"summary_large_image","schema":{"@context":"https:\/\/schema.org","@graph":[{"@type":"WebPage","@id":"https:\/\/hobstop.ee\/lv\/produkts\/universala-lime-aleenes-repositionable-tacky-spray\/","url":"https:\/\/hobstop.ee\/lv\/produkts\/universala-lime-aleenes-repositionable-tacky-spray\/","name":"Univers\u0101l\u0101 l\u012bme Aleene's Repositionable Tacky Spray &#8211; Skizze","isPartOf":{"@id":"https:\/\/hobstop.ee\/lv\/#website"},"primaryImageOfPage":{"@id":"https:\/\/hobstop.ee\/lv\/produkts\/universala-lime-aleenes-repositionable-tacky-spray\/#primaryimage"},"image":{"@id":"https:\/\/hobstop.ee\/lv\/produkts\/universala-lime-aleenes-repositionable-tacky-spray\/#primaryimage"},"thumbnailUrl":"https:\/\/hobstop.ee\/media\/4014.jpg","datePublished":"2015-11-02T09:41:28+00:00","dateModified":"2015-11-02T09:41:28+00:00","breadcrumb":{"@id":"https:\/\/hobstop.ee\/lv\/produkts\/universala-lime-aleenes-repositionable-tacky-spray\/#breadcrumb"},"inLanguage":"lv-LV","potentialAction":[{"@type":"ReadAction","target":["https:\/\/hobstop.ee\/lv\/produkts\/universala-lime-aleenes-repositionable-tacky-spray\/"]}]},{"@type":"ImageObject","inLanguage":"lv-LV","@id":"https:\/\/hobstop.ee\/lv\/produkts\/universala-lime-aleenes-repositionable-tacky-spray\/#primaryimage","url":"https:\/\/hobstop.ee\/media\/4014.jpg","contentUrl":"https:\/\/hobstop.ee\/media\/4014.jpg","width":1024,"height":768},{"@type":"BreadcrumbList","@id":"https:\/\/hobstop.ee\/lv\/produkts\/universala-lime-aleenes-repositionable-tacky-spray\/#breadcrumb","itemListElement":[{"@type":"ListItem","position":1,"name":"Avaleht","item":"https:\/\/www.hobstop.ee\/lv\/"},{"@type":"ListItem","position":2,"name":"Veikals","item":"https:\/\/www.hobstop.ee\/lv\/veikals\/"},{"@type":"ListItem","position":3,"name":"Univers\u0101l\u0101 l\u012bme Aleene&#8217;s Repositionable Tacky Spray"}]},{"@type":"WebSite","@id":"https:\/\/hobstop.ee\/lv\/#website","url":"https:\/\/hobstop.ee\/lv\/","name":"Skizze","description":"M\u0101kslas, hobiju un skolas preces","publisher":{"@id":"https:\/\/hobstop.ee\/lv\/#organization"},"potentialAction":[{"@type":"SearchAction","target":{"@type":"EntryPoint","urlTemplate":"https:\/\/hobstop.ee\/lv\/?s={search_term_string}"},"query-input":{"@type":"PropertyValueSpecification","valueRequired":true,"valueName":"search_term_string"}}],"inLanguage":"lv-LV"},{"@type":"Organization","@id":"https:\/\/hobstop.ee\/lv\/#organization","name":"Vunder AS","url":"https:\/\/hobstop.ee\/lv\/","logo":{"@type":"ImageObject","inLanguage":"lv-LV","@id":"https:\/\/hobstop.ee\/lv\/#\/schema\/logo\/image\/","url":"https:\/\/hobstop.ee\/media\/vunder-logo.png","contentUrl":"https:\/\/hobstop.ee\/media\/vunder-logo.png","width":127,"height":55,"caption":"Vunder AS"},"image":{"@id":"https:\/\/hobstop.ee\/lv\/#\/schema\/logo\/image\/"},"sameAs":["http:\/\/www.facebook.com\/VunderSkizze"]}]}},"_links":{"self":[{"href":"https:\/\/hobstop.ee\/lv\/wp-json\/wp\/v2\/product\/232448","targetHints":{"allow":["GET"]}}],"collection":[{"href":"https:\/\/hobstop.ee\/lv\/wp-json\/wp\/v2\/product"}],"about":[{"href":"https:\/\/hobstop.ee\/lv\/wp-json\/wp\/v2\/types\/product"}],"replies":[{"embeddable":true,"href":"https:\/\/hobstop.ee\/lv\/wp-json\/wp\/v2\/comments?post=232448"}],"wp:featuredmedia":[{"embeddable":true,"href":"https:\/\/hobstop.ee\/lv\/wp-json\/wp\/v2\/media\/233153"}],"wp:attachment":[{"href":"https:\/\/hobstop.ee\/lv\/wp-json\/wp\/v2\/media?parent=232448"}],"wp:term":[{"taxonomy":"product_cat","embeddable":true,"href":"https:\/\/hobstop.ee\/lv\/wp-json\/wp\/v2\/product_cat?post=232448"},{"taxonomy":"product_tag","embeddable":true,"href":"https:\/\/hobstop.ee\/lv\/wp-json\/wp\/v2\/product_tag?post=232448"}],"curies":[{"name":"wp","href":"https:\/\/api.w.org\/{rel}","templated":true}]}}