{"id":232460,"date":"2015-11-02T11:41:34","date_gmt":"2015-11-02T09:41:34","guid":{"rendered":"https:\/\/sharks.ee\/vunder_2019\/lv\/product\/universala-lime-aleenes-turbo-tacky-pen\/"},"modified":"2015-11-02T11:41:34","modified_gmt":"2015-11-02T09:41:34","slug":"universala-lime-aleenes-turbo-tacky-pen","status":"publish","type":"product","link":"https:\/\/hobstop.ee\/lv\/produkts\/universala-lime-aleenes-turbo-tacky-pen\/","title":{"rendered":"Univers\u0101l\u0101 l\u012bme Aleene&#8217;s Turbo Tacky Pen"},"content":{"rendered":"<p>Aleene&#8217;s Turbo Tacky Glue ir uzticams pal\u012bgs, \u0101tri un stipri sal\u012bm\u0113jot nepiecie\u0161am\u0101s virsmas. L\u012bdz\u012bgas kvalit\u0101tes k\u0101 Original Tacky Glue, Turbo Tacky Glue no\u017e\u016bst l\u012bdz 50% \u012bs\u0101k\u0101 laik\u0101, vienlaikus saturot vair\u0101k sve\u0137u notur\u012bg\u0101kai sa\u0137erei, kas no\u017e\u016bstot paliek caursp\u012bd\u012bga un elast\u012bga. Sast\u0101vs nav toksisks, nenopil, bez izteiktas smar\u017eas un ir izmantojams ar liel\u0101ko da\u013cu rokdarbu virsmu. L\u012bmes z\u012bmulim ir plastmasas kor\u0137\u012btis dro\u0161ai uzglab\u0101\u0161anai.<\/p>\n","protected":false},"excerpt":{"rendered":"<p>Aleene&#8217;s Turbo Tacky Glue ir uzticams pal\u012bgs, \u0101tri un stipri sal\u012bm\u0113jot nepiecie\u0161am\u0101s virsmas. L\u012bdz\u012bgas kvalit\u0101tes k\u0101 Original Tacky Glue, Turbo Tacky Glue no\u017e\u016bst l\u012bdz 50% \u012bs\u0101k\u0101 laik\u0101, vienlaikus saturot vair\u0101k sve\u0137u notur\u012bg\u0101kai sa\u0137erei, kas no\u017e\u016bstot paliek caursp\u012bd\u012bga un elast\u012bga. Sast\u0101vs nav toksisks, nenopil, bez izteiktas smar\u017eas un ir izmantojams ar liel\u0101ko da\u013cu rokdarbu virsmu. L\u012bmes z\u012bmulim ir plastmasas kor\u0137\u012btis dro\u0161ai uzglab\u0101\u0161anai.<\/p>\n","protected":false},"featured_media":233165,"comment_status":"closed","ping_status":"closed","template":"","meta":{"_acf_changed":false,"ep_exclude_from_search":false},"product_cat":[17918,19846,19849],"product_tag":[],"class_list":{"0":"post-232460","1":"product","2":"type-product","3":"status-publish","4":"has-post-thumbnail","6":"product_cat-preces-hobijiem","7":"product_cat-rokdarbu-limes","8":"product_cat-universalas-limes","10":"first","11":"instock","12":"taxable","13":"shipping-taxable","14":"product-type-simple"},"acf":[],"yoast_head":"<!-- This site is optimized with the Yoast SEO plugin v24.1 - https:\/\/yoast.com\/wordpress\/plugins\/seo\/ -->\n<title>Univers\u0101l\u0101 l\u012bme Aleene&#039;s Turbo Tacky Pen &#8211; Skizze<\/title>\n<meta name=\"robots\" content=\"noindex, follow, max-snippet:-1, max-image-preview:large, max-video-preview:-1\" \/>\n<meta property=\"og:locale\" content=\"lv_LV\" \/>\n<meta property=\"og:type\" content=\"article\" \/>\n<meta property=\"og:title\" content=\"Univers\u0101l\u0101 l\u012bme Aleene&#039;s Turbo Tacky Pen &#8211; Skizze\" \/>\n<meta property=\"og:description\" content=\"Aleene&#8217;s Turbo Tacky Glue ir uzticams pal\u012bgs, \u0101tri un stipri sal\u012bm\u0113jot nepiecie\u0161am\u0101s virsmas. L\u012bdz\u012bgas kvalit\u0101tes k\u0101 Original Tacky Glue, Turbo Tacky Glue no\u017e\u016bst l\u012bdz 50% \u012bs\u0101k\u0101 laik\u0101, vienlaikus saturot vair\u0101k sve\u0137u notur\u012bg\u0101kai sa\u0137erei, kas no\u017e\u016bstot paliek caursp\u012bd\u012bga un elast\u012bga. Sast\u0101vs nav toksisks, nenopil, bez izteiktas smar\u017eas un ir izmantojams ar liel\u0101ko da\u013cu rokdarbu virsmu. L\u012bmes z\u012bmulim ir plastmasas kor\u0137\u012btis dro\u0161ai uzglab\u0101\u0161anai.\" \/>\n<meta property=\"og:url\" content=\"https:\/\/hobstop.ee\/lv\/produkts\/universala-lime-aleenes-turbo-tacky-pen\/\" \/>\n<meta property=\"og:site_name\" content=\"Skizze\" \/>\n<meta property=\"article:publisher\" content=\"http:\/\/www.facebook.com\/VunderSkizze\" \/>\n<meta property=\"og:image\" content=\"https:\/\/hobstop.ee\/media\/4017.jpg\" \/>\n\t<meta property=\"og:image:width\" content=\"1024\" \/>\n\t<meta property=\"og:image:height\" content=\"768\" \/>\n\t<meta property=\"og:image:type\" content=\"image\/jpeg\" \/>\n<meta name=\"twitter:card\" content=\"summary_large_image\" \/>\n<script type=\"application\/ld+json\" class=\"yoast-schema-graph\">{\"@context\":\"https:\/\/schema.org\",\"@graph\":[{\"@type\":\"WebPage\",\"@id\":\"https:\/\/hobstop.ee\/lv\/produkts\/universala-lime-aleenes-turbo-tacky-pen\/\",\"url\":\"https:\/\/hobstop.ee\/lv\/produkts\/universala-lime-aleenes-turbo-tacky-pen\/\",\"name\":\"Univers\u0101l\u0101 l\u012bme Aleene's Turbo Tacky Pen &#8211; Skizze\",\"isPartOf\":{\"@id\":\"https:\/\/hobstop.ee\/lv\/#website\"},\"primaryImageOfPage\":{\"@id\":\"https:\/\/hobstop.ee\/lv\/produkts\/universala-lime-aleenes-turbo-tacky-pen\/#primaryimage\"},\"image\":{\"@id\":\"https:\/\/hobstop.ee\/lv\/produkts\/universala-lime-aleenes-turbo-tacky-pen\/#primaryimage\"},\"thumbnailUrl\":\"https:\/\/hobstop.ee\/media\/4017.jpg\",\"datePublished\":\"2015-11-02T09:41:34+00:00\",\"dateModified\":\"2015-11-02T09:41:34+00:00\",\"breadcrumb\":{\"@id\":\"https:\/\/hobstop.ee\/lv\/produkts\/universala-lime-aleenes-turbo-tacky-pen\/#breadcrumb\"},\"inLanguage\":\"lv-LV\",\"potentialAction\":[{\"@type\":\"ReadAction\",\"target\":[\"https:\/\/hobstop.ee\/lv\/produkts\/universala-lime-aleenes-turbo-tacky-pen\/\"]}]},{\"@type\":\"ImageObject\",\"inLanguage\":\"lv-LV\",\"@id\":\"https:\/\/hobstop.ee\/lv\/produkts\/universala-lime-aleenes-turbo-tacky-pen\/#primaryimage\",\"url\":\"https:\/\/hobstop.ee\/media\/4017.jpg\",\"contentUrl\":\"https:\/\/hobstop.ee\/media\/4017.jpg\",\"width\":1024,\"height\":768},{\"@type\":\"BreadcrumbList\",\"@id\":\"https:\/\/hobstop.ee\/lv\/produkts\/universala-lime-aleenes-turbo-tacky-pen\/#breadcrumb\",\"itemListElement\":[{\"@type\":\"ListItem\",\"position\":1,\"name\":\"Avaleht\",\"item\":\"https:\/\/www.hobstop.ee\/lv\/\"},{\"@type\":\"ListItem\",\"position\":2,\"name\":\"Veikals\",\"item\":\"https:\/\/www.hobstop.ee\/lv\/veikals\/\"},{\"@type\":\"ListItem\",\"position\":3,\"name\":\"Univers\u0101l\u0101 l\u012bme Aleene&#8217;s Turbo Tacky Pen\"}]},{\"@type\":\"WebSite\",\"@id\":\"https:\/\/hobstop.ee\/lv\/#website\",\"url\":\"https:\/\/hobstop.ee\/lv\/\",\"name\":\"Skizze\",\"description\":\"M\u0101kslas, hobiju un skolas preces\",\"publisher\":{\"@id\":\"https:\/\/hobstop.ee\/lv\/#organization\"},\"potentialAction\":[{\"@type\":\"SearchAction\",\"target\":{\"@type\":\"EntryPoint\",\"urlTemplate\":\"https:\/\/hobstop.ee\/lv\/?s={search_term_string}\"},\"query-input\":{\"@type\":\"PropertyValueSpecification\",\"valueRequired\":true,\"valueName\":\"search_term_string\"}}],\"inLanguage\":\"lv-LV\"},{\"@type\":\"Organization\",\"@id\":\"https:\/\/hobstop.ee\/lv\/#organization\",\"name\":\"Vunder AS\",\"url\":\"https:\/\/hobstop.ee\/lv\/\",\"logo\":{\"@type\":\"ImageObject\",\"inLanguage\":\"lv-LV\",\"@id\":\"https:\/\/hobstop.ee\/lv\/#\/schema\/logo\/image\/\",\"url\":\"https:\/\/hobstop.ee\/media\/vunder-logo.png\",\"contentUrl\":\"https:\/\/hobstop.ee\/media\/vunder-logo.png\",\"width\":127,\"height\":55,\"caption\":\"Vunder AS\"},\"image\":{\"@id\":\"https:\/\/hobstop.ee\/lv\/#\/schema\/logo\/image\/\"},\"sameAs\":[\"http:\/\/www.facebook.com\/VunderSkizze\"]}]}<\/script>\n<!-- \/ Yoast SEO plugin. -->","yoast_head_json":{"title":"Univers\u0101l\u0101 l\u012bme Aleene's Turbo Tacky Pen &#8211; Skizze","robots":{"index":"noindex","follow":"follow","max-snippet":"max-snippet:-1","max-image-preview":"max-image-preview:large","max-video-preview":"max-video-preview:-1"},"og_locale":"lv_LV","og_type":"article","og_title":"Univers\u0101l\u0101 l\u012bme Aleene's Turbo Tacky Pen &#8211; Skizze","og_description":"Aleene&#8217;s Turbo Tacky Glue ir uzticams pal\u012bgs, \u0101tri un stipri sal\u012bm\u0113jot nepiecie\u0161am\u0101s virsmas. L\u012bdz\u012bgas kvalit\u0101tes k\u0101 Original Tacky Glue, Turbo Tacky Glue no\u017e\u016bst l\u012bdz 50% \u012bs\u0101k\u0101 laik\u0101, vienlaikus saturot vair\u0101k sve\u0137u notur\u012bg\u0101kai sa\u0137erei, kas no\u017e\u016bstot paliek caursp\u012bd\u012bga un elast\u012bga. Sast\u0101vs nav toksisks, nenopil, bez izteiktas smar\u017eas un ir izmantojams ar liel\u0101ko da\u013cu rokdarbu virsmu. L\u012bmes z\u012bmulim ir plastmasas kor\u0137\u012btis dro\u0161ai uzglab\u0101\u0161anai.","og_url":"https:\/\/hobstop.ee\/lv\/produkts\/universala-lime-aleenes-turbo-tacky-pen\/","og_site_name":"Skizze","article_publisher":"http:\/\/www.facebook.com\/VunderSkizze","og_image":[{"width":1024,"height":768,"url":"https:\/\/hobstop.ee\/media\/4017.jpg","type":"image\/jpeg"}],"twitter_card":"summary_large_image","schema":{"@context":"https:\/\/schema.org","@graph":[{"@type":"WebPage","@id":"https:\/\/hobstop.ee\/lv\/produkts\/universala-lime-aleenes-turbo-tacky-pen\/","url":"https:\/\/hobstop.ee\/lv\/produkts\/universala-lime-aleenes-turbo-tacky-pen\/","name":"Univers\u0101l\u0101 l\u012bme Aleene's Turbo Tacky Pen &#8211; Skizze","isPartOf":{"@id":"https:\/\/hobstop.ee\/lv\/#website"},"primaryImageOfPage":{"@id":"https:\/\/hobstop.ee\/lv\/produkts\/universala-lime-aleenes-turbo-tacky-pen\/#primaryimage"},"image":{"@id":"https:\/\/hobstop.ee\/lv\/produkts\/universala-lime-aleenes-turbo-tacky-pen\/#primaryimage"},"thumbnailUrl":"https:\/\/hobstop.ee\/media\/4017.jpg","datePublished":"2015-11-02T09:41:34+00:00","dateModified":"2015-11-02T09:41:34+00:00","breadcrumb":{"@id":"https:\/\/hobstop.ee\/lv\/produkts\/universala-lime-aleenes-turbo-tacky-pen\/#breadcrumb"},"inLanguage":"lv-LV","potentialAction":[{"@type":"ReadAction","target":["https:\/\/hobstop.ee\/lv\/produkts\/universala-lime-aleenes-turbo-tacky-pen\/"]}]},{"@type":"ImageObject","inLanguage":"lv-LV","@id":"https:\/\/hobstop.ee\/lv\/produkts\/universala-lime-aleenes-turbo-tacky-pen\/#primaryimage","url":"https:\/\/hobstop.ee\/media\/4017.jpg","contentUrl":"https:\/\/hobstop.ee\/media\/4017.jpg","width":1024,"height":768},{"@type":"BreadcrumbList","@id":"https:\/\/hobstop.ee\/lv\/produkts\/universala-lime-aleenes-turbo-tacky-pen\/#breadcrumb","itemListElement":[{"@type":"ListItem","position":1,"name":"Avaleht","item":"https:\/\/www.hobstop.ee\/lv\/"},{"@type":"ListItem","position":2,"name":"Veikals","item":"https:\/\/www.hobstop.ee\/lv\/veikals\/"},{"@type":"ListItem","position":3,"name":"Univers\u0101l\u0101 l\u012bme Aleene&#8217;s Turbo Tacky Pen"}]},{"@type":"WebSite","@id":"https:\/\/hobstop.ee\/lv\/#website","url":"https:\/\/hobstop.ee\/lv\/","name":"Skizze","description":"M\u0101kslas, hobiju un skolas preces","publisher":{"@id":"https:\/\/hobstop.ee\/lv\/#organization"},"potentialAction":[{"@type":"SearchAction","target":{"@type":"EntryPoint","urlTemplate":"https:\/\/hobstop.ee\/lv\/?s={search_term_string}"},"query-input":{"@type":"PropertyValueSpecification","valueRequired":true,"valueName":"search_term_string"}}],"inLanguage":"lv-LV"},{"@type":"Organization","@id":"https:\/\/hobstop.ee\/lv\/#organization","name":"Vunder AS","url":"https:\/\/hobstop.ee\/lv\/","logo":{"@type":"ImageObject","inLanguage":"lv-LV","@id":"https:\/\/hobstop.ee\/lv\/#\/schema\/logo\/image\/","url":"https:\/\/hobstop.ee\/media\/vunder-logo.png","contentUrl":"https:\/\/hobstop.ee\/media\/vunder-logo.png","width":127,"height":55,"caption":"Vunder AS"},"image":{"@id":"https:\/\/hobstop.ee\/lv\/#\/schema\/logo\/image\/"},"sameAs":["http:\/\/www.facebook.com\/VunderSkizze"]}]}},"_links":{"self":[{"href":"https:\/\/hobstop.ee\/lv\/wp-json\/wp\/v2\/product\/232460","targetHints":{"allow":["GET"]}}],"collection":[{"href":"https:\/\/hobstop.ee\/lv\/wp-json\/wp\/v2\/product"}],"about":[{"href":"https:\/\/hobstop.ee\/lv\/wp-json\/wp\/v2\/types\/product"}],"replies":[{"embeddable":true,"href":"https:\/\/hobstop.ee\/lv\/wp-json\/wp\/v2\/comments?post=232460"}],"wp:featuredmedia":[{"embeddable":true,"href":"https:\/\/hobstop.ee\/lv\/wp-json\/wp\/v2\/media\/233165"}],"wp:attachment":[{"href":"https:\/\/hobstop.ee\/lv\/wp-json\/wp\/v2\/media?parent=232460"}],"wp:term":[{"taxonomy":"product_cat","embeddable":true,"href":"https:\/\/hobstop.ee\/lv\/wp-json\/wp\/v2\/product_cat?post=232460"},{"taxonomy":"product_tag","embeddable":true,"href":"https:\/\/hobstop.ee\/lv\/wp-json\/wp\/v2\/product_tag?post=232460"}],"curies":[{"name":"wp","href":"https:\/\/api.w.org\/{rel}","templated":true}]}}