{"id":232476,"date":"2015-11-02T11:41:42","date_gmt":"2015-11-02T09:41:42","guid":{"rendered":"https:\/\/sharks.ee\/vunder_2019\/lv\/product\/auduma-lime-aleenes-fusion-permanent-fabric-glue-pen\/"},"modified":"2015-11-02T11:41:42","modified_gmt":"2015-11-02T09:41:42","slug":"auduma-lime-aleenes-fusion-permanent-fabric-glue-pen","status":"publish","type":"product","link":"https:\/\/hobstop.ee\/lv\/produkts\/auduma-lime-aleenes-fusion-permanent-fabric-glue-pen\/","title":{"rendered":"Auduma l\u012bme Aleene&#8217;s Fusion Permanent Fabric Glue Pen"},"content":{"rendered":"<p>Aleene&#8217;s Fabric Fusion Permanent Fabric Adhesive pied\u0101v\u0101 lielisku alternat\u012bvu diegam un adatai jebkur\u0101 auduma rokdarb\u0101. Izmantojams kost\u012bmu, ap\u0123\u0113rbu, auduma dekoru un citu projektu \u012bsteno\u0161an\u0101. \u0160\u012b caursp\u012bd\u012bg\u0101, uz \u016bdens b\u0101zes veidot\u0101 l\u012bme nav toksiska, \u0161\u0137iedraina, ir vair\u0101kk\u0101rt mazg\u0101jama ve\u013cas ma\u0161\u012bn\u0101, notur\u012bgi sal\u012bm\u0113jot audumu un citus rot\u0101jumus. L\u012bdz\u0101s t\u0101s izteikti stipraj\u0101m sal\u012bm\u0113\u0161anas sp\u0113j\u0101m, Fabric Fusion nodro\u0161ina elast\u012bgu rezult\u0101tu ar\u012b p\u0113c izmazg\u0101\u0161anas. Ne mi\u0146as no str\u012bviem, ne\u0113rtiem audumiem! L\u012bmes z\u012bmu\u013ca smalkais uzgalis ir lieliski piem\u0113rots nelielu darbu veik\u0161anai un virsmu apstr\u0101dei, kur nepiecie\u0161ama prec\u012bza l\u012bmes uzkl\u0101\u0161ana. Fabric Fusion piel\u012bm\u0113 audumu uz liel\u0101k\u0101s da\u013cas virsmu un rot\u0101jumu (gandr\u012bz jebkur\u0161 audums, da\u017e\u0101di pu\u0161\u0137i, stikla un akrila m\u0101ksl\u012bgie briljanti, plastmasas vizu\u013ci, p\u0113rl\u012btes, k\u0101 ar\u012b viegli un smagn\u0113ji apmales rot\u0101jumi).<\/p>\n","protected":false},"excerpt":{"rendered":"<p>Aleene&#8217;s Fabric Fusion Permanent Fabric Adhesive pied\u0101v\u0101 lielisku alternat\u012bvu diegam un adatai jebkur\u0101 auduma rokdarb\u0101. Izmantojams kost\u012bmu, ap\u0123\u0113rbu, auduma dekoru un citu projektu \u012bsteno\u0161an\u0101. \u0160\u012b caursp\u012bd\u012bg\u0101, uz \u016bdens b\u0101zes veidot\u0101 l\u012bme nav toksiska, \u0161\u0137iedraina, ir vair\u0101kk\u0101rt mazg\u0101jama ve\u013cas ma\u0161\u012bn\u0101, notur\u012bgi sal\u012bm\u0113jot audumu un citus rot\u0101jumus. L\u012bdz\u0101s t\u0101s izteikti stipraj\u0101m sal\u012bm\u0113\u0161anas sp\u0113j\u0101m, Fabric Fusion nodro\u0161ina elast\u012bgu rezult\u0101tu ar\u012b p\u0113c izmazg\u0101\u0161anas. Ne mi\u0146as no str\u012bviem, ne\u0113rtiem audumiem! L\u012bmes z\u012bmu\u013ca smalkais uzgalis ir lieliski piem\u0113rots nelielu darbu veik\u0161anai un virsmu apstr\u0101dei, kur nepiecie\u0161ama prec\u012bza l\u012bmes uzkl\u0101\u0161ana. Fabric Fusion piel\u012bm\u0113 audumu uz liel\u0101k\u0101s da\u013cas virsmu un rot\u0101jumu (gandr\u012bz jebkur\u0161 audums, da\u017e\u0101di pu\u0161\u0137i, stikla un akrila m\u0101ksl\u012bgie briljanti, plastmasas vizu\u013ci, p\u0113rl\u012btes, k\u0101 ar\u012b viegli un smagn\u0113ji apmales rot\u0101jumi).<\/p>\n","protected":false},"featured_media":233181,"comment_status":"closed","ping_status":"closed","template":"","meta":{"_acf_changed":false,"ep_exclude_from_search":false},"product_cat":[17918,19846,19852],"product_tag":[],"class_list":{"0":"post-232476","1":"product","2":"type-product","3":"status-publish","4":"has-post-thumbnail","6":"product_cat-preces-hobijiem","7":"product_cat-rokdarbu-limes","8":"product_cat-tekstila-limes","10":"first","11":"instock","12":"taxable","13":"shipping-taxable","14":"purchasable","15":"product-type-simple"},"acf":[],"yoast_head":"<!-- This site is optimized with the Yoast SEO plugin v24.1 - https:\/\/yoast.com\/wordpress\/plugins\/seo\/ -->\n<title>Auduma l\u012bme Aleene&#039;s Fusion Permanent Fabric Glue Pen &#8211; Skizze<\/title>\n<meta name=\"robots\" content=\"noindex, follow, max-snippet:-1, max-image-preview:large, max-video-preview:-1\" \/>\n<meta property=\"og:locale\" content=\"lv_LV\" \/>\n<meta property=\"og:type\" content=\"article\" \/>\n<meta property=\"og:title\" content=\"Auduma l\u012bme Aleene&#039;s Fusion Permanent Fabric Glue Pen &#8211; Skizze\" \/>\n<meta property=\"og:description\" content=\"Aleene&#8217;s Fabric Fusion Permanent Fabric Adhesive pied\u0101v\u0101 lielisku alternat\u012bvu diegam un adatai jebkur\u0101 auduma rokdarb\u0101. Izmantojams kost\u012bmu, ap\u0123\u0113rbu, auduma dekoru un citu projektu \u012bsteno\u0161an\u0101. \u0160\u012b caursp\u012bd\u012bg\u0101, uz \u016bdens b\u0101zes veidot\u0101 l\u012bme nav toksiska, \u0161\u0137iedraina, ir vair\u0101kk\u0101rt mazg\u0101jama ve\u013cas ma\u0161\u012bn\u0101, notur\u012bgi sal\u012bm\u0113jot audumu un citus rot\u0101jumus. L\u012bdz\u0101s t\u0101s izteikti stipraj\u0101m sal\u012bm\u0113\u0161anas sp\u0113j\u0101m, Fabric Fusion nodro\u0161ina elast\u012bgu rezult\u0101tu ar\u012b p\u0113c izmazg\u0101\u0161anas. Ne mi\u0146as no str\u012bviem, ne\u0113rtiem audumiem! L\u012bmes z\u012bmu\u013ca smalkais uzgalis ir lieliski piem\u0113rots nelielu darbu veik\u0161anai un virsmu apstr\u0101dei, kur nepiecie\u0161ama prec\u012bza l\u012bmes uzkl\u0101\u0161ana. Fabric Fusion piel\u012bm\u0113 audumu uz liel\u0101k\u0101s da\u013cas virsmu un rot\u0101jumu (gandr\u012bz jebkur\u0161 audums, da\u017e\u0101di pu\u0161\u0137i, stikla un akrila m\u0101ksl\u012bgie briljanti, plastmasas vizu\u013ci, p\u0113rl\u012btes, k\u0101 ar\u012b viegli un smagn\u0113ji apmales rot\u0101jumi).\" \/>\n<meta property=\"og:url\" content=\"https:\/\/hobstop.ee\/lv\/produkts\/auduma-lime-aleenes-fusion-permanent-fabric-glue-pen\/\" \/>\n<meta property=\"og:site_name\" content=\"Skizze\" \/>\n<meta property=\"article:publisher\" content=\"http:\/\/www.facebook.com\/VunderSkizze\" \/>\n<meta property=\"og:image\" content=\"https:\/\/hobstop.ee\/media\/4021.jpg\" \/>\n\t<meta property=\"og:image:width\" content=\"1024\" \/>\n\t<meta property=\"og:image:height\" content=\"768\" \/>\n\t<meta property=\"og:image:type\" content=\"image\/jpeg\" \/>\n<meta name=\"twitter:card\" content=\"summary_large_image\" \/>\n<meta name=\"twitter:label1\" content=\"Est. reading time\" \/>\n\t<meta name=\"twitter:data1\" content=\"1 min\u016b\u0161u\" \/>\n<script type=\"application\/ld+json\" class=\"yoast-schema-graph\">{\"@context\":\"https:\/\/schema.org\",\"@graph\":[{\"@type\":\"WebPage\",\"@id\":\"https:\/\/hobstop.ee\/lv\/produkts\/auduma-lime-aleenes-fusion-permanent-fabric-glue-pen\/\",\"url\":\"https:\/\/hobstop.ee\/lv\/produkts\/auduma-lime-aleenes-fusion-permanent-fabric-glue-pen\/\",\"name\":\"Auduma l\u012bme Aleene's Fusion Permanent Fabric Glue Pen &#8211; Skizze\",\"isPartOf\":{\"@id\":\"https:\/\/hobstop.ee\/lv\/#website\"},\"primaryImageOfPage\":{\"@id\":\"https:\/\/hobstop.ee\/lv\/produkts\/auduma-lime-aleenes-fusion-permanent-fabric-glue-pen\/#primaryimage\"},\"image\":{\"@id\":\"https:\/\/hobstop.ee\/lv\/produkts\/auduma-lime-aleenes-fusion-permanent-fabric-glue-pen\/#primaryimage\"},\"thumbnailUrl\":\"https:\/\/hobstop.ee\/media\/4021.jpg\",\"datePublished\":\"2015-11-02T09:41:42+00:00\",\"dateModified\":\"2015-11-02T09:41:42+00:00\",\"breadcrumb\":{\"@id\":\"https:\/\/hobstop.ee\/lv\/produkts\/auduma-lime-aleenes-fusion-permanent-fabric-glue-pen\/#breadcrumb\"},\"inLanguage\":\"lv-LV\",\"potentialAction\":[{\"@type\":\"ReadAction\",\"target\":[\"https:\/\/hobstop.ee\/lv\/produkts\/auduma-lime-aleenes-fusion-permanent-fabric-glue-pen\/\"]}]},{\"@type\":\"ImageObject\",\"inLanguage\":\"lv-LV\",\"@id\":\"https:\/\/hobstop.ee\/lv\/produkts\/auduma-lime-aleenes-fusion-permanent-fabric-glue-pen\/#primaryimage\",\"url\":\"https:\/\/hobstop.ee\/media\/4021.jpg\",\"contentUrl\":\"https:\/\/hobstop.ee\/media\/4021.jpg\",\"width\":1024,\"height\":768},{\"@type\":\"BreadcrumbList\",\"@id\":\"https:\/\/hobstop.ee\/lv\/produkts\/auduma-lime-aleenes-fusion-permanent-fabric-glue-pen\/#breadcrumb\",\"itemListElement\":[{\"@type\":\"ListItem\",\"position\":1,\"name\":\"Avaleht\",\"item\":\"https:\/\/hobstop.ee\/lv\/\"},{\"@type\":\"ListItem\",\"position\":2,\"name\":\"Veikals\",\"item\":\"https:\/\/hobstop.ee\/lv\/veikals\/\"},{\"@type\":\"ListItem\",\"position\":3,\"name\":\"Auduma l\u012bme Aleene&#8217;s Fusion Permanent Fabric Glue Pen\"}]},{\"@type\":\"WebSite\",\"@id\":\"https:\/\/hobstop.ee\/lv\/#website\",\"url\":\"https:\/\/hobstop.ee\/lv\/\",\"name\":\"Skizze\",\"description\":\"M\u0101kslas, hobiju un skolas preces\",\"publisher\":{\"@id\":\"https:\/\/hobstop.ee\/lv\/#organization\"},\"potentialAction\":[{\"@type\":\"SearchAction\",\"target\":{\"@type\":\"EntryPoint\",\"urlTemplate\":\"https:\/\/hobstop.ee\/lv\/?s={search_term_string}\"},\"query-input\":{\"@type\":\"PropertyValueSpecification\",\"valueRequired\":true,\"valueName\":\"search_term_string\"}}],\"inLanguage\":\"lv-LV\"},{\"@type\":\"Organization\",\"@id\":\"https:\/\/hobstop.ee\/lv\/#organization\",\"name\":\"Vunder AS\",\"url\":\"https:\/\/hobstop.ee\/lv\/\",\"logo\":{\"@type\":\"ImageObject\",\"inLanguage\":\"lv-LV\",\"@id\":\"https:\/\/hobstop.ee\/lv\/#\/schema\/logo\/image\/\",\"url\":\"https:\/\/hobstop.ee\/media\/vunder-logo.png\",\"contentUrl\":\"https:\/\/hobstop.ee\/media\/vunder-logo.png\",\"width\":127,\"height\":55,\"caption\":\"Vunder AS\"},\"image\":{\"@id\":\"https:\/\/hobstop.ee\/lv\/#\/schema\/logo\/image\/\"},\"sameAs\":[\"http:\/\/www.facebook.com\/VunderSkizze\"]}]}<\/script>\n<!-- \/ Yoast SEO plugin. -->","yoast_head_json":{"title":"Auduma l\u012bme Aleene's Fusion Permanent Fabric Glue Pen &#8211; Skizze","robots":{"index":"noindex","follow":"follow","max-snippet":"max-snippet:-1","max-image-preview":"max-image-preview:large","max-video-preview":"max-video-preview:-1"},"og_locale":"lv_LV","og_type":"article","og_title":"Auduma l\u012bme Aleene's Fusion Permanent Fabric Glue Pen &#8211; Skizze","og_description":"Aleene&#8217;s Fabric Fusion Permanent Fabric Adhesive pied\u0101v\u0101 lielisku alternat\u012bvu diegam un adatai jebkur\u0101 auduma rokdarb\u0101. Izmantojams kost\u012bmu, ap\u0123\u0113rbu, auduma dekoru un citu projektu \u012bsteno\u0161an\u0101. \u0160\u012b caursp\u012bd\u012bg\u0101, uz \u016bdens b\u0101zes veidot\u0101 l\u012bme nav toksiska, \u0161\u0137iedraina, ir vair\u0101kk\u0101rt mazg\u0101jama ve\u013cas ma\u0161\u012bn\u0101, notur\u012bgi sal\u012bm\u0113jot audumu un citus rot\u0101jumus. L\u012bdz\u0101s t\u0101s izteikti stipraj\u0101m sal\u012bm\u0113\u0161anas sp\u0113j\u0101m, Fabric Fusion nodro\u0161ina elast\u012bgu rezult\u0101tu ar\u012b p\u0113c izmazg\u0101\u0161anas. Ne mi\u0146as no str\u012bviem, ne\u0113rtiem audumiem! L\u012bmes z\u012bmu\u013ca smalkais uzgalis ir lieliski piem\u0113rots nelielu darbu veik\u0161anai un virsmu apstr\u0101dei, kur nepiecie\u0161ama prec\u012bza l\u012bmes uzkl\u0101\u0161ana. Fabric Fusion piel\u012bm\u0113 audumu uz liel\u0101k\u0101s da\u013cas virsmu un rot\u0101jumu (gandr\u012bz jebkur\u0161 audums, da\u017e\u0101di pu\u0161\u0137i, stikla un akrila m\u0101ksl\u012bgie briljanti, plastmasas vizu\u013ci, p\u0113rl\u012btes, k\u0101 ar\u012b viegli un smagn\u0113ji apmales rot\u0101jumi).","og_url":"https:\/\/hobstop.ee\/lv\/produkts\/auduma-lime-aleenes-fusion-permanent-fabric-glue-pen\/","og_site_name":"Skizze","article_publisher":"http:\/\/www.facebook.com\/VunderSkizze","og_image":[{"width":1024,"height":768,"url":"https:\/\/hobstop.ee\/media\/4021.jpg","type":"image\/jpeg"}],"twitter_card":"summary_large_image","twitter_misc":{"Est. reading time":"1 min\u016b\u0161u"},"schema":{"@context":"https:\/\/schema.org","@graph":[{"@type":"WebPage","@id":"https:\/\/hobstop.ee\/lv\/produkts\/auduma-lime-aleenes-fusion-permanent-fabric-glue-pen\/","url":"https:\/\/hobstop.ee\/lv\/produkts\/auduma-lime-aleenes-fusion-permanent-fabric-glue-pen\/","name":"Auduma l\u012bme Aleene's Fusion Permanent Fabric Glue Pen &#8211; Skizze","isPartOf":{"@id":"https:\/\/hobstop.ee\/lv\/#website"},"primaryImageOfPage":{"@id":"https:\/\/hobstop.ee\/lv\/produkts\/auduma-lime-aleenes-fusion-permanent-fabric-glue-pen\/#primaryimage"},"image":{"@id":"https:\/\/hobstop.ee\/lv\/produkts\/auduma-lime-aleenes-fusion-permanent-fabric-glue-pen\/#primaryimage"},"thumbnailUrl":"https:\/\/hobstop.ee\/media\/4021.jpg","datePublished":"2015-11-02T09:41:42+00:00","dateModified":"2015-11-02T09:41:42+00:00","breadcrumb":{"@id":"https:\/\/hobstop.ee\/lv\/produkts\/auduma-lime-aleenes-fusion-permanent-fabric-glue-pen\/#breadcrumb"},"inLanguage":"lv-LV","potentialAction":[{"@type":"ReadAction","target":["https:\/\/hobstop.ee\/lv\/produkts\/auduma-lime-aleenes-fusion-permanent-fabric-glue-pen\/"]}]},{"@type":"ImageObject","inLanguage":"lv-LV","@id":"https:\/\/hobstop.ee\/lv\/produkts\/auduma-lime-aleenes-fusion-permanent-fabric-glue-pen\/#primaryimage","url":"https:\/\/hobstop.ee\/media\/4021.jpg","contentUrl":"https:\/\/hobstop.ee\/media\/4021.jpg","width":1024,"height":768},{"@type":"BreadcrumbList","@id":"https:\/\/hobstop.ee\/lv\/produkts\/auduma-lime-aleenes-fusion-permanent-fabric-glue-pen\/#breadcrumb","itemListElement":[{"@type":"ListItem","position":1,"name":"Avaleht","item":"https:\/\/hobstop.ee\/lv\/"},{"@type":"ListItem","position":2,"name":"Veikals","item":"https:\/\/hobstop.ee\/lv\/veikals\/"},{"@type":"ListItem","position":3,"name":"Auduma l\u012bme Aleene&#8217;s Fusion Permanent Fabric Glue Pen"}]},{"@type":"WebSite","@id":"https:\/\/hobstop.ee\/lv\/#website","url":"https:\/\/hobstop.ee\/lv\/","name":"Skizze","description":"M\u0101kslas, hobiju un skolas preces","publisher":{"@id":"https:\/\/hobstop.ee\/lv\/#organization"},"potentialAction":[{"@type":"SearchAction","target":{"@type":"EntryPoint","urlTemplate":"https:\/\/hobstop.ee\/lv\/?s={search_term_string}"},"query-input":{"@type":"PropertyValueSpecification","valueRequired":true,"valueName":"search_term_string"}}],"inLanguage":"lv-LV"},{"@type":"Organization","@id":"https:\/\/hobstop.ee\/lv\/#organization","name":"Vunder AS","url":"https:\/\/hobstop.ee\/lv\/","logo":{"@type":"ImageObject","inLanguage":"lv-LV","@id":"https:\/\/hobstop.ee\/lv\/#\/schema\/logo\/image\/","url":"https:\/\/hobstop.ee\/media\/vunder-logo.png","contentUrl":"https:\/\/hobstop.ee\/media\/vunder-logo.png","width":127,"height":55,"caption":"Vunder AS"},"image":{"@id":"https:\/\/hobstop.ee\/lv\/#\/schema\/logo\/image\/"},"sameAs":["http:\/\/www.facebook.com\/VunderSkizze"]}]}},"_links":{"self":[{"href":"https:\/\/hobstop.ee\/lv\/wp-json\/wp\/v2\/product\/232476","targetHints":{"allow":["GET"]}}],"collection":[{"href":"https:\/\/hobstop.ee\/lv\/wp-json\/wp\/v2\/product"}],"about":[{"href":"https:\/\/hobstop.ee\/lv\/wp-json\/wp\/v2\/types\/product"}],"replies":[{"embeddable":true,"href":"https:\/\/hobstop.ee\/lv\/wp-json\/wp\/v2\/comments?post=232476"}],"wp:featuredmedia":[{"embeddable":true,"href":"https:\/\/hobstop.ee\/lv\/wp-json\/wp\/v2\/media\/233181"}],"wp:attachment":[{"href":"https:\/\/hobstop.ee\/lv\/wp-json\/wp\/v2\/media?parent=232476"}],"wp:term":[{"taxonomy":"product_cat","embeddable":true,"href":"https:\/\/hobstop.ee\/lv\/wp-json\/wp\/v2\/product_cat?post=232476"},{"taxonomy":"product_tag","embeddable":true,"href":"https:\/\/hobstop.ee\/lv\/wp-json\/wp\/v2\/product_tag?post=232476"}],"curies":[{"name":"wp","href":"https:\/\/api.w.org\/{rel}","templated":true}]}}