{"id":232480,"date":"2015-11-02T11:41:43","date_gmt":"2015-11-02T09:41:43","guid":{"rendered":"https:\/\/sharks.ee\/vunder_2019\/lv\/product\/limlente-tekstilam-aleenes-fabric-fusion-permanent\/"},"modified":"2015-11-02T11:41:43","modified_gmt":"2015-11-02T09:41:43","slug":"limlente-tekstilam-aleenes-fabric-fusion-permanent","status":"publish","type":"product","link":"https:\/\/hobstop.ee\/lv\/produkts\/limlente-tekstilam-aleenes-fabric-fusion-permanent\/","title":{"rendered":"L\u012bmlente tekstilam Aleene&#8217;s Fabric Fusion Permanent"},"content":{"rendered":"<p>Aleene&#8217;s Fabric Fusion Tape sniedz iesp\u0113ju veidot v\u012bles, rozetes, aplik\u0101cijas un citus darbus bez \u0161\u016b\u0161anas, gludin\u0101\u0161anas un \u017e\u016b\u0161anas laika! Vienk\u0101r\u0161i piespied v\u0113lamaj\u0101 viet\u0101 un ieg\u016bsti nostiprin\u0101tu un notur\u012bgu rezult\u0101tu bez diega un adatas.<\/p>\n","protected":false},"excerpt":{"rendered":"<p>Aleene&#8217;s Fabric Fusion Tape sniedz iesp\u0113ju veidot v\u012bles, rozetes, aplik\u0101cijas un citus darbus bez \u0161\u016b\u0161anas, gludin\u0101\u0161anas un \u017e\u016b\u0161anas laika! Vienk\u0101r\u0161i piespied v\u0113lamaj\u0101 viet\u0101 un ieg\u016bsti nostiprin\u0101tu un notur\u012bgu rezult\u0101tu bez diega un adatas.<\/p>\n","protected":false},"featured_media":233185,"comment_status":"closed","ping_status":"closed","template":"","meta":{"_acf_changed":false,"ep_exclude_from_search":false},"product_cat":[17918,19846,19852],"product_tag":[],"class_list":{"0":"post-232480","1":"product","2":"type-product","3":"status-publish","4":"has-post-thumbnail","6":"product_cat-preces-hobijiem","7":"product_cat-rokdarbu-limes","8":"product_cat-tekstila-limes","10":"first","11":"instock","12":"taxable","13":"shipping-taxable","14":"purchasable","15":"product-type-simple"},"acf":[],"yoast_head":"<!-- This site is optimized with the Yoast SEO plugin v24.1 - https:\/\/yoast.com\/wordpress\/plugins\/seo\/ -->\n<title>L\u012bmlente tekstilam Aleene&#039;s Fabric Fusion Permanent &#8211; Skizze<\/title>\n<meta name=\"robots\" content=\"noindex, follow, max-snippet:-1, max-image-preview:large, max-video-preview:-1\" \/>\n<meta property=\"og:locale\" content=\"lv_LV\" \/>\n<meta property=\"og:type\" content=\"article\" \/>\n<meta property=\"og:title\" content=\"L\u012bmlente tekstilam Aleene&#039;s Fabric Fusion Permanent &#8211; Skizze\" \/>\n<meta property=\"og:description\" content=\"Aleene&#8217;s Fabric Fusion Tape sniedz iesp\u0113ju veidot v\u012bles, rozetes, aplik\u0101cijas un citus darbus bez \u0161\u016b\u0161anas, gludin\u0101\u0161anas un \u017e\u016b\u0161anas laika! Vienk\u0101r\u0161i piespied v\u0113lamaj\u0101 viet\u0101 un ieg\u016bsti nostiprin\u0101tu un notur\u012bgu rezult\u0101tu bez diega un adatas.\" \/>\n<meta property=\"og:url\" content=\"https:\/\/hobstop.ee\/lv\/produkts\/limlente-tekstilam-aleenes-fabric-fusion-permanent\/\" \/>\n<meta property=\"og:site_name\" content=\"Skizze\" \/>\n<meta property=\"article:publisher\" content=\"http:\/\/www.facebook.com\/VunderSkizze\" \/>\n<meta property=\"og:image\" content=\"https:\/\/hobstop.ee\/media\/4022.jpg\" \/>\n\t<meta property=\"og:image:width\" content=\"1024\" \/>\n\t<meta property=\"og:image:height\" content=\"768\" \/>\n\t<meta property=\"og:image:type\" content=\"image\/jpeg\" \/>\n<meta name=\"twitter:card\" content=\"summary_large_image\" \/>\n<script type=\"application\/ld+json\" class=\"yoast-schema-graph\">{\"@context\":\"https:\/\/schema.org\",\"@graph\":[{\"@type\":\"WebPage\",\"@id\":\"https:\/\/hobstop.ee\/lv\/produkts\/limlente-tekstilam-aleenes-fabric-fusion-permanent\/\",\"url\":\"https:\/\/hobstop.ee\/lv\/produkts\/limlente-tekstilam-aleenes-fabric-fusion-permanent\/\",\"name\":\"L\u012bmlente tekstilam Aleene's Fabric Fusion Permanent &#8211; Skizze\",\"isPartOf\":{\"@id\":\"https:\/\/hobstop.ee\/lv\/#website\"},\"primaryImageOfPage\":{\"@id\":\"https:\/\/hobstop.ee\/lv\/produkts\/limlente-tekstilam-aleenes-fabric-fusion-permanent\/#primaryimage\"},\"image\":{\"@id\":\"https:\/\/hobstop.ee\/lv\/produkts\/limlente-tekstilam-aleenes-fabric-fusion-permanent\/#primaryimage\"},\"thumbnailUrl\":\"https:\/\/hobstop.ee\/media\/4022.jpg\",\"datePublished\":\"2015-11-02T09:41:43+00:00\",\"dateModified\":\"2015-11-02T09:41:43+00:00\",\"breadcrumb\":{\"@id\":\"https:\/\/hobstop.ee\/lv\/produkts\/limlente-tekstilam-aleenes-fabric-fusion-permanent\/#breadcrumb\"},\"inLanguage\":\"lv-LV\",\"potentialAction\":[{\"@type\":\"ReadAction\",\"target\":[\"https:\/\/hobstop.ee\/lv\/produkts\/limlente-tekstilam-aleenes-fabric-fusion-permanent\/\"]}]},{\"@type\":\"ImageObject\",\"inLanguage\":\"lv-LV\",\"@id\":\"https:\/\/hobstop.ee\/lv\/produkts\/limlente-tekstilam-aleenes-fabric-fusion-permanent\/#primaryimage\",\"url\":\"https:\/\/hobstop.ee\/media\/4022.jpg\",\"contentUrl\":\"https:\/\/hobstop.ee\/media\/4022.jpg\",\"width\":1024,\"height\":768},{\"@type\":\"BreadcrumbList\",\"@id\":\"https:\/\/hobstop.ee\/lv\/produkts\/limlente-tekstilam-aleenes-fabric-fusion-permanent\/#breadcrumb\",\"itemListElement\":[{\"@type\":\"ListItem\",\"position\":1,\"name\":\"Avaleht\",\"item\":\"https:\/\/www.hobstop.ee\/lv\/\"},{\"@type\":\"ListItem\",\"position\":2,\"name\":\"Veikals\",\"item\":\"https:\/\/www.hobstop.ee\/lv\/veikals\/\"},{\"@type\":\"ListItem\",\"position\":3,\"name\":\"L\u012bmlente tekstilam Aleene&#8217;s Fabric Fusion Permanent\"}]},{\"@type\":\"WebSite\",\"@id\":\"https:\/\/hobstop.ee\/lv\/#website\",\"url\":\"https:\/\/hobstop.ee\/lv\/\",\"name\":\"Skizze\",\"description\":\"M\u0101kslas, hobiju un skolas preces\",\"publisher\":{\"@id\":\"https:\/\/hobstop.ee\/lv\/#organization\"},\"potentialAction\":[{\"@type\":\"SearchAction\",\"target\":{\"@type\":\"EntryPoint\",\"urlTemplate\":\"https:\/\/hobstop.ee\/lv\/?s={search_term_string}\"},\"query-input\":{\"@type\":\"PropertyValueSpecification\",\"valueRequired\":true,\"valueName\":\"search_term_string\"}}],\"inLanguage\":\"lv-LV\"},{\"@type\":\"Organization\",\"@id\":\"https:\/\/hobstop.ee\/lv\/#organization\",\"name\":\"Vunder AS\",\"url\":\"https:\/\/hobstop.ee\/lv\/\",\"logo\":{\"@type\":\"ImageObject\",\"inLanguage\":\"lv-LV\",\"@id\":\"https:\/\/hobstop.ee\/lv\/#\/schema\/logo\/image\/\",\"url\":\"https:\/\/hobstop.ee\/media\/vunder-logo.png\",\"contentUrl\":\"https:\/\/hobstop.ee\/media\/vunder-logo.png\",\"width\":127,\"height\":55,\"caption\":\"Vunder AS\"},\"image\":{\"@id\":\"https:\/\/hobstop.ee\/lv\/#\/schema\/logo\/image\/\"},\"sameAs\":[\"http:\/\/www.facebook.com\/VunderSkizze\"]}]}<\/script>\n<!-- \/ Yoast SEO plugin. -->","yoast_head_json":{"title":"L\u012bmlente tekstilam Aleene's Fabric Fusion Permanent &#8211; Skizze","robots":{"index":"noindex","follow":"follow","max-snippet":"max-snippet:-1","max-image-preview":"max-image-preview:large","max-video-preview":"max-video-preview:-1"},"og_locale":"lv_LV","og_type":"article","og_title":"L\u012bmlente tekstilam Aleene's Fabric Fusion Permanent &#8211; Skizze","og_description":"Aleene&#8217;s Fabric Fusion Tape sniedz iesp\u0113ju veidot v\u012bles, rozetes, aplik\u0101cijas un citus darbus bez \u0161\u016b\u0161anas, gludin\u0101\u0161anas un \u017e\u016b\u0161anas laika! Vienk\u0101r\u0161i piespied v\u0113lamaj\u0101 viet\u0101 un ieg\u016bsti nostiprin\u0101tu un notur\u012bgu rezult\u0101tu bez diega un adatas.","og_url":"https:\/\/hobstop.ee\/lv\/produkts\/limlente-tekstilam-aleenes-fabric-fusion-permanent\/","og_site_name":"Skizze","article_publisher":"http:\/\/www.facebook.com\/VunderSkizze","og_image":[{"width":1024,"height":768,"url":"https:\/\/hobstop.ee\/media\/4022.jpg","type":"image\/jpeg"}],"twitter_card":"summary_large_image","schema":{"@context":"https:\/\/schema.org","@graph":[{"@type":"WebPage","@id":"https:\/\/hobstop.ee\/lv\/produkts\/limlente-tekstilam-aleenes-fabric-fusion-permanent\/","url":"https:\/\/hobstop.ee\/lv\/produkts\/limlente-tekstilam-aleenes-fabric-fusion-permanent\/","name":"L\u012bmlente tekstilam Aleene's Fabric Fusion Permanent &#8211; Skizze","isPartOf":{"@id":"https:\/\/hobstop.ee\/lv\/#website"},"primaryImageOfPage":{"@id":"https:\/\/hobstop.ee\/lv\/produkts\/limlente-tekstilam-aleenes-fabric-fusion-permanent\/#primaryimage"},"image":{"@id":"https:\/\/hobstop.ee\/lv\/produkts\/limlente-tekstilam-aleenes-fabric-fusion-permanent\/#primaryimage"},"thumbnailUrl":"https:\/\/hobstop.ee\/media\/4022.jpg","datePublished":"2015-11-02T09:41:43+00:00","dateModified":"2015-11-02T09:41:43+00:00","breadcrumb":{"@id":"https:\/\/hobstop.ee\/lv\/produkts\/limlente-tekstilam-aleenes-fabric-fusion-permanent\/#breadcrumb"},"inLanguage":"lv-LV","potentialAction":[{"@type":"ReadAction","target":["https:\/\/hobstop.ee\/lv\/produkts\/limlente-tekstilam-aleenes-fabric-fusion-permanent\/"]}]},{"@type":"ImageObject","inLanguage":"lv-LV","@id":"https:\/\/hobstop.ee\/lv\/produkts\/limlente-tekstilam-aleenes-fabric-fusion-permanent\/#primaryimage","url":"https:\/\/hobstop.ee\/media\/4022.jpg","contentUrl":"https:\/\/hobstop.ee\/media\/4022.jpg","width":1024,"height":768},{"@type":"BreadcrumbList","@id":"https:\/\/hobstop.ee\/lv\/produkts\/limlente-tekstilam-aleenes-fabric-fusion-permanent\/#breadcrumb","itemListElement":[{"@type":"ListItem","position":1,"name":"Avaleht","item":"https:\/\/www.hobstop.ee\/lv\/"},{"@type":"ListItem","position":2,"name":"Veikals","item":"https:\/\/www.hobstop.ee\/lv\/veikals\/"},{"@type":"ListItem","position":3,"name":"L\u012bmlente tekstilam Aleene&#8217;s Fabric Fusion Permanent"}]},{"@type":"WebSite","@id":"https:\/\/hobstop.ee\/lv\/#website","url":"https:\/\/hobstop.ee\/lv\/","name":"Skizze","description":"M\u0101kslas, hobiju un skolas preces","publisher":{"@id":"https:\/\/hobstop.ee\/lv\/#organization"},"potentialAction":[{"@type":"SearchAction","target":{"@type":"EntryPoint","urlTemplate":"https:\/\/hobstop.ee\/lv\/?s={search_term_string}"},"query-input":{"@type":"PropertyValueSpecification","valueRequired":true,"valueName":"search_term_string"}}],"inLanguage":"lv-LV"},{"@type":"Organization","@id":"https:\/\/hobstop.ee\/lv\/#organization","name":"Vunder AS","url":"https:\/\/hobstop.ee\/lv\/","logo":{"@type":"ImageObject","inLanguage":"lv-LV","@id":"https:\/\/hobstop.ee\/lv\/#\/schema\/logo\/image\/","url":"https:\/\/hobstop.ee\/media\/vunder-logo.png","contentUrl":"https:\/\/hobstop.ee\/media\/vunder-logo.png","width":127,"height":55,"caption":"Vunder AS"},"image":{"@id":"https:\/\/hobstop.ee\/lv\/#\/schema\/logo\/image\/"},"sameAs":["http:\/\/www.facebook.com\/VunderSkizze"]}]}},"_links":{"self":[{"href":"https:\/\/hobstop.ee\/lv\/wp-json\/wp\/v2\/product\/232480","targetHints":{"allow":["GET"]}}],"collection":[{"href":"https:\/\/hobstop.ee\/lv\/wp-json\/wp\/v2\/product"}],"about":[{"href":"https:\/\/hobstop.ee\/lv\/wp-json\/wp\/v2\/types\/product"}],"replies":[{"embeddable":true,"href":"https:\/\/hobstop.ee\/lv\/wp-json\/wp\/v2\/comments?post=232480"}],"wp:featuredmedia":[{"embeddable":true,"href":"https:\/\/hobstop.ee\/lv\/wp-json\/wp\/v2\/media\/233185"}],"wp:attachment":[{"href":"https:\/\/hobstop.ee\/lv\/wp-json\/wp\/v2\/media?parent=232480"}],"wp:term":[{"taxonomy":"product_cat","embeddable":true,"href":"https:\/\/hobstop.ee\/lv\/wp-json\/wp\/v2\/product_cat?post=232480"},{"taxonomy":"product_tag","embeddable":true,"href":"https:\/\/hobstop.ee\/lv\/wp-json\/wp\/v2\/product_tag?post=232480"}],"curies":[{"name":"wp","href":"https:\/\/api.w.org\/{rel}","templated":true}]}}