{"id":232484,"date":"2015-11-02T11:41:46","date_gmt":"2015-11-02T09:41:46","guid":{"rendered":"https:\/\/sharks.ee\/vunder_2019\/lv\/product\/auduma-lime-aleenes-permanent-fabric\/"},"modified":"2015-11-02T11:41:46","modified_gmt":"2015-11-02T09:41:46","slug":"auduma-lime-aleenes-permanent-fabric","status":"publish","type":"product","link":"https:\/\/hobstop.ee\/lv\/produkts\/auduma-lime-aleenes-permanent-fabric\/","title":{"rendered":"Auduma l\u012bme Aleene&#8217;s Permanent Fabric"},"content":{"rendered":"<p>Aleene&#8217;s Permanent Fabric Glue ir univers\u0101la auduma l\u012bme, kas lieliski piem\u0113rota sp\u012bdumu, apma\u013cu un citu rot\u0101jumu piel\u012bm\u0113\u0161anai pie auduma. No\u017e\u016bstot paliek caursp\u012bd\u012bga, elast\u012bga un notur\u012bga, nesaboj\u0101jot auduma dizainu ar\u012b p\u0113c vair\u0101kk\u0101rt\u0113jas mazg\u0101\u0161anas. Piem\u0113rots liel\u0101kajai da\u013cai audumu.<\/p>\n","protected":false},"excerpt":{"rendered":"<p>Aleene&#8217;s Permanent Fabric Glue ir univers\u0101la auduma l\u012bme, kas lieliski piem\u0113rota sp\u012bdumu, apma\u013cu un citu rot\u0101jumu piel\u012bm\u0113\u0161anai pie auduma. No\u017e\u016bstot paliek caursp\u012bd\u012bga, elast\u012bga un notur\u012bga, nesaboj\u0101jot auduma dizainu ar\u012b p\u0113c vair\u0101kk\u0101rt\u0113jas mazg\u0101\u0161anas. Piem\u0113rots liel\u0101kajai da\u013cai audumu.<\/p>\n","protected":false},"featured_media":233189,"comment_status":"closed","ping_status":"closed","template":"","meta":{"_acf_changed":false,"ep_exclude_from_search":false},"product_cat":[19846,17918,19852],"product_tag":[],"class_list":{"0":"post-232484","1":"product","2":"type-product","3":"status-publish","4":"has-post-thumbnail","6":"product_cat-limes-un-lakas","7":"product_cat-preces-hobijiem","8":"product_cat-tekstila-limes","10":"first","11":"instock","12":"taxable","13":"shipping-taxable","14":"purchasable","15":"product-type-simple"},"acf":[],"yoast_head":"<!-- This site is optimized with the Yoast SEO plugin v24.1 - https:\/\/yoast.com\/wordpress\/plugins\/seo\/ -->\n<title>Auduma l\u012bme Aleene&#039;s Permanent Fabric &#8211; Skizze<\/title>\n<meta name=\"robots\" content=\"noindex, follow, max-snippet:-1, max-image-preview:large, max-video-preview:-1\" \/>\n<meta property=\"og:locale\" content=\"lv_LV\" \/>\n<meta property=\"og:type\" content=\"article\" \/>\n<meta property=\"og:title\" content=\"Auduma l\u012bme Aleene&#039;s Permanent Fabric &#8211; Skizze\" \/>\n<meta property=\"og:description\" content=\"Aleene&#8217;s Permanent Fabric Glue ir univers\u0101la auduma l\u012bme, kas lieliski piem\u0113rota sp\u012bdumu, apma\u013cu un citu rot\u0101jumu piel\u012bm\u0113\u0161anai pie auduma. No\u017e\u016bstot paliek caursp\u012bd\u012bga, elast\u012bga un notur\u012bga, nesaboj\u0101jot auduma dizainu ar\u012b p\u0113c vair\u0101kk\u0101rt\u0113jas mazg\u0101\u0161anas. Piem\u0113rots liel\u0101kajai da\u013cai audumu.\" \/>\n<meta property=\"og:url\" content=\"https:\/\/hobstop.ee\/lv\/produkts\/auduma-lime-aleenes-permanent-fabric\/\" \/>\n<meta property=\"og:site_name\" content=\"Skizze\" \/>\n<meta property=\"article:publisher\" content=\"http:\/\/www.facebook.com\/VunderSkizze\" \/>\n<meta property=\"og:image\" content=\"https:\/\/hobstop.ee\/media\/4023.jpg\" \/>\n\t<meta property=\"og:image:width\" content=\"1024\" \/>\n\t<meta property=\"og:image:height\" content=\"768\" \/>\n\t<meta property=\"og:image:type\" content=\"image\/jpeg\" \/>\n<meta name=\"twitter:card\" content=\"summary_large_image\" \/>\n<script type=\"application\/ld+json\" class=\"yoast-schema-graph\">{\"@context\":\"https:\/\/schema.org\",\"@graph\":[{\"@type\":\"WebPage\",\"@id\":\"https:\/\/hobstop.ee\/lv\/produkts\/auduma-lime-aleenes-permanent-fabric\/\",\"url\":\"https:\/\/hobstop.ee\/lv\/produkts\/auduma-lime-aleenes-permanent-fabric\/\",\"name\":\"Auduma l\u012bme Aleene's Permanent Fabric &#8211; Skizze\",\"isPartOf\":{\"@id\":\"https:\/\/www.hobstop.ee\/lv\/#website\"},\"primaryImageOfPage\":{\"@id\":\"https:\/\/hobstop.ee\/lv\/produkts\/auduma-lime-aleenes-permanent-fabric\/#primaryimage\"},\"image\":{\"@id\":\"https:\/\/hobstop.ee\/lv\/produkts\/auduma-lime-aleenes-permanent-fabric\/#primaryimage\"},\"thumbnailUrl\":\"https:\/\/hobstop.ee\/media\/4023.jpg\",\"datePublished\":\"2015-11-02T09:41:46+00:00\",\"dateModified\":\"2015-11-02T09:41:46+00:00\",\"breadcrumb\":{\"@id\":\"https:\/\/hobstop.ee\/lv\/produkts\/auduma-lime-aleenes-permanent-fabric\/#breadcrumb\"},\"inLanguage\":\"lv-LV\",\"potentialAction\":[{\"@type\":\"ReadAction\",\"target\":[\"https:\/\/hobstop.ee\/lv\/produkts\/auduma-lime-aleenes-permanent-fabric\/\"]}]},{\"@type\":\"ImageObject\",\"inLanguage\":\"lv-LV\",\"@id\":\"https:\/\/hobstop.ee\/lv\/produkts\/auduma-lime-aleenes-permanent-fabric\/#primaryimage\",\"url\":\"https:\/\/hobstop.ee\/media\/4023.jpg\",\"contentUrl\":\"https:\/\/hobstop.ee\/media\/4023.jpg\",\"width\":1024,\"height\":768},{\"@type\":\"BreadcrumbList\",\"@id\":\"https:\/\/hobstop.ee\/lv\/produkts\/auduma-lime-aleenes-permanent-fabric\/#breadcrumb\",\"itemListElement\":[{\"@type\":\"ListItem\",\"position\":1,\"name\":\"Avaleht\",\"item\":\"https:\/\/www.hobstop.ee\/lv\/\"},{\"@type\":\"ListItem\",\"position\":2,\"name\":\"Veikals\",\"item\":\"https:\/\/www.hobstop.ee\/lv\/veikals\/\"},{\"@type\":\"ListItem\",\"position\":3,\"name\":\"Auduma l\u012bme Aleene&#8217;s Permanent Fabric\"}]},{\"@type\":\"WebSite\",\"@id\":\"https:\/\/www.hobstop.ee\/lv\/#website\",\"url\":\"https:\/\/www.hobstop.ee\/lv\/\",\"name\":\"Skizze\",\"description\":\"M\u0101kslas, hobiju un skolas preces\",\"publisher\":{\"@id\":\"https:\/\/www.hobstop.ee\/lv\/#organization\"},\"potentialAction\":[{\"@type\":\"SearchAction\",\"target\":{\"@type\":\"EntryPoint\",\"urlTemplate\":\"https:\/\/www.hobstop.ee\/lv\/?s={search_term_string}\"},\"query-input\":{\"@type\":\"PropertyValueSpecification\",\"valueRequired\":true,\"valueName\":\"search_term_string\"}}],\"inLanguage\":\"lv-LV\"},{\"@type\":\"Organization\",\"@id\":\"https:\/\/www.hobstop.ee\/lv\/#organization\",\"name\":\"Vunder AS\",\"url\":\"https:\/\/www.hobstop.ee\/lv\/\",\"logo\":{\"@type\":\"ImageObject\",\"inLanguage\":\"lv-LV\",\"@id\":\"https:\/\/www.hobstop.ee\/lv\/#\/schema\/logo\/image\/\",\"url\":\"https:\/\/hobstop.ee\/media\/vunder-logo.png\",\"contentUrl\":\"https:\/\/hobstop.ee\/media\/vunder-logo.png\",\"width\":127,\"height\":55,\"caption\":\"Vunder AS\"},\"image\":{\"@id\":\"https:\/\/www.hobstop.ee\/lv\/#\/schema\/logo\/image\/\"},\"sameAs\":[\"http:\/\/www.facebook.com\/VunderSkizze\"]}]}<\/script>\n<!-- \/ Yoast SEO plugin. -->","yoast_head_json":{"title":"Auduma l\u012bme Aleene's Permanent Fabric &#8211; Skizze","robots":{"index":"noindex","follow":"follow","max-snippet":"max-snippet:-1","max-image-preview":"max-image-preview:large","max-video-preview":"max-video-preview:-1"},"og_locale":"lv_LV","og_type":"article","og_title":"Auduma l\u012bme Aleene's Permanent Fabric &#8211; Skizze","og_description":"Aleene&#8217;s Permanent Fabric Glue ir univers\u0101la auduma l\u012bme, kas lieliski piem\u0113rota sp\u012bdumu, apma\u013cu un citu rot\u0101jumu piel\u012bm\u0113\u0161anai pie auduma. No\u017e\u016bstot paliek caursp\u012bd\u012bga, elast\u012bga un notur\u012bga, nesaboj\u0101jot auduma dizainu ar\u012b p\u0113c vair\u0101kk\u0101rt\u0113jas mazg\u0101\u0161anas. Piem\u0113rots liel\u0101kajai da\u013cai audumu.","og_url":"https:\/\/hobstop.ee\/lv\/produkts\/auduma-lime-aleenes-permanent-fabric\/","og_site_name":"Skizze","article_publisher":"http:\/\/www.facebook.com\/VunderSkizze","og_image":[{"width":1024,"height":768,"url":"https:\/\/hobstop.ee\/media\/4023.jpg","type":"image\/jpeg"}],"twitter_card":"summary_large_image","schema":{"@context":"https:\/\/schema.org","@graph":[{"@type":"WebPage","@id":"https:\/\/hobstop.ee\/lv\/produkts\/auduma-lime-aleenes-permanent-fabric\/","url":"https:\/\/hobstop.ee\/lv\/produkts\/auduma-lime-aleenes-permanent-fabric\/","name":"Auduma l\u012bme Aleene's Permanent Fabric &#8211; Skizze","isPartOf":{"@id":"https:\/\/www.hobstop.ee\/lv\/#website"},"primaryImageOfPage":{"@id":"https:\/\/hobstop.ee\/lv\/produkts\/auduma-lime-aleenes-permanent-fabric\/#primaryimage"},"image":{"@id":"https:\/\/hobstop.ee\/lv\/produkts\/auduma-lime-aleenes-permanent-fabric\/#primaryimage"},"thumbnailUrl":"https:\/\/hobstop.ee\/media\/4023.jpg","datePublished":"2015-11-02T09:41:46+00:00","dateModified":"2015-11-02T09:41:46+00:00","breadcrumb":{"@id":"https:\/\/hobstop.ee\/lv\/produkts\/auduma-lime-aleenes-permanent-fabric\/#breadcrumb"},"inLanguage":"lv-LV","potentialAction":[{"@type":"ReadAction","target":["https:\/\/hobstop.ee\/lv\/produkts\/auduma-lime-aleenes-permanent-fabric\/"]}]},{"@type":"ImageObject","inLanguage":"lv-LV","@id":"https:\/\/hobstop.ee\/lv\/produkts\/auduma-lime-aleenes-permanent-fabric\/#primaryimage","url":"https:\/\/hobstop.ee\/media\/4023.jpg","contentUrl":"https:\/\/hobstop.ee\/media\/4023.jpg","width":1024,"height":768},{"@type":"BreadcrumbList","@id":"https:\/\/hobstop.ee\/lv\/produkts\/auduma-lime-aleenes-permanent-fabric\/#breadcrumb","itemListElement":[{"@type":"ListItem","position":1,"name":"Avaleht","item":"https:\/\/www.hobstop.ee\/lv\/"},{"@type":"ListItem","position":2,"name":"Veikals","item":"https:\/\/www.hobstop.ee\/lv\/veikals\/"},{"@type":"ListItem","position":3,"name":"Auduma l\u012bme Aleene&#8217;s Permanent Fabric"}]},{"@type":"WebSite","@id":"https:\/\/www.hobstop.ee\/lv\/#website","url":"https:\/\/www.hobstop.ee\/lv\/","name":"Skizze","description":"M\u0101kslas, hobiju un skolas preces","publisher":{"@id":"https:\/\/www.hobstop.ee\/lv\/#organization"},"potentialAction":[{"@type":"SearchAction","target":{"@type":"EntryPoint","urlTemplate":"https:\/\/www.hobstop.ee\/lv\/?s={search_term_string}"},"query-input":{"@type":"PropertyValueSpecification","valueRequired":true,"valueName":"search_term_string"}}],"inLanguage":"lv-LV"},{"@type":"Organization","@id":"https:\/\/www.hobstop.ee\/lv\/#organization","name":"Vunder AS","url":"https:\/\/www.hobstop.ee\/lv\/","logo":{"@type":"ImageObject","inLanguage":"lv-LV","@id":"https:\/\/www.hobstop.ee\/lv\/#\/schema\/logo\/image\/","url":"https:\/\/hobstop.ee\/media\/vunder-logo.png","contentUrl":"https:\/\/hobstop.ee\/media\/vunder-logo.png","width":127,"height":55,"caption":"Vunder AS"},"image":{"@id":"https:\/\/www.hobstop.ee\/lv\/#\/schema\/logo\/image\/"},"sameAs":["http:\/\/www.facebook.com\/VunderSkizze"]}]}},"_links":{"self":[{"href":"https:\/\/hobstop.ee\/lv\/wp-json\/wp\/v2\/product\/232484","targetHints":{"allow":["GET"]}}],"collection":[{"href":"https:\/\/hobstop.ee\/lv\/wp-json\/wp\/v2\/product"}],"about":[{"href":"https:\/\/hobstop.ee\/lv\/wp-json\/wp\/v2\/types\/product"}],"replies":[{"embeddable":true,"href":"https:\/\/hobstop.ee\/lv\/wp-json\/wp\/v2\/comments?post=232484"}],"wp:featuredmedia":[{"embeddable":true,"href":"https:\/\/hobstop.ee\/lv\/wp-json\/wp\/v2\/media\/233189"}],"wp:attachment":[{"href":"https:\/\/hobstop.ee\/lv\/wp-json\/wp\/v2\/media?parent=232484"}],"wp:term":[{"taxonomy":"product_cat","embeddable":true,"href":"https:\/\/hobstop.ee\/lv\/wp-json\/wp\/v2\/product_cat?post=232484"},{"taxonomy":"product_tag","embeddable":true,"href":"https:\/\/hobstop.ee\/lv\/wp-json\/wp\/v2\/product_tag?post=232484"}],"curies":[{"name":"wp","href":"https:\/\/api.w.org\/{rel}","templated":true}]}}