{"id":232488,"date":"2015-11-02T11:41:47","date_gmt":"2015-11-02T09:41:47","guid":{"rendered":"https:\/\/sharks.ee\/vunder_2019\/lv\/product\/speciala-lime-aleenes-aliphatic-wood\/"},"modified":"2015-11-02T11:41:47","modified_gmt":"2015-11-02T09:41:47","slug":"speciala-lime-aleenes-aliphatic-wood","status":"publish","type":"product","link":"https:\/\/hobstop.ee\/lv\/produkts\/speciala-lime-aleenes-aliphatic-wood\/","title":{"rendered":"Speci\u0101l\u0101 l\u012bme Aleene&#8217;s Aliphatic Wood"},"content":{"rendered":"<p>Aleene&#8217;s Aliphatic Wood Glue ir \u0101tri \u017e\u016bsto\u0161a, izteikti stipra, sl\u012bp\u0113jama un kr\u0101sojama koka l\u012bme. Daudzfunkcion\u0101la l\u012bme, kas piem\u0113rota izmanto\u0161anai ar koku, m\u0101jsaimniec\u012bbas darbos, hobijiem un rokdarbiem, m\u0113bel\u0113m, r\u0101mjiem, koka virpo\u0161an\u0101 un da\u017e\u0101dos remontdarbos.<\/p>\n","protected":false},"excerpt":{"rendered":"<p>Aleene&#8217;s Aliphatic Wood Glue ir \u0101tri \u017e\u016bsto\u0161a, izteikti stipra, sl\u012bp\u0113jama un kr\u0101sojama koka l\u012bme. Daudzfunkcion\u0101la l\u012bme, kas piem\u0113rota izmanto\u0161anai ar koku, m\u0101jsaimniec\u012bbas darbos, hobijiem un rokdarbiem, m\u0113bel\u0113m, r\u0101mjiem, koka virpo\u0161an\u0101 un da\u017e\u0101dos remontdarbos.<\/p>\n","protected":false},"featured_media":233213,"comment_status":"closed","ping_status":"closed","template":"","meta":{"_acf_changed":false,"ep_exclude_from_search":false},"product_cat":[17918,19846,19855],"product_tag":[],"class_list":{"0":"post-232488","1":"product","2":"type-product","3":"status-publish","4":"has-post-thumbnail","6":"product_cat-preces-hobijiem","7":"product_cat-rokdarbu-limes","8":"product_cat-specialas-limes","10":"first","11":"instock","12":"taxable","13":"shipping-taxable","14":"purchasable","15":"product-type-simple"},"acf":[],"yoast_head":"<!-- This site is optimized with the Yoast SEO plugin v24.1 - https:\/\/yoast.com\/wordpress\/plugins\/seo\/ -->\n<title>Speci\u0101l\u0101 l\u012bme Aleene&#039;s Aliphatic Wood &#8211; Skizze<\/title>\n<meta name=\"robots\" content=\"noindex, follow, max-snippet:-1, max-image-preview:large, max-video-preview:-1\" \/>\n<meta property=\"og:locale\" content=\"lv_LV\" \/>\n<meta property=\"og:type\" content=\"article\" \/>\n<meta property=\"og:title\" content=\"Speci\u0101l\u0101 l\u012bme Aleene&#039;s Aliphatic Wood &#8211; Skizze\" \/>\n<meta property=\"og:description\" content=\"Aleene&#8217;s Aliphatic Wood Glue ir \u0101tri \u017e\u016bsto\u0161a, izteikti stipra, sl\u012bp\u0113jama un kr\u0101sojama koka l\u012bme. Daudzfunkcion\u0101la l\u012bme, kas piem\u0113rota izmanto\u0161anai ar koku, m\u0101jsaimniec\u012bbas darbos, hobijiem un rokdarbiem, m\u0113bel\u0113m, r\u0101mjiem, koka virpo\u0161an\u0101 un da\u017e\u0101dos remontdarbos.\" \/>\n<meta property=\"og:url\" content=\"https:\/\/hobstop.ee\/lv\/produkts\/speciala-lime-aleenes-aliphatic-wood\/\" \/>\n<meta property=\"og:site_name\" content=\"Skizze\" \/>\n<meta property=\"article:publisher\" content=\"http:\/\/www.facebook.com\/VunderSkizze\" \/>\n<meta property=\"og:image\" content=\"https:\/\/hobstop.ee\/media\/4024.jpg\" \/>\n\t<meta property=\"og:image:width\" content=\"1024\" \/>\n\t<meta property=\"og:image:height\" content=\"768\" \/>\n\t<meta property=\"og:image:type\" content=\"image\/jpeg\" \/>\n<meta name=\"twitter:card\" content=\"summary_large_image\" \/>\n<script type=\"application\/ld+json\" class=\"yoast-schema-graph\">{\"@context\":\"https:\/\/schema.org\",\"@graph\":[{\"@type\":\"WebPage\",\"@id\":\"https:\/\/hobstop.ee\/lv\/produkts\/speciala-lime-aleenes-aliphatic-wood\/\",\"url\":\"https:\/\/hobstop.ee\/lv\/produkts\/speciala-lime-aleenes-aliphatic-wood\/\",\"name\":\"Speci\u0101l\u0101 l\u012bme Aleene's Aliphatic Wood &#8211; Skizze\",\"isPartOf\":{\"@id\":\"https:\/\/hobstop.ee\/lv\/#website\"},\"primaryImageOfPage\":{\"@id\":\"https:\/\/hobstop.ee\/lv\/produkts\/speciala-lime-aleenes-aliphatic-wood\/#primaryimage\"},\"image\":{\"@id\":\"https:\/\/hobstop.ee\/lv\/produkts\/speciala-lime-aleenes-aliphatic-wood\/#primaryimage\"},\"thumbnailUrl\":\"https:\/\/hobstop.ee\/media\/4024.jpg\",\"datePublished\":\"2015-11-02T09:41:47+00:00\",\"dateModified\":\"2015-11-02T09:41:47+00:00\",\"breadcrumb\":{\"@id\":\"https:\/\/hobstop.ee\/lv\/produkts\/speciala-lime-aleenes-aliphatic-wood\/#breadcrumb\"},\"inLanguage\":\"lv-LV\",\"potentialAction\":[{\"@type\":\"ReadAction\",\"target\":[\"https:\/\/hobstop.ee\/lv\/produkts\/speciala-lime-aleenes-aliphatic-wood\/\"]}]},{\"@type\":\"ImageObject\",\"inLanguage\":\"lv-LV\",\"@id\":\"https:\/\/hobstop.ee\/lv\/produkts\/speciala-lime-aleenes-aliphatic-wood\/#primaryimage\",\"url\":\"https:\/\/hobstop.ee\/media\/4024.jpg\",\"contentUrl\":\"https:\/\/hobstop.ee\/media\/4024.jpg\",\"width\":1024,\"height\":768},{\"@type\":\"BreadcrumbList\",\"@id\":\"https:\/\/hobstop.ee\/lv\/produkts\/speciala-lime-aleenes-aliphatic-wood\/#breadcrumb\",\"itemListElement\":[{\"@type\":\"ListItem\",\"position\":1,\"name\":\"Avaleht\",\"item\":\"https:\/\/www.hobstop.ee\/lv\/\"},{\"@type\":\"ListItem\",\"position\":2,\"name\":\"Veikals\",\"item\":\"https:\/\/www.hobstop.ee\/lv\/veikals\/\"},{\"@type\":\"ListItem\",\"position\":3,\"name\":\"Speci\u0101l\u0101 l\u012bme Aleene&#8217;s Aliphatic Wood\"}]},{\"@type\":\"WebSite\",\"@id\":\"https:\/\/hobstop.ee\/lv\/#website\",\"url\":\"https:\/\/hobstop.ee\/lv\/\",\"name\":\"Skizze\",\"description\":\"M\u0101kslas, hobiju un skolas preces\",\"publisher\":{\"@id\":\"https:\/\/hobstop.ee\/lv\/#organization\"},\"potentialAction\":[{\"@type\":\"SearchAction\",\"target\":{\"@type\":\"EntryPoint\",\"urlTemplate\":\"https:\/\/hobstop.ee\/lv\/?s={search_term_string}\"},\"query-input\":{\"@type\":\"PropertyValueSpecification\",\"valueRequired\":true,\"valueName\":\"search_term_string\"}}],\"inLanguage\":\"lv-LV\"},{\"@type\":\"Organization\",\"@id\":\"https:\/\/hobstop.ee\/lv\/#organization\",\"name\":\"Vunder AS\",\"url\":\"https:\/\/hobstop.ee\/lv\/\",\"logo\":{\"@type\":\"ImageObject\",\"inLanguage\":\"lv-LV\",\"@id\":\"https:\/\/hobstop.ee\/lv\/#\/schema\/logo\/image\/\",\"url\":\"https:\/\/hobstop.ee\/media\/vunder-logo.png\",\"contentUrl\":\"https:\/\/hobstop.ee\/media\/vunder-logo.png\",\"width\":127,\"height\":55,\"caption\":\"Vunder AS\"},\"image\":{\"@id\":\"https:\/\/hobstop.ee\/lv\/#\/schema\/logo\/image\/\"},\"sameAs\":[\"http:\/\/www.facebook.com\/VunderSkizze\"]}]}<\/script>\n<!-- \/ Yoast SEO plugin. -->","yoast_head_json":{"title":"Speci\u0101l\u0101 l\u012bme Aleene's Aliphatic Wood &#8211; Skizze","robots":{"index":"noindex","follow":"follow","max-snippet":"max-snippet:-1","max-image-preview":"max-image-preview:large","max-video-preview":"max-video-preview:-1"},"og_locale":"lv_LV","og_type":"article","og_title":"Speci\u0101l\u0101 l\u012bme Aleene's Aliphatic Wood &#8211; Skizze","og_description":"Aleene&#8217;s Aliphatic Wood Glue ir \u0101tri \u017e\u016bsto\u0161a, izteikti stipra, sl\u012bp\u0113jama un kr\u0101sojama koka l\u012bme. Daudzfunkcion\u0101la l\u012bme, kas piem\u0113rota izmanto\u0161anai ar koku, m\u0101jsaimniec\u012bbas darbos, hobijiem un rokdarbiem, m\u0113bel\u0113m, r\u0101mjiem, koka virpo\u0161an\u0101 un da\u017e\u0101dos remontdarbos.","og_url":"https:\/\/hobstop.ee\/lv\/produkts\/speciala-lime-aleenes-aliphatic-wood\/","og_site_name":"Skizze","article_publisher":"http:\/\/www.facebook.com\/VunderSkizze","og_image":[{"width":1024,"height":768,"url":"https:\/\/hobstop.ee\/media\/4024.jpg","type":"image\/jpeg"}],"twitter_card":"summary_large_image","schema":{"@context":"https:\/\/schema.org","@graph":[{"@type":"WebPage","@id":"https:\/\/hobstop.ee\/lv\/produkts\/speciala-lime-aleenes-aliphatic-wood\/","url":"https:\/\/hobstop.ee\/lv\/produkts\/speciala-lime-aleenes-aliphatic-wood\/","name":"Speci\u0101l\u0101 l\u012bme Aleene's Aliphatic Wood &#8211; Skizze","isPartOf":{"@id":"https:\/\/hobstop.ee\/lv\/#website"},"primaryImageOfPage":{"@id":"https:\/\/hobstop.ee\/lv\/produkts\/speciala-lime-aleenes-aliphatic-wood\/#primaryimage"},"image":{"@id":"https:\/\/hobstop.ee\/lv\/produkts\/speciala-lime-aleenes-aliphatic-wood\/#primaryimage"},"thumbnailUrl":"https:\/\/hobstop.ee\/media\/4024.jpg","datePublished":"2015-11-02T09:41:47+00:00","dateModified":"2015-11-02T09:41:47+00:00","breadcrumb":{"@id":"https:\/\/hobstop.ee\/lv\/produkts\/speciala-lime-aleenes-aliphatic-wood\/#breadcrumb"},"inLanguage":"lv-LV","potentialAction":[{"@type":"ReadAction","target":["https:\/\/hobstop.ee\/lv\/produkts\/speciala-lime-aleenes-aliphatic-wood\/"]}]},{"@type":"ImageObject","inLanguage":"lv-LV","@id":"https:\/\/hobstop.ee\/lv\/produkts\/speciala-lime-aleenes-aliphatic-wood\/#primaryimage","url":"https:\/\/hobstop.ee\/media\/4024.jpg","contentUrl":"https:\/\/hobstop.ee\/media\/4024.jpg","width":1024,"height":768},{"@type":"BreadcrumbList","@id":"https:\/\/hobstop.ee\/lv\/produkts\/speciala-lime-aleenes-aliphatic-wood\/#breadcrumb","itemListElement":[{"@type":"ListItem","position":1,"name":"Avaleht","item":"https:\/\/www.hobstop.ee\/lv\/"},{"@type":"ListItem","position":2,"name":"Veikals","item":"https:\/\/www.hobstop.ee\/lv\/veikals\/"},{"@type":"ListItem","position":3,"name":"Speci\u0101l\u0101 l\u012bme Aleene&#8217;s Aliphatic Wood"}]},{"@type":"WebSite","@id":"https:\/\/hobstop.ee\/lv\/#website","url":"https:\/\/hobstop.ee\/lv\/","name":"Skizze","description":"M\u0101kslas, hobiju un skolas preces","publisher":{"@id":"https:\/\/hobstop.ee\/lv\/#organization"},"potentialAction":[{"@type":"SearchAction","target":{"@type":"EntryPoint","urlTemplate":"https:\/\/hobstop.ee\/lv\/?s={search_term_string}"},"query-input":{"@type":"PropertyValueSpecification","valueRequired":true,"valueName":"search_term_string"}}],"inLanguage":"lv-LV"},{"@type":"Organization","@id":"https:\/\/hobstop.ee\/lv\/#organization","name":"Vunder AS","url":"https:\/\/hobstop.ee\/lv\/","logo":{"@type":"ImageObject","inLanguage":"lv-LV","@id":"https:\/\/hobstop.ee\/lv\/#\/schema\/logo\/image\/","url":"https:\/\/hobstop.ee\/media\/vunder-logo.png","contentUrl":"https:\/\/hobstop.ee\/media\/vunder-logo.png","width":127,"height":55,"caption":"Vunder AS"},"image":{"@id":"https:\/\/hobstop.ee\/lv\/#\/schema\/logo\/image\/"},"sameAs":["http:\/\/www.facebook.com\/VunderSkizze"]}]}},"_links":{"self":[{"href":"https:\/\/hobstop.ee\/lv\/wp-json\/wp\/v2\/product\/232488","targetHints":{"allow":["GET"]}}],"collection":[{"href":"https:\/\/hobstop.ee\/lv\/wp-json\/wp\/v2\/product"}],"about":[{"href":"https:\/\/hobstop.ee\/lv\/wp-json\/wp\/v2\/types\/product"}],"replies":[{"embeddable":true,"href":"https:\/\/hobstop.ee\/lv\/wp-json\/wp\/v2\/comments?post=232488"}],"wp:featuredmedia":[{"embeddable":true,"href":"https:\/\/hobstop.ee\/lv\/wp-json\/wp\/v2\/media\/233213"}],"wp:attachment":[{"href":"https:\/\/hobstop.ee\/lv\/wp-json\/wp\/v2\/media?parent=232488"}],"wp:term":[{"taxonomy":"product_cat","embeddable":true,"href":"https:\/\/hobstop.ee\/lv\/wp-json\/wp\/v2\/product_cat?post=232488"},{"taxonomy":"product_tag","embeddable":true,"href":"https:\/\/hobstop.ee\/lv\/wp-json\/wp\/v2\/product_tag?post=232488"}],"curies":[{"name":"wp","href":"https:\/\/api.w.org\/{rel}","templated":true}]}}