{"id":232496,"date":"2015-11-02T11:41:51","date_gmt":"2015-11-02T09:41:51","guid":{"rendered":"https:\/\/sharks.ee\/vunder_2019\/lv\/product\/limlente-aleenes-tacky-line-rolls\/"},"modified":"2015-11-02T11:41:51","modified_gmt":"2015-11-02T09:41:51","slug":"limlente-aleenes-tacky-line-rolls","status":"publish","type":"product","link":"https:\/\/hobstop.ee\/lv\/produkts\/limlente-aleenes-tacky-line-rolls\/","title":{"rendered":"L\u012bmlente Aleene&#8217;s Tacky Line Rolls"},"content":{"rendered":"<p>Aleene\u2019s Tacky Line Roll b\u016bs lielisks pal\u012bgs, kad nepiecie\u0161ams kaut ko \u0101tri piel\u012bm\u0113t! Notur\u012bg\u0101s, izteikti lip\u012bg\u0101s l\u012bmes joslas ir \u0113rti nopl\u0113\u0161amas un uz caursp\u012bd\u012bgas pamatnes, lai iesp\u0113jami prec\u012bzi novietotu uz virsmas. Vienk\u0101r\u0161i nopl\u0113s aizsargpl\u0113v\u012bti un piel\u012bm\u0113 notur\u012bgam rezult\u0101tam! Lieliski piem\u0113rots pap\u012bra darbiem, albumiem, skolas projektiem un citiem darbiem.<\/p>\n","protected":false},"excerpt":{"rendered":"<p>Aleene\u2019s Tacky Line Roll b\u016bs lielisks pal\u012bgs, kad nepiecie\u0161ams kaut ko \u0101tri piel\u012bm\u0113t! Notur\u012bg\u0101s, izteikti lip\u012bg\u0101s l\u012bmes joslas ir \u0113rti nopl\u0113\u0161amas un uz caursp\u012bd\u012bgas pamatnes, lai iesp\u0113jami prec\u012bzi novietotu uz virsmas. Vienk\u0101r\u0161i nopl\u0113s aizsargpl\u0113v\u012bti un piel\u012bm\u0113 notur\u012bgam rezult\u0101tam! Lieliski piem\u0113rots pap\u012bra darbiem, albumiem, skolas projektiem un citiem darbiem.<\/p>\n","protected":false},"featured_media":233202,"comment_status":"closed","ping_status":"closed","template":"","meta":{"_acf_changed":false,"ep_exclude_from_search":false},"product_cat":[20038,17918,19846],"product_tag":[],"class_list":{"0":"post-232496","1":"product","2":"type-product","3":"status-publish","4":"has-post-thumbnail","6":"product_cat-dazadi-34","7":"product_cat-preces-hobijiem","8":"product_cat-rokdarbu-limes","10":"first","11":"instock","12":"taxable","13":"shipping-taxable","14":"product-type-simple"},"acf":[],"yoast_head":"<!-- This site is optimized with the Yoast SEO plugin v24.1 - https:\/\/yoast.com\/wordpress\/plugins\/seo\/ -->\n<title>L\u012bmlente Aleene&#039;s Tacky Line Rolls &#8211; Skizze<\/title>\n<meta name=\"robots\" content=\"noindex, follow, max-snippet:-1, max-image-preview:large, max-video-preview:-1\" \/>\n<meta property=\"og:locale\" content=\"lv_LV\" \/>\n<meta property=\"og:type\" content=\"article\" \/>\n<meta property=\"og:title\" content=\"L\u012bmlente Aleene&#039;s Tacky Line Rolls &#8211; Skizze\" \/>\n<meta property=\"og:description\" content=\"Aleene\u2019s Tacky Line Roll b\u016bs lielisks pal\u012bgs, kad nepiecie\u0161ams kaut ko \u0101tri piel\u012bm\u0113t! Notur\u012bg\u0101s, izteikti lip\u012bg\u0101s l\u012bmes joslas ir \u0113rti nopl\u0113\u0161amas un uz caursp\u012bd\u012bgas pamatnes, lai iesp\u0113jami prec\u012bzi novietotu uz virsmas. Vienk\u0101r\u0161i nopl\u0113s aizsargpl\u0113v\u012bti un piel\u012bm\u0113 notur\u012bgam rezult\u0101tam! Lieliski piem\u0113rots pap\u012bra darbiem, albumiem, skolas projektiem un citiem darbiem.\" \/>\n<meta property=\"og:url\" content=\"https:\/\/hobstop.ee\/lv\/produkts\/limlente-aleenes-tacky-line-rolls\/\" \/>\n<meta property=\"og:site_name\" content=\"Skizze\" \/>\n<meta property=\"article:publisher\" content=\"http:\/\/www.facebook.com\/VunderSkizze\" \/>\n<meta property=\"og:image\" content=\"https:\/\/hobstop.ee\/media\/4026.jpg\" \/>\n\t<meta property=\"og:image:width\" content=\"1024\" \/>\n\t<meta property=\"og:image:height\" content=\"768\" \/>\n\t<meta property=\"og:image:type\" content=\"image\/jpeg\" \/>\n<meta name=\"twitter:card\" content=\"summary_large_image\" \/>\n<script type=\"application\/ld+json\" class=\"yoast-schema-graph\">{\"@context\":\"https:\/\/schema.org\",\"@graph\":[{\"@type\":\"WebPage\",\"@id\":\"https:\/\/hobstop.ee\/lv\/produkts\/limlente-aleenes-tacky-line-rolls\/\",\"url\":\"https:\/\/hobstop.ee\/lv\/produkts\/limlente-aleenes-tacky-line-rolls\/\",\"name\":\"L\u012bmlente Aleene's Tacky Line Rolls &#8211; Skizze\",\"isPartOf\":{\"@id\":\"https:\/\/hobstop.ee\/lv\/#website\"},\"primaryImageOfPage\":{\"@id\":\"https:\/\/hobstop.ee\/lv\/produkts\/limlente-aleenes-tacky-line-rolls\/#primaryimage\"},\"image\":{\"@id\":\"https:\/\/hobstop.ee\/lv\/produkts\/limlente-aleenes-tacky-line-rolls\/#primaryimage\"},\"thumbnailUrl\":\"https:\/\/hobstop.ee\/media\/4026.jpg\",\"datePublished\":\"2015-11-02T09:41:51+00:00\",\"dateModified\":\"2015-11-02T09:41:51+00:00\",\"breadcrumb\":{\"@id\":\"https:\/\/hobstop.ee\/lv\/produkts\/limlente-aleenes-tacky-line-rolls\/#breadcrumb\"},\"inLanguage\":\"lv-LV\",\"potentialAction\":[{\"@type\":\"ReadAction\",\"target\":[\"https:\/\/hobstop.ee\/lv\/produkts\/limlente-aleenes-tacky-line-rolls\/\"]}]},{\"@type\":\"ImageObject\",\"inLanguage\":\"lv-LV\",\"@id\":\"https:\/\/hobstop.ee\/lv\/produkts\/limlente-aleenes-tacky-line-rolls\/#primaryimage\",\"url\":\"https:\/\/hobstop.ee\/media\/4026.jpg\",\"contentUrl\":\"https:\/\/hobstop.ee\/media\/4026.jpg\",\"width\":1024,\"height\":768},{\"@type\":\"BreadcrumbList\",\"@id\":\"https:\/\/hobstop.ee\/lv\/produkts\/limlente-aleenes-tacky-line-rolls\/#breadcrumb\",\"itemListElement\":[{\"@type\":\"ListItem\",\"position\":1,\"name\":\"Avaleht\",\"item\":\"https:\/\/www.hobstop.ee\/lv\/\"},{\"@type\":\"ListItem\",\"position\":2,\"name\":\"Veikals\",\"item\":\"https:\/\/www.hobstop.ee\/lv\/veikals\/\"},{\"@type\":\"ListItem\",\"position\":3,\"name\":\"L\u012bmlente Aleene&#8217;s Tacky Line Rolls\"}]},{\"@type\":\"WebSite\",\"@id\":\"https:\/\/hobstop.ee\/lv\/#website\",\"url\":\"https:\/\/hobstop.ee\/lv\/\",\"name\":\"Skizze\",\"description\":\"M\u0101kslas, hobiju un skolas preces\",\"publisher\":{\"@id\":\"https:\/\/hobstop.ee\/lv\/#organization\"},\"potentialAction\":[{\"@type\":\"SearchAction\",\"target\":{\"@type\":\"EntryPoint\",\"urlTemplate\":\"https:\/\/hobstop.ee\/lv\/?s={search_term_string}\"},\"query-input\":{\"@type\":\"PropertyValueSpecification\",\"valueRequired\":true,\"valueName\":\"search_term_string\"}}],\"inLanguage\":\"lv-LV\"},{\"@type\":\"Organization\",\"@id\":\"https:\/\/hobstop.ee\/lv\/#organization\",\"name\":\"Vunder AS\",\"url\":\"https:\/\/hobstop.ee\/lv\/\",\"logo\":{\"@type\":\"ImageObject\",\"inLanguage\":\"lv-LV\",\"@id\":\"https:\/\/hobstop.ee\/lv\/#\/schema\/logo\/image\/\",\"url\":\"https:\/\/hobstop.ee\/media\/vunder-logo.png\",\"contentUrl\":\"https:\/\/hobstop.ee\/media\/vunder-logo.png\",\"width\":127,\"height\":55,\"caption\":\"Vunder AS\"},\"image\":{\"@id\":\"https:\/\/hobstop.ee\/lv\/#\/schema\/logo\/image\/\"},\"sameAs\":[\"http:\/\/www.facebook.com\/VunderSkizze\"]}]}<\/script>\n<!-- \/ Yoast SEO plugin. -->","yoast_head_json":{"title":"L\u012bmlente Aleene's Tacky Line Rolls &#8211; Skizze","robots":{"index":"noindex","follow":"follow","max-snippet":"max-snippet:-1","max-image-preview":"max-image-preview:large","max-video-preview":"max-video-preview:-1"},"og_locale":"lv_LV","og_type":"article","og_title":"L\u012bmlente Aleene's Tacky Line Rolls &#8211; Skizze","og_description":"Aleene\u2019s Tacky Line Roll b\u016bs lielisks pal\u012bgs, kad nepiecie\u0161ams kaut ko \u0101tri piel\u012bm\u0113t! Notur\u012bg\u0101s, izteikti lip\u012bg\u0101s l\u012bmes joslas ir \u0113rti nopl\u0113\u0161amas un uz caursp\u012bd\u012bgas pamatnes, lai iesp\u0113jami prec\u012bzi novietotu uz virsmas. Vienk\u0101r\u0161i nopl\u0113s aizsargpl\u0113v\u012bti un piel\u012bm\u0113 notur\u012bgam rezult\u0101tam! Lieliski piem\u0113rots pap\u012bra darbiem, albumiem, skolas projektiem un citiem darbiem.","og_url":"https:\/\/hobstop.ee\/lv\/produkts\/limlente-aleenes-tacky-line-rolls\/","og_site_name":"Skizze","article_publisher":"http:\/\/www.facebook.com\/VunderSkizze","og_image":[{"width":1024,"height":768,"url":"https:\/\/hobstop.ee\/media\/4026.jpg","type":"image\/jpeg"}],"twitter_card":"summary_large_image","schema":{"@context":"https:\/\/schema.org","@graph":[{"@type":"WebPage","@id":"https:\/\/hobstop.ee\/lv\/produkts\/limlente-aleenes-tacky-line-rolls\/","url":"https:\/\/hobstop.ee\/lv\/produkts\/limlente-aleenes-tacky-line-rolls\/","name":"L\u012bmlente Aleene's Tacky Line Rolls &#8211; Skizze","isPartOf":{"@id":"https:\/\/hobstop.ee\/lv\/#website"},"primaryImageOfPage":{"@id":"https:\/\/hobstop.ee\/lv\/produkts\/limlente-aleenes-tacky-line-rolls\/#primaryimage"},"image":{"@id":"https:\/\/hobstop.ee\/lv\/produkts\/limlente-aleenes-tacky-line-rolls\/#primaryimage"},"thumbnailUrl":"https:\/\/hobstop.ee\/media\/4026.jpg","datePublished":"2015-11-02T09:41:51+00:00","dateModified":"2015-11-02T09:41:51+00:00","breadcrumb":{"@id":"https:\/\/hobstop.ee\/lv\/produkts\/limlente-aleenes-tacky-line-rolls\/#breadcrumb"},"inLanguage":"lv-LV","potentialAction":[{"@type":"ReadAction","target":["https:\/\/hobstop.ee\/lv\/produkts\/limlente-aleenes-tacky-line-rolls\/"]}]},{"@type":"ImageObject","inLanguage":"lv-LV","@id":"https:\/\/hobstop.ee\/lv\/produkts\/limlente-aleenes-tacky-line-rolls\/#primaryimage","url":"https:\/\/hobstop.ee\/media\/4026.jpg","contentUrl":"https:\/\/hobstop.ee\/media\/4026.jpg","width":1024,"height":768},{"@type":"BreadcrumbList","@id":"https:\/\/hobstop.ee\/lv\/produkts\/limlente-aleenes-tacky-line-rolls\/#breadcrumb","itemListElement":[{"@type":"ListItem","position":1,"name":"Avaleht","item":"https:\/\/www.hobstop.ee\/lv\/"},{"@type":"ListItem","position":2,"name":"Veikals","item":"https:\/\/www.hobstop.ee\/lv\/veikals\/"},{"@type":"ListItem","position":3,"name":"L\u012bmlente Aleene&#8217;s Tacky Line Rolls"}]},{"@type":"WebSite","@id":"https:\/\/hobstop.ee\/lv\/#website","url":"https:\/\/hobstop.ee\/lv\/","name":"Skizze","description":"M\u0101kslas, hobiju un skolas preces","publisher":{"@id":"https:\/\/hobstop.ee\/lv\/#organization"},"potentialAction":[{"@type":"SearchAction","target":{"@type":"EntryPoint","urlTemplate":"https:\/\/hobstop.ee\/lv\/?s={search_term_string}"},"query-input":{"@type":"PropertyValueSpecification","valueRequired":true,"valueName":"search_term_string"}}],"inLanguage":"lv-LV"},{"@type":"Organization","@id":"https:\/\/hobstop.ee\/lv\/#organization","name":"Vunder AS","url":"https:\/\/hobstop.ee\/lv\/","logo":{"@type":"ImageObject","inLanguage":"lv-LV","@id":"https:\/\/hobstop.ee\/lv\/#\/schema\/logo\/image\/","url":"https:\/\/hobstop.ee\/media\/vunder-logo.png","contentUrl":"https:\/\/hobstop.ee\/media\/vunder-logo.png","width":127,"height":55,"caption":"Vunder AS"},"image":{"@id":"https:\/\/hobstop.ee\/lv\/#\/schema\/logo\/image\/"},"sameAs":["http:\/\/www.facebook.com\/VunderSkizze"]}]}},"_links":{"self":[{"href":"https:\/\/hobstop.ee\/lv\/wp-json\/wp\/v2\/product\/232496","targetHints":{"allow":["GET"]}}],"collection":[{"href":"https:\/\/hobstop.ee\/lv\/wp-json\/wp\/v2\/product"}],"about":[{"href":"https:\/\/hobstop.ee\/lv\/wp-json\/wp\/v2\/types\/product"}],"replies":[{"embeddable":true,"href":"https:\/\/hobstop.ee\/lv\/wp-json\/wp\/v2\/comments?post=232496"}],"wp:featuredmedia":[{"embeddable":true,"href":"https:\/\/hobstop.ee\/lv\/wp-json\/wp\/v2\/media\/233202"}],"wp:attachment":[{"href":"https:\/\/hobstop.ee\/lv\/wp-json\/wp\/v2\/media?parent=232496"}],"wp:term":[{"taxonomy":"product_cat","embeddable":true,"href":"https:\/\/hobstop.ee\/lv\/wp-json\/wp\/v2\/product_cat?post=232496"},{"taxonomy":"product_tag","embeddable":true,"href":"https:\/\/hobstop.ee\/lv\/wp-json\/wp\/v2\/product_tag?post=232496"}],"curies":[{"name":"wp","href":"https:\/\/api.w.org\/{rel}","templated":true}]}}