{"id":232504,"date":"2015-11-02T11:41:55","date_gmt":"2015-11-02T09:41:55","guid":{"rendered":"https:\/\/sharks.ee\/vunder_2019\/lv\/product\/rupnieciska-lime-liquid-fusion-clear-urethane\/"},"modified":"2015-11-02T11:41:55","modified_gmt":"2015-11-02T09:41:55","slug":"rupnieciska-lime-liquid-fusion-clear-urethane","status":"publish","type":"product","link":"https:\/\/hobstop.ee\/lv\/produkts\/rupnieciska-lime-liquid-fusion-clear-urethane\/","title":{"rendered":"R\u016bpniecisk\u0101 l\u012bme Liquid Fusion Clear Urethane"},"content":{"rendered":"<p>Liquid Fusion Clear Urethane Adhesive p\u0101rsp\u0113j ierast\u0101s poliuret\u0101na l\u012bmju robe\u017eas, nodro\u0161inot daudzpus\u012bgu, sp\u0113c\u012bgu rezult\u0101tu, kas nav toksisks, neputo un ir bez izteiktas smar\u017eas. T\u0101s patent\u0113tais, caursp\u012bd\u012bgais sast\u0101vs neticami sp\u0113c\u012bgi sal\u012bm\u0113 virsmas, veidojot \u016bdensiztur\u012bgu savienojumu ilgnotur\u012bgam rezult\u0101tam. Vienalga, cik liels ir veicamais darbs, ja ir nepiecie\u0161ams izteikti sp\u0113c\u012bgs darbar\u012bks, tad Liquid Fusion ir \u012bst\u0101 izv\u0113le. \u0100tri no\u017e\u016bst, paliek krist\u0101lcaursp\u012bd\u012bgs, var izmantot gan darbiem telp\u0101s, gan \u0101r\u0101. Vislab\u0101kie rezult\u0101ti ieg\u016bstami, l\u012bm\u0113jot ate\u013c\u013cotas virsmas k\u0101, piem\u0113ram, koku, akmeni, audumu, neglaz\u0113tu keramiku un citus. Var sal\u012bm\u0113t ar\u012b nelielas neporainas virsmas.<\/p>\n","protected":false},"excerpt":{"rendered":"<p>Liquid Fusion Clear Urethane Adhesive p\u0101rsp\u0113j ierast\u0101s poliuret\u0101na l\u012bmju robe\u017eas, nodro\u0161inot daudzpus\u012bgu, sp\u0113c\u012bgu rezult\u0101tu, kas nav toksisks, neputo un ir bez izteiktas smar\u017eas. T\u0101s patent\u0113tais, caursp\u012bd\u012bgais sast\u0101vs neticami sp\u0113c\u012bgi sal\u012bm\u0113 virsmas, veidojot \u016bdensiztur\u012bgu savienojumu ilgnotur\u012bgam rezult\u0101tam. Vienalga, cik liels ir veicamais darbs, ja ir nepiecie\u0161ams izteikti sp\u0113c\u012bgs darbar\u012bks, tad Liquid Fusion ir \u012bst\u0101 izv\u0113le. \u0100tri no\u017e\u016bst, paliek krist\u0101lcaursp\u012bd\u012bgs, var izmantot gan darbiem telp\u0101s, gan \u0101r\u0101. Vislab\u0101kie rezult\u0101ti ieg\u016bstami, l\u012bm\u0113jot ate\u013c\u013cotas virsmas k\u0101, piem\u0113ram, koku, akmeni, audumu, neglaz\u0113tu keramiku un citus. Var sal\u012bm\u0113t ar\u012b nelielas neporainas virsmas.<\/p>\n","protected":false},"featured_media":233210,"comment_status":"closed","ping_status":"closed","template":"","meta":{"_acf_changed":false,"ep_exclude_from_search":false},"product_cat":[17918,19846,19858],"product_tag":[],"class_list":{"0":"post-232504","1":"product","2":"type-product","3":"status-publish","4":"has-post-thumbnail","6":"product_cat-preces-hobijiem","7":"product_cat-rokdarbu-limes","8":"product_cat-rupnieciskas-limes","10":"first","11":"outofstock","12":"taxable","13":"shipping-taxable","14":"purchasable","15":"product-type-simple"},"acf":[],"yoast_head":"<!-- This site is optimized with the Yoast SEO plugin v24.1 - https:\/\/yoast.com\/wordpress\/plugins\/seo\/ -->\n<title>R\u016bpniecisk\u0101 l\u012bme Liquid Fusion Clear Urethane &#8211; Skizze<\/title>\n<meta name=\"robots\" content=\"noindex, follow, max-snippet:-1, max-image-preview:large, max-video-preview:-1\" \/>\n<meta property=\"og:locale\" content=\"lv_LV\" \/>\n<meta property=\"og:type\" content=\"article\" \/>\n<meta property=\"og:title\" content=\"R\u016bpniecisk\u0101 l\u012bme Liquid Fusion Clear Urethane &#8211; Skizze\" \/>\n<meta property=\"og:description\" content=\"Liquid Fusion Clear Urethane Adhesive p\u0101rsp\u0113j ierast\u0101s poliuret\u0101na l\u012bmju robe\u017eas, nodro\u0161inot daudzpus\u012bgu, sp\u0113c\u012bgu rezult\u0101tu, kas nav toksisks, neputo un ir bez izteiktas smar\u017eas. T\u0101s patent\u0113tais, caursp\u012bd\u012bgais sast\u0101vs neticami sp\u0113c\u012bgi sal\u012bm\u0113 virsmas, veidojot \u016bdensiztur\u012bgu savienojumu ilgnotur\u012bgam rezult\u0101tam. Vienalga, cik liels ir veicamais darbs, ja ir nepiecie\u0161ams izteikti sp\u0113c\u012bgs darbar\u012bks, tad Liquid Fusion ir \u012bst\u0101 izv\u0113le. \u0100tri no\u017e\u016bst, paliek krist\u0101lcaursp\u012bd\u012bgs, var izmantot gan darbiem telp\u0101s, gan \u0101r\u0101. Vislab\u0101kie rezult\u0101ti ieg\u016bstami, l\u012bm\u0113jot ate\u013c\u013cotas virsmas k\u0101, piem\u0113ram, koku, akmeni, audumu, neglaz\u0113tu keramiku un citus. Var sal\u012bm\u0113t ar\u012b nelielas neporainas virsmas.\" \/>\n<meta property=\"og:url\" content=\"https:\/\/hobstop.ee\/lv\/produkts\/rupnieciska-lime-liquid-fusion-clear-urethane\/\" \/>\n<meta property=\"og:site_name\" content=\"Skizze\" \/>\n<meta property=\"article:publisher\" content=\"http:\/\/www.facebook.com\/VunderSkizze\" \/>\n<meta property=\"og:image\" content=\"https:\/\/hobstop.ee\/media\/4028.jpg\" \/>\n\t<meta property=\"og:image:width\" content=\"1024\" \/>\n\t<meta property=\"og:image:height\" content=\"768\" \/>\n\t<meta property=\"og:image:type\" content=\"image\/jpeg\" \/>\n<meta name=\"twitter:card\" content=\"summary_large_image\" \/>\n<meta name=\"twitter:label1\" content=\"Est. reading time\" \/>\n\t<meta name=\"twitter:data1\" content=\"1 min\u016b\u0161u\" \/>\n<script type=\"application\/ld+json\" class=\"yoast-schema-graph\">{\"@context\":\"https:\/\/schema.org\",\"@graph\":[{\"@type\":\"WebPage\",\"@id\":\"https:\/\/hobstop.ee\/lv\/produkts\/rupnieciska-lime-liquid-fusion-clear-urethane\/\",\"url\":\"https:\/\/hobstop.ee\/lv\/produkts\/rupnieciska-lime-liquid-fusion-clear-urethane\/\",\"name\":\"R\u016bpniecisk\u0101 l\u012bme Liquid Fusion Clear Urethane &#8211; Skizze\",\"isPartOf\":{\"@id\":\"https:\/\/hobstop.ee\/lv\/#website\"},\"primaryImageOfPage\":{\"@id\":\"https:\/\/hobstop.ee\/lv\/produkts\/rupnieciska-lime-liquid-fusion-clear-urethane\/#primaryimage\"},\"image\":{\"@id\":\"https:\/\/hobstop.ee\/lv\/produkts\/rupnieciska-lime-liquid-fusion-clear-urethane\/#primaryimage\"},\"thumbnailUrl\":\"https:\/\/hobstop.ee\/media\/4028.jpg\",\"datePublished\":\"2015-11-02T09:41:55+00:00\",\"dateModified\":\"2015-11-02T09:41:55+00:00\",\"breadcrumb\":{\"@id\":\"https:\/\/hobstop.ee\/lv\/produkts\/rupnieciska-lime-liquid-fusion-clear-urethane\/#breadcrumb\"},\"inLanguage\":\"lv-LV\",\"potentialAction\":[{\"@type\":\"ReadAction\",\"target\":[\"https:\/\/hobstop.ee\/lv\/produkts\/rupnieciska-lime-liquid-fusion-clear-urethane\/\"]}]},{\"@type\":\"ImageObject\",\"inLanguage\":\"lv-LV\",\"@id\":\"https:\/\/hobstop.ee\/lv\/produkts\/rupnieciska-lime-liquid-fusion-clear-urethane\/#primaryimage\",\"url\":\"https:\/\/hobstop.ee\/media\/4028.jpg\",\"contentUrl\":\"https:\/\/hobstop.ee\/media\/4028.jpg\",\"width\":1024,\"height\":768},{\"@type\":\"BreadcrumbList\",\"@id\":\"https:\/\/hobstop.ee\/lv\/produkts\/rupnieciska-lime-liquid-fusion-clear-urethane\/#breadcrumb\",\"itemListElement\":[{\"@type\":\"ListItem\",\"position\":1,\"name\":\"Avaleht\",\"item\":\"https:\/\/hobstop.ee\/lv\/\"},{\"@type\":\"ListItem\",\"position\":2,\"name\":\"Veikals\",\"item\":\"https:\/\/hobstop.ee\/lv\/veikals\/\"},{\"@type\":\"ListItem\",\"position\":3,\"name\":\"R\u016bpniecisk\u0101 l\u012bme Liquid Fusion Clear Urethane\"}]},{\"@type\":\"WebSite\",\"@id\":\"https:\/\/hobstop.ee\/lv\/#website\",\"url\":\"https:\/\/hobstop.ee\/lv\/\",\"name\":\"Skizze\",\"description\":\"M\u0101kslas, hobiju un skolas preces\",\"publisher\":{\"@id\":\"https:\/\/hobstop.ee\/lv\/#organization\"},\"potentialAction\":[{\"@type\":\"SearchAction\",\"target\":{\"@type\":\"EntryPoint\",\"urlTemplate\":\"https:\/\/hobstop.ee\/lv\/?s={search_term_string}\"},\"query-input\":{\"@type\":\"PropertyValueSpecification\",\"valueRequired\":true,\"valueName\":\"search_term_string\"}}],\"inLanguage\":\"lv-LV\"},{\"@type\":\"Organization\",\"@id\":\"https:\/\/hobstop.ee\/lv\/#organization\",\"name\":\"Vunder AS\",\"url\":\"https:\/\/hobstop.ee\/lv\/\",\"logo\":{\"@type\":\"ImageObject\",\"inLanguage\":\"lv-LV\",\"@id\":\"https:\/\/hobstop.ee\/lv\/#\/schema\/logo\/image\/\",\"url\":\"https:\/\/hobstop.ee\/media\/vunder-logo.png\",\"contentUrl\":\"https:\/\/hobstop.ee\/media\/vunder-logo.png\",\"width\":127,\"height\":55,\"caption\":\"Vunder AS\"},\"image\":{\"@id\":\"https:\/\/hobstop.ee\/lv\/#\/schema\/logo\/image\/\"},\"sameAs\":[\"http:\/\/www.facebook.com\/VunderSkizze\"]}]}<\/script>\n<!-- \/ Yoast SEO plugin. -->","yoast_head_json":{"title":"R\u016bpniecisk\u0101 l\u012bme Liquid Fusion Clear Urethane &#8211; Skizze","robots":{"index":"noindex","follow":"follow","max-snippet":"max-snippet:-1","max-image-preview":"max-image-preview:large","max-video-preview":"max-video-preview:-1"},"og_locale":"lv_LV","og_type":"article","og_title":"R\u016bpniecisk\u0101 l\u012bme Liquid Fusion Clear Urethane &#8211; Skizze","og_description":"Liquid Fusion Clear Urethane Adhesive p\u0101rsp\u0113j ierast\u0101s poliuret\u0101na l\u012bmju robe\u017eas, nodro\u0161inot daudzpus\u012bgu, sp\u0113c\u012bgu rezult\u0101tu, kas nav toksisks, neputo un ir bez izteiktas smar\u017eas. T\u0101s patent\u0113tais, caursp\u012bd\u012bgais sast\u0101vs neticami sp\u0113c\u012bgi sal\u012bm\u0113 virsmas, veidojot \u016bdensiztur\u012bgu savienojumu ilgnotur\u012bgam rezult\u0101tam. Vienalga, cik liels ir veicamais darbs, ja ir nepiecie\u0161ams izteikti sp\u0113c\u012bgs darbar\u012bks, tad Liquid Fusion ir \u012bst\u0101 izv\u0113le. \u0100tri no\u017e\u016bst, paliek krist\u0101lcaursp\u012bd\u012bgs, var izmantot gan darbiem telp\u0101s, gan \u0101r\u0101. Vislab\u0101kie rezult\u0101ti ieg\u016bstami, l\u012bm\u0113jot ate\u013c\u013cotas virsmas k\u0101, piem\u0113ram, koku, akmeni, audumu, neglaz\u0113tu keramiku un citus. Var sal\u012bm\u0113t ar\u012b nelielas neporainas virsmas.","og_url":"https:\/\/hobstop.ee\/lv\/produkts\/rupnieciska-lime-liquid-fusion-clear-urethane\/","og_site_name":"Skizze","article_publisher":"http:\/\/www.facebook.com\/VunderSkizze","og_image":[{"width":1024,"height":768,"url":"https:\/\/hobstop.ee\/media\/4028.jpg","type":"image\/jpeg"}],"twitter_card":"summary_large_image","twitter_misc":{"Est. reading time":"1 min\u016b\u0161u"},"schema":{"@context":"https:\/\/schema.org","@graph":[{"@type":"WebPage","@id":"https:\/\/hobstop.ee\/lv\/produkts\/rupnieciska-lime-liquid-fusion-clear-urethane\/","url":"https:\/\/hobstop.ee\/lv\/produkts\/rupnieciska-lime-liquid-fusion-clear-urethane\/","name":"R\u016bpniecisk\u0101 l\u012bme Liquid Fusion Clear Urethane &#8211; Skizze","isPartOf":{"@id":"https:\/\/hobstop.ee\/lv\/#website"},"primaryImageOfPage":{"@id":"https:\/\/hobstop.ee\/lv\/produkts\/rupnieciska-lime-liquid-fusion-clear-urethane\/#primaryimage"},"image":{"@id":"https:\/\/hobstop.ee\/lv\/produkts\/rupnieciska-lime-liquid-fusion-clear-urethane\/#primaryimage"},"thumbnailUrl":"https:\/\/hobstop.ee\/media\/4028.jpg","datePublished":"2015-11-02T09:41:55+00:00","dateModified":"2015-11-02T09:41:55+00:00","breadcrumb":{"@id":"https:\/\/hobstop.ee\/lv\/produkts\/rupnieciska-lime-liquid-fusion-clear-urethane\/#breadcrumb"},"inLanguage":"lv-LV","potentialAction":[{"@type":"ReadAction","target":["https:\/\/hobstop.ee\/lv\/produkts\/rupnieciska-lime-liquid-fusion-clear-urethane\/"]}]},{"@type":"ImageObject","inLanguage":"lv-LV","@id":"https:\/\/hobstop.ee\/lv\/produkts\/rupnieciska-lime-liquid-fusion-clear-urethane\/#primaryimage","url":"https:\/\/hobstop.ee\/media\/4028.jpg","contentUrl":"https:\/\/hobstop.ee\/media\/4028.jpg","width":1024,"height":768},{"@type":"BreadcrumbList","@id":"https:\/\/hobstop.ee\/lv\/produkts\/rupnieciska-lime-liquid-fusion-clear-urethane\/#breadcrumb","itemListElement":[{"@type":"ListItem","position":1,"name":"Avaleht","item":"https:\/\/hobstop.ee\/lv\/"},{"@type":"ListItem","position":2,"name":"Veikals","item":"https:\/\/hobstop.ee\/lv\/veikals\/"},{"@type":"ListItem","position":3,"name":"R\u016bpniecisk\u0101 l\u012bme Liquid Fusion Clear Urethane"}]},{"@type":"WebSite","@id":"https:\/\/hobstop.ee\/lv\/#website","url":"https:\/\/hobstop.ee\/lv\/","name":"Skizze","description":"M\u0101kslas, hobiju un skolas preces","publisher":{"@id":"https:\/\/hobstop.ee\/lv\/#organization"},"potentialAction":[{"@type":"SearchAction","target":{"@type":"EntryPoint","urlTemplate":"https:\/\/hobstop.ee\/lv\/?s={search_term_string}"},"query-input":{"@type":"PropertyValueSpecification","valueRequired":true,"valueName":"search_term_string"}}],"inLanguage":"lv-LV"},{"@type":"Organization","@id":"https:\/\/hobstop.ee\/lv\/#organization","name":"Vunder AS","url":"https:\/\/hobstop.ee\/lv\/","logo":{"@type":"ImageObject","inLanguage":"lv-LV","@id":"https:\/\/hobstop.ee\/lv\/#\/schema\/logo\/image\/","url":"https:\/\/hobstop.ee\/media\/vunder-logo.png","contentUrl":"https:\/\/hobstop.ee\/media\/vunder-logo.png","width":127,"height":55,"caption":"Vunder AS"},"image":{"@id":"https:\/\/hobstop.ee\/lv\/#\/schema\/logo\/image\/"},"sameAs":["http:\/\/www.facebook.com\/VunderSkizze"]}]}},"_links":{"self":[{"href":"https:\/\/hobstop.ee\/lv\/wp-json\/wp\/v2\/product\/232504","targetHints":{"allow":["GET"]}}],"collection":[{"href":"https:\/\/hobstop.ee\/lv\/wp-json\/wp\/v2\/product"}],"about":[{"href":"https:\/\/hobstop.ee\/lv\/wp-json\/wp\/v2\/types\/product"}],"replies":[{"embeddable":true,"href":"https:\/\/hobstop.ee\/lv\/wp-json\/wp\/v2\/comments?post=232504"}],"wp:featuredmedia":[{"embeddable":true,"href":"https:\/\/hobstop.ee\/lv\/wp-json\/wp\/v2\/media\/233210"}],"wp:attachment":[{"href":"https:\/\/hobstop.ee\/lv\/wp-json\/wp\/v2\/media?parent=232504"}],"wp:term":[{"taxonomy":"product_cat","embeddable":true,"href":"https:\/\/hobstop.ee\/lv\/wp-json\/wp\/v2\/product_cat?post=232504"},{"taxonomy":"product_tag","embeddable":true,"href":"https:\/\/hobstop.ee\/lv\/wp-json\/wp\/v2\/product_tag?post=232504"}],"curies":[{"name":"wp","href":"https:\/\/api.w.org\/{rel}","templated":true}]}}