{"id":232508,"date":"2015-11-02T11:41:57","date_gmt":"2015-11-02T09:41:57","guid":{"rendered":"https:\/\/sharks.ee\/vunder_2019\/lv\/product\/universala-lime-aleenes-clear-gel-tacky\/"},"modified":"2015-11-02T11:41:57","modified_gmt":"2015-11-02T09:41:57","slug":"universala-lime-aleenes-clear-gel-tacky","status":"publish","type":"product","link":"https:\/\/hobstop.ee\/lv\/produkts\/universala-lime-aleenes-clear-gel-tacky\/","title":{"rendered":"Univers\u0101l\u0101 l\u012bme Aleene&#8217;s Clear Gel Tacky"},"content":{"rendered":"<p>Aleene&#8217;s Clear Gel Tacky Glue ir bieza, izteikti lip\u012bga, satrieco\u0161i caursp\u012bd\u012bga l\u012bme! Lieliski piem\u0113rota da\u017e\u0101du virsmu l\u012bm\u0113\u0161anai, ir daudzpus\u012bga, nav toksiska. No\u017e\u016bstot paliek krist\u0101lcaursp\u012bd\u012bga, t\u0101d\u0113\u013c nevajadz\u0113s raiz\u0113ties par tum\u0161\u0101m paliek\u0101m uz veicam\u0101 darba virsmas.  Aleene&#8217;s Clear Gel Tacky Glue ir \u012bst\u0101 izv\u0113le, ja nepiecie\u0161ama notur\u012bga, caursp\u012bd\u012bga l\u012bme.<\/p>\n","protected":false},"excerpt":{"rendered":"<p>Aleene&#8217;s Clear Gel Tacky Glue ir bieza, izteikti lip\u012bga, satrieco\u0161i caursp\u012bd\u012bga l\u012bme! Lieliski piem\u0113rota da\u017e\u0101du virsmu l\u012bm\u0113\u0161anai, ir daudzpus\u012bga, nav toksiska. No\u017e\u016bstot paliek krist\u0101lcaursp\u012bd\u012bga, t\u0101d\u0113\u013c nevajadz\u0113s raiz\u0113ties par tum\u0161\u0101m paliek\u0101m uz veicam\u0101 darba virsmas. Aleene&#8217;s Clear Gel Tacky Glue ir \u012bst\u0101 izv\u0113le, ja nepiecie\u0161ama notur\u012bga, caursp\u012bd\u012bga l\u012bme.<\/p>\n","protected":false},"featured_media":233224,"comment_status":"closed","ping_status":"closed","template":"","meta":{"_acf_changed":false,"ep_exclude_from_search":false},"product_cat":[17918,19846,19849],"product_tag":[],"class_list":{"0":"post-232508","1":"product","2":"type-product","3":"status-publish","4":"has-post-thumbnail","6":"product_cat-preces-hobijiem","7":"product_cat-rokdarbu-limes","8":"product_cat-universalas-limes","10":"first","11":"instock","12":"taxable","13":"shipping-taxable","14":"purchasable","15":"product-type-simple"},"acf":[],"yoast_head":"<!-- This site is optimized with the Yoast SEO plugin v24.1 - https:\/\/yoast.com\/wordpress\/plugins\/seo\/ -->\n<title>Univers\u0101l\u0101 l\u012bme Aleene&#039;s Clear Gel Tacky &#8211; Skizze<\/title>\n<meta name=\"robots\" content=\"noindex, follow, max-snippet:-1, max-image-preview:large, max-video-preview:-1\" \/>\n<meta property=\"og:locale\" content=\"lv_LV\" \/>\n<meta property=\"og:type\" content=\"article\" \/>\n<meta property=\"og:title\" content=\"Univers\u0101l\u0101 l\u012bme Aleene&#039;s Clear Gel Tacky &#8211; Skizze\" \/>\n<meta property=\"og:description\" content=\"Aleene&#8217;s Clear Gel Tacky Glue ir bieza, izteikti lip\u012bga, satrieco\u0161i caursp\u012bd\u012bga l\u012bme! Lieliski piem\u0113rota da\u017e\u0101du virsmu l\u012bm\u0113\u0161anai, ir daudzpus\u012bga, nav toksiska. No\u017e\u016bstot paliek krist\u0101lcaursp\u012bd\u012bga, t\u0101d\u0113\u013c nevajadz\u0113s raiz\u0113ties par tum\u0161\u0101m paliek\u0101m uz veicam\u0101 darba virsmas. Aleene&#8217;s Clear Gel Tacky Glue ir \u012bst\u0101 izv\u0113le, ja nepiecie\u0161ama notur\u012bga, caursp\u012bd\u012bga l\u012bme.\" \/>\n<meta property=\"og:url\" content=\"https:\/\/hobstop.ee\/lv\/produkts\/universala-lime-aleenes-clear-gel-tacky\/\" \/>\n<meta property=\"og:site_name\" content=\"Skizze\" \/>\n<meta property=\"article:publisher\" content=\"http:\/\/www.facebook.com\/VunderSkizze\" \/>\n<meta property=\"og:image\" content=\"https:\/\/hobstop.ee\/media\/4029.jpg\" \/>\n\t<meta property=\"og:image:width\" content=\"1024\" \/>\n\t<meta property=\"og:image:height\" content=\"768\" \/>\n\t<meta property=\"og:image:type\" content=\"image\/jpeg\" \/>\n<meta name=\"twitter:card\" content=\"summary_large_image\" \/>\n<script type=\"application\/ld+json\" class=\"yoast-schema-graph\">{\"@context\":\"https:\/\/schema.org\",\"@graph\":[{\"@type\":\"WebPage\",\"@id\":\"https:\/\/hobstop.ee\/lv\/produkts\/universala-lime-aleenes-clear-gel-tacky\/\",\"url\":\"https:\/\/hobstop.ee\/lv\/produkts\/universala-lime-aleenes-clear-gel-tacky\/\",\"name\":\"Univers\u0101l\u0101 l\u012bme Aleene's Clear Gel Tacky &#8211; Skizze\",\"isPartOf\":{\"@id\":\"https:\/\/hobstop.ee\/lv\/#website\"},\"primaryImageOfPage\":{\"@id\":\"https:\/\/hobstop.ee\/lv\/produkts\/universala-lime-aleenes-clear-gel-tacky\/#primaryimage\"},\"image\":{\"@id\":\"https:\/\/hobstop.ee\/lv\/produkts\/universala-lime-aleenes-clear-gel-tacky\/#primaryimage\"},\"thumbnailUrl\":\"https:\/\/hobstop.ee\/media\/4029.jpg\",\"datePublished\":\"2015-11-02T09:41:57+00:00\",\"dateModified\":\"2015-11-02T09:41:57+00:00\",\"breadcrumb\":{\"@id\":\"https:\/\/hobstop.ee\/lv\/produkts\/universala-lime-aleenes-clear-gel-tacky\/#breadcrumb\"},\"inLanguage\":\"lv-LV\",\"potentialAction\":[{\"@type\":\"ReadAction\",\"target\":[\"https:\/\/hobstop.ee\/lv\/produkts\/universala-lime-aleenes-clear-gel-tacky\/\"]}]},{\"@type\":\"ImageObject\",\"inLanguage\":\"lv-LV\",\"@id\":\"https:\/\/hobstop.ee\/lv\/produkts\/universala-lime-aleenes-clear-gel-tacky\/#primaryimage\",\"url\":\"https:\/\/hobstop.ee\/media\/4029.jpg\",\"contentUrl\":\"https:\/\/hobstop.ee\/media\/4029.jpg\",\"width\":1024,\"height\":768},{\"@type\":\"BreadcrumbList\",\"@id\":\"https:\/\/hobstop.ee\/lv\/produkts\/universala-lime-aleenes-clear-gel-tacky\/#breadcrumb\",\"itemListElement\":[{\"@type\":\"ListItem\",\"position\":1,\"name\":\"Avaleht\",\"item\":\"https:\/\/hobstop.ee\/lv\/\"},{\"@type\":\"ListItem\",\"position\":2,\"name\":\"Veikals\",\"item\":\"https:\/\/hobstop.ee\/lv\/veikals\/\"},{\"@type\":\"ListItem\",\"position\":3,\"name\":\"Univers\u0101l\u0101 l\u012bme Aleene&#8217;s Clear Gel Tacky\"}]},{\"@type\":\"WebSite\",\"@id\":\"https:\/\/hobstop.ee\/lv\/#website\",\"url\":\"https:\/\/hobstop.ee\/lv\/\",\"name\":\"Skizze\",\"description\":\"M\u0101kslas, hobiju un skolas preces\",\"publisher\":{\"@id\":\"https:\/\/hobstop.ee\/lv\/#organization\"},\"potentialAction\":[{\"@type\":\"SearchAction\",\"target\":{\"@type\":\"EntryPoint\",\"urlTemplate\":\"https:\/\/hobstop.ee\/lv\/?s={search_term_string}\"},\"query-input\":{\"@type\":\"PropertyValueSpecification\",\"valueRequired\":true,\"valueName\":\"search_term_string\"}}],\"inLanguage\":\"lv-LV\"},{\"@type\":\"Organization\",\"@id\":\"https:\/\/hobstop.ee\/lv\/#organization\",\"name\":\"Vunder AS\",\"url\":\"https:\/\/hobstop.ee\/lv\/\",\"logo\":{\"@type\":\"ImageObject\",\"inLanguage\":\"lv-LV\",\"@id\":\"https:\/\/hobstop.ee\/lv\/#\/schema\/logo\/image\/\",\"url\":\"https:\/\/hobstop.ee\/media\/vunder-logo.png\",\"contentUrl\":\"https:\/\/hobstop.ee\/media\/vunder-logo.png\",\"width\":127,\"height\":55,\"caption\":\"Vunder AS\"},\"image\":{\"@id\":\"https:\/\/hobstop.ee\/lv\/#\/schema\/logo\/image\/\"},\"sameAs\":[\"http:\/\/www.facebook.com\/VunderSkizze\"]}]}<\/script>\n<!-- \/ Yoast SEO plugin. -->","yoast_head_json":{"title":"Univers\u0101l\u0101 l\u012bme Aleene's Clear Gel Tacky &#8211; Skizze","robots":{"index":"noindex","follow":"follow","max-snippet":"max-snippet:-1","max-image-preview":"max-image-preview:large","max-video-preview":"max-video-preview:-1"},"og_locale":"lv_LV","og_type":"article","og_title":"Univers\u0101l\u0101 l\u012bme Aleene's Clear Gel Tacky &#8211; Skizze","og_description":"Aleene&#8217;s Clear Gel Tacky Glue ir bieza, izteikti lip\u012bga, satrieco\u0161i caursp\u012bd\u012bga l\u012bme! Lieliski piem\u0113rota da\u017e\u0101du virsmu l\u012bm\u0113\u0161anai, ir daudzpus\u012bga, nav toksiska. No\u017e\u016bstot paliek krist\u0101lcaursp\u012bd\u012bga, t\u0101d\u0113\u013c nevajadz\u0113s raiz\u0113ties par tum\u0161\u0101m paliek\u0101m uz veicam\u0101 darba virsmas. Aleene&#8217;s Clear Gel Tacky Glue ir \u012bst\u0101 izv\u0113le, ja nepiecie\u0161ama notur\u012bga, caursp\u012bd\u012bga l\u012bme.","og_url":"https:\/\/hobstop.ee\/lv\/produkts\/universala-lime-aleenes-clear-gel-tacky\/","og_site_name":"Skizze","article_publisher":"http:\/\/www.facebook.com\/VunderSkizze","og_image":[{"width":1024,"height":768,"url":"https:\/\/hobstop.ee\/media\/4029.jpg","type":"image\/jpeg"}],"twitter_card":"summary_large_image","schema":{"@context":"https:\/\/schema.org","@graph":[{"@type":"WebPage","@id":"https:\/\/hobstop.ee\/lv\/produkts\/universala-lime-aleenes-clear-gel-tacky\/","url":"https:\/\/hobstop.ee\/lv\/produkts\/universala-lime-aleenes-clear-gel-tacky\/","name":"Univers\u0101l\u0101 l\u012bme Aleene's Clear Gel Tacky &#8211; Skizze","isPartOf":{"@id":"https:\/\/hobstop.ee\/lv\/#website"},"primaryImageOfPage":{"@id":"https:\/\/hobstop.ee\/lv\/produkts\/universala-lime-aleenes-clear-gel-tacky\/#primaryimage"},"image":{"@id":"https:\/\/hobstop.ee\/lv\/produkts\/universala-lime-aleenes-clear-gel-tacky\/#primaryimage"},"thumbnailUrl":"https:\/\/hobstop.ee\/media\/4029.jpg","datePublished":"2015-11-02T09:41:57+00:00","dateModified":"2015-11-02T09:41:57+00:00","breadcrumb":{"@id":"https:\/\/hobstop.ee\/lv\/produkts\/universala-lime-aleenes-clear-gel-tacky\/#breadcrumb"},"inLanguage":"lv-LV","potentialAction":[{"@type":"ReadAction","target":["https:\/\/hobstop.ee\/lv\/produkts\/universala-lime-aleenes-clear-gel-tacky\/"]}]},{"@type":"ImageObject","inLanguage":"lv-LV","@id":"https:\/\/hobstop.ee\/lv\/produkts\/universala-lime-aleenes-clear-gel-tacky\/#primaryimage","url":"https:\/\/hobstop.ee\/media\/4029.jpg","contentUrl":"https:\/\/hobstop.ee\/media\/4029.jpg","width":1024,"height":768},{"@type":"BreadcrumbList","@id":"https:\/\/hobstop.ee\/lv\/produkts\/universala-lime-aleenes-clear-gel-tacky\/#breadcrumb","itemListElement":[{"@type":"ListItem","position":1,"name":"Avaleht","item":"https:\/\/hobstop.ee\/lv\/"},{"@type":"ListItem","position":2,"name":"Veikals","item":"https:\/\/hobstop.ee\/lv\/veikals\/"},{"@type":"ListItem","position":3,"name":"Univers\u0101l\u0101 l\u012bme Aleene&#8217;s Clear Gel Tacky"}]},{"@type":"WebSite","@id":"https:\/\/hobstop.ee\/lv\/#website","url":"https:\/\/hobstop.ee\/lv\/","name":"Skizze","description":"M\u0101kslas, hobiju un skolas preces","publisher":{"@id":"https:\/\/hobstop.ee\/lv\/#organization"},"potentialAction":[{"@type":"SearchAction","target":{"@type":"EntryPoint","urlTemplate":"https:\/\/hobstop.ee\/lv\/?s={search_term_string}"},"query-input":{"@type":"PropertyValueSpecification","valueRequired":true,"valueName":"search_term_string"}}],"inLanguage":"lv-LV"},{"@type":"Organization","@id":"https:\/\/hobstop.ee\/lv\/#organization","name":"Vunder AS","url":"https:\/\/hobstop.ee\/lv\/","logo":{"@type":"ImageObject","inLanguage":"lv-LV","@id":"https:\/\/hobstop.ee\/lv\/#\/schema\/logo\/image\/","url":"https:\/\/hobstop.ee\/media\/vunder-logo.png","contentUrl":"https:\/\/hobstop.ee\/media\/vunder-logo.png","width":127,"height":55,"caption":"Vunder AS"},"image":{"@id":"https:\/\/hobstop.ee\/lv\/#\/schema\/logo\/image\/"},"sameAs":["http:\/\/www.facebook.com\/VunderSkizze"]}]}},"_links":{"self":[{"href":"https:\/\/hobstop.ee\/lv\/wp-json\/wp\/v2\/product\/232508","targetHints":{"allow":["GET"]}}],"collection":[{"href":"https:\/\/hobstop.ee\/lv\/wp-json\/wp\/v2\/product"}],"about":[{"href":"https:\/\/hobstop.ee\/lv\/wp-json\/wp\/v2\/types\/product"}],"replies":[{"embeddable":true,"href":"https:\/\/hobstop.ee\/lv\/wp-json\/wp\/v2\/comments?post=232508"}],"wp:featuredmedia":[{"embeddable":true,"href":"https:\/\/hobstop.ee\/lv\/wp-json\/wp\/v2\/media\/233224"}],"wp:attachment":[{"href":"https:\/\/hobstop.ee\/lv\/wp-json\/wp\/v2\/media?parent=232508"}],"wp:term":[{"taxonomy":"product_cat","embeddable":true,"href":"https:\/\/hobstop.ee\/lv\/wp-json\/wp\/v2\/product_cat?post=232508"},{"taxonomy":"product_tag","embeddable":true,"href":"https:\/\/hobstop.ee\/lv\/wp-json\/wp\/v2\/product_tag?post=232508"}],"curies":[{"name":"wp","href":"https:\/\/api.w.org\/{rel}","templated":true}]}}