{"id":232536,"date":"2015-11-02T11:42:26","date_gmt":"2015-11-02T09:42:26","guid":{"rendered":"https:\/\/sharks.ee\/vunder_2019\/lv\/product\/skidra-krita-markieris-apli\/"},"modified":"2015-11-02T11:42:26","modified_gmt":"2015-11-02T09:42:26","slug":"skidra-krita-markieris-apli","status":"publish","type":"product","link":"https:\/\/hobstop.ee\/lv\/produkts\/skidra-krita-markieris-apli\/","title":{"rendered":"\u0160\u0137idr\u0101 kr\u012bta mar\u0137ieris Apli"},"content":{"rendered":"<p>Ar Apli \u0161\u0137idr\u0101 kr\u012bta mar\u0137ieriem ir viegli rakst\u012bt. Tie lieliski noder svar\u012bgas inform\u0101cijas izcel\u0161an\u0101 un veikalu skatlogu rot\u0101\u0161an\u0101. Viegli not\u012br\u0101mi ar mitru dr\u0101ni\u0146u. Piem\u0113roti izmanto\u0161anai biroj\u0101, skol\u0101, tirdzniec\u012bb\u0101, k\u0101 ar\u012b m\u0101jas apst\u0101k\u013cos.<\/p>\n","protected":false},"excerpt":{"rendered":"<p>Ar Apli \u0161\u0137idr\u0101 kr\u012bta mar\u0137ieriem ir viegli rakst\u012bt. Tie lieliski noder svar\u012bgas inform\u0101cijas izcel\u0161an\u0101 un veikalu skatlogu rot\u0101\u0161an\u0101. Viegli not\u012br\u0101mi ar mitru dr\u0101ni\u0146u. Piem\u0113roti izmanto\u0161anai biroj\u0101, skol\u0101, tirdzniec\u012bb\u0101, k\u0101 ar\u012b m\u0101jas apst\u0101k\u013cos.<\/p>\n","protected":false},"featured_media":233281,"comment_status":"closed","ping_status":"closed","template":"","meta":{"_acf_changed":false,"ep_exclude_from_search":false},"product_cat":[18146,17916,18633],"product_tag":[],"class_list":{"0":"post-232536","1":"product","2":"type-product","3":"status-publish","4":"has-post-thumbnail","6":"product_cat-kriti","7":"product_cat-preces-skolai","8":"product_cat-zimesanas-piederumi-2","10":"first","11":"outofstock","12":"taxable","13":"shipping-taxable","14":"purchasable","15":"product-type-simple"},"acf":[],"yoast_head":"<!-- This site is optimized with the Yoast SEO plugin v24.1 - https:\/\/yoast.com\/wordpress\/plugins\/seo\/ -->\n<title>\u0160\u0137idr\u0101 kr\u012bta mar\u0137ieris Apli &#8211; Skizze<\/title>\n<meta name=\"robots\" content=\"noindex, follow, max-snippet:-1, max-image-preview:large, max-video-preview:-1\" \/>\n<meta property=\"og:locale\" content=\"lv_LV\" \/>\n<meta property=\"og:type\" content=\"article\" \/>\n<meta property=\"og:title\" content=\"\u0160\u0137idr\u0101 kr\u012bta mar\u0137ieris Apli &#8211; Skizze\" \/>\n<meta property=\"og:description\" content=\"Ar Apli \u0161\u0137idr\u0101 kr\u012bta mar\u0137ieriem ir viegli rakst\u012bt. Tie lieliski noder svar\u012bgas inform\u0101cijas izcel\u0161an\u0101 un veikalu skatlogu rot\u0101\u0161an\u0101. Viegli not\u012br\u0101mi ar mitru dr\u0101ni\u0146u. Piem\u0113roti izmanto\u0161anai biroj\u0101, skol\u0101, tirdzniec\u012bb\u0101, k\u0101 ar\u012b m\u0101jas apst\u0101k\u013cos.\" \/>\n<meta property=\"og:url\" content=\"https:\/\/hobstop.ee\/lv\/produkts\/skidra-krita-markieris-apli\/\" \/>\n<meta property=\"og:site_name\" content=\"Skizze\" \/>\n<meta property=\"article:publisher\" content=\"http:\/\/www.facebook.com\/VunderSkizze\" \/>\n<meta property=\"og:image\" content=\"https:\/\/hobstop.ee\/media\/4038.jpg\" \/>\n\t<meta property=\"og:image:width\" content=\"1024\" \/>\n\t<meta property=\"og:image:height\" content=\"768\" \/>\n\t<meta property=\"og:image:type\" content=\"image\/jpeg\" \/>\n<meta name=\"twitter:card\" content=\"summary_large_image\" \/>\n<script type=\"application\/ld+json\" class=\"yoast-schema-graph\">{\"@context\":\"https:\/\/schema.org\",\"@graph\":[{\"@type\":\"WebPage\",\"@id\":\"https:\/\/hobstop.ee\/lv\/produkts\/skidra-krita-markieris-apli\/\",\"url\":\"https:\/\/hobstop.ee\/lv\/produkts\/skidra-krita-markieris-apli\/\",\"name\":\"\u0160\u0137idr\u0101 kr\u012bta mar\u0137ieris Apli &#8211; Skizze\",\"isPartOf\":{\"@id\":\"https:\/\/hobstop.ee\/lv\/#website\"},\"primaryImageOfPage\":{\"@id\":\"https:\/\/hobstop.ee\/lv\/produkts\/skidra-krita-markieris-apli\/#primaryimage\"},\"image\":{\"@id\":\"https:\/\/hobstop.ee\/lv\/produkts\/skidra-krita-markieris-apli\/#primaryimage\"},\"thumbnailUrl\":\"https:\/\/hobstop.ee\/media\/4038.jpg\",\"datePublished\":\"2015-11-02T09:42:26+00:00\",\"dateModified\":\"2015-11-02T09:42:26+00:00\",\"breadcrumb\":{\"@id\":\"https:\/\/hobstop.ee\/lv\/produkts\/skidra-krita-markieris-apli\/#breadcrumb\"},\"inLanguage\":\"lv-LV\",\"potentialAction\":[{\"@type\":\"ReadAction\",\"target\":[\"https:\/\/hobstop.ee\/lv\/produkts\/skidra-krita-markieris-apli\/\"]}]},{\"@type\":\"ImageObject\",\"inLanguage\":\"lv-LV\",\"@id\":\"https:\/\/hobstop.ee\/lv\/produkts\/skidra-krita-markieris-apli\/#primaryimage\",\"url\":\"https:\/\/hobstop.ee\/media\/4038.jpg\",\"contentUrl\":\"https:\/\/hobstop.ee\/media\/4038.jpg\",\"width\":1024,\"height\":768},{\"@type\":\"BreadcrumbList\",\"@id\":\"https:\/\/hobstop.ee\/lv\/produkts\/skidra-krita-markieris-apli\/#breadcrumb\",\"itemListElement\":[{\"@type\":\"ListItem\",\"position\":1,\"name\":\"Avaleht\",\"item\":\"https:\/\/www.hobstop.ee\/lv\/\"},{\"@type\":\"ListItem\",\"position\":2,\"name\":\"Veikals\",\"item\":\"https:\/\/www.hobstop.ee\/lv\/veikals\/\"},{\"@type\":\"ListItem\",\"position\":3,\"name\":\"\u0160\u0137idr\u0101 kr\u012bta mar\u0137ieris Apli\"}]},{\"@type\":\"WebSite\",\"@id\":\"https:\/\/hobstop.ee\/lv\/#website\",\"url\":\"https:\/\/hobstop.ee\/lv\/\",\"name\":\"Skizze\",\"description\":\"M\u0101kslas, hobiju un skolas preces\",\"publisher\":{\"@id\":\"https:\/\/hobstop.ee\/lv\/#organization\"},\"potentialAction\":[{\"@type\":\"SearchAction\",\"target\":{\"@type\":\"EntryPoint\",\"urlTemplate\":\"https:\/\/hobstop.ee\/lv\/?s={search_term_string}\"},\"query-input\":{\"@type\":\"PropertyValueSpecification\",\"valueRequired\":true,\"valueName\":\"search_term_string\"}}],\"inLanguage\":\"lv-LV\"},{\"@type\":\"Organization\",\"@id\":\"https:\/\/hobstop.ee\/lv\/#organization\",\"name\":\"Vunder AS\",\"url\":\"https:\/\/hobstop.ee\/lv\/\",\"logo\":{\"@type\":\"ImageObject\",\"inLanguage\":\"lv-LV\",\"@id\":\"https:\/\/hobstop.ee\/lv\/#\/schema\/logo\/image\/\",\"url\":\"https:\/\/hobstop.ee\/media\/vunder-logo.png\",\"contentUrl\":\"https:\/\/hobstop.ee\/media\/vunder-logo.png\",\"width\":127,\"height\":55,\"caption\":\"Vunder AS\"},\"image\":{\"@id\":\"https:\/\/hobstop.ee\/lv\/#\/schema\/logo\/image\/\"},\"sameAs\":[\"http:\/\/www.facebook.com\/VunderSkizze\"]}]}<\/script>\n<!-- \/ Yoast SEO plugin. -->","yoast_head_json":{"title":"\u0160\u0137idr\u0101 kr\u012bta mar\u0137ieris Apli &#8211; Skizze","robots":{"index":"noindex","follow":"follow","max-snippet":"max-snippet:-1","max-image-preview":"max-image-preview:large","max-video-preview":"max-video-preview:-1"},"og_locale":"lv_LV","og_type":"article","og_title":"\u0160\u0137idr\u0101 kr\u012bta mar\u0137ieris Apli &#8211; Skizze","og_description":"Ar Apli \u0161\u0137idr\u0101 kr\u012bta mar\u0137ieriem ir viegli rakst\u012bt. Tie lieliski noder svar\u012bgas inform\u0101cijas izcel\u0161an\u0101 un veikalu skatlogu rot\u0101\u0161an\u0101. Viegli not\u012br\u0101mi ar mitru dr\u0101ni\u0146u. Piem\u0113roti izmanto\u0161anai biroj\u0101, skol\u0101, tirdzniec\u012bb\u0101, k\u0101 ar\u012b m\u0101jas apst\u0101k\u013cos.","og_url":"https:\/\/hobstop.ee\/lv\/produkts\/skidra-krita-markieris-apli\/","og_site_name":"Skizze","article_publisher":"http:\/\/www.facebook.com\/VunderSkizze","og_image":[{"width":1024,"height":768,"url":"https:\/\/hobstop.ee\/media\/4038.jpg","type":"image\/jpeg"}],"twitter_card":"summary_large_image","schema":{"@context":"https:\/\/schema.org","@graph":[{"@type":"WebPage","@id":"https:\/\/hobstop.ee\/lv\/produkts\/skidra-krita-markieris-apli\/","url":"https:\/\/hobstop.ee\/lv\/produkts\/skidra-krita-markieris-apli\/","name":"\u0160\u0137idr\u0101 kr\u012bta mar\u0137ieris Apli &#8211; Skizze","isPartOf":{"@id":"https:\/\/hobstop.ee\/lv\/#website"},"primaryImageOfPage":{"@id":"https:\/\/hobstop.ee\/lv\/produkts\/skidra-krita-markieris-apli\/#primaryimage"},"image":{"@id":"https:\/\/hobstop.ee\/lv\/produkts\/skidra-krita-markieris-apli\/#primaryimage"},"thumbnailUrl":"https:\/\/hobstop.ee\/media\/4038.jpg","datePublished":"2015-11-02T09:42:26+00:00","dateModified":"2015-11-02T09:42:26+00:00","breadcrumb":{"@id":"https:\/\/hobstop.ee\/lv\/produkts\/skidra-krita-markieris-apli\/#breadcrumb"},"inLanguage":"lv-LV","potentialAction":[{"@type":"ReadAction","target":["https:\/\/hobstop.ee\/lv\/produkts\/skidra-krita-markieris-apli\/"]}]},{"@type":"ImageObject","inLanguage":"lv-LV","@id":"https:\/\/hobstop.ee\/lv\/produkts\/skidra-krita-markieris-apli\/#primaryimage","url":"https:\/\/hobstop.ee\/media\/4038.jpg","contentUrl":"https:\/\/hobstop.ee\/media\/4038.jpg","width":1024,"height":768},{"@type":"BreadcrumbList","@id":"https:\/\/hobstop.ee\/lv\/produkts\/skidra-krita-markieris-apli\/#breadcrumb","itemListElement":[{"@type":"ListItem","position":1,"name":"Avaleht","item":"https:\/\/www.hobstop.ee\/lv\/"},{"@type":"ListItem","position":2,"name":"Veikals","item":"https:\/\/www.hobstop.ee\/lv\/veikals\/"},{"@type":"ListItem","position":3,"name":"\u0160\u0137idr\u0101 kr\u012bta mar\u0137ieris Apli"}]},{"@type":"WebSite","@id":"https:\/\/hobstop.ee\/lv\/#website","url":"https:\/\/hobstop.ee\/lv\/","name":"Skizze","description":"M\u0101kslas, hobiju un skolas preces","publisher":{"@id":"https:\/\/hobstop.ee\/lv\/#organization"},"potentialAction":[{"@type":"SearchAction","target":{"@type":"EntryPoint","urlTemplate":"https:\/\/hobstop.ee\/lv\/?s={search_term_string}"},"query-input":{"@type":"PropertyValueSpecification","valueRequired":true,"valueName":"search_term_string"}}],"inLanguage":"lv-LV"},{"@type":"Organization","@id":"https:\/\/hobstop.ee\/lv\/#organization","name":"Vunder AS","url":"https:\/\/hobstop.ee\/lv\/","logo":{"@type":"ImageObject","inLanguage":"lv-LV","@id":"https:\/\/hobstop.ee\/lv\/#\/schema\/logo\/image\/","url":"https:\/\/hobstop.ee\/media\/vunder-logo.png","contentUrl":"https:\/\/hobstop.ee\/media\/vunder-logo.png","width":127,"height":55,"caption":"Vunder AS"},"image":{"@id":"https:\/\/hobstop.ee\/lv\/#\/schema\/logo\/image\/"},"sameAs":["http:\/\/www.facebook.com\/VunderSkizze"]}]}},"_links":{"self":[{"href":"https:\/\/hobstop.ee\/lv\/wp-json\/wp\/v2\/product\/232536","targetHints":{"allow":["GET"]}}],"collection":[{"href":"https:\/\/hobstop.ee\/lv\/wp-json\/wp\/v2\/product"}],"about":[{"href":"https:\/\/hobstop.ee\/lv\/wp-json\/wp\/v2\/types\/product"}],"replies":[{"embeddable":true,"href":"https:\/\/hobstop.ee\/lv\/wp-json\/wp\/v2\/comments?post=232536"}],"wp:featuredmedia":[{"embeddable":true,"href":"https:\/\/hobstop.ee\/lv\/wp-json\/wp\/v2\/media\/233281"}],"wp:attachment":[{"href":"https:\/\/hobstop.ee\/lv\/wp-json\/wp\/v2\/media?parent=232536"}],"wp:term":[{"taxonomy":"product_cat","embeddable":true,"href":"https:\/\/hobstop.ee\/lv\/wp-json\/wp\/v2\/product_cat?post=232536"},{"taxonomy":"product_tag","embeddable":true,"href":"https:\/\/hobstop.ee\/lv\/wp-json\/wp\/v2\/product_tag?post=232536"}],"curies":[{"name":"wp","href":"https:\/\/api.w.org\/{rel}","templated":true}]}}