{"id":23321,"date":"2014-12-09T12:50:14","date_gmt":"2014-12-09T10:50:14","guid":{"rendered":"https:\/\/sharks.ee\/vunder_2019.klient.veebimajutus.ee\/?post_type=product&#038;p=23321"},"modified":"2014-12-09T12:50:14","modified_gmt":"2014-12-09T10:50:14","slug":"koka-kaste-gleznosanai-mabef-m101","status":"publish","type":"product","link":"https:\/\/hobstop.ee\/lv\/produkts\/koka-kaste-gleznosanai-mabef-m101\/","title":{"rendered":"Koka kaste glezno\u0161anai Mabef M101"},"content":{"rendered":"<p>MABEF M101 gaum\u012bg\u0101 ski\u010du piederumu kaste ir izgatavota no e\u013c\u013cota di\u017esk\u0101b\u0101r\u017ea, tai ir \u0101das rokturis un misi\u0146a apdares deta\u013cas.  Kastes met\u0101la iek\u0161\u0113jai k\u0101rbai ir regul\u0113jama lieluma nodal\u012bjumi atsevi\u0161\u0137u kr\u0101su nodal\u012b\u0161anai, bet v\u0101ka iek\u0161pus\u0113 ir regul\u0113jams audekla tur\u0113t\u0101js.  35x25cm ski\u010du piederumu kastes komplekt\u0101 ir iek\u013cauta ar\u012b e\u013c\u013cota koka palete.  Svars 2kg.<\/p>\n","protected":false},"excerpt":{"rendered":"<p>MABEF M101 gaum\u012bg\u0101 ski\u010du piederumu kaste ir izgatavota no e\u013c\u013cota di\u017esk\u0101b\u0101r\u017ea, tai ir \u0101das rokturis un misi\u0146a apdares deta\u013cas. Kastes met\u0101la iek\u0161\u0113jai k\u0101rbai ir regul\u0113jama lieluma nodal\u012bjumi atsevi\u0161\u0137u kr\u0101su nodal\u012b\u0161anai, bet v\u0101ka iek\u0161pus\u0113 ir regul\u0113jams audekla tur\u0113t\u0101js. 35x25cm ski\u010du piederumu kastes komplekt\u0101 ir iek\u013cauta ar\u012b e\u013c\u013cota koka palete. Svars 2kg.<\/p>\n","protected":false},"featured_media":102582,"comment_status":"closed","ping_status":"closed","template":"","meta":{"_acf_changed":false,"ep_exclude_from_search":false},"product_cat":[16123,18934,18369],"product_tag":[],"class_list":{"0":"post-23321","1":"product","2":"type-product","3":"status-publish","4":"has-post-thumbnail","6":"product_cat-makslas-piederumi-2","7":"product_cat-molberti-2","8":"product_cat-skicu-kastes","9":"pa_kma-2864","11":"first","12":"instock","13":"taxable","14":"shipping-taxable","15":"purchasable","16":"product-type-variable"},"acf":[],"yoast_head":"<!-- This site is optimized with the Yoast SEO plugin v24.1 - https:\/\/yoast.com\/wordpress\/plugins\/seo\/ -->\n<title>Koka kaste glezno\u0161anai Mabef M101 &#8211; Skizze<\/title>\n<meta name=\"robots\" content=\"noindex, follow, max-snippet:-1, max-image-preview:large, max-video-preview:-1\" \/>\n<meta property=\"og:locale\" content=\"lv_LV\" \/>\n<meta property=\"og:type\" content=\"article\" \/>\n<meta property=\"og:title\" content=\"Koka kaste glezno\u0161anai Mabef M101 &#8211; Skizze\" \/>\n<meta property=\"og:description\" content=\"MABEF M101 gaum\u012bg\u0101 ski\u010du piederumu kaste ir izgatavota no e\u013c\u013cota di\u017esk\u0101b\u0101r\u017ea, tai ir \u0101das rokturis un misi\u0146a apdares deta\u013cas. Kastes met\u0101la iek\u0161\u0113jai k\u0101rbai ir regul\u0113jama lieluma nodal\u012bjumi atsevi\u0161\u0137u kr\u0101su nodal\u012b\u0161anai, bet v\u0101ka iek\u0161pus\u0113 ir regul\u0113jams audekla tur\u0113t\u0101js. 35x25cm ski\u010du piederumu kastes komplekt\u0101 ir iek\u013cauta ar\u012b e\u013c\u013cota koka palete. Svars 2kg.\" \/>\n<meta property=\"og:url\" content=\"https:\/\/hobstop.ee\/lv\/produkts\/koka-kaste-gleznosanai-mabef-m101\/\" \/>\n<meta property=\"og:site_name\" content=\"Skizze\" \/>\n<meta property=\"article:publisher\" content=\"http:\/\/www.facebook.com\/VunderSkizze\" \/>\n<meta property=\"og:image\" content=\"https:\/\/hobstop.ee\/media\/1089.jpg\" \/>\n\t<meta property=\"og:image:width\" content=\"1024\" \/>\n\t<meta property=\"og:image:height\" content=\"768\" \/>\n\t<meta property=\"og:image:type\" content=\"image\/jpeg\" \/>\n<meta name=\"twitter:card\" content=\"summary_large_image\" \/>\n<script type=\"application\/ld+json\" class=\"yoast-schema-graph\">{\"@context\":\"https:\/\/schema.org\",\"@graph\":[{\"@type\":\"WebPage\",\"@id\":\"https:\/\/hobstop.ee\/lv\/produkts\/koka-kaste-gleznosanai-mabef-m101\/\",\"url\":\"https:\/\/hobstop.ee\/lv\/produkts\/koka-kaste-gleznosanai-mabef-m101\/\",\"name\":\"Koka kaste glezno\u0161anai Mabef M101 &#8211; Skizze\",\"isPartOf\":{\"@id\":\"https:\/\/hobstop.ee\/lv\/#website\"},\"primaryImageOfPage\":{\"@id\":\"https:\/\/hobstop.ee\/lv\/produkts\/koka-kaste-gleznosanai-mabef-m101\/#primaryimage\"},\"image\":{\"@id\":\"https:\/\/hobstop.ee\/lv\/produkts\/koka-kaste-gleznosanai-mabef-m101\/#primaryimage\"},\"thumbnailUrl\":\"https:\/\/hobstop.ee\/media\/1089.jpg\",\"datePublished\":\"2014-12-09T10:50:14+00:00\",\"dateModified\":\"2014-12-09T10:50:14+00:00\",\"breadcrumb\":{\"@id\":\"https:\/\/hobstop.ee\/lv\/produkts\/koka-kaste-gleznosanai-mabef-m101\/#breadcrumb\"},\"inLanguage\":\"lv-LV\",\"potentialAction\":[{\"@type\":\"ReadAction\",\"target\":[\"https:\/\/hobstop.ee\/lv\/produkts\/koka-kaste-gleznosanai-mabef-m101\/\"]}]},{\"@type\":\"ImageObject\",\"inLanguage\":\"lv-LV\",\"@id\":\"https:\/\/hobstop.ee\/lv\/produkts\/koka-kaste-gleznosanai-mabef-m101\/#primaryimage\",\"url\":\"https:\/\/hobstop.ee\/media\/1089.jpg\",\"contentUrl\":\"https:\/\/hobstop.ee\/media\/1089.jpg\",\"width\":1024,\"height\":768},{\"@type\":\"BreadcrumbList\",\"@id\":\"https:\/\/hobstop.ee\/lv\/produkts\/koka-kaste-gleznosanai-mabef-m101\/#breadcrumb\",\"itemListElement\":[{\"@type\":\"ListItem\",\"position\":1,\"name\":\"Avaleht\",\"item\":\"https:\/\/hobstop.ee\/lv\/\"},{\"@type\":\"ListItem\",\"position\":2,\"name\":\"Veikals\",\"item\":\"https:\/\/hobstop.ee\/lv\/veikals\/\"},{\"@type\":\"ListItem\",\"position\":3,\"name\":\"Koka kaste glezno\u0161anai Mabef M101\"}]},{\"@type\":\"WebSite\",\"@id\":\"https:\/\/hobstop.ee\/lv\/#website\",\"url\":\"https:\/\/hobstop.ee\/lv\/\",\"name\":\"Skizze\",\"description\":\"M\u0101kslas, hobiju un skolas preces\",\"publisher\":{\"@id\":\"https:\/\/hobstop.ee\/lv\/#organization\"},\"potentialAction\":[{\"@type\":\"SearchAction\",\"target\":{\"@type\":\"EntryPoint\",\"urlTemplate\":\"https:\/\/hobstop.ee\/lv\/?s={search_term_string}\"},\"query-input\":{\"@type\":\"PropertyValueSpecification\",\"valueRequired\":true,\"valueName\":\"search_term_string\"}}],\"inLanguage\":\"lv-LV\"},{\"@type\":\"Organization\",\"@id\":\"https:\/\/hobstop.ee\/lv\/#organization\",\"name\":\"Vunder AS\",\"url\":\"https:\/\/hobstop.ee\/lv\/\",\"logo\":{\"@type\":\"ImageObject\",\"inLanguage\":\"lv-LV\",\"@id\":\"https:\/\/hobstop.ee\/lv\/#\/schema\/logo\/image\/\",\"url\":\"https:\/\/hobstop.ee\/media\/vunder-logo.png\",\"contentUrl\":\"https:\/\/hobstop.ee\/media\/vunder-logo.png\",\"width\":127,\"height\":55,\"caption\":\"Vunder AS\"},\"image\":{\"@id\":\"https:\/\/hobstop.ee\/lv\/#\/schema\/logo\/image\/\"},\"sameAs\":[\"http:\/\/www.facebook.com\/VunderSkizze\"]}]}<\/script>\n<!-- \/ Yoast SEO plugin. -->","yoast_head_json":{"title":"Koka kaste glezno\u0161anai Mabef M101 &#8211; Skizze","robots":{"index":"noindex","follow":"follow","max-snippet":"max-snippet:-1","max-image-preview":"max-image-preview:large","max-video-preview":"max-video-preview:-1"},"og_locale":"lv_LV","og_type":"article","og_title":"Koka kaste glezno\u0161anai Mabef M101 &#8211; Skizze","og_description":"MABEF M101 gaum\u012bg\u0101 ski\u010du piederumu kaste ir izgatavota no e\u013c\u013cota di\u017esk\u0101b\u0101r\u017ea, tai ir \u0101das rokturis un misi\u0146a apdares deta\u013cas. Kastes met\u0101la iek\u0161\u0113jai k\u0101rbai ir regul\u0113jama lieluma nodal\u012bjumi atsevi\u0161\u0137u kr\u0101su nodal\u012b\u0161anai, bet v\u0101ka iek\u0161pus\u0113 ir regul\u0113jams audekla tur\u0113t\u0101js. 35x25cm ski\u010du piederumu kastes komplekt\u0101 ir iek\u013cauta ar\u012b e\u013c\u013cota koka palete. Svars 2kg.","og_url":"https:\/\/hobstop.ee\/lv\/produkts\/koka-kaste-gleznosanai-mabef-m101\/","og_site_name":"Skizze","article_publisher":"http:\/\/www.facebook.com\/VunderSkizze","og_image":[{"width":1024,"height":768,"url":"https:\/\/hobstop.ee\/media\/1089.jpg","type":"image\/jpeg"}],"twitter_card":"summary_large_image","schema":{"@context":"https:\/\/schema.org","@graph":[{"@type":"WebPage","@id":"https:\/\/hobstop.ee\/lv\/produkts\/koka-kaste-gleznosanai-mabef-m101\/","url":"https:\/\/hobstop.ee\/lv\/produkts\/koka-kaste-gleznosanai-mabef-m101\/","name":"Koka kaste glezno\u0161anai Mabef M101 &#8211; Skizze","isPartOf":{"@id":"https:\/\/hobstop.ee\/lv\/#website"},"primaryImageOfPage":{"@id":"https:\/\/hobstop.ee\/lv\/produkts\/koka-kaste-gleznosanai-mabef-m101\/#primaryimage"},"image":{"@id":"https:\/\/hobstop.ee\/lv\/produkts\/koka-kaste-gleznosanai-mabef-m101\/#primaryimage"},"thumbnailUrl":"https:\/\/hobstop.ee\/media\/1089.jpg","datePublished":"2014-12-09T10:50:14+00:00","dateModified":"2014-12-09T10:50:14+00:00","breadcrumb":{"@id":"https:\/\/hobstop.ee\/lv\/produkts\/koka-kaste-gleznosanai-mabef-m101\/#breadcrumb"},"inLanguage":"lv-LV","potentialAction":[{"@type":"ReadAction","target":["https:\/\/hobstop.ee\/lv\/produkts\/koka-kaste-gleznosanai-mabef-m101\/"]}]},{"@type":"ImageObject","inLanguage":"lv-LV","@id":"https:\/\/hobstop.ee\/lv\/produkts\/koka-kaste-gleznosanai-mabef-m101\/#primaryimage","url":"https:\/\/hobstop.ee\/media\/1089.jpg","contentUrl":"https:\/\/hobstop.ee\/media\/1089.jpg","width":1024,"height":768},{"@type":"BreadcrumbList","@id":"https:\/\/hobstop.ee\/lv\/produkts\/koka-kaste-gleznosanai-mabef-m101\/#breadcrumb","itemListElement":[{"@type":"ListItem","position":1,"name":"Avaleht","item":"https:\/\/hobstop.ee\/lv\/"},{"@type":"ListItem","position":2,"name":"Veikals","item":"https:\/\/hobstop.ee\/lv\/veikals\/"},{"@type":"ListItem","position":3,"name":"Koka kaste glezno\u0161anai Mabef M101"}]},{"@type":"WebSite","@id":"https:\/\/hobstop.ee\/lv\/#website","url":"https:\/\/hobstop.ee\/lv\/","name":"Skizze","description":"M\u0101kslas, hobiju un skolas preces","publisher":{"@id":"https:\/\/hobstop.ee\/lv\/#organization"},"potentialAction":[{"@type":"SearchAction","target":{"@type":"EntryPoint","urlTemplate":"https:\/\/hobstop.ee\/lv\/?s={search_term_string}"},"query-input":{"@type":"PropertyValueSpecification","valueRequired":true,"valueName":"search_term_string"}}],"inLanguage":"lv-LV"},{"@type":"Organization","@id":"https:\/\/hobstop.ee\/lv\/#organization","name":"Vunder AS","url":"https:\/\/hobstop.ee\/lv\/","logo":{"@type":"ImageObject","inLanguage":"lv-LV","@id":"https:\/\/hobstop.ee\/lv\/#\/schema\/logo\/image\/","url":"https:\/\/hobstop.ee\/media\/vunder-logo.png","contentUrl":"https:\/\/hobstop.ee\/media\/vunder-logo.png","width":127,"height":55,"caption":"Vunder AS"},"image":{"@id":"https:\/\/hobstop.ee\/lv\/#\/schema\/logo\/image\/"},"sameAs":["http:\/\/www.facebook.com\/VunderSkizze"]}]}},"_links":{"self":[{"href":"https:\/\/hobstop.ee\/lv\/wp-json\/wp\/v2\/product\/23321","targetHints":{"allow":["GET"]}}],"collection":[{"href":"https:\/\/hobstop.ee\/lv\/wp-json\/wp\/v2\/product"}],"about":[{"href":"https:\/\/hobstop.ee\/lv\/wp-json\/wp\/v2\/types\/product"}],"replies":[{"embeddable":true,"href":"https:\/\/hobstop.ee\/lv\/wp-json\/wp\/v2\/comments?post=23321"}],"wp:featuredmedia":[{"embeddable":true,"href":"https:\/\/hobstop.ee\/lv\/wp-json\/wp\/v2\/media\/102582"}],"wp:attachment":[{"href":"https:\/\/hobstop.ee\/lv\/wp-json\/wp\/v2\/media?parent=23321"}],"wp:term":[{"taxonomy":"product_cat","embeddable":true,"href":"https:\/\/hobstop.ee\/lv\/wp-json\/wp\/v2\/product_cat?post=23321"},{"taxonomy":"product_tag","embeddable":true,"href":"https:\/\/hobstop.ee\/lv\/wp-json\/wp\/v2\/product_tag?post=23321"}],"curies":[{"name":"wp","href":"https:\/\/api.w.org\/{rel}","templated":true}]}}