{"id":233900,"date":"2015-11-03T11:22:22","date_gmt":"2015-11-03T09:22:22","guid":{"rendered":"https:\/\/sharks.ee\/vunder_2019\/lv\/product\/tintes-spilventins-aladine-izink-textile\/"},"modified":"2015-11-03T11:22:22","modified_gmt":"2015-11-03T09:22:22","slug":"tintes-spilventins-aladine-izink-textile","status":"publish","type":"product","link":"https:\/\/hobstop.ee\/lv\/produkts\/tintes-spilventins-aladine-izink-textile\/","title":{"rendered":"Tintes spilventi\u0146\u0161 Aladine Izink Textile"},"content":{"rendered":"<p>Tintes spilventi\u0146\u0161 ar spilgtas kr\u0101sas tinti no sp\u0113c\u012bga pigmenta. Nesatur sk\u0101bi. Piem\u0113rots izmanto\u0161anai uz auduma. Ar tekstila tinti veidotais spiedogs p\u0113c no\u017e\u016b\u0161anas j\u0101nostriprina, gludinot ar gludekli kokvilnas gludin\u0101\u0161anas re\u017e\u012bm\u0101. P\u0113c nostiprin\u0101\u0161anas audums ir mazg\u0101jams no kreis\u0101s puses 40\u00b0C temperat\u016br\u0101.<\/p>\n","protected":false},"excerpt":{"rendered":"<p>Tintes spilventi\u0146\u0161 ar spilgtas kr\u0101sas tinti no sp\u0113c\u012bga pigmenta. Nesatur sk\u0101bi. Piem\u0113rots izmanto\u0161anai uz auduma. Ar tekstila tinti veidotais spiedogs p\u0113c no\u017e\u016b\u0161anas j\u0101nostriprina, gludinot ar gludekli kokvilnas gludin\u0101\u0161anas re\u017e\u012bm\u0101. P\u0113c nostiprin\u0101\u0161anas audums ir mazg\u0101jams no kreis\u0101s puses 40\u00b0C temperat\u016br\u0101.<\/p>\n","protected":false},"featured_media":234717,"comment_status":"closed","ping_status":"closed","template":"","meta":{"_acf_changed":false,"ep_exclude_from_search":false},"product_cat":[18964,17918,17956],"product_tag":[],"class_list":{"0":"post-233900","1":"product","2":"type-product","3":"status-publish","4":"has-post-thumbnail","6":"product_cat-dazadi-17","7":"product_cat-preces-hobijiem","8":"product_cat-tekstilam","10":"first","11":"instock","12":"taxable","13":"shipping-taxable","14":"purchasable","15":"product-type-simple"},"acf":[],"yoast_head":"<!-- This site is optimized with the Yoast SEO plugin v24.1 - https:\/\/yoast.com\/wordpress\/plugins\/seo\/ -->\n<title>Tintes spilventi\u0146\u0161 Aladine Izink Textile &#8211; Skizze<\/title>\n<meta name=\"robots\" content=\"noindex, follow, max-snippet:-1, max-image-preview:large, max-video-preview:-1\" \/>\n<meta property=\"og:locale\" content=\"lv_LV\" \/>\n<meta property=\"og:type\" content=\"article\" \/>\n<meta property=\"og:title\" content=\"Tintes spilventi\u0146\u0161 Aladine Izink Textile &#8211; Skizze\" \/>\n<meta property=\"og:description\" content=\"Tintes spilventi\u0146\u0161 ar spilgtas kr\u0101sas tinti no sp\u0113c\u012bga pigmenta. Nesatur sk\u0101bi. Piem\u0113rots izmanto\u0161anai uz auduma. Ar tekstila tinti veidotais spiedogs p\u0113c no\u017e\u016b\u0161anas j\u0101nostriprina, gludinot ar gludekli kokvilnas gludin\u0101\u0161anas re\u017e\u012bm\u0101. P\u0113c nostiprin\u0101\u0161anas audums ir mazg\u0101jams no kreis\u0101s puses 40\u00b0C temperat\u016br\u0101.\" \/>\n<meta property=\"og:url\" content=\"https:\/\/hobstop.ee\/lv\/produkts\/tintes-spilventins-aladine-izink-textile\/\" \/>\n<meta property=\"og:site_name\" content=\"Skizze\" \/>\n<meta property=\"article:publisher\" content=\"http:\/\/www.facebook.com\/VunderSkizze\" \/>\n<meta property=\"og:image\" content=\"https:\/\/hobstop.ee\/media\/3998.jpg\" \/>\n\t<meta property=\"og:image:width\" content=\"1024\" \/>\n\t<meta property=\"og:image:height\" content=\"768\" \/>\n\t<meta property=\"og:image:type\" content=\"image\/jpeg\" \/>\n<meta name=\"twitter:card\" content=\"summary_large_image\" \/>\n<script type=\"application\/ld+json\" class=\"yoast-schema-graph\">{\"@context\":\"https:\/\/schema.org\",\"@graph\":[{\"@type\":\"WebPage\",\"@id\":\"https:\/\/hobstop.ee\/lv\/produkts\/tintes-spilventins-aladine-izink-textile\/\",\"url\":\"https:\/\/hobstop.ee\/lv\/produkts\/tintes-spilventins-aladine-izink-textile\/\",\"name\":\"Tintes spilventi\u0146\u0161 Aladine Izink Textile &#8211; Skizze\",\"isPartOf\":{\"@id\":\"https:\/\/hobstop.ee\/lv\/#website\"},\"primaryImageOfPage\":{\"@id\":\"https:\/\/hobstop.ee\/lv\/produkts\/tintes-spilventins-aladine-izink-textile\/#primaryimage\"},\"image\":{\"@id\":\"https:\/\/hobstop.ee\/lv\/produkts\/tintes-spilventins-aladine-izink-textile\/#primaryimage\"},\"thumbnailUrl\":\"https:\/\/hobstop.ee\/media\/3998.jpg\",\"datePublished\":\"2015-11-03T09:22:22+00:00\",\"dateModified\":\"2015-11-03T09:22:22+00:00\",\"breadcrumb\":{\"@id\":\"https:\/\/hobstop.ee\/lv\/produkts\/tintes-spilventins-aladine-izink-textile\/#breadcrumb\"},\"inLanguage\":\"lv-LV\",\"potentialAction\":[{\"@type\":\"ReadAction\",\"target\":[\"https:\/\/hobstop.ee\/lv\/produkts\/tintes-spilventins-aladine-izink-textile\/\"]}]},{\"@type\":\"ImageObject\",\"inLanguage\":\"lv-LV\",\"@id\":\"https:\/\/hobstop.ee\/lv\/produkts\/tintes-spilventins-aladine-izink-textile\/#primaryimage\",\"url\":\"https:\/\/hobstop.ee\/media\/3998.jpg\",\"contentUrl\":\"https:\/\/hobstop.ee\/media\/3998.jpg\",\"width\":1024,\"height\":768},{\"@type\":\"BreadcrumbList\",\"@id\":\"https:\/\/hobstop.ee\/lv\/produkts\/tintes-spilventins-aladine-izink-textile\/#breadcrumb\",\"itemListElement\":[{\"@type\":\"ListItem\",\"position\":1,\"name\":\"Avaleht\",\"item\":\"https:\/\/www.hobstop.ee\/lv\/\"},{\"@type\":\"ListItem\",\"position\":2,\"name\":\"Veikals\",\"item\":\"https:\/\/www.hobstop.ee\/lv\/veikals\/\"},{\"@type\":\"ListItem\",\"position\":3,\"name\":\"Tintes spilventi\u0146\u0161 Aladine Izink Textile\"}]},{\"@type\":\"WebSite\",\"@id\":\"https:\/\/hobstop.ee\/lv\/#website\",\"url\":\"https:\/\/hobstop.ee\/lv\/\",\"name\":\"Skizze\",\"description\":\"M\u0101kslas, hobiju un skolas preces\",\"publisher\":{\"@id\":\"https:\/\/hobstop.ee\/lv\/#organization\"},\"potentialAction\":[{\"@type\":\"SearchAction\",\"target\":{\"@type\":\"EntryPoint\",\"urlTemplate\":\"https:\/\/hobstop.ee\/lv\/?s={search_term_string}\"},\"query-input\":{\"@type\":\"PropertyValueSpecification\",\"valueRequired\":true,\"valueName\":\"search_term_string\"}}],\"inLanguage\":\"lv-LV\"},{\"@type\":\"Organization\",\"@id\":\"https:\/\/hobstop.ee\/lv\/#organization\",\"name\":\"Vunder AS\",\"url\":\"https:\/\/hobstop.ee\/lv\/\",\"logo\":{\"@type\":\"ImageObject\",\"inLanguage\":\"lv-LV\",\"@id\":\"https:\/\/hobstop.ee\/lv\/#\/schema\/logo\/image\/\",\"url\":\"https:\/\/hobstop.ee\/media\/vunder-logo.png\",\"contentUrl\":\"https:\/\/hobstop.ee\/media\/vunder-logo.png\",\"width\":127,\"height\":55,\"caption\":\"Vunder AS\"},\"image\":{\"@id\":\"https:\/\/hobstop.ee\/lv\/#\/schema\/logo\/image\/\"},\"sameAs\":[\"http:\/\/www.facebook.com\/VunderSkizze\"]}]}<\/script>\n<!-- \/ Yoast SEO plugin. -->","yoast_head_json":{"title":"Tintes spilventi\u0146\u0161 Aladine Izink Textile &#8211; Skizze","robots":{"index":"noindex","follow":"follow","max-snippet":"max-snippet:-1","max-image-preview":"max-image-preview:large","max-video-preview":"max-video-preview:-1"},"og_locale":"lv_LV","og_type":"article","og_title":"Tintes spilventi\u0146\u0161 Aladine Izink Textile &#8211; Skizze","og_description":"Tintes spilventi\u0146\u0161 ar spilgtas kr\u0101sas tinti no sp\u0113c\u012bga pigmenta. Nesatur sk\u0101bi. Piem\u0113rots izmanto\u0161anai uz auduma. Ar tekstila tinti veidotais spiedogs p\u0113c no\u017e\u016b\u0161anas j\u0101nostriprina, gludinot ar gludekli kokvilnas gludin\u0101\u0161anas re\u017e\u012bm\u0101. P\u0113c nostiprin\u0101\u0161anas audums ir mazg\u0101jams no kreis\u0101s puses 40\u00b0C temperat\u016br\u0101.","og_url":"https:\/\/hobstop.ee\/lv\/produkts\/tintes-spilventins-aladine-izink-textile\/","og_site_name":"Skizze","article_publisher":"http:\/\/www.facebook.com\/VunderSkizze","og_image":[{"width":1024,"height":768,"url":"https:\/\/hobstop.ee\/media\/3998.jpg","type":"image\/jpeg"}],"twitter_card":"summary_large_image","schema":{"@context":"https:\/\/schema.org","@graph":[{"@type":"WebPage","@id":"https:\/\/hobstop.ee\/lv\/produkts\/tintes-spilventins-aladine-izink-textile\/","url":"https:\/\/hobstop.ee\/lv\/produkts\/tintes-spilventins-aladine-izink-textile\/","name":"Tintes spilventi\u0146\u0161 Aladine Izink Textile &#8211; Skizze","isPartOf":{"@id":"https:\/\/hobstop.ee\/lv\/#website"},"primaryImageOfPage":{"@id":"https:\/\/hobstop.ee\/lv\/produkts\/tintes-spilventins-aladine-izink-textile\/#primaryimage"},"image":{"@id":"https:\/\/hobstop.ee\/lv\/produkts\/tintes-spilventins-aladine-izink-textile\/#primaryimage"},"thumbnailUrl":"https:\/\/hobstop.ee\/media\/3998.jpg","datePublished":"2015-11-03T09:22:22+00:00","dateModified":"2015-11-03T09:22:22+00:00","breadcrumb":{"@id":"https:\/\/hobstop.ee\/lv\/produkts\/tintes-spilventins-aladine-izink-textile\/#breadcrumb"},"inLanguage":"lv-LV","potentialAction":[{"@type":"ReadAction","target":["https:\/\/hobstop.ee\/lv\/produkts\/tintes-spilventins-aladine-izink-textile\/"]}]},{"@type":"ImageObject","inLanguage":"lv-LV","@id":"https:\/\/hobstop.ee\/lv\/produkts\/tintes-spilventins-aladine-izink-textile\/#primaryimage","url":"https:\/\/hobstop.ee\/media\/3998.jpg","contentUrl":"https:\/\/hobstop.ee\/media\/3998.jpg","width":1024,"height":768},{"@type":"BreadcrumbList","@id":"https:\/\/hobstop.ee\/lv\/produkts\/tintes-spilventins-aladine-izink-textile\/#breadcrumb","itemListElement":[{"@type":"ListItem","position":1,"name":"Avaleht","item":"https:\/\/www.hobstop.ee\/lv\/"},{"@type":"ListItem","position":2,"name":"Veikals","item":"https:\/\/www.hobstop.ee\/lv\/veikals\/"},{"@type":"ListItem","position":3,"name":"Tintes spilventi\u0146\u0161 Aladine Izink Textile"}]},{"@type":"WebSite","@id":"https:\/\/hobstop.ee\/lv\/#website","url":"https:\/\/hobstop.ee\/lv\/","name":"Skizze","description":"M\u0101kslas, hobiju un skolas preces","publisher":{"@id":"https:\/\/hobstop.ee\/lv\/#organization"},"potentialAction":[{"@type":"SearchAction","target":{"@type":"EntryPoint","urlTemplate":"https:\/\/hobstop.ee\/lv\/?s={search_term_string}"},"query-input":{"@type":"PropertyValueSpecification","valueRequired":true,"valueName":"search_term_string"}}],"inLanguage":"lv-LV"},{"@type":"Organization","@id":"https:\/\/hobstop.ee\/lv\/#organization","name":"Vunder AS","url":"https:\/\/hobstop.ee\/lv\/","logo":{"@type":"ImageObject","inLanguage":"lv-LV","@id":"https:\/\/hobstop.ee\/lv\/#\/schema\/logo\/image\/","url":"https:\/\/hobstop.ee\/media\/vunder-logo.png","contentUrl":"https:\/\/hobstop.ee\/media\/vunder-logo.png","width":127,"height":55,"caption":"Vunder AS"},"image":{"@id":"https:\/\/hobstop.ee\/lv\/#\/schema\/logo\/image\/"},"sameAs":["http:\/\/www.facebook.com\/VunderSkizze"]}]}},"_links":{"self":[{"href":"https:\/\/hobstop.ee\/lv\/wp-json\/wp\/v2\/product\/233900","targetHints":{"allow":["GET"]}}],"collection":[{"href":"https:\/\/hobstop.ee\/lv\/wp-json\/wp\/v2\/product"}],"about":[{"href":"https:\/\/hobstop.ee\/lv\/wp-json\/wp\/v2\/types\/product"}],"replies":[{"embeddable":true,"href":"https:\/\/hobstop.ee\/lv\/wp-json\/wp\/v2\/comments?post=233900"}],"wp:featuredmedia":[{"embeddable":true,"href":"https:\/\/hobstop.ee\/lv\/wp-json\/wp\/v2\/media\/234717"}],"wp:attachment":[{"href":"https:\/\/hobstop.ee\/lv\/wp-json\/wp\/v2\/media?parent=233900"}],"wp:term":[{"taxonomy":"product_cat","embeddable":true,"href":"https:\/\/hobstop.ee\/lv\/wp-json\/wp\/v2\/product_cat?post=233900"},{"taxonomy":"product_tag","embeddable":true,"href":"https:\/\/hobstop.ee\/lv\/wp-json\/wp\/v2\/product_tag?post=233900"}],"curies":[{"name":"wp","href":"https:\/\/api.w.org\/{rel}","templated":true}]}}