{"id":233908,"date":"2015-11-03T11:22:26","date_gmt":"2015-11-03T09:22:26","guid":{"rendered":"https:\/\/sharks.ee\/vunder_2019\/lv\/product\/auduma-uzlime-aladine\/"},"modified":"2015-11-03T11:22:26","modified_gmt":"2015-11-03T09:22:26","slug":"auduma-uzlime-aladine","status":"publish","type":"product","link":"https:\/\/hobstop.ee\/lv\/produkts\/auduma-uzlime-aladine\/","title":{"rendered":"Auduma uzl\u012bme Aladine"},"content":{"rendered":"<p>Ar uzl\u012bm\u0113m \u0101tri un \u0113rti var izrot\u0101t auduma virsmu. Vienk\u0101r\u0161i izgriez v\u0113lamo uzl\u012bmi atbilsto\u0161\u0101 lielum\u0101 un novieto uz t\u012bra auduma. Nogludinot ar gludekli, uzl\u012bme piel\u012bp pie auduma. P\u0113c tam uzman\u012bgi no\u0146em aizsargpl\u0113v\u012bti no uzl\u012bmes. Ar uzl\u012bm\u0113m rot\u0101tus audumus var mazg\u0101t.<\/p>\n","protected":false},"excerpt":{"rendered":"<p>Ar uzl\u012bm\u0113m \u0101tri un \u0113rti var izrot\u0101t auduma virsmu. Vienk\u0101r\u0161i izgriez v\u0113lamo uzl\u012bmi atbilsto\u0161\u0101 lielum\u0101 un novieto uz t\u012bra auduma. Nogludinot ar gludekli, uzl\u012bme piel\u012bp pie auduma. P\u0113c tam uzman\u012bgi no\u0146em aizsargpl\u0113v\u012bti no uzl\u012bmes. Ar uzl\u012bm\u0113m rot\u0101tus audumus var mazg\u0101t.<\/p>\n","protected":false},"featured_media":234725,"comment_status":"closed","ping_status":"closed","template":"","meta":{"_acf_changed":false,"ep_exclude_from_search":false},"product_cat":[18964,17918,17956],"product_tag":[],"class_list":{"0":"post-233908","1":"product","2":"type-product","3":"status-publish","4":"has-post-thumbnail","6":"product_cat-dazadi-17","7":"product_cat-preces-hobijiem","8":"product_cat-tekstilam","10":"first","11":"instock","12":"taxable","13":"shipping-taxable","14":"purchasable","15":"product-type-simple"},"acf":[],"yoast_head":"<!-- This site is optimized with the Yoast SEO plugin v24.1 - https:\/\/yoast.com\/wordpress\/plugins\/seo\/ -->\n<title>Auduma uzl\u012bme Aladine &#8211; Skizze<\/title>\n<meta name=\"robots\" content=\"noindex, follow, max-snippet:-1, max-image-preview:large, max-video-preview:-1\" \/>\n<meta property=\"og:locale\" content=\"lv_LV\" \/>\n<meta property=\"og:type\" content=\"article\" \/>\n<meta property=\"og:title\" content=\"Auduma uzl\u012bme Aladine &#8211; Skizze\" \/>\n<meta property=\"og:description\" content=\"Ar uzl\u012bm\u0113m \u0101tri un \u0113rti var izrot\u0101t auduma virsmu. Vienk\u0101r\u0161i izgriez v\u0113lamo uzl\u012bmi atbilsto\u0161\u0101 lielum\u0101 un novieto uz t\u012bra auduma. Nogludinot ar gludekli, uzl\u012bme piel\u012bp pie auduma. P\u0113c tam uzman\u012bgi no\u0146em aizsargpl\u0113v\u012bti no uzl\u012bmes. Ar uzl\u012bm\u0113m rot\u0101tus audumus var mazg\u0101t.\" \/>\n<meta property=\"og:url\" content=\"https:\/\/hobstop.ee\/lv\/produkts\/auduma-uzlime-aladine\/\" \/>\n<meta property=\"og:site_name\" content=\"Skizze\" \/>\n<meta property=\"article:publisher\" content=\"http:\/\/www.facebook.com\/VunderSkizze\" \/>\n<meta property=\"og:image\" content=\"https:\/\/hobstop.ee\/media\/4000.jpg\" \/>\n\t<meta property=\"og:image:width\" content=\"1024\" \/>\n\t<meta property=\"og:image:height\" content=\"768\" \/>\n\t<meta property=\"og:image:type\" content=\"image\/jpeg\" \/>\n<meta name=\"twitter:card\" content=\"summary_large_image\" \/>\n<script type=\"application\/ld+json\" class=\"yoast-schema-graph\">{\"@context\":\"https:\/\/schema.org\",\"@graph\":[{\"@type\":\"WebPage\",\"@id\":\"https:\/\/hobstop.ee\/lv\/produkts\/auduma-uzlime-aladine\/\",\"url\":\"https:\/\/hobstop.ee\/lv\/produkts\/auduma-uzlime-aladine\/\",\"name\":\"Auduma uzl\u012bme Aladine &#8211; Skizze\",\"isPartOf\":{\"@id\":\"https:\/\/hobstop.ee\/lv\/#website\"},\"primaryImageOfPage\":{\"@id\":\"https:\/\/hobstop.ee\/lv\/produkts\/auduma-uzlime-aladine\/#primaryimage\"},\"image\":{\"@id\":\"https:\/\/hobstop.ee\/lv\/produkts\/auduma-uzlime-aladine\/#primaryimage\"},\"thumbnailUrl\":\"https:\/\/hobstop.ee\/media\/4000.jpg\",\"datePublished\":\"2015-11-03T09:22:26+00:00\",\"dateModified\":\"2015-11-03T09:22:26+00:00\",\"breadcrumb\":{\"@id\":\"https:\/\/hobstop.ee\/lv\/produkts\/auduma-uzlime-aladine\/#breadcrumb\"},\"inLanguage\":\"lv-LV\",\"potentialAction\":[{\"@type\":\"ReadAction\",\"target\":[\"https:\/\/hobstop.ee\/lv\/produkts\/auduma-uzlime-aladine\/\"]}]},{\"@type\":\"ImageObject\",\"inLanguage\":\"lv-LV\",\"@id\":\"https:\/\/hobstop.ee\/lv\/produkts\/auduma-uzlime-aladine\/#primaryimage\",\"url\":\"https:\/\/hobstop.ee\/media\/4000.jpg\",\"contentUrl\":\"https:\/\/hobstop.ee\/media\/4000.jpg\",\"width\":1024,\"height\":768},{\"@type\":\"BreadcrumbList\",\"@id\":\"https:\/\/hobstop.ee\/lv\/produkts\/auduma-uzlime-aladine\/#breadcrumb\",\"itemListElement\":[{\"@type\":\"ListItem\",\"position\":1,\"name\":\"Avaleht\",\"item\":\"https:\/\/www.hobstop.ee\/lv\/\"},{\"@type\":\"ListItem\",\"position\":2,\"name\":\"Veikals\",\"item\":\"https:\/\/www.hobstop.ee\/lv\/veikals\/\"},{\"@type\":\"ListItem\",\"position\":3,\"name\":\"Auduma uzl\u012bme Aladine\"}]},{\"@type\":\"WebSite\",\"@id\":\"https:\/\/hobstop.ee\/lv\/#website\",\"url\":\"https:\/\/hobstop.ee\/lv\/\",\"name\":\"Skizze\",\"description\":\"M\u0101kslas, hobiju un skolas preces\",\"publisher\":{\"@id\":\"https:\/\/hobstop.ee\/lv\/#organization\"},\"potentialAction\":[{\"@type\":\"SearchAction\",\"target\":{\"@type\":\"EntryPoint\",\"urlTemplate\":\"https:\/\/hobstop.ee\/lv\/?s={search_term_string}\"},\"query-input\":{\"@type\":\"PropertyValueSpecification\",\"valueRequired\":true,\"valueName\":\"search_term_string\"}}],\"inLanguage\":\"lv-LV\"},{\"@type\":\"Organization\",\"@id\":\"https:\/\/hobstop.ee\/lv\/#organization\",\"name\":\"Vunder AS\",\"url\":\"https:\/\/hobstop.ee\/lv\/\",\"logo\":{\"@type\":\"ImageObject\",\"inLanguage\":\"lv-LV\",\"@id\":\"https:\/\/hobstop.ee\/lv\/#\/schema\/logo\/image\/\",\"url\":\"https:\/\/hobstop.ee\/media\/vunder-logo.png\",\"contentUrl\":\"https:\/\/hobstop.ee\/media\/vunder-logo.png\",\"width\":127,\"height\":55,\"caption\":\"Vunder AS\"},\"image\":{\"@id\":\"https:\/\/hobstop.ee\/lv\/#\/schema\/logo\/image\/\"},\"sameAs\":[\"http:\/\/www.facebook.com\/VunderSkizze\"]}]}<\/script>\n<!-- \/ Yoast SEO plugin. -->","yoast_head_json":{"title":"Auduma uzl\u012bme Aladine &#8211; Skizze","robots":{"index":"noindex","follow":"follow","max-snippet":"max-snippet:-1","max-image-preview":"max-image-preview:large","max-video-preview":"max-video-preview:-1"},"og_locale":"lv_LV","og_type":"article","og_title":"Auduma uzl\u012bme Aladine &#8211; Skizze","og_description":"Ar uzl\u012bm\u0113m \u0101tri un \u0113rti var izrot\u0101t auduma virsmu. Vienk\u0101r\u0161i izgriez v\u0113lamo uzl\u012bmi atbilsto\u0161\u0101 lielum\u0101 un novieto uz t\u012bra auduma. Nogludinot ar gludekli, uzl\u012bme piel\u012bp pie auduma. P\u0113c tam uzman\u012bgi no\u0146em aizsargpl\u0113v\u012bti no uzl\u012bmes. Ar uzl\u012bm\u0113m rot\u0101tus audumus var mazg\u0101t.","og_url":"https:\/\/hobstop.ee\/lv\/produkts\/auduma-uzlime-aladine\/","og_site_name":"Skizze","article_publisher":"http:\/\/www.facebook.com\/VunderSkizze","og_image":[{"width":1024,"height":768,"url":"https:\/\/hobstop.ee\/media\/4000.jpg","type":"image\/jpeg"}],"twitter_card":"summary_large_image","schema":{"@context":"https:\/\/schema.org","@graph":[{"@type":"WebPage","@id":"https:\/\/hobstop.ee\/lv\/produkts\/auduma-uzlime-aladine\/","url":"https:\/\/hobstop.ee\/lv\/produkts\/auduma-uzlime-aladine\/","name":"Auduma uzl\u012bme Aladine &#8211; Skizze","isPartOf":{"@id":"https:\/\/hobstop.ee\/lv\/#website"},"primaryImageOfPage":{"@id":"https:\/\/hobstop.ee\/lv\/produkts\/auduma-uzlime-aladine\/#primaryimage"},"image":{"@id":"https:\/\/hobstop.ee\/lv\/produkts\/auduma-uzlime-aladine\/#primaryimage"},"thumbnailUrl":"https:\/\/hobstop.ee\/media\/4000.jpg","datePublished":"2015-11-03T09:22:26+00:00","dateModified":"2015-11-03T09:22:26+00:00","breadcrumb":{"@id":"https:\/\/hobstop.ee\/lv\/produkts\/auduma-uzlime-aladine\/#breadcrumb"},"inLanguage":"lv-LV","potentialAction":[{"@type":"ReadAction","target":["https:\/\/hobstop.ee\/lv\/produkts\/auduma-uzlime-aladine\/"]}]},{"@type":"ImageObject","inLanguage":"lv-LV","@id":"https:\/\/hobstop.ee\/lv\/produkts\/auduma-uzlime-aladine\/#primaryimage","url":"https:\/\/hobstop.ee\/media\/4000.jpg","contentUrl":"https:\/\/hobstop.ee\/media\/4000.jpg","width":1024,"height":768},{"@type":"BreadcrumbList","@id":"https:\/\/hobstop.ee\/lv\/produkts\/auduma-uzlime-aladine\/#breadcrumb","itemListElement":[{"@type":"ListItem","position":1,"name":"Avaleht","item":"https:\/\/www.hobstop.ee\/lv\/"},{"@type":"ListItem","position":2,"name":"Veikals","item":"https:\/\/www.hobstop.ee\/lv\/veikals\/"},{"@type":"ListItem","position":3,"name":"Auduma uzl\u012bme Aladine"}]},{"@type":"WebSite","@id":"https:\/\/hobstop.ee\/lv\/#website","url":"https:\/\/hobstop.ee\/lv\/","name":"Skizze","description":"M\u0101kslas, hobiju un skolas preces","publisher":{"@id":"https:\/\/hobstop.ee\/lv\/#organization"},"potentialAction":[{"@type":"SearchAction","target":{"@type":"EntryPoint","urlTemplate":"https:\/\/hobstop.ee\/lv\/?s={search_term_string}"},"query-input":{"@type":"PropertyValueSpecification","valueRequired":true,"valueName":"search_term_string"}}],"inLanguage":"lv-LV"},{"@type":"Organization","@id":"https:\/\/hobstop.ee\/lv\/#organization","name":"Vunder AS","url":"https:\/\/hobstop.ee\/lv\/","logo":{"@type":"ImageObject","inLanguage":"lv-LV","@id":"https:\/\/hobstop.ee\/lv\/#\/schema\/logo\/image\/","url":"https:\/\/hobstop.ee\/media\/vunder-logo.png","contentUrl":"https:\/\/hobstop.ee\/media\/vunder-logo.png","width":127,"height":55,"caption":"Vunder AS"},"image":{"@id":"https:\/\/hobstop.ee\/lv\/#\/schema\/logo\/image\/"},"sameAs":["http:\/\/www.facebook.com\/VunderSkizze"]}]}},"_links":{"self":[{"href":"https:\/\/hobstop.ee\/lv\/wp-json\/wp\/v2\/product\/233908","targetHints":{"allow":["GET"]}}],"collection":[{"href":"https:\/\/hobstop.ee\/lv\/wp-json\/wp\/v2\/product"}],"about":[{"href":"https:\/\/hobstop.ee\/lv\/wp-json\/wp\/v2\/types\/product"}],"replies":[{"embeddable":true,"href":"https:\/\/hobstop.ee\/lv\/wp-json\/wp\/v2\/comments?post=233908"}],"wp:featuredmedia":[{"embeddable":true,"href":"https:\/\/hobstop.ee\/lv\/wp-json\/wp\/v2\/media\/234725"}],"wp:attachment":[{"href":"https:\/\/hobstop.ee\/lv\/wp-json\/wp\/v2\/media?parent=233908"}],"wp:term":[{"taxonomy":"product_cat","embeddable":true,"href":"https:\/\/hobstop.ee\/lv\/wp-json\/wp\/v2\/product_cat?post=233908"},{"taxonomy":"product_tag","embeddable":true,"href":"https:\/\/hobstop.ee\/lv\/wp-json\/wp\/v2\/product_tag?post=233908"}],"curies":[{"name":"wp","href":"https:\/\/api.w.org\/{rel}","templated":true}]}}