{"id":233920,"date":"2015-11-03T11:22:31","date_gmt":"2015-11-03T09:22:31","guid":{"rendered":"https:\/\/sharks.ee\/vunder_2019\/lv\/product\/tinte-aladine-izink-finish-15ml\/"},"modified":"2015-11-03T11:22:31","modified_gmt":"2015-11-03T09:22:31","slug":"tinte-aladine-izink-finish-15ml","status":"publish","type":"product","link":"https:\/\/hobstop.ee\/lv\/produkts\/tinte-aladine-izink-finish-15ml\/","title":{"rendered":"Tinte Aladine Izink Finish 15ml"},"content":{"rendered":"<p>Uz \u016bdens b\u0101zes veidoto, izsmidzin\u0101mo Izink Finish tinti ir vienk\u0101r\u0161i un \u0113rti lietot da\u017e\u0101diem darbiem ar pap\u012bru, \u012bpa\u0161i atmi\u0146u albumiem (scrapbooking) un da\u017e\u0101du m\u0113diju tehnik\u0101. Kop\u0101 ar izsmidzin\u0101t\u0101ja kor\u0137\u012bti viegli izmantot ar\u012b ar \u0161abloniem. Lieliski piem\u0113rots darb\u0101 ar Izink Dye tint\u0113m. Rezult\u0101ts ir ar met\u0101lisku sp\u012bdumu.<\/p>\n","protected":false},"excerpt":{"rendered":"<p>Uz \u016bdens b\u0101zes veidoto, izsmidzin\u0101mo Izink Finish tinti ir vienk\u0101r\u0161i un \u0113rti lietot da\u017e\u0101diem darbiem ar pap\u012bru, \u012bpa\u0161i atmi\u0146u albumiem (scrapbooking) un da\u017e\u0101du m\u0113diju tehnik\u0101. Kop\u0101 ar izsmidzin\u0101t\u0101ja kor\u0137\u012bti viegli izmantot ar\u012b ar \u0161abloniem. Lieliski piem\u0113rots darb\u0101 ar Izink Dye tint\u0113m. Rezult\u0101ts ir ar met\u0101lisku sp\u012bdumu.<\/p>\n","protected":false},"featured_media":234737,"comment_status":"closed","ping_status":"closed","template":"","meta":{"_acf_changed":false,"ep_exclude_from_search":false},"product_cat":[19838,17918,19843],"product_tag":[],"class_list":{"0":"post-233920","1":"product","2":"type-product","3":"status-publish","4":"has-post-thumbnail","6":"product_cat-papirmaksla","7":"product_cat-preces-hobijiem","8":"product_cat-tintes","10":"first","11":"instock","12":"taxable","13":"shipping-taxable","14":"purchasable","15":"product-type-simple"},"acf":[],"yoast_head":"<!-- This site is optimized with the Yoast SEO plugin v24.1 - https:\/\/yoast.com\/wordpress\/plugins\/seo\/ -->\n<title>Tinte Aladine Izink Finish 15ml &#8211; Skizze<\/title>\n<meta name=\"robots\" content=\"noindex, follow, max-snippet:-1, max-image-preview:large, max-video-preview:-1\" \/>\n<meta property=\"og:locale\" content=\"lv_LV\" \/>\n<meta property=\"og:type\" content=\"article\" \/>\n<meta property=\"og:title\" content=\"Tinte Aladine Izink Finish 15ml &#8211; Skizze\" \/>\n<meta property=\"og:description\" content=\"Uz \u016bdens b\u0101zes veidoto, izsmidzin\u0101mo Izink Finish tinti ir vienk\u0101r\u0161i un \u0113rti lietot da\u017e\u0101diem darbiem ar pap\u012bru, \u012bpa\u0161i atmi\u0146u albumiem (scrapbooking) un da\u017e\u0101du m\u0113diju tehnik\u0101. Kop\u0101 ar izsmidzin\u0101t\u0101ja kor\u0137\u012bti viegli izmantot ar\u012b ar \u0161abloniem. Lieliski piem\u0113rots darb\u0101 ar Izink Dye tint\u0113m. Rezult\u0101ts ir ar met\u0101lisku sp\u012bdumu.\" \/>\n<meta property=\"og:url\" content=\"https:\/\/hobstop.ee\/lv\/produkts\/tinte-aladine-izink-finish-15ml\/\" \/>\n<meta property=\"og:site_name\" content=\"Skizze\" \/>\n<meta property=\"article:publisher\" content=\"http:\/\/www.facebook.com\/VunderSkizze\" \/>\n<meta property=\"og:image\" content=\"https:\/\/hobstop.ee\/media\/4003.jpg\" \/>\n\t<meta property=\"og:image:width\" content=\"1024\" \/>\n\t<meta property=\"og:image:height\" content=\"768\" \/>\n\t<meta property=\"og:image:type\" content=\"image\/jpeg\" \/>\n<meta name=\"twitter:card\" content=\"summary_large_image\" \/>\n<script type=\"application\/ld+json\" class=\"yoast-schema-graph\">{\"@context\":\"https:\/\/schema.org\",\"@graph\":[{\"@type\":\"WebPage\",\"@id\":\"https:\/\/hobstop.ee\/lv\/produkts\/tinte-aladine-izink-finish-15ml\/\",\"url\":\"https:\/\/hobstop.ee\/lv\/produkts\/tinte-aladine-izink-finish-15ml\/\",\"name\":\"Tinte Aladine Izink Finish 15ml &#8211; Skizze\",\"isPartOf\":{\"@id\":\"https:\/\/hobstop.ee\/lv\/#website\"},\"primaryImageOfPage\":{\"@id\":\"https:\/\/hobstop.ee\/lv\/produkts\/tinte-aladine-izink-finish-15ml\/#primaryimage\"},\"image\":{\"@id\":\"https:\/\/hobstop.ee\/lv\/produkts\/tinte-aladine-izink-finish-15ml\/#primaryimage\"},\"thumbnailUrl\":\"https:\/\/hobstop.ee\/media\/4003.jpg\",\"datePublished\":\"2015-11-03T09:22:31+00:00\",\"dateModified\":\"2015-11-03T09:22:31+00:00\",\"breadcrumb\":{\"@id\":\"https:\/\/hobstop.ee\/lv\/produkts\/tinte-aladine-izink-finish-15ml\/#breadcrumb\"},\"inLanguage\":\"lv-LV\",\"potentialAction\":[{\"@type\":\"ReadAction\",\"target\":[\"https:\/\/hobstop.ee\/lv\/produkts\/tinte-aladine-izink-finish-15ml\/\"]}]},{\"@type\":\"ImageObject\",\"inLanguage\":\"lv-LV\",\"@id\":\"https:\/\/hobstop.ee\/lv\/produkts\/tinte-aladine-izink-finish-15ml\/#primaryimage\",\"url\":\"https:\/\/hobstop.ee\/media\/4003.jpg\",\"contentUrl\":\"https:\/\/hobstop.ee\/media\/4003.jpg\",\"width\":1024,\"height\":768},{\"@type\":\"BreadcrumbList\",\"@id\":\"https:\/\/hobstop.ee\/lv\/produkts\/tinte-aladine-izink-finish-15ml\/#breadcrumb\",\"itemListElement\":[{\"@type\":\"ListItem\",\"position\":1,\"name\":\"Avaleht\",\"item\":\"https:\/\/hobstop.ee\/lv\/\"},{\"@type\":\"ListItem\",\"position\":2,\"name\":\"Veikals\",\"item\":\"https:\/\/hobstop.ee\/lv\/veikals\/\"},{\"@type\":\"ListItem\",\"position\":3,\"name\":\"Tinte Aladine Izink Finish 15ml\"}]},{\"@type\":\"WebSite\",\"@id\":\"https:\/\/hobstop.ee\/lv\/#website\",\"url\":\"https:\/\/hobstop.ee\/lv\/\",\"name\":\"Skizze\",\"description\":\"M\u0101kslas, hobiju un skolas preces\",\"publisher\":{\"@id\":\"https:\/\/hobstop.ee\/lv\/#organization\"},\"potentialAction\":[{\"@type\":\"SearchAction\",\"target\":{\"@type\":\"EntryPoint\",\"urlTemplate\":\"https:\/\/hobstop.ee\/lv\/?s={search_term_string}\"},\"query-input\":{\"@type\":\"PropertyValueSpecification\",\"valueRequired\":true,\"valueName\":\"search_term_string\"}}],\"inLanguage\":\"lv-LV\"},{\"@type\":\"Organization\",\"@id\":\"https:\/\/hobstop.ee\/lv\/#organization\",\"name\":\"Vunder AS\",\"url\":\"https:\/\/hobstop.ee\/lv\/\",\"logo\":{\"@type\":\"ImageObject\",\"inLanguage\":\"lv-LV\",\"@id\":\"https:\/\/hobstop.ee\/lv\/#\/schema\/logo\/image\/\",\"url\":\"https:\/\/hobstop.ee\/media\/vunder-logo.png\",\"contentUrl\":\"https:\/\/hobstop.ee\/media\/vunder-logo.png\",\"width\":127,\"height\":55,\"caption\":\"Vunder AS\"},\"image\":{\"@id\":\"https:\/\/hobstop.ee\/lv\/#\/schema\/logo\/image\/\"},\"sameAs\":[\"http:\/\/www.facebook.com\/VunderSkizze\"]}]}<\/script>\n<!-- \/ Yoast SEO plugin. -->","yoast_head_json":{"title":"Tinte Aladine Izink Finish 15ml &#8211; Skizze","robots":{"index":"noindex","follow":"follow","max-snippet":"max-snippet:-1","max-image-preview":"max-image-preview:large","max-video-preview":"max-video-preview:-1"},"og_locale":"lv_LV","og_type":"article","og_title":"Tinte Aladine Izink Finish 15ml &#8211; Skizze","og_description":"Uz \u016bdens b\u0101zes veidoto, izsmidzin\u0101mo Izink Finish tinti ir vienk\u0101r\u0161i un \u0113rti lietot da\u017e\u0101diem darbiem ar pap\u012bru, \u012bpa\u0161i atmi\u0146u albumiem (scrapbooking) un da\u017e\u0101du m\u0113diju tehnik\u0101. Kop\u0101 ar izsmidzin\u0101t\u0101ja kor\u0137\u012bti viegli izmantot ar\u012b ar \u0161abloniem. Lieliski piem\u0113rots darb\u0101 ar Izink Dye tint\u0113m. Rezult\u0101ts ir ar met\u0101lisku sp\u012bdumu.","og_url":"https:\/\/hobstop.ee\/lv\/produkts\/tinte-aladine-izink-finish-15ml\/","og_site_name":"Skizze","article_publisher":"http:\/\/www.facebook.com\/VunderSkizze","og_image":[{"width":1024,"height":768,"url":"https:\/\/hobstop.ee\/media\/4003.jpg","type":"image\/jpeg"}],"twitter_card":"summary_large_image","schema":{"@context":"https:\/\/schema.org","@graph":[{"@type":"WebPage","@id":"https:\/\/hobstop.ee\/lv\/produkts\/tinte-aladine-izink-finish-15ml\/","url":"https:\/\/hobstop.ee\/lv\/produkts\/tinte-aladine-izink-finish-15ml\/","name":"Tinte Aladine Izink Finish 15ml &#8211; Skizze","isPartOf":{"@id":"https:\/\/hobstop.ee\/lv\/#website"},"primaryImageOfPage":{"@id":"https:\/\/hobstop.ee\/lv\/produkts\/tinte-aladine-izink-finish-15ml\/#primaryimage"},"image":{"@id":"https:\/\/hobstop.ee\/lv\/produkts\/tinte-aladine-izink-finish-15ml\/#primaryimage"},"thumbnailUrl":"https:\/\/hobstop.ee\/media\/4003.jpg","datePublished":"2015-11-03T09:22:31+00:00","dateModified":"2015-11-03T09:22:31+00:00","breadcrumb":{"@id":"https:\/\/hobstop.ee\/lv\/produkts\/tinte-aladine-izink-finish-15ml\/#breadcrumb"},"inLanguage":"lv-LV","potentialAction":[{"@type":"ReadAction","target":["https:\/\/hobstop.ee\/lv\/produkts\/tinte-aladine-izink-finish-15ml\/"]}]},{"@type":"ImageObject","inLanguage":"lv-LV","@id":"https:\/\/hobstop.ee\/lv\/produkts\/tinte-aladine-izink-finish-15ml\/#primaryimage","url":"https:\/\/hobstop.ee\/media\/4003.jpg","contentUrl":"https:\/\/hobstop.ee\/media\/4003.jpg","width":1024,"height":768},{"@type":"BreadcrumbList","@id":"https:\/\/hobstop.ee\/lv\/produkts\/tinte-aladine-izink-finish-15ml\/#breadcrumb","itemListElement":[{"@type":"ListItem","position":1,"name":"Avaleht","item":"https:\/\/hobstop.ee\/lv\/"},{"@type":"ListItem","position":2,"name":"Veikals","item":"https:\/\/hobstop.ee\/lv\/veikals\/"},{"@type":"ListItem","position":3,"name":"Tinte Aladine Izink Finish 15ml"}]},{"@type":"WebSite","@id":"https:\/\/hobstop.ee\/lv\/#website","url":"https:\/\/hobstop.ee\/lv\/","name":"Skizze","description":"M\u0101kslas, hobiju un skolas preces","publisher":{"@id":"https:\/\/hobstop.ee\/lv\/#organization"},"potentialAction":[{"@type":"SearchAction","target":{"@type":"EntryPoint","urlTemplate":"https:\/\/hobstop.ee\/lv\/?s={search_term_string}"},"query-input":{"@type":"PropertyValueSpecification","valueRequired":true,"valueName":"search_term_string"}}],"inLanguage":"lv-LV"},{"@type":"Organization","@id":"https:\/\/hobstop.ee\/lv\/#organization","name":"Vunder AS","url":"https:\/\/hobstop.ee\/lv\/","logo":{"@type":"ImageObject","inLanguage":"lv-LV","@id":"https:\/\/hobstop.ee\/lv\/#\/schema\/logo\/image\/","url":"https:\/\/hobstop.ee\/media\/vunder-logo.png","contentUrl":"https:\/\/hobstop.ee\/media\/vunder-logo.png","width":127,"height":55,"caption":"Vunder AS"},"image":{"@id":"https:\/\/hobstop.ee\/lv\/#\/schema\/logo\/image\/"},"sameAs":["http:\/\/www.facebook.com\/VunderSkizze"]}]}},"_links":{"self":[{"href":"https:\/\/hobstop.ee\/lv\/wp-json\/wp\/v2\/product\/233920","targetHints":{"allow":["GET"]}}],"collection":[{"href":"https:\/\/hobstop.ee\/lv\/wp-json\/wp\/v2\/product"}],"about":[{"href":"https:\/\/hobstop.ee\/lv\/wp-json\/wp\/v2\/types\/product"}],"replies":[{"embeddable":true,"href":"https:\/\/hobstop.ee\/lv\/wp-json\/wp\/v2\/comments?post=233920"}],"wp:featuredmedia":[{"embeddable":true,"href":"https:\/\/hobstop.ee\/lv\/wp-json\/wp\/v2\/media\/234737"}],"wp:attachment":[{"href":"https:\/\/hobstop.ee\/lv\/wp-json\/wp\/v2\/media?parent=233920"}],"wp:term":[{"taxonomy":"product_cat","embeddable":true,"href":"https:\/\/hobstop.ee\/lv\/wp-json\/wp\/v2\/product_cat?post=233920"},{"taxonomy":"product_tag","embeddable":true,"href":"https:\/\/hobstop.ee\/lv\/wp-json\/wp\/v2\/product_tag?post=233920"}],"curies":[{"name":"wp","href":"https:\/\/api.w.org\/{rel}","templated":true}]}}