{"id":23393,"date":"2014-12-09T12:51:09","date_gmt":"2014-12-09T10:51:09","guid":{"rendered":"https:\/\/sharks.ee\/vunder_2019.klient.veebimajutus.ee\/?post_type=product&#038;p=23393"},"modified":"2014-12-09T12:51:09","modified_gmt":"2014-12-09T10:51:09","slug":"molberts-mabef-m07","status":"publish","type":"product","link":"https:\/\/hobstop.ee\/lv\/produkts\/molberts-mabef-m07\/","title":{"rendered":"Molberts Mabef M07"},"content":{"rendered":"<p>Filigr\u0101ni izstr\u0101d\u0101tajam, no e\u013c\u013cota di\u017esk\u0101b\u0101r\u017ea izgatavotajam MABEF M07 studijas molbertam ir ar vienk\u0101r\u0161u spr\u016bdratu main\u0101ms augstums.  Univers\u0101lajam molbertam ir audekla novietojuma le\u0146\u0137a mai\u0146as funkcija, kas \u013cauj to \u0113rti izmantot, str\u0101d\u0101jot ar da\u017e\u0101diem materi\u0101liem. Pateicoties funkcion\u0101lajam otu\/darba piederumu plaukti\u0146am, kas novietots zem audeklu turo\u0161\u0101s malas, darbar\u012bki vienm\u0113r b\u016bs novietoti akur\u0101ti un \u0113rti.  Maksim\u0101lais audekla augstums 215cm.  Svars 13kg.<\/p>\n","protected":false},"excerpt":{"rendered":"<p>Filigr\u0101ni izstr\u0101d\u0101tajam, no e\u013c\u013cota di\u017esk\u0101b\u0101r\u017ea izgatavotajam MABEF M07 studijas molbertam ir ar vienk\u0101r\u0161u spr\u016bdratu main\u0101ms augstums. Univers\u0101lajam molbertam ir audekla novietojuma le\u0146\u0137a mai\u0146as funkcija, kas \u013cauj to \u0113rti izmantot, str\u0101d\u0101jot ar da\u017e\u0101diem materi\u0101liem. Pateicoties funkcion\u0101lajam otu\/darba piederumu plaukti\u0146am, kas novietots zem audeklu turo\u0161\u0101s malas, darbar\u012bki vienm\u0113r b\u016bs novietoti akur\u0101ti un \u0113rti. Maksim\u0101lais audekla augstums 215cm. Svars 13kg.<\/p>\n","protected":false},"featured_media":102718,"comment_status":"closed","ping_status":"closed","template":"","meta":{"_acf_changed":false,"ep_exclude_from_search":false},"product_cat":[16123,18934,18366],"product_tag":[],"class_list":{"0":"post-23393","1":"product","2":"type-product","3":"status-publish","4":"has-post-thumbnail","6":"product_cat-makslas-piederumi-2","7":"product_cat-molberti-2","8":"product_cat-molberti-uz-h-ramjiem","9":"pa_kma-3077","11":"first","12":"instock","13":"taxable","14":"shipping-taxable","15":"purchasable","16":"product-type-variable"},"acf":[],"yoast_head":"<!-- This site is optimized with the Yoast SEO plugin v24.1 - https:\/\/yoast.com\/wordpress\/plugins\/seo\/ -->\n<title>Molberts Mabef M07 &#8211; Skizze<\/title>\n<meta name=\"robots\" content=\"noindex, follow, max-snippet:-1, max-image-preview:large, max-video-preview:-1\" \/>\n<meta property=\"og:locale\" content=\"lv_LV\" \/>\n<meta property=\"og:type\" content=\"article\" \/>\n<meta property=\"og:title\" content=\"Molberts Mabef M07 &#8211; Skizze\" \/>\n<meta property=\"og:description\" content=\"Filigr\u0101ni izstr\u0101d\u0101tajam, no e\u013c\u013cota di\u017esk\u0101b\u0101r\u017ea izgatavotajam MABEF M07 studijas molbertam ir ar vienk\u0101r\u0161u spr\u016bdratu main\u0101ms augstums. Univers\u0101lajam molbertam ir audekla novietojuma le\u0146\u0137a mai\u0146as funkcija, kas \u013cauj to \u0113rti izmantot, str\u0101d\u0101jot ar da\u017e\u0101diem materi\u0101liem. Pateicoties funkcion\u0101lajam otu\/darba piederumu plaukti\u0146am, kas novietots zem audeklu turo\u0161\u0101s malas, darbar\u012bki vienm\u0113r b\u016bs novietoti akur\u0101ti un \u0113rti. Maksim\u0101lais audekla augstums 215cm. Svars 13kg.\" \/>\n<meta property=\"og:url\" content=\"https:\/\/hobstop.ee\/lv\/produkts\/molberts-mabef-m07\/\" \/>\n<meta property=\"og:site_name\" content=\"Skizze\" \/>\n<meta property=\"article:publisher\" content=\"http:\/\/www.facebook.com\/VunderSkizze\" \/>\n<meta property=\"og:image\" content=\"https:\/\/hobstop.ee\/media\/1185.jpg\" \/>\n\t<meta property=\"og:image:width\" content=\"1024\" \/>\n\t<meta property=\"og:image:height\" content=\"768\" \/>\n\t<meta property=\"og:image:type\" content=\"image\/jpeg\" \/>\n<meta name=\"twitter:card\" content=\"summary_large_image\" \/>\n<script type=\"application\/ld+json\" class=\"yoast-schema-graph\">{\"@context\":\"https:\/\/schema.org\",\"@graph\":[{\"@type\":\"WebPage\",\"@id\":\"https:\/\/hobstop.ee\/lv\/produkts\/molberts-mabef-m07\/\",\"url\":\"https:\/\/hobstop.ee\/lv\/produkts\/molberts-mabef-m07\/\",\"name\":\"Molberts Mabef M07 &#8211; Skizze\",\"isPartOf\":{\"@id\":\"https:\/\/hobstop.ee\/lv\/#website\"},\"primaryImageOfPage\":{\"@id\":\"https:\/\/hobstop.ee\/lv\/produkts\/molberts-mabef-m07\/#primaryimage\"},\"image\":{\"@id\":\"https:\/\/hobstop.ee\/lv\/produkts\/molberts-mabef-m07\/#primaryimage\"},\"thumbnailUrl\":\"https:\/\/hobstop.ee\/media\/1185.jpg\",\"datePublished\":\"2014-12-09T10:51:09+00:00\",\"dateModified\":\"2014-12-09T10:51:09+00:00\",\"breadcrumb\":{\"@id\":\"https:\/\/hobstop.ee\/lv\/produkts\/molberts-mabef-m07\/#breadcrumb\"},\"inLanguage\":\"lv-LV\",\"potentialAction\":[{\"@type\":\"ReadAction\",\"target\":[\"https:\/\/hobstop.ee\/lv\/produkts\/molberts-mabef-m07\/\"]}]},{\"@type\":\"ImageObject\",\"inLanguage\":\"lv-LV\",\"@id\":\"https:\/\/hobstop.ee\/lv\/produkts\/molberts-mabef-m07\/#primaryimage\",\"url\":\"https:\/\/hobstop.ee\/media\/1185.jpg\",\"contentUrl\":\"https:\/\/hobstop.ee\/media\/1185.jpg\",\"width\":1024,\"height\":768},{\"@type\":\"BreadcrumbList\",\"@id\":\"https:\/\/hobstop.ee\/lv\/produkts\/molberts-mabef-m07\/#breadcrumb\",\"itemListElement\":[{\"@type\":\"ListItem\",\"position\":1,\"name\":\"Avaleht\",\"item\":\"https:\/\/www.hobstop.ee\/lv\/\"},{\"@type\":\"ListItem\",\"position\":2,\"name\":\"Veikals\",\"item\":\"https:\/\/www.hobstop.ee\/lv\/veikals\/\"},{\"@type\":\"ListItem\",\"position\":3,\"name\":\"Molberts Mabef M07\"}]},{\"@type\":\"WebSite\",\"@id\":\"https:\/\/hobstop.ee\/lv\/#website\",\"url\":\"https:\/\/hobstop.ee\/lv\/\",\"name\":\"Skizze\",\"description\":\"M\u0101kslas, hobiju un skolas preces\",\"publisher\":{\"@id\":\"https:\/\/hobstop.ee\/lv\/#organization\"},\"potentialAction\":[{\"@type\":\"SearchAction\",\"target\":{\"@type\":\"EntryPoint\",\"urlTemplate\":\"https:\/\/hobstop.ee\/lv\/?s={search_term_string}\"},\"query-input\":{\"@type\":\"PropertyValueSpecification\",\"valueRequired\":true,\"valueName\":\"search_term_string\"}}],\"inLanguage\":\"lv-LV\"},{\"@type\":\"Organization\",\"@id\":\"https:\/\/hobstop.ee\/lv\/#organization\",\"name\":\"Vunder AS\",\"url\":\"https:\/\/hobstop.ee\/lv\/\",\"logo\":{\"@type\":\"ImageObject\",\"inLanguage\":\"lv-LV\",\"@id\":\"https:\/\/hobstop.ee\/lv\/#\/schema\/logo\/image\/\",\"url\":\"https:\/\/hobstop.ee\/media\/vunder-logo.png\",\"contentUrl\":\"https:\/\/hobstop.ee\/media\/vunder-logo.png\",\"width\":127,\"height\":55,\"caption\":\"Vunder AS\"},\"image\":{\"@id\":\"https:\/\/hobstop.ee\/lv\/#\/schema\/logo\/image\/\"},\"sameAs\":[\"http:\/\/www.facebook.com\/VunderSkizze\"]}]}<\/script>\n<!-- \/ Yoast SEO plugin. -->","yoast_head_json":{"title":"Molberts Mabef M07 &#8211; Skizze","robots":{"index":"noindex","follow":"follow","max-snippet":"max-snippet:-1","max-image-preview":"max-image-preview:large","max-video-preview":"max-video-preview:-1"},"og_locale":"lv_LV","og_type":"article","og_title":"Molberts Mabef M07 &#8211; Skizze","og_description":"Filigr\u0101ni izstr\u0101d\u0101tajam, no e\u013c\u013cota di\u017esk\u0101b\u0101r\u017ea izgatavotajam MABEF M07 studijas molbertam ir ar vienk\u0101r\u0161u spr\u016bdratu main\u0101ms augstums. Univers\u0101lajam molbertam ir audekla novietojuma le\u0146\u0137a mai\u0146as funkcija, kas \u013cauj to \u0113rti izmantot, str\u0101d\u0101jot ar da\u017e\u0101diem materi\u0101liem. Pateicoties funkcion\u0101lajam otu\/darba piederumu plaukti\u0146am, kas novietots zem audeklu turo\u0161\u0101s malas, darbar\u012bki vienm\u0113r b\u016bs novietoti akur\u0101ti un \u0113rti. Maksim\u0101lais audekla augstums 215cm. Svars 13kg.","og_url":"https:\/\/hobstop.ee\/lv\/produkts\/molberts-mabef-m07\/","og_site_name":"Skizze","article_publisher":"http:\/\/www.facebook.com\/VunderSkizze","og_image":[{"width":1024,"height":768,"url":"https:\/\/hobstop.ee\/media\/1185.jpg","type":"image\/jpeg"}],"twitter_card":"summary_large_image","schema":{"@context":"https:\/\/schema.org","@graph":[{"@type":"WebPage","@id":"https:\/\/hobstop.ee\/lv\/produkts\/molberts-mabef-m07\/","url":"https:\/\/hobstop.ee\/lv\/produkts\/molberts-mabef-m07\/","name":"Molberts Mabef M07 &#8211; Skizze","isPartOf":{"@id":"https:\/\/hobstop.ee\/lv\/#website"},"primaryImageOfPage":{"@id":"https:\/\/hobstop.ee\/lv\/produkts\/molberts-mabef-m07\/#primaryimage"},"image":{"@id":"https:\/\/hobstop.ee\/lv\/produkts\/molberts-mabef-m07\/#primaryimage"},"thumbnailUrl":"https:\/\/hobstop.ee\/media\/1185.jpg","datePublished":"2014-12-09T10:51:09+00:00","dateModified":"2014-12-09T10:51:09+00:00","breadcrumb":{"@id":"https:\/\/hobstop.ee\/lv\/produkts\/molberts-mabef-m07\/#breadcrumb"},"inLanguage":"lv-LV","potentialAction":[{"@type":"ReadAction","target":["https:\/\/hobstop.ee\/lv\/produkts\/molberts-mabef-m07\/"]}]},{"@type":"ImageObject","inLanguage":"lv-LV","@id":"https:\/\/hobstop.ee\/lv\/produkts\/molberts-mabef-m07\/#primaryimage","url":"https:\/\/hobstop.ee\/media\/1185.jpg","contentUrl":"https:\/\/hobstop.ee\/media\/1185.jpg","width":1024,"height":768},{"@type":"BreadcrumbList","@id":"https:\/\/hobstop.ee\/lv\/produkts\/molberts-mabef-m07\/#breadcrumb","itemListElement":[{"@type":"ListItem","position":1,"name":"Avaleht","item":"https:\/\/www.hobstop.ee\/lv\/"},{"@type":"ListItem","position":2,"name":"Veikals","item":"https:\/\/www.hobstop.ee\/lv\/veikals\/"},{"@type":"ListItem","position":3,"name":"Molberts Mabef M07"}]},{"@type":"WebSite","@id":"https:\/\/hobstop.ee\/lv\/#website","url":"https:\/\/hobstop.ee\/lv\/","name":"Skizze","description":"M\u0101kslas, hobiju un skolas preces","publisher":{"@id":"https:\/\/hobstop.ee\/lv\/#organization"},"potentialAction":[{"@type":"SearchAction","target":{"@type":"EntryPoint","urlTemplate":"https:\/\/hobstop.ee\/lv\/?s={search_term_string}"},"query-input":{"@type":"PropertyValueSpecification","valueRequired":true,"valueName":"search_term_string"}}],"inLanguage":"lv-LV"},{"@type":"Organization","@id":"https:\/\/hobstop.ee\/lv\/#organization","name":"Vunder AS","url":"https:\/\/hobstop.ee\/lv\/","logo":{"@type":"ImageObject","inLanguage":"lv-LV","@id":"https:\/\/hobstop.ee\/lv\/#\/schema\/logo\/image\/","url":"https:\/\/hobstop.ee\/media\/vunder-logo.png","contentUrl":"https:\/\/hobstop.ee\/media\/vunder-logo.png","width":127,"height":55,"caption":"Vunder AS"},"image":{"@id":"https:\/\/hobstop.ee\/lv\/#\/schema\/logo\/image\/"},"sameAs":["http:\/\/www.facebook.com\/VunderSkizze"]}]}},"_links":{"self":[{"href":"https:\/\/hobstop.ee\/lv\/wp-json\/wp\/v2\/product\/23393","targetHints":{"allow":["GET"]}}],"collection":[{"href":"https:\/\/hobstop.ee\/lv\/wp-json\/wp\/v2\/product"}],"about":[{"href":"https:\/\/hobstop.ee\/lv\/wp-json\/wp\/v2\/types\/product"}],"replies":[{"embeddable":true,"href":"https:\/\/hobstop.ee\/lv\/wp-json\/wp\/v2\/comments?post=23393"}],"wp:featuredmedia":[{"embeddable":true,"href":"https:\/\/hobstop.ee\/lv\/wp-json\/wp\/v2\/media\/102718"}],"wp:attachment":[{"href":"https:\/\/hobstop.ee\/lv\/wp-json\/wp\/v2\/media?parent=23393"}],"wp:term":[{"taxonomy":"product_cat","embeddable":true,"href":"https:\/\/hobstop.ee\/lv\/wp-json\/wp\/v2\/product_cat?post=23393"},{"taxonomy":"product_tag","embeddable":true,"href":"https:\/\/hobstop.ee\/lv\/wp-json\/wp\/v2\/product_tag?post=23393"}],"curies":[{"name":"wp","href":"https:\/\/api.w.org\/{rel}","templated":true}]}}