{"id":233936,"date":"2015-11-03T11:22:39","date_gmt":"2015-11-03T09:22:39","guid":{"rendered":"https:\/\/sharks.ee\/vunder_2019\/lv\/product\/tintes-spilventinu-komplekts-aladine-stampo-minos\/"},"modified":"2015-11-03T11:22:39","modified_gmt":"2015-11-03T09:22:39","slug":"tintes-spilventinu-komplekts-aladine-stampo-minos","status":"publish","type":"product","link":"https:\/\/hobstop.ee\/lv\/produkts\/tintes-spilventinu-komplekts-aladine-stampo-minos\/","title":{"rendered":"Tintes spilventi\u0146u komplekts Aladine Stampo Minos"},"content":{"rendered":"<p>Komplekts b\u0113rniem ar lieliem tintes spilventi\u0146iem, kas pild\u012bti ar spilgtas kr\u0101sas tinti. Vienk\u0101r\u0161i un \u0113rti lietojami ar Aladine Stampo Minos z\u012bmogiem. Tinti ir viegli nomazg\u0101t ar \u016bdeni. Piem\u0113rots da\u017e\u0101diem darbiem ar pap\u012bru.<\/p>\n","protected":false},"excerpt":{"rendered":"<p>Komplekts b\u0113rniem ar lieliem tintes spilventi\u0146iem, kas pild\u012bti ar spilgtas kr\u0101sas tinti. Vienk\u0101r\u0161i un \u0113rti lietojami ar Aladine Stampo Minos z\u012bmogiem. Tinti ir viegli nomazg\u0101t ar \u016bdeni. Piem\u0113rots da\u017e\u0101diem darbiem ar pap\u012bru.<\/p>\n","protected":false},"featured_media":234753,"comment_status":"closed","ping_status":"closed","template":"","meta":{"_acf_changed":false,"ep_exclude_from_search":false},"product_cat":[19835,20389,20401],"product_tag":[],"class_list":{"0":"post-233936","1":"product","2":"type-product","3":"status-publish","4":"has-post-thumbnail","6":"product_cat-bernu-brivais-laiks","7":"product_cat-makslas-piederumi-3","8":"product_cat-zimogi","10":"first","11":"instock","12":"taxable","13":"shipping-taxable","14":"purchasable","15":"product-type-simple"},"acf":[],"yoast_head":"<!-- This site is optimized with the Yoast SEO plugin v24.1 - https:\/\/yoast.com\/wordpress\/plugins\/seo\/ -->\n<title>Tintes spilventi\u0146u komplekts Aladine Stampo Minos &#8211; Skizze<\/title>\n<meta name=\"robots\" content=\"noindex, follow, max-snippet:-1, max-image-preview:large, max-video-preview:-1\" \/>\n<meta property=\"og:locale\" content=\"lv_LV\" \/>\n<meta property=\"og:type\" content=\"article\" \/>\n<meta property=\"og:title\" content=\"Tintes spilventi\u0146u komplekts Aladine Stampo Minos &#8211; Skizze\" \/>\n<meta property=\"og:description\" content=\"Komplekts b\u0113rniem ar lieliem tintes spilventi\u0146iem, kas pild\u012bti ar spilgtas kr\u0101sas tinti. Vienk\u0101r\u0161i un \u0113rti lietojami ar Aladine Stampo Minos z\u012bmogiem. Tinti ir viegli nomazg\u0101t ar \u016bdeni. Piem\u0113rots da\u017e\u0101diem darbiem ar pap\u012bru.\" \/>\n<meta property=\"og:url\" content=\"https:\/\/hobstop.ee\/lv\/produkts\/tintes-spilventinu-komplekts-aladine-stampo-minos\/\" \/>\n<meta property=\"og:site_name\" content=\"Skizze\" \/>\n<meta property=\"article:publisher\" content=\"http:\/\/www.facebook.com\/VunderSkizze\" \/>\n<meta property=\"og:image\" content=\"https:\/\/hobstop.ee\/media\/4007.jpg\" \/>\n\t<meta property=\"og:image:width\" content=\"1024\" \/>\n\t<meta property=\"og:image:height\" content=\"768\" \/>\n\t<meta property=\"og:image:type\" content=\"image\/jpeg\" \/>\n<meta name=\"twitter:card\" content=\"summary_large_image\" \/>\n<script type=\"application\/ld+json\" class=\"yoast-schema-graph\">{\"@context\":\"https:\/\/schema.org\",\"@graph\":[{\"@type\":\"WebPage\",\"@id\":\"https:\/\/hobstop.ee\/lv\/produkts\/tintes-spilventinu-komplekts-aladine-stampo-minos\/\",\"url\":\"https:\/\/hobstop.ee\/lv\/produkts\/tintes-spilventinu-komplekts-aladine-stampo-minos\/\",\"name\":\"Tintes spilventi\u0146u komplekts Aladine Stampo Minos &#8211; Skizze\",\"isPartOf\":{\"@id\":\"https:\/\/hobstop.ee\/lv\/#website\"},\"primaryImageOfPage\":{\"@id\":\"https:\/\/hobstop.ee\/lv\/produkts\/tintes-spilventinu-komplekts-aladine-stampo-minos\/#primaryimage\"},\"image\":{\"@id\":\"https:\/\/hobstop.ee\/lv\/produkts\/tintes-spilventinu-komplekts-aladine-stampo-minos\/#primaryimage\"},\"thumbnailUrl\":\"https:\/\/hobstop.ee\/media\/4007.jpg\",\"datePublished\":\"2015-11-03T09:22:39+00:00\",\"dateModified\":\"2015-11-03T09:22:39+00:00\",\"breadcrumb\":{\"@id\":\"https:\/\/hobstop.ee\/lv\/produkts\/tintes-spilventinu-komplekts-aladine-stampo-minos\/#breadcrumb\"},\"inLanguage\":\"lv-LV\",\"potentialAction\":[{\"@type\":\"ReadAction\",\"target\":[\"https:\/\/hobstop.ee\/lv\/produkts\/tintes-spilventinu-komplekts-aladine-stampo-minos\/\"]}]},{\"@type\":\"ImageObject\",\"inLanguage\":\"lv-LV\",\"@id\":\"https:\/\/hobstop.ee\/lv\/produkts\/tintes-spilventinu-komplekts-aladine-stampo-minos\/#primaryimage\",\"url\":\"https:\/\/hobstop.ee\/media\/4007.jpg\",\"contentUrl\":\"https:\/\/hobstop.ee\/media\/4007.jpg\",\"width\":1024,\"height\":768},{\"@type\":\"BreadcrumbList\",\"@id\":\"https:\/\/hobstop.ee\/lv\/produkts\/tintes-spilventinu-komplekts-aladine-stampo-minos\/#breadcrumb\",\"itemListElement\":[{\"@type\":\"ListItem\",\"position\":1,\"name\":\"Avaleht\",\"item\":\"https:\/\/hobstop.ee\/lv\/\"},{\"@type\":\"ListItem\",\"position\":2,\"name\":\"Veikals\",\"item\":\"https:\/\/hobstop.ee\/lv\/veikals\/\"},{\"@type\":\"ListItem\",\"position\":3,\"name\":\"Tintes spilventi\u0146u komplekts Aladine Stampo Minos\"}]},{\"@type\":\"WebSite\",\"@id\":\"https:\/\/hobstop.ee\/lv\/#website\",\"url\":\"https:\/\/hobstop.ee\/lv\/\",\"name\":\"Skizze\",\"description\":\"M\u0101kslas, hobiju un skolas preces\",\"publisher\":{\"@id\":\"https:\/\/hobstop.ee\/lv\/#organization\"},\"potentialAction\":[{\"@type\":\"SearchAction\",\"target\":{\"@type\":\"EntryPoint\",\"urlTemplate\":\"https:\/\/hobstop.ee\/lv\/?s={search_term_string}\"},\"query-input\":{\"@type\":\"PropertyValueSpecification\",\"valueRequired\":true,\"valueName\":\"search_term_string\"}}],\"inLanguage\":\"lv-LV\"},{\"@type\":\"Organization\",\"@id\":\"https:\/\/hobstop.ee\/lv\/#organization\",\"name\":\"Vunder AS\",\"url\":\"https:\/\/hobstop.ee\/lv\/\",\"logo\":{\"@type\":\"ImageObject\",\"inLanguage\":\"lv-LV\",\"@id\":\"https:\/\/hobstop.ee\/lv\/#\/schema\/logo\/image\/\",\"url\":\"https:\/\/hobstop.ee\/media\/vunder-logo.png\",\"contentUrl\":\"https:\/\/hobstop.ee\/media\/vunder-logo.png\",\"width\":127,\"height\":55,\"caption\":\"Vunder AS\"},\"image\":{\"@id\":\"https:\/\/hobstop.ee\/lv\/#\/schema\/logo\/image\/\"},\"sameAs\":[\"http:\/\/www.facebook.com\/VunderSkizze\"]}]}<\/script>\n<!-- \/ Yoast SEO plugin. -->","yoast_head_json":{"title":"Tintes spilventi\u0146u komplekts Aladine Stampo Minos &#8211; Skizze","robots":{"index":"noindex","follow":"follow","max-snippet":"max-snippet:-1","max-image-preview":"max-image-preview:large","max-video-preview":"max-video-preview:-1"},"og_locale":"lv_LV","og_type":"article","og_title":"Tintes spilventi\u0146u komplekts Aladine Stampo Minos &#8211; Skizze","og_description":"Komplekts b\u0113rniem ar lieliem tintes spilventi\u0146iem, kas pild\u012bti ar spilgtas kr\u0101sas tinti. Vienk\u0101r\u0161i un \u0113rti lietojami ar Aladine Stampo Minos z\u012bmogiem. Tinti ir viegli nomazg\u0101t ar \u016bdeni. Piem\u0113rots da\u017e\u0101diem darbiem ar pap\u012bru.","og_url":"https:\/\/hobstop.ee\/lv\/produkts\/tintes-spilventinu-komplekts-aladine-stampo-minos\/","og_site_name":"Skizze","article_publisher":"http:\/\/www.facebook.com\/VunderSkizze","og_image":[{"width":1024,"height":768,"url":"https:\/\/hobstop.ee\/media\/4007.jpg","type":"image\/jpeg"}],"twitter_card":"summary_large_image","schema":{"@context":"https:\/\/schema.org","@graph":[{"@type":"WebPage","@id":"https:\/\/hobstop.ee\/lv\/produkts\/tintes-spilventinu-komplekts-aladine-stampo-minos\/","url":"https:\/\/hobstop.ee\/lv\/produkts\/tintes-spilventinu-komplekts-aladine-stampo-minos\/","name":"Tintes spilventi\u0146u komplekts Aladine Stampo Minos &#8211; Skizze","isPartOf":{"@id":"https:\/\/hobstop.ee\/lv\/#website"},"primaryImageOfPage":{"@id":"https:\/\/hobstop.ee\/lv\/produkts\/tintes-spilventinu-komplekts-aladine-stampo-minos\/#primaryimage"},"image":{"@id":"https:\/\/hobstop.ee\/lv\/produkts\/tintes-spilventinu-komplekts-aladine-stampo-minos\/#primaryimage"},"thumbnailUrl":"https:\/\/hobstop.ee\/media\/4007.jpg","datePublished":"2015-11-03T09:22:39+00:00","dateModified":"2015-11-03T09:22:39+00:00","breadcrumb":{"@id":"https:\/\/hobstop.ee\/lv\/produkts\/tintes-spilventinu-komplekts-aladine-stampo-minos\/#breadcrumb"},"inLanguage":"lv-LV","potentialAction":[{"@type":"ReadAction","target":["https:\/\/hobstop.ee\/lv\/produkts\/tintes-spilventinu-komplekts-aladine-stampo-minos\/"]}]},{"@type":"ImageObject","inLanguage":"lv-LV","@id":"https:\/\/hobstop.ee\/lv\/produkts\/tintes-spilventinu-komplekts-aladine-stampo-minos\/#primaryimage","url":"https:\/\/hobstop.ee\/media\/4007.jpg","contentUrl":"https:\/\/hobstop.ee\/media\/4007.jpg","width":1024,"height":768},{"@type":"BreadcrumbList","@id":"https:\/\/hobstop.ee\/lv\/produkts\/tintes-spilventinu-komplekts-aladine-stampo-minos\/#breadcrumb","itemListElement":[{"@type":"ListItem","position":1,"name":"Avaleht","item":"https:\/\/hobstop.ee\/lv\/"},{"@type":"ListItem","position":2,"name":"Veikals","item":"https:\/\/hobstop.ee\/lv\/veikals\/"},{"@type":"ListItem","position":3,"name":"Tintes spilventi\u0146u komplekts Aladine Stampo Minos"}]},{"@type":"WebSite","@id":"https:\/\/hobstop.ee\/lv\/#website","url":"https:\/\/hobstop.ee\/lv\/","name":"Skizze","description":"M\u0101kslas, hobiju un skolas preces","publisher":{"@id":"https:\/\/hobstop.ee\/lv\/#organization"},"potentialAction":[{"@type":"SearchAction","target":{"@type":"EntryPoint","urlTemplate":"https:\/\/hobstop.ee\/lv\/?s={search_term_string}"},"query-input":{"@type":"PropertyValueSpecification","valueRequired":true,"valueName":"search_term_string"}}],"inLanguage":"lv-LV"},{"@type":"Organization","@id":"https:\/\/hobstop.ee\/lv\/#organization","name":"Vunder AS","url":"https:\/\/hobstop.ee\/lv\/","logo":{"@type":"ImageObject","inLanguage":"lv-LV","@id":"https:\/\/hobstop.ee\/lv\/#\/schema\/logo\/image\/","url":"https:\/\/hobstop.ee\/media\/vunder-logo.png","contentUrl":"https:\/\/hobstop.ee\/media\/vunder-logo.png","width":127,"height":55,"caption":"Vunder AS"},"image":{"@id":"https:\/\/hobstop.ee\/lv\/#\/schema\/logo\/image\/"},"sameAs":["http:\/\/www.facebook.com\/VunderSkizze"]}]}},"_links":{"self":[{"href":"https:\/\/hobstop.ee\/lv\/wp-json\/wp\/v2\/product\/233936","targetHints":{"allow":["GET"]}}],"collection":[{"href":"https:\/\/hobstop.ee\/lv\/wp-json\/wp\/v2\/product"}],"about":[{"href":"https:\/\/hobstop.ee\/lv\/wp-json\/wp\/v2\/types\/product"}],"replies":[{"embeddable":true,"href":"https:\/\/hobstop.ee\/lv\/wp-json\/wp\/v2\/comments?post=233936"}],"wp:featuredmedia":[{"embeddable":true,"href":"https:\/\/hobstop.ee\/lv\/wp-json\/wp\/v2\/media\/234753"}],"wp:attachment":[{"href":"https:\/\/hobstop.ee\/lv\/wp-json\/wp\/v2\/media?parent=233936"}],"wp:term":[{"taxonomy":"product_cat","embeddable":true,"href":"https:\/\/hobstop.ee\/lv\/wp-json\/wp\/v2\/product_cat?post=233936"},{"taxonomy":"product_tag","embeddable":true,"href":"https:\/\/hobstop.ee\/lv\/wp-json\/wp\/v2\/product_tag?post=233936"}],"curies":[{"name":"wp","href":"https:\/\/api.w.org\/{rel}","templated":true}]}}