{"id":23401,"date":"2014-12-09T12:51:12","date_gmt":"2014-12-09T10:51:12","guid":{"rendered":"https:\/\/sharks.ee\/vunder_2019.klient.veebimajutus.ee\/?post_type=product&#038;p=23401"},"modified":"2014-12-09T12:51:12","modified_gmt":"2014-12-09T10:51:12","slug":"molberts-mabef-m14","status":"publish","type":"product","link":"https:\/\/hobstop.ee\/lv\/produkts\/molberts-mabef-m14\/","title":{"rendered":"Molberts Mabef M14"},"content":{"rendered":"<p>P\u0113c lab\u0101kaj\u0101m it\u0101\u013cu galdniec\u012bbas trad\u012bcij\u0101m izgatavots, e\u013c\u013cota di\u017esk\u0101b\u0101r\u017ea molberts.  MABEF M14 uz galda novietojamais molberts ir \u0113rti izmantojams z\u012bm\u0113\u0161anai un darbu ekspon\u0113\u0161anai.  Neskatoties uz molberta nelielajiem izm\u0113riem (augstums 103cm un platums 29cm), t\u0101 le\u0146\u0137is var tikt main\u012bts un uz t\u0101 var novietot l\u012bdz 60cm augstu audeklu.<\/p>\n","protected":false},"excerpt":{"rendered":"<p>P\u0113c lab\u0101kaj\u0101m it\u0101\u013cu galdniec\u012bbas trad\u012bcij\u0101m izgatavots, e\u013c\u013cota di\u017esk\u0101b\u0101r\u017ea molberts. MABEF M14 uz galda novietojamais molberts ir \u0113rti izmantojams z\u012bm\u0113\u0161anai un darbu ekspon\u0113\u0161anai. Neskatoties uz molberta nelielajiem izm\u0113riem (augstums 103cm un platums 29cm), t\u0101 le\u0146\u0137is var tikt main\u012bts un uz t\u0101 var novietot l\u012bdz 60cm augstu audeklu.<\/p>\n","protected":false},"featured_media":102734,"comment_status":"closed","ping_status":"closed","template":"","meta":{"_acf_changed":false,"ep_exclude_from_search":false},"product_cat":[18376,16123,18934],"product_tag":[],"class_list":{"0":"post-23401","1":"product","2":"type-product","3":"status-publish","4":"has-post-thumbnail","6":"product_cat-galda-molberti","7":"product_cat-makslas-piederumi-2","8":"product_cat-molberti-un-mebeles","9":"pa_kma-3081","11":"first","12":"instock","13":"taxable","14":"shipping-taxable","15":"purchasable","16":"product-type-variable"},"acf":[],"yoast_head":"<!-- This site is optimized with the Yoast SEO plugin v24.1 - https:\/\/yoast.com\/wordpress\/plugins\/seo\/ -->\n<title>Molberts Mabef M14 &#8211; Skizze<\/title>\n<meta name=\"robots\" content=\"noindex, follow, max-snippet:-1, max-image-preview:large, max-video-preview:-1\" \/>\n<meta property=\"og:locale\" content=\"lv_LV\" \/>\n<meta property=\"og:type\" content=\"article\" \/>\n<meta property=\"og:title\" content=\"Molberts Mabef M14 &#8211; Skizze\" \/>\n<meta property=\"og:description\" content=\"P\u0113c lab\u0101kaj\u0101m it\u0101\u013cu galdniec\u012bbas trad\u012bcij\u0101m izgatavots, e\u013c\u013cota di\u017esk\u0101b\u0101r\u017ea molberts. MABEF M14 uz galda novietojamais molberts ir \u0113rti izmantojams z\u012bm\u0113\u0161anai un darbu ekspon\u0113\u0161anai. Neskatoties uz molberta nelielajiem izm\u0113riem (augstums 103cm un platums 29cm), t\u0101 le\u0146\u0137is var tikt main\u012bts un uz t\u0101 var novietot l\u012bdz 60cm augstu audeklu.\" \/>\n<meta property=\"og:url\" content=\"https:\/\/hobstop.ee\/lv\/produkts\/molberts-mabef-m14\/\" \/>\n<meta property=\"og:site_name\" content=\"Skizze\" \/>\n<meta property=\"article:publisher\" content=\"http:\/\/www.facebook.com\/VunderSkizze\" \/>\n<meta property=\"og:image\" content=\"https:\/\/hobstop.ee\/media\/1189.jpg\" \/>\n\t<meta property=\"og:image:width\" content=\"1024\" \/>\n\t<meta property=\"og:image:height\" content=\"768\" \/>\n\t<meta property=\"og:image:type\" content=\"image\/jpeg\" \/>\n<meta name=\"twitter:card\" content=\"summary_large_image\" \/>\n<script type=\"application\/ld+json\" class=\"yoast-schema-graph\">{\"@context\":\"https:\/\/schema.org\",\"@graph\":[{\"@type\":\"WebPage\",\"@id\":\"https:\/\/hobstop.ee\/lv\/produkts\/molberts-mabef-m14\/\",\"url\":\"https:\/\/hobstop.ee\/lv\/produkts\/molberts-mabef-m14\/\",\"name\":\"Molberts Mabef M14 &#8211; Skizze\",\"isPartOf\":{\"@id\":\"https:\/\/hobstop.ee\/lv\/#website\"},\"primaryImageOfPage\":{\"@id\":\"https:\/\/hobstop.ee\/lv\/produkts\/molberts-mabef-m14\/#primaryimage\"},\"image\":{\"@id\":\"https:\/\/hobstop.ee\/lv\/produkts\/molberts-mabef-m14\/#primaryimage\"},\"thumbnailUrl\":\"https:\/\/hobstop.ee\/media\/1189.jpg\",\"datePublished\":\"2014-12-09T10:51:12+00:00\",\"dateModified\":\"2014-12-09T10:51:12+00:00\",\"breadcrumb\":{\"@id\":\"https:\/\/hobstop.ee\/lv\/produkts\/molberts-mabef-m14\/#breadcrumb\"},\"inLanguage\":\"lv-LV\",\"potentialAction\":[{\"@type\":\"ReadAction\",\"target\":[\"https:\/\/hobstop.ee\/lv\/produkts\/molberts-mabef-m14\/\"]}]},{\"@type\":\"ImageObject\",\"inLanguage\":\"lv-LV\",\"@id\":\"https:\/\/hobstop.ee\/lv\/produkts\/molberts-mabef-m14\/#primaryimage\",\"url\":\"https:\/\/hobstop.ee\/media\/1189.jpg\",\"contentUrl\":\"https:\/\/hobstop.ee\/media\/1189.jpg\",\"width\":1024,\"height\":768},{\"@type\":\"BreadcrumbList\",\"@id\":\"https:\/\/hobstop.ee\/lv\/produkts\/molberts-mabef-m14\/#breadcrumb\",\"itemListElement\":[{\"@type\":\"ListItem\",\"position\":1,\"name\":\"Avaleht\",\"item\":\"https:\/\/hobstop.ee\/lv\/\"},{\"@type\":\"ListItem\",\"position\":2,\"name\":\"Veikals\",\"item\":\"https:\/\/hobstop.ee\/lv\/veikals\/\"},{\"@type\":\"ListItem\",\"position\":3,\"name\":\"Molberts Mabef M14\"}]},{\"@type\":\"WebSite\",\"@id\":\"https:\/\/hobstop.ee\/lv\/#website\",\"url\":\"https:\/\/hobstop.ee\/lv\/\",\"name\":\"Skizze\",\"description\":\"M\u0101kslas, hobiju un skolas preces\",\"publisher\":{\"@id\":\"https:\/\/hobstop.ee\/lv\/#organization\"},\"potentialAction\":[{\"@type\":\"SearchAction\",\"target\":{\"@type\":\"EntryPoint\",\"urlTemplate\":\"https:\/\/hobstop.ee\/lv\/?s={search_term_string}\"},\"query-input\":{\"@type\":\"PropertyValueSpecification\",\"valueRequired\":true,\"valueName\":\"search_term_string\"}}],\"inLanguage\":\"lv-LV\"},{\"@type\":\"Organization\",\"@id\":\"https:\/\/hobstop.ee\/lv\/#organization\",\"name\":\"Vunder AS\",\"url\":\"https:\/\/hobstop.ee\/lv\/\",\"logo\":{\"@type\":\"ImageObject\",\"inLanguage\":\"lv-LV\",\"@id\":\"https:\/\/hobstop.ee\/lv\/#\/schema\/logo\/image\/\",\"url\":\"https:\/\/hobstop.ee\/media\/vunder-logo.png\",\"contentUrl\":\"https:\/\/hobstop.ee\/media\/vunder-logo.png\",\"width\":127,\"height\":55,\"caption\":\"Vunder AS\"},\"image\":{\"@id\":\"https:\/\/hobstop.ee\/lv\/#\/schema\/logo\/image\/\"},\"sameAs\":[\"http:\/\/www.facebook.com\/VunderSkizze\"]}]}<\/script>\n<!-- \/ Yoast SEO plugin. -->","yoast_head_json":{"title":"Molberts Mabef M14 &#8211; Skizze","robots":{"index":"noindex","follow":"follow","max-snippet":"max-snippet:-1","max-image-preview":"max-image-preview:large","max-video-preview":"max-video-preview:-1"},"og_locale":"lv_LV","og_type":"article","og_title":"Molberts Mabef M14 &#8211; Skizze","og_description":"P\u0113c lab\u0101kaj\u0101m it\u0101\u013cu galdniec\u012bbas trad\u012bcij\u0101m izgatavots, e\u013c\u013cota di\u017esk\u0101b\u0101r\u017ea molberts. MABEF M14 uz galda novietojamais molberts ir \u0113rti izmantojams z\u012bm\u0113\u0161anai un darbu ekspon\u0113\u0161anai. Neskatoties uz molberta nelielajiem izm\u0113riem (augstums 103cm un platums 29cm), t\u0101 le\u0146\u0137is var tikt main\u012bts un uz t\u0101 var novietot l\u012bdz 60cm augstu audeklu.","og_url":"https:\/\/hobstop.ee\/lv\/produkts\/molberts-mabef-m14\/","og_site_name":"Skizze","article_publisher":"http:\/\/www.facebook.com\/VunderSkizze","og_image":[{"width":1024,"height":768,"url":"https:\/\/hobstop.ee\/media\/1189.jpg","type":"image\/jpeg"}],"twitter_card":"summary_large_image","schema":{"@context":"https:\/\/schema.org","@graph":[{"@type":"WebPage","@id":"https:\/\/hobstop.ee\/lv\/produkts\/molberts-mabef-m14\/","url":"https:\/\/hobstop.ee\/lv\/produkts\/molberts-mabef-m14\/","name":"Molberts Mabef M14 &#8211; Skizze","isPartOf":{"@id":"https:\/\/hobstop.ee\/lv\/#website"},"primaryImageOfPage":{"@id":"https:\/\/hobstop.ee\/lv\/produkts\/molberts-mabef-m14\/#primaryimage"},"image":{"@id":"https:\/\/hobstop.ee\/lv\/produkts\/molberts-mabef-m14\/#primaryimage"},"thumbnailUrl":"https:\/\/hobstop.ee\/media\/1189.jpg","datePublished":"2014-12-09T10:51:12+00:00","dateModified":"2014-12-09T10:51:12+00:00","breadcrumb":{"@id":"https:\/\/hobstop.ee\/lv\/produkts\/molberts-mabef-m14\/#breadcrumb"},"inLanguage":"lv-LV","potentialAction":[{"@type":"ReadAction","target":["https:\/\/hobstop.ee\/lv\/produkts\/molberts-mabef-m14\/"]}]},{"@type":"ImageObject","inLanguage":"lv-LV","@id":"https:\/\/hobstop.ee\/lv\/produkts\/molberts-mabef-m14\/#primaryimage","url":"https:\/\/hobstop.ee\/media\/1189.jpg","contentUrl":"https:\/\/hobstop.ee\/media\/1189.jpg","width":1024,"height":768},{"@type":"BreadcrumbList","@id":"https:\/\/hobstop.ee\/lv\/produkts\/molberts-mabef-m14\/#breadcrumb","itemListElement":[{"@type":"ListItem","position":1,"name":"Avaleht","item":"https:\/\/hobstop.ee\/lv\/"},{"@type":"ListItem","position":2,"name":"Veikals","item":"https:\/\/hobstop.ee\/lv\/veikals\/"},{"@type":"ListItem","position":3,"name":"Molberts Mabef M14"}]},{"@type":"WebSite","@id":"https:\/\/hobstop.ee\/lv\/#website","url":"https:\/\/hobstop.ee\/lv\/","name":"Skizze","description":"M\u0101kslas, hobiju un skolas preces","publisher":{"@id":"https:\/\/hobstop.ee\/lv\/#organization"},"potentialAction":[{"@type":"SearchAction","target":{"@type":"EntryPoint","urlTemplate":"https:\/\/hobstop.ee\/lv\/?s={search_term_string}"},"query-input":{"@type":"PropertyValueSpecification","valueRequired":true,"valueName":"search_term_string"}}],"inLanguage":"lv-LV"},{"@type":"Organization","@id":"https:\/\/hobstop.ee\/lv\/#organization","name":"Vunder AS","url":"https:\/\/hobstop.ee\/lv\/","logo":{"@type":"ImageObject","inLanguage":"lv-LV","@id":"https:\/\/hobstop.ee\/lv\/#\/schema\/logo\/image\/","url":"https:\/\/hobstop.ee\/media\/vunder-logo.png","contentUrl":"https:\/\/hobstop.ee\/media\/vunder-logo.png","width":127,"height":55,"caption":"Vunder AS"},"image":{"@id":"https:\/\/hobstop.ee\/lv\/#\/schema\/logo\/image\/"},"sameAs":["http:\/\/www.facebook.com\/VunderSkizze"]}]}},"_links":{"self":[{"href":"https:\/\/hobstop.ee\/lv\/wp-json\/wp\/v2\/product\/23401","targetHints":{"allow":["GET"]}}],"collection":[{"href":"https:\/\/hobstop.ee\/lv\/wp-json\/wp\/v2\/product"}],"about":[{"href":"https:\/\/hobstop.ee\/lv\/wp-json\/wp\/v2\/types\/product"}],"replies":[{"embeddable":true,"href":"https:\/\/hobstop.ee\/lv\/wp-json\/wp\/v2\/comments?post=23401"}],"wp:featuredmedia":[{"embeddable":true,"href":"https:\/\/hobstop.ee\/lv\/wp-json\/wp\/v2\/media\/102734"}],"wp:attachment":[{"href":"https:\/\/hobstop.ee\/lv\/wp-json\/wp\/v2\/media?parent=23401"}],"wp:term":[{"taxonomy":"product_cat","embeddable":true,"href":"https:\/\/hobstop.ee\/lv\/wp-json\/wp\/v2\/product_cat?post=23401"},{"taxonomy":"product_tag","embeddable":true,"href":"https:\/\/hobstop.ee\/lv\/wp-json\/wp\/v2\/product_tag?post=23401"}],"curies":[{"name":"wp","href":"https:\/\/api.w.org\/{rel}","templated":true}]}}