{"id":23407,"date":"2014-12-09T12:51:13","date_gmt":"2014-12-09T10:51:13","guid":{"rendered":"https:\/\/sharks.ee\/vunder_2019.klient.veebimajutus.ee\/?post_type=product&#038;p=23407"},"modified":"2014-12-09T12:51:13","modified_gmt":"2014-12-09T10:51:13","slug":"molberts-mabef-m20","status":"publish","type":"product","link":"https:\/\/hobstop.ee\/lv\/produkts\/molberts-mabef-m20\/","title":{"rendered":"Molberts Mabef M20"},"content":{"rendered":"<p>No e\u013c\u013cota di\u017esk\u0101b\u0101r\u017ea izgatavotais molberts MABEF M20 izce\u013cas ar slaidu un elegantu formu.  Audekla augstums ir regul\u0113jams ar divu sp\u0101rnu uzgrie\u017e\u0146u pal\u012bdz\u012bbu.  Molberta svars ir 5kg un tas ir paredz\u0113ts l\u012bdz 130cm audekla novieto\u0161anai.  Viegli saliekams.  Molberts ir ide\u0101li piem\u0113rots darbu ekspon\u0113\u0161anai skatlogos.<br \/>\nMABEF M20 Plus molberts sast\u0101v no regul\u0113jama audekla tur\u0113t\u0101ja, kas \u013cauj stingr\u0101k un dro\u0161\u0101k nostiprin\u0101t ar\u012b gar\u0101kus audeklus.  Apak\u0161\u0113j\u0101 plaukti\u0146a regul\u0113\u0161anas iesp\u0113ja ar diviem sp\u0101rnu uzgrie\u017e\u0146iem.  Molberts sver 5.4kg un ir piem\u0113rots l\u012bdz 140cm augsta audekla novieto\u0161anai.<\/p>\n","protected":false},"excerpt":{"rendered":"<p>No e\u013c\u013cota di\u017esk\u0101b\u0101r\u017ea izgatavotais molberts MABEF M20 izce\u013cas ar slaidu un elegantu formu. Audekla augstums ir regul\u0113jams ar divu sp\u0101rnu uzgrie\u017e\u0146u pal\u012bdz\u012bbu. Molberta svars ir 5kg un tas ir paredz\u0113ts l\u012bdz 130cm audekla novieto\u0161anai. Viegli saliekams. Molberts ir ide\u0101li piem\u0113rots darbu ekspon\u0113\u0161anai skatlogos. MABEF M20 Plus molberts sast\u0101v no regul\u0113jama audekla tur\u0113t\u0101ja, kas \u013cauj stingr\u0101k un dro\u0161\u0101k nostiprin\u0101t ar\u012b gar\u0101kus audeklus. Apak\u0161\u0113j\u0101 plaukti\u0146a regul\u0113\u0161anas iesp\u0113ja ar diviem sp\u0101rnu uzgrie\u017e\u0146iem. Molberts sver 5.4kg un ir piem\u0113rots l\u012bdz 140cm augsta audekla novieto\u0161anai.<\/p>\n","protected":false},"featured_media":102746,"comment_status":"closed","ping_status":"closed","template":"","meta":{"_acf_changed":false,"ep_exclude_from_search":false},"product_cat":[18378,16123,18934],"product_tag":[],"class_list":{"0":"post-23407","1":"product","2":"type-product","3":"status-publish","4":"has-post-thumbnail","6":"product_cat-liras-tipa-molberti","7":"product_cat-makslas-piederumi-2","8":"product_cat-molberti-2","10":"first","11":"instock","12":"taxable","13":"shipping-taxable","14":"purchasable","15":"product-type-variable"},"acf":[],"yoast_head":"<!-- This site is optimized with the Yoast SEO plugin v24.1 - https:\/\/yoast.com\/wordpress\/plugins\/seo\/ -->\n<title>Molberts Mabef M20 &#8211; Skizze<\/title>\n<meta name=\"robots\" content=\"noindex, follow, max-snippet:-1, max-image-preview:large, max-video-preview:-1\" \/>\n<meta property=\"og:locale\" content=\"lv_LV\" \/>\n<meta property=\"og:type\" content=\"article\" \/>\n<meta property=\"og:title\" content=\"Molberts Mabef M20 &#8211; Skizze\" \/>\n<meta property=\"og:description\" content=\"No e\u013c\u013cota di\u017esk\u0101b\u0101r\u017ea izgatavotais molberts MABEF M20 izce\u013cas ar slaidu un elegantu formu. Audekla augstums ir regul\u0113jams ar divu sp\u0101rnu uzgrie\u017e\u0146u pal\u012bdz\u012bbu. Molberta svars ir 5kg un tas ir paredz\u0113ts l\u012bdz 130cm audekla novieto\u0161anai. Viegli saliekams. Molberts ir ide\u0101li piem\u0113rots darbu ekspon\u0113\u0161anai skatlogos. MABEF M20 Plus molberts sast\u0101v no regul\u0113jama audekla tur\u0113t\u0101ja, kas \u013cauj stingr\u0101k un dro\u0161\u0101k nostiprin\u0101t ar\u012b gar\u0101kus audeklus. Apak\u0161\u0113j\u0101 plaukti\u0146a regul\u0113\u0161anas iesp\u0113ja ar diviem sp\u0101rnu uzgrie\u017e\u0146iem. Molberts sver 5.4kg un ir piem\u0113rots l\u012bdz 140cm augsta audekla novieto\u0161anai.\" \/>\n<meta property=\"og:url\" content=\"https:\/\/hobstop.ee\/lv\/produkts\/molberts-mabef-m20\/\" \/>\n<meta property=\"og:site_name\" content=\"Skizze\" \/>\n<meta property=\"article:publisher\" content=\"http:\/\/www.facebook.com\/VunderSkizze\" \/>\n<meta property=\"og:image\" content=\"https:\/\/hobstop.ee\/media\/1192.jpg\" \/>\n\t<meta property=\"og:image:width\" content=\"1024\" \/>\n\t<meta property=\"og:image:height\" content=\"768\" \/>\n\t<meta property=\"og:image:type\" content=\"image\/jpeg\" \/>\n<meta name=\"twitter:card\" content=\"summary_large_image\" \/>\n<meta name=\"twitter:label1\" content=\"Est. reading time\" \/>\n\t<meta name=\"twitter:data1\" content=\"1 min\u016b\u0161u\" \/>\n<script type=\"application\/ld+json\" class=\"yoast-schema-graph\">{\"@context\":\"https:\/\/schema.org\",\"@graph\":[{\"@type\":\"WebPage\",\"@id\":\"https:\/\/hobstop.ee\/lv\/produkts\/molberts-mabef-m20\/\",\"url\":\"https:\/\/hobstop.ee\/lv\/produkts\/molberts-mabef-m20\/\",\"name\":\"Molberts Mabef M20 &#8211; Skizze\",\"isPartOf\":{\"@id\":\"https:\/\/www.hobstop.ee\/lv\/#website\"},\"primaryImageOfPage\":{\"@id\":\"https:\/\/hobstop.ee\/lv\/produkts\/molberts-mabef-m20\/#primaryimage\"},\"image\":{\"@id\":\"https:\/\/hobstop.ee\/lv\/produkts\/molberts-mabef-m20\/#primaryimage\"},\"thumbnailUrl\":\"https:\/\/hobstop.ee\/media\/1192.jpg\",\"datePublished\":\"2014-12-09T10:51:13+00:00\",\"dateModified\":\"2014-12-09T10:51:13+00:00\",\"breadcrumb\":{\"@id\":\"https:\/\/hobstop.ee\/lv\/produkts\/molberts-mabef-m20\/#breadcrumb\"},\"inLanguage\":\"lv-LV\",\"potentialAction\":[{\"@type\":\"ReadAction\",\"target\":[\"https:\/\/hobstop.ee\/lv\/produkts\/molberts-mabef-m20\/\"]}]},{\"@type\":\"ImageObject\",\"inLanguage\":\"lv-LV\",\"@id\":\"https:\/\/hobstop.ee\/lv\/produkts\/molberts-mabef-m20\/#primaryimage\",\"url\":\"https:\/\/hobstop.ee\/media\/1192.jpg\",\"contentUrl\":\"https:\/\/hobstop.ee\/media\/1192.jpg\",\"width\":1024,\"height\":768},{\"@type\":\"BreadcrumbList\",\"@id\":\"https:\/\/hobstop.ee\/lv\/produkts\/molberts-mabef-m20\/#breadcrumb\",\"itemListElement\":[{\"@type\":\"ListItem\",\"position\":1,\"name\":\"Avaleht\",\"item\":\"https:\/\/www.hobstop.ee\/lv\/\"},{\"@type\":\"ListItem\",\"position\":2,\"name\":\"Veikals\",\"item\":\"https:\/\/www.hobstop.ee\/lv\/veikals\/\"},{\"@type\":\"ListItem\",\"position\":3,\"name\":\"Molberts Mabef M20\"}]},{\"@type\":\"WebSite\",\"@id\":\"https:\/\/www.hobstop.ee\/lv\/#website\",\"url\":\"https:\/\/www.hobstop.ee\/lv\/\",\"name\":\"Skizze\",\"description\":\"M\u0101kslas, hobiju un skolas preces\",\"publisher\":{\"@id\":\"https:\/\/www.hobstop.ee\/lv\/#organization\"},\"potentialAction\":[{\"@type\":\"SearchAction\",\"target\":{\"@type\":\"EntryPoint\",\"urlTemplate\":\"https:\/\/www.hobstop.ee\/lv\/?s={search_term_string}\"},\"query-input\":{\"@type\":\"PropertyValueSpecification\",\"valueRequired\":true,\"valueName\":\"search_term_string\"}}],\"inLanguage\":\"lv-LV\"},{\"@type\":\"Organization\",\"@id\":\"https:\/\/www.hobstop.ee\/lv\/#organization\",\"name\":\"Vunder AS\",\"url\":\"https:\/\/www.hobstop.ee\/lv\/\",\"logo\":{\"@type\":\"ImageObject\",\"inLanguage\":\"lv-LV\",\"@id\":\"https:\/\/www.hobstop.ee\/lv\/#\/schema\/logo\/image\/\",\"url\":\"https:\/\/hobstop.ee\/media\/vunder-logo.png\",\"contentUrl\":\"https:\/\/hobstop.ee\/media\/vunder-logo.png\",\"width\":127,\"height\":55,\"caption\":\"Vunder AS\"},\"image\":{\"@id\":\"https:\/\/www.hobstop.ee\/lv\/#\/schema\/logo\/image\/\"},\"sameAs\":[\"http:\/\/www.facebook.com\/VunderSkizze\"]}]}<\/script>\n<!-- \/ Yoast SEO plugin. -->","yoast_head_json":{"title":"Molberts Mabef M20 &#8211; Skizze","robots":{"index":"noindex","follow":"follow","max-snippet":"max-snippet:-1","max-image-preview":"max-image-preview:large","max-video-preview":"max-video-preview:-1"},"og_locale":"lv_LV","og_type":"article","og_title":"Molberts Mabef M20 &#8211; Skizze","og_description":"No e\u013c\u013cota di\u017esk\u0101b\u0101r\u017ea izgatavotais molberts MABEF M20 izce\u013cas ar slaidu un elegantu formu. Audekla augstums ir regul\u0113jams ar divu sp\u0101rnu uzgrie\u017e\u0146u pal\u012bdz\u012bbu. Molberta svars ir 5kg un tas ir paredz\u0113ts l\u012bdz 130cm audekla novieto\u0161anai. Viegli saliekams. Molberts ir ide\u0101li piem\u0113rots darbu ekspon\u0113\u0161anai skatlogos. MABEF M20 Plus molberts sast\u0101v no regul\u0113jama audekla tur\u0113t\u0101ja, kas \u013cauj stingr\u0101k un dro\u0161\u0101k nostiprin\u0101t ar\u012b gar\u0101kus audeklus. Apak\u0161\u0113j\u0101 plaukti\u0146a regul\u0113\u0161anas iesp\u0113ja ar diviem sp\u0101rnu uzgrie\u017e\u0146iem. Molberts sver 5.4kg un ir piem\u0113rots l\u012bdz 140cm augsta audekla novieto\u0161anai.","og_url":"https:\/\/hobstop.ee\/lv\/produkts\/molberts-mabef-m20\/","og_site_name":"Skizze","article_publisher":"http:\/\/www.facebook.com\/VunderSkizze","og_image":[{"width":1024,"height":768,"url":"https:\/\/hobstop.ee\/media\/1192.jpg","type":"image\/jpeg"}],"twitter_card":"summary_large_image","twitter_misc":{"Est. reading time":"1 min\u016b\u0161u"},"schema":{"@context":"https:\/\/schema.org","@graph":[{"@type":"WebPage","@id":"https:\/\/hobstop.ee\/lv\/produkts\/molberts-mabef-m20\/","url":"https:\/\/hobstop.ee\/lv\/produkts\/molberts-mabef-m20\/","name":"Molberts Mabef M20 &#8211; Skizze","isPartOf":{"@id":"https:\/\/www.hobstop.ee\/lv\/#website"},"primaryImageOfPage":{"@id":"https:\/\/hobstop.ee\/lv\/produkts\/molberts-mabef-m20\/#primaryimage"},"image":{"@id":"https:\/\/hobstop.ee\/lv\/produkts\/molberts-mabef-m20\/#primaryimage"},"thumbnailUrl":"https:\/\/hobstop.ee\/media\/1192.jpg","datePublished":"2014-12-09T10:51:13+00:00","dateModified":"2014-12-09T10:51:13+00:00","breadcrumb":{"@id":"https:\/\/hobstop.ee\/lv\/produkts\/molberts-mabef-m20\/#breadcrumb"},"inLanguage":"lv-LV","potentialAction":[{"@type":"ReadAction","target":["https:\/\/hobstop.ee\/lv\/produkts\/molberts-mabef-m20\/"]}]},{"@type":"ImageObject","inLanguage":"lv-LV","@id":"https:\/\/hobstop.ee\/lv\/produkts\/molberts-mabef-m20\/#primaryimage","url":"https:\/\/hobstop.ee\/media\/1192.jpg","contentUrl":"https:\/\/hobstop.ee\/media\/1192.jpg","width":1024,"height":768},{"@type":"BreadcrumbList","@id":"https:\/\/hobstop.ee\/lv\/produkts\/molberts-mabef-m20\/#breadcrumb","itemListElement":[{"@type":"ListItem","position":1,"name":"Avaleht","item":"https:\/\/www.hobstop.ee\/lv\/"},{"@type":"ListItem","position":2,"name":"Veikals","item":"https:\/\/www.hobstop.ee\/lv\/veikals\/"},{"@type":"ListItem","position":3,"name":"Molberts Mabef M20"}]},{"@type":"WebSite","@id":"https:\/\/www.hobstop.ee\/lv\/#website","url":"https:\/\/www.hobstop.ee\/lv\/","name":"Skizze","description":"M\u0101kslas, hobiju un skolas preces","publisher":{"@id":"https:\/\/www.hobstop.ee\/lv\/#organization"},"potentialAction":[{"@type":"SearchAction","target":{"@type":"EntryPoint","urlTemplate":"https:\/\/www.hobstop.ee\/lv\/?s={search_term_string}"},"query-input":{"@type":"PropertyValueSpecification","valueRequired":true,"valueName":"search_term_string"}}],"inLanguage":"lv-LV"},{"@type":"Organization","@id":"https:\/\/www.hobstop.ee\/lv\/#organization","name":"Vunder AS","url":"https:\/\/www.hobstop.ee\/lv\/","logo":{"@type":"ImageObject","inLanguage":"lv-LV","@id":"https:\/\/www.hobstop.ee\/lv\/#\/schema\/logo\/image\/","url":"https:\/\/hobstop.ee\/media\/vunder-logo.png","contentUrl":"https:\/\/hobstop.ee\/media\/vunder-logo.png","width":127,"height":55,"caption":"Vunder AS"},"image":{"@id":"https:\/\/www.hobstop.ee\/lv\/#\/schema\/logo\/image\/"},"sameAs":["http:\/\/www.facebook.com\/VunderSkizze"]}]}},"_links":{"self":[{"href":"https:\/\/hobstop.ee\/lv\/wp-json\/wp\/v2\/product\/23407","targetHints":{"allow":["GET"]}}],"collection":[{"href":"https:\/\/hobstop.ee\/lv\/wp-json\/wp\/v2\/product"}],"about":[{"href":"https:\/\/hobstop.ee\/lv\/wp-json\/wp\/v2\/types\/product"}],"replies":[{"embeddable":true,"href":"https:\/\/hobstop.ee\/lv\/wp-json\/wp\/v2\/comments?post=23407"}],"wp:featuredmedia":[{"embeddable":true,"href":"https:\/\/hobstop.ee\/lv\/wp-json\/wp\/v2\/media\/102746"}],"wp:attachment":[{"href":"https:\/\/hobstop.ee\/lv\/wp-json\/wp\/v2\/media?parent=23407"}],"wp:term":[{"taxonomy":"product_cat","embeddable":true,"href":"https:\/\/hobstop.ee\/lv\/wp-json\/wp\/v2\/product_cat?post=23407"},{"taxonomy":"product_tag","embeddable":true,"href":"https:\/\/hobstop.ee\/lv\/wp-json\/wp\/v2\/product_tag?post=23407"}],"curies":[{"name":"wp","href":"https:\/\/api.w.org\/{rel}","templated":true}]}}