{"id":23411,"date":"2014-12-09T12:51:15","date_gmt":"2014-12-09T10:51:15","guid":{"rendered":"https:\/\/sharks.ee\/vunder_2019.klient.veebimajutus.ee\/?post_type=product&#038;p=23411"},"modified":"2014-12-09T12:51:15","modified_gmt":"2014-12-09T10:51:15","slug":"molberts-mabef-m22","status":"publish","type":"product","link":"https:\/\/hobstop.ee\/lv\/produkts\/molberts-mabef-m22\/","title":{"rendered":"Molberts Mabef M22"},"content":{"rendered":"<p>MABEF M22 Fran\u010du ski\u010du kastes molberts ir uzticams ce\u013cojumu biedrs.  It\u0101lij\u0101 izgatavotajam e\u013c\u013cota di\u017esk\u0101b\u0101r\u017ea molbertam ir misi\u0146a apdares deta\u013cas. Tas sver 6kg, tam ir 4 nodal\u012bjumi un ar sk\u0101rdu oder\u0113ta, izvelkama atvilktne glezno\u0161anas piederumu glab\u0101\u0161anai.  Komplekt\u0101 iek\u013caut\u0101 koka palete darbojas k\u0101 v\u0101ks, kad molberts tiek saloc\u012bts p\u0101rvad\u0101\u0161anai.  Ide\u0101li piem\u0113rots darbam ar akvare\u013cu, e\u013c\u013cas un akrila kr\u0101s\u0101m.  Paredz\u0113ts l\u012bdz 87cm augsta audekla novieto\u0161anai.<\/p>\n","protected":false},"excerpt":{"rendered":"<p>MABEF M22 Fran\u010du ski\u010du kastes molberts ir uzticams ce\u013cojumu biedrs. It\u0101lij\u0101 izgatavotajam e\u013c\u013cota di\u017esk\u0101b\u0101r\u017ea molbertam ir misi\u0146a apdares deta\u013cas. Tas sver 6kg, tam ir 4 nodal\u012bjumi un ar sk\u0101rdu oder\u0113ta, izvelkama atvilktne glezno\u0161anas piederumu glab\u0101\u0161anai. Komplekt\u0101 iek\u013caut\u0101 koka palete darbojas k\u0101 v\u0101ks, kad molberts tiek saloc\u012bts p\u0101rvad\u0101\u0161anai. Ide\u0101li piem\u0113rots darbam ar akvare\u013cu, e\u013c\u013cas un akrila kr\u0101s\u0101m. Paredz\u0113ts l\u012bdz 87cm augsta audekla novieto\u0161anai.<\/p>\n","protected":false},"featured_media":102754,"comment_status":"closed","ping_status":"closed","template":"","meta":{"_acf_changed":false,"ep_exclude_from_search":false},"product_cat":[16123,14936,18934],"product_tag":[],"class_list":{"0":"post-23411","1":"product","2":"type-product","3":"status-publish","4":"has-post-thumbnail","6":"product_cat-makslas-piederumi-2","7":"product_cat-molberti-ar-skicu-kasti-2","8":"product_cat-molberti-un-mebeles","9":"pa_kma-3087","11":"first","12":"instock","13":"taxable","14":"shipping-taxable","15":"purchasable","16":"product-type-variable"},"acf":[],"yoast_head":"<!-- This site is optimized with the Yoast SEO plugin v24.1 - https:\/\/yoast.com\/wordpress\/plugins\/seo\/ -->\n<title>Molberts Mabef M22 &#8211; Skizze<\/title>\n<meta name=\"robots\" content=\"noindex, follow, max-snippet:-1, max-image-preview:large, max-video-preview:-1\" \/>\n<meta property=\"og:locale\" content=\"lv_LV\" \/>\n<meta property=\"og:type\" content=\"article\" \/>\n<meta property=\"og:title\" content=\"Molberts Mabef M22 &#8211; Skizze\" \/>\n<meta property=\"og:description\" content=\"MABEF M22 Fran\u010du ski\u010du kastes molberts ir uzticams ce\u013cojumu biedrs. It\u0101lij\u0101 izgatavotajam e\u013c\u013cota di\u017esk\u0101b\u0101r\u017ea molbertam ir misi\u0146a apdares deta\u013cas. Tas sver 6kg, tam ir 4 nodal\u012bjumi un ar sk\u0101rdu oder\u0113ta, izvelkama atvilktne glezno\u0161anas piederumu glab\u0101\u0161anai. Komplekt\u0101 iek\u013caut\u0101 koka palete darbojas k\u0101 v\u0101ks, kad molberts tiek saloc\u012bts p\u0101rvad\u0101\u0161anai. Ide\u0101li piem\u0113rots darbam ar akvare\u013cu, e\u013c\u013cas un akrila kr\u0101s\u0101m. Paredz\u0113ts l\u012bdz 87cm augsta audekla novieto\u0161anai.\" \/>\n<meta property=\"og:url\" content=\"https:\/\/hobstop.ee\/lv\/produkts\/molberts-mabef-m22\/\" \/>\n<meta property=\"og:site_name\" content=\"Skizze\" \/>\n<meta property=\"article:publisher\" content=\"http:\/\/www.facebook.com\/VunderSkizze\" \/>\n<meta property=\"og:image\" content=\"https:\/\/hobstop.ee\/media\/1194.jpg\" \/>\n\t<meta property=\"og:image:width\" content=\"1024\" \/>\n\t<meta property=\"og:image:height\" content=\"768\" \/>\n\t<meta property=\"og:image:type\" content=\"image\/jpeg\" \/>\n<meta name=\"twitter:card\" content=\"summary_large_image\" \/>\n<script type=\"application\/ld+json\" class=\"yoast-schema-graph\">{\"@context\":\"https:\/\/schema.org\",\"@graph\":[{\"@type\":\"WebPage\",\"@id\":\"https:\/\/hobstop.ee\/lv\/produkts\/molberts-mabef-m22\/\",\"url\":\"https:\/\/hobstop.ee\/lv\/produkts\/molberts-mabef-m22\/\",\"name\":\"Molberts Mabef M22 &#8211; Skizze\",\"isPartOf\":{\"@id\":\"https:\/\/hobstop.ee\/lv\/#website\"},\"primaryImageOfPage\":{\"@id\":\"https:\/\/hobstop.ee\/lv\/produkts\/molberts-mabef-m22\/#primaryimage\"},\"image\":{\"@id\":\"https:\/\/hobstop.ee\/lv\/produkts\/molberts-mabef-m22\/#primaryimage\"},\"thumbnailUrl\":\"https:\/\/hobstop.ee\/media\/1194.jpg\",\"datePublished\":\"2014-12-09T10:51:15+00:00\",\"dateModified\":\"2014-12-09T10:51:15+00:00\",\"breadcrumb\":{\"@id\":\"https:\/\/hobstop.ee\/lv\/produkts\/molberts-mabef-m22\/#breadcrumb\"},\"inLanguage\":\"lv-LV\",\"potentialAction\":[{\"@type\":\"ReadAction\",\"target\":[\"https:\/\/hobstop.ee\/lv\/produkts\/molberts-mabef-m22\/\"]}]},{\"@type\":\"ImageObject\",\"inLanguage\":\"lv-LV\",\"@id\":\"https:\/\/hobstop.ee\/lv\/produkts\/molberts-mabef-m22\/#primaryimage\",\"url\":\"https:\/\/hobstop.ee\/media\/1194.jpg\",\"contentUrl\":\"https:\/\/hobstop.ee\/media\/1194.jpg\",\"width\":1024,\"height\":768},{\"@type\":\"BreadcrumbList\",\"@id\":\"https:\/\/hobstop.ee\/lv\/produkts\/molberts-mabef-m22\/#breadcrumb\",\"itemListElement\":[{\"@type\":\"ListItem\",\"position\":1,\"name\":\"Avaleht\",\"item\":\"https:\/\/hobstop.ee\/lv\/\"},{\"@type\":\"ListItem\",\"position\":2,\"name\":\"Veikals\",\"item\":\"https:\/\/hobstop.ee\/lv\/veikals\/\"},{\"@type\":\"ListItem\",\"position\":3,\"name\":\"Molberts Mabef M22\"}]},{\"@type\":\"WebSite\",\"@id\":\"https:\/\/hobstop.ee\/lv\/#website\",\"url\":\"https:\/\/hobstop.ee\/lv\/\",\"name\":\"Skizze\",\"description\":\"M\u0101kslas, hobiju un skolas preces\",\"publisher\":{\"@id\":\"https:\/\/hobstop.ee\/lv\/#organization\"},\"potentialAction\":[{\"@type\":\"SearchAction\",\"target\":{\"@type\":\"EntryPoint\",\"urlTemplate\":\"https:\/\/hobstop.ee\/lv\/?s={search_term_string}\"},\"query-input\":{\"@type\":\"PropertyValueSpecification\",\"valueRequired\":true,\"valueName\":\"search_term_string\"}}],\"inLanguage\":\"lv-LV\"},{\"@type\":\"Organization\",\"@id\":\"https:\/\/hobstop.ee\/lv\/#organization\",\"name\":\"Vunder AS\",\"url\":\"https:\/\/hobstop.ee\/lv\/\",\"logo\":{\"@type\":\"ImageObject\",\"inLanguage\":\"lv-LV\",\"@id\":\"https:\/\/hobstop.ee\/lv\/#\/schema\/logo\/image\/\",\"url\":\"https:\/\/hobstop.ee\/media\/vunder-logo.png\",\"contentUrl\":\"https:\/\/hobstop.ee\/media\/vunder-logo.png\",\"width\":127,\"height\":55,\"caption\":\"Vunder AS\"},\"image\":{\"@id\":\"https:\/\/hobstop.ee\/lv\/#\/schema\/logo\/image\/\"},\"sameAs\":[\"http:\/\/www.facebook.com\/VunderSkizze\"]}]}<\/script>\n<!-- \/ Yoast SEO plugin. -->","yoast_head_json":{"title":"Molberts Mabef M22 &#8211; Skizze","robots":{"index":"noindex","follow":"follow","max-snippet":"max-snippet:-1","max-image-preview":"max-image-preview:large","max-video-preview":"max-video-preview:-1"},"og_locale":"lv_LV","og_type":"article","og_title":"Molberts Mabef M22 &#8211; Skizze","og_description":"MABEF M22 Fran\u010du ski\u010du kastes molberts ir uzticams ce\u013cojumu biedrs. It\u0101lij\u0101 izgatavotajam e\u013c\u013cota di\u017esk\u0101b\u0101r\u017ea molbertam ir misi\u0146a apdares deta\u013cas. Tas sver 6kg, tam ir 4 nodal\u012bjumi un ar sk\u0101rdu oder\u0113ta, izvelkama atvilktne glezno\u0161anas piederumu glab\u0101\u0161anai. Komplekt\u0101 iek\u013caut\u0101 koka palete darbojas k\u0101 v\u0101ks, kad molberts tiek saloc\u012bts p\u0101rvad\u0101\u0161anai. Ide\u0101li piem\u0113rots darbam ar akvare\u013cu, e\u013c\u013cas un akrila kr\u0101s\u0101m. Paredz\u0113ts l\u012bdz 87cm augsta audekla novieto\u0161anai.","og_url":"https:\/\/hobstop.ee\/lv\/produkts\/molberts-mabef-m22\/","og_site_name":"Skizze","article_publisher":"http:\/\/www.facebook.com\/VunderSkizze","og_image":[{"width":1024,"height":768,"url":"https:\/\/hobstop.ee\/media\/1194.jpg","type":"image\/jpeg"}],"twitter_card":"summary_large_image","schema":{"@context":"https:\/\/schema.org","@graph":[{"@type":"WebPage","@id":"https:\/\/hobstop.ee\/lv\/produkts\/molberts-mabef-m22\/","url":"https:\/\/hobstop.ee\/lv\/produkts\/molberts-mabef-m22\/","name":"Molberts Mabef M22 &#8211; Skizze","isPartOf":{"@id":"https:\/\/hobstop.ee\/lv\/#website"},"primaryImageOfPage":{"@id":"https:\/\/hobstop.ee\/lv\/produkts\/molberts-mabef-m22\/#primaryimage"},"image":{"@id":"https:\/\/hobstop.ee\/lv\/produkts\/molberts-mabef-m22\/#primaryimage"},"thumbnailUrl":"https:\/\/hobstop.ee\/media\/1194.jpg","datePublished":"2014-12-09T10:51:15+00:00","dateModified":"2014-12-09T10:51:15+00:00","breadcrumb":{"@id":"https:\/\/hobstop.ee\/lv\/produkts\/molberts-mabef-m22\/#breadcrumb"},"inLanguage":"lv-LV","potentialAction":[{"@type":"ReadAction","target":["https:\/\/hobstop.ee\/lv\/produkts\/molberts-mabef-m22\/"]}]},{"@type":"ImageObject","inLanguage":"lv-LV","@id":"https:\/\/hobstop.ee\/lv\/produkts\/molberts-mabef-m22\/#primaryimage","url":"https:\/\/hobstop.ee\/media\/1194.jpg","contentUrl":"https:\/\/hobstop.ee\/media\/1194.jpg","width":1024,"height":768},{"@type":"BreadcrumbList","@id":"https:\/\/hobstop.ee\/lv\/produkts\/molberts-mabef-m22\/#breadcrumb","itemListElement":[{"@type":"ListItem","position":1,"name":"Avaleht","item":"https:\/\/hobstop.ee\/lv\/"},{"@type":"ListItem","position":2,"name":"Veikals","item":"https:\/\/hobstop.ee\/lv\/veikals\/"},{"@type":"ListItem","position":3,"name":"Molberts Mabef M22"}]},{"@type":"WebSite","@id":"https:\/\/hobstop.ee\/lv\/#website","url":"https:\/\/hobstop.ee\/lv\/","name":"Skizze","description":"M\u0101kslas, hobiju un skolas preces","publisher":{"@id":"https:\/\/hobstop.ee\/lv\/#organization"},"potentialAction":[{"@type":"SearchAction","target":{"@type":"EntryPoint","urlTemplate":"https:\/\/hobstop.ee\/lv\/?s={search_term_string}"},"query-input":{"@type":"PropertyValueSpecification","valueRequired":true,"valueName":"search_term_string"}}],"inLanguage":"lv-LV"},{"@type":"Organization","@id":"https:\/\/hobstop.ee\/lv\/#organization","name":"Vunder AS","url":"https:\/\/hobstop.ee\/lv\/","logo":{"@type":"ImageObject","inLanguage":"lv-LV","@id":"https:\/\/hobstop.ee\/lv\/#\/schema\/logo\/image\/","url":"https:\/\/hobstop.ee\/media\/vunder-logo.png","contentUrl":"https:\/\/hobstop.ee\/media\/vunder-logo.png","width":127,"height":55,"caption":"Vunder AS"},"image":{"@id":"https:\/\/hobstop.ee\/lv\/#\/schema\/logo\/image\/"},"sameAs":["http:\/\/www.facebook.com\/VunderSkizze"]}]}},"_links":{"self":[{"href":"https:\/\/hobstop.ee\/lv\/wp-json\/wp\/v2\/product\/23411","targetHints":{"allow":["GET"]}}],"collection":[{"href":"https:\/\/hobstop.ee\/lv\/wp-json\/wp\/v2\/product"}],"about":[{"href":"https:\/\/hobstop.ee\/lv\/wp-json\/wp\/v2\/types\/product"}],"replies":[{"embeddable":true,"href":"https:\/\/hobstop.ee\/lv\/wp-json\/wp\/v2\/comments?post=23411"}],"wp:featuredmedia":[{"embeddable":true,"href":"https:\/\/hobstop.ee\/lv\/wp-json\/wp\/v2\/media\/102754"}],"wp:attachment":[{"href":"https:\/\/hobstop.ee\/lv\/wp-json\/wp\/v2\/media?parent=23411"}],"wp:term":[{"taxonomy":"product_cat","embeddable":true,"href":"https:\/\/hobstop.ee\/lv\/wp-json\/wp\/v2\/product_cat?post=23411"},{"taxonomy":"product_tag","embeddable":true,"href":"https:\/\/hobstop.ee\/lv\/wp-json\/wp\/v2\/product_tag?post=23411"}],"curies":[{"name":"wp","href":"https:\/\/api.w.org\/{rel}","templated":true}]}}