{"id":23413,"date":"2014-12-09T12:51:15","date_gmt":"2014-12-09T10:51:15","guid":{"rendered":"https:\/\/sharks.ee\/vunder_2019.klient.veebimajutus.ee\/?post_type=product&#038;p=23413"},"modified":"2014-12-09T12:51:15","modified_gmt":"2014-12-09T10:51:15","slug":"molberts-mabef-m24","status":"publish","type":"product","link":"https:\/\/hobstop.ee\/lv\/produkts\/molberts-mabef-m24\/","title":{"rendered":"Molberts Mabef M24"},"content":{"rendered":"<p>MABEF M24 galda molberts ir izgatavots no e\u013c\u013cota di\u017esk\u0101bar\u017ea ar misi\u0146a apdares deta\u013c\u0101m un tas izce\u013cas ar \u013coti kvalitat\u012bvu konstrukcijas risin\u0101jumu.  Molbertam ir ar sk\u0101rdu oder\u0113ta atvilktne ar \u010detriem nodal\u012bjumiem kr\u0101su un otu glab\u0101\u0161anai, k\u0101 ar\u012b koka palete, kas pilda v\u0101ka funkcijas, kad molberts tiek salikts p\u0101rvad\u0101\u0161anai.  Molberts sver 3kg un ir piem\u0113rots l\u012bdz 77cm augsta audekla novieto\u0161anai.   Lieliski piem\u0113rots ce\u013cojumiem.<\/p>\n","protected":false},"excerpt":{"rendered":"<p>MABEF M24 galda molberts ir izgatavots no e\u013c\u013cota di\u017esk\u0101bar\u017ea ar misi\u0146a apdares deta\u013c\u0101m un tas izce\u013cas ar \u013coti kvalitat\u012bvu konstrukcijas risin\u0101jumu. Molbertam ir ar sk\u0101rdu oder\u0113ta atvilktne ar \u010detriem nodal\u012bjumiem kr\u0101su un otu glab\u0101\u0161anai, k\u0101 ar\u012b koka palete, kas pilda v\u0101ka funkcijas, kad molberts tiek salikts p\u0101rvad\u0101\u0161anai. Molberts sver 3kg un ir piem\u0113rots l\u012bdz 77cm augsta audekla novieto\u0161anai. Lieliski piem\u0113rots ce\u013cojumiem.<\/p>\n","protected":false},"featured_media":102758,"comment_status":"closed","ping_status":"closed","template":"","meta":{"_acf_changed":false,"ep_exclude_from_search":false},"product_cat":[16123,18934,14936],"product_tag":[],"class_list":{"0":"post-23413","1":"product","2":"type-product","3":"status-publish","4":"has-post-thumbnail","6":"product_cat-makslas-piederumi-2","7":"product_cat-molberti-2","8":"product_cat-molberti-ar-skicu-kasti-2","9":"pa_kma-3088","11":"first","12":"outofstock","13":"taxable","14":"shipping-taxable","15":"purchasable","16":"product-type-variable"},"acf":[],"yoast_head":"<!-- This site is optimized with the Yoast SEO plugin v24.1 - https:\/\/yoast.com\/wordpress\/plugins\/seo\/ -->\n<title>Molberts Mabef M24 &#8211; Skizze<\/title>\n<meta name=\"robots\" content=\"noindex, follow, max-snippet:-1, max-image-preview:large, max-video-preview:-1\" \/>\n<meta property=\"og:locale\" content=\"lv_LV\" \/>\n<meta property=\"og:type\" content=\"article\" \/>\n<meta property=\"og:title\" content=\"Molberts Mabef M24 &#8211; Skizze\" \/>\n<meta property=\"og:description\" content=\"MABEF M24 galda molberts ir izgatavots no e\u013c\u013cota di\u017esk\u0101bar\u017ea ar misi\u0146a apdares deta\u013c\u0101m un tas izce\u013cas ar \u013coti kvalitat\u012bvu konstrukcijas risin\u0101jumu. Molbertam ir ar sk\u0101rdu oder\u0113ta atvilktne ar \u010detriem nodal\u012bjumiem kr\u0101su un otu glab\u0101\u0161anai, k\u0101 ar\u012b koka palete, kas pilda v\u0101ka funkcijas, kad molberts tiek salikts p\u0101rvad\u0101\u0161anai. Molberts sver 3kg un ir piem\u0113rots l\u012bdz 77cm augsta audekla novieto\u0161anai. Lieliski piem\u0113rots ce\u013cojumiem.\" \/>\n<meta property=\"og:url\" content=\"https:\/\/hobstop.ee\/lv\/produkts\/molberts-mabef-m24\/\" \/>\n<meta property=\"og:site_name\" content=\"Skizze\" \/>\n<meta property=\"article:publisher\" content=\"http:\/\/www.facebook.com\/VunderSkizze\" \/>\n<meta property=\"og:image\" content=\"https:\/\/hobstop.ee\/media\/1195.jpg\" \/>\n\t<meta property=\"og:image:width\" content=\"1024\" \/>\n\t<meta property=\"og:image:height\" content=\"768\" \/>\n\t<meta property=\"og:image:type\" content=\"image\/jpeg\" \/>\n<meta name=\"twitter:card\" content=\"summary_large_image\" \/>\n<script type=\"application\/ld+json\" class=\"yoast-schema-graph\">{\"@context\":\"https:\/\/schema.org\",\"@graph\":[{\"@type\":\"WebPage\",\"@id\":\"https:\/\/hobstop.ee\/lv\/produkts\/molberts-mabef-m24\/\",\"url\":\"https:\/\/hobstop.ee\/lv\/produkts\/molberts-mabef-m24\/\",\"name\":\"Molberts Mabef M24 &#8211; Skizze\",\"isPartOf\":{\"@id\":\"https:\/\/hobstop.ee\/lv\/#website\"},\"primaryImageOfPage\":{\"@id\":\"https:\/\/hobstop.ee\/lv\/produkts\/molberts-mabef-m24\/#primaryimage\"},\"image\":{\"@id\":\"https:\/\/hobstop.ee\/lv\/produkts\/molberts-mabef-m24\/#primaryimage\"},\"thumbnailUrl\":\"https:\/\/hobstop.ee\/media\/1195.jpg\",\"datePublished\":\"2014-12-09T10:51:15+00:00\",\"dateModified\":\"2014-12-09T10:51:15+00:00\",\"breadcrumb\":{\"@id\":\"https:\/\/hobstop.ee\/lv\/produkts\/molberts-mabef-m24\/#breadcrumb\"},\"inLanguage\":\"lv-LV\",\"potentialAction\":[{\"@type\":\"ReadAction\",\"target\":[\"https:\/\/hobstop.ee\/lv\/produkts\/molberts-mabef-m24\/\"]}]},{\"@type\":\"ImageObject\",\"inLanguage\":\"lv-LV\",\"@id\":\"https:\/\/hobstop.ee\/lv\/produkts\/molberts-mabef-m24\/#primaryimage\",\"url\":\"https:\/\/hobstop.ee\/media\/1195.jpg\",\"contentUrl\":\"https:\/\/hobstop.ee\/media\/1195.jpg\",\"width\":1024,\"height\":768},{\"@type\":\"BreadcrumbList\",\"@id\":\"https:\/\/hobstop.ee\/lv\/produkts\/molberts-mabef-m24\/#breadcrumb\",\"itemListElement\":[{\"@type\":\"ListItem\",\"position\":1,\"name\":\"Avaleht\",\"item\":\"https:\/\/hobstop.ee\/lv\/\"},{\"@type\":\"ListItem\",\"position\":2,\"name\":\"Veikals\",\"item\":\"https:\/\/hobstop.ee\/lv\/veikals\/\"},{\"@type\":\"ListItem\",\"position\":3,\"name\":\"Molberts Mabef M24\"}]},{\"@type\":\"WebSite\",\"@id\":\"https:\/\/hobstop.ee\/lv\/#website\",\"url\":\"https:\/\/hobstop.ee\/lv\/\",\"name\":\"Skizze\",\"description\":\"M\u0101kslas, hobiju un skolas preces\",\"publisher\":{\"@id\":\"https:\/\/hobstop.ee\/lv\/#organization\"},\"potentialAction\":[{\"@type\":\"SearchAction\",\"target\":{\"@type\":\"EntryPoint\",\"urlTemplate\":\"https:\/\/hobstop.ee\/lv\/?s={search_term_string}\"},\"query-input\":{\"@type\":\"PropertyValueSpecification\",\"valueRequired\":true,\"valueName\":\"search_term_string\"}}],\"inLanguage\":\"lv-LV\"},{\"@type\":\"Organization\",\"@id\":\"https:\/\/hobstop.ee\/lv\/#organization\",\"name\":\"Vunder AS\",\"url\":\"https:\/\/hobstop.ee\/lv\/\",\"logo\":{\"@type\":\"ImageObject\",\"inLanguage\":\"lv-LV\",\"@id\":\"https:\/\/hobstop.ee\/lv\/#\/schema\/logo\/image\/\",\"url\":\"https:\/\/hobstop.ee\/media\/vunder-logo.png\",\"contentUrl\":\"https:\/\/hobstop.ee\/media\/vunder-logo.png\",\"width\":127,\"height\":55,\"caption\":\"Vunder AS\"},\"image\":{\"@id\":\"https:\/\/hobstop.ee\/lv\/#\/schema\/logo\/image\/\"},\"sameAs\":[\"http:\/\/www.facebook.com\/VunderSkizze\"]}]}<\/script>\n<!-- \/ Yoast SEO plugin. -->","yoast_head_json":{"title":"Molberts Mabef M24 &#8211; Skizze","robots":{"index":"noindex","follow":"follow","max-snippet":"max-snippet:-1","max-image-preview":"max-image-preview:large","max-video-preview":"max-video-preview:-1"},"og_locale":"lv_LV","og_type":"article","og_title":"Molberts Mabef M24 &#8211; Skizze","og_description":"MABEF M24 galda molberts ir izgatavots no e\u013c\u013cota di\u017esk\u0101bar\u017ea ar misi\u0146a apdares deta\u013c\u0101m un tas izce\u013cas ar \u013coti kvalitat\u012bvu konstrukcijas risin\u0101jumu. Molbertam ir ar sk\u0101rdu oder\u0113ta atvilktne ar \u010detriem nodal\u012bjumiem kr\u0101su un otu glab\u0101\u0161anai, k\u0101 ar\u012b koka palete, kas pilda v\u0101ka funkcijas, kad molberts tiek salikts p\u0101rvad\u0101\u0161anai. Molberts sver 3kg un ir piem\u0113rots l\u012bdz 77cm augsta audekla novieto\u0161anai. Lieliski piem\u0113rots ce\u013cojumiem.","og_url":"https:\/\/hobstop.ee\/lv\/produkts\/molberts-mabef-m24\/","og_site_name":"Skizze","article_publisher":"http:\/\/www.facebook.com\/VunderSkizze","og_image":[{"width":1024,"height":768,"url":"https:\/\/hobstop.ee\/media\/1195.jpg","type":"image\/jpeg"}],"twitter_card":"summary_large_image","schema":{"@context":"https:\/\/schema.org","@graph":[{"@type":"WebPage","@id":"https:\/\/hobstop.ee\/lv\/produkts\/molberts-mabef-m24\/","url":"https:\/\/hobstop.ee\/lv\/produkts\/molberts-mabef-m24\/","name":"Molberts Mabef M24 &#8211; Skizze","isPartOf":{"@id":"https:\/\/hobstop.ee\/lv\/#website"},"primaryImageOfPage":{"@id":"https:\/\/hobstop.ee\/lv\/produkts\/molberts-mabef-m24\/#primaryimage"},"image":{"@id":"https:\/\/hobstop.ee\/lv\/produkts\/molberts-mabef-m24\/#primaryimage"},"thumbnailUrl":"https:\/\/hobstop.ee\/media\/1195.jpg","datePublished":"2014-12-09T10:51:15+00:00","dateModified":"2014-12-09T10:51:15+00:00","breadcrumb":{"@id":"https:\/\/hobstop.ee\/lv\/produkts\/molberts-mabef-m24\/#breadcrumb"},"inLanguage":"lv-LV","potentialAction":[{"@type":"ReadAction","target":["https:\/\/hobstop.ee\/lv\/produkts\/molberts-mabef-m24\/"]}]},{"@type":"ImageObject","inLanguage":"lv-LV","@id":"https:\/\/hobstop.ee\/lv\/produkts\/molberts-mabef-m24\/#primaryimage","url":"https:\/\/hobstop.ee\/media\/1195.jpg","contentUrl":"https:\/\/hobstop.ee\/media\/1195.jpg","width":1024,"height":768},{"@type":"BreadcrumbList","@id":"https:\/\/hobstop.ee\/lv\/produkts\/molberts-mabef-m24\/#breadcrumb","itemListElement":[{"@type":"ListItem","position":1,"name":"Avaleht","item":"https:\/\/hobstop.ee\/lv\/"},{"@type":"ListItem","position":2,"name":"Veikals","item":"https:\/\/hobstop.ee\/lv\/veikals\/"},{"@type":"ListItem","position":3,"name":"Molberts Mabef M24"}]},{"@type":"WebSite","@id":"https:\/\/hobstop.ee\/lv\/#website","url":"https:\/\/hobstop.ee\/lv\/","name":"Skizze","description":"M\u0101kslas, hobiju un skolas preces","publisher":{"@id":"https:\/\/hobstop.ee\/lv\/#organization"},"potentialAction":[{"@type":"SearchAction","target":{"@type":"EntryPoint","urlTemplate":"https:\/\/hobstop.ee\/lv\/?s={search_term_string}"},"query-input":{"@type":"PropertyValueSpecification","valueRequired":true,"valueName":"search_term_string"}}],"inLanguage":"lv-LV"},{"@type":"Organization","@id":"https:\/\/hobstop.ee\/lv\/#organization","name":"Vunder AS","url":"https:\/\/hobstop.ee\/lv\/","logo":{"@type":"ImageObject","inLanguage":"lv-LV","@id":"https:\/\/hobstop.ee\/lv\/#\/schema\/logo\/image\/","url":"https:\/\/hobstop.ee\/media\/vunder-logo.png","contentUrl":"https:\/\/hobstop.ee\/media\/vunder-logo.png","width":127,"height":55,"caption":"Vunder AS"},"image":{"@id":"https:\/\/hobstop.ee\/lv\/#\/schema\/logo\/image\/"},"sameAs":["http:\/\/www.facebook.com\/VunderSkizze"]}]}},"_links":{"self":[{"href":"https:\/\/hobstop.ee\/lv\/wp-json\/wp\/v2\/product\/23413","targetHints":{"allow":["GET"]}}],"collection":[{"href":"https:\/\/hobstop.ee\/lv\/wp-json\/wp\/v2\/product"}],"about":[{"href":"https:\/\/hobstop.ee\/lv\/wp-json\/wp\/v2\/types\/product"}],"replies":[{"embeddable":true,"href":"https:\/\/hobstop.ee\/lv\/wp-json\/wp\/v2\/comments?post=23413"}],"wp:featuredmedia":[{"embeddable":true,"href":"https:\/\/hobstop.ee\/lv\/wp-json\/wp\/v2\/media\/102758"}],"wp:attachment":[{"href":"https:\/\/hobstop.ee\/lv\/wp-json\/wp\/v2\/media?parent=23413"}],"wp:term":[{"taxonomy":"product_cat","embeddable":true,"href":"https:\/\/hobstop.ee\/lv\/wp-json\/wp\/v2\/product_cat?post=23413"},{"taxonomy":"product_tag","embeddable":true,"href":"https:\/\/hobstop.ee\/lv\/wp-json\/wp\/v2\/product_tag?post=23413"}],"curies":[{"name":"wp","href":"https:\/\/api.w.org\/{rel}","templated":true}]}}