{"id":23415,"date":"2014-12-09T12:51:16","date_gmt":"2014-12-09T10:51:16","guid":{"rendered":"https:\/\/sharks.ee\/vunder_2019.klient.veebimajutus.ee\/?post_type=product&#038;p=23415"},"modified":"2014-12-09T12:51:16","modified_gmt":"2014-12-09T10:51:16","slug":"molberts-mabef-m25","status":"publish","type":"product","link":"https:\/\/hobstop.ee\/lv\/produkts\/molberts-mabef-m25\/","title":{"rendered":"Molberts Mabef M25"},"content":{"rendered":"<p>\u0160is gaum\u012bgais un daudzveid\u012bgi izmantojamais molberts ir lieliski piem\u0113rots m\u0101ksliniekiem, kas str\u0101d\u0101 da\u017e\u0101d\u0101s tehnik\u0101s un ar da\u017e\u0101diem l\u012bdzek\u013ciem.  M25 viegl\u0101, uz gar\u0101m k\u0101j\u0101m balst\u012bt\u0101 konstrukcija dod iesp\u0113ju to prec\u012bzi noregul\u0113t atbilsto\u0161i m\u0101kslinieka vajadz\u012bb\u0101m &#8211; to var izmantot gan vertik\u0101l\u0101, gan horizont\u0101l\u0101 st\u0101vokl\u012b.  Molberts ir izgatavots It\u0101lij\u0101 no e\u013c\u013cota di\u017esk\u0101b\u0101r\u017ea un tas ir paredz\u0113ts l\u012bdz 200 cm audekla nostiprin\u0101\u0161anai, str\u0101d\u0101jot vertik\u0101l\u0101 st\u0101vokl\u012b, un l\u012bdz 100cm &#8211; horizont\u0101l\u0101 st\u0101vokl\u012b.  P\u0101rveidojam\u0101 molberta augstums  vertik\u0101l\u0101 st\u0101vokl\u012b ir 225cm (sl\u012bpuma le\u0146\u0137is 15 gr\u0101di), bet horizont\u0101l\u0101 st\u0101vokl\u012b \u2013 92cm. Molberta svars \u2013 9kg.<\/p>\n","protected":false},"excerpt":{"rendered":"<p>\u0160is gaum\u012bgais un daudzveid\u012bgi izmantojamais molberts ir lieliski piem\u0113rots m\u0101ksliniekiem, kas str\u0101d\u0101 da\u017e\u0101d\u0101s tehnik\u0101s un ar da\u017e\u0101diem l\u012bdzek\u013ciem. M25 viegl\u0101, uz gar\u0101m k\u0101j\u0101m balst\u012bt\u0101 konstrukcija dod iesp\u0113ju to prec\u012bzi noregul\u0113t atbilsto\u0161i m\u0101kslinieka vajadz\u012bb\u0101m &#8211; to var izmantot gan vertik\u0101l\u0101, gan horizont\u0101l\u0101 st\u0101vokl\u012b. Molberts ir izgatavots It\u0101lij\u0101 no e\u013c\u013cota di\u017esk\u0101b\u0101r\u017ea un tas ir paredz\u0113ts l\u012bdz 200 cm audekla nostiprin\u0101\u0161anai, str\u0101d\u0101jot vertik\u0101l\u0101 st\u0101vokl\u012b, un l\u012bdz 100cm &#8211; horizont\u0101l\u0101 st\u0101vokl\u012b. P\u0101rveidojam\u0101 molberta augstums vertik\u0101l\u0101 st\u0101vokl\u012b ir 225cm (sl\u012bpuma le\u0146\u0137is 15 gr\u0101di), bet horizont\u0101l\u0101 st\u0101vokl\u012b \u2013 92cm. Molberta svars \u2013 9kg.<\/p>\n","protected":false},"featured_media":102762,"comment_status":"closed","ping_status":"closed","template":"","meta":{"_acf_changed":false,"ep_exclude_from_search":false},"product_cat":[18378,16123,18934],"product_tag":[],"class_list":{"0":"post-23415","1":"product","2":"type-product","3":"status-publish","4":"has-post-thumbnail","6":"product_cat-liras-tipa-molberti","7":"product_cat-makslas-piederumi-2","8":"product_cat-molberti-un-mebeles","9":"pa_kma-3089","11":"first","12":"instock","13":"taxable","14":"shipping-taxable","15":"purchasable","16":"product-type-variable"},"acf":[],"yoast_head":"<!-- This site is optimized with the Yoast SEO plugin v24.1 - https:\/\/yoast.com\/wordpress\/plugins\/seo\/ -->\n<title>Molberts Mabef M25 &#8211; Skizze<\/title>\n<meta name=\"robots\" content=\"noindex, follow, max-snippet:-1, max-image-preview:large, max-video-preview:-1\" \/>\n<meta property=\"og:locale\" content=\"lv_LV\" \/>\n<meta property=\"og:type\" content=\"article\" \/>\n<meta property=\"og:title\" content=\"Molberts Mabef M25 &#8211; Skizze\" \/>\n<meta property=\"og:description\" content=\"\u0160is gaum\u012bgais un daudzveid\u012bgi izmantojamais molberts ir lieliski piem\u0113rots m\u0101ksliniekiem, kas str\u0101d\u0101 da\u017e\u0101d\u0101s tehnik\u0101s un ar da\u017e\u0101diem l\u012bdzek\u013ciem. M25 viegl\u0101, uz gar\u0101m k\u0101j\u0101m balst\u012bt\u0101 konstrukcija dod iesp\u0113ju to prec\u012bzi noregul\u0113t atbilsto\u0161i m\u0101kslinieka vajadz\u012bb\u0101m &#8211; to var izmantot gan vertik\u0101l\u0101, gan horizont\u0101l\u0101 st\u0101vokl\u012b. Molberts ir izgatavots It\u0101lij\u0101 no e\u013c\u013cota di\u017esk\u0101b\u0101r\u017ea un tas ir paredz\u0113ts l\u012bdz 200 cm audekla nostiprin\u0101\u0161anai, str\u0101d\u0101jot vertik\u0101l\u0101 st\u0101vokl\u012b, un l\u012bdz 100cm &#8211; horizont\u0101l\u0101 st\u0101vokl\u012b. P\u0101rveidojam\u0101 molberta augstums vertik\u0101l\u0101 st\u0101vokl\u012b ir 225cm (sl\u012bpuma le\u0146\u0137is 15 gr\u0101di), bet horizont\u0101l\u0101 st\u0101vokl\u012b \u2013 92cm. Molberta svars \u2013 9kg.\" \/>\n<meta property=\"og:url\" content=\"https:\/\/hobstop.ee\/lv\/produkts\/molberts-mabef-m25\/\" \/>\n<meta property=\"og:site_name\" content=\"Skizze\" \/>\n<meta property=\"article:publisher\" content=\"http:\/\/www.facebook.com\/VunderSkizze\" \/>\n<meta property=\"og:image\" content=\"https:\/\/hobstop.ee\/media\/1196.jpg\" \/>\n\t<meta property=\"og:image:width\" content=\"1024\" \/>\n\t<meta property=\"og:image:height\" content=\"768\" \/>\n\t<meta property=\"og:image:type\" content=\"image\/jpeg\" \/>\n<meta name=\"twitter:card\" content=\"summary_large_image\" \/>\n<meta name=\"twitter:label1\" content=\"Est. reading time\" \/>\n\t<meta name=\"twitter:data1\" content=\"1 min\u016b\u0161u\" \/>\n<script type=\"application\/ld+json\" class=\"yoast-schema-graph\">{\"@context\":\"https:\/\/schema.org\",\"@graph\":[{\"@type\":\"WebPage\",\"@id\":\"https:\/\/hobstop.ee\/lv\/produkts\/molberts-mabef-m25\/\",\"url\":\"https:\/\/hobstop.ee\/lv\/produkts\/molberts-mabef-m25\/\",\"name\":\"Molberts Mabef M25 &#8211; Skizze\",\"isPartOf\":{\"@id\":\"https:\/\/hobstop.ee\/lv\/#website\"},\"primaryImageOfPage\":{\"@id\":\"https:\/\/hobstop.ee\/lv\/produkts\/molberts-mabef-m25\/#primaryimage\"},\"image\":{\"@id\":\"https:\/\/hobstop.ee\/lv\/produkts\/molberts-mabef-m25\/#primaryimage\"},\"thumbnailUrl\":\"https:\/\/hobstop.ee\/media\/1196.jpg\",\"datePublished\":\"2014-12-09T10:51:16+00:00\",\"dateModified\":\"2014-12-09T10:51:16+00:00\",\"breadcrumb\":{\"@id\":\"https:\/\/hobstop.ee\/lv\/produkts\/molberts-mabef-m25\/#breadcrumb\"},\"inLanguage\":\"lv-LV\",\"potentialAction\":[{\"@type\":\"ReadAction\",\"target\":[\"https:\/\/hobstop.ee\/lv\/produkts\/molberts-mabef-m25\/\"]}]},{\"@type\":\"ImageObject\",\"inLanguage\":\"lv-LV\",\"@id\":\"https:\/\/hobstop.ee\/lv\/produkts\/molberts-mabef-m25\/#primaryimage\",\"url\":\"https:\/\/hobstop.ee\/media\/1196.jpg\",\"contentUrl\":\"https:\/\/hobstop.ee\/media\/1196.jpg\",\"width\":1024,\"height\":768},{\"@type\":\"BreadcrumbList\",\"@id\":\"https:\/\/hobstop.ee\/lv\/produkts\/molberts-mabef-m25\/#breadcrumb\",\"itemListElement\":[{\"@type\":\"ListItem\",\"position\":1,\"name\":\"Avaleht\",\"item\":\"https:\/\/hobstop.ee\/lv\/\"},{\"@type\":\"ListItem\",\"position\":2,\"name\":\"Veikals\",\"item\":\"https:\/\/hobstop.ee\/lv\/veikals\/\"},{\"@type\":\"ListItem\",\"position\":3,\"name\":\"Molberts Mabef M25\"}]},{\"@type\":\"WebSite\",\"@id\":\"https:\/\/hobstop.ee\/lv\/#website\",\"url\":\"https:\/\/hobstop.ee\/lv\/\",\"name\":\"Skizze\",\"description\":\"M\u0101kslas, hobiju un skolas preces\",\"publisher\":{\"@id\":\"https:\/\/hobstop.ee\/lv\/#organization\"},\"potentialAction\":[{\"@type\":\"SearchAction\",\"target\":{\"@type\":\"EntryPoint\",\"urlTemplate\":\"https:\/\/hobstop.ee\/lv\/?s={search_term_string}\"},\"query-input\":{\"@type\":\"PropertyValueSpecification\",\"valueRequired\":true,\"valueName\":\"search_term_string\"}}],\"inLanguage\":\"lv-LV\"},{\"@type\":\"Organization\",\"@id\":\"https:\/\/hobstop.ee\/lv\/#organization\",\"name\":\"Vunder AS\",\"url\":\"https:\/\/hobstop.ee\/lv\/\",\"logo\":{\"@type\":\"ImageObject\",\"inLanguage\":\"lv-LV\",\"@id\":\"https:\/\/hobstop.ee\/lv\/#\/schema\/logo\/image\/\",\"url\":\"https:\/\/hobstop.ee\/media\/vunder-logo.png\",\"contentUrl\":\"https:\/\/hobstop.ee\/media\/vunder-logo.png\",\"width\":127,\"height\":55,\"caption\":\"Vunder AS\"},\"image\":{\"@id\":\"https:\/\/hobstop.ee\/lv\/#\/schema\/logo\/image\/\"},\"sameAs\":[\"http:\/\/www.facebook.com\/VunderSkizze\"]}]}<\/script>\n<!-- \/ Yoast SEO plugin. -->","yoast_head_json":{"title":"Molberts Mabef M25 &#8211; Skizze","robots":{"index":"noindex","follow":"follow","max-snippet":"max-snippet:-1","max-image-preview":"max-image-preview:large","max-video-preview":"max-video-preview:-1"},"og_locale":"lv_LV","og_type":"article","og_title":"Molberts Mabef M25 &#8211; Skizze","og_description":"\u0160is gaum\u012bgais un daudzveid\u012bgi izmantojamais molberts ir lieliski piem\u0113rots m\u0101ksliniekiem, kas str\u0101d\u0101 da\u017e\u0101d\u0101s tehnik\u0101s un ar da\u017e\u0101diem l\u012bdzek\u013ciem. M25 viegl\u0101, uz gar\u0101m k\u0101j\u0101m balst\u012bt\u0101 konstrukcija dod iesp\u0113ju to prec\u012bzi noregul\u0113t atbilsto\u0161i m\u0101kslinieka vajadz\u012bb\u0101m &#8211; to var izmantot gan vertik\u0101l\u0101, gan horizont\u0101l\u0101 st\u0101vokl\u012b. Molberts ir izgatavots It\u0101lij\u0101 no e\u013c\u013cota di\u017esk\u0101b\u0101r\u017ea un tas ir paredz\u0113ts l\u012bdz 200 cm audekla nostiprin\u0101\u0161anai, str\u0101d\u0101jot vertik\u0101l\u0101 st\u0101vokl\u012b, un l\u012bdz 100cm &#8211; horizont\u0101l\u0101 st\u0101vokl\u012b. P\u0101rveidojam\u0101 molberta augstums vertik\u0101l\u0101 st\u0101vokl\u012b ir 225cm (sl\u012bpuma le\u0146\u0137is 15 gr\u0101di), bet horizont\u0101l\u0101 st\u0101vokl\u012b \u2013 92cm. Molberta svars \u2013 9kg.","og_url":"https:\/\/hobstop.ee\/lv\/produkts\/molberts-mabef-m25\/","og_site_name":"Skizze","article_publisher":"http:\/\/www.facebook.com\/VunderSkizze","og_image":[{"width":1024,"height":768,"url":"https:\/\/hobstop.ee\/media\/1196.jpg","type":"image\/jpeg"}],"twitter_card":"summary_large_image","twitter_misc":{"Est. reading time":"1 min\u016b\u0161u"},"schema":{"@context":"https:\/\/schema.org","@graph":[{"@type":"WebPage","@id":"https:\/\/hobstop.ee\/lv\/produkts\/molberts-mabef-m25\/","url":"https:\/\/hobstop.ee\/lv\/produkts\/molberts-mabef-m25\/","name":"Molberts Mabef M25 &#8211; Skizze","isPartOf":{"@id":"https:\/\/hobstop.ee\/lv\/#website"},"primaryImageOfPage":{"@id":"https:\/\/hobstop.ee\/lv\/produkts\/molberts-mabef-m25\/#primaryimage"},"image":{"@id":"https:\/\/hobstop.ee\/lv\/produkts\/molberts-mabef-m25\/#primaryimage"},"thumbnailUrl":"https:\/\/hobstop.ee\/media\/1196.jpg","datePublished":"2014-12-09T10:51:16+00:00","dateModified":"2014-12-09T10:51:16+00:00","breadcrumb":{"@id":"https:\/\/hobstop.ee\/lv\/produkts\/molberts-mabef-m25\/#breadcrumb"},"inLanguage":"lv-LV","potentialAction":[{"@type":"ReadAction","target":["https:\/\/hobstop.ee\/lv\/produkts\/molberts-mabef-m25\/"]}]},{"@type":"ImageObject","inLanguage":"lv-LV","@id":"https:\/\/hobstop.ee\/lv\/produkts\/molberts-mabef-m25\/#primaryimage","url":"https:\/\/hobstop.ee\/media\/1196.jpg","contentUrl":"https:\/\/hobstop.ee\/media\/1196.jpg","width":1024,"height":768},{"@type":"BreadcrumbList","@id":"https:\/\/hobstop.ee\/lv\/produkts\/molberts-mabef-m25\/#breadcrumb","itemListElement":[{"@type":"ListItem","position":1,"name":"Avaleht","item":"https:\/\/hobstop.ee\/lv\/"},{"@type":"ListItem","position":2,"name":"Veikals","item":"https:\/\/hobstop.ee\/lv\/veikals\/"},{"@type":"ListItem","position":3,"name":"Molberts Mabef M25"}]},{"@type":"WebSite","@id":"https:\/\/hobstop.ee\/lv\/#website","url":"https:\/\/hobstop.ee\/lv\/","name":"Skizze","description":"M\u0101kslas, hobiju un skolas preces","publisher":{"@id":"https:\/\/hobstop.ee\/lv\/#organization"},"potentialAction":[{"@type":"SearchAction","target":{"@type":"EntryPoint","urlTemplate":"https:\/\/hobstop.ee\/lv\/?s={search_term_string}"},"query-input":{"@type":"PropertyValueSpecification","valueRequired":true,"valueName":"search_term_string"}}],"inLanguage":"lv-LV"},{"@type":"Organization","@id":"https:\/\/hobstop.ee\/lv\/#organization","name":"Vunder AS","url":"https:\/\/hobstop.ee\/lv\/","logo":{"@type":"ImageObject","inLanguage":"lv-LV","@id":"https:\/\/hobstop.ee\/lv\/#\/schema\/logo\/image\/","url":"https:\/\/hobstop.ee\/media\/vunder-logo.png","contentUrl":"https:\/\/hobstop.ee\/media\/vunder-logo.png","width":127,"height":55,"caption":"Vunder AS"},"image":{"@id":"https:\/\/hobstop.ee\/lv\/#\/schema\/logo\/image\/"},"sameAs":["http:\/\/www.facebook.com\/VunderSkizze"]}]}},"_links":{"self":[{"href":"https:\/\/hobstop.ee\/lv\/wp-json\/wp\/v2\/product\/23415","targetHints":{"allow":["GET"]}}],"collection":[{"href":"https:\/\/hobstop.ee\/lv\/wp-json\/wp\/v2\/product"}],"about":[{"href":"https:\/\/hobstop.ee\/lv\/wp-json\/wp\/v2\/types\/product"}],"replies":[{"embeddable":true,"href":"https:\/\/hobstop.ee\/lv\/wp-json\/wp\/v2\/comments?post=23415"}],"wp:featuredmedia":[{"embeddable":true,"href":"https:\/\/hobstop.ee\/lv\/wp-json\/wp\/v2\/media\/102762"}],"wp:attachment":[{"href":"https:\/\/hobstop.ee\/lv\/wp-json\/wp\/v2\/media?parent=23415"}],"wp:term":[{"taxonomy":"product_cat","embeddable":true,"href":"https:\/\/hobstop.ee\/lv\/wp-json\/wp\/v2\/product_cat?post=23415"},{"taxonomy":"product_tag","embeddable":true,"href":"https:\/\/hobstop.ee\/lv\/wp-json\/wp\/v2\/product_tag?post=23415"}],"curies":[{"name":"wp","href":"https:\/\/api.w.org\/{rel}","templated":true}]}}