{"id":23449,"date":"2014-12-09T12:51:27","date_gmt":"2014-12-09T10:51:27","guid":{"rendered":"https:\/\/sharks.ee\/vunder_2019.klient.veebimajutus.ee\/?post_type=product&#038;p=23449"},"modified":"2014-12-09T12:51:27","modified_gmt":"2014-12-09T10:51:27","slug":"sejas-krasa-12ml-puderis","status":"publish","type":"product","link":"https:\/\/hobstop.ee\/lv\/produkts\/sejas-krasa-12ml-puderis\/","title":{"rendered":"Sejas kr\u0101sa 12ml p\u016bderis"},"content":{"rendered":"<p>Sejas kr\u0101su-p\u016bderi var izmantot saus\u0101 veid\u0101, lai rad\u012btu nelielas \u0113nas efektu, bet, sajaukta ar \u016bdeni, t\u0101 pie\u0161\u0137irts izteiktus un \u012bpa\u0161us vaibstus. Ide\u0101li piem\u0113rots k\u0101 pamatmateri\u0101ls, kas rada skaistu mirdzumu. To var uzkl\u0101t ar otu k\u0101 vaigu s\u0101rtumu. Lai izmantotu mitr\u0101 veid\u0101, ieberiet nelielu p\u016bdera daudzumu v\u0101ci\u0146\u0101 un pievienojiet nelielu \u016bdens daudzumu, l\u012bdz rodas biezs \u0161\u0137idrums. \u0160o fascin\u0113jo\u0161i mirdzo\u0161o \u0161\u0137idrumu var izmantot izteikti sp\u012bd\u012bgu l\u012bniju veido\u0161anai. Pirms uzlikt v\u0101ci\u0146u atpaka\u013c, neaizmirstiet to izmazg\u0101t! Izmantojot vielu saus\u0101 veid\u0101, viegli piesitiet ar oti\u0146u pret burci\u0146as malu, lai nokrat\u012btu lieto p\u016bderi.<\/p>\n","protected":false},"excerpt":{"rendered":"<p>Sejas kr\u0101su-p\u016bderi var izmantot saus\u0101 veid\u0101, lai rad\u012btu nelielas \u0113nas efektu, bet, sajaukta ar \u016bdeni, t\u0101 pie\u0161\u0137irts izteiktus un \u012bpa\u0161us vaibstus. Ide\u0101li piem\u0113rots k\u0101 pamatmateri\u0101ls, kas rada skaistu mirdzumu. To var uzkl\u0101t ar otu k\u0101 vaigu s\u0101rtumu. Lai izmantotu mitr\u0101 veid\u0101, ieberiet nelielu p\u016bdera daudzumu v\u0101ci\u0146\u0101 un pievienojiet nelielu \u016bdens daudzumu, l\u012bdz rodas biezs \u0161\u0137idrums. \u0160o fascin\u0113jo\u0161i mirdzo\u0161o \u0161\u0137idrumu var izmantot izteikti sp\u012bd\u012bgu l\u012bniju veido\u0161anai. Pirms uzlikt v\u0101ci\u0146u atpaka\u013c, neaizmirstiet to izmazg\u0101t! Izmantojot vielu saus\u0101 veid\u0101, viegli piesitiet ar oti\u0146u pret burci\u0146as malu, lai nokrat\u012btu lieto p\u016bderi.<\/p>\n","protected":false},"featured_media":102834,"comment_status":"closed","ping_status":"closed","template":"","meta":{"_acf_changed":false,"ep_exclude_from_search":false},"product_cat":[18928,17918,18227],"product_tag":[],"class_list":{"0":"post-23449","1":"product","2":"type-product","3":"status-publish","4":"has-post-thumbnail","6":"product_cat-krasas-kermena-apgleznosanai","7":"product_cat-preces-hobijiem","8":"product_cat-sausas-krasas","10":"first","11":"outofstock","12":"sale","13":"taxable","14":"shipping-taxable","15":"purchasable","16":"product-type-variable"},"acf":[],"yoast_head":"<!-- This site is optimized with the Yoast SEO plugin v24.1 - https:\/\/yoast.com\/wordpress\/plugins\/seo\/ -->\n<title>Sejas kr\u0101sa 12ml p\u016bderis &#8211; Skizze<\/title>\n<meta name=\"robots\" content=\"noindex, follow, max-snippet:-1, max-image-preview:large, max-video-preview:-1\" \/>\n<meta property=\"og:locale\" content=\"lv_LV\" \/>\n<meta property=\"og:type\" content=\"article\" \/>\n<meta property=\"og:title\" content=\"Sejas kr\u0101sa 12ml p\u016bderis &#8211; Skizze\" \/>\n<meta property=\"og:description\" content=\"Sejas kr\u0101su-p\u016bderi var izmantot saus\u0101 veid\u0101, lai rad\u012btu nelielas \u0113nas efektu, bet, sajaukta ar \u016bdeni, t\u0101 pie\u0161\u0137irts izteiktus un \u012bpa\u0161us vaibstus. Ide\u0101li piem\u0113rots k\u0101 pamatmateri\u0101ls, kas rada skaistu mirdzumu. To var uzkl\u0101t ar otu k\u0101 vaigu s\u0101rtumu. Lai izmantotu mitr\u0101 veid\u0101, ieberiet nelielu p\u016bdera daudzumu v\u0101ci\u0146\u0101 un pievienojiet nelielu \u016bdens daudzumu, l\u012bdz rodas biezs \u0161\u0137idrums. \u0160o fascin\u0113jo\u0161i mirdzo\u0161o \u0161\u0137idrumu var izmantot izteikti sp\u012bd\u012bgu l\u012bniju veido\u0161anai. Pirms uzlikt v\u0101ci\u0146u atpaka\u013c, neaizmirstiet to izmazg\u0101t! Izmantojot vielu saus\u0101 veid\u0101, viegli piesitiet ar oti\u0146u pret burci\u0146as malu, lai nokrat\u012btu lieto p\u016bderi.\" \/>\n<meta property=\"og:url\" content=\"https:\/\/hobstop.ee\/lv\/produkts\/sejas-krasa-12ml-puderis\/\" \/>\n<meta property=\"og:site_name\" content=\"Skizze\" \/>\n<meta property=\"article:publisher\" content=\"http:\/\/www.facebook.com\/VunderSkizze\" \/>\n<meta property=\"og:image\" content=\"https:\/\/hobstop.ee\/media\/1252.jpg\" \/>\n\t<meta property=\"og:image:width\" content=\"1024\" \/>\n\t<meta property=\"og:image:height\" content=\"768\" \/>\n\t<meta property=\"og:image:type\" content=\"image\/jpeg\" \/>\n<meta name=\"twitter:card\" content=\"summary_large_image\" \/>\n<meta name=\"twitter:label1\" content=\"Est. reading time\" \/>\n\t<meta name=\"twitter:data1\" content=\"1 min\u016b\u0161u\" \/>\n<script type=\"application\/ld+json\" class=\"yoast-schema-graph\">{\"@context\":\"https:\/\/schema.org\",\"@graph\":[{\"@type\":\"WebPage\",\"@id\":\"https:\/\/hobstop.ee\/lv\/produkts\/sejas-krasa-12ml-puderis\/\",\"url\":\"https:\/\/hobstop.ee\/lv\/produkts\/sejas-krasa-12ml-puderis\/\",\"name\":\"Sejas kr\u0101sa 12ml p\u016bderis &#8211; Skizze\",\"isPartOf\":{\"@id\":\"https:\/\/hobstop.ee\/lv\/#website\"},\"primaryImageOfPage\":{\"@id\":\"https:\/\/hobstop.ee\/lv\/produkts\/sejas-krasa-12ml-puderis\/#primaryimage\"},\"image\":{\"@id\":\"https:\/\/hobstop.ee\/lv\/produkts\/sejas-krasa-12ml-puderis\/#primaryimage\"},\"thumbnailUrl\":\"https:\/\/hobstop.ee\/media\/1252.jpg\",\"datePublished\":\"2014-12-09T10:51:27+00:00\",\"dateModified\":\"2014-12-09T10:51:27+00:00\",\"breadcrumb\":{\"@id\":\"https:\/\/hobstop.ee\/lv\/produkts\/sejas-krasa-12ml-puderis\/#breadcrumb\"},\"inLanguage\":\"lv-LV\",\"potentialAction\":[{\"@type\":\"ReadAction\",\"target\":[\"https:\/\/hobstop.ee\/lv\/produkts\/sejas-krasa-12ml-puderis\/\"]}]},{\"@type\":\"ImageObject\",\"inLanguage\":\"lv-LV\",\"@id\":\"https:\/\/hobstop.ee\/lv\/produkts\/sejas-krasa-12ml-puderis\/#primaryimage\",\"url\":\"https:\/\/hobstop.ee\/media\/1252.jpg\",\"contentUrl\":\"https:\/\/hobstop.ee\/media\/1252.jpg\",\"width\":1024,\"height\":768},{\"@type\":\"BreadcrumbList\",\"@id\":\"https:\/\/hobstop.ee\/lv\/produkts\/sejas-krasa-12ml-puderis\/#breadcrumb\",\"itemListElement\":[{\"@type\":\"ListItem\",\"position\":1,\"name\":\"Avaleht\",\"item\":\"https:\/\/www.hobstop.ee\/lv\/\"},{\"@type\":\"ListItem\",\"position\":2,\"name\":\"Veikals\",\"item\":\"https:\/\/www.hobstop.ee\/lv\/veikals\/\"},{\"@type\":\"ListItem\",\"position\":3,\"name\":\"Sejas kr\u0101sa 12ml p\u016bderis\"}]},{\"@type\":\"WebSite\",\"@id\":\"https:\/\/hobstop.ee\/lv\/#website\",\"url\":\"https:\/\/hobstop.ee\/lv\/\",\"name\":\"Skizze\",\"description\":\"M\u0101kslas, hobiju un skolas preces\",\"publisher\":{\"@id\":\"https:\/\/hobstop.ee\/lv\/#organization\"},\"potentialAction\":[{\"@type\":\"SearchAction\",\"target\":{\"@type\":\"EntryPoint\",\"urlTemplate\":\"https:\/\/hobstop.ee\/lv\/?s={search_term_string}\"},\"query-input\":{\"@type\":\"PropertyValueSpecification\",\"valueRequired\":true,\"valueName\":\"search_term_string\"}}],\"inLanguage\":\"lv-LV\"},{\"@type\":\"Organization\",\"@id\":\"https:\/\/hobstop.ee\/lv\/#organization\",\"name\":\"Vunder AS\",\"url\":\"https:\/\/hobstop.ee\/lv\/\",\"logo\":{\"@type\":\"ImageObject\",\"inLanguage\":\"lv-LV\",\"@id\":\"https:\/\/hobstop.ee\/lv\/#\/schema\/logo\/image\/\",\"url\":\"https:\/\/hobstop.ee\/media\/vunder-logo.png\",\"contentUrl\":\"https:\/\/hobstop.ee\/media\/vunder-logo.png\",\"width\":127,\"height\":55,\"caption\":\"Vunder AS\"},\"image\":{\"@id\":\"https:\/\/hobstop.ee\/lv\/#\/schema\/logo\/image\/\"},\"sameAs\":[\"http:\/\/www.facebook.com\/VunderSkizze\"]}]}<\/script>\n<!-- \/ Yoast SEO plugin. -->","yoast_head_json":{"title":"Sejas kr\u0101sa 12ml p\u016bderis &#8211; Skizze","robots":{"index":"noindex","follow":"follow","max-snippet":"max-snippet:-1","max-image-preview":"max-image-preview:large","max-video-preview":"max-video-preview:-1"},"og_locale":"lv_LV","og_type":"article","og_title":"Sejas kr\u0101sa 12ml p\u016bderis &#8211; Skizze","og_description":"Sejas kr\u0101su-p\u016bderi var izmantot saus\u0101 veid\u0101, lai rad\u012btu nelielas \u0113nas efektu, bet, sajaukta ar \u016bdeni, t\u0101 pie\u0161\u0137irts izteiktus un \u012bpa\u0161us vaibstus. Ide\u0101li piem\u0113rots k\u0101 pamatmateri\u0101ls, kas rada skaistu mirdzumu. To var uzkl\u0101t ar otu k\u0101 vaigu s\u0101rtumu. Lai izmantotu mitr\u0101 veid\u0101, ieberiet nelielu p\u016bdera daudzumu v\u0101ci\u0146\u0101 un pievienojiet nelielu \u016bdens daudzumu, l\u012bdz rodas biezs \u0161\u0137idrums. \u0160o fascin\u0113jo\u0161i mirdzo\u0161o \u0161\u0137idrumu var izmantot izteikti sp\u012bd\u012bgu l\u012bniju veido\u0161anai. Pirms uzlikt v\u0101ci\u0146u atpaka\u013c, neaizmirstiet to izmazg\u0101t! Izmantojot vielu saus\u0101 veid\u0101, viegli piesitiet ar oti\u0146u pret burci\u0146as malu, lai nokrat\u012btu lieto p\u016bderi.","og_url":"https:\/\/hobstop.ee\/lv\/produkts\/sejas-krasa-12ml-puderis\/","og_site_name":"Skizze","article_publisher":"http:\/\/www.facebook.com\/VunderSkizze","og_image":[{"width":1024,"height":768,"url":"https:\/\/hobstop.ee\/media\/1252.jpg","type":"image\/jpeg"}],"twitter_card":"summary_large_image","twitter_misc":{"Est. reading time":"1 min\u016b\u0161u"},"schema":{"@context":"https:\/\/schema.org","@graph":[{"@type":"WebPage","@id":"https:\/\/hobstop.ee\/lv\/produkts\/sejas-krasa-12ml-puderis\/","url":"https:\/\/hobstop.ee\/lv\/produkts\/sejas-krasa-12ml-puderis\/","name":"Sejas kr\u0101sa 12ml p\u016bderis &#8211; Skizze","isPartOf":{"@id":"https:\/\/hobstop.ee\/lv\/#website"},"primaryImageOfPage":{"@id":"https:\/\/hobstop.ee\/lv\/produkts\/sejas-krasa-12ml-puderis\/#primaryimage"},"image":{"@id":"https:\/\/hobstop.ee\/lv\/produkts\/sejas-krasa-12ml-puderis\/#primaryimage"},"thumbnailUrl":"https:\/\/hobstop.ee\/media\/1252.jpg","datePublished":"2014-12-09T10:51:27+00:00","dateModified":"2014-12-09T10:51:27+00:00","breadcrumb":{"@id":"https:\/\/hobstop.ee\/lv\/produkts\/sejas-krasa-12ml-puderis\/#breadcrumb"},"inLanguage":"lv-LV","potentialAction":[{"@type":"ReadAction","target":["https:\/\/hobstop.ee\/lv\/produkts\/sejas-krasa-12ml-puderis\/"]}]},{"@type":"ImageObject","inLanguage":"lv-LV","@id":"https:\/\/hobstop.ee\/lv\/produkts\/sejas-krasa-12ml-puderis\/#primaryimage","url":"https:\/\/hobstop.ee\/media\/1252.jpg","contentUrl":"https:\/\/hobstop.ee\/media\/1252.jpg","width":1024,"height":768},{"@type":"BreadcrumbList","@id":"https:\/\/hobstop.ee\/lv\/produkts\/sejas-krasa-12ml-puderis\/#breadcrumb","itemListElement":[{"@type":"ListItem","position":1,"name":"Avaleht","item":"https:\/\/www.hobstop.ee\/lv\/"},{"@type":"ListItem","position":2,"name":"Veikals","item":"https:\/\/www.hobstop.ee\/lv\/veikals\/"},{"@type":"ListItem","position":3,"name":"Sejas kr\u0101sa 12ml p\u016bderis"}]},{"@type":"WebSite","@id":"https:\/\/hobstop.ee\/lv\/#website","url":"https:\/\/hobstop.ee\/lv\/","name":"Skizze","description":"M\u0101kslas, hobiju un skolas preces","publisher":{"@id":"https:\/\/hobstop.ee\/lv\/#organization"},"potentialAction":[{"@type":"SearchAction","target":{"@type":"EntryPoint","urlTemplate":"https:\/\/hobstop.ee\/lv\/?s={search_term_string}"},"query-input":{"@type":"PropertyValueSpecification","valueRequired":true,"valueName":"search_term_string"}}],"inLanguage":"lv-LV"},{"@type":"Organization","@id":"https:\/\/hobstop.ee\/lv\/#organization","name":"Vunder AS","url":"https:\/\/hobstop.ee\/lv\/","logo":{"@type":"ImageObject","inLanguage":"lv-LV","@id":"https:\/\/hobstop.ee\/lv\/#\/schema\/logo\/image\/","url":"https:\/\/hobstop.ee\/media\/vunder-logo.png","contentUrl":"https:\/\/hobstop.ee\/media\/vunder-logo.png","width":127,"height":55,"caption":"Vunder AS"},"image":{"@id":"https:\/\/hobstop.ee\/lv\/#\/schema\/logo\/image\/"},"sameAs":["http:\/\/www.facebook.com\/VunderSkizze"]}]}},"_links":{"self":[{"href":"https:\/\/hobstop.ee\/lv\/wp-json\/wp\/v2\/product\/23449","targetHints":{"allow":["GET"]}}],"collection":[{"href":"https:\/\/hobstop.ee\/lv\/wp-json\/wp\/v2\/product"}],"about":[{"href":"https:\/\/hobstop.ee\/lv\/wp-json\/wp\/v2\/types\/product"}],"replies":[{"embeddable":true,"href":"https:\/\/hobstop.ee\/lv\/wp-json\/wp\/v2\/comments?post=23449"}],"wp:featuredmedia":[{"embeddable":true,"href":"https:\/\/hobstop.ee\/lv\/wp-json\/wp\/v2\/media\/102834"}],"wp:attachment":[{"href":"https:\/\/hobstop.ee\/lv\/wp-json\/wp\/v2\/media?parent=23449"}],"wp:term":[{"taxonomy":"product_cat","embeddable":true,"href":"https:\/\/hobstop.ee\/lv\/wp-json\/wp\/v2\/product_cat?post=23449"},{"taxonomy":"product_tag","embeddable":true,"href":"https:\/\/hobstop.ee\/lv\/wp-json\/wp\/v2\/product_tag?post=23449"}],"curies":[{"name":"wp","href":"https:\/\/api.w.org\/{rel}","templated":true}]}}