{"id":23453,"date":"2014-12-09T12:51:28","date_gmt":"2014-12-09T10:51:28","guid":{"rendered":"https:\/\/sharks.ee\/vunder_2019.klient.veebimajutus.ee\/?post_type=product&#038;p=23453"},"modified":"2014-12-09T12:51:28","modified_gmt":"2014-12-09T10:51:28","slug":"sejas-krasa-18mlx8","status":"publish","type":"product","link":"https:\/\/hobstop.ee\/lv\/produkts\/sejas-krasa-18mlx8\/","title":{"rendered":"Sejas kr\u0101sa 18mlx8"},"content":{"rendered":"<p>Lielisks 18ml klasisku sejas kr\u0101su komplekts visiem, kuri nodarbojas ar sejas apglezno\u0161anu. Fantastiskas, dinamiskas kr\u0101sas, kuras ir viegli uzkl\u0101t un no\u0146emt. Kr\u0101sas iepakotas praktisk\u0101, atk\u0101rtotai izmanto\u0161anai paredz\u0113t\u0101 palet\u0113. Paredz\u0113ts l\u012bdz  450 seju apglezno\u0161anai.<\/p>\n","protected":false},"excerpt":{"rendered":"<p>Lielisks 18ml klasisku sejas kr\u0101su komplekts visiem, kuri nodarbojas ar sejas apglezno\u0161anu. Fantastiskas, dinamiskas kr\u0101sas, kuras ir viegli uzkl\u0101t un no\u0146emt. Kr\u0101sas iepakotas praktisk\u0101, atk\u0101rtotai izmanto\u0161anai paredz\u0113t\u0101 palet\u0113. Paredz\u0113ts l\u012bdz 450 seju apglezno\u0161anai.<\/p>\n","protected":false},"featured_media":102842,"comment_status":"closed","ping_status":"closed","template":"","meta":{"_acf_changed":false,"ep_exclude_from_search":false},"product_cat":[18928,17918,18227],"product_tag":[],"class_list":{"0":"post-23453","1":"product","2":"type-product","3":"status-publish","4":"has-post-thumbnail","6":"product_cat-krasas-kermena-apgleznosanai","7":"product_cat-preces-hobijiem","8":"product_cat-sausas-krasas","10":"first","11":"outofstock","12":"taxable","13":"shipping-taxable","14":"purchasable","15":"product-type-variable"},"acf":[],"yoast_head":"<!-- This site is optimized with the Yoast SEO plugin v24.1 - https:\/\/yoast.com\/wordpress\/plugins\/seo\/ -->\n<title>Sejas kr\u0101sa 18mlx8                                &#8211; Skizze<\/title>\n<meta name=\"robots\" content=\"noindex, follow, max-snippet:-1, max-image-preview:large, max-video-preview:-1\" \/>\n<meta property=\"og:locale\" content=\"lv_LV\" \/>\n<meta property=\"og:type\" content=\"article\" \/>\n<meta property=\"og:title\" content=\"Sejas kr\u0101sa 18mlx8                                &#8211; Skizze\" \/>\n<meta property=\"og:description\" content=\"Lielisks 18ml klasisku sejas kr\u0101su komplekts visiem, kuri nodarbojas ar sejas apglezno\u0161anu. Fantastiskas, dinamiskas kr\u0101sas, kuras ir viegli uzkl\u0101t un no\u0146emt. Kr\u0101sas iepakotas praktisk\u0101, atk\u0101rtotai izmanto\u0161anai paredz\u0113t\u0101 palet\u0113. Paredz\u0113ts l\u012bdz 450 seju apglezno\u0161anai.\" \/>\n<meta property=\"og:url\" content=\"https:\/\/hobstop.ee\/lv\/produkts\/sejas-krasa-18mlx8\/\" \/>\n<meta property=\"og:site_name\" content=\"Skizze\" \/>\n<meta property=\"article:publisher\" content=\"http:\/\/www.facebook.com\/VunderSkizze\" \/>\n<meta property=\"og:image\" content=\"https:\/\/hobstop.ee\/media\/1254.jpg\" \/>\n\t<meta property=\"og:image:width\" content=\"1024\" \/>\n\t<meta property=\"og:image:height\" content=\"768\" \/>\n\t<meta property=\"og:image:type\" content=\"image\/jpeg\" \/>\n<meta name=\"twitter:card\" content=\"summary_large_image\" \/>\n<script type=\"application\/ld+json\" class=\"yoast-schema-graph\">{\"@context\":\"https:\/\/schema.org\",\"@graph\":[{\"@type\":\"WebPage\",\"@id\":\"https:\/\/hobstop.ee\/lv\/produkts\/sejas-krasa-18mlx8\/\",\"url\":\"https:\/\/hobstop.ee\/lv\/produkts\/sejas-krasa-18mlx8\/\",\"name\":\"Sejas kr\u0101sa 18mlx8 &#8211; Skizze\",\"isPartOf\":{\"@id\":\"https:\/\/hobstop.ee\/lv\/#website\"},\"primaryImageOfPage\":{\"@id\":\"https:\/\/hobstop.ee\/lv\/produkts\/sejas-krasa-18mlx8\/#primaryimage\"},\"image\":{\"@id\":\"https:\/\/hobstop.ee\/lv\/produkts\/sejas-krasa-18mlx8\/#primaryimage\"},\"thumbnailUrl\":\"https:\/\/hobstop.ee\/media\/1254.jpg\",\"datePublished\":\"2014-12-09T10:51:28+00:00\",\"dateModified\":\"2014-12-09T10:51:28+00:00\",\"breadcrumb\":{\"@id\":\"https:\/\/hobstop.ee\/lv\/produkts\/sejas-krasa-18mlx8\/#breadcrumb\"},\"inLanguage\":\"lv-LV\",\"potentialAction\":[{\"@type\":\"ReadAction\",\"target\":[\"https:\/\/hobstop.ee\/lv\/produkts\/sejas-krasa-18mlx8\/\"]}]},{\"@type\":\"ImageObject\",\"inLanguage\":\"lv-LV\",\"@id\":\"https:\/\/hobstop.ee\/lv\/produkts\/sejas-krasa-18mlx8\/#primaryimage\",\"url\":\"https:\/\/hobstop.ee\/media\/1254.jpg\",\"contentUrl\":\"https:\/\/hobstop.ee\/media\/1254.jpg\",\"width\":1024,\"height\":768},{\"@type\":\"BreadcrumbList\",\"@id\":\"https:\/\/hobstop.ee\/lv\/produkts\/sejas-krasa-18mlx8\/#breadcrumb\",\"itemListElement\":[{\"@type\":\"ListItem\",\"position\":1,\"name\":\"Avaleht\",\"item\":\"https:\/\/www.hobstop.ee\/lv\/\"},{\"@type\":\"ListItem\",\"position\":2,\"name\":\"Veikals\",\"item\":\"https:\/\/www.hobstop.ee\/lv\/veikals\/\"},{\"@type\":\"ListItem\",\"position\":3,\"name\":\"Sejas kr\u0101sa 18mlx8\"}]},{\"@type\":\"WebSite\",\"@id\":\"https:\/\/hobstop.ee\/lv\/#website\",\"url\":\"https:\/\/hobstop.ee\/lv\/\",\"name\":\"Skizze\",\"description\":\"M\u0101kslas, hobiju un skolas preces\",\"publisher\":{\"@id\":\"https:\/\/hobstop.ee\/lv\/#organization\"},\"potentialAction\":[{\"@type\":\"SearchAction\",\"target\":{\"@type\":\"EntryPoint\",\"urlTemplate\":\"https:\/\/hobstop.ee\/lv\/?s={search_term_string}\"},\"query-input\":{\"@type\":\"PropertyValueSpecification\",\"valueRequired\":true,\"valueName\":\"search_term_string\"}}],\"inLanguage\":\"lv-LV\"},{\"@type\":\"Organization\",\"@id\":\"https:\/\/hobstop.ee\/lv\/#organization\",\"name\":\"Vunder AS\",\"url\":\"https:\/\/hobstop.ee\/lv\/\",\"logo\":{\"@type\":\"ImageObject\",\"inLanguage\":\"lv-LV\",\"@id\":\"https:\/\/hobstop.ee\/lv\/#\/schema\/logo\/image\/\",\"url\":\"https:\/\/hobstop.ee\/media\/vunder-logo.png\",\"contentUrl\":\"https:\/\/hobstop.ee\/media\/vunder-logo.png\",\"width\":127,\"height\":55,\"caption\":\"Vunder AS\"},\"image\":{\"@id\":\"https:\/\/hobstop.ee\/lv\/#\/schema\/logo\/image\/\"},\"sameAs\":[\"http:\/\/www.facebook.com\/VunderSkizze\"]}]}<\/script>\n<!-- \/ Yoast SEO plugin. -->","yoast_head_json":{"title":"Sejas kr\u0101sa 18mlx8                                &#8211; Skizze","robots":{"index":"noindex","follow":"follow","max-snippet":"max-snippet:-1","max-image-preview":"max-image-preview:large","max-video-preview":"max-video-preview:-1"},"og_locale":"lv_LV","og_type":"article","og_title":"Sejas kr\u0101sa 18mlx8                                &#8211; Skizze","og_description":"Lielisks 18ml klasisku sejas kr\u0101su komplekts visiem, kuri nodarbojas ar sejas apglezno\u0161anu. Fantastiskas, dinamiskas kr\u0101sas, kuras ir viegli uzkl\u0101t un no\u0146emt. Kr\u0101sas iepakotas praktisk\u0101, atk\u0101rtotai izmanto\u0161anai paredz\u0113t\u0101 palet\u0113. Paredz\u0113ts l\u012bdz 450 seju apglezno\u0161anai.","og_url":"https:\/\/hobstop.ee\/lv\/produkts\/sejas-krasa-18mlx8\/","og_site_name":"Skizze","article_publisher":"http:\/\/www.facebook.com\/VunderSkizze","og_image":[{"width":1024,"height":768,"url":"https:\/\/hobstop.ee\/media\/1254.jpg","type":"image\/jpeg"}],"twitter_card":"summary_large_image","schema":{"@context":"https:\/\/schema.org","@graph":[{"@type":"WebPage","@id":"https:\/\/hobstop.ee\/lv\/produkts\/sejas-krasa-18mlx8\/","url":"https:\/\/hobstop.ee\/lv\/produkts\/sejas-krasa-18mlx8\/","name":"Sejas kr\u0101sa 18mlx8 &#8211; Skizze","isPartOf":{"@id":"https:\/\/hobstop.ee\/lv\/#website"},"primaryImageOfPage":{"@id":"https:\/\/hobstop.ee\/lv\/produkts\/sejas-krasa-18mlx8\/#primaryimage"},"image":{"@id":"https:\/\/hobstop.ee\/lv\/produkts\/sejas-krasa-18mlx8\/#primaryimage"},"thumbnailUrl":"https:\/\/hobstop.ee\/media\/1254.jpg","datePublished":"2014-12-09T10:51:28+00:00","dateModified":"2014-12-09T10:51:28+00:00","breadcrumb":{"@id":"https:\/\/hobstop.ee\/lv\/produkts\/sejas-krasa-18mlx8\/#breadcrumb"},"inLanguage":"lv-LV","potentialAction":[{"@type":"ReadAction","target":["https:\/\/hobstop.ee\/lv\/produkts\/sejas-krasa-18mlx8\/"]}]},{"@type":"ImageObject","inLanguage":"lv-LV","@id":"https:\/\/hobstop.ee\/lv\/produkts\/sejas-krasa-18mlx8\/#primaryimage","url":"https:\/\/hobstop.ee\/media\/1254.jpg","contentUrl":"https:\/\/hobstop.ee\/media\/1254.jpg","width":1024,"height":768},{"@type":"BreadcrumbList","@id":"https:\/\/hobstop.ee\/lv\/produkts\/sejas-krasa-18mlx8\/#breadcrumb","itemListElement":[{"@type":"ListItem","position":1,"name":"Avaleht","item":"https:\/\/www.hobstop.ee\/lv\/"},{"@type":"ListItem","position":2,"name":"Veikals","item":"https:\/\/www.hobstop.ee\/lv\/veikals\/"},{"@type":"ListItem","position":3,"name":"Sejas kr\u0101sa 18mlx8"}]},{"@type":"WebSite","@id":"https:\/\/hobstop.ee\/lv\/#website","url":"https:\/\/hobstop.ee\/lv\/","name":"Skizze","description":"M\u0101kslas, hobiju un skolas preces","publisher":{"@id":"https:\/\/hobstop.ee\/lv\/#organization"},"potentialAction":[{"@type":"SearchAction","target":{"@type":"EntryPoint","urlTemplate":"https:\/\/hobstop.ee\/lv\/?s={search_term_string}"},"query-input":{"@type":"PropertyValueSpecification","valueRequired":true,"valueName":"search_term_string"}}],"inLanguage":"lv-LV"},{"@type":"Organization","@id":"https:\/\/hobstop.ee\/lv\/#organization","name":"Vunder AS","url":"https:\/\/hobstop.ee\/lv\/","logo":{"@type":"ImageObject","inLanguage":"lv-LV","@id":"https:\/\/hobstop.ee\/lv\/#\/schema\/logo\/image\/","url":"https:\/\/hobstop.ee\/media\/vunder-logo.png","contentUrl":"https:\/\/hobstop.ee\/media\/vunder-logo.png","width":127,"height":55,"caption":"Vunder AS"},"image":{"@id":"https:\/\/hobstop.ee\/lv\/#\/schema\/logo\/image\/"},"sameAs":["http:\/\/www.facebook.com\/VunderSkizze"]}]}},"_links":{"self":[{"href":"https:\/\/hobstop.ee\/lv\/wp-json\/wp\/v2\/product\/23453","targetHints":{"allow":["GET"]}}],"collection":[{"href":"https:\/\/hobstop.ee\/lv\/wp-json\/wp\/v2\/product"}],"about":[{"href":"https:\/\/hobstop.ee\/lv\/wp-json\/wp\/v2\/types\/product"}],"replies":[{"embeddable":true,"href":"https:\/\/hobstop.ee\/lv\/wp-json\/wp\/v2\/comments?post=23453"}],"wp:featuredmedia":[{"embeddable":true,"href":"https:\/\/hobstop.ee\/lv\/wp-json\/wp\/v2\/media\/102842"}],"wp:attachment":[{"href":"https:\/\/hobstop.ee\/lv\/wp-json\/wp\/v2\/media?parent=23453"}],"wp:term":[{"taxonomy":"product_cat","embeddable":true,"href":"https:\/\/hobstop.ee\/lv\/wp-json\/wp\/v2\/product_cat?post=23453"},{"taxonomy":"product_tag","embeddable":true,"href":"https:\/\/hobstop.ee\/lv\/wp-json\/wp\/v2\/product_tag?post=23453"}],"curies":[{"name":"wp","href":"https:\/\/api.w.org\/{rel}","templated":true}]}}