{"id":23457,"date":"2014-12-09T12:51:29","date_gmt":"2014-12-09T10:51:29","guid":{"rendered":"https:\/\/sharks.ee\/vunder_2019.klient.veebimajutus.ee\/?post_type=product&#038;p=23457"},"modified":"2014-12-09T12:51:29","modified_gmt":"2014-12-09T10:51:29","slug":"sejas-krasa-glitter-4x8ml","status":"publish","type":"product","link":"https:\/\/hobstop.ee\/lv\/produkts\/sejas-krasa-glitter-4x8ml\/","title":{"rendered":"Sejas kr\u0101sa Glitter 4x8ml"},"content":{"rendered":"<p>Glitter g\u0113ls pie\u0161\u0137irs apgleznotai sejai mirdzo\u0161u efektu. Katrs sp\u012bdums ir \u012bpa\u0161i veidots, ar noapa\u013cotiem st\u016br\u012b\u0161iem t\u0101, lai uz sejas tas b\u016btu m\u012bksts un nerad\u012btu \u0101das boj\u0101jumus. Piem\u0113rots uzkl\u0101\u0161anai ar pirkstu vai oti\u0146u. Uzkl\u0101jot to uz pamatkr\u0101sas, vislab\u0101k to dar\u012bt ar viegli pli\u0137\u0113jo\u0161\u0101m kust\u012bb\u0101m.<\/p>\n","protected":false},"excerpt":{"rendered":"<p>Glitter g\u0113ls pie\u0161\u0137irs apgleznotai sejai mirdzo\u0161u efektu. Katrs sp\u012bdums ir \u012bpa\u0161i veidots, ar noapa\u013cotiem st\u016br\u012b\u0161iem t\u0101, lai uz sejas tas b\u016btu m\u012bksts un nerad\u012btu \u0101das boj\u0101jumus. Piem\u0113rots uzkl\u0101\u0161anai ar pirkstu vai oti\u0146u. Uzkl\u0101jot to uz pamatkr\u0101sas, vislab\u0101k to dar\u012bt ar viegli pli\u0137\u0113jo\u0161\u0101m kust\u012bb\u0101m.<\/p>\n","protected":false},"featured_media":102850,"comment_status":"closed","ping_status":"closed","template":"","meta":{"_acf_changed":false,"ep_exclude_from_search":false},"product_cat":[18928,18220,17918],"product_tag":[],"class_list":{"0":"post-23457","1":"product","2":"type-product","3":"status-publish","4":"has-post-thumbnail","6":"product_cat-krasas-kermena-apgleznosanai","7":"product_cat-mirdzuma-geli","8":"product_cat-preces-hobijiem","10":"first","11":"instock","12":"taxable","13":"shipping-taxable","14":"purchasable","15":"product-type-variable"},"acf":[],"yoast_head":"<!-- This site is optimized with the Yoast SEO plugin v24.1 - https:\/\/yoast.com\/wordpress\/plugins\/seo\/ -->\n<title>Sejas kr\u0101sa Glitter 4x8ml &#8211; Skizze<\/title>\n<meta name=\"robots\" content=\"noindex, follow, max-snippet:-1, max-image-preview:large, max-video-preview:-1\" \/>\n<meta property=\"og:locale\" content=\"lv_LV\" \/>\n<meta property=\"og:type\" content=\"article\" \/>\n<meta property=\"og:title\" content=\"Sejas kr\u0101sa Glitter 4x8ml &#8211; Skizze\" \/>\n<meta property=\"og:description\" content=\"Glitter g\u0113ls pie\u0161\u0137irs apgleznotai sejai mirdzo\u0161u efektu. Katrs sp\u012bdums ir \u012bpa\u0161i veidots, ar noapa\u013cotiem st\u016br\u012b\u0161iem t\u0101, lai uz sejas tas b\u016btu m\u012bksts un nerad\u012btu \u0101das boj\u0101jumus. Piem\u0113rots uzkl\u0101\u0161anai ar pirkstu vai oti\u0146u. Uzkl\u0101jot to uz pamatkr\u0101sas, vislab\u0101k to dar\u012bt ar viegli pli\u0137\u0113jo\u0161\u0101m kust\u012bb\u0101m.\" \/>\n<meta property=\"og:url\" content=\"https:\/\/hobstop.ee\/lv\/produkts\/sejas-krasa-glitter-4x8ml\/\" \/>\n<meta property=\"og:site_name\" content=\"Skizze\" \/>\n<meta property=\"article:publisher\" content=\"http:\/\/www.facebook.com\/VunderSkizze\" \/>\n<meta property=\"og:image\" content=\"https:\/\/hobstop.ee\/media\/1257.jpg\" \/>\n\t<meta property=\"og:image:width\" content=\"1024\" \/>\n\t<meta property=\"og:image:height\" content=\"768\" \/>\n\t<meta property=\"og:image:type\" content=\"image\/jpeg\" \/>\n<meta name=\"twitter:card\" content=\"summary_large_image\" \/>\n<script type=\"application\/ld+json\" class=\"yoast-schema-graph\">{\"@context\":\"https:\/\/schema.org\",\"@graph\":[{\"@type\":\"WebPage\",\"@id\":\"https:\/\/hobstop.ee\/lv\/produkts\/sejas-krasa-glitter-4x8ml\/\",\"url\":\"https:\/\/hobstop.ee\/lv\/produkts\/sejas-krasa-glitter-4x8ml\/\",\"name\":\"Sejas kr\u0101sa Glitter 4x8ml &#8211; Skizze\",\"isPartOf\":{\"@id\":\"https:\/\/hobstop.ee\/lv\/#website\"},\"primaryImageOfPage\":{\"@id\":\"https:\/\/hobstop.ee\/lv\/produkts\/sejas-krasa-glitter-4x8ml\/#primaryimage\"},\"image\":{\"@id\":\"https:\/\/hobstop.ee\/lv\/produkts\/sejas-krasa-glitter-4x8ml\/#primaryimage\"},\"thumbnailUrl\":\"https:\/\/hobstop.ee\/media\/1257.jpg\",\"datePublished\":\"2014-12-09T10:51:29+00:00\",\"dateModified\":\"2014-12-09T10:51:29+00:00\",\"breadcrumb\":{\"@id\":\"https:\/\/hobstop.ee\/lv\/produkts\/sejas-krasa-glitter-4x8ml\/#breadcrumb\"},\"inLanguage\":\"lv-LV\",\"potentialAction\":[{\"@type\":\"ReadAction\",\"target\":[\"https:\/\/hobstop.ee\/lv\/produkts\/sejas-krasa-glitter-4x8ml\/\"]}]},{\"@type\":\"ImageObject\",\"inLanguage\":\"lv-LV\",\"@id\":\"https:\/\/hobstop.ee\/lv\/produkts\/sejas-krasa-glitter-4x8ml\/#primaryimage\",\"url\":\"https:\/\/hobstop.ee\/media\/1257.jpg\",\"contentUrl\":\"https:\/\/hobstop.ee\/media\/1257.jpg\",\"width\":1024,\"height\":768},{\"@type\":\"BreadcrumbList\",\"@id\":\"https:\/\/hobstop.ee\/lv\/produkts\/sejas-krasa-glitter-4x8ml\/#breadcrumb\",\"itemListElement\":[{\"@type\":\"ListItem\",\"position\":1,\"name\":\"Avaleht\",\"item\":\"https:\/\/www.hobstop.ee\/lv\/\"},{\"@type\":\"ListItem\",\"position\":2,\"name\":\"Veikals\",\"item\":\"https:\/\/www.hobstop.ee\/lv\/veikals\/\"},{\"@type\":\"ListItem\",\"position\":3,\"name\":\"Sejas kr\u0101sa Glitter 4x8ml\"}]},{\"@type\":\"WebSite\",\"@id\":\"https:\/\/hobstop.ee\/lv\/#website\",\"url\":\"https:\/\/hobstop.ee\/lv\/\",\"name\":\"Skizze\",\"description\":\"M\u0101kslas, hobiju un skolas preces\",\"publisher\":{\"@id\":\"https:\/\/hobstop.ee\/lv\/#organization\"},\"potentialAction\":[{\"@type\":\"SearchAction\",\"target\":{\"@type\":\"EntryPoint\",\"urlTemplate\":\"https:\/\/hobstop.ee\/lv\/?s={search_term_string}\"},\"query-input\":{\"@type\":\"PropertyValueSpecification\",\"valueRequired\":true,\"valueName\":\"search_term_string\"}}],\"inLanguage\":\"lv-LV\"},{\"@type\":\"Organization\",\"@id\":\"https:\/\/hobstop.ee\/lv\/#organization\",\"name\":\"Vunder AS\",\"url\":\"https:\/\/hobstop.ee\/lv\/\",\"logo\":{\"@type\":\"ImageObject\",\"inLanguage\":\"lv-LV\",\"@id\":\"https:\/\/hobstop.ee\/lv\/#\/schema\/logo\/image\/\",\"url\":\"https:\/\/hobstop.ee\/media\/vunder-logo.png\",\"contentUrl\":\"https:\/\/hobstop.ee\/media\/vunder-logo.png\",\"width\":127,\"height\":55,\"caption\":\"Vunder AS\"},\"image\":{\"@id\":\"https:\/\/hobstop.ee\/lv\/#\/schema\/logo\/image\/\"},\"sameAs\":[\"http:\/\/www.facebook.com\/VunderSkizze\"]}]}<\/script>\n<!-- \/ Yoast SEO plugin. -->","yoast_head_json":{"title":"Sejas kr\u0101sa Glitter 4x8ml &#8211; Skizze","robots":{"index":"noindex","follow":"follow","max-snippet":"max-snippet:-1","max-image-preview":"max-image-preview:large","max-video-preview":"max-video-preview:-1"},"og_locale":"lv_LV","og_type":"article","og_title":"Sejas kr\u0101sa Glitter 4x8ml &#8211; Skizze","og_description":"Glitter g\u0113ls pie\u0161\u0137irs apgleznotai sejai mirdzo\u0161u efektu. Katrs sp\u012bdums ir \u012bpa\u0161i veidots, ar noapa\u013cotiem st\u016br\u012b\u0161iem t\u0101, lai uz sejas tas b\u016btu m\u012bksts un nerad\u012btu \u0101das boj\u0101jumus. Piem\u0113rots uzkl\u0101\u0161anai ar pirkstu vai oti\u0146u. Uzkl\u0101jot to uz pamatkr\u0101sas, vislab\u0101k to dar\u012bt ar viegli pli\u0137\u0113jo\u0161\u0101m kust\u012bb\u0101m.","og_url":"https:\/\/hobstop.ee\/lv\/produkts\/sejas-krasa-glitter-4x8ml\/","og_site_name":"Skizze","article_publisher":"http:\/\/www.facebook.com\/VunderSkizze","og_image":[{"width":1024,"height":768,"url":"https:\/\/hobstop.ee\/media\/1257.jpg","type":"image\/jpeg"}],"twitter_card":"summary_large_image","schema":{"@context":"https:\/\/schema.org","@graph":[{"@type":"WebPage","@id":"https:\/\/hobstop.ee\/lv\/produkts\/sejas-krasa-glitter-4x8ml\/","url":"https:\/\/hobstop.ee\/lv\/produkts\/sejas-krasa-glitter-4x8ml\/","name":"Sejas kr\u0101sa Glitter 4x8ml &#8211; Skizze","isPartOf":{"@id":"https:\/\/hobstop.ee\/lv\/#website"},"primaryImageOfPage":{"@id":"https:\/\/hobstop.ee\/lv\/produkts\/sejas-krasa-glitter-4x8ml\/#primaryimage"},"image":{"@id":"https:\/\/hobstop.ee\/lv\/produkts\/sejas-krasa-glitter-4x8ml\/#primaryimage"},"thumbnailUrl":"https:\/\/hobstop.ee\/media\/1257.jpg","datePublished":"2014-12-09T10:51:29+00:00","dateModified":"2014-12-09T10:51:29+00:00","breadcrumb":{"@id":"https:\/\/hobstop.ee\/lv\/produkts\/sejas-krasa-glitter-4x8ml\/#breadcrumb"},"inLanguage":"lv-LV","potentialAction":[{"@type":"ReadAction","target":["https:\/\/hobstop.ee\/lv\/produkts\/sejas-krasa-glitter-4x8ml\/"]}]},{"@type":"ImageObject","inLanguage":"lv-LV","@id":"https:\/\/hobstop.ee\/lv\/produkts\/sejas-krasa-glitter-4x8ml\/#primaryimage","url":"https:\/\/hobstop.ee\/media\/1257.jpg","contentUrl":"https:\/\/hobstop.ee\/media\/1257.jpg","width":1024,"height":768},{"@type":"BreadcrumbList","@id":"https:\/\/hobstop.ee\/lv\/produkts\/sejas-krasa-glitter-4x8ml\/#breadcrumb","itemListElement":[{"@type":"ListItem","position":1,"name":"Avaleht","item":"https:\/\/www.hobstop.ee\/lv\/"},{"@type":"ListItem","position":2,"name":"Veikals","item":"https:\/\/www.hobstop.ee\/lv\/veikals\/"},{"@type":"ListItem","position":3,"name":"Sejas kr\u0101sa Glitter 4x8ml"}]},{"@type":"WebSite","@id":"https:\/\/hobstop.ee\/lv\/#website","url":"https:\/\/hobstop.ee\/lv\/","name":"Skizze","description":"M\u0101kslas, hobiju un skolas preces","publisher":{"@id":"https:\/\/hobstop.ee\/lv\/#organization"},"potentialAction":[{"@type":"SearchAction","target":{"@type":"EntryPoint","urlTemplate":"https:\/\/hobstop.ee\/lv\/?s={search_term_string}"},"query-input":{"@type":"PropertyValueSpecification","valueRequired":true,"valueName":"search_term_string"}}],"inLanguage":"lv-LV"},{"@type":"Organization","@id":"https:\/\/hobstop.ee\/lv\/#organization","name":"Vunder AS","url":"https:\/\/hobstop.ee\/lv\/","logo":{"@type":"ImageObject","inLanguage":"lv-LV","@id":"https:\/\/hobstop.ee\/lv\/#\/schema\/logo\/image\/","url":"https:\/\/hobstop.ee\/media\/vunder-logo.png","contentUrl":"https:\/\/hobstop.ee\/media\/vunder-logo.png","width":127,"height":55,"caption":"Vunder AS"},"image":{"@id":"https:\/\/hobstop.ee\/lv\/#\/schema\/logo\/image\/"},"sameAs":["http:\/\/www.facebook.com\/VunderSkizze"]}]}},"_links":{"self":[{"href":"https:\/\/hobstop.ee\/lv\/wp-json\/wp\/v2\/product\/23457","targetHints":{"allow":["GET"]}}],"collection":[{"href":"https:\/\/hobstop.ee\/lv\/wp-json\/wp\/v2\/product"}],"about":[{"href":"https:\/\/hobstop.ee\/lv\/wp-json\/wp\/v2\/types\/product"}],"replies":[{"embeddable":true,"href":"https:\/\/hobstop.ee\/lv\/wp-json\/wp\/v2\/comments?post=23457"}],"wp:featuredmedia":[{"embeddable":true,"href":"https:\/\/hobstop.ee\/lv\/wp-json\/wp\/v2\/media\/102850"}],"wp:attachment":[{"href":"https:\/\/hobstop.ee\/lv\/wp-json\/wp\/v2\/media?parent=23457"}],"wp:term":[{"taxonomy":"product_cat","embeddable":true,"href":"https:\/\/hobstop.ee\/lv\/wp-json\/wp\/v2\/product_cat?post=23457"},{"taxonomy":"product_tag","embeddable":true,"href":"https:\/\/hobstop.ee\/lv\/wp-json\/wp\/v2\/product_tag?post=23457"}],"curies":[{"name":"wp","href":"https:\/\/api.w.org\/{rel}","templated":true}]}}