{"id":23526,"date":"2014-12-09T12:51:52","date_gmt":"2014-12-09T10:51:52","guid":{"rendered":"https:\/\/sharks.ee\/vunder_2019.klient.veebimajutus.ee\/?post_type=product&#038;p=23526"},"modified":"2014-12-09T12:51:52","modified_gmt":"2014-12-09T10:51:52","slug":"kartons-paspartu-canson-mi-teintes-1090g-80x120cm","status":"publish","type":"product","link":"https:\/\/hobstop.ee\/lv\/produkts\/kartons-paspartu-canson-mi-teintes-1090g-80x120cm\/","title":{"rendered":"Kartons paspart\u016b Canson Mi-Teintes 1090g 80x120cm"},"content":{"rendered":"<p>Canson Mi-Teintes z\u012bm\u0113\u0161anas pap\u012brs ar unik\u0101lu \u0161\u016bnu tekst\u016bru, vienkr\u0101sains vai l\u0101sumains, uzl\u012bm\u0113ts uz Canson Conservation kartona.  Canson Mi-Teintes paspart\u016b ir sk\u0101bes nesaturo\u0161s pap\u012brs, kura ilgm\u016b\u017e\u012bbas \u012bpa\u0161\u012bbas atbilst ISO 9706 standarta pras\u012bb\u0101m, un tas nodro\u0161ina optim\u0101lu darbu saglab\u0101\u0161anu. Paspart\u016b kartona pild\u012bjums ir \u013coti m\u012bksts, kas nodro\u0161ina vieglu t\u0101 grie\u0161anu 45\u00b0 le\u0146\u0137\u012b. Ide\u0101ls, stingrs materi\u0101ls z\u012bm\u0113\u0161anai ar paste\u013ckr\u0101s\u0101m vai ier\u0101m\u0113jamo darbu uzl\u012bm\u0113\u0161anai. Canson Mi-Teintes paspart\u016b ir daudzveid\u012bgi izmantojams produkts, kas piem\u0113rots gan m\u0101kslas darbu ier\u0101m\u0113\u0161anai (konserv\u0101cija, gaismas notur\u012bba, neitr\u0101las kr\u0101sas utt.), gan ier\u0101m\u0113juma dizaina noform\u0113\u0161anai (\u0161\u016bnu tekst\u016bra, ko\u0161as kr\u0101sas).<br \/>\nIde\u0101li piem\u0113rots: m\u0101kslas darbu ier\u0101m\u0113\u0161anai un ier\u0101m\u0113juma dizainam<\/p>\n","protected":false},"excerpt":{"rendered":"<p>Canson Mi-Teintes z\u012bm\u0113\u0161anas pap\u012brs ar unik\u0101lu \u0161\u016bnu tekst\u016bru, vienkr\u0101sains vai l\u0101sumains, uzl\u012bm\u0113ts uz Canson Conservation kartona. Canson Mi-Teintes paspart\u016b ir sk\u0101bes nesaturo\u0161s pap\u012brs, kura ilgm\u016b\u017e\u012bbas \u012bpa\u0161\u012bbas atbilst ISO 9706 standarta pras\u012bb\u0101m, un tas nodro\u0161ina optim\u0101lu darbu saglab\u0101\u0161anu. Paspart\u016b kartona pild\u012bjums ir \u013coti m\u012bksts, kas nodro\u0161ina vieglu t\u0101 grie\u0161anu 45\u00b0 le\u0146\u0137\u012b. Ide\u0101ls, stingrs materi\u0101ls z\u012bm\u0113\u0161anai ar paste\u013ckr\u0101s\u0101m vai ier\u0101m\u0113jamo darbu uzl\u012bm\u0113\u0161anai. Canson Mi-Teintes paspart\u016b ir daudzveid\u012bgi izmantojams produkts, kas piem\u0113rots gan m\u0101kslas darbu ier\u0101m\u0113\u0161anai (konserv\u0101cija, gaismas notur\u012bba, neitr\u0101las kr\u0101sas utt.), gan ier\u0101m\u0113juma dizaina noform\u0113\u0161anai (\u0161\u016bnu tekst\u016bra, ko\u0161as kr\u0101sas). Ide\u0101li piem\u0113rots: m\u0101kslas darbu ier\u0101m\u0113\u0161anai un ier\u0101m\u0113juma dizainam<\/p>\n","protected":false},"featured_media":102982,"comment_status":"closed","ping_status":"closed","template":"","meta":{"_acf_changed":false,"ep_exclude_from_search":false},"product_cat":[18943,17921,18454],"product_tag":[],"class_list":{"0":"post-23526","1":"product","2":"type-product","3":"status-publish","4":"has-post-thumbnail","6":"product_cat-makslas-papirs-un-kartons-2","7":"product_cat-papira-izstradajumi","8":"product_cat-paspartu-kartons","10":"first","11":"instock","12":"taxable","13":"shipping-taxable","14":"purchasable","15":"product-type-variable"},"acf":[],"yoast_head":"<!-- This site is optimized with the Yoast SEO plugin v24.1 - https:\/\/yoast.com\/wordpress\/plugins\/seo\/ -->\n<title>Kartons paspart\u016b Canson Mi-Teintes 1090g 80x120cm &#8211; Skizze<\/title>\n<meta name=\"robots\" content=\"noindex, follow, max-snippet:-1, max-image-preview:large, max-video-preview:-1\" \/>\n<meta property=\"og:locale\" content=\"lv_LV\" \/>\n<meta property=\"og:type\" content=\"article\" \/>\n<meta property=\"og:title\" content=\"Kartons paspart\u016b Canson Mi-Teintes 1090g 80x120cm &#8211; Skizze\" \/>\n<meta property=\"og:description\" content=\"Canson Mi-Teintes z\u012bm\u0113\u0161anas pap\u012brs ar unik\u0101lu \u0161\u016bnu tekst\u016bru, vienkr\u0101sains vai l\u0101sumains, uzl\u012bm\u0113ts uz Canson Conservation kartona. Canson Mi-Teintes paspart\u016b ir sk\u0101bes nesaturo\u0161s pap\u012brs, kura ilgm\u016b\u017e\u012bbas \u012bpa\u0161\u012bbas atbilst ISO 9706 standarta pras\u012bb\u0101m, un tas nodro\u0161ina optim\u0101lu darbu saglab\u0101\u0161anu. Paspart\u016b kartona pild\u012bjums ir \u013coti m\u012bksts, kas nodro\u0161ina vieglu t\u0101 grie\u0161anu 45\u00b0 le\u0146\u0137\u012b. Ide\u0101ls, stingrs materi\u0101ls z\u012bm\u0113\u0161anai ar paste\u013ckr\u0101s\u0101m vai ier\u0101m\u0113jamo darbu uzl\u012bm\u0113\u0161anai. Canson Mi-Teintes paspart\u016b ir daudzveid\u012bgi izmantojams produkts, kas piem\u0113rots gan m\u0101kslas darbu ier\u0101m\u0113\u0161anai (konserv\u0101cija, gaismas notur\u012bba, neitr\u0101las kr\u0101sas utt.), gan ier\u0101m\u0113juma dizaina noform\u0113\u0161anai (\u0161\u016bnu tekst\u016bra, ko\u0161as kr\u0101sas). Ide\u0101li piem\u0113rots: m\u0101kslas darbu ier\u0101m\u0113\u0161anai un ier\u0101m\u0113juma dizainam\" \/>\n<meta property=\"og:url\" content=\"https:\/\/hobstop.ee\/lv\/produkts\/kartons-paspartu-canson-mi-teintes-1090g-80x120cm\/\" \/>\n<meta property=\"og:site_name\" content=\"Skizze\" \/>\n<meta property=\"article:publisher\" content=\"http:\/\/www.facebook.com\/VunderSkizze\" \/>\n<meta property=\"og:image\" content=\"https:\/\/hobstop.ee\/media\/1361.jpg\" \/>\n\t<meta property=\"og:image:width\" content=\"1024\" \/>\n\t<meta property=\"og:image:height\" content=\"768\" \/>\n\t<meta property=\"og:image:type\" content=\"image\/jpeg\" \/>\n<meta name=\"twitter:card\" content=\"summary_large_image\" \/>\n<meta name=\"twitter:label1\" content=\"Est. reading time\" \/>\n\t<meta name=\"twitter:data1\" content=\"1 min\u016b\u0161u\" \/>\n<script type=\"application\/ld+json\" class=\"yoast-schema-graph\">{\"@context\":\"https:\/\/schema.org\",\"@graph\":[{\"@type\":\"WebPage\",\"@id\":\"https:\/\/hobstop.ee\/lv\/produkts\/kartons-paspartu-canson-mi-teintes-1090g-80x120cm\/\",\"url\":\"https:\/\/hobstop.ee\/lv\/produkts\/kartons-paspartu-canson-mi-teintes-1090g-80x120cm\/\",\"name\":\"Kartons paspart\u016b Canson Mi-Teintes 1090g 80x120cm &#8211; Skizze\",\"isPartOf\":{\"@id\":\"https:\/\/hobstop.ee\/lv\/#website\"},\"primaryImageOfPage\":{\"@id\":\"https:\/\/hobstop.ee\/lv\/produkts\/kartons-paspartu-canson-mi-teintes-1090g-80x120cm\/#primaryimage\"},\"image\":{\"@id\":\"https:\/\/hobstop.ee\/lv\/produkts\/kartons-paspartu-canson-mi-teintes-1090g-80x120cm\/#primaryimage\"},\"thumbnailUrl\":\"https:\/\/hobstop.ee\/media\/1361.jpg\",\"datePublished\":\"2014-12-09T10:51:52+00:00\",\"dateModified\":\"2014-12-09T10:51:52+00:00\",\"breadcrumb\":{\"@id\":\"https:\/\/hobstop.ee\/lv\/produkts\/kartons-paspartu-canson-mi-teintes-1090g-80x120cm\/#breadcrumb\"},\"inLanguage\":\"lv-LV\",\"potentialAction\":[{\"@type\":\"ReadAction\",\"target\":[\"https:\/\/hobstop.ee\/lv\/produkts\/kartons-paspartu-canson-mi-teintes-1090g-80x120cm\/\"]}]},{\"@type\":\"ImageObject\",\"inLanguage\":\"lv-LV\",\"@id\":\"https:\/\/hobstop.ee\/lv\/produkts\/kartons-paspartu-canson-mi-teintes-1090g-80x120cm\/#primaryimage\",\"url\":\"https:\/\/hobstop.ee\/media\/1361.jpg\",\"contentUrl\":\"https:\/\/hobstop.ee\/media\/1361.jpg\",\"width\":1024,\"height\":768},{\"@type\":\"BreadcrumbList\",\"@id\":\"https:\/\/hobstop.ee\/lv\/produkts\/kartons-paspartu-canson-mi-teintes-1090g-80x120cm\/#breadcrumb\",\"itemListElement\":[{\"@type\":\"ListItem\",\"position\":1,\"name\":\"Avaleht\",\"item\":\"https:\/\/www.hobstop.ee\/lv\/\"},{\"@type\":\"ListItem\",\"position\":2,\"name\":\"Veikals\",\"item\":\"https:\/\/www.hobstop.ee\/lv\/veikals\/\"},{\"@type\":\"ListItem\",\"position\":3,\"name\":\"Kartons paspart\u016b Canson Mi-Teintes 1090g 80x120cm\"}]},{\"@type\":\"WebSite\",\"@id\":\"https:\/\/hobstop.ee\/lv\/#website\",\"url\":\"https:\/\/hobstop.ee\/lv\/\",\"name\":\"Skizze\",\"description\":\"M\u0101kslas, hobiju un skolas preces\",\"publisher\":{\"@id\":\"https:\/\/hobstop.ee\/lv\/#organization\"},\"potentialAction\":[{\"@type\":\"SearchAction\",\"target\":{\"@type\":\"EntryPoint\",\"urlTemplate\":\"https:\/\/hobstop.ee\/lv\/?s={search_term_string}\"},\"query-input\":{\"@type\":\"PropertyValueSpecification\",\"valueRequired\":true,\"valueName\":\"search_term_string\"}}],\"inLanguage\":\"lv-LV\"},{\"@type\":\"Organization\",\"@id\":\"https:\/\/hobstop.ee\/lv\/#organization\",\"name\":\"Vunder AS\",\"url\":\"https:\/\/hobstop.ee\/lv\/\",\"logo\":{\"@type\":\"ImageObject\",\"inLanguage\":\"lv-LV\",\"@id\":\"https:\/\/hobstop.ee\/lv\/#\/schema\/logo\/image\/\",\"url\":\"https:\/\/hobstop.ee\/media\/vunder-logo.png\",\"contentUrl\":\"https:\/\/hobstop.ee\/media\/vunder-logo.png\",\"width\":127,\"height\":55,\"caption\":\"Vunder AS\"},\"image\":{\"@id\":\"https:\/\/hobstop.ee\/lv\/#\/schema\/logo\/image\/\"},\"sameAs\":[\"http:\/\/www.facebook.com\/VunderSkizze\"]}]}<\/script>\n<!-- \/ Yoast SEO plugin. -->","yoast_head_json":{"title":"Kartons paspart\u016b Canson Mi-Teintes 1090g 80x120cm &#8211; Skizze","robots":{"index":"noindex","follow":"follow","max-snippet":"max-snippet:-1","max-image-preview":"max-image-preview:large","max-video-preview":"max-video-preview:-1"},"og_locale":"lv_LV","og_type":"article","og_title":"Kartons paspart\u016b Canson Mi-Teintes 1090g 80x120cm &#8211; Skizze","og_description":"Canson Mi-Teintes z\u012bm\u0113\u0161anas pap\u012brs ar unik\u0101lu \u0161\u016bnu tekst\u016bru, vienkr\u0101sains vai l\u0101sumains, uzl\u012bm\u0113ts uz Canson Conservation kartona. Canson Mi-Teintes paspart\u016b ir sk\u0101bes nesaturo\u0161s pap\u012brs, kura ilgm\u016b\u017e\u012bbas \u012bpa\u0161\u012bbas atbilst ISO 9706 standarta pras\u012bb\u0101m, un tas nodro\u0161ina optim\u0101lu darbu saglab\u0101\u0161anu. Paspart\u016b kartona pild\u012bjums ir \u013coti m\u012bksts, kas nodro\u0161ina vieglu t\u0101 grie\u0161anu 45\u00b0 le\u0146\u0137\u012b. Ide\u0101ls, stingrs materi\u0101ls z\u012bm\u0113\u0161anai ar paste\u013ckr\u0101s\u0101m vai ier\u0101m\u0113jamo darbu uzl\u012bm\u0113\u0161anai. Canson Mi-Teintes paspart\u016b ir daudzveid\u012bgi izmantojams produkts, kas piem\u0113rots gan m\u0101kslas darbu ier\u0101m\u0113\u0161anai (konserv\u0101cija, gaismas notur\u012bba, neitr\u0101las kr\u0101sas utt.), gan ier\u0101m\u0113juma dizaina noform\u0113\u0161anai (\u0161\u016bnu tekst\u016bra, ko\u0161as kr\u0101sas). Ide\u0101li piem\u0113rots: m\u0101kslas darbu ier\u0101m\u0113\u0161anai un ier\u0101m\u0113juma dizainam","og_url":"https:\/\/hobstop.ee\/lv\/produkts\/kartons-paspartu-canson-mi-teintes-1090g-80x120cm\/","og_site_name":"Skizze","article_publisher":"http:\/\/www.facebook.com\/VunderSkizze","og_image":[{"width":1024,"height":768,"url":"https:\/\/hobstop.ee\/media\/1361.jpg","type":"image\/jpeg"}],"twitter_card":"summary_large_image","twitter_misc":{"Est. reading time":"1 min\u016b\u0161u"},"schema":{"@context":"https:\/\/schema.org","@graph":[{"@type":"WebPage","@id":"https:\/\/hobstop.ee\/lv\/produkts\/kartons-paspartu-canson-mi-teintes-1090g-80x120cm\/","url":"https:\/\/hobstop.ee\/lv\/produkts\/kartons-paspartu-canson-mi-teintes-1090g-80x120cm\/","name":"Kartons paspart\u016b Canson Mi-Teintes 1090g 80x120cm &#8211; Skizze","isPartOf":{"@id":"https:\/\/hobstop.ee\/lv\/#website"},"primaryImageOfPage":{"@id":"https:\/\/hobstop.ee\/lv\/produkts\/kartons-paspartu-canson-mi-teintes-1090g-80x120cm\/#primaryimage"},"image":{"@id":"https:\/\/hobstop.ee\/lv\/produkts\/kartons-paspartu-canson-mi-teintes-1090g-80x120cm\/#primaryimage"},"thumbnailUrl":"https:\/\/hobstop.ee\/media\/1361.jpg","datePublished":"2014-12-09T10:51:52+00:00","dateModified":"2014-12-09T10:51:52+00:00","breadcrumb":{"@id":"https:\/\/hobstop.ee\/lv\/produkts\/kartons-paspartu-canson-mi-teintes-1090g-80x120cm\/#breadcrumb"},"inLanguage":"lv-LV","potentialAction":[{"@type":"ReadAction","target":["https:\/\/hobstop.ee\/lv\/produkts\/kartons-paspartu-canson-mi-teintes-1090g-80x120cm\/"]}]},{"@type":"ImageObject","inLanguage":"lv-LV","@id":"https:\/\/hobstop.ee\/lv\/produkts\/kartons-paspartu-canson-mi-teintes-1090g-80x120cm\/#primaryimage","url":"https:\/\/hobstop.ee\/media\/1361.jpg","contentUrl":"https:\/\/hobstop.ee\/media\/1361.jpg","width":1024,"height":768},{"@type":"BreadcrumbList","@id":"https:\/\/hobstop.ee\/lv\/produkts\/kartons-paspartu-canson-mi-teintes-1090g-80x120cm\/#breadcrumb","itemListElement":[{"@type":"ListItem","position":1,"name":"Avaleht","item":"https:\/\/www.hobstop.ee\/lv\/"},{"@type":"ListItem","position":2,"name":"Veikals","item":"https:\/\/www.hobstop.ee\/lv\/veikals\/"},{"@type":"ListItem","position":3,"name":"Kartons paspart\u016b Canson Mi-Teintes 1090g 80x120cm"}]},{"@type":"WebSite","@id":"https:\/\/hobstop.ee\/lv\/#website","url":"https:\/\/hobstop.ee\/lv\/","name":"Skizze","description":"M\u0101kslas, hobiju un skolas preces","publisher":{"@id":"https:\/\/hobstop.ee\/lv\/#organization"},"potentialAction":[{"@type":"SearchAction","target":{"@type":"EntryPoint","urlTemplate":"https:\/\/hobstop.ee\/lv\/?s={search_term_string}"},"query-input":{"@type":"PropertyValueSpecification","valueRequired":true,"valueName":"search_term_string"}}],"inLanguage":"lv-LV"},{"@type":"Organization","@id":"https:\/\/hobstop.ee\/lv\/#organization","name":"Vunder AS","url":"https:\/\/hobstop.ee\/lv\/","logo":{"@type":"ImageObject","inLanguage":"lv-LV","@id":"https:\/\/hobstop.ee\/lv\/#\/schema\/logo\/image\/","url":"https:\/\/hobstop.ee\/media\/vunder-logo.png","contentUrl":"https:\/\/hobstop.ee\/media\/vunder-logo.png","width":127,"height":55,"caption":"Vunder AS"},"image":{"@id":"https:\/\/hobstop.ee\/lv\/#\/schema\/logo\/image\/"},"sameAs":["http:\/\/www.facebook.com\/VunderSkizze"]}]}},"_links":{"self":[{"href":"https:\/\/hobstop.ee\/lv\/wp-json\/wp\/v2\/product\/23526","targetHints":{"allow":["GET"]}}],"collection":[{"href":"https:\/\/hobstop.ee\/lv\/wp-json\/wp\/v2\/product"}],"about":[{"href":"https:\/\/hobstop.ee\/lv\/wp-json\/wp\/v2\/types\/product"}],"replies":[{"embeddable":true,"href":"https:\/\/hobstop.ee\/lv\/wp-json\/wp\/v2\/comments?post=23526"}],"wp:featuredmedia":[{"embeddable":true,"href":"https:\/\/hobstop.ee\/lv\/wp-json\/wp\/v2\/media\/102982"}],"wp:attachment":[{"href":"https:\/\/hobstop.ee\/lv\/wp-json\/wp\/v2\/media?parent=23526"}],"wp:term":[{"taxonomy":"product_cat","embeddable":true,"href":"https:\/\/hobstop.ee\/lv\/wp-json\/wp\/v2\/product_cat?post=23526"},{"taxonomy":"product_tag","embeddable":true,"href":"https:\/\/hobstop.ee\/lv\/wp-json\/wp\/v2\/product_tag?post=23526"}],"curies":[{"name":"wp","href":"https:\/\/api.w.org\/{rel}","templated":true}]}}